{"id":996,"date":"2016-02-15T13:48:19","date_gmt":"2016-02-15T12:48:19","guid":{"rendered":"http:\/\/chespa.eu\/ro\/polityka-w-zakresie-bezpieczenstwa-i-higieny-prac\/"},"modified":"2020-05-22T16:28:55","modified_gmt":"2020-05-22T14:28:55","slug":"polityka-w-zakresie-bezpieczenstwa-i-higieny-prac","status":"publish","type":"page","link":"https:\/\/www.chespa.eu\/ro\/polityka-w-zakresie-bezpieczenstwa-i-higieny-prac\/","title":{"rendered":"Politica privind s\u0103n\u0103tatea \u0219i siguran\u021ba"},"content":{"rendered":"<div><\/div>\n<div><\/div>\n<div>Chespa are o politic\u0103 de securitate \u0219i s\u0103n\u0103tate ocupa\u021bional\u0103, care \u00eendepline\u0219te toate prevederile legale \u0219i alte cerin\u021be, pentru a asigura \u00eembun\u0103t\u0103\u021birea continu\u0103 \u00een domeniul s\u0103n\u0103t\u0103\u021bii \u0219i siguran\u021bei.\u00cen acela\u0219i timp, Chespa se angajeaz\u0103 conduita permanent\u0103 \u0219i sistematic\u0103 a unor m\u0103suri preventive eficiente care s\u0103 ofere o stare adecvat\u0103 a s\u0103n\u0103t\u0103\u021bii \u0219i a siguran\u021bei \u00een toate locurile de munc\u0103.<\/div>\n<p>&nbsp;<\/p>\n<p>Ca parte a politicii duse de Chespa \u00een domeniul s\u0103n\u0103t\u0103\u021bii \u0219i securit\u0103\u021bii la locul de munc\u0103, compania \u0219i-a stabilit urm\u0103toarele obiective:<\/p>\n<p>1. \u00cembun\u0103t\u0103\u021bire consistent\u0103 a calific\u0103rilor \u00een domeniul s\u0103n\u0103t\u0103\u021bii \u0219i siguran\u021bei tuturor angaja\u021bilor, inclusiv punerea \u00een aplicare a prevenirii \u0219i a form\u0103rii obligatorii,<\/p>\n<p>2. Implicarea tuturor angaja\u021bilor \u00een activit\u0103\u021bi privind s\u0103n\u0103tatea \u0219i siguran\u021ba la locul de munc\u0103,<\/p>\n<p>3. Ofere servicii de \u00eengrijire medical\u0103 preventiv\u0103 medical\u0103 adecvat\u0103 pentru lucr\u0103tori, inclusiv efectuarea necesare controale medicale \u0219i recomand\u0103rile de prevenire care rezult\u0103 dinacest examen,<\/p>\n<p>4. Luare de m\u0103suri ample care vizeaz\u0103 prevenirea poten\u021bialelor accidente \u0219i riscuri profesionale \u0219i a bolilor profesionale,<\/p>\n<p>5. Monitorizarea periodic\u0103 a riscurilor \u0219i a \u00eentreprinderii la locul de munc\u0103 ac\u021biuni eficiente pentru a reduce aceste riscuri,<\/p>\n<p>6. Controlul actual al mediului de lucru s\u0103 il men\u021bin\u0103 la un nivel sigur,<\/p>\n<p>7. Face eforturi pentru \u00eembun\u0103t\u0103\u021birea continu\u0103 a siguran\u021bei \u0219i plasarea preocuparea pentru siguran\u021ba lucr\u0103torilor ca principiu.<\/p>\n<p>Compania va pune \u00een aplicare aceste sarcini, cu participarea activ\u0103 a tuturor angaja\u021bilor, oferind resursele necesare \u0219i de personal calificat la toate nivelurile de management.<\/p>\n<p>MANAGEMENTUL<\/p>\n<p>&nbsp;<\/p>\n<p><strong>Chorula, 20.11.2019<\/strong><\/p>\n","protected":false},"excerpt":{"rendered":"<p>Chespa are o politic\u0103 de securitate \u0219i s\u0103n\u0103tate ocupa\u021bional\u0103, care \u00eendepline\u0219te toate prevederile legale \u0219i alte cerin\u021be, pentru a asigura \u00eembun\u0103t\u0103\u021birea continu\u0103 \u00een domeniul s\u0103n\u0103t\u0103\u021bii \u0219i siguran\u021bei.\u00cen acela\u0219i timp, Chespa se angajeaz\u0103 conduita permanent\u0103 \u0219i sistematic\u0103 a unor m\u0103suri preventive eficiente care s\u0103 ofere o stare adecvat\u0103 a s\u0103n\u0103t\u0103\u021bii \u0219i a siguran\u021bei \u00een toate locurile [&hellip;]<\/p>\n","protected":false},"author":6,"featured_media":0,"parent":0,"menu_order":0,"comment_status":"closed","ping_status":"closed","template":"","meta":{"_acf_changed":false,"footnotes":""},"class_list":["post-996","page","type-page","status-publish","hentry"],"acf":[],"yoast_head":"<!-- This site is optimized with the Yoast SEO plugin v27.5 - https:\/\/yoast.com\/product\/yoast-seo-wordpress\/ -->\n<title>Politica privind s\u0103n\u0103tatea \u0219i siguran\u021ba - Chespa - printing inks, clichees, cutting dies<\/title>\n<meta name=\"robots\" content=\"index, follow, max-snippet:-1, max-image-preview:large, max-video-preview:-1\" \/>\n<link rel=\"canonical\" href=\"https:\/\/www.chespa.eu\/ro\/polityka-w-zakresie-bezpieczenstwa-i-higieny-prac\/\" \/>\n<meta property=\"og:locale\" content=\"ro_RO\" \/>\n<meta property=\"og:type\" content=\"article\" \/>\n<meta property=\"og:title\" content=\"Politica privind s\u0103n\u0103tatea \u0219i siguran\u021ba - Chespa - printing inks, clichees, cutting dies\" \/>\n<meta property=\"og:description\" content=\"Chespa are o politic\u0103 de securitate \u0219i s\u0103n\u0103tate ocupa\u021bional\u0103, care \u00eendepline\u0219te toate prevederile legale \u0219i alte cerin\u021be, pentru a asigura \u00eembun\u0103t\u0103\u021birea continu\u0103 \u00een domeniul s\u0103n\u0103t\u0103\u021bii \u0219i siguran\u021bei.\u00cen acela\u0219i timp, Chespa se angajeaz\u0103 conduita permanent\u0103 \u0219i sistematic\u0103 a unor m\u0103suri preventive eficiente care s\u0103 ofere o stare adecvat\u0103 a s\u0103n\u0103t\u0103\u021bii \u0219i a siguran\u021bei \u00een toate locurile [&hellip;]\" \/>\n<meta property=\"og:url\" content=\"https:\/\/www.chespa.eu\/ro\/polityka-w-zakresie-bezpieczenstwa-i-higieny-prac\/\" \/>\n<meta property=\"og:site_name\" content=\"Chespa - printing inks, clichees, cutting dies\" \/>\n<meta property=\"article:modified_time\" content=\"2020-05-22T14:28:55+00:00\" \/>\n<meta name=\"twitter:card\" content=\"summary_large_image\" \/>\n<meta name=\"twitter:label1\" content=\"Est. reading time\" \/>\n\t<meta name=\"twitter:data1\" content=\"1 minute\" \/>\n<script type=\"application\/ld+json\" class=\"yoast-schema-graph\">{\"@context\":\"https:\\\/\\\/schema.org\",\"@graph\":[{\"@type\":\"WebPage\",\"@id\":\"https:\\\/\\\/www.chespa.eu\\\/ro\\\/polityka-w-zakresie-bezpieczenstwa-i-higieny-prac\\\/\",\"url\":\"https:\\\/\\\/www.chespa.eu\\\/ro\\\/polityka-w-zakresie-bezpieczenstwa-i-higieny-prac\\\/\",\"name\":\"Politica privind s\u0103n\u0103tatea \u0219i siguran\u021ba - Chespa - printing inks, clichees, cutting dies\",\"isPartOf\":{\"@id\":\"https:\\\/\\\/www.chespa.eu\\\/#website\"},\"datePublished\":\"2016-02-15T12:48:19+00:00\",\"dateModified\":\"2020-05-22T14:28:55+00:00\",\"breadcrumb\":{\"@id\":\"https:\\\/\\\/www.chespa.eu\\\/ro\\\/polityka-w-zakresie-bezpieczenstwa-i-higieny-prac\\\/#breadcrumb\"},\"inLanguage\":\"ro-RO\",\"potentialAction\":[{\"@type\":\"ReadAction\",\"target\":[\"https:\\\/\\\/www.chespa.eu\\\/ro\\\/polityka-w-zakresie-bezpieczenstwa-i-higieny-prac\\\/\"]}]},{\"@type\":\"BreadcrumbList\",\"@id\":\"https:\\\/\\\/www.chespa.eu\\\/ro\\\/polityka-w-zakresie-bezpieczenstwa-i-higieny-prac\\\/#breadcrumb\",\"itemListElement\":[{\"@type\":\"ListItem\",\"position\":1,\"name\":\"Strona g\u0142\u00f3wna\",\"item\":\"https:\\\/\\\/www.chespa.eu\\\/\"},{\"@type\":\"ListItem\",\"position\":2,\"name\":\"Politica privind s\u0103n\u0103tatea \u0219i siguran\u021ba\"}]},{\"@type\":\"WebSite\",\"@id\":\"https:\\\/\\\/www.chespa.eu\\\/#website\",\"url\":\"https:\\\/\\\/www.chespa.eu\\\/\",\"name\":\"Chespa - printing inks, clichees, cutting dies\",\"description\":\"\",\"potentialAction\":[{\"@type\":\"SearchAction\",\"target\":{\"@type\":\"EntryPoint\",\"urlTemplate\":\"https:\\\/\\\/www.chespa.eu\\\/?s={search_term_string}\"},\"query-input\":{\"@type\":\"PropertyValueSpecification\",\"valueRequired\":true,\"valueName\":\"search_term_string\"}}],\"inLanguage\":\"ro-RO\"}]}<\/script>\n<!-- \/ Yoast SEO plugin. -->","yoast_head_json":{"title":"Politica privind s\u0103n\u0103tatea \u0219i siguran\u021ba - Chespa - printing inks, clichees, cutting dies","robots":{"index":"index","follow":"follow","max-snippet":"max-snippet:-1","max-image-preview":"max-image-preview:large","max-video-preview":"max-video-preview:-1"},"canonical":"https:\/\/www.chespa.eu\/ro\/polityka-w-zakresie-bezpieczenstwa-i-higieny-prac\/","og_locale":"ro_RO","og_type":"article","og_title":"Politica privind s\u0103n\u0103tatea \u0219i siguran\u021ba - Chespa - printing inks, clichees, cutting dies","og_description":"Chespa are o politic\u0103 de securitate \u0219i s\u0103n\u0103tate ocupa\u021bional\u0103, care \u00eendepline\u0219te toate prevederile legale \u0219i alte cerin\u021be, pentru a asigura \u00eembun\u0103t\u0103\u021birea continu\u0103 \u00een domeniul s\u0103n\u0103t\u0103\u021bii \u0219i siguran\u021bei.\u00cen acela\u0219i timp, Chespa se angajeaz\u0103 conduita permanent\u0103 \u0219i sistematic\u0103 a unor m\u0103suri preventive eficiente care s\u0103 ofere o stare adecvat\u0103 a s\u0103n\u0103t\u0103\u021bii \u0219i a siguran\u021bei \u00een toate locurile [&hellip;]","og_url":"https:\/\/www.chespa.eu\/ro\/polityka-w-zakresie-bezpieczenstwa-i-higieny-prac\/","og_site_name":"Chespa - printing inks, clichees, cutting dies","article_modified_time":"2020-05-22T14:28:55+00:00","twitter_card":"summary_large_image","twitter_misc":{"Est. reading time":"1 minute"},"schema":{"@context":"https:\/\/schema.org","@graph":[{"@type":"WebPage","@id":"https:\/\/www.chespa.eu\/ro\/polityka-w-zakresie-bezpieczenstwa-i-higieny-prac\/","url":"https:\/\/www.chespa.eu\/ro\/polityka-w-zakresie-bezpieczenstwa-i-higieny-prac\/","name":"Politica privind s\u0103n\u0103tatea \u0219i siguran\u021ba - Chespa - printing inks, clichees, cutting dies","isPartOf":{"@id":"https:\/\/www.chespa.eu\/#website"},"datePublished":"2016-02-15T12:48:19+00:00","dateModified":"2020-05-22T14:28:55+00:00","breadcrumb":{"@id":"https:\/\/www.chespa.eu\/ro\/polityka-w-zakresie-bezpieczenstwa-i-higieny-prac\/#breadcrumb"},"inLanguage":"ro-RO","potentialAction":[{"@type":"ReadAction","target":["https:\/\/www.chespa.eu\/ro\/polityka-w-zakresie-bezpieczenstwa-i-higieny-prac\/"]}]},{"@type":"BreadcrumbList","@id":"https:\/\/www.chespa.eu\/ro\/polityka-w-zakresie-bezpieczenstwa-i-higieny-prac\/#breadcrumb","itemListElement":[{"@type":"ListItem","position":1,"name":"Strona g\u0142\u00f3wna","item":"https:\/\/www.chespa.eu\/"},{"@type":"ListItem","position":2,"name":"Politica privind s\u0103n\u0103tatea \u0219i siguran\u021ba"}]},{"@type":"WebSite","@id":"https:\/\/www.chespa.eu\/#website","url":"https:\/\/www.chespa.eu\/","name":"Chespa - printing inks, clichees, cutting dies","description":"","potentialAction":[{"@type":"SearchAction","target":{"@type":"EntryPoint","urlTemplate":"https:\/\/www.chespa.eu\/?s={search_term_string}"},"query-input":{"@type":"PropertyValueSpecification","valueRequired":true,"valueName":"search_term_string"}}],"inLanguage":"ro-RO"}]}},"_links":{"self":[{"href":"https:\/\/www.chespa.eu\/ro\/wp-json\/wp\/v2\/pages\/996","targetHints":{"allow":["GET"]}}],"collection":[{"href":"https:\/\/www.chespa.eu\/ro\/wp-json\/wp\/v2\/pages"}],"about":[{"href":"https:\/\/www.chespa.eu\/ro\/wp-json\/wp\/v2\/types\/page"}],"author":[{"embeddable":true,"href":"https:\/\/www.chespa.eu\/ro\/wp-json\/wp\/v2\/users\/6"}],"replies":[{"embeddable":true,"href":"https:\/\/www.chespa.eu\/ro\/wp-json\/wp\/v2\/comments?post=996"}],"version-history":[{"count":11,"href":"https:\/\/www.chespa.eu\/ro\/wp-json\/wp\/v2\/pages\/996\/revisions"}],"predecessor-version":[{"id":13919,"href":"https:\/\/www.chespa.eu\/ro\/wp-json\/wp\/v2\/pages\/996\/revisions\/13919"}],"wp:attachment":[{"href":"https:\/\/www.chespa.eu\/ro\/wp-json\/wp\/v2\/media?parent=996"}],"curies":[{"name":"wp","href":"https:\/\/api.w.org\/{rel}","templated":true}]}}