{"id":982,"date":"2016-02-15T13:36:08","date_gmt":"2016-02-15T12:36:08","guid":{"rendered":"http:\/\/chespa.eu\/ro\/polityka-srodowiskowa-grupy-chespa\/"},"modified":"2018-01-30T12:49:11","modified_gmt":"2018-01-30T11:49:11","slug":"polityka-srodowiskowa-grupy-chespa","status":"publish","type":"page","link":"https:\/\/www.chespa.eu\/ro\/polityka-srodowiskowa-grupy-chespa\/","title":{"rendered":"Politica de mediu Grupul Chespa"},"content":{"rendered":"<p><a href=\"http:\/\/chespa.eu\/wp-content\/uploads\/2016\/02\/555.png\" rel=\"lightbox[982]\"><img loading=\"lazy\" decoding=\"async\" class=\"aligncenter size-full wp-image-360\" src=\"https:\/\/chespa.eu\/wp-content\/uploads\/2016\/02\/555.png\" alt=\"555\" width=\"149\" height=\"149\" \/><\/a><\/p>\n<p>&nbsp;<\/p>\n<p>\u00cen Grupul Chespa produc\u021bia \u0219i comercializarea de produse pentru industria tipografic\u0103 sunt efectuate \u00een conformitate cu cerin\u021bele de protec\u021bie a mediului.<\/p>\n<p>&nbsp;<\/p>\n<p><span style=\"color: #008000;\"><strong>Principalele obiective ale activit\u0103\u021bilor Grupului Chespa \u00een domeniul protec\u021biei mediului sunt:<\/strong><\/span><\/p>\n<ol>\n<li>Productia \u0219i livrarea produselor ecologice a cerin\u021belor de \u00eent\u00e2lnire de calitate \u0219i a\u0219tept\u0103rile clien\u021bilor no\u0219tri actuali \u0219i poten\u021biali.<\/li>\n<li>Reducerea sistematic\u0103 a impactului negativ al activit\u0103\u021bilor noastre asupra mediului, lu\u00e2nd ca punct de plecare legile \u0219i reglement\u0103rile \u00een vigoare.<\/li>\n<\/ol>\n<p><strong>Politica de mediu este pus\u0103 \u00een aplicare prin:<\/strong><\/p>\n<ul>\n<li>\u00eembun\u0103t\u0103\u021birea proceselor tehnologice, prin utilizarea celor mai moderne echipamente \u0219i modernizarea continu\u0103 a instala\u021biilor, \u00een vederea \u00eembun\u0103t\u0103\u021birii calit\u0103\u021bii produselor \u0219i pentru a reduce impactul asupra mediului al produc\u021biei noastre asupra mediului,<\/li>\n<li>fiind ghidat\u0103 de criteriile ecologice \u00een timpul punerii \u00een aplicare a noilor produse \u0219i actualizarea celor actuale,<\/li>\n<li>sensibilizarea mediului angaja\u021bilor prin formare sistematic\u0103 \u00een func\u021bie de necesit\u0103\u021bile sistemului de management de mediu,<\/li>\n<li>prevenirea polu\u0103rii, reducerea impactului negativ al activit\u0103\u021bilor asupra mediului,<\/li>\n<li>utilizarea ra\u021bional\u0103 a energiei, combustibil \u0219i materiale ecologice \u00een procesele de produc\u021bie,<\/li>\n<li>colectarea selectiv\u0103, stocarea \u0219i reducerea la minim cantitatea de de\u0219euri \u0219i transmi\u021b\u00e2ndu-le s\u0103 se specializeze \u0219i autorizate entit\u0103\u021bi externe,<\/li>\n<li>men\u021binerea \u0219i \u00eembun\u0103t\u0103\u021birea continu\u0103 a Sistemului de Management al Mediului in conformitate cu PN- EN ISO 14001: 2015.<\/li>\n<\/ul>\n<p><strong>Aceste obliga\u021bii sunt efectuate de c\u0103tre to\u021bi angaja\u021bii \u0219i conducerea Chespa Group.<\/strong><\/p>\n<p>MANAGEMENTUL<\/p>\n<p>03.01.2018<br \/>\nTrecerea \u00een revist\u0103 a documentului a fost f\u0103cut\u0103 la 03.01.2018.<\/p>\n","protected":false},"excerpt":{"rendered":"<p>&nbsp; \u00cen Grupul Chespa produc\u021bia \u0219i comercializarea de produse pentru industria tipografic\u0103 sunt efectuate \u00een conformitate cu cerin\u021bele de protec\u021bie a mediului. &nbsp; Principalele obiective ale activit\u0103\u021bilor Grupului Chespa \u00een domeniul protec\u021biei mediului sunt: Productia \u0219i livrarea produselor ecologice a cerin\u021belor de \u00eent\u00e2lnire de calitate \u0219i a\u0219tept\u0103rile clien\u021bilor no\u0219tri actuali \u0219i poten\u021biali. Reducerea sistematic\u0103 a [&hellip;]<\/p>\n","protected":false},"author":6,"featured_media":0,"parent":0,"menu_order":0,"comment_status":"closed","ping_status":"closed","template":"","meta":{"_acf_changed":false,"footnotes":""},"class_list":["post-982","page","type-page","status-publish","hentry"],"acf":[],"yoast_head":"<!-- This site is optimized with the Yoast SEO plugin v27.3 - https:\/\/yoast.com\/product\/yoast-seo-wordpress\/ -->\n<title>Politica de mediu Grupul Chespa - Chespa - printing inks, clichees, cutting dies<\/title>\n<meta name=\"robots\" content=\"index, follow, max-snippet:-1, max-image-preview:large, max-video-preview:-1\" \/>\n<link rel=\"canonical\" href=\"https:\/\/www.chespa.eu\/ro\/polityka-srodowiskowa-grupy-chespa\/\" \/>\n<meta property=\"og:locale\" content=\"ro_RO\" \/>\n<meta property=\"og:type\" content=\"article\" \/>\n<meta property=\"og:title\" content=\"Politica de mediu Grupul Chespa - Chespa - printing inks, clichees, cutting dies\" \/>\n<meta property=\"og:description\" content=\"&nbsp; \u00cen Grupul Chespa produc\u021bia \u0219i comercializarea de produse pentru industria tipografic\u0103 sunt efectuate \u00een conformitate cu cerin\u021bele de protec\u021bie a mediului. &nbsp; Principalele obiective ale activit\u0103\u021bilor Grupului Chespa \u00een domeniul protec\u021biei mediului sunt: Productia \u0219i livrarea produselor ecologice a cerin\u021belor de \u00eent\u00e2lnire de calitate \u0219i a\u0219tept\u0103rile clien\u021bilor no\u0219tri actuali \u0219i poten\u021biali. Reducerea sistematic\u0103 a [&hellip;]\" \/>\n<meta property=\"og:url\" content=\"https:\/\/www.chespa.eu\/ro\/polityka-srodowiskowa-grupy-chespa\/\" \/>\n<meta property=\"og:site_name\" content=\"Chespa - printing inks, clichees, cutting dies\" \/>\n<meta property=\"article:modified_time\" content=\"2018-01-30T11:49:11+00:00\" \/>\n<meta property=\"og:image\" content=\"http:\/\/chespa.eu\/wp-content\/uploads\/2016\/02\/555.png\" \/>\n<meta name=\"twitter:card\" content=\"summary_large_image\" \/>\n<meta name=\"twitter:label1\" content=\"Est. reading time\" \/>\n\t<meta name=\"twitter:data1\" content=\"1 minute\" \/>\n<script type=\"application\/ld+json\" class=\"yoast-schema-graph\">{\"@context\":\"https:\\\/\\\/schema.org\",\"@graph\":[{\"@type\":\"WebPage\",\"@id\":\"https:\\\/\\\/www.chespa.eu\\\/ro\\\/polityka-srodowiskowa-grupy-chespa\\\/\",\"url\":\"https:\\\/\\\/www.chespa.eu\\\/ro\\\/polityka-srodowiskowa-grupy-chespa\\\/\",\"name\":\"Politica de mediu Grupul Chespa - Chespa - printing inks, clichees, cutting dies\",\"isPartOf\":{\"@id\":\"https:\\\/\\\/www.chespa.eu\\\/#website\"},\"primaryImageOfPage\":{\"@id\":\"https:\\\/\\\/www.chespa.eu\\\/ro\\\/polityka-srodowiskowa-grupy-chespa\\\/#primaryimage\"},\"image\":{\"@id\":\"https:\\\/\\\/www.chespa.eu\\\/ro\\\/polityka-srodowiskowa-grupy-chespa\\\/#primaryimage\"},\"thumbnailUrl\":\"http:\\\/\\\/chespa.eu\\\/wp-content\\\/uploads\\\/2016\\\/02\\\/555.png\",\"datePublished\":\"2016-02-15T12:36:08+00:00\",\"dateModified\":\"2018-01-30T11:49:11+00:00\",\"breadcrumb\":{\"@id\":\"https:\\\/\\\/www.chespa.eu\\\/ro\\\/polityka-srodowiskowa-grupy-chespa\\\/#breadcrumb\"},\"inLanguage\":\"ro-RO\",\"potentialAction\":[{\"@type\":\"ReadAction\",\"target\":[\"https:\\\/\\\/www.chespa.eu\\\/ro\\\/polityka-srodowiskowa-grupy-chespa\\\/\"]}]},{\"@type\":\"ImageObject\",\"inLanguage\":\"ro-RO\",\"@id\":\"https:\\\/\\\/www.chespa.eu\\\/ro\\\/polityka-srodowiskowa-grupy-chespa\\\/#primaryimage\",\"url\":\"http:\\\/\\\/chespa.eu\\\/wp-content\\\/uploads\\\/2016\\\/02\\\/555.png\",\"contentUrl\":\"http:\\\/\\\/chespa.eu\\\/wp-content\\\/uploads\\\/2016\\\/02\\\/555.png\"},{\"@type\":\"BreadcrumbList\",\"@id\":\"https:\\\/\\\/www.chespa.eu\\\/ro\\\/polityka-srodowiskowa-grupy-chespa\\\/#breadcrumb\",\"itemListElement\":[{\"@type\":\"ListItem\",\"position\":1,\"name\":\"Strona g\u0142\u00f3wna\",\"item\":\"https:\\\/\\\/www.chespa.eu\\\/\"},{\"@type\":\"ListItem\",\"position\":2,\"name\":\"Politica de mediu Grupul Chespa\"}]},{\"@type\":\"WebSite\",\"@id\":\"https:\\\/\\\/www.chespa.eu\\\/#website\",\"url\":\"https:\\\/\\\/www.chespa.eu\\\/\",\"name\":\"Chespa - printing inks, clichees, cutting dies\",\"description\":\"\",\"potentialAction\":[{\"@type\":\"SearchAction\",\"target\":{\"@type\":\"EntryPoint\",\"urlTemplate\":\"https:\\\/\\\/www.chespa.eu\\\/?s={search_term_string}\"},\"query-input\":{\"@type\":\"PropertyValueSpecification\",\"valueRequired\":true,\"valueName\":\"search_term_string\"}}],\"inLanguage\":\"ro-RO\"}]}<\/script>\n<!-- \/ Yoast SEO plugin. -->","yoast_head_json":{"title":"Politica de mediu Grupul Chespa - Chespa - printing inks, clichees, cutting dies","robots":{"index":"index","follow":"follow","max-snippet":"max-snippet:-1","max-image-preview":"max-image-preview:large","max-video-preview":"max-video-preview:-1"},"canonical":"https:\/\/www.chespa.eu\/ro\/polityka-srodowiskowa-grupy-chespa\/","og_locale":"ro_RO","og_type":"article","og_title":"Politica de mediu Grupul Chespa - Chespa - printing inks, clichees, cutting dies","og_description":"&nbsp; \u00cen Grupul Chespa produc\u021bia \u0219i comercializarea de produse pentru industria tipografic\u0103 sunt efectuate \u00een conformitate cu cerin\u021bele de protec\u021bie a mediului. &nbsp; Principalele obiective ale activit\u0103\u021bilor Grupului Chespa \u00een domeniul protec\u021biei mediului sunt: Productia \u0219i livrarea produselor ecologice a cerin\u021belor de \u00eent\u00e2lnire de calitate \u0219i a\u0219tept\u0103rile clien\u021bilor no\u0219tri actuali \u0219i poten\u021biali. Reducerea sistematic\u0103 a [&hellip;]","og_url":"https:\/\/www.chespa.eu\/ro\/polityka-srodowiskowa-grupy-chespa\/","og_site_name":"Chespa - printing inks, clichees, cutting dies","article_modified_time":"2018-01-30T11:49:11+00:00","og_image":[{"url":"http:\/\/chespa.eu\/wp-content\/uploads\/2016\/02\/555.png","type":"","width":"","height":""}],"twitter_card":"summary_large_image","twitter_misc":{"Est. reading time":"1 minute"},"schema":{"@context":"https:\/\/schema.org","@graph":[{"@type":"WebPage","@id":"https:\/\/www.chespa.eu\/ro\/polityka-srodowiskowa-grupy-chespa\/","url":"https:\/\/www.chespa.eu\/ro\/polityka-srodowiskowa-grupy-chespa\/","name":"Politica de mediu Grupul Chespa - Chespa - printing inks, clichees, cutting dies","isPartOf":{"@id":"https:\/\/www.chespa.eu\/#website"},"primaryImageOfPage":{"@id":"https:\/\/www.chespa.eu\/ro\/polityka-srodowiskowa-grupy-chespa\/#primaryimage"},"image":{"@id":"https:\/\/www.chespa.eu\/ro\/polityka-srodowiskowa-grupy-chespa\/#primaryimage"},"thumbnailUrl":"http:\/\/chespa.eu\/wp-content\/uploads\/2016\/02\/555.png","datePublished":"2016-02-15T12:36:08+00:00","dateModified":"2018-01-30T11:49:11+00:00","breadcrumb":{"@id":"https:\/\/www.chespa.eu\/ro\/polityka-srodowiskowa-grupy-chespa\/#breadcrumb"},"inLanguage":"ro-RO","potentialAction":[{"@type":"ReadAction","target":["https:\/\/www.chespa.eu\/ro\/polityka-srodowiskowa-grupy-chespa\/"]}]},{"@type":"ImageObject","inLanguage":"ro-RO","@id":"https:\/\/www.chespa.eu\/ro\/polityka-srodowiskowa-grupy-chespa\/#primaryimage","url":"http:\/\/chespa.eu\/wp-content\/uploads\/2016\/02\/555.png","contentUrl":"http:\/\/chespa.eu\/wp-content\/uploads\/2016\/02\/555.png"},{"@type":"BreadcrumbList","@id":"https:\/\/www.chespa.eu\/ro\/polityka-srodowiskowa-grupy-chespa\/#breadcrumb","itemListElement":[{"@type":"ListItem","position":1,"name":"Strona g\u0142\u00f3wna","item":"https:\/\/www.chespa.eu\/"},{"@type":"ListItem","position":2,"name":"Politica de mediu Grupul Chespa"}]},{"@type":"WebSite","@id":"https:\/\/www.chespa.eu\/#website","url":"https:\/\/www.chespa.eu\/","name":"Chespa - printing inks, clichees, cutting dies","description":"","potentialAction":[{"@type":"SearchAction","target":{"@type":"EntryPoint","urlTemplate":"https:\/\/www.chespa.eu\/?s={search_term_string}"},"query-input":{"@type":"PropertyValueSpecification","valueRequired":true,"valueName":"search_term_string"}}],"inLanguage":"ro-RO"}]}},"_links":{"self":[{"href":"https:\/\/www.chespa.eu\/ro\/wp-json\/wp\/v2\/pages\/982","targetHints":{"allow":["GET"]}}],"collection":[{"href":"https:\/\/www.chespa.eu\/ro\/wp-json\/wp\/v2\/pages"}],"about":[{"href":"https:\/\/www.chespa.eu\/ro\/wp-json\/wp\/v2\/types\/page"}],"author":[{"embeddable":true,"href":"https:\/\/www.chespa.eu\/ro\/wp-json\/wp\/v2\/users\/6"}],"replies":[{"embeddable":true,"href":"https:\/\/www.chespa.eu\/ro\/wp-json\/wp\/v2\/comments?post=982"}],"version-history":[{"count":7,"href":"https:\/\/www.chespa.eu\/ro\/wp-json\/wp\/v2\/pages\/982\/revisions"}],"predecessor-version":[{"id":7680,"href":"https:\/\/www.chespa.eu\/ro\/wp-json\/wp\/v2\/pages\/982\/revisions\/7680"}],"wp:attachment":[{"href":"https:\/\/www.chespa.eu\/ro\/wp-json\/wp\/v2\/media?parent=982"}],"curies":[{"name":"wp","href":"https:\/\/api.w.org\/{rel}","templated":true}]}}