{"id":969,"date":"2015-12-09T10:36:14","date_gmt":"2015-12-09T09:36:14","guid":{"rendered":"http:\/\/chespa.eu\/ro\/polityka-prywatnosci\/"},"modified":"2023-03-29T14:57:09","modified_gmt":"2023-03-29T12:57:09","slug":"polityka-prywatnosci","status":"publish","type":"page","link":"https:\/\/www.chespa.eu\/ro\/polityka-prywatnosci\/","title":{"rendered":"Politica de confiden\u021bialitate, GDPR"},"content":{"rendered":"<h3><strong>Politica de confiden\u021bialitate a paginii de internet &#8220;Chespa&#8221;<\/strong><\/h3>\n<p>&nbsp;<\/p>\n<p><strong>1. DEFINI\u021aII<\/strong><\/p>\n<p>\u201dAdministrator\u201d &#8211; administratorul paginii de internet \u201cChespa\u201d (www.chespa.eu) este Chespa Sp z o. o., cu sediul social la adresa: 47-316 Chorula, ul. Opolska 10 A, num\u0103rul NIP (num\u0103r na\u021bional de identificare fiscal\u0103) 755-18-20-932 \u0219i num\u0103rul REGON (num\u0103r \u00een registrul activit\u0103\u021bilor economice) 532341367; Co-administratorul datelor este Grupul Chespa.<\/p>\n<p>Utilizator &#8211; o entitate cu ajutorul serviciului, serviciul de telecomunica\u021bii sau de a solicita furnizarea unor astfel de servicii;<\/p>\n<p>&#8220;Pagin\u0103 de internet&#8221; &#8211; un document HTML (un fi\u0219ier text care poate fi citit de un browser) pus la dispozi\u021bie pe Internet de un server WWW.<\/p>\n<p>&#8220;Server web&#8221; &#8211; un grup de pagini de internet interconectate, \u00een vederea extinderii func\u021bionalit\u0103\u021bii, care opereaz\u0103 pe domeniul www.chespa.eu.<br \/>\n&#8220;Utilizator&#8221; &#8211; o entitate care utilizeaz\u0103 Site-ul, serviciile de telecomunica\u021bii sau care solicit\u0103 furnizarea unui astfel de serviciu.<\/p>\n<p>&#8220;Echipament terminal&#8221; &#8211; echipament de telecomunica\u021bii conceput pentru a conectarea, direct\u0103 sau indirect\u0103, la termina\u021biile de re\u021bea.<\/p>\n<p>&#8220;Fi\u0219iere tip Cookie&#8221; &#8211; reprezint\u0103 date IT, \u00een special fi\u0219iere text de mici dimensiuni, \u00eenregistrate \u0219i stocate pe echipamentul terminal al utilizatorului prin intermediul c\u0103ruia utilizatorul utilizeaz\u0103 paginile de internet din cadrul Site-ului.<\/p>\n<p>&#8220;Date&#8221; &#8211; tot con\u021binutul \u0219i informa\u021biile furnizate de utilizatori cu scopul utiliz\u0103rii formularului de contact, \u00een special: nume, prenume, adres\u0103 de e-mail, fotografii, post\u0103ri, comentarii.<\/p>\n<p>&#8220;Operatorii Serverului&#8221; &#8211; Entit\u0103\u021bile care nu sunt Administratorul \u0219i care efectueaz\u0103 lucr\u0103rile de \u00eentre\u021binere pe serverele Administratorului, precum \u0219i care sprijin\u0103 administrarea Serverelor Administratorului (Z-Technology) sau care sprijin\u0103 administrarea serverului web \u00een numele Administratorului (Netkoncept.com) \u0219i care sprijin\u0103 organizarea de seminarii web \u00een numele Administratorului (Web-Projekt, Panolive).<\/p>\n<p>&nbsp;<\/p>\n<p><strong>2. INFORMA\u021aII GENERALE<\/strong><\/p>\n<p>Utilizarea Serverului este condi\u021bionat\u0103 de cunoa\u0219terea con\u021binutului prezentului regulament.<br \/>\nPrin utilizarea Serverului web, Utilizatorul este de acord cu con\u021binutul prezentului regulament \u0219i se angajeaz\u0103 s\u0103 aplice regulile stabilite \u00een cadrul acestuia.<br \/>\nServerul ob\u021bine informa\u021bii despre Utilizatori \u0219i despre comportamentul acestora prin urm\u0103toarele mijloace:<br \/>\nprin intermediul informa\u021biilor introduse \u00een mod voluntar de c\u0103tre Utilizatori \u00een formularele de pe paginile de internet din cadrul Serverului;<br \/>\nprin intermediul fi\u0219ierelor de tip cookie stocate automat pe echipamentele terminale.<\/p>\n<p><strong>3. INFORMA\u021aIILE DIN FORMULARE<br \/>\n<\/strong><\/p>\n<p>Serverul colecteaz\u0103 Datele furnizate \u00een mod voluntar de c\u0103tre Utilizator \u00een formularul de contact disponibil pe pagina de internet.<br \/>\nDatele colectate sunt prelucrate \u00een scopul care rezult\u0103 din func\u021bia formularului, acestea fiind utilizate pentru comunicarea dintre Utilizator \u0219i Administrator \u0219i pentru stabilirea raporturilor de drept civil (de exemplu, un contract de \u00eenchiriere).<br \/>\n\u00cen plus fa\u021b\u0103 de datele con\u021binute \u00een formularul de contact, Serverul poate stoca informa\u021bii despre parametrii de conectare, \u00een special data \u0219i ora conexiunii, precum \u0219i adresa IP a utilizatorului.<br \/>\nDatele con\u021binute \u00een formulare pot fi furnizate entit\u0103\u021bilor care implementeaz\u0103 din punct de vedere tehnic anumite servicii, de exemplu, servicii de plat\u0103 sau altor entit\u0103\u021bi cu care operatorul Serverului web sau Administratorul colaboreaz\u0103.<\/p>\n<p><strong>4. INFORMA\u021aII PRIVIND FI\u0218IERE DE TIP COOKIE<\/strong><\/p>\n<p>Serverul folose\u0219te fi\u0219iere de tip cookie.<br \/>\nFi\u0219ierele de tip cookie sunt date IT, \u00een special fi\u0219iere text, care sunt stocate \u00een echipamentul terminal al Utilizatorului \u0219i sunt destinate utiliz\u0103rii paginilor de internet. Fi\u0219ierele cookie con\u021bin, de obicei, denumirea paginii de internet de pe care provin, perioada de timp pentru care sunt stocate pe echipamentul terminal \u0219i un num\u0103r unic.<br \/>\nEntitatea care plaseaz\u0103 fi\u0219iere cookie pe echipamentul terminal al Utilizatorului Serverului \u0219i care le acceseaz\u0103 este Administratorul (fi\u0219ierele cookie ale Administratorului).<br \/>\nFi\u0219ierele cookie sunt utilizate \u00een urm\u0103toarele scopuri:<br \/>\n\u2013 crearea de statistici \u00een vedere \u00een\u021belegerii modului \u00een care Utilizatorii Serverului folosesc paginile de internet, astfel \u00eenc\u00e2t s\u0103 poat\u0103 \u00eembun\u0103t\u0103\u021bi structura \u0219i con\u021binutul acestuia;<br \/>\n-men\u021binerea sesiunii Utilizatorului (dup\u0103 conectare), astfel \u00eenc\u00e2t Utilizatorul s\u0103 nu fie nevoit s\u0103 \u00ee\u0219i reintroduc\u0103 numele de utilizator \u0219i parola pe fiecare pagin\u0103 de internet a Serverului (func\u021bia &#8220;\u021bine-m\u0103 minte&#8221;);<br \/>\n&#8211; definirea profilului Utilizatorului \u00een vederea afi\u0219\u0103rii de materiale personalizate pentru acesta.<br \/>\n\u00cen cadrul Serverului sunt stocate dou\u0103 tipuri principale de fi\u0219iere cookie: &#8220;session&#8221; (cookie-uri de sesiune) \u0219i &#8220;permanent&#8221; (cookie-uri persistente). Cookie-urile &#8220;de sesiune&#8221; sunt fi\u0219iere temporare care sunt stocate pe echipamentul terminal al Utilizatorului p\u00e2n\u0103 c\u00e2nd acesta se deconecteaz\u0103, p\u0103r\u0103se\u0219te pagina de internet sau opre\u0219te software-ul (browserul web).<br \/>\nCookie-urile &#8220;permanente&#8221; sunt stocate pe dispozitivul terminal al Utilizatorului pentru perioada de timp specificat\u0103 \u00een parametrii cookie-urilor sau p\u00e2n\u0103 c\u00e2nd sunt \u0219terse de c\u0103tre Utilizator.<br \/>\nSoftware-ul de navigare pe internet (browser web) permite \u00een mod implicit stocarea de fi\u0219iere cookie pe dispozitivul terminal al Utilizatorului.<br \/>\nSoftware-ul de navigare pe internet (browser web) permite \u00een mod implicit stocarea de fi\u0219iere cookie pe dispozitivul terminal al Utilizatorului. Utilizatorii paginilor de internet \u00ee\u0219i pot modifica set\u0103rile \u00een acest sens. Browserul de internet permite \u0219tergerea cookie-urilor. De asemenea, este posibil\u0103 blocarea automat\u0103 a fi\u0219ierelor de tip cookie. Pentru detalii, consulta\u021bi rubrica ajutor sau documenta\u021bia aferent\u0103 browserului dumneavoastr\u0103 de internet.<br \/>\nFaptul c\u0103 Utilizatorul nu blocheaz\u0103 cookie-urile sau nu modific\u0103 set\u0103rile browserului s\u0103u implic\u0103 consim\u021b\u0103m\u00e2ntul s\u0103u pentru utilizarea fi\u0219ierelor de tip cookie.<br \/>\nRestric\u021biile privind utilizarea fi\u0219ierelor de tip cookie pot afecta unele dintre func\u021bionalit\u0103\u021bile paginilor de internet din cadrul Serverului.<br \/>\nCookie-urile plasate \u00een dispozitivul terminal al Utilizatorului Serverului pot fi utilizate \u0219i de c\u0103tre agen\u021biile de publicitate \u0219i partenerii care colaboreaz\u0103 cu operatorul Serverului (a\u0219a-numitele cookie-uri externe).<br \/>\nCookie-urile pot fi utilizate de re\u021belele de publicitate, \u00een special de re\u021beaua Google, pentru a afi\u0219a reclame adaptate la modul \u00een care Serverul este folosit de c\u0103tre Utilizator. \u00cen acest scop, acestea pot re\u021bine informa\u021bii despre calea de navigare a Utilizatorului sau timpul petrecut pe o anumit\u0103 pagin\u0103.<br \/>\n\u00cen ceea ce prive\u0219te informa\u021biile privind preferin\u021bele utilizatorului, colectate de re\u021beaua de publicitate Google, Utilizatorul poate vizualiza \u0219i edita informa\u021biile rezultate din fi\u0219ierele de tip cookie cu ajutorul instrumentului: https:\/\/www.google.com\/ads\/preferences\/. Pentru a afla mai multe despre utilizarea cookie-urilor utilizate \u00een statistici, pute\u021bi consulta documentul: Politica de confiden\u021bialitate Google Analytics.<\/p>\n<p>Elementele \u00eencorporate \u00eentr-o pagin\u0103 de internet sub forma unor elemente realizate cu ajutorul tehnologiei Flash pot utiliza, de asemenea, fi\u0219iere cookie (a\u0219a-numitele Flash Cookies), f\u0103r\u0103 implicarea Administratorului. Compania Adobe, dezvoltatorul tehnologiei Flash, ofer\u0103 informa\u021bii despre cum s\u0103 elimina\u021bi \u0219i s\u0103 dezactiva\u021bi fi\u0219ierele Flash cookies \u00een anumite domenii. Detalii pot fi g\u0103site pe pagina Flash Player security and privacy. V\u0103 rug\u0103m s\u0103 re\u021bine\u021bi c\u0103 restric\u021bionarea utiliz\u0103rii fi\u0219ierelor Flash cookies poate afecta performan\u021ba aplica\u021biilor bazate pe tehnologia Flash.<\/p>\n<p><strong>5. JURNALELE DE SERVER<\/strong><\/p>\n<p>Informa\u021biile despre anumite comportamente ale utilizatorilor sunt \u00eenregistrate la nivelul serverului. Aceste date sunt utilizate exclusiv pentru administrarea paginii de internet \u0219i pentru asigurarea bunei func\u021bion\u0103ri a serviciilor de gosting furnizate.<br \/>\nResursele vizualizate sunt identificate prin adrese URL. \u00cen plus, pot fi \u00eenregistrate urm\u0103toarele:<br \/>\n\u2013 ora primirii cererii,<br \/>\n\u2013 ora trimiterii r\u0103spunsului,<br \/>\n\u2013 denumirea sta\u021biei clientului \u2013 identificarea prin intermediul protocolului HTTP,<br \/>\n\u2013 informa\u021bii privind erorile care au ap\u0103rut \u00een timpul realiz\u0103rii tranzac\u021biilor HTTP,<br \/>\n\u2013 adresa URL a unei pagini vizitate anterior de c\u0103tre utilizator (referrer link), \u00een cazul \u00een care Severul web este accesat prin intermediul unui link,<br \/>\n\u2013 informa\u021bii despre browserul dumneavoastr\u0103,<br \/>\n\u2013 Informa\u021bii privind adresele IP \u0219i MAC.<br \/>\nDatele de mai sus nu sunt asociate cu vizitatori specifici.<\/p>\n<p><strong>6. DISPOZI\u021aII SUPLIMENTARE<\/strong><\/p>\n<p>Datele pot fi puse la dispozi\u021bia unor entit\u0103\u021bi externe numai \u00een limitele legii. Datele care identific\u0103 o persoan\u0103 pot fi partajate numai cu consim\u021b\u0103m\u00e2ntul persoanei respective.<br \/>\nAdministratorul poate furniza informa\u021biile colectate de c\u0103tre Server autorit\u0103\u021bilor publice autorizate \u00een cazul \u00een care obliga\u021bia de a furniza aceste informa\u021bii rezult\u0103 din legisla\u021bia aplicabil\u0103.<br \/>\nAdministratorul poate \u0219terge subcontul sau datele persoanelor men\u021bionate la alineatul (4) punctul 5 \u00een cazul \u00een care ob\u021bine informa\u021bii fiabile potrivit c\u0103rora datele au fost plasate f\u0103r\u0103 consim\u021b\u0103m\u00e2ntul persoanei \u00een cauz\u0103 sau cu \u00eenc\u0103lcarea legii.<br \/>\nAdministratorul depune toate eforturile rezonabile pentru a preveni accesul neautorizat la contul utilizatorului \u0219i pentru a proteja \u00een mod corespunz\u0103tor datele stocate.<br \/>\nAdministratorul nu va fi considerat responsabil pentru niciun con\u021binut postat pe Server de c\u0103tre Utilizatori.<br \/>\nAdministratorul are dreptul de a \u0219terge datele care afecteaz\u0103 bunurile sau drepturile altor entit\u0103\u021bi, care sunt \u00een mod evident false, care con\u021bin cuvinte vulgare sau jignitoare sau care sunt, \u00een alt mod, contrare legii sau principiilor de convie\u021buire social\u0103.<br \/>\nAdministratorul nu este responsabil pentru orice imposibilitate temporar\u0103 de a utiliza Serverul, \u00een special din cauza lucr\u0103rilor de modernizare, a c\u0103derilor de re\u021bea etc.<br \/>\nOrice comentarii, \u00eentreb\u0103ri sau obiec\u021bii cu privire la utilizarea sau func\u021bionarea Serverului trebuie trimise prin e-mail, utiliz\u00e2nd formularul de contact \u0219i select\u00e2nd destinatarul: Chespa &#8211; Sediul central.<br \/>\nEste, de asemenea, posibil s\u0103 trimite\u021bi o solicitare privind Protec\u021bia datelor cu caracter personal prin intermediul formularului de contact \u0219i prin selectarea destinatarului: GDPR.<br \/>\nAve\u021bi, de asemenea, dreptul de a depune o pl\u00e2ngere la Pre\u0219edintele Oficiului pentru protec\u021bia datelor.<br \/>\nV\u0103 inform\u0103m c\u0103 ave\u021bi dreptul de a solicita: accesul la datele dumneavoastr\u0103 personale, rectificarea, \u0219tergerea, restric\u021bionarea prelucr\u0103rii sau de a v\u0103 opune prelucr\u0103rii datelor dumneavoastr\u0103 personale, transferul datelor dvs. personale c\u0103tre o alt\u0103 entitate. V\u0103 pute\u021bi retrage \u00een orice moment consim\u021b\u0103m\u00e2ntul pentru prelucrarea datelor dumneavoastr\u0103 cu caracter personal. Retragerea consim\u021b\u0103m\u00e2ntului nu afecteaz\u0103 legalitatea prelucr\u0103rii efectuate pe baza consim\u021b\u0103m\u00e2ntului \u00eenainte de retragerea acestuia. V\u0103 rug\u0103m s\u0103 ne contacta\u021bi prin intermediul formularului de contact \u0219i s\u0103 selecta\u021bi destinatarul: GDPR.<br \/>\nAdministratorul are dreptul de a modifica prezentul regulament \u00een orice moment, f\u0103r\u0103 a fi nevoie s\u0103 informeze Utilizatorii. Regulamentul modificat va fi publicat f\u0103r\u0103 \u00eent\u00e2rziere pe Server.<\/p>\n<h3>&#8212;&#8212;&#8212;<\/h3>\n<h3><strong>GDPR:<\/strong><\/h3>\n<ul>\n<li><a href=\"https:\/\/www.chespa.eu\/ro\/rodo-klauzula-klient\/\">Clauza de informare pentru Client<\/a><\/li>\n<li><a href=\"https:\/\/www.chespa.eu\/ro\/rodo-klauzula-kontrahent\/\">Clauza de informare pentru Contractan\u021bi<\/a><\/li>\n<li><a href=\"https:\/\/www.chespa.eu\/ro\/rodo-klauzula-chespa-design-center\/\">Clauza de informare pentru pagina \u201cChespa Design Center\u201d \u0219i \u201cComenzi Vopsea\u201d<\/a><\/li>\n<li><a href=\"https:\/\/www.chespa.eu\/ro\/rodo-klauzula-marketing\/\">Clauza de informare pentru procesul de marketing<\/a><\/li>\n<li><a href=\"https:\/\/www.chespa.eu\/ro\/rodo-klauzula-szkolenia-sympozja-akademia\/\">Clauza de informare pentru participan\u021bii \u00een cadrul cursurilor de formare, Simpozioanelor \u0219i Academiilor<\/a><\/li>\n<li><a href=\"https:\/\/www.chespa.eu\/ro\/rodo-klauzula-projekt-innowacyjny\/\">Clauza de informare pentru candida\u021bii la un proiect de inovare<\/a><\/li>\n<li><a href=\"https:\/\/www.chespa.eu\/ro\/gdpr-clauza-pentru-procesul-de-reclamatii\/\">Clauza pentru procesul de reclama\u021bii<\/a><\/li>\n<li><a href=\"https:\/\/www.chespa.eu\/ro\/rodo-klauzula-konkurs-cpd\/\">Clauza de informare pentru participan\u021bii \u00een cadrul concursului CPD<\/a><\/li>\n<li><a href=\"https:\/\/www.chespa.eu\/ro\/rodo-klauzula-rekrutacja\/\">Clauza de informare pentru procesul de recrutare<\/a><\/li>\n<li><a href=\"https:\/\/www.chespa.eu\/ro\/rodo-formularz-kontaktowy\/\">Formular de contact<\/a><\/li>\n<\/ul>\n","protected":false},"excerpt":{"rendered":"<p>Politica de confiden\u021bialitate a paginii de internet &#8220;Chespa&#8221; &nbsp; 1. DEFINI\u021aII \u201dAdministrator\u201d &#8211; administratorul paginii de internet \u201cChespa\u201d (www.chespa.eu) este Chespa Sp z o. o., cu sediul social la adresa: 47-316 Chorula, ul. Opolska 10 A, num\u0103rul NIP (num\u0103r na\u021bional de identificare fiscal\u0103) 755-18-20-932 \u0219i num\u0103rul REGON (num\u0103r \u00een registrul activit\u0103\u021bilor economice) 532341367; Co-administratorul datelor [&hellip;]<\/p>\n","protected":false},"author":6,"featured_media":15293,"parent":0,"menu_order":0,"comment_status":"closed","ping_status":"closed","template":"","meta":{"_acf_changed":false,"footnotes":""},"class_list":["post-969","page","type-page","status-publish","has-post-thumbnail","hentry"],"acf":[],"yoast_head":"<!-- This site is optimized with the Yoast SEO plugin v27.4 - https:\/\/yoast.com\/product\/yoast-seo-wordpress\/ -->\n<title>Politica de confiden\u021bialitate, GDPR - Chespa - printing inks, clichees, cutting dies<\/title>\n<meta name=\"robots\" content=\"index, follow, max-snippet:-1, max-image-preview:large, max-video-preview:-1\" \/>\n<link rel=\"canonical\" href=\"https:\/\/www.chespa.eu\/ro\/polityka-prywatnosci\/\" \/>\n<meta property=\"og:locale\" content=\"ro_RO\" \/>\n<meta property=\"og:type\" content=\"article\" \/>\n<meta property=\"og:title\" content=\"Politica de confiden\u021bialitate, GDPR - Chespa - printing inks, clichees, cutting dies\" \/>\n<meta property=\"og:description\" content=\"Politica de confiden\u021bialitate a paginii de internet &#8220;Chespa&#8221; &nbsp; 1. DEFINI\u021aII \u201dAdministrator\u201d &#8211; administratorul paginii de internet \u201cChespa\u201d (www.chespa.eu) este Chespa Sp z o. o., cu sediul social la adresa: 47-316 Chorula, ul. Opolska 10 A, num\u0103rul NIP (num\u0103r na\u021bional de identificare fiscal\u0103) 755-18-20-932 \u0219i num\u0103rul REGON (num\u0103r \u00een registrul activit\u0103\u021bilor economice) 532341367; Co-administratorul datelor [&hellip;]\" \/>\n<meta property=\"og:url\" content=\"https:\/\/www.chespa.eu\/ro\/polityka-prywatnosci\/\" \/>\n<meta property=\"og:site_name\" content=\"Chespa - printing inks, clichees, cutting dies\" \/>\n<meta property=\"article:modified_time\" content=\"2023-03-29T12:57:09+00:00\" \/>\n<meta property=\"og:image\" content=\"https:\/\/www.chespa.eu\/wp-content\/uploads\/2021\/03\/budynek.jpg\" \/>\n\t<meta property=\"og:image:width\" content=\"1920\" \/>\n\t<meta property=\"og:image:height\" content=\"295\" \/>\n\t<meta property=\"og:image:type\" content=\"image\/jpeg\" \/>\n<meta name=\"twitter:card\" content=\"summary_large_image\" \/>\n<meta name=\"twitter:label1\" content=\"Est. reading time\" \/>\n\t<meta name=\"twitter:data1\" content=\"10 minutes\" \/>\n<script type=\"application\/ld+json\" class=\"yoast-schema-graph\">{\"@context\":\"https:\\\/\\\/schema.org\",\"@graph\":[{\"@type\":\"WebPage\",\"@id\":\"https:\\\/\\\/www.chespa.eu\\\/ro\\\/polityka-prywatnosci\\\/\",\"url\":\"https:\\\/\\\/www.chespa.eu\\\/ro\\\/polityka-prywatnosci\\\/\",\"name\":\"Politica de confiden\u021bialitate, GDPR - Chespa - printing inks, clichees, cutting dies\",\"isPartOf\":{\"@id\":\"https:\\\/\\\/www.chespa.eu\\\/#website\"},\"primaryImageOfPage\":{\"@id\":\"https:\\\/\\\/www.chespa.eu\\\/ro\\\/polityka-prywatnosci\\\/#primaryimage\"},\"image\":{\"@id\":\"https:\\\/\\\/www.chespa.eu\\\/ro\\\/polityka-prywatnosci\\\/#primaryimage\"},\"thumbnailUrl\":\"https:\\\/\\\/www.chespa.eu\\\/wp-content\\\/uploads\\\/2021\\\/03\\\/budynek.jpg\",\"datePublished\":\"2015-12-09T09:36:14+00:00\",\"dateModified\":\"2023-03-29T12:57:09+00:00\",\"breadcrumb\":{\"@id\":\"https:\\\/\\\/www.chespa.eu\\\/ro\\\/polityka-prywatnosci\\\/#breadcrumb\"},\"inLanguage\":\"ro-RO\",\"potentialAction\":[{\"@type\":\"ReadAction\",\"target\":[\"https:\\\/\\\/www.chespa.eu\\\/ro\\\/polityka-prywatnosci\\\/\"]}]},{\"@type\":\"ImageObject\",\"inLanguage\":\"ro-RO\",\"@id\":\"https:\\\/\\\/www.chespa.eu\\\/ro\\\/polityka-prywatnosci\\\/#primaryimage\",\"url\":\"https:\\\/\\\/www.chespa.eu\\\/wp-content\\\/uploads\\\/2021\\\/03\\\/budynek.jpg\",\"contentUrl\":\"https:\\\/\\\/www.chespa.eu\\\/wp-content\\\/uploads\\\/2021\\\/03\\\/budynek.jpg\",\"width\":1920,\"height\":295},{\"@type\":\"BreadcrumbList\",\"@id\":\"https:\\\/\\\/www.chespa.eu\\\/ro\\\/polityka-prywatnosci\\\/#breadcrumb\",\"itemListElement\":[{\"@type\":\"ListItem\",\"position\":1,\"name\":\"Strona g\u0142\u00f3wna\",\"item\":\"https:\\\/\\\/www.chespa.eu\\\/\"},{\"@type\":\"ListItem\",\"position\":2,\"name\":\"Politica de confiden\u021bialitate, GDPR\"}]},{\"@type\":\"WebSite\",\"@id\":\"https:\\\/\\\/www.chespa.eu\\\/#website\",\"url\":\"https:\\\/\\\/www.chespa.eu\\\/\",\"name\":\"Chespa - printing inks, clichees, cutting dies\",\"description\":\"\",\"potentialAction\":[{\"@type\":\"SearchAction\",\"target\":{\"@type\":\"EntryPoint\",\"urlTemplate\":\"https:\\\/\\\/www.chespa.eu\\\/?s={search_term_string}\"},\"query-input\":{\"@type\":\"PropertyValueSpecification\",\"valueRequired\":true,\"valueName\":\"search_term_string\"}}],\"inLanguage\":\"ro-RO\"}]}<\/script>\n<!-- \/ Yoast SEO plugin. -->","yoast_head_json":{"title":"Politica de confiden\u021bialitate, GDPR - Chespa - printing inks, clichees, cutting dies","robots":{"index":"index","follow":"follow","max-snippet":"max-snippet:-1","max-image-preview":"max-image-preview:large","max-video-preview":"max-video-preview:-1"},"canonical":"https:\/\/www.chespa.eu\/ro\/polityka-prywatnosci\/","og_locale":"ro_RO","og_type":"article","og_title":"Politica de confiden\u021bialitate, GDPR - Chespa - printing inks, clichees, cutting dies","og_description":"Politica de confiden\u021bialitate a paginii de internet &#8220;Chespa&#8221; &nbsp; 1. DEFINI\u021aII \u201dAdministrator\u201d &#8211; administratorul paginii de internet \u201cChespa\u201d (www.chespa.eu) este Chespa Sp z o. o., cu sediul social la adresa: 47-316 Chorula, ul. Opolska 10 A, num\u0103rul NIP (num\u0103r na\u021bional de identificare fiscal\u0103) 755-18-20-932 \u0219i num\u0103rul REGON (num\u0103r \u00een registrul activit\u0103\u021bilor economice) 532341367; Co-administratorul datelor [&hellip;]","og_url":"https:\/\/www.chespa.eu\/ro\/polityka-prywatnosci\/","og_site_name":"Chespa - printing inks, clichees, cutting dies","article_modified_time":"2023-03-29T12:57:09+00:00","og_image":[{"width":1920,"height":295,"url":"https:\/\/www.chespa.eu\/wp-content\/uploads\/2021\/03\/budynek.jpg","type":"image\/jpeg"}],"twitter_card":"summary_large_image","twitter_misc":{"Est. reading time":"10 minutes"},"schema":{"@context":"https:\/\/schema.org","@graph":[{"@type":"WebPage","@id":"https:\/\/www.chespa.eu\/ro\/polityka-prywatnosci\/","url":"https:\/\/www.chespa.eu\/ro\/polityka-prywatnosci\/","name":"Politica de confiden\u021bialitate, GDPR - Chespa - printing inks, clichees, cutting dies","isPartOf":{"@id":"https:\/\/www.chespa.eu\/#website"},"primaryImageOfPage":{"@id":"https:\/\/www.chespa.eu\/ro\/polityka-prywatnosci\/#primaryimage"},"image":{"@id":"https:\/\/www.chespa.eu\/ro\/polityka-prywatnosci\/#primaryimage"},"thumbnailUrl":"https:\/\/www.chespa.eu\/wp-content\/uploads\/2021\/03\/budynek.jpg","datePublished":"2015-12-09T09:36:14+00:00","dateModified":"2023-03-29T12:57:09+00:00","breadcrumb":{"@id":"https:\/\/www.chespa.eu\/ro\/polityka-prywatnosci\/#breadcrumb"},"inLanguage":"ro-RO","potentialAction":[{"@type":"ReadAction","target":["https:\/\/www.chespa.eu\/ro\/polityka-prywatnosci\/"]}]},{"@type":"ImageObject","inLanguage":"ro-RO","@id":"https:\/\/www.chespa.eu\/ro\/polityka-prywatnosci\/#primaryimage","url":"https:\/\/www.chespa.eu\/wp-content\/uploads\/2021\/03\/budynek.jpg","contentUrl":"https:\/\/www.chespa.eu\/wp-content\/uploads\/2021\/03\/budynek.jpg","width":1920,"height":295},{"@type":"BreadcrumbList","@id":"https:\/\/www.chespa.eu\/ro\/polityka-prywatnosci\/#breadcrumb","itemListElement":[{"@type":"ListItem","position":1,"name":"Strona g\u0142\u00f3wna","item":"https:\/\/www.chespa.eu\/"},{"@type":"ListItem","position":2,"name":"Politica de confiden\u021bialitate, GDPR"}]},{"@type":"WebSite","@id":"https:\/\/www.chespa.eu\/#website","url":"https:\/\/www.chespa.eu\/","name":"Chespa - printing inks, clichees, cutting dies","description":"","potentialAction":[{"@type":"SearchAction","target":{"@type":"EntryPoint","urlTemplate":"https:\/\/www.chespa.eu\/?s={search_term_string}"},"query-input":{"@type":"PropertyValueSpecification","valueRequired":true,"valueName":"search_term_string"}}],"inLanguage":"ro-RO"}]}},"_links":{"self":[{"href":"https:\/\/www.chespa.eu\/ro\/wp-json\/wp\/v2\/pages\/969","targetHints":{"allow":["GET"]}}],"collection":[{"href":"https:\/\/www.chespa.eu\/ro\/wp-json\/wp\/v2\/pages"}],"about":[{"href":"https:\/\/www.chespa.eu\/ro\/wp-json\/wp\/v2\/types\/page"}],"author":[{"embeddable":true,"href":"https:\/\/www.chespa.eu\/ro\/wp-json\/wp\/v2\/users\/6"}],"replies":[{"embeddable":true,"href":"https:\/\/www.chespa.eu\/ro\/wp-json\/wp\/v2\/comments?post=969"}],"version-history":[{"count":9,"href":"https:\/\/www.chespa.eu\/ro\/wp-json\/wp\/v2\/pages\/969\/revisions"}],"predecessor-version":[{"id":17175,"href":"https:\/\/www.chespa.eu\/ro\/wp-json\/wp\/v2\/pages\/969\/revisions\/17175"}],"wp:featuredmedia":[{"embeddable":true,"href":"https:\/\/www.chespa.eu\/ro\/wp-json\/wp\/v2\/media\/15293"}],"wp:attachment":[{"href":"https:\/\/www.chespa.eu\/ro\/wp-json\/wp\/v2\/media?parent=969"}],"curies":[{"name":"wp","href":"https:\/\/api.w.org\/{rel}","templated":true}]}}