{"id":956,"date":"2016-02-15T10:23:28","date_gmt":"2016-02-15T09:23:28","guid":{"rendered":"http:\/\/chespa.eu\/ro\/podloza-elastyczne\/"},"modified":"2023-03-16T12:44:42","modified_gmt":"2023-03-16T11:44:42","slug":"podloza-elastyczne","status":"publish","type":"page","link":"https:\/\/www.chespa.eu\/ro\/produse\/placi-de-imprimare\/podloza-elastyczne\/","title":{"rendered":"SUBSTRATURI FLEXIBILE"},"content":{"rendered":"<p><strong>Substraturile flexibile <\/strong>reprezint\u0103 un termen amplu care cuprinde toate tipurile de materiale tip\u0103rite sub form\u0103 de \u00a0band\u0103\/panglic\u0103. Acestea includ: cartonul pentru produc\u021bia de pahare, dar \u0219i h\u00e2rtia pentru \u0219erve\u021bele (tissue), h\u00e2rtia pentru saci, h\u00e2rtia decorativ\u0103. Aici se \u00eencadreaz\u0103, de asemenea, \u0219i folia de plastic \u0219i de aluminiu.\u00a0\u00cen acest caz se utilizeaz\u0103 grosimi de cli\u0219ee de la 0,76 la 3,94 mm,<\/p>\n<p>\u00een func\u021bie de tipul de substrat, echipamentul de imprimare, modelul, cerneala \u0219i sunt considera\u021bi \u0219i al\u021bi parametri precum: duritate, rezisten\u021b\u0103, umectare.<\/p>\n<p>Pentru produc\u0103torii de produse de &#8220;igien\u0103&#8221; (prosoape de h\u00e2rtie, \u0219erve\u021bele, batiste de h\u00e2rtie, etc.), oferim posibilitatea de lipire a cli\u0219eelor pe cilindrii furniza\u021bi &#8211; sleeves, chiar \u0219i cu o l\u0103\u021bime de 3,5m.<\/p>\n","protected":false},"excerpt":{"rendered":"<p>Substraturile flexibile reprezint\u0103 un termen amplu care cuprinde toate tipurile de materiale tip\u0103rite sub form\u0103 de \u00a0band\u0103\/panglic\u0103. Acestea includ: cartonul pentru produc\u021bia de pahare, dar \u0219i h\u00e2rtia pentru \u0219erve\u021bele (tissue), h\u00e2rtia pentru saci, h\u00e2rtia decorativ\u0103. Aici se \u00eencadreaz\u0103, de asemenea, \u0219i folia de plastic \u0219i de aluminiu.\u00a0\u00cen acest caz se utilizeaz\u0103 grosimi de cli\u0219ee de [&hellip;]<\/p>\n","protected":false},"author":6,"featured_media":9551,"parent":18800,"menu_order":0,"comment_status":"closed","ping_status":"closed","template":"","meta":{"_acf_changed":false,"footnotes":""},"class_list":["post-956","page","type-page","status-publish","has-post-thumbnail","hentry"],"acf":[],"yoast_head":"<!-- This site is optimized with the Yoast SEO plugin v27.3 - https:\/\/yoast.com\/product\/yoast-seo-wordpress\/ -->\n<title>SUBSTRATURI FLEXIBILE - Chespa - printing inks, clichees, cutting dies<\/title>\n<meta name=\"robots\" content=\"index, follow, max-snippet:-1, max-image-preview:large, max-video-preview:-1\" \/>\n<link rel=\"canonical\" href=\"https:\/\/www.chespa.eu\/ro\/podloza-elastyczne\/\" \/>\n<meta property=\"og:locale\" content=\"ro_RO\" \/>\n<meta property=\"og:type\" content=\"article\" \/>\n<meta property=\"og:title\" content=\"SUBSTRATURI FLEXIBILE - Chespa - printing inks, clichees, cutting dies\" \/>\n<meta property=\"og:description\" content=\"Substraturile flexibile reprezint\u0103 un termen amplu care cuprinde toate tipurile de materiale tip\u0103rite sub form\u0103 de \u00a0band\u0103\/panglic\u0103. Acestea includ: cartonul pentru produc\u021bia de pahare, dar \u0219i h\u00e2rtia pentru \u0219erve\u021bele (tissue), h\u00e2rtia pentru saci, h\u00e2rtia decorativ\u0103. Aici se \u00eencadreaz\u0103, de asemenea, \u0219i folia de plastic \u0219i de aluminiu.\u00a0\u00cen acest caz se utilizeaz\u0103 grosimi de cli\u0219ee de [&hellip;]\" \/>\n<meta property=\"og:url\" content=\"https:\/\/www.chespa.eu\/ro\/podloza-elastyczne\/\" \/>\n<meta property=\"og:site_name\" content=\"Chespa - printing inks, clichees, cutting dies\" \/>\n<meta property=\"article:modified_time\" content=\"2023-03-16T11:44:42+00:00\" \/>\n<meta property=\"og:image\" content=\"https:\/\/www.chespa.eu\/wp-content\/uploads\/2016\/08\/klisze.jpg\" \/>\n\t<meta property=\"og:image:width\" content=\"1920\" \/>\n\t<meta property=\"og:image:height\" content=\"295\" \/>\n\t<meta property=\"og:image:type\" content=\"image\/jpeg\" \/>\n<meta name=\"twitter:card\" content=\"summary_large_image\" \/>\n<meta name=\"twitter:label1\" content=\"Est. reading time\" \/>\n\t<meta name=\"twitter:data1\" content=\"1 minute\" \/>\n<script type=\"application\/ld+json\" class=\"yoast-schema-graph\">{\"@context\":\"https:\\\/\\\/schema.org\",\"@graph\":[{\"@type\":\"WebPage\",\"@id\":\"https:\\\/\\\/www.chespa.eu\\\/ro\\\/podloza-elastyczne\\\/\",\"url\":\"https:\\\/\\\/www.chespa.eu\\\/ro\\\/podloza-elastyczne\\\/\",\"name\":\"SUBSTRATURI FLEXIBILE - Chespa - printing inks, clichees, cutting dies\",\"isPartOf\":{\"@id\":\"https:\\\/\\\/www.chespa.eu\\\/#website\"},\"primaryImageOfPage\":{\"@id\":\"https:\\\/\\\/www.chespa.eu\\\/ro\\\/podloza-elastyczne\\\/#primaryimage\"},\"image\":{\"@id\":\"https:\\\/\\\/www.chespa.eu\\\/ro\\\/podloza-elastyczne\\\/#primaryimage\"},\"thumbnailUrl\":\"https:\\\/\\\/www.chespa.eu\\\/wp-content\\\/uploads\\\/2016\\\/08\\\/klisze.jpg\",\"datePublished\":\"2016-02-15T09:23:28+00:00\",\"dateModified\":\"2023-03-16T11:44:42+00:00\",\"breadcrumb\":{\"@id\":\"https:\\\/\\\/www.chespa.eu\\\/ro\\\/podloza-elastyczne\\\/#breadcrumb\"},\"inLanguage\":\"ro-RO\",\"potentialAction\":[{\"@type\":\"ReadAction\",\"target\":[\"https:\\\/\\\/www.chespa.eu\\\/ro\\\/podloza-elastyczne\\\/\"]}]},{\"@type\":\"ImageObject\",\"inLanguage\":\"ro-RO\",\"@id\":\"https:\\\/\\\/www.chespa.eu\\\/ro\\\/podloza-elastyczne\\\/#primaryimage\",\"url\":\"https:\\\/\\\/www.chespa.eu\\\/wp-content\\\/uploads\\\/2016\\\/08\\\/klisze.jpg\",\"contentUrl\":\"https:\\\/\\\/www.chespa.eu\\\/wp-content\\\/uploads\\\/2016\\\/08\\\/klisze.jpg\",\"width\":1920,\"height\":295,\"caption\":\"klisze fotopolimerowe Chespa\"},{\"@type\":\"BreadcrumbList\",\"@id\":\"https:\\\/\\\/www.chespa.eu\\\/ro\\\/podloza-elastyczne\\\/#breadcrumb\",\"itemListElement\":[{\"@type\":\"ListItem\",\"position\":1,\"name\":\"Strona g\u0142\u00f3wna\",\"item\":\"https:\\\/\\\/www.chespa.eu\\\/\"},{\"@type\":\"ListItem\",\"position\":2,\"name\":\"SUBSTRATURI FLEXIBILE\"}]},{\"@type\":\"WebSite\",\"@id\":\"https:\\\/\\\/www.chespa.eu\\\/#website\",\"url\":\"https:\\\/\\\/www.chespa.eu\\\/\",\"name\":\"Chespa - printing inks, clichees, cutting dies\",\"description\":\"\",\"potentialAction\":[{\"@type\":\"SearchAction\",\"target\":{\"@type\":\"EntryPoint\",\"urlTemplate\":\"https:\\\/\\\/www.chespa.eu\\\/?s={search_term_string}\"},\"query-input\":{\"@type\":\"PropertyValueSpecification\",\"valueRequired\":true,\"valueName\":\"search_term_string\"}}],\"inLanguage\":\"ro-RO\"}]}<\/script>\n<!-- \/ Yoast SEO plugin. -->","yoast_head_json":{"title":"SUBSTRATURI FLEXIBILE - Chespa - printing inks, clichees, cutting dies","robots":{"index":"index","follow":"follow","max-snippet":"max-snippet:-1","max-image-preview":"max-image-preview:large","max-video-preview":"max-video-preview:-1"},"canonical":"https:\/\/www.chespa.eu\/ro\/podloza-elastyczne\/","og_locale":"ro_RO","og_type":"article","og_title":"SUBSTRATURI FLEXIBILE - Chespa - printing inks, clichees, cutting dies","og_description":"Substraturile flexibile reprezint\u0103 un termen amplu care cuprinde toate tipurile de materiale tip\u0103rite sub form\u0103 de \u00a0band\u0103\/panglic\u0103. Acestea includ: cartonul pentru produc\u021bia de pahare, dar \u0219i h\u00e2rtia pentru \u0219erve\u021bele (tissue), h\u00e2rtia pentru saci, h\u00e2rtia decorativ\u0103. Aici se \u00eencadreaz\u0103, de asemenea, \u0219i folia de plastic \u0219i de aluminiu.\u00a0\u00cen acest caz se utilizeaz\u0103 grosimi de cli\u0219ee de [&hellip;]","og_url":"https:\/\/www.chespa.eu\/ro\/podloza-elastyczne\/","og_site_name":"Chespa - printing inks, clichees, cutting dies","article_modified_time":"2023-03-16T11:44:42+00:00","og_image":[{"width":1920,"height":295,"url":"https:\/\/www.chespa.eu\/wp-content\/uploads\/2016\/08\/klisze.jpg","type":"image\/jpeg"}],"twitter_card":"summary_large_image","twitter_misc":{"Est. reading time":"1 minute"},"schema":{"@context":"https:\/\/schema.org","@graph":[{"@type":"WebPage","@id":"https:\/\/www.chespa.eu\/ro\/podloza-elastyczne\/","url":"https:\/\/www.chespa.eu\/ro\/podloza-elastyczne\/","name":"SUBSTRATURI FLEXIBILE - Chespa - printing inks, clichees, cutting dies","isPartOf":{"@id":"https:\/\/www.chespa.eu\/#website"},"primaryImageOfPage":{"@id":"https:\/\/www.chespa.eu\/ro\/podloza-elastyczne\/#primaryimage"},"image":{"@id":"https:\/\/www.chespa.eu\/ro\/podloza-elastyczne\/#primaryimage"},"thumbnailUrl":"https:\/\/www.chespa.eu\/wp-content\/uploads\/2016\/08\/klisze.jpg","datePublished":"2016-02-15T09:23:28+00:00","dateModified":"2023-03-16T11:44:42+00:00","breadcrumb":{"@id":"https:\/\/www.chespa.eu\/ro\/podloza-elastyczne\/#breadcrumb"},"inLanguage":"ro-RO","potentialAction":[{"@type":"ReadAction","target":["https:\/\/www.chespa.eu\/ro\/podloza-elastyczne\/"]}]},{"@type":"ImageObject","inLanguage":"ro-RO","@id":"https:\/\/www.chespa.eu\/ro\/podloza-elastyczne\/#primaryimage","url":"https:\/\/www.chespa.eu\/wp-content\/uploads\/2016\/08\/klisze.jpg","contentUrl":"https:\/\/www.chespa.eu\/wp-content\/uploads\/2016\/08\/klisze.jpg","width":1920,"height":295,"caption":"klisze fotopolimerowe Chespa"},{"@type":"BreadcrumbList","@id":"https:\/\/www.chespa.eu\/ro\/podloza-elastyczne\/#breadcrumb","itemListElement":[{"@type":"ListItem","position":1,"name":"Strona g\u0142\u00f3wna","item":"https:\/\/www.chespa.eu\/"},{"@type":"ListItem","position":2,"name":"SUBSTRATURI FLEXIBILE"}]},{"@type":"WebSite","@id":"https:\/\/www.chespa.eu\/#website","url":"https:\/\/www.chespa.eu\/","name":"Chespa - printing inks, clichees, cutting dies","description":"","potentialAction":[{"@type":"SearchAction","target":{"@type":"EntryPoint","urlTemplate":"https:\/\/www.chespa.eu\/?s={search_term_string}"},"query-input":{"@type":"PropertyValueSpecification","valueRequired":true,"valueName":"search_term_string"}}],"inLanguage":"ro-RO"}]}},"_links":{"self":[{"href":"https:\/\/www.chespa.eu\/ro\/wp-json\/wp\/v2\/pages\/956","targetHints":{"allow":["GET"]}}],"collection":[{"href":"https:\/\/www.chespa.eu\/ro\/wp-json\/wp\/v2\/pages"}],"about":[{"href":"https:\/\/www.chespa.eu\/ro\/wp-json\/wp\/v2\/types\/page"}],"author":[{"embeddable":true,"href":"https:\/\/www.chespa.eu\/ro\/wp-json\/wp\/v2\/users\/6"}],"replies":[{"embeddable":true,"href":"https:\/\/www.chespa.eu\/ro\/wp-json\/wp\/v2\/comments?post=956"}],"version-history":[{"count":7,"href":"https:\/\/www.chespa.eu\/ro\/wp-json\/wp\/v2\/pages\/956\/revisions"}],"predecessor-version":[{"id":17086,"href":"https:\/\/www.chespa.eu\/ro\/wp-json\/wp\/v2\/pages\/956\/revisions\/17086"}],"up":[{"embeddable":true,"href":"https:\/\/www.chespa.eu\/ro\/wp-json\/wp\/v2\/pages\/18800"}],"wp:featuredmedia":[{"embeddable":true,"href":"https:\/\/www.chespa.eu\/ro\/wp-json\/wp\/v2\/media\/9551"}],"wp:attachment":[{"href":"https:\/\/www.chespa.eu\/ro\/wp-json\/wp\/v2\/media?parent=956"}],"curies":[{"name":"wp","href":"https:\/\/api.w.org\/{rel}","templated":true}]}}