{"id":932,"date":"2016-02-15T11:49:23","date_gmt":"2016-02-15T10:49:23","guid":{"rendered":"http:\/\/chespa.eu\/ro\/pertinax\/"},"modified":"2016-10-14T15:00:19","modified_gmt":"2016-10-14T13:00:19","slug":"pertinax","status":"publish","type":"page","link":"https:\/\/www.chespa.eu\/ro\/produse\/wykrojniki\/pertinax\/","title":{"rendered":"Pertinax"},"content":{"rendered":"<p>Pertinax serve\u0219te ca countercrease. Noi o facem pe o ma\u0219in\u0103 specializat\u0103 de frezat CNC. Ele sunt utilizate \u00een principal \u00een produc\u021bia de ambalaje din carton solide, dar noi le producem, de asemenea, pentru carton ondulat. Ele pot fi realizate din rezotex sau o plac\u0103 de metal concepute pentru ata\u0219area direct\u0103 pe ma\u0219ina de debitat. \u00cen mod normal, pl\u0103cile pertinax au grosimea de 0,4-1,2 mm.<\/p>\n","protected":false},"excerpt":{"rendered":"<p>Pertinax serve\u0219te ca countercrease. Noi o facem pe o ma\u0219in\u0103 specializat\u0103 de frezat CNC. Ele sunt utilizate \u00een principal \u00een produc\u021bia de ambalaje din carton solide, dar noi le producem, de asemenea, pentru carton ondulat. Ele pot fi realizate din rezotex sau o plac\u0103 de metal concepute pentru ata\u0219area direct\u0103 pe ma\u0219ina de debitat. \u00cen [&hellip;]<\/p>\n","protected":false},"author":6,"featured_media":0,"parent":1229,"menu_order":0,"comment_status":"closed","ping_status":"closed","template":"","meta":{"_acf_changed":false,"footnotes":""},"class_list":["post-932","page","type-page","status-publish","hentry"],"acf":[],"yoast_head":"<!-- This site is optimized with the Yoast SEO plugin v27.4 - https:\/\/yoast.com\/product\/yoast-seo-wordpress\/ -->\n<title>Pertinax - Chespa - printing inks, clichees, cutting dies<\/title>\n<meta name=\"robots\" content=\"index, follow, max-snippet:-1, max-image-preview:large, max-video-preview:-1\" \/>\n<link rel=\"canonical\" href=\"https:\/\/www.chespa.eu\/ro\/pertinax\/\" \/>\n<meta property=\"og:locale\" content=\"ro_RO\" \/>\n<meta property=\"og:type\" content=\"article\" \/>\n<meta property=\"og:title\" content=\"Pertinax - Chespa - printing inks, clichees, cutting dies\" \/>\n<meta property=\"og:description\" content=\"Pertinax serve\u0219te ca countercrease. Noi o facem pe o ma\u0219in\u0103 specializat\u0103 de frezat CNC. Ele sunt utilizate \u00een principal \u00een produc\u021bia de ambalaje din carton solide, dar noi le producem, de asemenea, pentru carton ondulat. Ele pot fi realizate din rezotex sau o plac\u0103 de metal concepute pentru ata\u0219area direct\u0103 pe ma\u0219ina de debitat. \u00cen [&hellip;]\" \/>\n<meta property=\"og:url\" content=\"https:\/\/www.chespa.eu\/ro\/pertinax\/\" \/>\n<meta property=\"og:site_name\" content=\"Chespa - printing inks, clichees, cutting dies\" \/>\n<meta property=\"article:modified_time\" content=\"2016-10-14T13:00:19+00:00\" \/>\n<meta name=\"twitter:card\" content=\"summary_large_image\" \/>\n<script type=\"application\/ld+json\" class=\"yoast-schema-graph\">{\"@context\":\"https:\\\/\\\/schema.org\",\"@graph\":[{\"@type\":\"WebPage\",\"@id\":\"https:\\\/\\\/www.chespa.eu\\\/ro\\\/pertinax\\\/\",\"url\":\"https:\\\/\\\/www.chespa.eu\\\/ro\\\/pertinax\\\/\",\"name\":\"Pertinax - Chespa - printing inks, clichees, cutting dies\",\"isPartOf\":{\"@id\":\"https:\\\/\\\/www.chespa.eu\\\/#website\"},\"datePublished\":\"2016-02-15T10:49:23+00:00\",\"dateModified\":\"2016-10-14T13:00:19+00:00\",\"breadcrumb\":{\"@id\":\"https:\\\/\\\/www.chespa.eu\\\/ro\\\/pertinax\\\/#breadcrumb\"},\"inLanguage\":\"ro-RO\",\"potentialAction\":[{\"@type\":\"ReadAction\",\"target\":[\"https:\\\/\\\/www.chespa.eu\\\/ro\\\/pertinax\\\/\"]}]},{\"@type\":\"BreadcrumbList\",\"@id\":\"https:\\\/\\\/www.chespa.eu\\\/ro\\\/pertinax\\\/#breadcrumb\",\"itemListElement\":[{\"@type\":\"ListItem\",\"position\":1,\"name\":\"Strona g\u0142\u00f3wna\",\"item\":\"https:\\\/\\\/www.chespa.eu\\\/\"},{\"@type\":\"ListItem\",\"position\":2,\"name\":\"Pertinax\"}]},{\"@type\":\"WebSite\",\"@id\":\"https:\\\/\\\/www.chespa.eu\\\/#website\",\"url\":\"https:\\\/\\\/www.chespa.eu\\\/\",\"name\":\"Chespa - printing inks, clichees, cutting dies\",\"description\":\"\",\"potentialAction\":[{\"@type\":\"SearchAction\",\"target\":{\"@type\":\"EntryPoint\",\"urlTemplate\":\"https:\\\/\\\/www.chespa.eu\\\/?s={search_term_string}\"},\"query-input\":{\"@type\":\"PropertyValueSpecification\",\"valueRequired\":true,\"valueName\":\"search_term_string\"}}],\"inLanguage\":\"ro-RO\"}]}<\/script>\n<!-- \/ Yoast SEO plugin. -->","yoast_head_json":{"title":"Pertinax - Chespa - printing inks, clichees, cutting dies","robots":{"index":"index","follow":"follow","max-snippet":"max-snippet:-1","max-image-preview":"max-image-preview:large","max-video-preview":"max-video-preview:-1"},"canonical":"https:\/\/www.chespa.eu\/ro\/pertinax\/","og_locale":"ro_RO","og_type":"article","og_title":"Pertinax - Chespa - printing inks, clichees, cutting dies","og_description":"Pertinax serve\u0219te ca countercrease. Noi o facem pe o ma\u0219in\u0103 specializat\u0103 de frezat CNC. Ele sunt utilizate \u00een principal \u00een produc\u021bia de ambalaje din carton solide, dar noi le producem, de asemenea, pentru carton ondulat. Ele pot fi realizate din rezotex sau o plac\u0103 de metal concepute pentru ata\u0219area direct\u0103 pe ma\u0219ina de debitat. \u00cen [&hellip;]","og_url":"https:\/\/www.chespa.eu\/ro\/pertinax\/","og_site_name":"Chespa - printing inks, clichees, cutting dies","article_modified_time":"2016-10-14T13:00:19+00:00","twitter_card":"summary_large_image","schema":{"@context":"https:\/\/schema.org","@graph":[{"@type":"WebPage","@id":"https:\/\/www.chespa.eu\/ro\/pertinax\/","url":"https:\/\/www.chespa.eu\/ro\/pertinax\/","name":"Pertinax - Chespa - printing inks, clichees, cutting dies","isPartOf":{"@id":"https:\/\/www.chespa.eu\/#website"},"datePublished":"2016-02-15T10:49:23+00:00","dateModified":"2016-10-14T13:00:19+00:00","breadcrumb":{"@id":"https:\/\/www.chespa.eu\/ro\/pertinax\/#breadcrumb"},"inLanguage":"ro-RO","potentialAction":[{"@type":"ReadAction","target":["https:\/\/www.chespa.eu\/ro\/pertinax\/"]}]},{"@type":"BreadcrumbList","@id":"https:\/\/www.chespa.eu\/ro\/pertinax\/#breadcrumb","itemListElement":[{"@type":"ListItem","position":1,"name":"Strona g\u0142\u00f3wna","item":"https:\/\/www.chespa.eu\/"},{"@type":"ListItem","position":2,"name":"Pertinax"}]},{"@type":"WebSite","@id":"https:\/\/www.chespa.eu\/#website","url":"https:\/\/www.chespa.eu\/","name":"Chespa - printing inks, clichees, cutting dies","description":"","potentialAction":[{"@type":"SearchAction","target":{"@type":"EntryPoint","urlTemplate":"https:\/\/www.chespa.eu\/?s={search_term_string}"},"query-input":{"@type":"PropertyValueSpecification","valueRequired":true,"valueName":"search_term_string"}}],"inLanguage":"ro-RO"}]}},"_links":{"self":[{"href":"https:\/\/www.chespa.eu\/ro\/wp-json\/wp\/v2\/pages\/932","targetHints":{"allow":["GET"]}}],"collection":[{"href":"https:\/\/www.chespa.eu\/ro\/wp-json\/wp\/v2\/pages"}],"about":[{"href":"https:\/\/www.chespa.eu\/ro\/wp-json\/wp\/v2\/types\/page"}],"author":[{"embeddable":true,"href":"https:\/\/www.chespa.eu\/ro\/wp-json\/wp\/v2\/users\/6"}],"replies":[{"embeddable":true,"href":"https:\/\/www.chespa.eu\/ro\/wp-json\/wp\/v2\/comments?post=932"}],"version-history":[{"count":3,"href":"https:\/\/www.chespa.eu\/ro\/wp-json\/wp\/v2\/pages\/932\/revisions"}],"predecessor-version":[{"id":5007,"href":"https:\/\/www.chespa.eu\/ro\/wp-json\/wp\/v2\/pages\/932\/revisions\/5007"}],"up":[{"embeddable":true,"href":"https:\/\/www.chespa.eu\/ro\/wp-json\/wp\/v2\/pages\/1229"}],"wp:attachment":[{"href":"https:\/\/www.chespa.eu\/ro\/wp-json\/wp\/v2\/media?parent=932"}],"curies":[{"name":"wp","href":"https:\/\/api.w.org\/{rel}","templated":true}]}}