{"id":907,"date":"2016-02-15T12:33:07","date_gmt":"2016-02-15T11:33:07","guid":{"rendered":"http:\/\/chespa.eu\/ro\/nowe-maszyny-i-oprogramowanie\/"},"modified":"2016-10-14T15:35:48","modified_gmt":"2016-10-14T13:35:48","slug":"nowe-maszyny-i-oprogramowanie","status":"publish","type":"page","link":"https:\/\/www.chespa.eu\/ro\/nowe-maszyny-i-oprogramowanie\/","title":{"rendered":"Ma\u0219ini \u0219i software noi"},"content":{"rendered":"<p>Chespa a instalat mai multe ma\u0219ini noi \u00een t\u0103ierea plantelor moarte. Acestea sunt:<\/p>\n<ol>\n<li><strong>Cu\u021bite automate bender IDEA<\/strong> &#8211; acesta va fi utilizat \u00een produc\u021bia de t\u0103iere pentru matri\u021be din carton solid. Indoaie, perforeaz\u0103, poduri \u0219i execut\u0103 linii combinate \u0219i bro\u0219are (ad\u00e2ncituri \u00een cu\u021bite). Aparatul permite incizii automate pe cu\u021bit cu o l\u0103\u021bime de 0,2 mm.<\/li>\n<li><strong>Ma\u0219in\u0103 de frezat pentru pertinax LaserComb<\/strong> &#8211; aceasta este a doua astfel de ma\u0219in\u0103 \u00een plant\u0103.Acest model al ma\u0219inii accelereaz\u0103 semnificativ procesul de produc\u021bie de pertinax rezotek \u0219i pl\u0103ci frezate \u0219i permite formate mari (Bobst Mastercut 1.7). In plus, datorita sistemului integrat, automat de m\u0103surare este posibil s\u0103 se produc\u0103 instrumente de mare precizie. Aceste dispozitive vor cre\u0219te \u00een mod semnificativ capacitatea de produc\u021bie, calitatea \u0219i precizia de t\u0103iere \u0219i matri\u021be unelte cooperant, \u00een special pentru carton solid.<\/li>\n<li><strong>Cu\u021bite pentru t\u0103iere automat\u0103 bender poansoanele rotative ROTAX PLUS<\/strong> &#8211; Aceasta permite producerea de piese de mici dimensiuni (de ex. Sloturi) dintr-o parte a cu\u021bitului, ceea ce \u00eembun\u0103t\u0103\u021be\u0219te semnificativ calitatea matri\u021bei de t\u0103iere rotativ. \u00cen acela\u0219i timp, cea mai recent\u0103 versiune a software-ului pentru proiectarea ambalajelor \u0219i t\u0103iere matri\u021be IMPACT 2013 a fost instalat.<\/li>\n<\/ol>\n<p><a href=\"http:\/\/chespa.eu\/wp-content\/uploads\/2016\/02\/669.jpeg\" rel=\"lightbox[907]\"><img loading=\"lazy\" decoding=\"async\" class=\"wp-image-312 size-full aligncenter\" src=\"https:\/\/chespa.eu\/wp-content\/uploads\/2016\/02\/669.jpeg\" alt=\"669\" width=\"686\" height=\"498\" srcset=\"https:\/\/www.chespa.eu\/wp-content\/uploads\/2016\/02\/669.jpeg 686w, https:\/\/www.chespa.eu\/wp-content\/uploads\/2016\/02\/669-300x218.jpeg 300w\" sizes=\"auto, (max-width: 686px) 100vw, 686px\" \/><\/a><\/p>\n<p style=\"text-align: center;\">Wyginarka automat\u0103 cu\u021bit IDEA<\/p>\n<p style=\"text-align: center;\"><a href=\"http:\/\/chespa.eu\/wp-content\/uploads\/2016\/02\/670.jpeg\" rel=\"lightbox[907]\"><img loading=\"lazy\" decoding=\"async\" class=\"alignnone wp-image-316 size-full\" src=\"https:\/\/chespa.eu\/wp-content\/uploads\/2016\/02\/670.jpeg\" alt=\"670\" width=\"686\" height=\"498\" srcset=\"https:\/\/www.chespa.eu\/wp-content\/uploads\/2016\/02\/670.jpeg 686w, https:\/\/www.chespa.eu\/wp-content\/uploads\/2016\/02\/670-300x218.jpeg 300w\" sizes=\"auto, (max-width: 686px) 100vw, 686px\" \/><\/a><\/p>\n<p style=\"text-align: center;\">Cutter pe Pertinax LaserComb<\/p>\n<p style=\"text-align: center;\"><a href=\"http:\/\/chespa.eu\/wp-content\/uploads\/2016\/02\/671.jpeg\" rel=\"lightbox[907]\"><img loading=\"lazy\" decoding=\"async\" class=\"aligncenter size-full wp-image-315\" src=\"https:\/\/chespa.eu\/wp-content\/uploads\/2016\/02\/671.jpeg\" alt=\"671\" width=\"686\" height=\"498\" srcset=\"https:\/\/www.chespa.eu\/wp-content\/uploads\/2016\/02\/671.jpeg 686w, https:\/\/www.chespa.eu\/wp-content\/uploads\/2016\/02\/671-300x218.jpeg 300w\" sizes=\"auto, (max-width: 686px) 100vw, 686px\" \/><\/a><\/p>\n<p style=\"text-align: center;\">Cu\u021bit automat wyginarka pentru poansoanele rotative Rotax PLUS<\/p>\n","protected":false},"excerpt":{"rendered":"<p>Chespa a instalat mai multe ma\u0219ini noi \u00een t\u0103ierea plantelor moarte. Acestea sunt: Cu\u021bite automate bender IDEA &#8211; acesta va fi utilizat \u00een produc\u021bia de t\u0103iere pentru matri\u021be din carton solid. Indoaie, perforeaz\u0103, poduri \u0219i execut\u0103 linii combinate \u0219i bro\u0219are (ad\u00e2ncituri \u00een cu\u021bite). Aparatul permite incizii automate pe cu\u021bit cu o l\u0103\u021bime de 0,2 mm. [&hellip;]<\/p>\n","protected":false},"author":6,"featured_media":0,"parent":0,"menu_order":0,"comment_status":"closed","ping_status":"closed","template":"","meta":{"_acf_changed":false,"footnotes":""},"class_list":["post-907","page","type-page","status-publish","hentry"],"acf":[],"yoast_head":"<!-- This site is optimized with the Yoast SEO plugin v27.5 - https:\/\/yoast.com\/product\/yoast-seo-wordpress\/ -->\n<title>Ma\u0219ini \u0219i software noi - Chespa - printing inks, clichees, cutting dies<\/title>\n<meta name=\"robots\" content=\"index, follow, max-snippet:-1, max-image-preview:large, max-video-preview:-1\" \/>\n<link rel=\"canonical\" href=\"https:\/\/www.chespa.eu\/ro\/nowe-maszyny-i-oprogramowanie\/\" \/>\n<meta property=\"og:locale\" content=\"ro_RO\" \/>\n<meta property=\"og:type\" content=\"article\" \/>\n<meta property=\"og:title\" content=\"Ma\u0219ini \u0219i software noi - Chespa - printing inks, clichees, cutting dies\" \/>\n<meta property=\"og:description\" content=\"Chespa a instalat mai multe ma\u0219ini noi \u00een t\u0103ierea plantelor moarte. Acestea sunt: Cu\u021bite automate bender IDEA &#8211; acesta va fi utilizat \u00een produc\u021bia de t\u0103iere pentru matri\u021be din carton solid. Indoaie, perforeaz\u0103, poduri \u0219i execut\u0103 linii combinate \u0219i bro\u0219are (ad\u00e2ncituri \u00een cu\u021bite). Aparatul permite incizii automate pe cu\u021bit cu o l\u0103\u021bime de 0,2 mm. [&hellip;]\" \/>\n<meta property=\"og:url\" content=\"https:\/\/www.chespa.eu\/ro\/nowe-maszyny-i-oprogramowanie\/\" \/>\n<meta property=\"og:site_name\" content=\"Chespa - printing inks, clichees, cutting dies\" \/>\n<meta property=\"article:modified_time\" content=\"2016-10-14T13:35:48+00:00\" \/>\n<meta property=\"og:image\" content=\"http:\/\/chespa.eu\/wp-content\/uploads\/2016\/02\/669.jpeg\" \/>\n<meta name=\"twitter:card\" content=\"summary_large_image\" \/>\n<meta name=\"twitter:label1\" content=\"Est. reading time\" \/>\n\t<meta name=\"twitter:data1\" content=\"1 minute\" \/>\n<script type=\"application\/ld+json\" class=\"yoast-schema-graph\">{\"@context\":\"https:\\\/\\\/schema.org\",\"@graph\":[{\"@type\":\"WebPage\",\"@id\":\"https:\\\/\\\/www.chespa.eu\\\/ro\\\/nowe-maszyny-i-oprogramowanie\\\/\",\"url\":\"https:\\\/\\\/www.chespa.eu\\\/ro\\\/nowe-maszyny-i-oprogramowanie\\\/\",\"name\":\"Ma\u0219ini \u0219i software noi - Chespa - printing inks, clichees, cutting dies\",\"isPartOf\":{\"@id\":\"https:\\\/\\\/www.chespa.eu\\\/#website\"},\"primaryImageOfPage\":{\"@id\":\"https:\\\/\\\/www.chespa.eu\\\/ro\\\/nowe-maszyny-i-oprogramowanie\\\/#primaryimage\"},\"image\":{\"@id\":\"https:\\\/\\\/www.chespa.eu\\\/ro\\\/nowe-maszyny-i-oprogramowanie\\\/#primaryimage\"},\"thumbnailUrl\":\"http:\\\/\\\/chespa.eu\\\/wp-content\\\/uploads\\\/2016\\\/02\\\/669.jpeg\",\"datePublished\":\"2016-02-15T11:33:07+00:00\",\"dateModified\":\"2016-10-14T13:35:48+00:00\",\"breadcrumb\":{\"@id\":\"https:\\\/\\\/www.chespa.eu\\\/ro\\\/nowe-maszyny-i-oprogramowanie\\\/#breadcrumb\"},\"inLanguage\":\"ro-RO\",\"potentialAction\":[{\"@type\":\"ReadAction\",\"target\":[\"https:\\\/\\\/www.chespa.eu\\\/ro\\\/nowe-maszyny-i-oprogramowanie\\\/\"]}]},{\"@type\":\"ImageObject\",\"inLanguage\":\"ro-RO\",\"@id\":\"https:\\\/\\\/www.chespa.eu\\\/ro\\\/nowe-maszyny-i-oprogramowanie\\\/#primaryimage\",\"url\":\"http:\\\/\\\/chespa.eu\\\/wp-content\\\/uploads\\\/2016\\\/02\\\/669.jpeg\",\"contentUrl\":\"http:\\\/\\\/chespa.eu\\\/wp-content\\\/uploads\\\/2016\\\/02\\\/669.jpeg\"},{\"@type\":\"BreadcrumbList\",\"@id\":\"https:\\\/\\\/www.chespa.eu\\\/ro\\\/nowe-maszyny-i-oprogramowanie\\\/#breadcrumb\",\"itemListElement\":[{\"@type\":\"ListItem\",\"position\":1,\"name\":\"Strona g\u0142\u00f3wna\",\"item\":\"https:\\\/\\\/www.chespa.eu\\\/\"},{\"@type\":\"ListItem\",\"position\":2,\"name\":\"Ma\u0219ini \u0219i software noi\"}]},{\"@type\":\"WebSite\",\"@id\":\"https:\\\/\\\/www.chespa.eu\\\/#website\",\"url\":\"https:\\\/\\\/www.chespa.eu\\\/\",\"name\":\"Chespa - printing inks, clichees, cutting dies\",\"description\":\"\",\"potentialAction\":[{\"@type\":\"SearchAction\",\"target\":{\"@type\":\"EntryPoint\",\"urlTemplate\":\"https:\\\/\\\/www.chespa.eu\\\/?s={search_term_string}\"},\"query-input\":{\"@type\":\"PropertyValueSpecification\",\"valueRequired\":true,\"valueName\":\"search_term_string\"}}],\"inLanguage\":\"ro-RO\"}]}<\/script>\n<!-- \/ Yoast SEO plugin. -->","yoast_head_json":{"title":"Ma\u0219ini \u0219i software noi - Chespa - printing inks, clichees, cutting dies","robots":{"index":"index","follow":"follow","max-snippet":"max-snippet:-1","max-image-preview":"max-image-preview:large","max-video-preview":"max-video-preview:-1"},"canonical":"https:\/\/www.chespa.eu\/ro\/nowe-maszyny-i-oprogramowanie\/","og_locale":"ro_RO","og_type":"article","og_title":"Ma\u0219ini \u0219i software noi - Chespa - printing inks, clichees, cutting dies","og_description":"Chespa a instalat mai multe ma\u0219ini noi \u00een t\u0103ierea plantelor moarte. Acestea sunt: Cu\u021bite automate bender IDEA &#8211; acesta va fi utilizat \u00een produc\u021bia de t\u0103iere pentru matri\u021be din carton solid. Indoaie, perforeaz\u0103, poduri \u0219i execut\u0103 linii combinate \u0219i bro\u0219are (ad\u00e2ncituri \u00een cu\u021bite). Aparatul permite incizii automate pe cu\u021bit cu o l\u0103\u021bime de 0,2 mm. [&hellip;]","og_url":"https:\/\/www.chespa.eu\/ro\/nowe-maszyny-i-oprogramowanie\/","og_site_name":"Chespa - printing inks, clichees, cutting dies","article_modified_time":"2016-10-14T13:35:48+00:00","og_image":[{"url":"http:\/\/chespa.eu\/wp-content\/uploads\/2016\/02\/669.jpeg","type":"","width":"","height":""}],"twitter_card":"summary_large_image","twitter_misc":{"Est. reading time":"1 minute"},"schema":{"@context":"https:\/\/schema.org","@graph":[{"@type":"WebPage","@id":"https:\/\/www.chespa.eu\/ro\/nowe-maszyny-i-oprogramowanie\/","url":"https:\/\/www.chespa.eu\/ro\/nowe-maszyny-i-oprogramowanie\/","name":"Ma\u0219ini \u0219i software noi - Chespa - printing inks, clichees, cutting dies","isPartOf":{"@id":"https:\/\/www.chespa.eu\/#website"},"primaryImageOfPage":{"@id":"https:\/\/www.chespa.eu\/ro\/nowe-maszyny-i-oprogramowanie\/#primaryimage"},"image":{"@id":"https:\/\/www.chespa.eu\/ro\/nowe-maszyny-i-oprogramowanie\/#primaryimage"},"thumbnailUrl":"http:\/\/chespa.eu\/wp-content\/uploads\/2016\/02\/669.jpeg","datePublished":"2016-02-15T11:33:07+00:00","dateModified":"2016-10-14T13:35:48+00:00","breadcrumb":{"@id":"https:\/\/www.chespa.eu\/ro\/nowe-maszyny-i-oprogramowanie\/#breadcrumb"},"inLanguage":"ro-RO","potentialAction":[{"@type":"ReadAction","target":["https:\/\/www.chespa.eu\/ro\/nowe-maszyny-i-oprogramowanie\/"]}]},{"@type":"ImageObject","inLanguage":"ro-RO","@id":"https:\/\/www.chespa.eu\/ro\/nowe-maszyny-i-oprogramowanie\/#primaryimage","url":"http:\/\/chespa.eu\/wp-content\/uploads\/2016\/02\/669.jpeg","contentUrl":"http:\/\/chespa.eu\/wp-content\/uploads\/2016\/02\/669.jpeg"},{"@type":"BreadcrumbList","@id":"https:\/\/www.chespa.eu\/ro\/nowe-maszyny-i-oprogramowanie\/#breadcrumb","itemListElement":[{"@type":"ListItem","position":1,"name":"Strona g\u0142\u00f3wna","item":"https:\/\/www.chespa.eu\/"},{"@type":"ListItem","position":2,"name":"Ma\u0219ini \u0219i software noi"}]},{"@type":"WebSite","@id":"https:\/\/www.chespa.eu\/#website","url":"https:\/\/www.chespa.eu\/","name":"Chespa - printing inks, clichees, cutting dies","description":"","potentialAction":[{"@type":"SearchAction","target":{"@type":"EntryPoint","urlTemplate":"https:\/\/www.chespa.eu\/?s={search_term_string}"},"query-input":{"@type":"PropertyValueSpecification","valueRequired":true,"valueName":"search_term_string"}}],"inLanguage":"ro-RO"}]}},"_links":{"self":[{"href":"https:\/\/www.chespa.eu\/ro\/wp-json\/wp\/v2\/pages\/907","targetHints":{"allow":["GET"]}}],"collection":[{"href":"https:\/\/www.chespa.eu\/ro\/wp-json\/wp\/v2\/pages"}],"about":[{"href":"https:\/\/www.chespa.eu\/ro\/wp-json\/wp\/v2\/types\/page"}],"author":[{"embeddable":true,"href":"https:\/\/www.chespa.eu\/ro\/wp-json\/wp\/v2\/users\/6"}],"replies":[{"embeddable":true,"href":"https:\/\/www.chespa.eu\/ro\/wp-json\/wp\/v2\/comments?post=907"}],"version-history":[{"count":8,"href":"https:\/\/www.chespa.eu\/ro\/wp-json\/wp\/v2\/pages\/907\/revisions"}],"predecessor-version":[{"id":5021,"href":"https:\/\/www.chespa.eu\/ro\/wp-json\/wp\/v2\/pages\/907\/revisions\/5021"}],"wp:attachment":[{"href":"https:\/\/www.chespa.eu\/ro\/wp-json\/wp\/v2\/media?parent=907"}],"curies":[{"name":"wp","href":"https:\/\/api.w.org\/{rel}","templated":true}]}}