{"id":858,"date":"2016-02-15T11:28:47","date_gmt":"2016-02-15T10:28:47","guid":{"rendered":"http:\/\/chespa.eu\/ro\/linia-produkcyjna-cyrel-3000\/"},"modified":"2023-03-16T12:43:38","modified_gmt":"2023-03-16T11:43:38","slug":"linia-produkcyjna-cyrel-3000","status":"publish","type":"page","link":"https:\/\/www.chespa.eu\/ro\/produse\/placi-de-imprimare\/linia-produkcyjna-cyrel-3000\/","title":{"rendered":"Linia de produc\u021bie Cyrel 3000"},"content":{"rendered":"<p>Avem instalat\u0103 o alt\u0103 linie de produc\u021bie Cyrel 300, cea mai mare din punct de vedere al formatului. Aceasta include, ca \u00eentotdeauna, un cadrul de imprimare, un procesor care prelucreaz\u0103 pl\u0103cile, un dispozitiv de uscare \u0219i un iluminatorul final.\u00a0 Cu toate acestea, fiecare dintre aceste dispozitive dispune de cea mai recent\u0103 tehnologie pentru produc\u021bia de cli\u0219ee fotopolimerice. De data aceasta, cadrul de imprimare folose\u0219te o a\u0219a-numit\u0103 mas\u0103 r\u0103cit\u0103, \u00een care temperatura sc\u0103zut\u0103 stabilizeaz\u0103 monomerul, astfel \u00eenc\u00e2t acesta s\u0103 nu fie solicitat \u00een timpul polimeriz\u0103rii UV.<\/p>\n<p>Procesorul de elu\u021bie a fost, de asemenea, modernizat \u2013 cu o sec\u021biune suplimentar\u0103 de sp\u0103lare &#8211; ceea ce face ca procesarea s\u0103 fie mai delicat\u0103, iar pelicula s\u0103 r\u0103m\u00e2n\u0103 \u00een solvent pentru o perioad\u0103 mai scurt\u0103 de timp. Sistemele suplimentare de ventila\u021bie din dispozitivul de uscare asigur\u0103 o distribu\u021bie mai uniform\u0103 a temperaturii, \u00eembun\u0103t\u0103\u021bind structura \u0219i durabilitatea <strong>cli\u0219eelor fotopolimerice.<\/strong><\/p>\n<p>&nbsp;<\/p>\n<p>&nbsp;<\/p>\n<p>&nbsp;<\/p>\n<p>&nbsp;<\/p>\n","protected":false},"excerpt":{"rendered":"<p>Avem instalat\u0103 o alt\u0103 linie de produc\u021bie Cyrel 300, cea mai mare din punct de vedere al formatului. Aceasta include, ca \u00eentotdeauna, un cadrul de imprimare, un procesor care prelucreaz\u0103 pl\u0103cile, un dispozitiv de uscare \u0219i un iluminatorul final.\u00a0 Cu toate acestea, fiecare dintre aceste dispozitive dispune de cea mai recent\u0103 tehnologie pentru produc\u021bia de [&hellip;]<\/p>\n","protected":false},"author":6,"featured_media":16258,"parent":18800,"menu_order":0,"comment_status":"closed","ping_status":"closed","template":"","meta":{"_acf_changed":false,"footnotes":""},"class_list":["post-858","page","type-page","status-publish","has-post-thumbnail","hentry"],"acf":[],"yoast_head":"<!-- This site is optimized with the Yoast SEO plugin v27.3 - https:\/\/yoast.com\/product\/yoast-seo-wordpress\/ -->\n<title>Linia de produc\u021bie Cyrel 3000 - Chespa - printing inks, clichees, cutting dies<\/title>\n<meta name=\"robots\" content=\"index, follow, max-snippet:-1, max-image-preview:large, max-video-preview:-1\" \/>\n<link rel=\"canonical\" href=\"https:\/\/www.chespa.eu\/ro\/linia-produkcyjna-cyrel-3000\/\" \/>\n<meta property=\"og:locale\" content=\"ro_RO\" \/>\n<meta property=\"og:type\" content=\"article\" \/>\n<meta property=\"og:title\" content=\"Linia de produc\u021bie Cyrel 3000 - Chespa - printing inks, clichees, cutting dies\" \/>\n<meta property=\"og:description\" content=\"Avem instalat\u0103 o alt\u0103 linie de produc\u021bie Cyrel 300, cea mai mare din punct de vedere al formatului. Aceasta include, ca \u00eentotdeauna, un cadrul de imprimare, un procesor care prelucreaz\u0103 pl\u0103cile, un dispozitiv de uscare \u0219i un iluminatorul final.\u00a0 Cu toate acestea, fiecare dintre aceste dispozitive dispune de cea mai recent\u0103 tehnologie pentru produc\u021bia de [&hellip;]\" \/>\n<meta property=\"og:url\" content=\"https:\/\/www.chespa.eu\/ro\/linia-produkcyjna-cyrel-3000\/\" \/>\n<meta property=\"og:site_name\" content=\"Chespa - printing inks, clichees, cutting dies\" \/>\n<meta property=\"article:modified_time\" content=\"2023-03-16T11:43:38+00:00\" \/>\n<meta property=\"og:image\" content=\"https:\/\/www.chespa.eu\/wp-content\/uploads\/2022\/06\/IMG_1166-scaled.jpg\" \/>\n\t<meta property=\"og:image:width\" content=\"2560\" \/>\n\t<meta property=\"og:image:height\" content=\"1707\" \/>\n\t<meta property=\"og:image:type\" content=\"image\/jpeg\" \/>\n<meta name=\"twitter:card\" content=\"summary_large_image\" \/>\n<meta name=\"twitter:label1\" content=\"Est. reading time\" \/>\n\t<meta name=\"twitter:data1\" content=\"1 minute\" \/>\n<script type=\"application\/ld+json\" class=\"yoast-schema-graph\">{\"@context\":\"https:\\\/\\\/schema.org\",\"@graph\":[{\"@type\":\"WebPage\",\"@id\":\"https:\\\/\\\/www.chespa.eu\\\/ro\\\/linia-produkcyjna-cyrel-3000\\\/\",\"url\":\"https:\\\/\\\/www.chespa.eu\\\/ro\\\/linia-produkcyjna-cyrel-3000\\\/\",\"name\":\"Linia de produc\u021bie Cyrel 3000 - Chespa - printing inks, clichees, cutting dies\",\"isPartOf\":{\"@id\":\"https:\\\/\\\/www.chespa.eu\\\/#website\"},\"primaryImageOfPage\":{\"@id\":\"https:\\\/\\\/www.chespa.eu\\\/ro\\\/linia-produkcyjna-cyrel-3000\\\/#primaryimage\"},\"image\":{\"@id\":\"https:\\\/\\\/www.chespa.eu\\\/ro\\\/linia-produkcyjna-cyrel-3000\\\/#primaryimage\"},\"thumbnailUrl\":\"https:\\\/\\\/www.chespa.eu\\\/wp-content\\\/uploads\\\/2022\\\/06\\\/IMG_1166-scaled.jpg\",\"datePublished\":\"2016-02-15T10:28:47+00:00\",\"dateModified\":\"2023-03-16T11:43:38+00:00\",\"breadcrumb\":{\"@id\":\"https:\\\/\\\/www.chespa.eu\\\/ro\\\/linia-produkcyjna-cyrel-3000\\\/#breadcrumb\"},\"inLanguage\":\"ro-RO\",\"potentialAction\":[{\"@type\":\"ReadAction\",\"target\":[\"https:\\\/\\\/www.chespa.eu\\\/ro\\\/linia-produkcyjna-cyrel-3000\\\/\"]}]},{\"@type\":\"ImageObject\",\"inLanguage\":\"ro-RO\",\"@id\":\"https:\\\/\\\/www.chespa.eu\\\/ro\\\/linia-produkcyjna-cyrel-3000\\\/#primaryimage\",\"url\":\"https:\\\/\\\/www.chespa.eu\\\/wp-content\\\/uploads\\\/2022\\\/06\\\/IMG_1166-scaled.jpg\",\"contentUrl\":\"https:\\\/\\\/www.chespa.eu\\\/wp-content\\\/uploads\\\/2022\\\/06\\\/IMG_1166-scaled.jpg\",\"width\":2560,\"height\":1707},{\"@type\":\"BreadcrumbList\",\"@id\":\"https:\\\/\\\/www.chespa.eu\\\/ro\\\/linia-produkcyjna-cyrel-3000\\\/#breadcrumb\",\"itemListElement\":[{\"@type\":\"ListItem\",\"position\":1,\"name\":\"Strona g\u0142\u00f3wna\",\"item\":\"https:\\\/\\\/www.chespa.eu\\\/\"},{\"@type\":\"ListItem\",\"position\":2,\"name\":\"Linia de produc\u021bie Cyrel 3000\"}]},{\"@type\":\"WebSite\",\"@id\":\"https:\\\/\\\/www.chespa.eu\\\/#website\",\"url\":\"https:\\\/\\\/www.chespa.eu\\\/\",\"name\":\"Chespa - printing inks, clichees, cutting dies\",\"description\":\"\",\"potentialAction\":[{\"@type\":\"SearchAction\",\"target\":{\"@type\":\"EntryPoint\",\"urlTemplate\":\"https:\\\/\\\/www.chespa.eu\\\/?s={search_term_string}\"},\"query-input\":{\"@type\":\"PropertyValueSpecification\",\"valueRequired\":true,\"valueName\":\"search_term_string\"}}],\"inLanguage\":\"ro-RO\"}]}<\/script>\n<!-- \/ Yoast SEO plugin. -->","yoast_head_json":{"title":"Linia de produc\u021bie Cyrel 3000 - Chespa - printing inks, clichees, cutting dies","robots":{"index":"index","follow":"follow","max-snippet":"max-snippet:-1","max-image-preview":"max-image-preview:large","max-video-preview":"max-video-preview:-1"},"canonical":"https:\/\/www.chespa.eu\/ro\/linia-produkcyjna-cyrel-3000\/","og_locale":"ro_RO","og_type":"article","og_title":"Linia de produc\u021bie Cyrel 3000 - Chespa - printing inks, clichees, cutting dies","og_description":"Avem instalat\u0103 o alt\u0103 linie de produc\u021bie Cyrel 300, cea mai mare din punct de vedere al formatului. Aceasta include, ca \u00eentotdeauna, un cadrul de imprimare, un procesor care prelucreaz\u0103 pl\u0103cile, un dispozitiv de uscare \u0219i un iluminatorul final.\u00a0 Cu toate acestea, fiecare dintre aceste dispozitive dispune de cea mai recent\u0103 tehnologie pentru produc\u021bia de [&hellip;]","og_url":"https:\/\/www.chespa.eu\/ro\/linia-produkcyjna-cyrel-3000\/","og_site_name":"Chespa - printing inks, clichees, cutting dies","article_modified_time":"2023-03-16T11:43:38+00:00","og_image":[{"width":2560,"height":1707,"url":"https:\/\/www.chespa.eu\/wp-content\/uploads\/2022\/06\/IMG_1166-scaled.jpg","type":"image\/jpeg"}],"twitter_card":"summary_large_image","twitter_misc":{"Est. reading time":"1 minute"},"schema":{"@context":"https:\/\/schema.org","@graph":[{"@type":"WebPage","@id":"https:\/\/www.chespa.eu\/ro\/linia-produkcyjna-cyrel-3000\/","url":"https:\/\/www.chespa.eu\/ro\/linia-produkcyjna-cyrel-3000\/","name":"Linia de produc\u021bie Cyrel 3000 - Chespa - printing inks, clichees, cutting dies","isPartOf":{"@id":"https:\/\/www.chespa.eu\/#website"},"primaryImageOfPage":{"@id":"https:\/\/www.chespa.eu\/ro\/linia-produkcyjna-cyrel-3000\/#primaryimage"},"image":{"@id":"https:\/\/www.chespa.eu\/ro\/linia-produkcyjna-cyrel-3000\/#primaryimage"},"thumbnailUrl":"https:\/\/www.chespa.eu\/wp-content\/uploads\/2022\/06\/IMG_1166-scaled.jpg","datePublished":"2016-02-15T10:28:47+00:00","dateModified":"2023-03-16T11:43:38+00:00","breadcrumb":{"@id":"https:\/\/www.chespa.eu\/ro\/linia-produkcyjna-cyrel-3000\/#breadcrumb"},"inLanguage":"ro-RO","potentialAction":[{"@type":"ReadAction","target":["https:\/\/www.chespa.eu\/ro\/linia-produkcyjna-cyrel-3000\/"]}]},{"@type":"ImageObject","inLanguage":"ro-RO","@id":"https:\/\/www.chespa.eu\/ro\/linia-produkcyjna-cyrel-3000\/#primaryimage","url":"https:\/\/www.chespa.eu\/wp-content\/uploads\/2022\/06\/IMG_1166-scaled.jpg","contentUrl":"https:\/\/www.chespa.eu\/wp-content\/uploads\/2022\/06\/IMG_1166-scaled.jpg","width":2560,"height":1707},{"@type":"BreadcrumbList","@id":"https:\/\/www.chespa.eu\/ro\/linia-produkcyjna-cyrel-3000\/#breadcrumb","itemListElement":[{"@type":"ListItem","position":1,"name":"Strona g\u0142\u00f3wna","item":"https:\/\/www.chespa.eu\/"},{"@type":"ListItem","position":2,"name":"Linia de produc\u021bie Cyrel 3000"}]},{"@type":"WebSite","@id":"https:\/\/www.chespa.eu\/#website","url":"https:\/\/www.chespa.eu\/","name":"Chespa - printing inks, clichees, cutting dies","description":"","potentialAction":[{"@type":"SearchAction","target":{"@type":"EntryPoint","urlTemplate":"https:\/\/www.chespa.eu\/?s={search_term_string}"},"query-input":{"@type":"PropertyValueSpecification","valueRequired":true,"valueName":"search_term_string"}}],"inLanguage":"ro-RO"}]}},"_links":{"self":[{"href":"https:\/\/www.chespa.eu\/ro\/wp-json\/wp\/v2\/pages\/858","targetHints":{"allow":["GET"]}}],"collection":[{"href":"https:\/\/www.chespa.eu\/ro\/wp-json\/wp\/v2\/pages"}],"about":[{"href":"https:\/\/www.chespa.eu\/ro\/wp-json\/wp\/v2\/types\/page"}],"author":[{"embeddable":true,"href":"https:\/\/www.chespa.eu\/ro\/wp-json\/wp\/v2\/users\/6"}],"replies":[{"embeddable":true,"href":"https:\/\/www.chespa.eu\/ro\/wp-json\/wp\/v2\/comments?post=858"}],"version-history":[{"count":9,"href":"https:\/\/www.chespa.eu\/ro\/wp-json\/wp\/v2\/pages\/858\/revisions"}],"predecessor-version":[{"id":17085,"href":"https:\/\/www.chespa.eu\/ro\/wp-json\/wp\/v2\/pages\/858\/revisions\/17085"}],"up":[{"embeddable":true,"href":"https:\/\/www.chespa.eu\/ro\/wp-json\/wp\/v2\/pages\/18800"}],"wp:featuredmedia":[{"embeddable":true,"href":"https:\/\/www.chespa.eu\/ro\/wp-json\/wp\/v2\/media\/16258"}],"wp:attachment":[{"href":"https:\/\/www.chespa.eu\/ro\/wp-json\/wp\/v2\/media?parent=858"}],"curies":[{"name":"wp","href":"https:\/\/api.w.org\/{rel}","templated":true}]}}