{"id":846,"date":"2016-02-15T09:35:20","date_gmt":"2016-02-15T08:35:20","guid":{"rendered":"http:\/\/chespa.eu\/ro\/lakiery-dyspersyjne\/"},"modified":"2022-11-10T16:08:56","modified_gmt":"2022-11-10T15:08:56","slug":"lacuri","status":"publish","type":"page","link":"https:\/\/www.chespa.eu\/ro\/produse\/cerneluri-grafice\/lacuri\/","title":{"rendered":"Lacuri"},"content":{"rendered":"<p>Oferim o gam\u0103 larg\u0103 de lacuri flexografice \u0219i UV cu numeroase aplica\u021bii \u0219i propriet\u0103\u021bi: de protec\u021bie \u0219i decorative.<\/p>\n<p>\u00cen etapa final\u0103 de finisare a imprim\u0103rii lacurile \u00eembun\u0103t\u0103\u021besc efectul vizual al imprim\u0103rii, protejeaz\u0103 imprimarea \u00eempotriva influen\u021belor mecanice, protejeaz\u0103 \u00eempotriva copiilor produselor de marc\u0103, sporesc rezisten\u021ba la agen\u021bii chimici, provoac\u0103 efecte speciale, de exemplu, antiderapante, anti-blocare.<\/p>\n<p><strong>Lacurile influen\u021beaz\u0103 efectul vizual, precum \u0219i rezisten\u021ba mecanic\u0103 \u0219i chimic\u0103:<\/strong><\/p>\n<ul>\n<li><strong>lacuri lucioase<\/strong>\u00a0\u2013 amplific\u0103 luciul, at\u00e2t a substratului l\u0103cuit, c\u00e2t \u0219i a imprim\u0103rii aplicate pe substrat. Efectul unui luciu bun depinde \u00een mare m\u0103sur\u0103 de calitatea substratului l\u0103cuit \u0219i de grosimea stratului de vopsea aplicat. De foarte multe ori, lacurile lucioase, pe l\u00e2ng\u0103 faptul c\u0103 sporesc luciul, au \u0219i un rol protector, protej\u00e2nd imprimarea \u00eempotriva abraziunii.<\/li>\n<li><strong>lacuri mate<\/strong>\u00a0\u2013 confer\u0103 un efect de mat at\u00e2t substratului, c\u00e2t \u0219i imprim\u0103rii de pe acesta. Ca \u0219i \u00een cazul lacurilor lucioase, efectul unei matific\u0103ri bune depinde de calitatea substratului vopsit \u0219i de grosimea stratului aplicat.<\/li>\n<li><strong>lacuri perlate <\/strong>\u2013 confer\u0103 o str\u0103lucire perlat\u0103 suprafe\u021bei imprimate. Acestea sunt lacuri caracterizate prin propriet\u0103\u021bi estetice extraordinare, care asigur\u0103 ob\u021binerea unui efect suplimentar, care va atrage aten\u021bia. Cu ajutorul acestor lacuri se pot ob\u021bine diverse efecte: un efect de acoperire cu luciu catifelat, un efect de luciu str\u0103lucitor sau un efect de str\u0103lucire.<\/li>\n<li><strong>lacuri vizibile \u00een lumin\u0103 UV<\/strong>\u00a0\u2013 cu propriet\u0103\u021bi specifice, de exemplu, de protec\u021bie, lucioase, antiblocking, antiderapante, \u00een plus vizibile la lumin\u0103 UV. Acestea pot fi utilizate ca marcaje de ambalaj sau ca marcaje de securitate.<\/li>\n<li><strong>lacuri de protec\u021bie <\/strong>\u2013 servesc la cre\u0219terea rezisten\u021bei suprafe\u021bei imprimate la agen\u021bii mecanici \u0219i chimici. Acestea sporesc rezisten\u021ba la abraziune, zg\u00e2rieturi, ap\u0103, gr\u0103sime, temperatur\u0103, solven\u021bi, baze \u0219i acizi. Efectul protector al lacurilor depinde, de asemenea, \u00een mare m\u0103sur\u0103 de grosimea stratului aplicat.<\/li>\n<\/ul>\n<p>&nbsp;<\/p>\n<div><strong><a dir=\"ltr\" title=\"Portal zam\u00f3wie\u0144\" href=\"https:\/\/orders.chespa.eu\/ISZ\/LogIn.aspx?ReturnUrl=%2fISZ%2fWebFormMain.aspx\" target=\"_self\" rel=\"noopener\" name=\"Portal zam\u00f3wie\u0144\">[<\/a><a href=\"https:\/\/orders.chespa.eu\/ISZ\/LogIn.aspx?ReturnUrl=%2fISZ%2fWebFormMain.aspx\">Acceseaz\u0103<\/a><a dir=\"ltr\" title=\"Portal zam\u00f3wie\u0144\" href=\"https:\/\/orders.chespa.eu\/ISZ\/LogIn.aspx?ReturnUrl=%2fISZ%2fWebFormMain.aspx\" target=\"_self\" rel=\"noopener\" name=\"Portal zam\u00f3wie\u0144\"><u> pagina<\/u>]<\/a><\/strong><\/div>\n","protected":false},"excerpt":{"rendered":"<p>Oferim o gam\u0103 larg\u0103 de lacuri flexografice \u0219i UV cu numeroase aplica\u021bii \u0219i propriet\u0103\u021bi: de protec\u021bie \u0219i decorative. \u00cen etapa final\u0103 de finisare a imprim\u0103rii lacurile \u00eembun\u0103t\u0103\u021besc efectul vizual al imprim\u0103rii, protejeaz\u0103 imprimarea \u00eempotriva influen\u021belor mecanice, protejeaz\u0103 \u00eempotriva copiilor produselor de marc\u0103, sporesc rezisten\u021ba la agen\u021bii chimici, provoac\u0103 efecte speciale, de exemplu, antiderapante, anti-blocare. Lacurile [&hellip;]<\/p>\n","protected":false},"author":6,"featured_media":0,"parent":18799,"menu_order":0,"comment_status":"closed","ping_status":"closed","template":"","meta":{"_acf_changed":false,"footnotes":""},"class_list":["post-846","page","type-page","status-publish","hentry"],"acf":[],"yoast_head":"<!-- This site is optimized with the Yoast SEO plugin v27.4 - https:\/\/yoast.com\/product\/yoast-seo-wordpress\/ -->\n<title>Lacuri - Chespa - printing inks, clichees, cutting dies<\/title>\n<meta name=\"description\" content=\"Oferim o gam\u0103 larg\u0103 de lacuri flexografice \u0219i UV cu numeroase aplica\u021bii \u0219i propriet\u0103\u021bi: de protec\u021bie \u0219i decorative.\u00cen etapa final\u0103 de finisare a imprim\u0103rii lacurile \u00eembun\u0103t\u0103\u021besc efectul vizual al imprim\u0103rii, protejeaz\u0103 imprimarea \u00eempotriva influen\u021belor mecanice, protejeaz\u0103 \u00eempotriva copiilor produselor de marc\u0103, sporesc rezisten\u021ba la agen\u021bii chimici, provoac\u0103 efecte speciale, de exemplu, antiderapante, anti-blocare.Lacurile influen\u021beaz\u0103 efectul vizual, precum \u0219i rezisten\u021ba mecanic\u0103 \u0219i chimic\u0103.\" \/>\n<meta name=\"robots\" content=\"index, follow, max-snippet:-1, max-image-preview:large, max-video-preview:-1\" \/>\n<link rel=\"canonical\" href=\"https:\/\/www.chespa.eu\/ro\/lacuri\/\" \/>\n<meta property=\"og:locale\" content=\"ro_RO\" \/>\n<meta property=\"og:type\" content=\"article\" \/>\n<meta property=\"og:title\" content=\"Lacuri - Chespa - printing inks, clichees, cutting dies\" \/>\n<meta property=\"og:description\" content=\"Oferim o gam\u0103 larg\u0103 de lacuri flexografice \u0219i UV cu numeroase aplica\u021bii \u0219i propriet\u0103\u021bi: de protec\u021bie \u0219i decorative.\u00cen etapa final\u0103 de finisare a imprim\u0103rii lacurile \u00eembun\u0103t\u0103\u021besc efectul vizual al imprim\u0103rii, protejeaz\u0103 imprimarea \u00eempotriva influen\u021belor mecanice, protejeaz\u0103 \u00eempotriva copiilor produselor de marc\u0103, sporesc rezisten\u021ba la agen\u021bii chimici, provoac\u0103 efecte speciale, de exemplu, antiderapante, anti-blocare.Lacurile influen\u021beaz\u0103 efectul vizual, precum \u0219i rezisten\u021ba mecanic\u0103 \u0219i chimic\u0103.\" \/>\n<meta property=\"og:url\" content=\"https:\/\/www.chespa.eu\/ro\/lacuri\/\" \/>\n<meta property=\"og:site_name\" content=\"Chespa - printing inks, clichees, cutting dies\" \/>\n<meta property=\"article:modified_time\" content=\"2022-11-10T15:08:56+00:00\" \/>\n<meta name=\"twitter:card\" content=\"summary_large_image\" \/>\n<meta name=\"twitter:label1\" content=\"Est. reading time\" \/>\n\t<meta name=\"twitter:data1\" content=\"2 minutes\" \/>\n<script type=\"application\/ld+json\" class=\"yoast-schema-graph\">{\"@context\":\"https:\\\/\\\/schema.org\",\"@graph\":[{\"@type\":\"WebPage\",\"@id\":\"https:\\\/\\\/www.chespa.eu\\\/ro\\\/lacuri\\\/\",\"url\":\"https:\\\/\\\/www.chespa.eu\\\/ro\\\/lacuri\\\/\",\"name\":\"Lacuri - Chespa - printing inks, clichees, cutting dies\",\"isPartOf\":{\"@id\":\"https:\\\/\\\/www.chespa.eu\\\/#website\"},\"datePublished\":\"2016-02-15T08:35:20+00:00\",\"dateModified\":\"2022-11-10T15:08:56+00:00\",\"description\":\"Oferim o gam\u0103 larg\u0103 de lacuri flexografice \u0219i UV cu numeroase aplica\u021bii \u0219i propriet\u0103\u021bi: de protec\u021bie \u0219i decorative.\u00cen etapa final\u0103 de finisare a imprim\u0103rii lacurile \u00eembun\u0103t\u0103\u021besc efectul vizual al imprim\u0103rii, protejeaz\u0103 imprimarea \u00eempotriva influen\u021belor mecanice, protejeaz\u0103 \u00eempotriva copiilor produselor de marc\u0103, sporesc rezisten\u021ba la agen\u021bii chimici, provoac\u0103 efecte speciale, de exemplu, antiderapante, anti-blocare.Lacurile influen\u021beaz\u0103 efectul vizual, precum \u0219i rezisten\u021ba mecanic\u0103 \u0219i chimic\u0103.\",\"breadcrumb\":{\"@id\":\"https:\\\/\\\/www.chespa.eu\\\/ro\\\/lacuri\\\/#breadcrumb\"},\"inLanguage\":\"ro-RO\",\"potentialAction\":[{\"@type\":\"ReadAction\",\"target\":[\"https:\\\/\\\/www.chespa.eu\\\/ro\\\/lacuri\\\/\"]}]},{\"@type\":\"BreadcrumbList\",\"@id\":\"https:\\\/\\\/www.chespa.eu\\\/ro\\\/lacuri\\\/#breadcrumb\",\"itemListElement\":[{\"@type\":\"ListItem\",\"position\":1,\"name\":\"Strona g\u0142\u00f3wna\",\"item\":\"https:\\\/\\\/www.chespa.eu\\\/\"},{\"@type\":\"ListItem\",\"position\":2,\"name\":\"Lacuri\"}]},{\"@type\":\"WebSite\",\"@id\":\"https:\\\/\\\/www.chespa.eu\\\/#website\",\"url\":\"https:\\\/\\\/www.chespa.eu\\\/\",\"name\":\"Chespa - printing inks, clichees, cutting dies\",\"description\":\"\",\"potentialAction\":[{\"@type\":\"SearchAction\",\"target\":{\"@type\":\"EntryPoint\",\"urlTemplate\":\"https:\\\/\\\/www.chespa.eu\\\/?s={search_term_string}\"},\"query-input\":{\"@type\":\"PropertyValueSpecification\",\"valueRequired\":true,\"valueName\":\"search_term_string\"}}],\"inLanguage\":\"ro-RO\"}]}<\/script>\n<!-- \/ Yoast SEO plugin. -->","yoast_head_json":{"title":"Lacuri - Chespa - printing inks, clichees, cutting dies","description":"Oferim o gam\u0103 larg\u0103 de lacuri flexografice \u0219i UV cu numeroase aplica\u021bii \u0219i propriet\u0103\u021bi: de protec\u021bie \u0219i decorative.\u00cen etapa final\u0103 de finisare a imprim\u0103rii lacurile \u00eembun\u0103t\u0103\u021besc efectul vizual al imprim\u0103rii, protejeaz\u0103 imprimarea \u00eempotriva influen\u021belor mecanice, protejeaz\u0103 \u00eempotriva copiilor produselor de marc\u0103, sporesc rezisten\u021ba la agen\u021bii chimici, provoac\u0103 efecte speciale, de exemplu, antiderapante, anti-blocare.Lacurile influen\u021beaz\u0103 efectul vizual, precum \u0219i rezisten\u021ba mecanic\u0103 \u0219i chimic\u0103.","robots":{"index":"index","follow":"follow","max-snippet":"max-snippet:-1","max-image-preview":"max-image-preview:large","max-video-preview":"max-video-preview:-1"},"canonical":"https:\/\/www.chespa.eu\/ro\/lacuri\/","og_locale":"ro_RO","og_type":"article","og_title":"Lacuri - Chespa - printing inks, clichees, cutting dies","og_description":"Oferim o gam\u0103 larg\u0103 de lacuri flexografice \u0219i UV cu numeroase aplica\u021bii \u0219i propriet\u0103\u021bi: de protec\u021bie \u0219i decorative.\u00cen etapa final\u0103 de finisare a imprim\u0103rii lacurile \u00eembun\u0103t\u0103\u021besc efectul vizual al imprim\u0103rii, protejeaz\u0103 imprimarea \u00eempotriva influen\u021belor mecanice, protejeaz\u0103 \u00eempotriva copiilor produselor de marc\u0103, sporesc rezisten\u021ba la agen\u021bii chimici, provoac\u0103 efecte speciale, de exemplu, antiderapante, anti-blocare.Lacurile influen\u021beaz\u0103 efectul vizual, precum \u0219i rezisten\u021ba mecanic\u0103 \u0219i chimic\u0103.","og_url":"https:\/\/www.chespa.eu\/ro\/lacuri\/","og_site_name":"Chespa - printing inks, clichees, cutting dies","article_modified_time":"2022-11-10T15:08:56+00:00","twitter_card":"summary_large_image","twitter_misc":{"Est. reading time":"2 minutes"},"schema":{"@context":"https:\/\/schema.org","@graph":[{"@type":"WebPage","@id":"https:\/\/www.chespa.eu\/ro\/lacuri\/","url":"https:\/\/www.chespa.eu\/ro\/lacuri\/","name":"Lacuri - Chespa - printing inks, clichees, cutting dies","isPartOf":{"@id":"https:\/\/www.chespa.eu\/#website"},"datePublished":"2016-02-15T08:35:20+00:00","dateModified":"2022-11-10T15:08:56+00:00","description":"Oferim o gam\u0103 larg\u0103 de lacuri flexografice \u0219i UV cu numeroase aplica\u021bii \u0219i propriet\u0103\u021bi: de protec\u021bie \u0219i decorative.\u00cen etapa final\u0103 de finisare a imprim\u0103rii lacurile \u00eembun\u0103t\u0103\u021besc efectul vizual al imprim\u0103rii, protejeaz\u0103 imprimarea \u00eempotriva influen\u021belor mecanice, protejeaz\u0103 \u00eempotriva copiilor produselor de marc\u0103, sporesc rezisten\u021ba la agen\u021bii chimici, provoac\u0103 efecte speciale, de exemplu, antiderapante, anti-blocare.Lacurile influen\u021beaz\u0103 efectul vizual, precum \u0219i rezisten\u021ba mecanic\u0103 \u0219i chimic\u0103.","breadcrumb":{"@id":"https:\/\/www.chespa.eu\/ro\/lacuri\/#breadcrumb"},"inLanguage":"ro-RO","potentialAction":[{"@type":"ReadAction","target":["https:\/\/www.chespa.eu\/ro\/lacuri\/"]}]},{"@type":"BreadcrumbList","@id":"https:\/\/www.chespa.eu\/ro\/lacuri\/#breadcrumb","itemListElement":[{"@type":"ListItem","position":1,"name":"Strona g\u0142\u00f3wna","item":"https:\/\/www.chespa.eu\/"},{"@type":"ListItem","position":2,"name":"Lacuri"}]},{"@type":"WebSite","@id":"https:\/\/www.chespa.eu\/#website","url":"https:\/\/www.chespa.eu\/","name":"Chespa - printing inks, clichees, cutting dies","description":"","potentialAction":[{"@type":"SearchAction","target":{"@type":"EntryPoint","urlTemplate":"https:\/\/www.chespa.eu\/?s={search_term_string}"},"query-input":{"@type":"PropertyValueSpecification","valueRequired":true,"valueName":"search_term_string"}}],"inLanguage":"ro-RO"}]}},"_links":{"self":[{"href":"https:\/\/www.chespa.eu\/ro\/wp-json\/wp\/v2\/pages\/846","targetHints":{"allow":["GET"]}}],"collection":[{"href":"https:\/\/www.chespa.eu\/ro\/wp-json\/wp\/v2\/pages"}],"about":[{"href":"https:\/\/www.chespa.eu\/ro\/wp-json\/wp\/v2\/types\/page"}],"author":[{"embeddable":true,"href":"https:\/\/www.chespa.eu\/ro\/wp-json\/wp\/v2\/users\/6"}],"replies":[{"embeddable":true,"href":"https:\/\/www.chespa.eu\/ro\/wp-json\/wp\/v2\/comments?post=846"}],"version-history":[{"count":10,"href":"https:\/\/www.chespa.eu\/ro\/wp-json\/wp\/v2\/pages\/846\/revisions"}],"predecessor-version":[{"id":4315,"href":"https:\/\/www.chespa.eu\/ro\/wp-json\/wp\/v2\/pages\/846\/revisions\/4315"}],"up":[{"embeddable":true,"href":"https:\/\/www.chespa.eu\/ro\/wp-json\/wp\/v2\/pages\/18799"}],"wp:attachment":[{"href":"https:\/\/www.chespa.eu\/ro\/wp-json\/wp\/v2\/media?parent=846"}],"curies":[{"name":"wp","href":"https:\/\/api.w.org\/{rel}","templated":true}]}}