{"id":788,"date":"2016-02-15T10:31:35","date_gmt":"2016-02-15T09:31:35","guid":{"rendered":"http:\/\/chespa.eu\/ro\/klisze-specjalne\/"},"modified":"2023-03-03T10:33:31","modified_gmt":"2023-03-03T09:33:31","slug":"klisze-specjalne","status":"publish","type":"page","link":"https:\/\/www.chespa.eu\/ro\/produse\/placi-de-imprimare\/klisze-specjalne\/","title":{"rendered":"Cli\u0219ee speciale"},"content":{"rendered":"<p>Cli\u0219eele speciale sunt concepute pentru tipografii offset \u0219i sunt utilizate \u00een procesele de finisare &#8211; l\u0103cuire, imprimare cu cerneluri metalice sau cerneluri perlate. Disponibile \u00een dou\u0103 grosimi (1,14 \u0219i 1,16 mm) \u0219i \u00een mai multe formate care se potrivesc cu majoritatea ma\u0219inilor offset. Sunt rezistente la componentele lacurilor \u0219i solven\u021bilor utiliza\u021bi \u00een mod obi\u0219nuit.<\/p>\n<p>Filmele pentru cerneluri bicomponente, de exemplu albul cu opacitate intens\u0103, se caracterizeaz\u0103, de asemenea, printr-o rezisten\u021b\u0103 sporit\u0103 la acetat.<\/p>\n","protected":false},"excerpt":{"rendered":"<p>Cli\u0219eele speciale sunt concepute pentru tipografii offset \u0219i sunt utilizate \u00een procesele de finisare &#8211; l\u0103cuire, imprimare cu cerneluri metalice sau cerneluri perlate. Disponibile \u00een dou\u0103 grosimi (1,14 \u0219i 1,16 mm) \u0219i \u00een mai multe formate care se potrivesc cu majoritatea ma\u0219inilor offset. Sunt rezistente la componentele lacurilor \u0219i solven\u021bilor utiliza\u021bi \u00een mod obi\u0219nuit. Filmele [&hellip;]<\/p>\n","protected":false},"author":6,"featured_media":9551,"parent":18800,"menu_order":0,"comment_status":"closed","ping_status":"closed","template":"","meta":{"_acf_changed":false,"footnotes":""},"class_list":["post-788","page","type-page","status-publish","has-post-thumbnail","hentry"],"acf":[],"yoast_head":"<!-- This site is optimized with the Yoast SEO plugin v27.3 - https:\/\/yoast.com\/product\/yoast-seo-wordpress\/ -->\n<title>Cli\u0219ee speciale - Chespa - printing inks, clichees, cutting dies<\/title>\n<meta name=\"robots\" content=\"index, follow, max-snippet:-1, max-image-preview:large, max-video-preview:-1\" \/>\n<link rel=\"canonical\" href=\"https:\/\/www.chespa.eu\/ro\/klisze-specjalne\/\" \/>\n<meta property=\"og:locale\" content=\"ro_RO\" \/>\n<meta property=\"og:type\" content=\"article\" \/>\n<meta property=\"og:title\" content=\"Cli\u0219ee speciale - Chespa - printing inks, clichees, cutting dies\" \/>\n<meta property=\"og:description\" content=\"Cli\u0219eele speciale sunt concepute pentru tipografii offset \u0219i sunt utilizate \u00een procesele de finisare &#8211; l\u0103cuire, imprimare cu cerneluri metalice sau cerneluri perlate. Disponibile \u00een dou\u0103 grosimi (1,14 \u0219i 1,16 mm) \u0219i \u00een mai multe formate care se potrivesc cu majoritatea ma\u0219inilor offset. Sunt rezistente la componentele lacurilor \u0219i solven\u021bilor utiliza\u021bi \u00een mod obi\u0219nuit. Filmele [&hellip;]\" \/>\n<meta property=\"og:url\" content=\"https:\/\/www.chespa.eu\/ro\/klisze-specjalne\/\" \/>\n<meta property=\"og:site_name\" content=\"Chespa - printing inks, clichees, cutting dies\" \/>\n<meta property=\"article:modified_time\" content=\"2023-03-03T09:33:31+00:00\" \/>\n<meta property=\"og:image\" content=\"https:\/\/www.chespa.eu\/wp-content\/uploads\/2016\/08\/klisze.jpg\" \/>\n\t<meta property=\"og:image:width\" content=\"1920\" \/>\n\t<meta property=\"og:image:height\" content=\"295\" \/>\n\t<meta property=\"og:image:type\" content=\"image\/jpeg\" \/>\n<meta name=\"twitter:card\" content=\"summary_large_image\" \/>\n<meta name=\"twitter:label1\" content=\"Est. reading time\" \/>\n\t<meta name=\"twitter:data1\" content=\"1 minute\" \/>\n<script type=\"application\/ld+json\" class=\"yoast-schema-graph\">{\"@context\":\"https:\\\/\\\/schema.org\",\"@graph\":[{\"@type\":\"WebPage\",\"@id\":\"https:\\\/\\\/www.chespa.eu\\\/ro\\\/klisze-specjalne\\\/\",\"url\":\"https:\\\/\\\/www.chespa.eu\\\/ro\\\/klisze-specjalne\\\/\",\"name\":\"Cli\u0219ee speciale - Chespa - printing inks, clichees, cutting dies\",\"isPartOf\":{\"@id\":\"https:\\\/\\\/www.chespa.eu\\\/#website\"},\"primaryImageOfPage\":{\"@id\":\"https:\\\/\\\/www.chespa.eu\\\/ro\\\/klisze-specjalne\\\/#primaryimage\"},\"image\":{\"@id\":\"https:\\\/\\\/www.chespa.eu\\\/ro\\\/klisze-specjalne\\\/#primaryimage\"},\"thumbnailUrl\":\"https:\\\/\\\/www.chespa.eu\\\/wp-content\\\/uploads\\\/2016\\\/08\\\/klisze.jpg\",\"datePublished\":\"2016-02-15T09:31:35+00:00\",\"dateModified\":\"2023-03-03T09:33:31+00:00\",\"breadcrumb\":{\"@id\":\"https:\\\/\\\/www.chespa.eu\\\/ro\\\/klisze-specjalne\\\/#breadcrumb\"},\"inLanguage\":\"ro-RO\",\"potentialAction\":[{\"@type\":\"ReadAction\",\"target\":[\"https:\\\/\\\/www.chespa.eu\\\/ro\\\/klisze-specjalne\\\/\"]}]},{\"@type\":\"ImageObject\",\"inLanguage\":\"ro-RO\",\"@id\":\"https:\\\/\\\/www.chespa.eu\\\/ro\\\/klisze-specjalne\\\/#primaryimage\",\"url\":\"https:\\\/\\\/www.chespa.eu\\\/wp-content\\\/uploads\\\/2016\\\/08\\\/klisze.jpg\",\"contentUrl\":\"https:\\\/\\\/www.chespa.eu\\\/wp-content\\\/uploads\\\/2016\\\/08\\\/klisze.jpg\",\"width\":1920,\"height\":295,\"caption\":\"klisze fotopolimerowe Chespa\"},{\"@type\":\"BreadcrumbList\",\"@id\":\"https:\\\/\\\/www.chespa.eu\\\/ro\\\/klisze-specjalne\\\/#breadcrumb\",\"itemListElement\":[{\"@type\":\"ListItem\",\"position\":1,\"name\":\"Strona g\u0142\u00f3wna\",\"item\":\"https:\\\/\\\/www.chespa.eu\\\/\"},{\"@type\":\"ListItem\",\"position\":2,\"name\":\"Cli\u0219ee speciale\"}]},{\"@type\":\"WebSite\",\"@id\":\"https:\\\/\\\/www.chespa.eu\\\/#website\",\"url\":\"https:\\\/\\\/www.chespa.eu\\\/\",\"name\":\"Chespa - printing inks, clichees, cutting dies\",\"description\":\"\",\"potentialAction\":[{\"@type\":\"SearchAction\",\"target\":{\"@type\":\"EntryPoint\",\"urlTemplate\":\"https:\\\/\\\/www.chespa.eu\\\/?s={search_term_string}\"},\"query-input\":{\"@type\":\"PropertyValueSpecification\",\"valueRequired\":true,\"valueName\":\"search_term_string\"}}],\"inLanguage\":\"ro-RO\"}]}<\/script>\n<!-- \/ Yoast SEO plugin. -->","yoast_head_json":{"title":"Cli\u0219ee speciale - Chespa - printing inks, clichees, cutting dies","robots":{"index":"index","follow":"follow","max-snippet":"max-snippet:-1","max-image-preview":"max-image-preview:large","max-video-preview":"max-video-preview:-1"},"canonical":"https:\/\/www.chespa.eu\/ro\/klisze-specjalne\/","og_locale":"ro_RO","og_type":"article","og_title":"Cli\u0219ee speciale - Chespa - printing inks, clichees, cutting dies","og_description":"Cli\u0219eele speciale sunt concepute pentru tipografii offset \u0219i sunt utilizate \u00een procesele de finisare &#8211; l\u0103cuire, imprimare cu cerneluri metalice sau cerneluri perlate. Disponibile \u00een dou\u0103 grosimi (1,14 \u0219i 1,16 mm) \u0219i \u00een mai multe formate care se potrivesc cu majoritatea ma\u0219inilor offset. Sunt rezistente la componentele lacurilor \u0219i solven\u021bilor utiliza\u021bi \u00een mod obi\u0219nuit. Filmele [&hellip;]","og_url":"https:\/\/www.chespa.eu\/ro\/klisze-specjalne\/","og_site_name":"Chespa - printing inks, clichees, cutting dies","article_modified_time":"2023-03-03T09:33:31+00:00","og_image":[{"width":1920,"height":295,"url":"https:\/\/www.chespa.eu\/wp-content\/uploads\/2016\/08\/klisze.jpg","type":"image\/jpeg"}],"twitter_card":"summary_large_image","twitter_misc":{"Est. reading time":"1 minute"},"schema":{"@context":"https:\/\/schema.org","@graph":[{"@type":"WebPage","@id":"https:\/\/www.chespa.eu\/ro\/klisze-specjalne\/","url":"https:\/\/www.chespa.eu\/ro\/klisze-specjalne\/","name":"Cli\u0219ee speciale - Chespa - printing inks, clichees, cutting dies","isPartOf":{"@id":"https:\/\/www.chespa.eu\/#website"},"primaryImageOfPage":{"@id":"https:\/\/www.chespa.eu\/ro\/klisze-specjalne\/#primaryimage"},"image":{"@id":"https:\/\/www.chespa.eu\/ro\/klisze-specjalne\/#primaryimage"},"thumbnailUrl":"https:\/\/www.chespa.eu\/wp-content\/uploads\/2016\/08\/klisze.jpg","datePublished":"2016-02-15T09:31:35+00:00","dateModified":"2023-03-03T09:33:31+00:00","breadcrumb":{"@id":"https:\/\/www.chespa.eu\/ro\/klisze-specjalne\/#breadcrumb"},"inLanguage":"ro-RO","potentialAction":[{"@type":"ReadAction","target":["https:\/\/www.chespa.eu\/ro\/klisze-specjalne\/"]}]},{"@type":"ImageObject","inLanguage":"ro-RO","@id":"https:\/\/www.chespa.eu\/ro\/klisze-specjalne\/#primaryimage","url":"https:\/\/www.chespa.eu\/wp-content\/uploads\/2016\/08\/klisze.jpg","contentUrl":"https:\/\/www.chespa.eu\/wp-content\/uploads\/2016\/08\/klisze.jpg","width":1920,"height":295,"caption":"klisze fotopolimerowe Chespa"},{"@type":"BreadcrumbList","@id":"https:\/\/www.chespa.eu\/ro\/klisze-specjalne\/#breadcrumb","itemListElement":[{"@type":"ListItem","position":1,"name":"Strona g\u0142\u00f3wna","item":"https:\/\/www.chespa.eu\/"},{"@type":"ListItem","position":2,"name":"Cli\u0219ee speciale"}]},{"@type":"WebSite","@id":"https:\/\/www.chespa.eu\/#website","url":"https:\/\/www.chespa.eu\/","name":"Chespa - printing inks, clichees, cutting dies","description":"","potentialAction":[{"@type":"SearchAction","target":{"@type":"EntryPoint","urlTemplate":"https:\/\/www.chespa.eu\/?s={search_term_string}"},"query-input":{"@type":"PropertyValueSpecification","valueRequired":true,"valueName":"search_term_string"}}],"inLanguage":"ro-RO"}]}},"_links":{"self":[{"href":"https:\/\/www.chespa.eu\/ro\/wp-json\/wp\/v2\/pages\/788","targetHints":{"allow":["GET"]}}],"collection":[{"href":"https:\/\/www.chespa.eu\/ro\/wp-json\/wp\/v2\/pages"}],"about":[{"href":"https:\/\/www.chespa.eu\/ro\/wp-json\/wp\/v2\/types\/page"}],"author":[{"embeddable":true,"href":"https:\/\/www.chespa.eu\/ro\/wp-json\/wp\/v2\/users\/6"}],"replies":[{"embeddable":true,"href":"https:\/\/www.chespa.eu\/ro\/wp-json\/wp\/v2\/comments?post=788"}],"version-history":[{"count":9,"href":"https:\/\/www.chespa.eu\/ro\/wp-json\/wp\/v2\/pages\/788\/revisions"}],"predecessor-version":[{"id":17028,"href":"https:\/\/www.chespa.eu\/ro\/wp-json\/wp\/v2\/pages\/788\/revisions\/17028"}],"up":[{"embeddable":true,"href":"https:\/\/www.chespa.eu\/ro\/wp-json\/wp\/v2\/pages\/18800"}],"wp:featuredmedia":[{"embeddable":true,"href":"https:\/\/www.chespa.eu\/ro\/wp-json\/wp\/v2\/media\/9551"}],"wp:attachment":[{"href":"https:\/\/www.chespa.eu\/ro\/wp-json\/wp\/v2\/media?parent=788"}],"curies":[{"name":"wp","href":"https:\/\/api.w.org\/{rel}","templated":true}]}}