{"id":7734,"date":"2017-10-10T08:53:55","date_gmt":"2017-10-10T06:53:55","guid":{"rendered":"https:\/\/www.chespa.eu\/technologia-crystal\/"},"modified":"2023-03-16T12:42:02","modified_gmt":"2023-03-16T11:42:02","slug":"technologia-crystal","status":"publish","type":"page","link":"https:\/\/www.chespa.eu\/ro\/produse\/placi-de-imprimare\/technologia-crystal\/","title":{"rendered":"Crystal Technology"},"content":{"rendered":"<div class=\"the-page-content\">\n<h2>PRIMA INSTALARE \u00ceN POLONIA!<\/h2>\n<p>Copiatorul inovator XPS Crystal 5080 cu expunere UV LED patentat\u0103<\/p>\n<p><strong>O NOU\u0102 GENERA\u021aIE DE PRODUC\u021aIE DE MATRI\u021aE FLEXOGRAFICE<\/strong><\/p>\n<ul>\n<li>Densitate optic\u0103 excep\u021bional\u0103,<\/li>\n<li>Tranzi\u021bii tonale fluide,<\/li>\n<li>Eliminarea efectului de punte,<\/li>\n<li>Rastere stabile \u00een lumini.<\/li>\n<\/ul>\n<p>&nbsp;<\/p>\n<p>V\u0103 invit\u0103m s\u0103 testa\u021bi!<\/p>\n<\/div>\n","protected":false},"excerpt":{"rendered":"<p>PRIMA INSTALARE \u00ceN POLONIA! Copiatorul inovator XPS Crystal 5080 cu expunere UV LED patentat\u0103 O NOU\u0102 GENERA\u021aIE DE PRODUC\u021aIE DE MATRI\u021aE FLEXOGRAFICE Densitate optic\u0103 excep\u021bional\u0103, Tranzi\u021bii tonale fluide, Eliminarea efectului de punte, Rastere stabile \u00een lumini. &nbsp; V\u0103 invit\u0103m s\u0103 testa\u021bi!<\/p>\n","protected":false},"author":2,"featured_media":6949,"parent":18800,"menu_order":0,"comment_status":"closed","ping_status":"closed","template":"","meta":{"_acf_changed":false,"footnotes":""},"class_list":["post-7734","page","type-page","status-publish","has-post-thumbnail","hentry"],"acf":[],"yoast_head":"<!-- This site is optimized with the Yoast SEO plugin v27.3 - https:\/\/yoast.com\/product\/yoast-seo-wordpress\/ -->\n<title>Crystal Technology - Chespa - printing inks, clichees, cutting dies<\/title>\n<meta name=\"robots\" content=\"index, follow, max-snippet:-1, max-image-preview:large, max-video-preview:-1\" \/>\n<link rel=\"canonical\" href=\"https:\/\/www.chespa.eu\/ro\/technologia-crystal\/\" \/>\n<meta property=\"og:locale\" content=\"ro_RO\" \/>\n<meta property=\"og:type\" content=\"article\" \/>\n<meta property=\"og:title\" content=\"Crystal Technology - Chespa - printing inks, clichees, cutting dies\" \/>\n<meta property=\"og:description\" content=\"PRIMA INSTALARE \u00ceN POLONIA! Copiatorul inovator XPS Crystal 5080 cu expunere UV LED patentat\u0103 O NOU\u0102 GENERA\u021aIE DE PRODUC\u021aIE DE MATRI\u021aE FLEXOGRAFICE Densitate optic\u0103 excep\u021bional\u0103, Tranzi\u021bii tonale fluide, Eliminarea efectului de punte, Rastere stabile \u00een lumini. &nbsp; V\u0103 invit\u0103m s\u0103 testa\u021bi!\" \/>\n<meta property=\"og:url\" content=\"https:\/\/www.chespa.eu\/ro\/technologia-crystal\/\" \/>\n<meta property=\"og:site_name\" content=\"Chespa - printing inks, clichees, cutting dies\" \/>\n<meta property=\"article:modified_time\" content=\"2023-03-16T11:42:02+00:00\" \/>\n<meta property=\"og:image\" content=\"https:\/\/www.chespa.eu\/wp-content\/uploads\/2017\/10\/crystal.png\" \/>\n\t<meta property=\"og:image:width\" content=\"1920\" \/>\n\t<meta property=\"og:image:height\" content=\"295\" \/>\n\t<meta property=\"og:image:type\" content=\"image\/png\" \/>\n<meta name=\"twitter:card\" content=\"summary_large_image\" \/>\n<meta name=\"twitter:label1\" content=\"Est. reading time\" \/>\n\t<meta name=\"twitter:data1\" content=\"1 minute\" \/>\n<script type=\"application\/ld+json\" class=\"yoast-schema-graph\">{\"@context\":\"https:\\\/\\\/schema.org\",\"@graph\":[{\"@type\":\"WebPage\",\"@id\":\"https:\\\/\\\/www.chespa.eu\\\/ro\\\/technologia-crystal\\\/\",\"url\":\"https:\\\/\\\/www.chespa.eu\\\/ro\\\/technologia-crystal\\\/\",\"name\":\"Crystal Technology - Chespa - printing inks, clichees, cutting dies\",\"isPartOf\":{\"@id\":\"https:\\\/\\\/www.chespa.eu\\\/#website\"},\"primaryImageOfPage\":{\"@id\":\"https:\\\/\\\/www.chespa.eu\\\/ro\\\/technologia-crystal\\\/#primaryimage\"},\"image\":{\"@id\":\"https:\\\/\\\/www.chespa.eu\\\/ro\\\/technologia-crystal\\\/#primaryimage\"},\"thumbnailUrl\":\"https:\\\/\\\/www.chespa.eu\\\/wp-content\\\/uploads\\\/2017\\\/10\\\/crystal.png\",\"datePublished\":\"2017-10-10T06:53:55+00:00\",\"dateModified\":\"2023-03-16T11:42:02+00:00\",\"breadcrumb\":{\"@id\":\"https:\\\/\\\/www.chespa.eu\\\/ro\\\/technologia-crystal\\\/#breadcrumb\"},\"inLanguage\":\"ro-RO\",\"potentialAction\":[{\"@type\":\"ReadAction\",\"target\":[\"https:\\\/\\\/www.chespa.eu\\\/ro\\\/technologia-crystal\\\/\"]}]},{\"@type\":\"ImageObject\",\"inLanguage\":\"ro-RO\",\"@id\":\"https:\\\/\\\/www.chespa.eu\\\/ro\\\/technologia-crystal\\\/#primaryimage\",\"url\":\"https:\\\/\\\/www.chespa.eu\\\/wp-content\\\/uploads\\\/2017\\\/10\\\/crystal.png\",\"contentUrl\":\"https:\\\/\\\/www.chespa.eu\\\/wp-content\\\/uploads\\\/2017\\\/10\\\/crystal.png\",\"width\":1920,\"height\":295},{\"@type\":\"BreadcrumbList\",\"@id\":\"https:\\\/\\\/www.chespa.eu\\\/ro\\\/technologia-crystal\\\/#breadcrumb\",\"itemListElement\":[{\"@type\":\"ListItem\",\"position\":1,\"name\":\"Strona g\u0142\u00f3wna\",\"item\":\"https:\\\/\\\/www.chespa.eu\\\/\"},{\"@type\":\"ListItem\",\"position\":2,\"name\":\"Crystal Technology\"}]},{\"@type\":\"WebSite\",\"@id\":\"https:\\\/\\\/www.chespa.eu\\\/#website\",\"url\":\"https:\\\/\\\/www.chespa.eu\\\/\",\"name\":\"Chespa - printing inks, clichees, cutting dies\",\"description\":\"\",\"potentialAction\":[{\"@type\":\"SearchAction\",\"target\":{\"@type\":\"EntryPoint\",\"urlTemplate\":\"https:\\\/\\\/www.chespa.eu\\\/?s={search_term_string}\"},\"query-input\":{\"@type\":\"PropertyValueSpecification\",\"valueRequired\":true,\"valueName\":\"search_term_string\"}}],\"inLanguage\":\"ro-RO\"}]}<\/script>\n<!-- \/ Yoast SEO plugin. -->","yoast_head_json":{"title":"Crystal Technology - Chespa - printing inks, clichees, cutting dies","robots":{"index":"index","follow":"follow","max-snippet":"max-snippet:-1","max-image-preview":"max-image-preview:large","max-video-preview":"max-video-preview:-1"},"canonical":"https:\/\/www.chespa.eu\/ro\/technologia-crystal\/","og_locale":"ro_RO","og_type":"article","og_title":"Crystal Technology - Chespa - printing inks, clichees, cutting dies","og_description":"PRIMA INSTALARE \u00ceN POLONIA! Copiatorul inovator XPS Crystal 5080 cu expunere UV LED patentat\u0103 O NOU\u0102 GENERA\u021aIE DE PRODUC\u021aIE DE MATRI\u021aE FLEXOGRAFICE Densitate optic\u0103 excep\u021bional\u0103, Tranzi\u021bii tonale fluide, Eliminarea efectului de punte, Rastere stabile \u00een lumini. &nbsp; V\u0103 invit\u0103m s\u0103 testa\u021bi!","og_url":"https:\/\/www.chespa.eu\/ro\/technologia-crystal\/","og_site_name":"Chespa - printing inks, clichees, cutting dies","article_modified_time":"2023-03-16T11:42:02+00:00","og_image":[{"width":1920,"height":295,"url":"https:\/\/www.chespa.eu\/wp-content\/uploads\/2017\/10\/crystal.png","type":"image\/png"}],"twitter_card":"summary_large_image","twitter_misc":{"Est. reading time":"1 minute"},"schema":{"@context":"https:\/\/schema.org","@graph":[{"@type":"WebPage","@id":"https:\/\/www.chespa.eu\/ro\/technologia-crystal\/","url":"https:\/\/www.chespa.eu\/ro\/technologia-crystal\/","name":"Crystal Technology - Chespa - printing inks, clichees, cutting dies","isPartOf":{"@id":"https:\/\/www.chespa.eu\/#website"},"primaryImageOfPage":{"@id":"https:\/\/www.chespa.eu\/ro\/technologia-crystal\/#primaryimage"},"image":{"@id":"https:\/\/www.chespa.eu\/ro\/technologia-crystal\/#primaryimage"},"thumbnailUrl":"https:\/\/www.chespa.eu\/wp-content\/uploads\/2017\/10\/crystal.png","datePublished":"2017-10-10T06:53:55+00:00","dateModified":"2023-03-16T11:42:02+00:00","breadcrumb":{"@id":"https:\/\/www.chespa.eu\/ro\/technologia-crystal\/#breadcrumb"},"inLanguage":"ro-RO","potentialAction":[{"@type":"ReadAction","target":["https:\/\/www.chespa.eu\/ro\/technologia-crystal\/"]}]},{"@type":"ImageObject","inLanguage":"ro-RO","@id":"https:\/\/www.chespa.eu\/ro\/technologia-crystal\/#primaryimage","url":"https:\/\/www.chespa.eu\/wp-content\/uploads\/2017\/10\/crystal.png","contentUrl":"https:\/\/www.chespa.eu\/wp-content\/uploads\/2017\/10\/crystal.png","width":1920,"height":295},{"@type":"BreadcrumbList","@id":"https:\/\/www.chespa.eu\/ro\/technologia-crystal\/#breadcrumb","itemListElement":[{"@type":"ListItem","position":1,"name":"Strona g\u0142\u00f3wna","item":"https:\/\/www.chespa.eu\/"},{"@type":"ListItem","position":2,"name":"Crystal Technology"}]},{"@type":"WebSite","@id":"https:\/\/www.chespa.eu\/#website","url":"https:\/\/www.chespa.eu\/","name":"Chespa - printing inks, clichees, cutting dies","description":"","potentialAction":[{"@type":"SearchAction","target":{"@type":"EntryPoint","urlTemplate":"https:\/\/www.chespa.eu\/?s={search_term_string}"},"query-input":{"@type":"PropertyValueSpecification","valueRequired":true,"valueName":"search_term_string"}}],"inLanguage":"ro-RO"}]}},"_links":{"self":[{"href":"https:\/\/www.chespa.eu\/ro\/wp-json\/wp\/v2\/pages\/7734","targetHints":{"allow":["GET"]}}],"collection":[{"href":"https:\/\/www.chespa.eu\/ro\/wp-json\/wp\/v2\/pages"}],"about":[{"href":"https:\/\/www.chespa.eu\/ro\/wp-json\/wp\/v2\/types\/page"}],"author":[{"embeddable":true,"href":"https:\/\/www.chespa.eu\/ro\/wp-json\/wp\/v2\/users\/2"}],"replies":[{"embeddable":true,"href":"https:\/\/www.chespa.eu\/ro\/wp-json\/wp\/v2\/comments?post=7734"}],"version-history":[{"count":2,"href":"https:\/\/www.chespa.eu\/ro\/wp-json\/wp\/v2\/pages\/7734\/revisions"}],"predecessor-version":[{"id":17083,"href":"https:\/\/www.chespa.eu\/ro\/wp-json\/wp\/v2\/pages\/7734\/revisions\/17083"}],"up":[{"embeddable":true,"href":"https:\/\/www.chespa.eu\/ro\/wp-json\/wp\/v2\/pages\/18800"}],"wp:featuredmedia":[{"embeddable":true,"href":"https:\/\/www.chespa.eu\/ro\/wp-json\/wp\/v2\/media\/6949"}],"wp:attachment":[{"href":"https:\/\/www.chespa.eu\/ro\/wp-json\/wp\/v2\/media?parent=7734"}],"curies":[{"name":"wp","href":"https:\/\/api.w.org\/{rel}","templated":true}]}}