{"id":768,"date":"2015-12-04T13:37:53","date_gmt":"2015-12-04T12:37:53","guid":{"rendered":"http:\/\/chespa.eu\/ro\/klisze\/"},"modified":"2016-06-01T07:34:11","modified_gmt":"2016-06-01T05:34:11","slug":"klisze","status":"publish","type":"page","link":"https:\/\/www.chespa.eu\/ro\/klisze\/","title":{"rendered":"Cli\u0219eele fotopolimer"},"content":{"rendered":"<div>\n<p>Chespa ofera servicii complete \u00een curs de preg\u0103tire pentru tip\u0103rire grafic\u0103 \u0219i pl\u0103ci de tipar fotopolimerice:<\/p>\n<p>&#8211; Pl\u0103ci de fotopolimeri de la 1,14 p\u00e2n\u0103 la 6,35 mm pentru imprimarea pe orice m\u00e2neci pod\u0142o\u017cach- f\u0103r\u0103 sf\u00e2r\u0219it: rapoarte de 290-1290 mm<\/p>\n<p>&#8211; Placi pentru vopsire<\/p>\n<p>&#8211; Instalarea de spume din poliester transparente de film sau f\u0103r\u0103 compensa\u021bie<\/p>\n<p>&#8211; Instalarea pl\u0103cilor de tipar fotopolimerice pentru sleevach mari<\/p>\n<p>&#8211; Demonstratii de l\u0103\u021bimi de simulare dot p\u00e2n\u0103 la 610 mm<\/p>\n<p>&#8211; Mockupy sau modele imprimate pachete finisate pe o varietate de substraturi<\/p>\n<p>&#8211; Testarea ma\u0219inilor, analiza lor, profilare<\/p>\n<p>&#8211; \u00cen\u021beles \u00een linii mari de procesare grafic\u0103 pentru flexografie, rotogravur\u0103 si offset<\/p>\n<p>(Lucrare, de procesare a imaginii, adaptarea la o anumit\u0103 tehnologie de imprimare \u0219i o ma\u0219in\u0103 special\u0103)<\/p>\n<p>Cooperarea constant\u0103 cu companii interna\u021bionale de renume asigur\u0103 o calitate constant\u0103 \u0219i \u00eenalt\u0103 a produselor noastre. Cu o gam\u0103 larg\u0103 de tehnologii, vom adapta execu\u021bia pl\u0103cii de imprimare la cerin\u021bele explicite ale tip\u0103ririi.<br \/>\n\u00cen func\u021bie de configura\u021bie, imprimarea, selecta\u021bi tehnologia corespunz\u0103toare, tipul metodelor de film \u0219i de screening. Efectul de imprimare cu un astfel de film realizat este \u00een mod clar mai bun\u0103 dec\u00e2t CTP tradi\u021bional. Acest lucru v\u0103 permite s\u0103 ob\u021bine\u021bi un contrast mai ridicat, gam\u0103 mai larg\u0103 de nuan\u021be (vezi semafoare) tranzi\u021bii tonale mai fine, \u0219i cheltuieli mai lungi, f\u0103r\u0103 sp\u0103lare, \u0219i \u00een cazul \u00een care, pentru a permite aniloksy hot\u0103r\u00e2ri cu ecran mai mare \u00een grafic.<\/p>\n<\/div>\n","protected":false},"excerpt":{"rendered":"<p>Chespa ofera servicii complete \u00een curs de preg\u0103tire pentru tip\u0103rire grafic\u0103 \u0219i pl\u0103ci de tipar fotopolimerice: &#8211; Pl\u0103ci de fotopolimeri de la 1,14 p\u00e2n\u0103 la 6,35 mm pentru imprimarea pe orice m\u00e2neci pod\u0142o\u017cach- f\u0103r\u0103 sf\u00e2r\u0219it: rapoarte de 290-1290 mm &#8211; Placi pentru vopsire &#8211; Instalarea de spume din poliester transparente de film sau f\u0103r\u0103 compensa\u021bie [&hellip;]<\/p>\n","protected":false},"author":6,"featured_media":9551,"parent":0,"menu_order":0,"comment_status":"closed","ping_status":"closed","template":"","meta":{"_acf_changed":false,"footnotes":""},"class_list":["post-768","page","type-page","status-publish","has-post-thumbnail","hentry"],"acf":[],"yoast_head":"<!-- This site is optimized with the Yoast SEO plugin v27.3 - https:\/\/yoast.com\/product\/yoast-seo-wordpress\/ -->\n<title>Cli\u0219eele fotopolimer - Chespa - printing inks, clichees, cutting dies<\/title>\n<meta name=\"robots\" content=\"index, follow, max-snippet:-1, max-image-preview:large, max-video-preview:-1\" \/>\n<link rel=\"canonical\" href=\"https:\/\/www.chespa.eu\/ro\/klisze\/\" \/>\n<meta property=\"og:locale\" content=\"ro_RO\" \/>\n<meta property=\"og:type\" content=\"article\" \/>\n<meta property=\"og:title\" content=\"Cli\u0219eele fotopolimer - Chespa - printing inks, clichees, cutting dies\" \/>\n<meta property=\"og:description\" content=\"Chespa ofera servicii complete \u00een curs de preg\u0103tire pentru tip\u0103rire grafic\u0103 \u0219i pl\u0103ci de tipar fotopolimerice: &#8211; Pl\u0103ci de fotopolimeri de la 1,14 p\u00e2n\u0103 la 6,35 mm pentru imprimarea pe orice m\u00e2neci pod\u0142o\u017cach- f\u0103r\u0103 sf\u00e2r\u0219it: rapoarte de 290-1290 mm &#8211; Placi pentru vopsire &#8211; Instalarea de spume din poliester transparente de film sau f\u0103r\u0103 compensa\u021bie [&hellip;]\" \/>\n<meta property=\"og:url\" content=\"https:\/\/www.chespa.eu\/ro\/klisze\/\" \/>\n<meta property=\"og:site_name\" content=\"Chespa - printing inks, clichees, cutting dies\" \/>\n<meta property=\"article:modified_time\" content=\"2016-06-01T05:34:11+00:00\" \/>\n<meta property=\"og:image\" content=\"https:\/\/www.chespa.eu\/wp-content\/uploads\/2016\/08\/klisze.jpg\" \/>\n\t<meta property=\"og:image:width\" content=\"1920\" \/>\n\t<meta property=\"og:image:height\" content=\"295\" \/>\n\t<meta property=\"og:image:type\" content=\"image\/jpeg\" \/>\n<meta name=\"twitter:card\" content=\"summary_large_image\" \/>\n<meta name=\"twitter:label1\" content=\"Est. reading time\" \/>\n\t<meta name=\"twitter:data1\" content=\"1 minute\" \/>\n<script type=\"application\/ld+json\" class=\"yoast-schema-graph\">{\"@context\":\"https:\\\/\\\/schema.org\",\"@graph\":[{\"@type\":\"WebPage\",\"@id\":\"https:\\\/\\\/www.chespa.eu\\\/ro\\\/klisze\\\/\",\"url\":\"https:\\\/\\\/www.chespa.eu\\\/ro\\\/klisze\\\/\",\"name\":\"Cli\u0219eele fotopolimer - Chespa - printing inks, clichees, cutting dies\",\"isPartOf\":{\"@id\":\"https:\\\/\\\/www.chespa.eu\\\/#website\"},\"primaryImageOfPage\":{\"@id\":\"https:\\\/\\\/www.chespa.eu\\\/ro\\\/klisze\\\/#primaryimage\"},\"image\":{\"@id\":\"https:\\\/\\\/www.chespa.eu\\\/ro\\\/klisze\\\/#primaryimage\"},\"thumbnailUrl\":\"https:\\\/\\\/www.chespa.eu\\\/wp-content\\\/uploads\\\/2016\\\/08\\\/klisze.jpg\",\"datePublished\":\"2015-12-04T12:37:53+00:00\",\"dateModified\":\"2016-06-01T05:34:11+00:00\",\"breadcrumb\":{\"@id\":\"https:\\\/\\\/www.chespa.eu\\\/ro\\\/klisze\\\/#breadcrumb\"},\"inLanguage\":\"ro-RO\",\"potentialAction\":[{\"@type\":\"ReadAction\",\"target\":[\"https:\\\/\\\/www.chespa.eu\\\/ro\\\/klisze\\\/\"]}]},{\"@type\":\"ImageObject\",\"inLanguage\":\"ro-RO\",\"@id\":\"https:\\\/\\\/www.chespa.eu\\\/ro\\\/klisze\\\/#primaryimage\",\"url\":\"https:\\\/\\\/www.chespa.eu\\\/wp-content\\\/uploads\\\/2016\\\/08\\\/klisze.jpg\",\"contentUrl\":\"https:\\\/\\\/www.chespa.eu\\\/wp-content\\\/uploads\\\/2016\\\/08\\\/klisze.jpg\",\"width\":1920,\"height\":295,\"caption\":\"klisze fotopolimerowe Chespa\"},{\"@type\":\"BreadcrumbList\",\"@id\":\"https:\\\/\\\/www.chespa.eu\\\/ro\\\/klisze\\\/#breadcrumb\",\"itemListElement\":[{\"@type\":\"ListItem\",\"position\":1,\"name\":\"Strona g\u0142\u00f3wna\",\"item\":\"https:\\\/\\\/www.chespa.eu\\\/\"},{\"@type\":\"ListItem\",\"position\":2,\"name\":\"Cli\u0219eele fotopolimer\"}]},{\"@type\":\"WebSite\",\"@id\":\"https:\\\/\\\/www.chespa.eu\\\/#website\",\"url\":\"https:\\\/\\\/www.chespa.eu\\\/\",\"name\":\"Chespa - printing inks, clichees, cutting dies\",\"description\":\"\",\"potentialAction\":[{\"@type\":\"SearchAction\",\"target\":{\"@type\":\"EntryPoint\",\"urlTemplate\":\"https:\\\/\\\/www.chespa.eu\\\/?s={search_term_string}\"},\"query-input\":{\"@type\":\"PropertyValueSpecification\",\"valueRequired\":true,\"valueName\":\"search_term_string\"}}],\"inLanguage\":\"ro-RO\"}]}<\/script>\n<!-- \/ Yoast SEO plugin. -->","yoast_head_json":{"title":"Cli\u0219eele fotopolimer - Chespa - printing inks, clichees, cutting dies","robots":{"index":"index","follow":"follow","max-snippet":"max-snippet:-1","max-image-preview":"max-image-preview:large","max-video-preview":"max-video-preview:-1"},"canonical":"https:\/\/www.chespa.eu\/ro\/klisze\/","og_locale":"ro_RO","og_type":"article","og_title":"Cli\u0219eele fotopolimer - Chespa - printing inks, clichees, cutting dies","og_description":"Chespa ofera servicii complete \u00een curs de preg\u0103tire pentru tip\u0103rire grafic\u0103 \u0219i pl\u0103ci de tipar fotopolimerice: &#8211; Pl\u0103ci de fotopolimeri de la 1,14 p\u00e2n\u0103 la 6,35 mm pentru imprimarea pe orice m\u00e2neci pod\u0142o\u017cach- f\u0103r\u0103 sf\u00e2r\u0219it: rapoarte de 290-1290 mm &#8211; Placi pentru vopsire &#8211; Instalarea de spume din poliester transparente de film sau f\u0103r\u0103 compensa\u021bie [&hellip;]","og_url":"https:\/\/www.chespa.eu\/ro\/klisze\/","og_site_name":"Chespa - printing inks, clichees, cutting dies","article_modified_time":"2016-06-01T05:34:11+00:00","og_image":[{"width":1920,"height":295,"url":"https:\/\/www.chespa.eu\/wp-content\/uploads\/2016\/08\/klisze.jpg","type":"image\/jpeg"}],"twitter_card":"summary_large_image","twitter_misc":{"Est. reading time":"1 minute"},"schema":{"@context":"https:\/\/schema.org","@graph":[{"@type":"WebPage","@id":"https:\/\/www.chespa.eu\/ro\/klisze\/","url":"https:\/\/www.chespa.eu\/ro\/klisze\/","name":"Cli\u0219eele fotopolimer - Chespa - printing inks, clichees, cutting dies","isPartOf":{"@id":"https:\/\/www.chespa.eu\/#website"},"primaryImageOfPage":{"@id":"https:\/\/www.chespa.eu\/ro\/klisze\/#primaryimage"},"image":{"@id":"https:\/\/www.chespa.eu\/ro\/klisze\/#primaryimage"},"thumbnailUrl":"https:\/\/www.chespa.eu\/wp-content\/uploads\/2016\/08\/klisze.jpg","datePublished":"2015-12-04T12:37:53+00:00","dateModified":"2016-06-01T05:34:11+00:00","breadcrumb":{"@id":"https:\/\/www.chespa.eu\/ro\/klisze\/#breadcrumb"},"inLanguage":"ro-RO","potentialAction":[{"@type":"ReadAction","target":["https:\/\/www.chespa.eu\/ro\/klisze\/"]}]},{"@type":"ImageObject","inLanguage":"ro-RO","@id":"https:\/\/www.chespa.eu\/ro\/klisze\/#primaryimage","url":"https:\/\/www.chespa.eu\/wp-content\/uploads\/2016\/08\/klisze.jpg","contentUrl":"https:\/\/www.chespa.eu\/wp-content\/uploads\/2016\/08\/klisze.jpg","width":1920,"height":295,"caption":"klisze fotopolimerowe Chespa"},{"@type":"BreadcrumbList","@id":"https:\/\/www.chespa.eu\/ro\/klisze\/#breadcrumb","itemListElement":[{"@type":"ListItem","position":1,"name":"Strona g\u0142\u00f3wna","item":"https:\/\/www.chespa.eu\/"},{"@type":"ListItem","position":2,"name":"Cli\u0219eele fotopolimer"}]},{"@type":"WebSite","@id":"https:\/\/www.chespa.eu\/#website","url":"https:\/\/www.chespa.eu\/","name":"Chespa - printing inks, clichees, cutting dies","description":"","potentialAction":[{"@type":"SearchAction","target":{"@type":"EntryPoint","urlTemplate":"https:\/\/www.chespa.eu\/?s={search_term_string}"},"query-input":{"@type":"PropertyValueSpecification","valueRequired":true,"valueName":"search_term_string"}}],"inLanguage":"ro-RO"}]}},"_links":{"self":[{"href":"https:\/\/www.chespa.eu\/ro\/wp-json\/wp\/v2\/pages\/768","targetHints":{"allow":["GET"]}}],"collection":[{"href":"https:\/\/www.chespa.eu\/ro\/wp-json\/wp\/v2\/pages"}],"about":[{"href":"https:\/\/www.chespa.eu\/ro\/wp-json\/wp\/v2\/types\/page"}],"author":[{"embeddable":true,"href":"https:\/\/www.chespa.eu\/ro\/wp-json\/wp\/v2\/users\/6"}],"replies":[{"embeddable":true,"href":"https:\/\/www.chespa.eu\/ro\/wp-json\/wp\/v2\/comments?post=768"}],"version-history":[{"count":5,"href":"https:\/\/www.chespa.eu\/ro\/wp-json\/wp\/v2\/pages\/768\/revisions"}],"predecessor-version":[{"id":3167,"href":"https:\/\/www.chespa.eu\/ro\/wp-json\/wp\/v2\/pages\/768\/revisions\/3167"}],"wp:featuredmedia":[{"embeddable":true,"href":"https:\/\/www.chespa.eu\/ro\/wp-json\/wp\/v2\/media\/9551"}],"wp:attachment":[{"href":"https:\/\/www.chespa.eu\/ro\/wp-json\/wp\/v2\/media?parent=768"}],"curies":[{"name":"wp","href":"https:\/\/api.w.org\/{rel}","templated":true}]}}