{"id":729,"date":"2016-02-15T08:41:46","date_gmt":"2016-02-15T07:41:46","guid":{"rendered":"http:\/\/chespa.eu\/ro\/farby-wodorozcienczalne\/"},"modified":"2022-11-10T16:06:09","modified_gmt":"2022-11-10T15:06:09","slug":"cerneluri-pe-baza-de-apa-flexi","status":"publish","type":"page","link":"https:\/\/www.chespa.eu\/ro\/produse\/cerneluri-grafice\/cerneluri-pe-baza-de-apa-flexi\/","title":{"rendered":"Cerneluri pe baz\u0103 de ap\u0103 &#8220;FLEXI&#8221;"},"content":{"rendered":"<p>O gam\u0103 de cerneluri flexografice pe baz\u0103 de ap\u0103 concepute pentru imprimarea unei variet\u0103\u021bi de substraturi de h\u00e2rtie (h\u00e2rtie absorbant\u0103, cu strat neted, carton ondulat, pungi \u0219i saci, tissue) \u0219i substraturi activate de folie. \u00cen aceast\u0103 gam\u0103 de produse, avem, de asemenea, serii de cerneluri pentru imprimarea ambalajelor alimentare, linii pentru caiete sau coloran\u021bi pentru adezivi pe baz\u0103 de ap\u0103.<\/p>\n<p>Pentru a veni \u00een \u00eent\u00e2mpinarea a\u0219tept\u0103rilor clien\u021bilor no\u0219tri, oferim, de asemenea, o gam\u0103 de aditivi pentru \u00eembun\u0103t\u0103\u021bire calit\u0103\u021bii procesului de imprimare (de exemplu, cear\u0103, agen\u021bi anti-spumare, agen\u021bi de \u00eent\u00e2rziere sau accelerate a usc\u0103rii cernelii).<\/p>\n<p>Laboratorul nostru de cercetare \u0219i dezvoltare, av\u00e2nd \u00een vedere cre\u0219terea gradului de con\u0219tientizare a grijii fa\u021b\u0103 de mediul \u00eenconjur\u0103tor, a dezvoltat o serie unic\u0103 de vopsele ecologice biodegradabile pe baz\u0103 de ap\u0103 \u0219i de materii prime regenerabile. Acestea sunt \u00een deplin\u0103 concordan\u021b\u0103 cu noile tendin\u021be ecologice, care se dezvolt\u0103 puternic \u00een prezent \u0219i care influen\u021beaz\u0103 schimb\u0103rile de pe pia\u021ba cernelurilor grafice \u0219i pe cele din industria ambalajelor.<\/p>\n<p>&nbsp;<\/p>\n<div><strong><a dir=\"ltr\" title=\"Portal zam\u00f3wie\u0144\" href=\"https:\/\/orders.chespa.eu\/ISZ\/LogIn.aspx?ReturnUrl=%2fISZ%2fWebFormMain.aspx\" target=\"_self\" rel=\"noopener\" name=\"Portal zam\u00f3wie\u0144\">[<\/a><a href=\"https:\/\/orders.chespa.eu\/ISZ\/LogIn.aspx?ReturnUrl=%2fISZ%2fWebFormMain.aspx\">Acceseaz\u0103<\/a><a dir=\"ltr\" title=\"Portal zam\u00f3wie\u0144\" href=\"https:\/\/orders.chespa.eu\/ISZ\/LogIn.aspx?ReturnUrl=%2fISZ%2fWebFormMain.aspx\" target=\"_self\" rel=\"noopener\" name=\"Portal zam\u00f3wie\u0144\"><u> pagina<\/u>]<\/a><\/strong><\/div>\n","protected":false},"excerpt":{"rendered":"<p>O gam\u0103 de cerneluri flexografice pe baz\u0103 de ap\u0103 concepute pentru imprimarea unei variet\u0103\u021bi de substraturi de h\u00e2rtie (h\u00e2rtie absorbant\u0103, cu strat neted, carton ondulat, pungi \u0219i saci, tissue) \u0219i substraturi activate de folie. \u00cen aceast\u0103 gam\u0103 de produse, avem, de asemenea, serii de cerneluri pentru imprimarea ambalajelor alimentare, linii pentru caiete sau coloran\u021bi pentru [&hellip;]<\/p>\n","protected":false},"author":6,"featured_media":15573,"parent":18799,"menu_order":0,"comment_status":"closed","ping_status":"closed","template":"","meta":{"_acf_changed":false,"footnotes":""},"class_list":["post-729","page","type-page","status-publish","has-post-thumbnail","hentry"],"acf":[],"yoast_head":"<!-- This site is optimized with the Yoast SEO plugin v27.4 - https:\/\/yoast.com\/product\/yoast-seo-wordpress\/ -->\n<title>Cerneluri pe baz\u0103 de ap\u0103 &quot;FLEXI&quot; - Chespa - printing inks, clichees, cutting dies<\/title>\n<meta name=\"description\" content=\"O gam\u0103 de cerneluri flexografice pe baz\u0103 de ap\u0103 concepute pentru imprimarea unei variet\u0103\u021bi de substraturi de h\u00e2rtie (h\u00e2rtie absorbant\u0103, cu strat neted, carton ondulat, pungi \u0219i saci, tissue) \u0219i substraturi activate de folie. \u00cen aceast\u0103 gam\u0103 de produse, avem, de asemenea, serii de cerneluri pentru imprimarea ambalajelor alimentare, linii pentru caiete sau coloran\u021bi pentru adezivi pe baz\u0103 de ap\u0103.\" \/>\n<meta name=\"robots\" content=\"index, follow, max-snippet:-1, max-image-preview:large, max-video-preview:-1\" \/>\n<link rel=\"canonical\" href=\"https:\/\/www.chespa.eu\/ro\/cerneluri-pe-baza-de-apa-flexi\/\" \/>\n<meta property=\"og:locale\" content=\"ro_RO\" \/>\n<meta property=\"og:type\" content=\"article\" \/>\n<meta property=\"og:title\" content=\"Cerneluri pe baz\u0103 de ap\u0103 &quot;FLEXI&quot; - Chespa - printing inks, clichees, cutting dies\" \/>\n<meta property=\"og:description\" content=\"O gam\u0103 de cerneluri flexografice pe baz\u0103 de ap\u0103 concepute pentru imprimarea unei variet\u0103\u021bi de substraturi de h\u00e2rtie (h\u00e2rtie absorbant\u0103, cu strat neted, carton ondulat, pungi \u0219i saci, tissue) \u0219i substraturi activate de folie. \u00cen aceast\u0103 gam\u0103 de produse, avem, de asemenea, serii de cerneluri pentru imprimarea ambalajelor alimentare, linii pentru caiete sau coloran\u021bi pentru adezivi pe baz\u0103 de ap\u0103.\" \/>\n<meta property=\"og:url\" content=\"https:\/\/www.chespa.eu\/ro\/cerneluri-pe-baza-de-apa-flexi\/\" \/>\n<meta property=\"og:site_name\" content=\"Chespa - printing inks, clichees, cutting dies\" \/>\n<meta property=\"article:modified_time\" content=\"2022-11-10T15:06:09+00:00\" \/>\n<meta property=\"og:image\" content=\"https:\/\/www.chespa.eu\/wp-content\/uploads\/2021\/07\/serie_flexi.png\" \/>\n\t<meta property=\"og:image:width\" content=\"1920\" \/>\n\t<meta property=\"og:image:height\" content=\"295\" \/>\n\t<meta property=\"og:image:type\" content=\"image\/png\" \/>\n<meta name=\"twitter:card\" content=\"summary_large_image\" \/>\n<meta name=\"twitter:label1\" content=\"Est. reading time\" \/>\n\t<meta name=\"twitter:data1\" content=\"1 minute\" \/>\n<script type=\"application\/ld+json\" class=\"yoast-schema-graph\">{\"@context\":\"https:\\\/\\\/schema.org\",\"@graph\":[{\"@type\":\"WebPage\",\"@id\":\"https:\\\/\\\/www.chespa.eu\\\/ro\\\/cerneluri-pe-baza-de-apa-flexi\\\/\",\"url\":\"https:\\\/\\\/www.chespa.eu\\\/ro\\\/cerneluri-pe-baza-de-apa-flexi\\\/\",\"name\":\"Cerneluri pe baz\u0103 de ap\u0103 \\\"FLEXI\\\" - Chespa - printing inks, clichees, cutting dies\",\"isPartOf\":{\"@id\":\"https:\\\/\\\/www.chespa.eu\\\/#website\"},\"primaryImageOfPage\":{\"@id\":\"https:\\\/\\\/www.chespa.eu\\\/ro\\\/cerneluri-pe-baza-de-apa-flexi\\\/#primaryimage\"},\"image\":{\"@id\":\"https:\\\/\\\/www.chespa.eu\\\/ro\\\/cerneluri-pe-baza-de-apa-flexi\\\/#primaryimage\"},\"thumbnailUrl\":\"https:\\\/\\\/www.chespa.eu\\\/wp-content\\\/uploads\\\/2021\\\/07\\\/serie_flexi.png\",\"datePublished\":\"2016-02-15T07:41:46+00:00\",\"dateModified\":\"2022-11-10T15:06:09+00:00\",\"description\":\"O gam\u0103 de cerneluri flexografice pe baz\u0103 de ap\u0103 concepute pentru imprimarea unei variet\u0103\u021bi de substraturi de h\u00e2rtie (h\u00e2rtie absorbant\u0103, cu strat neted, carton ondulat, pungi \u0219i saci, tissue) \u0219i substraturi activate de folie. \u00cen aceast\u0103 gam\u0103 de produse, avem, de asemenea, serii de cerneluri pentru imprimarea ambalajelor alimentare, linii pentru caiete sau coloran\u021bi pentru adezivi pe baz\u0103 de ap\u0103.\",\"breadcrumb\":{\"@id\":\"https:\\\/\\\/www.chespa.eu\\\/ro\\\/cerneluri-pe-baza-de-apa-flexi\\\/#breadcrumb\"},\"inLanguage\":\"ro-RO\",\"potentialAction\":[{\"@type\":\"ReadAction\",\"target\":[\"https:\\\/\\\/www.chespa.eu\\\/ro\\\/cerneluri-pe-baza-de-apa-flexi\\\/\"]}]},{\"@type\":\"ImageObject\",\"inLanguage\":\"ro-RO\",\"@id\":\"https:\\\/\\\/www.chespa.eu\\\/ro\\\/cerneluri-pe-baza-de-apa-flexi\\\/#primaryimage\",\"url\":\"https:\\\/\\\/www.chespa.eu\\\/wp-content\\\/uploads\\\/2021\\\/07\\\/serie_flexi.png\",\"contentUrl\":\"https:\\\/\\\/www.chespa.eu\\\/wp-content\\\/uploads\\\/2021\\\/07\\\/serie_flexi.png\",\"width\":1920,\"height\":295},{\"@type\":\"BreadcrumbList\",\"@id\":\"https:\\\/\\\/www.chespa.eu\\\/ro\\\/cerneluri-pe-baza-de-apa-flexi\\\/#breadcrumb\",\"itemListElement\":[{\"@type\":\"ListItem\",\"position\":1,\"name\":\"Strona g\u0142\u00f3wna\",\"item\":\"https:\\\/\\\/www.chespa.eu\\\/\"},{\"@type\":\"ListItem\",\"position\":2,\"name\":\"Cerneluri pe baz\u0103 de ap\u0103 &#8222;FLEXI&#8221;\"}]},{\"@type\":\"WebSite\",\"@id\":\"https:\\\/\\\/www.chespa.eu\\\/#website\",\"url\":\"https:\\\/\\\/www.chespa.eu\\\/\",\"name\":\"Chespa - printing inks, clichees, cutting dies\",\"description\":\"\",\"potentialAction\":[{\"@type\":\"SearchAction\",\"target\":{\"@type\":\"EntryPoint\",\"urlTemplate\":\"https:\\\/\\\/www.chespa.eu\\\/?s={search_term_string}\"},\"query-input\":{\"@type\":\"PropertyValueSpecification\",\"valueRequired\":true,\"valueName\":\"search_term_string\"}}],\"inLanguage\":\"ro-RO\"}]}<\/script>\n<!-- \/ Yoast SEO plugin. -->","yoast_head_json":{"title":"Cerneluri pe baz\u0103 de ap\u0103 \"FLEXI\" - Chespa - printing inks, clichees, cutting dies","description":"O gam\u0103 de cerneluri flexografice pe baz\u0103 de ap\u0103 concepute pentru imprimarea unei variet\u0103\u021bi de substraturi de h\u00e2rtie (h\u00e2rtie absorbant\u0103, cu strat neted, carton ondulat, pungi \u0219i saci, tissue) \u0219i substraturi activate de folie. \u00cen aceast\u0103 gam\u0103 de produse, avem, de asemenea, serii de cerneluri pentru imprimarea ambalajelor alimentare, linii pentru caiete sau coloran\u021bi pentru adezivi pe baz\u0103 de ap\u0103.","robots":{"index":"index","follow":"follow","max-snippet":"max-snippet:-1","max-image-preview":"max-image-preview:large","max-video-preview":"max-video-preview:-1"},"canonical":"https:\/\/www.chespa.eu\/ro\/cerneluri-pe-baza-de-apa-flexi\/","og_locale":"ro_RO","og_type":"article","og_title":"Cerneluri pe baz\u0103 de ap\u0103 \"FLEXI\" - Chespa - printing inks, clichees, cutting dies","og_description":"O gam\u0103 de cerneluri flexografice pe baz\u0103 de ap\u0103 concepute pentru imprimarea unei variet\u0103\u021bi de substraturi de h\u00e2rtie (h\u00e2rtie absorbant\u0103, cu strat neted, carton ondulat, pungi \u0219i saci, tissue) \u0219i substraturi activate de folie. \u00cen aceast\u0103 gam\u0103 de produse, avem, de asemenea, serii de cerneluri pentru imprimarea ambalajelor alimentare, linii pentru caiete sau coloran\u021bi pentru adezivi pe baz\u0103 de ap\u0103.","og_url":"https:\/\/www.chespa.eu\/ro\/cerneluri-pe-baza-de-apa-flexi\/","og_site_name":"Chespa - printing inks, clichees, cutting dies","article_modified_time":"2022-11-10T15:06:09+00:00","og_image":[{"width":1920,"height":295,"url":"https:\/\/www.chespa.eu\/wp-content\/uploads\/2021\/07\/serie_flexi.png","type":"image\/png"}],"twitter_card":"summary_large_image","twitter_misc":{"Est. reading time":"1 minute"},"schema":{"@context":"https:\/\/schema.org","@graph":[{"@type":"WebPage","@id":"https:\/\/www.chespa.eu\/ro\/cerneluri-pe-baza-de-apa-flexi\/","url":"https:\/\/www.chespa.eu\/ro\/cerneluri-pe-baza-de-apa-flexi\/","name":"Cerneluri pe baz\u0103 de ap\u0103 \"FLEXI\" - Chespa - printing inks, clichees, cutting dies","isPartOf":{"@id":"https:\/\/www.chespa.eu\/#website"},"primaryImageOfPage":{"@id":"https:\/\/www.chespa.eu\/ro\/cerneluri-pe-baza-de-apa-flexi\/#primaryimage"},"image":{"@id":"https:\/\/www.chespa.eu\/ro\/cerneluri-pe-baza-de-apa-flexi\/#primaryimage"},"thumbnailUrl":"https:\/\/www.chespa.eu\/wp-content\/uploads\/2021\/07\/serie_flexi.png","datePublished":"2016-02-15T07:41:46+00:00","dateModified":"2022-11-10T15:06:09+00:00","description":"O gam\u0103 de cerneluri flexografice pe baz\u0103 de ap\u0103 concepute pentru imprimarea unei variet\u0103\u021bi de substraturi de h\u00e2rtie (h\u00e2rtie absorbant\u0103, cu strat neted, carton ondulat, pungi \u0219i saci, tissue) \u0219i substraturi activate de folie. \u00cen aceast\u0103 gam\u0103 de produse, avem, de asemenea, serii de cerneluri pentru imprimarea ambalajelor alimentare, linii pentru caiete sau coloran\u021bi pentru adezivi pe baz\u0103 de ap\u0103.","breadcrumb":{"@id":"https:\/\/www.chespa.eu\/ro\/cerneluri-pe-baza-de-apa-flexi\/#breadcrumb"},"inLanguage":"ro-RO","potentialAction":[{"@type":"ReadAction","target":["https:\/\/www.chespa.eu\/ro\/cerneluri-pe-baza-de-apa-flexi\/"]}]},{"@type":"ImageObject","inLanguage":"ro-RO","@id":"https:\/\/www.chespa.eu\/ro\/cerneluri-pe-baza-de-apa-flexi\/#primaryimage","url":"https:\/\/www.chespa.eu\/wp-content\/uploads\/2021\/07\/serie_flexi.png","contentUrl":"https:\/\/www.chespa.eu\/wp-content\/uploads\/2021\/07\/serie_flexi.png","width":1920,"height":295},{"@type":"BreadcrumbList","@id":"https:\/\/www.chespa.eu\/ro\/cerneluri-pe-baza-de-apa-flexi\/#breadcrumb","itemListElement":[{"@type":"ListItem","position":1,"name":"Strona g\u0142\u00f3wna","item":"https:\/\/www.chespa.eu\/"},{"@type":"ListItem","position":2,"name":"Cerneluri pe baz\u0103 de ap\u0103 &#8222;FLEXI&#8221;"}]},{"@type":"WebSite","@id":"https:\/\/www.chespa.eu\/#website","url":"https:\/\/www.chespa.eu\/","name":"Chespa - printing inks, clichees, cutting dies","description":"","potentialAction":[{"@type":"SearchAction","target":{"@type":"EntryPoint","urlTemplate":"https:\/\/www.chespa.eu\/?s={search_term_string}"},"query-input":{"@type":"PropertyValueSpecification","valueRequired":true,"valueName":"search_term_string"}}],"inLanguage":"ro-RO"}]}},"_links":{"self":[{"href":"https:\/\/www.chespa.eu\/ro\/wp-json\/wp\/v2\/pages\/729","targetHints":{"allow":["GET"]}}],"collection":[{"href":"https:\/\/www.chespa.eu\/ro\/wp-json\/wp\/v2\/pages"}],"about":[{"href":"https:\/\/www.chespa.eu\/ro\/wp-json\/wp\/v2\/types\/page"}],"author":[{"embeddable":true,"href":"https:\/\/www.chespa.eu\/ro\/wp-json\/wp\/v2\/users\/6"}],"replies":[{"embeddable":true,"href":"https:\/\/www.chespa.eu\/ro\/wp-json\/wp\/v2\/comments?post=729"}],"version-history":[{"count":18,"href":"https:\/\/www.chespa.eu\/ro\/wp-json\/wp\/v2\/pages\/729\/revisions"}],"predecessor-version":[{"id":16835,"href":"https:\/\/www.chespa.eu\/ro\/wp-json\/wp\/v2\/pages\/729\/revisions\/16835"}],"up":[{"embeddable":true,"href":"https:\/\/www.chespa.eu\/ro\/wp-json\/wp\/v2\/pages\/18799"}],"wp:featuredmedia":[{"embeddable":true,"href":"https:\/\/www.chespa.eu\/ro\/wp-json\/wp\/v2\/media\/15573"}],"wp:attachment":[{"href":"https:\/\/www.chespa.eu\/ro\/wp-json\/wp\/v2\/media?parent=729"}],"curies":[{"name":"wp","href":"https:\/\/api.w.org\/{rel}","templated":true}]}}