{"id":716,"date":"2016-02-15T09:23:35","date_gmt":"2016-02-15T08:23:35","guid":{"rendered":"http:\/\/chespa.eu\/ro\/farby-utwardzane-promieniowaniem-uv\/"},"modified":"2022-11-10T16:08:44","modified_gmt":"2022-11-10T15:08:44","slug":"cerneluri-reticulate-uv-qiuvi","status":"publish","type":"page","link":"https:\/\/www.chespa.eu\/ro\/produse\/cerneluri-grafice\/cerneluri-reticulate-uv-qiuvi\/","title":{"rendered":"Cerneluri reticulate UV \u201cQIUVI\u201d"},"content":{"rendered":"<p>Serie de cerneluri concepute pentru imprimarea flexografic\u0103 a etichetelor \u0219i ambalajelor. Cernelurile Qiuvi se caracterizeaz\u0103 printr-o intensitate ridicat\u0103, luciu, o bun\u0103 imprimabilitate \u0219i un timp scurt de reticulare care permite imprimarea la viteze mari. Acestea sunt concepute pentru imprimarea unei game largi de substraturi din plastic, h\u00e2rtie, filme metalizate \u0219i aluminiu. Exist\u0103 dou\u0103 serii de cerneluri \u00een gama noastr\u0103.<\/p>\n<p>Seria <strong>QIUVIFOOD<\/strong> \u2013 sunt cerneluri cu migrare \u0219i miros redus, dedicate imprim\u0103rii ambalajelor alimentare.<\/p>\n<p><strong>QIUVIFLEX<\/strong> este o serie de cerneluri f\u0103r\u0103 bezofenon\u0103, concepute pentru imprimarea etichetelor \u0219i a ambalajelor nealimentare.<\/p>\n<p>&nbsp;<\/p>\n<div><strong><a dir=\"ltr\" title=\"Portal zam\u00f3wie\u0144\" href=\"https:\/\/orders.chespa.eu\/ISZ\/LogIn.aspx?ReturnUrl=%2fISZ%2fWebFormMain.aspx\" target=\"_self\" rel=\"noopener\" name=\"Portal zam\u00f3wie\u0144\">[<\/a><a href=\"https:\/\/orders.chespa.eu\/ISZ\/LogIn.aspx?ReturnUrl=%2fISZ%2fWebFormMain.aspx\">Acceseaz\u0103<\/a><a dir=\"ltr\" title=\"Portal zam\u00f3wie\u0144\" href=\"https:\/\/orders.chespa.eu\/ISZ\/LogIn.aspx?ReturnUrl=%2fISZ%2fWebFormMain.aspx\" target=\"_self\" rel=\"noopener\" name=\"Portal zam\u00f3wie\u0144\"><u> pagina<\/u>]<\/a><\/strong><\/div>\n","protected":false},"excerpt":{"rendered":"<p>Serie de cerneluri concepute pentru imprimarea flexografic\u0103 a etichetelor \u0219i ambalajelor. Cernelurile Qiuvi se caracterizeaz\u0103 printr-o intensitate ridicat\u0103, luciu, o bun\u0103 imprimabilitate \u0219i un timp scurt de reticulare care permite imprimarea la viteze mari. Acestea sunt concepute pentru imprimarea unei game largi de substraturi din plastic, h\u00e2rtie, filme metalizate \u0219i aluminiu. Exist\u0103 dou\u0103 serii de [&hellip;]<\/p>\n","protected":false},"author":6,"featured_media":15615,"parent":18799,"menu_order":0,"comment_status":"closed","ping_status":"closed","template":"","meta":{"_acf_changed":false,"footnotes":""},"class_list":["post-716","page","type-page","status-publish","has-post-thumbnail","hentry"],"acf":[],"yoast_head":"<!-- This site is optimized with the Yoast SEO plugin v27.4 - https:\/\/yoast.com\/product\/yoast-seo-wordpress\/ -->\n<title>Cerneluri reticulate UV \u201cQIUVI\u201d - Chespa - printing inks, clichees, cutting dies<\/title>\n<meta name=\"description\" content=\"Cerneluri reticulate UV \u201cQIUVI\u201dSerie de cerneluri concepute pentru imprimarea flexografic\u0103 a etichetelor \u0219i ambalajelor. Cernelurile Qiuvi se caracterizeaz\u0103 printr-o intensitate ridicat\u0103, luciu, o bun\u0103 imprimabilitate \u0219i un timp scurt de reticulare care permite imprimarea la viteze mari. Acestea sunt concepute pentru imprimarea unei game largi de substraturi din plastic, h\u00e2rtie, filme metalizate \u0219i aluminiu. Exist\u0103 dou\u0103 serii de cerneluri \u00een gama noastr\u0103. Seria QIUVIFOOD \u2013 sunt cerneluri cu migrare \u0219i miros redus, dedicate imprim\u0103rii ambalajelor alimentare. QIUVIFLEX este o serie de cerneluri f\u0103r\u0103 bezofenon\u0103, concepute pentru imprimarea etichetelor \u0219i a ambalajelor nealimentare.\" \/>\n<meta name=\"robots\" content=\"index, follow, max-snippet:-1, max-image-preview:large, max-video-preview:-1\" \/>\n<link rel=\"canonical\" href=\"https:\/\/www.chespa.eu\/ro\/cerneluri-reticulate-uv-qiuvi\/\" \/>\n<meta property=\"og:locale\" content=\"ro_RO\" \/>\n<meta property=\"og:type\" content=\"article\" \/>\n<meta property=\"og:title\" content=\"Cerneluri reticulate UV \u201cQIUVI\u201d - Chespa - printing inks, clichees, cutting dies\" \/>\n<meta property=\"og:description\" content=\"Cerneluri reticulate UV \u201cQIUVI\u201dSerie de cerneluri concepute pentru imprimarea flexografic\u0103 a etichetelor \u0219i ambalajelor. Cernelurile Qiuvi se caracterizeaz\u0103 printr-o intensitate ridicat\u0103, luciu, o bun\u0103 imprimabilitate \u0219i un timp scurt de reticulare care permite imprimarea la viteze mari. Acestea sunt concepute pentru imprimarea unei game largi de substraturi din plastic, h\u00e2rtie, filme metalizate \u0219i aluminiu. Exist\u0103 dou\u0103 serii de cerneluri \u00een gama noastr\u0103. Seria QIUVIFOOD \u2013 sunt cerneluri cu migrare \u0219i miros redus, dedicate imprim\u0103rii ambalajelor alimentare. QIUVIFLEX este o serie de cerneluri f\u0103r\u0103 bezofenon\u0103, concepute pentru imprimarea etichetelor \u0219i a ambalajelor nealimentare.\" \/>\n<meta property=\"og:url\" content=\"https:\/\/www.chespa.eu\/ro\/cerneluri-reticulate-uv-qiuvi\/\" \/>\n<meta property=\"og:site_name\" content=\"Chespa - printing inks, clichees, cutting dies\" \/>\n<meta property=\"article:modified_time\" content=\"2022-11-10T15:08:44+00:00\" \/>\n<meta property=\"og:image\" content=\"https:\/\/www.chespa.eu\/wp-content\/uploads\/2021\/08\/serie_quivi.png\" \/>\n\t<meta property=\"og:image:width\" content=\"1920\" \/>\n\t<meta property=\"og:image:height\" content=\"295\" \/>\n\t<meta property=\"og:image:type\" content=\"image\/png\" \/>\n<meta name=\"twitter:card\" content=\"summary_large_image\" \/>\n<meta name=\"twitter:label1\" content=\"Est. reading time\" \/>\n\t<meta name=\"twitter:data1\" content=\"1 minute\" \/>\n<script type=\"application\/ld+json\" class=\"yoast-schema-graph\">{\"@context\":\"https:\\\/\\\/schema.org\",\"@graph\":[{\"@type\":\"WebPage\",\"@id\":\"https:\\\/\\\/www.chespa.eu\\\/ro\\\/cerneluri-reticulate-uv-qiuvi\\\/\",\"url\":\"https:\\\/\\\/www.chespa.eu\\\/ro\\\/cerneluri-reticulate-uv-qiuvi\\\/\",\"name\":\"Cerneluri reticulate UV \u201cQIUVI\u201d - Chespa - printing inks, clichees, cutting dies\",\"isPartOf\":{\"@id\":\"https:\\\/\\\/www.chespa.eu\\\/#website\"},\"primaryImageOfPage\":{\"@id\":\"https:\\\/\\\/www.chespa.eu\\\/ro\\\/cerneluri-reticulate-uv-qiuvi\\\/#primaryimage\"},\"image\":{\"@id\":\"https:\\\/\\\/www.chespa.eu\\\/ro\\\/cerneluri-reticulate-uv-qiuvi\\\/#primaryimage\"},\"thumbnailUrl\":\"https:\\\/\\\/www.chespa.eu\\\/wp-content\\\/uploads\\\/2021\\\/08\\\/serie_quivi.png\",\"datePublished\":\"2016-02-15T08:23:35+00:00\",\"dateModified\":\"2022-11-10T15:08:44+00:00\",\"description\":\"Cerneluri reticulate UV \u201cQIUVI\u201dSerie de cerneluri concepute pentru imprimarea flexografic\u0103 a etichetelor \u0219i ambalajelor. Cernelurile Qiuvi se caracterizeaz\u0103 printr-o intensitate ridicat\u0103, luciu, o bun\u0103 imprimabilitate \u0219i un timp scurt de reticulare care permite imprimarea la viteze mari. Acestea sunt concepute pentru imprimarea unei game largi de substraturi din plastic, h\u00e2rtie, filme metalizate \u0219i aluminiu. Exist\u0103 dou\u0103 serii de cerneluri \u00een gama noastr\u0103. Seria QIUVIFOOD \u2013 sunt cerneluri cu migrare \u0219i miros redus, dedicate imprim\u0103rii ambalajelor alimentare. QIUVIFLEX este o serie de cerneluri f\u0103r\u0103 bezofenon\u0103, concepute pentru imprimarea etichetelor \u0219i a ambalajelor nealimentare.\",\"breadcrumb\":{\"@id\":\"https:\\\/\\\/www.chespa.eu\\\/ro\\\/cerneluri-reticulate-uv-qiuvi\\\/#breadcrumb\"},\"inLanguage\":\"ro-RO\",\"potentialAction\":[{\"@type\":\"ReadAction\",\"target\":[\"https:\\\/\\\/www.chespa.eu\\\/ro\\\/cerneluri-reticulate-uv-qiuvi\\\/\"]}]},{\"@type\":\"ImageObject\",\"inLanguage\":\"ro-RO\",\"@id\":\"https:\\\/\\\/www.chespa.eu\\\/ro\\\/cerneluri-reticulate-uv-qiuvi\\\/#primaryimage\",\"url\":\"https:\\\/\\\/www.chespa.eu\\\/wp-content\\\/uploads\\\/2021\\\/08\\\/serie_quivi.png\",\"contentUrl\":\"https:\\\/\\\/www.chespa.eu\\\/wp-content\\\/uploads\\\/2021\\\/08\\\/serie_quivi.png\",\"width\":1920,\"height\":295},{\"@type\":\"BreadcrumbList\",\"@id\":\"https:\\\/\\\/www.chespa.eu\\\/ro\\\/cerneluri-reticulate-uv-qiuvi\\\/#breadcrumb\",\"itemListElement\":[{\"@type\":\"ListItem\",\"position\":1,\"name\":\"Strona g\u0142\u00f3wna\",\"item\":\"https:\\\/\\\/www.chespa.eu\\\/\"},{\"@type\":\"ListItem\",\"position\":2,\"name\":\"Cerneluri reticulate UV \u201cQIUVI\u201d\"}]},{\"@type\":\"WebSite\",\"@id\":\"https:\\\/\\\/www.chespa.eu\\\/#website\",\"url\":\"https:\\\/\\\/www.chespa.eu\\\/\",\"name\":\"Chespa - printing inks, clichees, cutting dies\",\"description\":\"\",\"potentialAction\":[{\"@type\":\"SearchAction\",\"target\":{\"@type\":\"EntryPoint\",\"urlTemplate\":\"https:\\\/\\\/www.chespa.eu\\\/?s={search_term_string}\"},\"query-input\":{\"@type\":\"PropertyValueSpecification\",\"valueRequired\":true,\"valueName\":\"search_term_string\"}}],\"inLanguage\":\"ro-RO\"}]}<\/script>\n<!-- \/ Yoast SEO plugin. -->","yoast_head_json":{"title":"Cerneluri reticulate UV \u201cQIUVI\u201d - Chespa - printing inks, clichees, cutting dies","description":"Cerneluri reticulate UV \u201cQIUVI\u201dSerie de cerneluri concepute pentru imprimarea flexografic\u0103 a etichetelor \u0219i ambalajelor. Cernelurile Qiuvi se caracterizeaz\u0103 printr-o intensitate ridicat\u0103, luciu, o bun\u0103 imprimabilitate \u0219i un timp scurt de reticulare care permite imprimarea la viteze mari. Acestea sunt concepute pentru imprimarea unei game largi de substraturi din plastic, h\u00e2rtie, filme metalizate \u0219i aluminiu. Exist\u0103 dou\u0103 serii de cerneluri \u00een gama noastr\u0103. Seria QIUVIFOOD \u2013 sunt cerneluri cu migrare \u0219i miros redus, dedicate imprim\u0103rii ambalajelor alimentare. QIUVIFLEX este o serie de cerneluri f\u0103r\u0103 bezofenon\u0103, concepute pentru imprimarea etichetelor \u0219i a ambalajelor nealimentare.","robots":{"index":"index","follow":"follow","max-snippet":"max-snippet:-1","max-image-preview":"max-image-preview:large","max-video-preview":"max-video-preview:-1"},"canonical":"https:\/\/www.chespa.eu\/ro\/cerneluri-reticulate-uv-qiuvi\/","og_locale":"ro_RO","og_type":"article","og_title":"Cerneluri reticulate UV \u201cQIUVI\u201d - Chespa - printing inks, clichees, cutting dies","og_description":"Cerneluri reticulate UV \u201cQIUVI\u201dSerie de cerneluri concepute pentru imprimarea flexografic\u0103 a etichetelor \u0219i ambalajelor. Cernelurile Qiuvi se caracterizeaz\u0103 printr-o intensitate ridicat\u0103, luciu, o bun\u0103 imprimabilitate \u0219i un timp scurt de reticulare care permite imprimarea la viteze mari. Acestea sunt concepute pentru imprimarea unei game largi de substraturi din plastic, h\u00e2rtie, filme metalizate \u0219i aluminiu. Exist\u0103 dou\u0103 serii de cerneluri \u00een gama noastr\u0103. Seria QIUVIFOOD \u2013 sunt cerneluri cu migrare \u0219i miros redus, dedicate imprim\u0103rii ambalajelor alimentare. QIUVIFLEX este o serie de cerneluri f\u0103r\u0103 bezofenon\u0103, concepute pentru imprimarea etichetelor \u0219i a ambalajelor nealimentare.","og_url":"https:\/\/www.chespa.eu\/ro\/cerneluri-reticulate-uv-qiuvi\/","og_site_name":"Chespa - printing inks, clichees, cutting dies","article_modified_time":"2022-11-10T15:08:44+00:00","og_image":[{"width":1920,"height":295,"url":"https:\/\/www.chespa.eu\/wp-content\/uploads\/2021\/08\/serie_quivi.png","type":"image\/png"}],"twitter_card":"summary_large_image","twitter_misc":{"Est. reading time":"1 minute"},"schema":{"@context":"https:\/\/schema.org","@graph":[{"@type":"WebPage","@id":"https:\/\/www.chespa.eu\/ro\/cerneluri-reticulate-uv-qiuvi\/","url":"https:\/\/www.chespa.eu\/ro\/cerneluri-reticulate-uv-qiuvi\/","name":"Cerneluri reticulate UV \u201cQIUVI\u201d - Chespa - printing inks, clichees, cutting dies","isPartOf":{"@id":"https:\/\/www.chespa.eu\/#website"},"primaryImageOfPage":{"@id":"https:\/\/www.chespa.eu\/ro\/cerneluri-reticulate-uv-qiuvi\/#primaryimage"},"image":{"@id":"https:\/\/www.chespa.eu\/ro\/cerneluri-reticulate-uv-qiuvi\/#primaryimage"},"thumbnailUrl":"https:\/\/www.chespa.eu\/wp-content\/uploads\/2021\/08\/serie_quivi.png","datePublished":"2016-02-15T08:23:35+00:00","dateModified":"2022-11-10T15:08:44+00:00","description":"Cerneluri reticulate UV \u201cQIUVI\u201dSerie de cerneluri concepute pentru imprimarea flexografic\u0103 a etichetelor \u0219i ambalajelor. Cernelurile Qiuvi se caracterizeaz\u0103 printr-o intensitate ridicat\u0103, luciu, o bun\u0103 imprimabilitate \u0219i un timp scurt de reticulare care permite imprimarea la viteze mari. Acestea sunt concepute pentru imprimarea unei game largi de substraturi din plastic, h\u00e2rtie, filme metalizate \u0219i aluminiu. Exist\u0103 dou\u0103 serii de cerneluri \u00een gama noastr\u0103. Seria QIUVIFOOD \u2013 sunt cerneluri cu migrare \u0219i miros redus, dedicate imprim\u0103rii ambalajelor alimentare. QIUVIFLEX este o serie de cerneluri f\u0103r\u0103 bezofenon\u0103, concepute pentru imprimarea etichetelor \u0219i a ambalajelor nealimentare.","breadcrumb":{"@id":"https:\/\/www.chespa.eu\/ro\/cerneluri-reticulate-uv-qiuvi\/#breadcrumb"},"inLanguage":"ro-RO","potentialAction":[{"@type":"ReadAction","target":["https:\/\/www.chespa.eu\/ro\/cerneluri-reticulate-uv-qiuvi\/"]}]},{"@type":"ImageObject","inLanguage":"ro-RO","@id":"https:\/\/www.chespa.eu\/ro\/cerneluri-reticulate-uv-qiuvi\/#primaryimage","url":"https:\/\/www.chespa.eu\/wp-content\/uploads\/2021\/08\/serie_quivi.png","contentUrl":"https:\/\/www.chespa.eu\/wp-content\/uploads\/2021\/08\/serie_quivi.png","width":1920,"height":295},{"@type":"BreadcrumbList","@id":"https:\/\/www.chespa.eu\/ro\/cerneluri-reticulate-uv-qiuvi\/#breadcrumb","itemListElement":[{"@type":"ListItem","position":1,"name":"Strona g\u0142\u00f3wna","item":"https:\/\/www.chespa.eu\/"},{"@type":"ListItem","position":2,"name":"Cerneluri reticulate UV \u201cQIUVI\u201d"}]},{"@type":"WebSite","@id":"https:\/\/www.chespa.eu\/#website","url":"https:\/\/www.chespa.eu\/","name":"Chespa - printing inks, clichees, cutting dies","description":"","potentialAction":[{"@type":"SearchAction","target":{"@type":"EntryPoint","urlTemplate":"https:\/\/www.chespa.eu\/?s={search_term_string}"},"query-input":{"@type":"PropertyValueSpecification","valueRequired":true,"valueName":"search_term_string"}}],"inLanguage":"ro-RO"}]}},"_links":{"self":[{"href":"https:\/\/www.chespa.eu\/ro\/wp-json\/wp\/v2\/pages\/716","targetHints":{"allow":["GET"]}}],"collection":[{"href":"https:\/\/www.chespa.eu\/ro\/wp-json\/wp\/v2\/pages"}],"about":[{"href":"https:\/\/www.chespa.eu\/ro\/wp-json\/wp\/v2\/types\/page"}],"author":[{"embeddable":true,"href":"https:\/\/www.chespa.eu\/ro\/wp-json\/wp\/v2\/users\/6"}],"replies":[{"embeddable":true,"href":"https:\/\/www.chespa.eu\/ro\/wp-json\/wp\/v2\/comments?post=716"}],"version-history":[{"count":13,"href":"https:\/\/www.chespa.eu\/ro\/wp-json\/wp\/v2\/pages\/716\/revisions"}],"predecessor-version":[{"id":16840,"href":"https:\/\/www.chespa.eu\/ro\/wp-json\/wp\/v2\/pages\/716\/revisions\/16840"}],"up":[{"embeddable":true,"href":"https:\/\/www.chespa.eu\/ro\/wp-json\/wp\/v2\/pages\/18799"}],"wp:featuredmedia":[{"embeddable":true,"href":"https:\/\/www.chespa.eu\/ro\/wp-json\/wp\/v2\/media\/15615"}],"wp:attachment":[{"href":"https:\/\/www.chespa.eu\/ro\/wp-json\/wp\/v2\/media?parent=716"}],"curies":[{"name":"wp","href":"https:\/\/api.w.org\/{rel}","templated":true}]}}