{"id":690,"date":"2016-05-18T12:08:12","date_gmt":"2016-05-18T10:08:12","guid":{"rendered":"http:\/\/chespa.eu\/ro\/nano-jet\/"},"modified":"2022-11-10T16:09:04","modified_gmt":"2022-11-10T15:09:04","slug":"cerneluri-injectie-nanojet","status":"publish","type":"page","link":"https:\/\/www.chespa.eu\/ro\/produse\/cerneluri-grafice\/cerneluri-injectie-nanojet\/","title":{"rendered":"Cerneluri injec\u021bie \u201cNANOJET\u201d"},"content":{"rendered":"<p>Chespa este unul dintre cei mai importan\u021bi produc\u0103tori de cerneluri pentru imprimarea digital\u0103 din aceast\u0103 parte a Europei.<\/p>\n<p>Oferim o varietate de cerneluri pentru imprimare digital\u0103 prin marca proprie <strong>\u2018\u2019NANOJET\u2019\u2019<\/strong>.<\/p>\n<p><strong>Cernelurile UV \u0219i UV LED sunt compatibile, printre altele, cu urm\u0103toarele capete de imprimare:<\/strong><\/p>\n<ul>\n<li>RICOH GEN 5\/ RICOH GH 2220<\/li>\n<li>KONICA MINOLTA 512, 1024<\/li>\n<li>EPSON \u00a0DX5, XP600, TX 800<\/li>\n<li>KYOCERA KJ4C<\/li>\n<li>TOSHIBA<\/li>\n<li>XAAR<\/li>\n<li>SPECTRA POLARIS<\/li>\n<\/ul>\n<p><strong>Pe de alt\u0103 parte, cernelurile ecosolvente func\u021bioneaz\u0103 perfect cu plotterele urm\u0103toarelor m\u0103rci:<\/strong><\/p>\n<ul>\n<li>ROLAND<\/li>\n<li>MUTOH<\/li>\n<li>MIMAKI<\/li>\n<\/ul>\n<p>\u0219i toate celelalte ma\u0219ini echipate cu capete EPSON.<\/p>\n<p><strong>Recomand\u0103m cernelurile pigmentare pe baz\u0103 de ap\u0103 clien\u021bilor care de\u021bin capete:<\/strong><\/p>\n<ul>\n<li>KYOCERA<\/li>\n<li>KONICA MINOLTA<\/li>\n<li>EPSON<\/li>\n<\/ul>\n<p><strong>Recomand\u0103m cerneluri colorante pe baz\u0103 de ap\u0103 pentru capetele produse de urm\u0103toarele companii:<\/strong><\/p>\n<ul>\n<li>EPSON<\/li>\n<li>RICOH<\/li>\n<\/ul>\n<p><strong>V\u0103 \u00eencuraj\u0103m, de asemenea, s\u0103 achizi\u021biona\u021bi \u0219i alte produse necesare pentru imprimarea digital\u0103<\/strong>:<\/p>\n<ul>\n<li>PRIMER UV pentru sticl\u0103\/metal\/pvc<\/li>\n<li>CLEANER<\/li>\n<li>LACURI<\/li>\n<li>LAMINAT<\/li>\n<\/ul>\n<p>\u00cen calitate de produc\u0103tor al produselor men\u021bionate mai sus, suntem preg\u0103ti\u021bi s\u0103 producem produsele \u00een laboratoarele noastre \u00een conformitate cu cerin\u021bele individuale ale clien\u021bilor.<\/p>\n<p>Recomand\u0103m colaborarea cu distribuitorii no\u0219tri, cu clien\u021bii OEM, precum \u0219i cu clien\u021bii individuali din sectorul industrial.<\/p>\n<p>&nbsp;<\/p>\n<div><strong><a dir=\"ltr\" title=\"Portal zam\u00f3wie\u0144\" href=\"https:\/\/orders.chespa.eu\/ISZ\/LogIn.aspx?ReturnUrl=%2fISZ%2fWebFormMain.aspx\" target=\"_self\" rel=\"noopener\" name=\"Portal zam\u00f3wie\u0144\">[<\/a><a href=\"https:\/\/orders.chespa.eu\/ISZ\/LogIn.aspx?ReturnUrl=%2fISZ%2fWebFormMain.aspx\">Acceseaz\u0103<\/a><a dir=\"ltr\" title=\"Portal zam\u00f3wie\u0144\" href=\"https:\/\/orders.chespa.eu\/ISZ\/LogIn.aspx?ReturnUrl=%2fISZ%2fWebFormMain.aspx\" target=\"_self\" rel=\"noopener\" name=\"Portal zam\u00f3wie\u0144\"><u> pagina<\/u>]<\/a><\/strong><\/div>\n<p>&nbsp;<\/p>\n","protected":false},"excerpt":{"rendered":"<p>Chespa este unul dintre cei mai importan\u021bi produc\u0103tori de cerneluri pentru imprimarea digital\u0103 din aceast\u0103 parte a Europei. Oferim o varietate de cerneluri pentru imprimare digital\u0103 prin marca proprie \u2018\u2019NANOJET\u2019\u2019. Cernelurile UV \u0219i UV LED sunt compatibile, printre altele, cu urm\u0103toarele capete de imprimare: RICOH GEN 5\/ RICOH GH 2220 KONICA MINOLTA 512, 1024 EPSON [&hellip;]<\/p>\n","protected":false},"author":2,"featured_media":15603,"parent":18799,"menu_order":0,"comment_status":"closed","ping_status":"closed","template":"","meta":{"_acf_changed":false,"footnotes":""},"class_list":["post-690","page","type-page","status-publish","has-post-thumbnail","hentry"],"acf":[],"yoast_head":"<!-- This site is optimized with the Yoast SEO plugin v27.4 - https:\/\/yoast.com\/product\/yoast-seo-wordpress\/ -->\n<title>Cerneluri injec\u021bie \u201cNANOJET\u201d - Chespa - printing inks, clichees, cutting dies<\/title>\n<meta name=\"description\" content=\"Chespa este unul dintre cei mai importan\u021bi produc\u0103tori de cerneluri pentru imprimarea digital\u0103: Cernelurile UV \u0219i UV LED; cernelurile ecosolvente; cernelurile pigmentare pe baz\u0103 de ap\u0103; cerneluri colorante pe baz\u0103 de ap\u0103. V\u0103 \u00eencuraj\u0103m, de asemenea, s\u0103 achizi\u021biona\u021bi \u0219i alte produse necesare pentru imprimarea digital\u0103: PRIMER UV pentru sticl\u0103\/metal\/pvc; CLEANER; LACURI; LAMINAT.\" \/>\n<meta name=\"robots\" content=\"index, follow, max-snippet:-1, max-image-preview:large, max-video-preview:-1\" \/>\n<link rel=\"canonical\" href=\"https:\/\/www.chespa.eu\/ro\/cerneluri-injectie-nanojet\/\" \/>\n<meta property=\"og:locale\" content=\"ro_RO\" \/>\n<meta property=\"og:type\" content=\"article\" \/>\n<meta property=\"og:title\" content=\"Cerneluri injec\u021bie \u201cNANOJET\u201d - Chespa - printing inks, clichees, cutting dies\" \/>\n<meta property=\"og:description\" content=\"Chespa este unul dintre cei mai importan\u021bi produc\u0103tori de cerneluri pentru imprimarea digital\u0103: Cernelurile UV \u0219i UV LED; cernelurile ecosolvente; cernelurile pigmentare pe baz\u0103 de ap\u0103; cerneluri colorante pe baz\u0103 de ap\u0103. V\u0103 \u00eencuraj\u0103m, de asemenea, s\u0103 achizi\u021biona\u021bi \u0219i alte produse necesare pentru imprimarea digital\u0103: PRIMER UV pentru sticl\u0103\/metal\/pvc; CLEANER; LACURI; LAMINAT.\" \/>\n<meta property=\"og:url\" content=\"https:\/\/www.chespa.eu\/ro\/cerneluri-injectie-nanojet\/\" \/>\n<meta property=\"og:site_name\" content=\"Chespa - printing inks, clichees, cutting dies\" \/>\n<meta property=\"article:modified_time\" content=\"2022-11-10T15:09:04+00:00\" \/>\n<meta property=\"og:image\" content=\"https:\/\/www.chespa.eu\/wp-content\/uploads\/2021\/08\/serie_nano.png\" \/>\n\t<meta property=\"og:image:width\" content=\"1920\" \/>\n\t<meta property=\"og:image:height\" content=\"295\" \/>\n\t<meta property=\"og:image:type\" content=\"image\/png\" \/>\n<meta name=\"twitter:card\" content=\"summary_large_image\" \/>\n<meta name=\"twitter:label1\" content=\"Est. reading time\" \/>\n\t<meta name=\"twitter:data1\" content=\"2 minutes\" \/>\n<script type=\"application\/ld+json\" class=\"yoast-schema-graph\">{\"@context\":\"https:\\\/\\\/schema.org\",\"@graph\":[{\"@type\":\"WebPage\",\"@id\":\"https:\\\/\\\/www.chespa.eu\\\/ro\\\/cerneluri-injectie-nanojet\\\/\",\"url\":\"https:\\\/\\\/www.chespa.eu\\\/ro\\\/cerneluri-injectie-nanojet\\\/\",\"name\":\"Cerneluri injec\u021bie \u201cNANOJET\u201d - Chespa - printing inks, clichees, cutting dies\",\"isPartOf\":{\"@id\":\"https:\\\/\\\/www.chespa.eu\\\/#website\"},\"primaryImageOfPage\":{\"@id\":\"https:\\\/\\\/www.chespa.eu\\\/ro\\\/cerneluri-injectie-nanojet\\\/#primaryimage\"},\"image\":{\"@id\":\"https:\\\/\\\/www.chespa.eu\\\/ro\\\/cerneluri-injectie-nanojet\\\/#primaryimage\"},\"thumbnailUrl\":\"https:\\\/\\\/www.chespa.eu\\\/wp-content\\\/uploads\\\/2021\\\/08\\\/serie_nano.png\",\"datePublished\":\"2016-05-18T10:08:12+00:00\",\"dateModified\":\"2022-11-10T15:09:04+00:00\",\"description\":\"Chespa este unul dintre cei mai importan\u021bi produc\u0103tori de cerneluri pentru imprimarea digital\u0103: Cernelurile UV \u0219i UV LED; cernelurile ecosolvente; cernelurile pigmentare pe baz\u0103 de ap\u0103; cerneluri colorante pe baz\u0103 de ap\u0103. V\u0103 \u00eencuraj\u0103m, de asemenea, s\u0103 achizi\u021biona\u021bi \u0219i alte produse necesare pentru imprimarea digital\u0103: PRIMER UV pentru sticl\u0103\\\/metal\\\/pvc; CLEANER; LACURI; LAMINAT.\",\"breadcrumb\":{\"@id\":\"https:\\\/\\\/www.chespa.eu\\\/ro\\\/cerneluri-injectie-nanojet\\\/#breadcrumb\"},\"inLanguage\":\"ro-RO\",\"potentialAction\":[{\"@type\":\"ReadAction\",\"target\":[\"https:\\\/\\\/www.chespa.eu\\\/ro\\\/cerneluri-injectie-nanojet\\\/\"]}]},{\"@type\":\"ImageObject\",\"inLanguage\":\"ro-RO\",\"@id\":\"https:\\\/\\\/www.chespa.eu\\\/ro\\\/cerneluri-injectie-nanojet\\\/#primaryimage\",\"url\":\"https:\\\/\\\/www.chespa.eu\\\/wp-content\\\/uploads\\\/2021\\\/08\\\/serie_nano.png\",\"contentUrl\":\"https:\\\/\\\/www.chespa.eu\\\/wp-content\\\/uploads\\\/2021\\\/08\\\/serie_nano.png\",\"width\":1920,\"height\":295},{\"@type\":\"BreadcrumbList\",\"@id\":\"https:\\\/\\\/www.chespa.eu\\\/ro\\\/cerneluri-injectie-nanojet\\\/#breadcrumb\",\"itemListElement\":[{\"@type\":\"ListItem\",\"position\":1,\"name\":\"Strona g\u0142\u00f3wna\",\"item\":\"https:\\\/\\\/www.chespa.eu\\\/\"},{\"@type\":\"ListItem\",\"position\":2,\"name\":\"Cerneluri injec\u021bie \u201cNANOJET\u201d\"}]},{\"@type\":\"WebSite\",\"@id\":\"https:\\\/\\\/www.chespa.eu\\\/#website\",\"url\":\"https:\\\/\\\/www.chespa.eu\\\/\",\"name\":\"Chespa - printing inks, clichees, cutting dies\",\"description\":\"\",\"potentialAction\":[{\"@type\":\"SearchAction\",\"target\":{\"@type\":\"EntryPoint\",\"urlTemplate\":\"https:\\\/\\\/www.chespa.eu\\\/?s={search_term_string}\"},\"query-input\":{\"@type\":\"PropertyValueSpecification\",\"valueRequired\":true,\"valueName\":\"search_term_string\"}}],\"inLanguage\":\"ro-RO\"}]}<\/script>\n<!-- \/ Yoast SEO plugin. -->","yoast_head_json":{"title":"Cerneluri injec\u021bie \u201cNANOJET\u201d - Chespa - printing inks, clichees, cutting dies","description":"Chespa este unul dintre cei mai importan\u021bi produc\u0103tori de cerneluri pentru imprimarea digital\u0103: Cernelurile UV \u0219i UV LED; cernelurile ecosolvente; cernelurile pigmentare pe baz\u0103 de ap\u0103; cerneluri colorante pe baz\u0103 de ap\u0103. V\u0103 \u00eencuraj\u0103m, de asemenea, s\u0103 achizi\u021biona\u021bi \u0219i alte produse necesare pentru imprimarea digital\u0103: PRIMER UV pentru sticl\u0103\/metal\/pvc; CLEANER; LACURI; LAMINAT.","robots":{"index":"index","follow":"follow","max-snippet":"max-snippet:-1","max-image-preview":"max-image-preview:large","max-video-preview":"max-video-preview:-1"},"canonical":"https:\/\/www.chespa.eu\/ro\/cerneluri-injectie-nanojet\/","og_locale":"ro_RO","og_type":"article","og_title":"Cerneluri injec\u021bie \u201cNANOJET\u201d - Chespa - printing inks, clichees, cutting dies","og_description":"Chespa este unul dintre cei mai importan\u021bi produc\u0103tori de cerneluri pentru imprimarea digital\u0103: Cernelurile UV \u0219i UV LED; cernelurile ecosolvente; cernelurile pigmentare pe baz\u0103 de ap\u0103; cerneluri colorante pe baz\u0103 de ap\u0103. V\u0103 \u00eencuraj\u0103m, de asemenea, s\u0103 achizi\u021biona\u021bi \u0219i alte produse necesare pentru imprimarea digital\u0103: PRIMER UV pentru sticl\u0103\/metal\/pvc; CLEANER; LACURI; LAMINAT.","og_url":"https:\/\/www.chespa.eu\/ro\/cerneluri-injectie-nanojet\/","og_site_name":"Chespa - printing inks, clichees, cutting dies","article_modified_time":"2022-11-10T15:09:04+00:00","og_image":[{"width":1920,"height":295,"url":"https:\/\/www.chespa.eu\/wp-content\/uploads\/2021\/08\/serie_nano.png","type":"image\/png"}],"twitter_card":"summary_large_image","twitter_misc":{"Est. reading time":"2 minutes"},"schema":{"@context":"https:\/\/schema.org","@graph":[{"@type":"WebPage","@id":"https:\/\/www.chespa.eu\/ro\/cerneluri-injectie-nanojet\/","url":"https:\/\/www.chespa.eu\/ro\/cerneluri-injectie-nanojet\/","name":"Cerneluri injec\u021bie \u201cNANOJET\u201d - Chespa - printing inks, clichees, cutting dies","isPartOf":{"@id":"https:\/\/www.chespa.eu\/#website"},"primaryImageOfPage":{"@id":"https:\/\/www.chespa.eu\/ro\/cerneluri-injectie-nanojet\/#primaryimage"},"image":{"@id":"https:\/\/www.chespa.eu\/ro\/cerneluri-injectie-nanojet\/#primaryimage"},"thumbnailUrl":"https:\/\/www.chespa.eu\/wp-content\/uploads\/2021\/08\/serie_nano.png","datePublished":"2016-05-18T10:08:12+00:00","dateModified":"2022-11-10T15:09:04+00:00","description":"Chespa este unul dintre cei mai importan\u021bi produc\u0103tori de cerneluri pentru imprimarea digital\u0103: Cernelurile UV \u0219i UV LED; cernelurile ecosolvente; cernelurile pigmentare pe baz\u0103 de ap\u0103; cerneluri colorante pe baz\u0103 de ap\u0103. V\u0103 \u00eencuraj\u0103m, de asemenea, s\u0103 achizi\u021biona\u021bi \u0219i alte produse necesare pentru imprimarea digital\u0103: PRIMER UV pentru sticl\u0103\/metal\/pvc; CLEANER; LACURI; LAMINAT.","breadcrumb":{"@id":"https:\/\/www.chespa.eu\/ro\/cerneluri-injectie-nanojet\/#breadcrumb"},"inLanguage":"ro-RO","potentialAction":[{"@type":"ReadAction","target":["https:\/\/www.chespa.eu\/ro\/cerneluri-injectie-nanojet\/"]}]},{"@type":"ImageObject","inLanguage":"ro-RO","@id":"https:\/\/www.chespa.eu\/ro\/cerneluri-injectie-nanojet\/#primaryimage","url":"https:\/\/www.chespa.eu\/wp-content\/uploads\/2021\/08\/serie_nano.png","contentUrl":"https:\/\/www.chespa.eu\/wp-content\/uploads\/2021\/08\/serie_nano.png","width":1920,"height":295},{"@type":"BreadcrumbList","@id":"https:\/\/www.chespa.eu\/ro\/cerneluri-injectie-nanojet\/#breadcrumb","itemListElement":[{"@type":"ListItem","position":1,"name":"Strona g\u0142\u00f3wna","item":"https:\/\/www.chespa.eu\/"},{"@type":"ListItem","position":2,"name":"Cerneluri injec\u021bie \u201cNANOJET\u201d"}]},{"@type":"WebSite","@id":"https:\/\/www.chespa.eu\/#website","url":"https:\/\/www.chespa.eu\/","name":"Chespa - printing inks, clichees, cutting dies","description":"","potentialAction":[{"@type":"SearchAction","target":{"@type":"EntryPoint","urlTemplate":"https:\/\/www.chespa.eu\/?s={search_term_string}"},"query-input":{"@type":"PropertyValueSpecification","valueRequired":true,"valueName":"search_term_string"}}],"inLanguage":"ro-RO"}]}},"_links":{"self":[{"href":"https:\/\/www.chespa.eu\/ro\/wp-json\/wp\/v2\/pages\/690","targetHints":{"allow":["GET"]}}],"collection":[{"href":"https:\/\/www.chespa.eu\/ro\/wp-json\/wp\/v2\/pages"}],"about":[{"href":"https:\/\/www.chespa.eu\/ro\/wp-json\/wp\/v2\/types\/page"}],"author":[{"embeddable":true,"href":"https:\/\/www.chespa.eu\/ro\/wp-json\/wp\/v2\/users\/2"}],"replies":[{"embeddable":true,"href":"https:\/\/www.chespa.eu\/ro\/wp-json\/wp\/v2\/comments?post=690"}],"version-history":[{"count":17,"href":"https:\/\/www.chespa.eu\/ro\/wp-json\/wp\/v2\/pages\/690\/revisions"}],"predecessor-version":[{"id":14796,"href":"https:\/\/www.chespa.eu\/ro\/wp-json\/wp\/v2\/pages\/690\/revisions\/14796"}],"up":[{"embeddable":true,"href":"https:\/\/www.chespa.eu\/ro\/wp-json\/wp\/v2\/pages\/18799"}],"wp:featuredmedia":[{"embeddable":true,"href":"https:\/\/www.chespa.eu\/ro\/wp-json\/wp\/v2\/media\/15603"}],"wp:attachment":[{"href":"https:\/\/www.chespa.eu\/ro\/wp-json\/wp\/v2\/media?parent=690"}],"curies":[{"name":"wp","href":"https:\/\/api.w.org\/{rel}","templated":true}]}}