{"id":665,"date":"2015-12-04T13:38:52","date_gmt":"2015-12-04T12:38:52","guid":{"rendered":"http:\/\/chespa.eu\/ro\/csr\/"},"modified":"2022-07-28T10:51:53","modified_gmt":"2022-07-28T08:51:53","slug":"crs","status":"publish","type":"page","link":"https:\/\/www.chespa.eu\/ro\/produse\/chespa-repro-studio\/crs\/","title":{"rendered":"Chespa Repro Studio"},"content":{"rendered":"<p>Ideea de CRS este de a oferi clientului o gam\u0103 complet\u0103 de servicii \u0219i de sprijin de la \u00eenceputul proiectului, p\u00e2n\u0103 la imprimarea final\u0103 pe o pres\u0103 de tipar<\/p>\n<p>CRS angajat \u00een proiectarea \u0219i preg\u0103tirea pentru tip\u0103rire grafic\u0103de ambalaje noi sau existente , din carton, substraturi flexibile, h\u00e2rtie, etc.<\/p>\n<p>Oferta noastr\u0103 include cooperarea \u00een prepararea compozi\u021biilor, reprografic\u0103. Va punem la dispozitie un sprijin tehnologic cuprinz\u0103tor \u00een fiecare etap\u0103 a produc\u021biei de ambalaje.<\/p>\n<p>Consultare constant\u0103 \u0219i o comunicare clar\u0103 ne permite s\u0103 r\u0103spundem a\u0219tept\u0103rilor clien\u021bilor. Dorim s\u0103 lucreze cu noi a fost o investi\u021bie care v\u0103 permite s\u0103 genereze profituri.<\/p>\n<p>Lucr\u00e2nd cu clien\u021bii no\u0219tri de-a lungul anilor, am fost capabili s\u0103 dob\u00e2ndim o experien\u021b\u0103 de nepre\u021buit, \u00een acela\u0219i timp realizarea obiectivelor \u0219i satisfacerea celor mai exigente a\u0219tept\u0103ri.<\/p>\n<p>&nbsp;<\/p>\n<p>&#8211; <strong>Lucr\u0103ri de art\u0103 (modific\u0103ri de design, text inserarea) DTP<\/strong><\/p>\n<p>\u00cen aceast\u0103 etap\u0103, ne adapt\u0103m design grafic pentru re\u021belele de ambalaje diferite, Aplica\u021bi modific\u0103rile text, promo\u021bii, elemente ocazionale, coduri EAN, etc. Preg\u0103tire preliminar\u0103 pentru imprimare, inclusiv conversia culorilor de la RGB la CMYK.<\/p>\n<p>&nbsp;<\/p>\n<p><strong>&#8211; Legarea (preg\u0103tirea grafic\u0103 pentru o tehnic\u0103 de imprimare dat\u0103, aparatul \u00een func\u021bie de culoarea profilului)<br \/>\n<\/strong><\/p>\n<p>Departamentul nostru se ocup\u0103 cu preg\u0103tire profesional\u0103 de grafic\u0103 pentru tipar.Acest mod de lucru permite un aspect aproape identic al tuturor tipurilor de ambalaje identiceprodus (etichete, ambalaje flexibile, cutii de carton, etc.). Fi\u0219ierele preg\u0103tite de CSR este potrivit pentru procesul de imprimare final\u0103 utilizat\u0103 \u00een tehnologia de produc\u021bie.<\/p>\n<p>&nbsp;<\/p>\n<p><strong>&#8211; Culoare standardizat\u0103<br \/>\n<\/strong><\/p>\n<p>Cerin\u021ba de proprietari de marc\u0103 este convergen\u021ba ambalajelor de culoare, care asigur\u0103 recunoa\u0219terea m\u0103rcii, indiferent de locul de v\u00e2nzare, tipul de ambalaj, tehnici de imprimare \u0219i a structurilor utilizate. Pentru clien\u021bii din ac\u021biunile propuse se imprim\u0103 standardizarea \u00een imprimarea \u00een toate tehnicile de tip\u0103rire \u0219i pe mai multe tipuri de substraturi. Asigurarea suportului tehnologic, incoeren\u021be \u00een tip\u0103rirea \u0219i preg\u0103tirea de template-uri de culoare, care sunt de a sprijini clientul \u0219i imprimarea \u00een standardizarea culoare analiza.<\/p>\n<p>Obiectivele procesului de standardizare sunt:<\/p>\n<p>&#8211; unificarea maxim\u0103 a culorii \u00een toate tipurile de imprimare; flexografic\u0103, rotogravur\u0103, offset,<\/p>\n<p>&#8211; men\u021binerea reproductibilitatea tiparului \u00een toate casele de imprimare.<\/p>\n<p>Procesul de standardizare este onest, de \u00eencredere \u0219i reproductibile, atunci c\u00e2nd se va efectua o standardizare a culorii \u00een tip\u0103rirea fiec\u0103rui substrat \u00een mod individual, \u00een imprimarea utilizat\u0103 de c\u0103tre client.<\/p>\n<p>Pentru standardizarea culorilor \u00een imprimare final\u0103, ne preg\u0103tim pentru fiecare culoare sabloane de substraturi.<\/p>\n<p>&nbsp;<\/p>\n<p><strong>&#8211; Demonstratii (punct de simulare, cu o simulare fidel\u0103 a culorilor speciale, chiar \u0219i \u00een combina\u021bie cu culori de proces)<\/strong><\/p>\n<p>Cu ma\u0219inile cele mai moderne atinge de \u00eenalt\u0103 calitate a proiectelor noastre. Tehnologia avansat\u0103 modern\u0103 permite reproducerea exact\u0103 a rezultatului final prin utilizarea GMG dot simulare probei \u0219i substratul. Astfel de probe sunt supuse aprob\u0103rii prealabile de c\u0103tre client.<\/p>\n<p>Noi oferim:<\/p>\n<p>-dovezi standard,<br \/>\n-dovezi transparente<br \/>\n-dovezi metalizat\u0103.<\/p>\n<p><strong>&#8211; Machet\u0103 (ambalaj machet\u0103 \u00een scara de 1: 1, \u00een concordan\u021b\u0103 cu profilul de culoare al ma\u0219inii de imprimare ambalaje, cum ar fi psihiatru furtune, pungi, t\u0103vi, cutii)<br \/>\n<\/strong><\/p>\n<p>&nbsp;<\/p>\n<p><strong>&#8211; CDC (platform\u0103 pentru schimbul de informa\u021bii cu clien\u021bii)<br \/>\n<\/strong><\/p>\n<p>Pentru a comunica rapid \u0219i eficient cu clientul, CRS ofer\u0103 acces la inovator sistem online Chespa Design Center, care faciliteaz\u0103 cooperarea \u0219i scurteaz\u0103 durata proiectului. Pentru fiecare client este stabilit\u0103 individualizat, adaptat nevoilor lor, \u021bin\u00e2nd cont de fluxul de lucru \u0219i de conectare:<\/p>\n<p>&#8211; Toate etapele de preg\u0103tire a ambalajului<\/p>\n<p>&#8211; Toate departamentele implicate \u00een proces<\/p>\n<p>&#8211; Activitatea de control al costurilor de CRS<\/p>\n<p>&#8211; Controlul calit\u0103\u021bii al ambalajelor imprimate<\/p>\n<p>&#8211; Diferite tipuri de rapoarte \u0219i \u00een func\u021bie de cerin\u021bele clientului<\/p>\n<p>&#8211; KPI<\/p>\n<p>Aceasta limiteaz\u0103, de asemenea, num\u0103rul de probe \u00een circula\u021bie \u0219i furnizeaz\u0103 toate proiectele arhivate \u00eentr-un singur loc, facilit\u00e2nd accesul la bazele lor de date.<\/p>\n<p>&nbsp;<\/p>\n<p><strong>&#8211; Acceptarea \u0219i suportul tehnologic \u00een timpul tip\u0103ririi \u00een tip\u0103rirea.<\/strong><\/p>\n<p>\u00cen str\u00e2ns\u0103 cooperare cu CRS client final, este posibil s\u0103 se elimine necesitatea accept\u0103rii de c\u0103tre client \u00een tip\u0103rirea, deoarece aceast\u0103 obliga\u021bie poate fi transferat\u0103 c\u0103tre CRS.<\/p>\n<p>&nbsp;<\/p>\n<p><strong>&#8211; Training\u00a0 (pentru comercializare, aprovizionare, de la elementele de baz\u0103 de imprimare, de gestionare a culorilor).<\/strong><\/p>\n<p>Formare \u00een multe domenii de imprimare. Prelegerile sunt \u00eemp\u0103r\u021bite \u00een diferite stadii de produc\u021bie: prepress, presa si post tiparire. Ele sunt conduse de practicieni, speciali\u0219ti \u0219i angaja\u021bi externi pe termen lung compania noastr\u0103.<\/p>\n<p>&nbsp;<\/p>\n<p><strong>&#8211; Design<\/strong><\/p>\n<p>Noi cream personaje si machete grafice pentru pachete individuale, o serie de produse \u0219i ambalaje.Proiectul din centrul nostrul, proiectat ini\u021bial este proiectat pentru o ma\u0219in\u0103 specific\u0103 \u0219i cerin\u021bele sale.Ca rezultat, suntem capabili de a reproduce cu fidelitate schema de culori destinate.<\/p>\n<p>\u00cen propriul lor studio fotografic, de asemenea, s\u0103 ne preg\u0103tim imagini de produs \u0219i desene utilizate \u00een grafica de ambalare.<\/p>\n<p>Va oferim modele originale \u0219i grafic\u0103 \u00een crearea de noi ambalaje pentru at\u00e2t cartonului ondulat \u0219i solid\u0103 \u0219i din h\u00e2rtie sau materiale flexibile: PET, PP, PE, produse laminate \u0219i alte.<\/p>\n<p>Modele de ambalare &#8211; oferite \u00een \u00eentregime de noi sau de sugestiile clien\u021bilor sunt \u00eentotdeauna preg\u0103tite, \u021bin\u00e2nd cont de specificul imprim\u0103rii pe diferite substraturi a dezvoltat modelul care este transferat s\u0103 accepte forma c\u00e2t mai aproape posibil de rezultatul final: un punct digital de simulare dovada \u0219i substrat.<\/p>\n<p><span style=\"text-decoration: underline;\"><strong>Pentru noi, fiecare comand\u0103 este unic\u0103.<\/strong><\/span><\/p>\n<p>Lucr\u00e2nd cu agen\u021bia de publicitate &#8211; Fiind in contact cu proiectantul au un impact nu numai asupra graficii pachetului ci \u015fi asupra costurilor asociate cu preg\u0103tirea acestuia.<\/p>\n","protected":false},"excerpt":{"rendered":"<p>Ideea de CRS este de a oferi clientului o gam\u0103 complet\u0103 de servicii \u0219i de sprijin de la \u00eenceputul proiectului, p\u00e2n\u0103 la imprimarea final\u0103 pe o pres\u0103 de tipar CRS angajat \u00een proiectarea \u0219i preg\u0103tirea pentru tip\u0103rire grafic\u0103de ambalaje noi sau existente , din carton, substraturi flexibile, h\u00e2rtie, etc. Oferta noastr\u0103 include cooperarea \u00een prepararea [&hellip;]<\/p>\n","protected":false},"author":6,"featured_media":10079,"parent":18802,"menu_order":0,"comment_status":"closed","ping_status":"closed","template":"","meta":{"_acf_changed":false,"footnotes":""},"class_list":["post-665","page","type-page","status-publish","has-post-thumbnail","hentry"],"acf":[],"yoast_head":"<!-- This site is optimized with the Yoast SEO plugin v27.3 - https:\/\/yoast.com\/product\/yoast-seo-wordpress\/ -->\n<title>Chespa Repro Studio - Chespa - printing inks, clichees, cutting dies<\/title>\n<meta name=\"robots\" content=\"index, follow, max-snippet:-1, max-image-preview:large, max-video-preview:-1\" \/>\n<link rel=\"canonical\" href=\"https:\/\/www.chespa.eu\/ro\/crs\/\" \/>\n<meta property=\"og:locale\" content=\"ro_RO\" \/>\n<meta property=\"og:type\" content=\"article\" \/>\n<meta property=\"og:title\" content=\"Chespa Repro Studio - Chespa - printing inks, clichees, cutting dies\" \/>\n<meta property=\"og:description\" content=\"Ideea de CRS este de a oferi clientului o gam\u0103 complet\u0103 de servicii \u0219i de sprijin de la \u00eenceputul proiectului, p\u00e2n\u0103 la imprimarea final\u0103 pe o pres\u0103 de tipar CRS angajat \u00een proiectarea \u0219i preg\u0103tirea pentru tip\u0103rire grafic\u0103de ambalaje noi sau existente , din carton, substraturi flexibile, h\u00e2rtie, etc. Oferta noastr\u0103 include cooperarea \u00een prepararea [&hellip;]\" \/>\n<meta property=\"og:url\" content=\"https:\/\/www.chespa.eu\/ro\/crs\/\" \/>\n<meta property=\"og:site_name\" content=\"Chespa - printing inks, clichees, cutting dies\" \/>\n<meta property=\"article:modified_time\" content=\"2022-07-28T08:51:53+00:00\" \/>\n<meta property=\"og:image\" content=\"https:\/\/www.chespa.eu\/wp-content\/uploads\/2016\/11\/crs.png\" \/>\n\t<meta property=\"og:image:width\" content=\"1920\" \/>\n\t<meta property=\"og:image:height\" content=\"295\" \/>\n\t<meta property=\"og:image:type\" content=\"image\/png\" \/>\n<meta name=\"twitter:card\" content=\"summary_large_image\" \/>\n<meta name=\"twitter:label1\" content=\"Est. reading time\" \/>\n\t<meta name=\"twitter:data1\" content=\"5 minutes\" \/>\n<script type=\"application\/ld+json\" class=\"yoast-schema-graph\">{\"@context\":\"https:\\\/\\\/schema.org\",\"@graph\":[{\"@type\":\"WebPage\",\"@id\":\"https:\\\/\\\/www.chespa.eu\\\/ro\\\/crs\\\/\",\"url\":\"https:\\\/\\\/www.chespa.eu\\\/ro\\\/crs\\\/\",\"name\":\"Chespa Repro Studio - Chespa - printing inks, clichees, cutting dies\",\"isPartOf\":{\"@id\":\"https:\\\/\\\/www.chespa.eu\\\/#website\"},\"primaryImageOfPage\":{\"@id\":\"https:\\\/\\\/www.chespa.eu\\\/ro\\\/crs\\\/#primaryimage\"},\"image\":{\"@id\":\"https:\\\/\\\/www.chespa.eu\\\/ro\\\/crs\\\/#primaryimage\"},\"thumbnailUrl\":\"https:\\\/\\\/www.chespa.eu\\\/wp-content\\\/uploads\\\/2016\\\/11\\\/crs.png\",\"datePublished\":\"2015-12-04T12:38:52+00:00\",\"dateModified\":\"2022-07-28T08:51:53+00:00\",\"breadcrumb\":{\"@id\":\"https:\\\/\\\/www.chespa.eu\\\/ro\\\/crs\\\/#breadcrumb\"},\"inLanguage\":\"ro-RO\",\"potentialAction\":[{\"@type\":\"ReadAction\",\"target\":[\"https:\\\/\\\/www.chespa.eu\\\/ro\\\/crs\\\/\"]}]},{\"@type\":\"ImageObject\",\"inLanguage\":\"ro-RO\",\"@id\":\"https:\\\/\\\/www.chespa.eu\\\/ro\\\/crs\\\/#primaryimage\",\"url\":\"https:\\\/\\\/www.chespa.eu\\\/wp-content\\\/uploads\\\/2016\\\/11\\\/crs.png\",\"contentUrl\":\"https:\\\/\\\/www.chespa.eu\\\/wp-content\\\/uploads\\\/2016\\\/11\\\/crs.png\",\"width\":1920,\"height\":295},{\"@type\":\"BreadcrumbList\",\"@id\":\"https:\\\/\\\/www.chespa.eu\\\/ro\\\/crs\\\/#breadcrumb\",\"itemListElement\":[{\"@type\":\"ListItem\",\"position\":1,\"name\":\"Strona g\u0142\u00f3wna\",\"item\":\"https:\\\/\\\/www.chespa.eu\\\/\"},{\"@type\":\"ListItem\",\"position\":2,\"name\":\"Chespa Repro Studio\"}]},{\"@type\":\"WebSite\",\"@id\":\"https:\\\/\\\/www.chespa.eu\\\/#website\",\"url\":\"https:\\\/\\\/www.chespa.eu\\\/\",\"name\":\"Chespa - printing inks, clichees, cutting dies\",\"description\":\"\",\"potentialAction\":[{\"@type\":\"SearchAction\",\"target\":{\"@type\":\"EntryPoint\",\"urlTemplate\":\"https:\\\/\\\/www.chespa.eu\\\/?s={search_term_string}\"},\"query-input\":{\"@type\":\"PropertyValueSpecification\",\"valueRequired\":true,\"valueName\":\"search_term_string\"}}],\"inLanguage\":\"ro-RO\"}]}<\/script>\n<!-- \/ Yoast SEO plugin. -->","yoast_head_json":{"title":"Chespa Repro Studio - Chespa - printing inks, clichees, cutting dies","robots":{"index":"index","follow":"follow","max-snippet":"max-snippet:-1","max-image-preview":"max-image-preview:large","max-video-preview":"max-video-preview:-1"},"canonical":"https:\/\/www.chespa.eu\/ro\/crs\/","og_locale":"ro_RO","og_type":"article","og_title":"Chespa Repro Studio - Chespa - printing inks, clichees, cutting dies","og_description":"Ideea de CRS este de a oferi clientului o gam\u0103 complet\u0103 de servicii \u0219i de sprijin de la \u00eenceputul proiectului, p\u00e2n\u0103 la imprimarea final\u0103 pe o pres\u0103 de tipar CRS angajat \u00een proiectarea \u0219i preg\u0103tirea pentru tip\u0103rire grafic\u0103de ambalaje noi sau existente , din carton, substraturi flexibile, h\u00e2rtie, etc. Oferta noastr\u0103 include cooperarea \u00een prepararea [&hellip;]","og_url":"https:\/\/www.chespa.eu\/ro\/crs\/","og_site_name":"Chespa - printing inks, clichees, cutting dies","article_modified_time":"2022-07-28T08:51:53+00:00","og_image":[{"width":1920,"height":295,"url":"https:\/\/www.chespa.eu\/wp-content\/uploads\/2016\/11\/crs.png","type":"image\/png"}],"twitter_card":"summary_large_image","twitter_misc":{"Est. reading time":"5 minutes"},"schema":{"@context":"https:\/\/schema.org","@graph":[{"@type":"WebPage","@id":"https:\/\/www.chespa.eu\/ro\/crs\/","url":"https:\/\/www.chespa.eu\/ro\/crs\/","name":"Chespa Repro Studio - Chespa - printing inks, clichees, cutting dies","isPartOf":{"@id":"https:\/\/www.chespa.eu\/#website"},"primaryImageOfPage":{"@id":"https:\/\/www.chespa.eu\/ro\/crs\/#primaryimage"},"image":{"@id":"https:\/\/www.chespa.eu\/ro\/crs\/#primaryimage"},"thumbnailUrl":"https:\/\/www.chespa.eu\/wp-content\/uploads\/2016\/11\/crs.png","datePublished":"2015-12-04T12:38:52+00:00","dateModified":"2022-07-28T08:51:53+00:00","breadcrumb":{"@id":"https:\/\/www.chespa.eu\/ro\/crs\/#breadcrumb"},"inLanguage":"ro-RO","potentialAction":[{"@type":"ReadAction","target":["https:\/\/www.chespa.eu\/ro\/crs\/"]}]},{"@type":"ImageObject","inLanguage":"ro-RO","@id":"https:\/\/www.chespa.eu\/ro\/crs\/#primaryimage","url":"https:\/\/www.chespa.eu\/wp-content\/uploads\/2016\/11\/crs.png","contentUrl":"https:\/\/www.chespa.eu\/wp-content\/uploads\/2016\/11\/crs.png","width":1920,"height":295},{"@type":"BreadcrumbList","@id":"https:\/\/www.chespa.eu\/ro\/crs\/#breadcrumb","itemListElement":[{"@type":"ListItem","position":1,"name":"Strona g\u0142\u00f3wna","item":"https:\/\/www.chespa.eu\/"},{"@type":"ListItem","position":2,"name":"Chespa Repro Studio"}]},{"@type":"WebSite","@id":"https:\/\/www.chespa.eu\/#website","url":"https:\/\/www.chespa.eu\/","name":"Chespa - printing inks, clichees, cutting dies","description":"","potentialAction":[{"@type":"SearchAction","target":{"@type":"EntryPoint","urlTemplate":"https:\/\/www.chespa.eu\/?s={search_term_string}"},"query-input":{"@type":"PropertyValueSpecification","valueRequired":true,"valueName":"search_term_string"}}],"inLanguage":"ro-RO"}]}},"_links":{"self":[{"href":"https:\/\/www.chespa.eu\/ro\/wp-json\/wp\/v2\/pages\/665","targetHints":{"allow":["GET"]}}],"collection":[{"href":"https:\/\/www.chespa.eu\/ro\/wp-json\/wp\/v2\/pages"}],"about":[{"href":"https:\/\/www.chespa.eu\/ro\/wp-json\/wp\/v2\/types\/page"}],"author":[{"embeddable":true,"href":"https:\/\/www.chespa.eu\/ro\/wp-json\/wp\/v2\/users\/6"}],"replies":[{"embeddable":true,"href":"https:\/\/www.chespa.eu\/ro\/wp-json\/wp\/v2\/comments?post=665"}],"version-history":[{"count":8,"href":"https:\/\/www.chespa.eu\/ro\/wp-json\/wp\/v2\/pages\/665\/revisions"}],"predecessor-version":[{"id":5026,"href":"https:\/\/www.chespa.eu\/ro\/wp-json\/wp\/v2\/pages\/665\/revisions\/5026"}],"up":[{"embeddable":true,"href":"https:\/\/www.chespa.eu\/ro\/wp-json\/wp\/v2\/pages\/18802"}],"wp:featuredmedia":[{"embeddable":true,"href":"https:\/\/www.chespa.eu\/ro\/wp-json\/wp\/v2\/media\/10079"}],"wp:attachment":[{"href":"https:\/\/www.chespa.eu\/ro\/wp-json\/wp\/v2\/media?parent=665"}],"curies":[{"name":"wp","href":"https:\/\/api.w.org\/{rel}","templated":true}]}}