{"id":653,"date":"2016-02-15T13:53:25","date_gmt":"2016-02-15T12:53:25","guid":{"rendered":"http:\/\/chespa.eu\/ro\/chespa-packaging-design-1-edycja-2015\/"},"modified":"2017-03-01T16:07:57","modified_gmt":"2017-03-01T15:07:57","slug":"chespa-packaging-design-1-edycja-2015","status":"publish","type":"page","link":"https:\/\/www.chespa.eu\/ro\/chespa-packaging-design-1-edycja-2015\/","title":{"rendered":"Concursul CHESPA PACKAGING DESIGN 2015"},"content":{"rendered":"<p>&#8211; &#8211; &#8211; &#8211; &#8211; &#8211; &#8211; &#8211; &#8211; 11\/19\/2015 &#8211; &#8211; &#8211; &#8211; &#8211; &#8211; &#8211; &#8211; &#8211; &#8211;<\/p>\n<p>REZOLVAREA CONCUREN\u021aEI<\/p>\n<p>Castigatorul din categoria<\/p>\n<p>\u00cen \u00eemprejur\u0103ri speciale<\/p>\n<p>(10.000 z\u0142 \u0219i INTERNSHIP IN COMPANIA Chespa)<\/p>\n<p>Dominika Jarmolinska<\/p>\n<p>(DISTINCTION (INTERNSHIP IN COMPANIA Chespa):<br \/>\nKatarzyna Guga\u0142a<\/p>\n<p>Castigatorul din categoria<\/p>\n<p>IN FIECARE ZI<\/p>\n<p>(10.000 z\u0142 \u0219i INTERNSHIP IN COMPANIA Chespa)<\/p>\n<p>Hubert Piatkowski<\/p>\n<p>DISTINCTION (INTERNSHIP IN COMPANIA Chespa):<br \/>\nAgnieszka Kaczmarek<\/p>\n<p>&#8211; &#8211; &#8211; &#8211; &#8211; &#8211; &#8211; &#8211; &#8211; &#8211; 10\/15\/2015 &#8211; &#8211; &#8211; &#8211; &#8211; &#8211; &#8211; &#8211; &#8211; &#8211;<\/p>\n<p>La data de 15 octombrie 2015. A fost termenul limit\u0103 pentru trimiterea lucr\u0103rilor \u00een domeniul concuren\u021bei.<\/p>\n<p>Suntem incantati ca prima editie a concursului a fost un grup de p\u0103r\u021bi interesate.<br \/>\n\u00cen cur\u00e2nd comisia de concurs va \u00eencepe s\u0103 func\u021bioneze. Etapele urm\u0103toare vor informa<br \/>\n\u00een mod regulat. Le dorim tuturor participan\u021bilor noroc.<\/p>\n<p>&#8211; &#8211; &#8211; &#8211; &#8211; &#8211; &#8211; &#8211; &#8211; &#8211; 06\/08\/2015 &#8211; &#8211; &#8211; &#8211; &#8211; &#8211; &#8211; &#8211; &#8211; &#8211;<\/p>\n<p>Dragi Designeri! V\u0103 invit\u0103m s\u0103 participa\u021bi la prima edi\u021bie a DESIGN concuren\u021bei Chespa AMBALARE.<\/p>\n<p>Scopul concursului este de a proiecta \u0219i executa pachetul, avand sansa de a veni pe pia\u021b\u0103 \u00een ceea ce prive\u0219te func\u021bionalitatea,<br \/>\nutilizarea ra\u021bional\u0103 a materialului, eficacitatea produselor de securitate, inova\u021bie \u0219i estetic\u0103. Scopul concursului este, de asemenea, apari\u021bia<br \/>\n\u0219i pentru a eviden\u021bia solu\u021bii originale de design \u0219i grafic\u0103.<\/p>\n<p>Competi\u021bia a implica dezvoltarea de proiecte \u00een dou\u0103 categorii \u00een conformitate cu liniile directoare:<br \/>\na) &#8220;Pentru o ocazie special\u0103&#8221;<br \/>\nb) &#8220;Pentru fiecare zi.&#8221;<\/p>\n<p>Premiul I: 10.000, -PLN<br \/>\nprecum \u0219i posibilitatea unui stagiu \u00eentr-o companie Chespa.<\/p>\n<p>Termenul-limit\u0103 de depunere a proiectelor &#8211; la 15\/10\/2015<br \/>\nAnun\u021barea rezultatelor &#8211; 19.11.2015<\/p>\n<p>REGULI DE CONCURS:<\/p>\n<p><a href=\"http:\/\/chespa.eu\/wp-content\/uploads\/2016\/02\/cpd_regulaminkunkursu.pdf\" class=\"mtli_attachment mtli_pdf\">cpd_regulaminkunkursu<\/a><\/p>\n<p>IPOTEZE DE DESIGN:<\/p>\n<p><a href=\"http:\/\/chespa.eu\/wp-content\/uploads\/2016\/02\/cpd_zalozeniaprojektowe.pdf\" class=\"mtli_attachment mtli_pdf\">cpd_zalozeniaprojektowe<\/a><\/p>\n<p>FORMULAR DE CERERE:<\/p>\n<p><a href=\"http:\/\/chespa.eu\/wp-content\/uploads\/2016\/02\/cpd_fotmularzzgloszeniowy.pdf\" class=\"mtli_attachment mtli_pdf\">cpd_fotmularzzgloszeniowy<\/a><\/p>\n<p>PREZENTARE \u0218ABLON:<\/p>\n<p><a href=\"http:\/\/chespa.eu\/wp-content\/uploads\/2016\/02\/cpd_szablon_prezentacji.pdf\" class=\"mtli_attachment mtli_pdf\">cpd_szablon_prezentacji<\/a><\/p>\n<p><a href=\"http:\/\/chespa.eu\/wp-content\/uploads\/2016\/02\/cpd_szablon_prezentacji.zip\">cpd_szablon_prezentacji<\/a><\/p>\n","protected":false},"excerpt":{"rendered":"<p>&#8211; &#8211; &#8211; &#8211; &#8211; &#8211; &#8211; &#8211; &#8211; 11\/19\/2015 &#8211; &#8211; &#8211; &#8211; &#8211; &#8211; &#8211; &#8211; &#8211; &#8211; REZOLVAREA CONCUREN\u021aEI Castigatorul din categoria \u00cen \u00eemprejur\u0103ri speciale (10.000 z\u0142 \u0219i INTERNSHIP IN COMPANIA Chespa) Dominika Jarmolinska (DISTINCTION (INTERNSHIP IN COMPANIA Chespa): Katarzyna Guga\u0142a Castigatorul din categoria IN FIECARE ZI (10.000 z\u0142 \u0219i INTERNSHIP IN [&hellip;]<\/p>\n","protected":false},"author":6,"featured_media":0,"parent":0,"menu_order":0,"comment_status":"closed","ping_status":"closed","template":"","meta":{"_acf_changed":false,"footnotes":""},"class_list":["post-653","page","type-page","status-publish","hentry"],"acf":[],"yoast_head":"<!-- This site is optimized with the Yoast SEO plugin v27.3 - https:\/\/yoast.com\/product\/yoast-seo-wordpress\/ -->\n<title>Concursul CHESPA PACKAGING DESIGN 2015 - Chespa - printing inks, clichees, cutting dies<\/title>\n<meta name=\"robots\" content=\"index, follow, max-snippet:-1, max-image-preview:large, max-video-preview:-1\" \/>\n<link rel=\"canonical\" href=\"https:\/\/www.chespa.eu\/ro\/chespa-packaging-design-1-edycja-2015\/\" \/>\n<meta property=\"og:locale\" content=\"ro_RO\" \/>\n<meta property=\"og:type\" content=\"article\" \/>\n<meta property=\"og:title\" content=\"Concursul CHESPA PACKAGING DESIGN 2015 - Chespa - printing inks, clichees, cutting dies\" \/>\n<meta property=\"og:description\" content=\"&#8211; &#8211; &#8211; &#8211; &#8211; &#8211; &#8211; &#8211; &#8211; 11\/19\/2015 &#8211; &#8211; &#8211; &#8211; &#8211; &#8211; &#8211; &#8211; &#8211; &#8211; REZOLVAREA CONCUREN\u021aEI Castigatorul din categoria \u00cen \u00eemprejur\u0103ri speciale (10.000 z\u0142 \u0219i INTERNSHIP IN COMPANIA Chespa) Dominika Jarmolinska (DISTINCTION (INTERNSHIP IN COMPANIA Chespa): Katarzyna Guga\u0142a Castigatorul din categoria IN FIECARE ZI (10.000 z\u0142 \u0219i INTERNSHIP IN [&hellip;]\" \/>\n<meta property=\"og:url\" content=\"https:\/\/www.chespa.eu\/ro\/chespa-packaging-design-1-edycja-2015\/\" \/>\n<meta property=\"og:site_name\" content=\"Chespa - printing inks, clichees, cutting dies\" \/>\n<meta property=\"article:modified_time\" content=\"2017-03-01T15:07:57+00:00\" \/>\n<meta name=\"twitter:card\" content=\"summary_large_image\" \/>\n<meta name=\"twitter:label1\" content=\"Est. reading time\" \/>\n\t<meta name=\"twitter:data1\" content=\"2 minutes\" \/>\n<script type=\"application\/ld+json\" class=\"yoast-schema-graph\">{\"@context\":\"https:\\\/\\\/schema.org\",\"@graph\":[{\"@type\":\"WebPage\",\"@id\":\"https:\\\/\\\/www.chespa.eu\\\/ro\\\/chespa-packaging-design-1-edycja-2015\\\/\",\"url\":\"https:\\\/\\\/www.chespa.eu\\\/ro\\\/chespa-packaging-design-1-edycja-2015\\\/\",\"name\":\"Concursul CHESPA PACKAGING DESIGN 2015 - Chespa - printing inks, clichees, cutting dies\",\"isPartOf\":{\"@id\":\"https:\\\/\\\/www.chespa.eu\\\/#website\"},\"datePublished\":\"2016-02-15T12:53:25+00:00\",\"dateModified\":\"2017-03-01T15:07:57+00:00\",\"breadcrumb\":{\"@id\":\"https:\\\/\\\/www.chespa.eu\\\/ro\\\/chespa-packaging-design-1-edycja-2015\\\/#breadcrumb\"},\"inLanguage\":\"ro-RO\",\"potentialAction\":[{\"@type\":\"ReadAction\",\"target\":[\"https:\\\/\\\/www.chespa.eu\\\/ro\\\/chespa-packaging-design-1-edycja-2015\\\/\"]}]},{\"@type\":\"BreadcrumbList\",\"@id\":\"https:\\\/\\\/www.chespa.eu\\\/ro\\\/chespa-packaging-design-1-edycja-2015\\\/#breadcrumb\",\"itemListElement\":[{\"@type\":\"ListItem\",\"position\":1,\"name\":\"Strona g\u0142\u00f3wna\",\"item\":\"https:\\\/\\\/www.chespa.eu\\\/\"},{\"@type\":\"ListItem\",\"position\":2,\"name\":\"Concursul CHESPA PACKAGING DESIGN 2015\"}]},{\"@type\":\"WebSite\",\"@id\":\"https:\\\/\\\/www.chespa.eu\\\/#website\",\"url\":\"https:\\\/\\\/www.chespa.eu\\\/\",\"name\":\"Chespa - printing inks, clichees, cutting dies\",\"description\":\"\",\"potentialAction\":[{\"@type\":\"SearchAction\",\"target\":{\"@type\":\"EntryPoint\",\"urlTemplate\":\"https:\\\/\\\/www.chespa.eu\\\/?s={search_term_string}\"},\"query-input\":{\"@type\":\"PropertyValueSpecification\",\"valueRequired\":true,\"valueName\":\"search_term_string\"}}],\"inLanguage\":\"ro-RO\"}]}<\/script>\n<!-- \/ Yoast SEO plugin. -->","yoast_head_json":{"title":"Concursul CHESPA PACKAGING DESIGN 2015 - Chespa - printing inks, clichees, cutting dies","robots":{"index":"index","follow":"follow","max-snippet":"max-snippet:-1","max-image-preview":"max-image-preview:large","max-video-preview":"max-video-preview:-1"},"canonical":"https:\/\/www.chespa.eu\/ro\/chespa-packaging-design-1-edycja-2015\/","og_locale":"ro_RO","og_type":"article","og_title":"Concursul CHESPA PACKAGING DESIGN 2015 - Chespa - printing inks, clichees, cutting dies","og_description":"&#8211; &#8211; &#8211; &#8211; &#8211; &#8211; &#8211; &#8211; &#8211; 11\/19\/2015 &#8211; &#8211; &#8211; &#8211; &#8211; &#8211; &#8211; &#8211; &#8211; &#8211; REZOLVAREA CONCUREN\u021aEI Castigatorul din categoria \u00cen \u00eemprejur\u0103ri speciale (10.000 z\u0142 \u0219i INTERNSHIP IN COMPANIA Chespa) Dominika Jarmolinska (DISTINCTION (INTERNSHIP IN COMPANIA Chespa): Katarzyna Guga\u0142a Castigatorul din categoria IN FIECARE ZI (10.000 z\u0142 \u0219i INTERNSHIP IN [&hellip;]","og_url":"https:\/\/www.chespa.eu\/ro\/chespa-packaging-design-1-edycja-2015\/","og_site_name":"Chespa - printing inks, clichees, cutting dies","article_modified_time":"2017-03-01T15:07:57+00:00","twitter_card":"summary_large_image","twitter_misc":{"Est. reading time":"2 minutes"},"schema":{"@context":"https:\/\/schema.org","@graph":[{"@type":"WebPage","@id":"https:\/\/www.chespa.eu\/ro\/chespa-packaging-design-1-edycja-2015\/","url":"https:\/\/www.chespa.eu\/ro\/chespa-packaging-design-1-edycja-2015\/","name":"Concursul CHESPA PACKAGING DESIGN 2015 - Chespa - printing inks, clichees, cutting dies","isPartOf":{"@id":"https:\/\/www.chespa.eu\/#website"},"datePublished":"2016-02-15T12:53:25+00:00","dateModified":"2017-03-01T15:07:57+00:00","breadcrumb":{"@id":"https:\/\/www.chespa.eu\/ro\/chespa-packaging-design-1-edycja-2015\/#breadcrumb"},"inLanguage":"ro-RO","potentialAction":[{"@type":"ReadAction","target":["https:\/\/www.chespa.eu\/ro\/chespa-packaging-design-1-edycja-2015\/"]}]},{"@type":"BreadcrumbList","@id":"https:\/\/www.chespa.eu\/ro\/chespa-packaging-design-1-edycja-2015\/#breadcrumb","itemListElement":[{"@type":"ListItem","position":1,"name":"Strona g\u0142\u00f3wna","item":"https:\/\/www.chespa.eu\/"},{"@type":"ListItem","position":2,"name":"Concursul CHESPA PACKAGING DESIGN 2015"}]},{"@type":"WebSite","@id":"https:\/\/www.chespa.eu\/#website","url":"https:\/\/www.chespa.eu\/","name":"Chespa - printing inks, clichees, cutting dies","description":"","potentialAction":[{"@type":"SearchAction","target":{"@type":"EntryPoint","urlTemplate":"https:\/\/www.chespa.eu\/?s={search_term_string}"},"query-input":{"@type":"PropertyValueSpecification","valueRequired":true,"valueName":"search_term_string"}}],"inLanguage":"ro-RO"}]}},"_links":{"self":[{"href":"https:\/\/www.chespa.eu\/ro\/wp-json\/wp\/v2\/pages\/653","targetHints":{"allow":["GET"]}}],"collection":[{"href":"https:\/\/www.chespa.eu\/ro\/wp-json\/wp\/v2\/pages"}],"about":[{"href":"https:\/\/www.chespa.eu\/ro\/wp-json\/wp\/v2\/types\/page"}],"author":[{"embeddable":true,"href":"https:\/\/www.chespa.eu\/ro\/wp-json\/wp\/v2\/users\/6"}],"replies":[{"embeddable":true,"href":"https:\/\/www.chespa.eu\/ro\/wp-json\/wp\/v2\/comments?post=653"}],"version-history":[{"count":7,"href":"https:\/\/www.chespa.eu\/ro\/wp-json\/wp\/v2\/pages\/653\/revisions"}],"predecessor-version":[{"id":6280,"href":"https:\/\/www.chespa.eu\/ro\/wp-json\/wp\/v2\/pages\/653\/revisions\/6280"}],"wp:attachment":[{"href":"https:\/\/www.chespa.eu\/ro\/wp-json\/wp\/v2\/media?parent=653"}],"curies":[{"name":"wp","href":"https:\/\/api.w.org\/{rel}","templated":true}]}}