{"id":641,"date":"2015-12-04T13:38:41","date_gmt":"2015-12-04T12:38:41","guid":{"rendered":"http:\/\/chespa.eu\/ro\/cdc\/"},"modified":"2023-03-17T10:36:13","modified_gmt":"2023-03-17T09:36:13","slug":"cdc","status":"publish","type":"page","link":"https:\/\/www.chespa.eu\/ro\/produse\/placi-de-imprimare\/cdc\/","title":{"rendered":"CHESPA DESIGN CENTER"},"content":{"rendered":"<p><strong>Chespa Design Center<\/strong>\u00a0 ofer\u0103 o comunicare convenabil\u0103 \u0219i sigur\u0103 prin intermediul internetului \u00eentre Client \u0219i unitatea de produc\u021bie sau \u00eentre diferite departamente ale uneia sau mai multor companii. Cu ajutorul CDC, proiectele sunt prezentate, monitorizate \u0219i evaluate de persoane autorizate care pot revizui, adnota sau modifica, aproba sau respinge proiectul. Fiecare etap\u0103 a procesului este \u00eenregistrat\u0103 automat sub form\u0103 de note pe e-mail.<\/p>\n<p>Cele mai importante avantaje ale sistemului sunt: posibilitatea de a face modific\u0103ri precise, eliminarea problemelor legate de \u00eembun\u0103t\u0103\u021biri neclare ale elementelor grafice \u00eentre client \u0219i grafician, accesul continuu la previzualizarea comenzilor, reducerea timpului de a\u0219teptare a fi\u0219ierelor pentru aprobare \u0219i a aprob\u0103rii propriu-zise, afi\u0219area fi\u0219ierelor art pro, tif sau pdf f\u0103r\u0103 utilizarea de software suplimentar (sunt necesare doar accesul la internet \u0219i un browser web), posibilitatea de a vizualiza separ\u0103rile, posibilitatea de a vizualiza utilizarea procentual\u0103 a componentelor de culoare.<\/p>\n<p>&nbsp;<\/p>\n<div><\/div>\n<div><\/div>\n<div><a href=\"https:\/\/cdc.chespa.eu\/pl\/\">LOGIN<\/a><\/div>\n<div><\/div>\n<div><\/div>\n<div><\/div>\n<div><a href=\"https:\/\/cdc.chespa.com.pl\/pl\/login.jsp%3bjsessionid=163DDD7E0F5D3B3CD181695319E5142E?urlwanted=http%3A%2F%2Fcdc.chespa.com.pl%2Fpl%2Fhome.jsp\"><img loading=\"lazy\" decoding=\"async\" class=\"alignnone size-full wp-image-237\" src=\"https:\/\/chespa.eu\/wp-content\/uploads\/2016\/02\/342_m.jpeg\" alt=\"342_m\" width=\"90\" height=\"90\" \/> <img loading=\"lazy\" decoding=\"async\" class=\"alignnone size-full wp-image-236\" src=\"https:\/\/chespa.eu\/wp-content\/uploads\/2016\/02\/343_m.jpeg\" alt=\"343_m\" width=\"90\" height=\"90\" \/> <img loading=\"lazy\" decoding=\"async\" class=\"alignnone size-medium wp-image-235\" src=\"https:\/\/chespa.eu\/wp-content\/uploads\/2016\/02\/344_m.jpeg\" alt=\"344_m\" width=\"90\" height=\"90\" \/> <img loading=\"lazy\" decoding=\"async\" class=\"alignnone size-medium wp-image-234\" src=\"https:\/\/chespa.eu\/wp-content\/uploads\/2016\/02\/345_m.jpeg\" alt=\"345_m\" width=\"90\" height=\"90\" \/> <img loading=\"lazy\" decoding=\"async\" class=\"alignnone size-medium wp-image-233\" src=\"https:\/\/chespa.eu\/wp-content\/uploads\/2016\/02\/346_m.jpeg\" alt=\"346_m\" width=\"90\" height=\"90\" \/> <img loading=\"lazy\" decoding=\"async\" class=\"alignnone size-medium wp-image-232\" src=\"https:\/\/chespa.eu\/wp-content\/uploads\/2016\/02\/347_m.jpeg\" alt=\"347_m\" width=\"90\" height=\"90\" \/> <img loading=\"lazy\" decoding=\"async\" class=\"alignnone size-full wp-image-231\" src=\"https:\/\/chespa.eu\/wp-content\/uploads\/2016\/02\/348_m.jpeg\" alt=\"348_m\" width=\"90\" height=\"90\" \/><\/a><\/div>\n<p>&nbsp;<\/p>\n<p>&nbsp;<\/p>\n","protected":false},"excerpt":{"rendered":"<p>Chespa Design Center\u00a0 ofer\u0103 o comunicare convenabil\u0103 \u0219i sigur\u0103 prin intermediul internetului \u00eentre Client \u0219i unitatea de produc\u021bie sau \u00eentre diferite departamente ale uneia sau mai multor companii. Cu ajutorul CDC, proiectele sunt prezentate, monitorizate \u0219i evaluate de persoane autorizate care pot revizui, adnota sau modifica, aproba sau respinge proiectul. Fiecare etap\u0103 a procesului este [&hellip;]<\/p>\n","protected":false},"author":6,"featured_media":10085,"parent":18800,"menu_order":0,"comment_status":"closed","ping_status":"closed","template":"","meta":{"_acf_changed":false,"footnotes":""},"class_list":["post-641","page","type-page","status-publish","has-post-thumbnail","hentry"],"acf":[],"yoast_head":"<!-- This site is optimized with the Yoast SEO plugin v27.3 - https:\/\/yoast.com\/product\/yoast-seo-wordpress\/ -->\n<title>CHESPA DESIGN CENTER - Chespa - printing inks, clichees, cutting dies<\/title>\n<meta name=\"robots\" content=\"index, follow, max-snippet:-1, max-image-preview:large, max-video-preview:-1\" \/>\n<link rel=\"canonical\" href=\"https:\/\/www.chespa.eu\/ro\/cdc\/\" \/>\n<meta property=\"og:locale\" content=\"ro_RO\" \/>\n<meta property=\"og:type\" content=\"article\" \/>\n<meta property=\"og:title\" content=\"CHESPA DESIGN CENTER - Chespa - printing inks, clichees, cutting dies\" \/>\n<meta property=\"og:description\" content=\"Chespa Design Center\u00a0 ofer\u0103 o comunicare convenabil\u0103 \u0219i sigur\u0103 prin intermediul internetului \u00eentre Client \u0219i unitatea de produc\u021bie sau \u00eentre diferite departamente ale uneia sau mai multor companii. Cu ajutorul CDC, proiectele sunt prezentate, monitorizate \u0219i evaluate de persoane autorizate care pot revizui, adnota sau modifica, aproba sau respinge proiectul. Fiecare etap\u0103 a procesului este [&hellip;]\" \/>\n<meta property=\"og:url\" content=\"https:\/\/www.chespa.eu\/ro\/cdc\/\" \/>\n<meta property=\"og:site_name\" content=\"Chespa - printing inks, clichees, cutting dies\" \/>\n<meta property=\"article:modified_time\" content=\"2023-03-17T09:36:13+00:00\" \/>\n<meta property=\"og:image\" content=\"https:\/\/www.chespa.eu\/wp-content\/uploads\/2016\/11\/cdc.png\" \/>\n\t<meta property=\"og:image:width\" content=\"1920\" \/>\n\t<meta property=\"og:image:height\" content=\"295\" \/>\n\t<meta property=\"og:image:type\" content=\"image\/png\" \/>\n<meta name=\"twitter:card\" content=\"summary_large_image\" \/>\n<meta name=\"twitter:label1\" content=\"Est. reading time\" \/>\n\t<meta name=\"twitter:data1\" content=\"3 minutes\" \/>\n<script type=\"application\/ld+json\" class=\"yoast-schema-graph\">{\"@context\":\"https:\\\/\\\/schema.org\",\"@graph\":[{\"@type\":\"WebPage\",\"@id\":\"https:\\\/\\\/www.chespa.eu\\\/ro\\\/cdc\\\/\",\"url\":\"https:\\\/\\\/www.chespa.eu\\\/ro\\\/cdc\\\/\",\"name\":\"CHESPA DESIGN CENTER - Chespa - printing inks, clichees, cutting dies\",\"isPartOf\":{\"@id\":\"https:\\\/\\\/www.chespa.eu\\\/#website\"},\"primaryImageOfPage\":{\"@id\":\"https:\\\/\\\/www.chespa.eu\\\/ro\\\/cdc\\\/#primaryimage\"},\"image\":{\"@id\":\"https:\\\/\\\/www.chespa.eu\\\/ro\\\/cdc\\\/#primaryimage\"},\"thumbnailUrl\":\"https:\\\/\\\/www.chespa.eu\\\/wp-content\\\/uploads\\\/2016\\\/11\\\/cdc.png\",\"datePublished\":\"2015-12-04T12:38:41+00:00\",\"dateModified\":\"2023-03-17T09:36:13+00:00\",\"breadcrumb\":{\"@id\":\"https:\\\/\\\/www.chespa.eu\\\/ro\\\/cdc\\\/#breadcrumb\"},\"inLanguage\":\"ro-RO\",\"potentialAction\":[{\"@type\":\"ReadAction\",\"target\":[\"https:\\\/\\\/www.chespa.eu\\\/ro\\\/cdc\\\/\"]}]},{\"@type\":\"ImageObject\",\"inLanguage\":\"ro-RO\",\"@id\":\"https:\\\/\\\/www.chespa.eu\\\/ro\\\/cdc\\\/#primaryimage\",\"url\":\"https:\\\/\\\/www.chespa.eu\\\/wp-content\\\/uploads\\\/2016\\\/11\\\/cdc.png\",\"contentUrl\":\"https:\\\/\\\/www.chespa.eu\\\/wp-content\\\/uploads\\\/2016\\\/11\\\/cdc.png\",\"width\":1920,\"height\":295},{\"@type\":\"BreadcrumbList\",\"@id\":\"https:\\\/\\\/www.chespa.eu\\\/ro\\\/cdc\\\/#breadcrumb\",\"itemListElement\":[{\"@type\":\"ListItem\",\"position\":1,\"name\":\"Strona g\u0142\u00f3wna\",\"item\":\"https:\\\/\\\/www.chespa.eu\\\/\"},{\"@type\":\"ListItem\",\"position\":2,\"name\":\"CHESPA DESIGN CENTER\"}]},{\"@type\":\"WebSite\",\"@id\":\"https:\\\/\\\/www.chespa.eu\\\/#website\",\"url\":\"https:\\\/\\\/www.chespa.eu\\\/\",\"name\":\"Chespa - printing inks, clichees, cutting dies\",\"description\":\"\",\"potentialAction\":[{\"@type\":\"SearchAction\",\"target\":{\"@type\":\"EntryPoint\",\"urlTemplate\":\"https:\\\/\\\/www.chespa.eu\\\/?s={search_term_string}\"},\"query-input\":{\"@type\":\"PropertyValueSpecification\",\"valueRequired\":true,\"valueName\":\"search_term_string\"}}],\"inLanguage\":\"ro-RO\"}]}<\/script>\n<!-- \/ Yoast SEO plugin. -->","yoast_head_json":{"title":"CHESPA DESIGN CENTER - Chespa - printing inks, clichees, cutting dies","robots":{"index":"index","follow":"follow","max-snippet":"max-snippet:-1","max-image-preview":"max-image-preview:large","max-video-preview":"max-video-preview:-1"},"canonical":"https:\/\/www.chespa.eu\/ro\/cdc\/","og_locale":"ro_RO","og_type":"article","og_title":"CHESPA DESIGN CENTER - Chespa - printing inks, clichees, cutting dies","og_description":"Chespa Design Center\u00a0 ofer\u0103 o comunicare convenabil\u0103 \u0219i sigur\u0103 prin intermediul internetului \u00eentre Client \u0219i unitatea de produc\u021bie sau \u00eentre diferite departamente ale uneia sau mai multor companii. Cu ajutorul CDC, proiectele sunt prezentate, monitorizate \u0219i evaluate de persoane autorizate care pot revizui, adnota sau modifica, aproba sau respinge proiectul. Fiecare etap\u0103 a procesului este [&hellip;]","og_url":"https:\/\/www.chespa.eu\/ro\/cdc\/","og_site_name":"Chespa - printing inks, clichees, cutting dies","article_modified_time":"2023-03-17T09:36:13+00:00","og_image":[{"width":1920,"height":295,"url":"https:\/\/www.chespa.eu\/wp-content\/uploads\/2016\/11\/cdc.png","type":"image\/png"}],"twitter_card":"summary_large_image","twitter_misc":{"Est. reading time":"3 minutes"},"schema":{"@context":"https:\/\/schema.org","@graph":[{"@type":"WebPage","@id":"https:\/\/www.chespa.eu\/ro\/cdc\/","url":"https:\/\/www.chespa.eu\/ro\/cdc\/","name":"CHESPA DESIGN CENTER - Chespa - printing inks, clichees, cutting dies","isPartOf":{"@id":"https:\/\/www.chespa.eu\/#website"},"primaryImageOfPage":{"@id":"https:\/\/www.chespa.eu\/ro\/cdc\/#primaryimage"},"image":{"@id":"https:\/\/www.chespa.eu\/ro\/cdc\/#primaryimage"},"thumbnailUrl":"https:\/\/www.chespa.eu\/wp-content\/uploads\/2016\/11\/cdc.png","datePublished":"2015-12-04T12:38:41+00:00","dateModified":"2023-03-17T09:36:13+00:00","breadcrumb":{"@id":"https:\/\/www.chespa.eu\/ro\/cdc\/#breadcrumb"},"inLanguage":"ro-RO","potentialAction":[{"@type":"ReadAction","target":["https:\/\/www.chespa.eu\/ro\/cdc\/"]}]},{"@type":"ImageObject","inLanguage":"ro-RO","@id":"https:\/\/www.chespa.eu\/ro\/cdc\/#primaryimage","url":"https:\/\/www.chespa.eu\/wp-content\/uploads\/2016\/11\/cdc.png","contentUrl":"https:\/\/www.chespa.eu\/wp-content\/uploads\/2016\/11\/cdc.png","width":1920,"height":295},{"@type":"BreadcrumbList","@id":"https:\/\/www.chespa.eu\/ro\/cdc\/#breadcrumb","itemListElement":[{"@type":"ListItem","position":1,"name":"Strona g\u0142\u00f3wna","item":"https:\/\/www.chespa.eu\/"},{"@type":"ListItem","position":2,"name":"CHESPA DESIGN CENTER"}]},{"@type":"WebSite","@id":"https:\/\/www.chespa.eu\/#website","url":"https:\/\/www.chespa.eu\/","name":"Chespa - printing inks, clichees, cutting dies","description":"","potentialAction":[{"@type":"SearchAction","target":{"@type":"EntryPoint","urlTemplate":"https:\/\/www.chespa.eu\/?s={search_term_string}"},"query-input":{"@type":"PropertyValueSpecification","valueRequired":true,"valueName":"search_term_string"}}],"inLanguage":"ro-RO"}]}},"_links":{"self":[{"href":"https:\/\/www.chespa.eu\/ro\/wp-json\/wp\/v2\/pages\/641","targetHints":{"allow":["GET"]}}],"collection":[{"href":"https:\/\/www.chespa.eu\/ro\/wp-json\/wp\/v2\/pages"}],"about":[{"href":"https:\/\/www.chespa.eu\/ro\/wp-json\/wp\/v2\/types\/page"}],"author":[{"embeddable":true,"href":"https:\/\/www.chespa.eu\/ro\/wp-json\/wp\/v2\/users\/6"}],"replies":[{"embeddable":true,"href":"https:\/\/www.chespa.eu\/ro\/wp-json\/wp\/v2\/comments?post=641"}],"version-history":[{"count":17,"href":"https:\/\/www.chespa.eu\/ro\/wp-json\/wp\/v2\/pages\/641\/revisions"}],"predecessor-version":[{"id":17095,"href":"https:\/\/www.chespa.eu\/ro\/wp-json\/wp\/v2\/pages\/641\/revisions\/17095"}],"up":[{"embeddable":true,"href":"https:\/\/www.chespa.eu\/ro\/wp-json\/wp\/v2\/pages\/18800"}],"wp:featuredmedia":[{"embeddable":true,"href":"https:\/\/www.chespa.eu\/ro\/wp-json\/wp\/v2\/media\/10085"}],"wp:attachment":[{"href":"https:\/\/www.chespa.eu\/ro\/wp-json\/wp\/v2\/media?parent=641"}],"curies":[{"name":"wp","href":"https:\/\/api.w.org\/{rel}","templated":true}]}}