{"id":619,"date":"2016-02-15T09:48:36","date_gmt":"2016-02-15T08:48:36","guid":{"rendered":"http:\/\/chespa.eu\/ro\/akademia-chespa\/"},"modified":"2022-11-23T12:39:52","modified_gmt":"2022-11-23T11:39:52","slug":"akademia-chespa","status":"publish","type":"page","link":"https:\/\/www.chespa.eu\/ro\/produse\/akademia-chespa\/","title":{"rendered":"Academia Chespa"},"content":{"rendered":"<p>Suntem \u00eenc\u00e2nta\u021bi s\u0103 v\u0103 invit\u0103m la formare la Academia noastr\u0103. Noi oferim cursuri pentru diferite grupuri din industria de imprimare. Obiectul de formare se aplic\u0103 diferitelor etape de produc\u021bie (prepress, presa, postpress) \u0219i se refer\u0103 la o serie de probleme, de la managementul culorilor \u0219i preg\u0103tirea de lucr\u0103ri grafice prin tehnici de screening, profilare, dospirea la tehnicile de control \u0219i de m\u0103surare a tip\u0103ririi, tipuri de substraturi \u0219i modalit\u0103\u021bi de protec\u021bie \u0219i rafinament.<\/p>\n<p>Scopul cursurilor din cadrul Academiei, efectuate de angaja\u021bii companiei noastre \u0219i exper\u021bi externi este de a l\u0103rgi cunoa\u0219terea problemelor pe care le intalne\u015fti \u00een fiecare zi la munca ta. Sper\u0103m c\u0103 Academia va deveni un forum care v\u0103 va sprijini \u00een \u00eembun\u0103t\u0103\u021birea produselor dumneavoastr\u0103 \u0219i de a \u00eembun\u0103t\u0103\u021bi cooperarea.<\/p>\n<p>Exist\u0103 o tax\u0103 de \u00eenregistrare pentru a participa la Academie. Va punem la dispozitie sala de training, materiale si pauzele de cafea \u0219i masa de pr\u00e2nz. Participan\u021bii trebuie s\u0103 organizeze \u0219i s\u0103 acopere costurile legate de transport si cazare.<\/p>\n<p><strong>Raporta\u021bi interesul de a participa la Academie:<\/strong><\/p>\n<p><a href=\"https:\/\/www.chespa.eu\/wp-content\/uploads\/2022\/11\/Application-form-\u2013-Academy-Chespa.pdf\" class=\"mtli_attachment mtli_pdf\" target=\"\" rel=\"noopener\">Formularul de aplicare \u2013 Academia Chespa<\/a><\/p>\n<p>&nbsp;<\/p>\n<p>&nbsp;<\/p>\n","protected":false},"excerpt":{"rendered":"<p>Suntem \u00eenc\u00e2nta\u021bi s\u0103 v\u0103 invit\u0103m la formare la Academia noastr\u0103. Noi oferim cursuri pentru diferite grupuri din industria de imprimare. Obiectul de formare se aplic\u0103 diferitelor etape de produc\u021bie (prepress, presa, postpress) \u0219i se refer\u0103 la o serie de probleme, de la managementul culorilor \u0219i preg\u0103tirea de lucr\u0103ri grafice prin tehnici de screening, profilare, dospirea [&hellip;]<\/p>\n","protected":false},"author":6,"featured_media":10073,"parent":14951,"menu_order":0,"comment_status":"closed","ping_status":"closed","template":"","meta":{"_acf_changed":false,"footnotes":""},"class_list":["post-619","page","type-page","status-publish","has-post-thumbnail","hentry"],"acf":[],"yoast_head":"<!-- This site is optimized with the Yoast SEO plugin v27.4 - https:\/\/yoast.com\/product\/yoast-seo-wordpress\/ -->\n<title>Academia Chespa - Chespa - printing inks, clichees, cutting dies<\/title>\n<meta name=\"robots\" content=\"index, follow, max-snippet:-1, max-image-preview:large, max-video-preview:-1\" \/>\n<link rel=\"canonical\" href=\"https:\/\/www.chespa.eu\/ro\/akademia-chespa\/\" \/>\n<meta property=\"og:locale\" content=\"ro_RO\" \/>\n<meta property=\"og:type\" content=\"article\" \/>\n<meta property=\"og:title\" content=\"Academia Chespa - Chespa - printing inks, clichees, cutting dies\" \/>\n<meta property=\"og:description\" content=\"Suntem \u00eenc\u00e2nta\u021bi s\u0103 v\u0103 invit\u0103m la formare la Academia noastr\u0103. Noi oferim cursuri pentru diferite grupuri din industria de imprimare. Obiectul de formare se aplic\u0103 diferitelor etape de produc\u021bie (prepress, presa, postpress) \u0219i se refer\u0103 la o serie de probleme, de la managementul culorilor \u0219i preg\u0103tirea de lucr\u0103ri grafice prin tehnici de screening, profilare, dospirea [&hellip;]\" \/>\n<meta property=\"og:url\" content=\"https:\/\/www.chespa.eu\/ro\/akademia-chespa\/\" \/>\n<meta property=\"og:site_name\" content=\"Chespa - printing inks, clichees, cutting dies\" \/>\n<meta property=\"article:modified_time\" content=\"2022-11-23T11:39:52+00:00\" \/>\n<meta property=\"og:image\" content=\"https:\/\/www.chespa.eu\/wp-content\/uploads\/2016\/11\/akademia.png\" \/>\n\t<meta property=\"og:image:width\" content=\"1920\" \/>\n\t<meta property=\"og:image:height\" content=\"295\" \/>\n\t<meta property=\"og:image:type\" content=\"image\/png\" \/>\n<meta name=\"twitter:card\" content=\"summary_large_image\" \/>\n<meta name=\"twitter:label1\" content=\"Est. reading time\" \/>\n\t<meta name=\"twitter:data1\" content=\"2 minutes\" \/>\n<script type=\"application\/ld+json\" class=\"yoast-schema-graph\">{\"@context\":\"https:\\\/\\\/schema.org\",\"@graph\":[{\"@type\":\"WebPage\",\"@id\":\"https:\\\/\\\/www.chespa.eu\\\/ro\\\/akademia-chespa\\\/\",\"url\":\"https:\\\/\\\/www.chespa.eu\\\/ro\\\/akademia-chespa\\\/\",\"name\":\"Academia Chespa - Chespa - printing inks, clichees, cutting dies\",\"isPartOf\":{\"@id\":\"https:\\\/\\\/www.chespa.eu\\\/#website\"},\"primaryImageOfPage\":{\"@id\":\"https:\\\/\\\/www.chespa.eu\\\/ro\\\/akademia-chespa\\\/#primaryimage\"},\"image\":{\"@id\":\"https:\\\/\\\/www.chespa.eu\\\/ro\\\/akademia-chespa\\\/#primaryimage\"},\"thumbnailUrl\":\"https:\\\/\\\/www.chespa.eu\\\/wp-content\\\/uploads\\\/2016\\\/11\\\/akademia.png\",\"datePublished\":\"2016-02-15T08:48:36+00:00\",\"dateModified\":\"2022-11-23T11:39:52+00:00\",\"breadcrumb\":{\"@id\":\"https:\\\/\\\/www.chespa.eu\\\/ro\\\/akademia-chespa\\\/#breadcrumb\"},\"inLanguage\":\"ro-RO\",\"potentialAction\":[{\"@type\":\"ReadAction\",\"target\":[\"https:\\\/\\\/www.chespa.eu\\\/ro\\\/akademia-chespa\\\/\"]}]},{\"@type\":\"ImageObject\",\"inLanguage\":\"ro-RO\",\"@id\":\"https:\\\/\\\/www.chespa.eu\\\/ro\\\/akademia-chespa\\\/#primaryimage\",\"url\":\"https:\\\/\\\/www.chespa.eu\\\/wp-content\\\/uploads\\\/2016\\\/11\\\/akademia.png\",\"contentUrl\":\"https:\\\/\\\/www.chespa.eu\\\/wp-content\\\/uploads\\\/2016\\\/11\\\/akademia.png\",\"width\":1920,\"height\":295},{\"@type\":\"BreadcrumbList\",\"@id\":\"https:\\\/\\\/www.chespa.eu\\\/ro\\\/akademia-chespa\\\/#breadcrumb\",\"itemListElement\":[{\"@type\":\"ListItem\",\"position\":1,\"name\":\"Strona g\u0142\u00f3wna\",\"item\":\"https:\\\/\\\/www.chespa.eu\\\/\"},{\"@type\":\"ListItem\",\"position\":2,\"name\":\"Academia Chespa\"}]},{\"@type\":\"WebSite\",\"@id\":\"https:\\\/\\\/www.chespa.eu\\\/#website\",\"url\":\"https:\\\/\\\/www.chespa.eu\\\/\",\"name\":\"Chespa - printing inks, clichees, cutting dies\",\"description\":\"\",\"potentialAction\":[{\"@type\":\"SearchAction\",\"target\":{\"@type\":\"EntryPoint\",\"urlTemplate\":\"https:\\\/\\\/www.chespa.eu\\\/?s={search_term_string}\"},\"query-input\":{\"@type\":\"PropertyValueSpecification\",\"valueRequired\":true,\"valueName\":\"search_term_string\"}}],\"inLanguage\":\"ro-RO\"}]}<\/script>\n<!-- \/ Yoast SEO plugin. -->","yoast_head_json":{"title":"Academia Chespa - Chespa - printing inks, clichees, cutting dies","robots":{"index":"index","follow":"follow","max-snippet":"max-snippet:-1","max-image-preview":"max-image-preview:large","max-video-preview":"max-video-preview:-1"},"canonical":"https:\/\/www.chespa.eu\/ro\/akademia-chespa\/","og_locale":"ro_RO","og_type":"article","og_title":"Academia Chespa - Chespa - printing inks, clichees, cutting dies","og_description":"Suntem \u00eenc\u00e2nta\u021bi s\u0103 v\u0103 invit\u0103m la formare la Academia noastr\u0103. Noi oferim cursuri pentru diferite grupuri din industria de imprimare. Obiectul de formare se aplic\u0103 diferitelor etape de produc\u021bie (prepress, presa, postpress) \u0219i se refer\u0103 la o serie de probleme, de la managementul culorilor \u0219i preg\u0103tirea de lucr\u0103ri grafice prin tehnici de screening, profilare, dospirea [&hellip;]","og_url":"https:\/\/www.chespa.eu\/ro\/akademia-chespa\/","og_site_name":"Chespa - printing inks, clichees, cutting dies","article_modified_time":"2022-11-23T11:39:52+00:00","og_image":[{"width":1920,"height":295,"url":"https:\/\/www.chespa.eu\/wp-content\/uploads\/2016\/11\/akademia.png","type":"image\/png"}],"twitter_card":"summary_large_image","twitter_misc":{"Est. reading time":"2 minutes"},"schema":{"@context":"https:\/\/schema.org","@graph":[{"@type":"WebPage","@id":"https:\/\/www.chespa.eu\/ro\/akademia-chespa\/","url":"https:\/\/www.chespa.eu\/ro\/akademia-chespa\/","name":"Academia Chespa - Chespa - printing inks, clichees, cutting dies","isPartOf":{"@id":"https:\/\/www.chespa.eu\/#website"},"primaryImageOfPage":{"@id":"https:\/\/www.chespa.eu\/ro\/akademia-chespa\/#primaryimage"},"image":{"@id":"https:\/\/www.chespa.eu\/ro\/akademia-chespa\/#primaryimage"},"thumbnailUrl":"https:\/\/www.chespa.eu\/wp-content\/uploads\/2016\/11\/akademia.png","datePublished":"2016-02-15T08:48:36+00:00","dateModified":"2022-11-23T11:39:52+00:00","breadcrumb":{"@id":"https:\/\/www.chespa.eu\/ro\/akademia-chespa\/#breadcrumb"},"inLanguage":"ro-RO","potentialAction":[{"@type":"ReadAction","target":["https:\/\/www.chespa.eu\/ro\/akademia-chespa\/"]}]},{"@type":"ImageObject","inLanguage":"ro-RO","@id":"https:\/\/www.chespa.eu\/ro\/akademia-chespa\/#primaryimage","url":"https:\/\/www.chespa.eu\/wp-content\/uploads\/2016\/11\/akademia.png","contentUrl":"https:\/\/www.chespa.eu\/wp-content\/uploads\/2016\/11\/akademia.png","width":1920,"height":295},{"@type":"BreadcrumbList","@id":"https:\/\/www.chespa.eu\/ro\/akademia-chespa\/#breadcrumb","itemListElement":[{"@type":"ListItem","position":1,"name":"Strona g\u0142\u00f3wna","item":"https:\/\/www.chespa.eu\/"},{"@type":"ListItem","position":2,"name":"Academia Chespa"}]},{"@type":"WebSite","@id":"https:\/\/www.chespa.eu\/#website","url":"https:\/\/www.chespa.eu\/","name":"Chespa - printing inks, clichees, cutting dies","description":"","potentialAction":[{"@type":"SearchAction","target":{"@type":"EntryPoint","urlTemplate":"https:\/\/www.chespa.eu\/?s={search_term_string}"},"query-input":{"@type":"PropertyValueSpecification","valueRequired":true,"valueName":"search_term_string"}}],"inLanguage":"ro-RO"}]}},"_links":{"self":[{"href":"https:\/\/www.chespa.eu\/ro\/wp-json\/wp\/v2\/pages\/619","targetHints":{"allow":["GET"]}}],"collection":[{"href":"https:\/\/www.chespa.eu\/ro\/wp-json\/wp\/v2\/pages"}],"about":[{"href":"https:\/\/www.chespa.eu\/ro\/wp-json\/wp\/v2\/types\/page"}],"author":[{"embeddable":true,"href":"https:\/\/www.chespa.eu\/ro\/wp-json\/wp\/v2\/users\/6"}],"replies":[{"embeddable":true,"href":"https:\/\/www.chespa.eu\/ro\/wp-json\/wp\/v2\/comments?post=619"}],"version-history":[{"count":16,"href":"https:\/\/www.chespa.eu\/ro\/wp-json\/wp\/v2\/pages\/619\/revisions"}],"predecessor-version":[{"id":16897,"href":"https:\/\/www.chespa.eu\/ro\/wp-json\/wp\/v2\/pages\/619\/revisions\/16897"}],"up":[{"embeddable":true,"href":"https:\/\/www.chespa.eu\/ro\/wp-json\/wp\/v2\/pages\/14951"}],"wp:featuredmedia":[{"embeddable":true,"href":"https:\/\/www.chespa.eu\/ro\/wp-json\/wp\/v2\/media\/10073"}],"wp:attachment":[{"href":"https:\/\/www.chespa.eu\/ro\/wp-json\/wp\/v2\/media?parent=619"}],"curies":[{"name":"wp","href":"https:\/\/api.w.org\/{rel}","templated":true}]}}