{"id":472,"date":"2016-02-15T10:11:59","date_gmt":"2016-02-15T09:11:59","guid":{"rendered":"http:\/\/chespa.eu\/zamowienia-farby\/?lang=ro"},"modified":"2022-11-10T12:13:22","modified_gmt":"2022-11-10T11:13:22","slug":"comenzi-de-cerneala","status":"publish","type":"page","link":"https:\/\/www.chespa.eu\/ro\/comenzi-de-cerneala\/","title":{"rendered":"Comenzi de cerneal\u0103"},"content":{"rendered":"<div style=\"text-align: center;\">\n<p>V\u0103 invit\u0103m s\u0103 plasa\u021bi comenzi de cerneluri grafice prin intermediul paginii dedicate de internet. Pagina este disponibil\u0103 pentru utilizatorii \u00eenregistra\u021bi. \u00cen ceea ce prive\u0219te detalii de conectare, v\u0103 rug\u0103m s\u0103 v\u0103 contacta\u021bi reprezentantul de v\u00e2nz\u0103ri.<\/p>\n<\/div>\n<div style=\"text-align: center;\"><\/div>\n<div style=\"text-align: center;\"><strong><a dir=\"ltr\" title=\"Portal zam\u00f3wie\u0144\" href=\"https:\/\/orders.chespa.eu\/ISZ\/LogIn.aspx?ReturnUrl=%2fISZ%2fWebFormMain.aspx\" target=\"_self\" rel=\"noopener\" name=\"Portal zam\u00f3wie\u0144\">[<\/a><a href=\"https:\/\/orders.chespa.eu\/ISZ\/LogIn.aspx?ReturnUrl=%2fISZ%2fWebFormMain.aspx\">Acceseaz\u0103<\/a><a dir=\"ltr\" title=\"Portal zam\u00f3wie\u0144\" href=\"https:\/\/orders.chespa.eu\/ISZ\/LogIn.aspx?ReturnUrl=%2fISZ%2fWebFormMain.aspx\" target=\"_self\" rel=\"noopener\" name=\"Portal zam\u00f3wie\u0144\"><u> pagina<\/u>]<\/a><\/strong><\/div>\n","protected":false},"excerpt":{"rendered":"<p>V\u0103 invit\u0103m s\u0103 plasa\u021bi comenzi de cerneluri grafice prin intermediul paginii dedicate de internet. Pagina este disponibil\u0103 pentru utilizatorii \u00eenregistra\u021bi. \u00cen ceea ce prive\u0219te detalii de conectare, v\u0103 rug\u0103m s\u0103 v\u0103 contacta\u021bi reprezentantul de v\u00e2nz\u0103ri. [Acceseaz\u0103 pagina]<\/p>\n","protected":false},"author":6,"featured_media":0,"parent":0,"menu_order":0,"comment_status":"closed","ping_status":"closed","template":"","meta":{"_acf_changed":false,"footnotes":""},"class_list":["post-472","page","type-page","status-publish","hentry"],"acf":[],"yoast_head":"<!-- This site is optimized with the Yoast SEO plugin v27.4 - https:\/\/yoast.com\/product\/yoast-seo-wordpress\/ -->\n<title>Comenzi de cerneal\u0103 - Chespa - printing inks, clichees, cutting dies<\/title>\n<meta name=\"description\" content=\"Comenzi de cerneal\u0103\" \/>\n<meta name=\"robots\" content=\"index, follow, max-snippet:-1, max-image-preview:large, max-video-preview:-1\" \/>\n<link rel=\"canonical\" href=\"https:\/\/www.chespa.eu\/ro\/comenzi-de-cerneala\/\" \/>\n<meta property=\"og:locale\" content=\"ro_RO\" \/>\n<meta property=\"og:type\" content=\"article\" \/>\n<meta property=\"og:title\" content=\"Comenzi de cerneal\u0103 - Chespa - printing inks, clichees, cutting dies\" \/>\n<meta property=\"og:description\" content=\"Comenzi de cerneal\u0103\" \/>\n<meta property=\"og:url\" content=\"https:\/\/www.chespa.eu\/ro\/comenzi-de-cerneala\/\" \/>\n<meta property=\"og:site_name\" content=\"Chespa - printing inks, clichees, cutting dies\" \/>\n<meta property=\"article:modified_time\" content=\"2022-11-10T11:13:22+00:00\" \/>\n<meta name=\"twitter:card\" content=\"summary_large_image\" \/>\n<meta name=\"twitter:label1\" content=\"Est. reading time\" \/>\n\t<meta name=\"twitter:data1\" content=\"1 minute\" \/>\n<script type=\"application\/ld+json\" class=\"yoast-schema-graph\">{\"@context\":\"https:\\\/\\\/schema.org\",\"@graph\":[{\"@type\":\"WebPage\",\"@id\":\"https:\\\/\\\/www.chespa.eu\\\/ro\\\/comenzi-de-cerneala\\\/\",\"url\":\"https:\\\/\\\/www.chespa.eu\\\/ro\\\/comenzi-de-cerneala\\\/\",\"name\":\"Comenzi de cerneal\u0103 - Chespa - printing inks, clichees, cutting dies\",\"isPartOf\":{\"@id\":\"https:\\\/\\\/www.chespa.eu\\\/#website\"},\"datePublished\":\"2016-02-15T09:11:59+00:00\",\"dateModified\":\"2022-11-10T11:13:22+00:00\",\"description\":\"Comenzi de cerneal\u0103\",\"breadcrumb\":{\"@id\":\"https:\\\/\\\/www.chespa.eu\\\/ro\\\/comenzi-de-cerneala\\\/#breadcrumb\"},\"inLanguage\":\"ro-RO\",\"potentialAction\":[{\"@type\":\"ReadAction\",\"target\":[\"https:\\\/\\\/www.chespa.eu\\\/ro\\\/comenzi-de-cerneala\\\/\"]}]},{\"@type\":\"BreadcrumbList\",\"@id\":\"https:\\\/\\\/www.chespa.eu\\\/ro\\\/comenzi-de-cerneala\\\/#breadcrumb\",\"itemListElement\":[{\"@type\":\"ListItem\",\"position\":1,\"name\":\"Strona g\u0142\u00f3wna\",\"item\":\"https:\\\/\\\/www.chespa.eu\\\/\"},{\"@type\":\"ListItem\",\"position\":2,\"name\":\"Comenzi de cerneal\u0103\"}]},{\"@type\":\"WebSite\",\"@id\":\"https:\\\/\\\/www.chespa.eu\\\/#website\",\"url\":\"https:\\\/\\\/www.chespa.eu\\\/\",\"name\":\"Chespa - printing inks, clichees, cutting dies\",\"description\":\"\",\"potentialAction\":[{\"@type\":\"SearchAction\",\"target\":{\"@type\":\"EntryPoint\",\"urlTemplate\":\"https:\\\/\\\/www.chespa.eu\\\/?s={search_term_string}\"},\"query-input\":{\"@type\":\"PropertyValueSpecification\",\"valueRequired\":true,\"valueName\":\"search_term_string\"}}],\"inLanguage\":\"ro-RO\"}]}<\/script>\n<!-- \/ Yoast SEO plugin. -->","yoast_head_json":{"title":"Comenzi de cerneal\u0103 - Chespa - printing inks, clichees, cutting dies","description":"Comenzi de cerneal\u0103","robots":{"index":"index","follow":"follow","max-snippet":"max-snippet:-1","max-image-preview":"max-image-preview:large","max-video-preview":"max-video-preview:-1"},"canonical":"https:\/\/www.chespa.eu\/ro\/comenzi-de-cerneala\/","og_locale":"ro_RO","og_type":"article","og_title":"Comenzi de cerneal\u0103 - Chespa - printing inks, clichees, cutting dies","og_description":"Comenzi de cerneal\u0103","og_url":"https:\/\/www.chespa.eu\/ro\/comenzi-de-cerneala\/","og_site_name":"Chespa - printing inks, clichees, cutting dies","article_modified_time":"2022-11-10T11:13:22+00:00","twitter_card":"summary_large_image","twitter_misc":{"Est. reading time":"1 minute"},"schema":{"@context":"https:\/\/schema.org","@graph":[{"@type":"WebPage","@id":"https:\/\/www.chespa.eu\/ro\/comenzi-de-cerneala\/","url":"https:\/\/www.chespa.eu\/ro\/comenzi-de-cerneala\/","name":"Comenzi de cerneal\u0103 - Chespa - printing inks, clichees, cutting dies","isPartOf":{"@id":"https:\/\/www.chespa.eu\/#website"},"datePublished":"2016-02-15T09:11:59+00:00","dateModified":"2022-11-10T11:13:22+00:00","description":"Comenzi de cerneal\u0103","breadcrumb":{"@id":"https:\/\/www.chespa.eu\/ro\/comenzi-de-cerneala\/#breadcrumb"},"inLanguage":"ro-RO","potentialAction":[{"@type":"ReadAction","target":["https:\/\/www.chespa.eu\/ro\/comenzi-de-cerneala\/"]}]},{"@type":"BreadcrumbList","@id":"https:\/\/www.chespa.eu\/ro\/comenzi-de-cerneala\/#breadcrumb","itemListElement":[{"@type":"ListItem","position":1,"name":"Strona g\u0142\u00f3wna","item":"https:\/\/www.chespa.eu\/"},{"@type":"ListItem","position":2,"name":"Comenzi de cerneal\u0103"}]},{"@type":"WebSite","@id":"https:\/\/www.chespa.eu\/#website","url":"https:\/\/www.chespa.eu\/","name":"Chespa - printing inks, clichees, cutting dies","description":"","potentialAction":[{"@type":"SearchAction","target":{"@type":"EntryPoint","urlTemplate":"https:\/\/www.chespa.eu\/?s={search_term_string}"},"query-input":{"@type":"PropertyValueSpecification","valueRequired":true,"valueName":"search_term_string"}}],"inLanguage":"ro-RO"}]}},"_links":{"self":[{"href":"https:\/\/www.chespa.eu\/ro\/wp-json\/wp\/v2\/pages\/472","targetHints":{"allow":["GET"]}}],"collection":[{"href":"https:\/\/www.chespa.eu\/ro\/wp-json\/wp\/v2\/pages"}],"about":[{"href":"https:\/\/www.chespa.eu\/ro\/wp-json\/wp\/v2\/types\/page"}],"author":[{"embeddable":true,"href":"https:\/\/www.chespa.eu\/ro\/wp-json\/wp\/v2\/users\/6"}],"replies":[{"embeddable":true,"href":"https:\/\/www.chespa.eu\/ro\/wp-json\/wp\/v2\/comments?post=472"}],"version-history":[{"count":7,"href":"https:\/\/www.chespa.eu\/ro\/wp-json\/wp\/v2\/pages\/472\/revisions"}],"predecessor-version":[{"id":16810,"href":"https:\/\/www.chespa.eu\/ro\/wp-json\/wp\/v2\/pages\/472\/revisions\/16810"}],"wp:attachment":[{"href":"https:\/\/www.chespa.eu\/ro\/wp-json\/wp\/v2\/media?parent=472"}],"curies":[{"name":"wp","href":"https:\/\/api.w.org\/{rel}","templated":true}]}}