{"id":2967,"date":"2015-12-07T11:46:46","date_gmt":"2015-12-07T10:46:46","guid":{"rendered":"http:\/\/www.chespa.eu\/ro\/strona-glowna-kim-jestesmy\/"},"modified":"2022-11-08T12:45:36","modified_gmt":"2022-11-08T11:45:36","slug":"strona-glowna-kim-jestesmy","status":"publish","type":"page","link":"https:\/\/www.chespa.eu\/ro\/strona-glowna-kim-jestesmy\/","title":{"rendered":"Casa &#8211; Cine suntem"},"content":{"rendered":"<p style=\"text-align: center; font-size: 24px; margin-bottom: 4px; font-weight: 300;\">Cea mai \u00eenalt\u0103 calitate oferit\u0103 clien\u021bilor este modalitatea de implementare a strategiei noastre de cre\u0219tere.<\/p>\n<p style=\"text-align: center;\">Dinamica de cre\u0219tere a Grupului CHESPA reflect\u0103 dezvoltarea tehnologiilor moderne. Timp de 30 de ani, o mic\u0103 companie local\u0103 a evoluat \u00eentr-un Grup cu o arie de acoperire interna\u021bional\u0103, prezent prin filiale \u0219i reprezentan\u021be \u00een majoritatea \u021b\u0103rilor din Europa \u0219i din lume. Datorit\u0103 calit\u0103\u021bii \u0219i fiabilit\u0103\u021bii sale, compania Chespa a c\u00e2\u0219tigat \u00eencrederea marilor concerne multina\u021bionale \u0219i a devenit principalul furnizor al acestora \u00een multe fabrici din \u00eentreaga lume &#8230;.. <a title=\"Cite\u015fte mai mult\" href=\"http:\/\/chespa.eu\/ro\/kim-jestesmy\">Cite\u015fte mai mult<\/a><\/p>\n","protected":false},"excerpt":{"rendered":"<p>Cea mai \u00eenalt\u0103 calitate oferit\u0103 clien\u021bilor este modalitatea de implementare a strategiei noastre de cre\u0219tere. Dinamica de cre\u0219tere a Grupului CHESPA reflect\u0103 dezvoltarea tehnologiilor moderne. Timp de 30 de ani, o mic\u0103 companie local\u0103 a evoluat \u00eentr-un Grup cu o arie de acoperire interna\u021bional\u0103, prezent prin filiale \u0219i reprezentan\u021be \u00een majoritatea \u021b\u0103rilor din Europa \u0219i [&hellip;]<\/p>\n","protected":false},"author":6,"featured_media":0,"parent":0,"menu_order":0,"comment_status":"closed","ping_status":"closed","template":"","meta":{"_acf_changed":false,"footnotes":""},"class_list":["post-2967","page","type-page","status-publish","hentry"],"acf":[],"yoast_head":"<!-- This site is optimized with the Yoast SEO plugin v27.4 - https:\/\/yoast.com\/product\/yoast-seo-wordpress\/ -->\n<title>Casa - Cine suntem - Chespa - printing inks, clichees, cutting dies<\/title>\n<meta name=\"robots\" content=\"index, follow, max-snippet:-1, max-image-preview:large, max-video-preview:-1\" \/>\n<link rel=\"canonical\" href=\"https:\/\/www.chespa.eu\/ro\/strona-glowna-kim-jestesmy\/\" \/>\n<meta property=\"og:locale\" content=\"ro_RO\" \/>\n<meta property=\"og:type\" content=\"article\" \/>\n<meta property=\"og:title\" content=\"Casa - Cine suntem - Chespa - printing inks, clichees, cutting dies\" \/>\n<meta property=\"og:description\" content=\"Cea mai \u00eenalt\u0103 calitate oferit\u0103 clien\u021bilor este modalitatea de implementare a strategiei noastre de cre\u0219tere. Dinamica de cre\u0219tere a Grupului CHESPA reflect\u0103 dezvoltarea tehnologiilor moderne. Timp de 30 de ani, o mic\u0103 companie local\u0103 a evoluat \u00eentr-un Grup cu o arie de acoperire interna\u021bional\u0103, prezent prin filiale \u0219i reprezentan\u021be \u00een majoritatea \u021b\u0103rilor din Europa \u0219i [&hellip;]\" \/>\n<meta property=\"og:url\" content=\"https:\/\/www.chespa.eu\/ro\/strona-glowna-kim-jestesmy\/\" \/>\n<meta property=\"og:site_name\" content=\"Chespa - printing inks, clichees, cutting dies\" \/>\n<meta property=\"article:modified_time\" content=\"2022-11-08T11:45:36+00:00\" \/>\n<meta name=\"twitter:card\" content=\"summary_large_image\" \/>\n<meta name=\"twitter:label1\" content=\"Est. reading time\" \/>\n\t<meta name=\"twitter:data1\" content=\"1 minute\" \/>\n<script type=\"application\/ld+json\" class=\"yoast-schema-graph\">{\"@context\":\"https:\\\/\\\/schema.org\",\"@graph\":[{\"@type\":\"WebPage\",\"@id\":\"https:\\\/\\\/www.chespa.eu\\\/ro\\\/strona-glowna-kim-jestesmy\\\/\",\"url\":\"https:\\\/\\\/www.chespa.eu\\\/ro\\\/strona-glowna-kim-jestesmy\\\/\",\"name\":\"Casa - Cine suntem - Chespa - printing inks, clichees, cutting dies\",\"isPartOf\":{\"@id\":\"https:\\\/\\\/www.chespa.eu\\\/#website\"},\"datePublished\":\"2015-12-07T10:46:46+00:00\",\"dateModified\":\"2022-11-08T11:45:36+00:00\",\"breadcrumb\":{\"@id\":\"https:\\\/\\\/www.chespa.eu\\\/ro\\\/strona-glowna-kim-jestesmy\\\/#breadcrumb\"},\"inLanguage\":\"ro-RO\",\"potentialAction\":[{\"@type\":\"ReadAction\",\"target\":[\"https:\\\/\\\/www.chespa.eu\\\/ro\\\/strona-glowna-kim-jestesmy\\\/\"]}]},{\"@type\":\"BreadcrumbList\",\"@id\":\"https:\\\/\\\/www.chespa.eu\\\/ro\\\/strona-glowna-kim-jestesmy\\\/#breadcrumb\",\"itemListElement\":[{\"@type\":\"ListItem\",\"position\":1,\"name\":\"Strona g\u0142\u00f3wna\",\"item\":\"https:\\\/\\\/www.chespa.eu\\\/\"},{\"@type\":\"ListItem\",\"position\":2,\"name\":\"Casa &#8211; Cine suntem\"}]},{\"@type\":\"WebSite\",\"@id\":\"https:\\\/\\\/www.chespa.eu\\\/#website\",\"url\":\"https:\\\/\\\/www.chespa.eu\\\/\",\"name\":\"Chespa - printing inks, clichees, cutting dies\",\"description\":\"\",\"potentialAction\":[{\"@type\":\"SearchAction\",\"target\":{\"@type\":\"EntryPoint\",\"urlTemplate\":\"https:\\\/\\\/www.chespa.eu\\\/?s={search_term_string}\"},\"query-input\":{\"@type\":\"PropertyValueSpecification\",\"valueRequired\":true,\"valueName\":\"search_term_string\"}}],\"inLanguage\":\"ro-RO\"}]}<\/script>\n<!-- \/ Yoast SEO plugin. -->","yoast_head_json":{"title":"Casa - Cine suntem - Chespa - printing inks, clichees, cutting dies","robots":{"index":"index","follow":"follow","max-snippet":"max-snippet:-1","max-image-preview":"max-image-preview:large","max-video-preview":"max-video-preview:-1"},"canonical":"https:\/\/www.chespa.eu\/ro\/strona-glowna-kim-jestesmy\/","og_locale":"ro_RO","og_type":"article","og_title":"Casa - Cine suntem - Chespa - printing inks, clichees, cutting dies","og_description":"Cea mai \u00eenalt\u0103 calitate oferit\u0103 clien\u021bilor este modalitatea de implementare a strategiei noastre de cre\u0219tere. Dinamica de cre\u0219tere a Grupului CHESPA reflect\u0103 dezvoltarea tehnologiilor moderne. Timp de 30 de ani, o mic\u0103 companie local\u0103 a evoluat \u00eentr-un Grup cu o arie de acoperire interna\u021bional\u0103, prezent prin filiale \u0219i reprezentan\u021be \u00een majoritatea \u021b\u0103rilor din Europa \u0219i [&hellip;]","og_url":"https:\/\/www.chespa.eu\/ro\/strona-glowna-kim-jestesmy\/","og_site_name":"Chespa - printing inks, clichees, cutting dies","article_modified_time":"2022-11-08T11:45:36+00:00","twitter_card":"summary_large_image","twitter_misc":{"Est. reading time":"1 minute"},"schema":{"@context":"https:\/\/schema.org","@graph":[{"@type":"WebPage","@id":"https:\/\/www.chespa.eu\/ro\/strona-glowna-kim-jestesmy\/","url":"https:\/\/www.chespa.eu\/ro\/strona-glowna-kim-jestesmy\/","name":"Casa - Cine suntem - Chespa - printing inks, clichees, cutting dies","isPartOf":{"@id":"https:\/\/www.chespa.eu\/#website"},"datePublished":"2015-12-07T10:46:46+00:00","dateModified":"2022-11-08T11:45:36+00:00","breadcrumb":{"@id":"https:\/\/www.chespa.eu\/ro\/strona-glowna-kim-jestesmy\/#breadcrumb"},"inLanguage":"ro-RO","potentialAction":[{"@type":"ReadAction","target":["https:\/\/www.chespa.eu\/ro\/strona-glowna-kim-jestesmy\/"]}]},{"@type":"BreadcrumbList","@id":"https:\/\/www.chespa.eu\/ro\/strona-glowna-kim-jestesmy\/#breadcrumb","itemListElement":[{"@type":"ListItem","position":1,"name":"Strona g\u0142\u00f3wna","item":"https:\/\/www.chespa.eu\/"},{"@type":"ListItem","position":2,"name":"Casa &#8211; Cine suntem"}]},{"@type":"WebSite","@id":"https:\/\/www.chespa.eu\/#website","url":"https:\/\/www.chespa.eu\/","name":"Chespa - printing inks, clichees, cutting dies","description":"","potentialAction":[{"@type":"SearchAction","target":{"@type":"EntryPoint","urlTemplate":"https:\/\/www.chespa.eu\/?s={search_term_string}"},"query-input":{"@type":"PropertyValueSpecification","valueRequired":true,"valueName":"search_term_string"}}],"inLanguage":"ro-RO"}]}},"_links":{"self":[{"href":"https:\/\/www.chespa.eu\/ro\/wp-json\/wp\/v2\/pages\/2967","targetHints":{"allow":["GET"]}}],"collection":[{"href":"https:\/\/www.chespa.eu\/ro\/wp-json\/wp\/v2\/pages"}],"about":[{"href":"https:\/\/www.chespa.eu\/ro\/wp-json\/wp\/v2\/types\/page"}],"author":[{"embeddable":true,"href":"https:\/\/www.chespa.eu\/ro\/wp-json\/wp\/v2\/users\/6"}],"replies":[{"embeddable":true,"href":"https:\/\/www.chespa.eu\/ro\/wp-json\/wp\/v2\/comments?post=2967"}],"version-history":[{"count":6,"href":"https:\/\/www.chespa.eu\/ro\/wp-json\/wp\/v2\/pages\/2967\/revisions"}],"predecessor-version":[{"id":16714,"href":"https:\/\/www.chespa.eu\/ro\/wp-json\/wp\/v2\/pages\/2967\/revisions\/16714"}],"wp:attachment":[{"href":"https:\/\/www.chespa.eu\/ro\/wp-json\/wp\/v2\/media?parent=2967"}],"curies":[{"name":"wp","href":"https:\/\/api.w.org\/{rel}","templated":true}]}}