{"id":2604,"date":"2016-05-31T09:15:36","date_gmt":"2016-05-31T07:15:36","guid":{"rendered":"http:\/\/www.chespa.eu\/ro\/certyfikaty\/"},"modified":"2023-07-07T16:44:00","modified_gmt":"2023-07-07T14:44:00","slug":"certyfikaty","status":"publish","type":"page","link":"https:\/\/www.chespa.eu\/ro\/certyfikaty\/","title":{"rendered":"Certific\u0103ri"},"content":{"rendered":"<p><strong>ISO 9001, 14001, 45001<\/strong><\/p>\n<p><a href=\"https:\/\/www.chespa.eu\/wp-content\/uploads\/2023\/06\/cert_2023_2026_EN.pdf\" class=\"mtli_attachment mtli_pdf\" target=\"\" rel=\"noopener\">cert_2023_2026_EN<\/a><\/p>\n<p><a href=\"https:\/\/www.chespa.eu\/wp-content\/uploads\/2023\/06\/cert_2023_2026_EN-12.png\" rel=\"lightbox[2604]\"><img loading=\"lazy\" decoding=\"async\" class=\"alignnone size-medium wp-image-17315\" src=\"https:\/\/www.chespa.eu\/wp-content\/uploads\/2023\/06\/cert_2023_2026_EN-12-300x212.png\" alt=\"\" width=\"300\" height=\"212\" srcset=\"https:\/\/www.chespa.eu\/wp-content\/uploads\/2023\/06\/cert_2023_2026_EN-12-300x212.png 300w, https:\/\/www.chespa.eu\/wp-content\/uploads\/2023\/06\/cert_2023_2026_EN-12-1024x724.png 1024w, https:\/\/www.chespa.eu\/wp-content\/uploads\/2023\/06\/cert_2023_2026_EN-12-768x543.png 768w, https:\/\/www.chespa.eu\/wp-content\/uploads\/2023\/06\/cert_2023_2026_EN-12.png 1190w\" sizes=\"auto, (max-width: 300px) 100vw, 300px\" \/><\/a><\/p>\n<p>&nbsp;<\/p>\n<p><em>\u00a0\u00a0\u00a0\u00a0\u00a0\u00a0\u00a0\u00a0\u00a0\u00a0\u00a0\u00a0\u00a0\u00a0\u00a0\u00a0\u00a0\u00a0\u00a0 CHESPA &#8230; WE ARE GREEN ! \u00a0\u00a0 \u00a0\u00a0 \u00a0\u00a0<\/em><\/p>\n<p><a href=\"https:\/\/www.chespa.eu\/wp-content\/uploads\/2023\/07\/TREE_2023.pdf\" class=\"mtli_attachment mtli_pdf\" target=\"\" rel=\"noopener\">TREE 2023<\/a><\/p>\n<p><a href=\"https:\/\/www.chespa.eu\/wp-content\/uploads\/2023\/07\/tuv_nord_2023_tree_UK.png\" rel=\"lightbox[2604]\"><img loading=\"lazy\" decoding=\"async\" class=\"alignnone size-medium wp-image-17362\" src=\"https:\/\/www.chespa.eu\/wp-content\/uploads\/2023\/07\/tuv_nord_2023_tree_UK-300x300.png\" alt=\"\" width=\"300\" height=\"300\" srcset=\"https:\/\/www.chespa.eu\/wp-content\/uploads\/2023\/07\/tuv_nord_2023_tree_UK-300x300.png 300w, https:\/\/www.chespa.eu\/wp-content\/uploads\/2023\/07\/tuv_nord_2023_tree_UK-1024x1020.png 1024w, https:\/\/www.chespa.eu\/wp-content\/uploads\/2023\/07\/tuv_nord_2023_tree_UK-150x150.png 150w, https:\/\/www.chespa.eu\/wp-content\/uploads\/2023\/07\/tuv_nord_2023_tree_UK-768x765.png 768w, https:\/\/www.chespa.eu\/wp-content\/uploads\/2023\/07\/tuv_nord_2023_tree_UK.png 1132w\" sizes=\"auto, (max-width: 300px) 100vw, 300px\" \/><\/a><\/p>\n<p>*********************************************<br \/>\nSuntem foarte \u00eenc\u00e2nta\u021bi s\u0103 anun\u021b\u0103m c\u0103 compania noastr\u0103 Chespa a fost recunoscut\u0103 oficial ca Partener certificat Kodak NX.<\/p>\n<p>Acest lucru \u00eenseamn\u0103 c\u0103 \u00eentregul proces de produc\u021bie a \u0219abloanelor de tipografie \u00eendepline\u0219te cele mai \u00eenalte criterii de calitate \u00een fiecare etap\u0103.<br \/>\n\u00cencep\u00e2nd de la generarea unui fi\u0219ier grafic, prin prelucrarea fotopolimerilor, p\u00e2n\u0103 la o inspec\u021bie am\u0103nun\u021bit\u0103 a fiec\u0103rui \u0219ablon.<br \/>\nAcest lucru duce la o primire extrem de pozitiv\u0103 a produselor noastre pe pia\u021ba flexografic\u0103.<br \/>\nClien\u021bii no\u0219tri confirm\u0103 ob\u021binerea unei calit\u0103\u021bi de imprimare, datorit\u0103 c\u0103reia transformarea desenelor din alte tehnici de imprimare este perfect\u0103.<\/p>\n<p>&nbsp;<\/p>\n<p>&nbsp;<\/p>\n<p><a href=\"http:\/\/www.chespa.eu\/wp-content\/uploads\/2016\/05\/NX_Certified_Mark_5_24FINALPREV.jpg\" rel=\"lightbox[2604]\"><img loading=\"lazy\" decoding=\"async\" class=\"alignnone size-medium wp-image-2577\" src=\"https:\/\/www.chespa.eu\/wp-content\/uploads\/2016\/05\/NX_Certified_Mark_5_24FINALPREV-224x300.jpg\" alt=\"Certified_3_28 FInal\" width=\"224\" height=\"300\" srcset=\"https:\/\/www.chespa.eu\/wp-content\/uploads\/2016\/05\/NX_Certified_Mark_5_24FINALPREV-224x300.jpg 224w, https:\/\/www.chespa.eu\/wp-content\/uploads\/2016\/05\/NX_Certified_Mark_5_24FINALPREV-768x1030.jpg 768w, https:\/\/www.chespa.eu\/wp-content\/uploads\/2016\/05\/NX_Certified_Mark_5_24FINALPREV-764x1024.jpg 764w, https:\/\/www.chespa.eu\/wp-content\/uploads\/2016\/05\/NX_Certified_Mark_5_24FINALPREV.jpg 1000w\" sizes=\"auto, (max-width: 224px) 100vw, 224px\" \/><\/a><\/p>\n","protected":false},"excerpt":{"rendered":"<p>ISO 9001, 14001, 45001 cert_2023_2026_EN &nbsp; \u00a0\u00a0\u00a0\u00a0\u00a0\u00a0\u00a0\u00a0\u00a0\u00a0\u00a0\u00a0\u00a0\u00a0\u00a0\u00a0\u00a0\u00a0\u00a0 CHESPA &#8230; WE ARE GREEN ! \u00a0\u00a0 \u00a0\u00a0 \u00a0\u00a0 TREE 2023 ********************************************* Suntem foarte \u00eenc\u00e2nta\u021bi s\u0103 anun\u021b\u0103m c\u0103 compania noastr\u0103 Chespa a fost recunoscut\u0103 oficial ca Partener certificat Kodak NX. Acest lucru \u00eenseamn\u0103 c\u0103 \u00eentregul proces de produc\u021bie a \u0219abloanelor de tipografie \u00eendepline\u0219te cele mai \u00eenalte criterii de [&hellip;]<\/p>\n","protected":false},"author":2,"featured_media":15186,"parent":0,"menu_order":0,"comment_status":"closed","ping_status":"closed","template":"","meta":{"_acf_changed":false,"footnotes":""},"class_list":["post-2604","page","type-page","status-publish","has-post-thumbnail","hentry"],"acf":[],"yoast_head":"<!-- This site is optimized with the Yoast SEO plugin v27.4 - https:\/\/yoast.com\/product\/yoast-seo-wordpress\/ -->\n<title>Certific\u0103ri - Chespa - printing inks, clichees, cutting dies<\/title>\n<meta name=\"robots\" content=\"index, follow, max-snippet:-1, max-image-preview:large, max-video-preview:-1\" \/>\n<link rel=\"canonical\" href=\"https:\/\/www.chespa.eu\/ro\/certyfikaty\/\" \/>\n<meta property=\"og:locale\" content=\"ro_RO\" \/>\n<meta property=\"og:type\" content=\"article\" \/>\n<meta property=\"og:title\" content=\"Certific\u0103ri - Chespa - printing inks, clichees, cutting dies\" \/>\n<meta property=\"og:description\" content=\"ISO 9001, 14001, 45001 cert_2023_2026_EN &nbsp; \u00a0\u00a0\u00a0\u00a0\u00a0\u00a0\u00a0\u00a0\u00a0\u00a0\u00a0\u00a0\u00a0\u00a0\u00a0\u00a0\u00a0\u00a0\u00a0 CHESPA &#8230; WE ARE GREEN ! \u00a0\u00a0 \u00a0\u00a0 \u00a0\u00a0 TREE 2023 ********************************************* Suntem foarte \u00eenc\u00e2nta\u021bi s\u0103 anun\u021b\u0103m c\u0103 compania noastr\u0103 Chespa a fost recunoscut\u0103 oficial ca Partener certificat Kodak NX. Acest lucru \u00eenseamn\u0103 c\u0103 \u00eentregul proces de produc\u021bie a \u0219abloanelor de tipografie \u00eendepline\u0219te cele mai \u00eenalte criterii de [&hellip;]\" \/>\n<meta property=\"og:url\" content=\"https:\/\/www.chespa.eu\/ro\/certyfikaty\/\" \/>\n<meta property=\"og:site_name\" content=\"Chespa - printing inks, clichees, cutting dies\" \/>\n<meta property=\"article:modified_time\" content=\"2023-07-07T14:44:00+00:00\" \/>\n<meta property=\"og:image\" content=\"https:\/\/www.chespa.eu\/wp-content\/uploads\/2021\/03\/23_ESP_bez23.png\" \/>\n\t<meta property=\"og:image:width\" content=\"1920\" \/>\n\t<meta property=\"og:image:height\" content=\"295\" \/>\n\t<meta property=\"og:image:type\" content=\"image\/png\" \/>\n<meta name=\"twitter:card\" content=\"summary_large_image\" \/>\n<meta name=\"twitter:label1\" content=\"Est. reading time\" \/>\n\t<meta name=\"twitter:data1\" content=\"2 minutes\" \/>\n<script type=\"application\/ld+json\" class=\"yoast-schema-graph\">{\"@context\":\"https:\\\/\\\/schema.org\",\"@graph\":[{\"@type\":\"WebPage\",\"@id\":\"https:\\\/\\\/www.chespa.eu\\\/ro\\\/certyfikaty\\\/\",\"url\":\"https:\\\/\\\/www.chespa.eu\\\/ro\\\/certyfikaty\\\/\",\"name\":\"Certific\u0103ri - Chespa - printing inks, clichees, cutting dies\",\"isPartOf\":{\"@id\":\"https:\\\/\\\/www.chespa.eu\\\/#website\"},\"primaryImageOfPage\":{\"@id\":\"https:\\\/\\\/www.chespa.eu\\\/ro\\\/certyfikaty\\\/#primaryimage\"},\"image\":{\"@id\":\"https:\\\/\\\/www.chespa.eu\\\/ro\\\/certyfikaty\\\/#primaryimage\"},\"thumbnailUrl\":\"https:\\\/\\\/www.chespa.eu\\\/wp-content\\\/uploads\\\/2021\\\/03\\\/23_ESP_bez23.png\",\"datePublished\":\"2016-05-31T07:15:36+00:00\",\"dateModified\":\"2023-07-07T14:44:00+00:00\",\"breadcrumb\":{\"@id\":\"https:\\\/\\\/www.chespa.eu\\\/ro\\\/certyfikaty\\\/#breadcrumb\"},\"inLanguage\":\"ro-RO\",\"potentialAction\":[{\"@type\":\"ReadAction\",\"target\":[\"https:\\\/\\\/www.chespa.eu\\\/ro\\\/certyfikaty\\\/\"]}]},{\"@type\":\"ImageObject\",\"inLanguage\":\"ro-RO\",\"@id\":\"https:\\\/\\\/www.chespa.eu\\\/ro\\\/certyfikaty\\\/#primaryimage\",\"url\":\"https:\\\/\\\/www.chespa.eu\\\/wp-content\\\/uploads\\\/2021\\\/03\\\/23_ESP_bez23.png\",\"contentUrl\":\"https:\\\/\\\/www.chespa.eu\\\/wp-content\\\/uploads\\\/2021\\\/03\\\/23_ESP_bez23.png\",\"width\":1920,\"height\":295},{\"@type\":\"BreadcrumbList\",\"@id\":\"https:\\\/\\\/www.chespa.eu\\\/ro\\\/certyfikaty\\\/#breadcrumb\",\"itemListElement\":[{\"@type\":\"ListItem\",\"position\":1,\"name\":\"Strona g\u0142\u00f3wna\",\"item\":\"https:\\\/\\\/www.chespa.eu\\\/\"},{\"@type\":\"ListItem\",\"position\":2,\"name\":\"Certific\u0103ri\"}]},{\"@type\":\"WebSite\",\"@id\":\"https:\\\/\\\/www.chespa.eu\\\/#website\",\"url\":\"https:\\\/\\\/www.chespa.eu\\\/\",\"name\":\"Chespa - printing inks, clichees, cutting dies\",\"description\":\"\",\"potentialAction\":[{\"@type\":\"SearchAction\",\"target\":{\"@type\":\"EntryPoint\",\"urlTemplate\":\"https:\\\/\\\/www.chespa.eu\\\/?s={search_term_string}\"},\"query-input\":{\"@type\":\"PropertyValueSpecification\",\"valueRequired\":true,\"valueName\":\"search_term_string\"}}],\"inLanguage\":\"ro-RO\"}]}<\/script>\n<!-- \/ Yoast SEO plugin. -->","yoast_head_json":{"title":"Certific\u0103ri - Chespa - printing inks, clichees, cutting dies","robots":{"index":"index","follow":"follow","max-snippet":"max-snippet:-1","max-image-preview":"max-image-preview:large","max-video-preview":"max-video-preview:-1"},"canonical":"https:\/\/www.chespa.eu\/ro\/certyfikaty\/","og_locale":"ro_RO","og_type":"article","og_title":"Certific\u0103ri - Chespa - printing inks, clichees, cutting dies","og_description":"ISO 9001, 14001, 45001 cert_2023_2026_EN &nbsp; \u00a0\u00a0\u00a0\u00a0\u00a0\u00a0\u00a0\u00a0\u00a0\u00a0\u00a0\u00a0\u00a0\u00a0\u00a0\u00a0\u00a0\u00a0\u00a0 CHESPA &#8230; WE ARE GREEN ! \u00a0\u00a0 \u00a0\u00a0 \u00a0\u00a0 TREE 2023 ********************************************* Suntem foarte \u00eenc\u00e2nta\u021bi s\u0103 anun\u021b\u0103m c\u0103 compania noastr\u0103 Chespa a fost recunoscut\u0103 oficial ca Partener certificat Kodak NX. Acest lucru \u00eenseamn\u0103 c\u0103 \u00eentregul proces de produc\u021bie a \u0219abloanelor de tipografie \u00eendepline\u0219te cele mai \u00eenalte criterii de [&hellip;]","og_url":"https:\/\/www.chespa.eu\/ro\/certyfikaty\/","og_site_name":"Chespa - printing inks, clichees, cutting dies","article_modified_time":"2023-07-07T14:44:00+00:00","og_image":[{"width":1920,"height":295,"url":"https:\/\/www.chespa.eu\/wp-content\/uploads\/2021\/03\/23_ESP_bez23.png","type":"image\/png"}],"twitter_card":"summary_large_image","twitter_misc":{"Est. reading time":"2 minutes"},"schema":{"@context":"https:\/\/schema.org","@graph":[{"@type":"WebPage","@id":"https:\/\/www.chespa.eu\/ro\/certyfikaty\/","url":"https:\/\/www.chespa.eu\/ro\/certyfikaty\/","name":"Certific\u0103ri - Chespa - printing inks, clichees, cutting dies","isPartOf":{"@id":"https:\/\/www.chespa.eu\/#website"},"primaryImageOfPage":{"@id":"https:\/\/www.chespa.eu\/ro\/certyfikaty\/#primaryimage"},"image":{"@id":"https:\/\/www.chespa.eu\/ro\/certyfikaty\/#primaryimage"},"thumbnailUrl":"https:\/\/www.chespa.eu\/wp-content\/uploads\/2021\/03\/23_ESP_bez23.png","datePublished":"2016-05-31T07:15:36+00:00","dateModified":"2023-07-07T14:44:00+00:00","breadcrumb":{"@id":"https:\/\/www.chespa.eu\/ro\/certyfikaty\/#breadcrumb"},"inLanguage":"ro-RO","potentialAction":[{"@type":"ReadAction","target":["https:\/\/www.chespa.eu\/ro\/certyfikaty\/"]}]},{"@type":"ImageObject","inLanguage":"ro-RO","@id":"https:\/\/www.chespa.eu\/ro\/certyfikaty\/#primaryimage","url":"https:\/\/www.chespa.eu\/wp-content\/uploads\/2021\/03\/23_ESP_bez23.png","contentUrl":"https:\/\/www.chespa.eu\/wp-content\/uploads\/2021\/03\/23_ESP_bez23.png","width":1920,"height":295},{"@type":"BreadcrumbList","@id":"https:\/\/www.chespa.eu\/ro\/certyfikaty\/#breadcrumb","itemListElement":[{"@type":"ListItem","position":1,"name":"Strona g\u0142\u00f3wna","item":"https:\/\/www.chespa.eu\/"},{"@type":"ListItem","position":2,"name":"Certific\u0103ri"}]},{"@type":"WebSite","@id":"https:\/\/www.chespa.eu\/#website","url":"https:\/\/www.chespa.eu\/","name":"Chespa - printing inks, clichees, cutting dies","description":"","potentialAction":[{"@type":"SearchAction","target":{"@type":"EntryPoint","urlTemplate":"https:\/\/www.chespa.eu\/?s={search_term_string}"},"query-input":{"@type":"PropertyValueSpecification","valueRequired":true,"valueName":"search_term_string"}}],"inLanguage":"ro-RO"}]}},"_links":{"self":[{"href":"https:\/\/www.chespa.eu\/ro\/wp-json\/wp\/v2\/pages\/2604","targetHints":{"allow":["GET"]}}],"collection":[{"href":"https:\/\/www.chespa.eu\/ro\/wp-json\/wp\/v2\/pages"}],"about":[{"href":"https:\/\/www.chespa.eu\/ro\/wp-json\/wp\/v2\/types\/page"}],"author":[{"embeddable":true,"href":"https:\/\/www.chespa.eu\/ro\/wp-json\/wp\/v2\/users\/2"}],"replies":[{"embeddable":true,"href":"https:\/\/www.chespa.eu\/ro\/wp-json\/wp\/v2\/comments?post=2604"}],"version-history":[{"count":24,"href":"https:\/\/www.chespa.eu\/ro\/wp-json\/wp\/v2\/pages\/2604\/revisions"}],"predecessor-version":[{"id":17376,"href":"https:\/\/www.chespa.eu\/ro\/wp-json\/wp\/v2\/pages\/2604\/revisions\/17376"}],"wp:featuredmedia":[{"embeddable":true,"href":"https:\/\/www.chespa.eu\/ro\/wp-json\/wp\/v2\/media\/15186"}],"wp:attachment":[{"href":"https:\/\/www.chespa.eu\/ro\/wp-json\/wp\/v2\/media?parent=2604"}],"curies":[{"name":"wp","href":"https:\/\/api.w.org\/{rel}","templated":true}]}}