{"id":1961,"date":"2016-05-19T10:33:50","date_gmt":"2016-05-19T08:33:50","guid":{"rendered":"http:\/\/www.chespa.eu\/ro\/kim-jestesmy\/"},"modified":"2022-11-08T14:43:32","modified_gmt":"2022-11-08T13:43:32","slug":"kim-jestesmy","status":"publish","type":"page","link":"https:\/\/www.chespa.eu\/ro\/kim-jestesmy\/","title":{"rendered":"Cine suntem"},"content":{"rendered":"<p style=\"text-align: center; font-size: 24px; margin-bottom: 4px; font-weight: 300;\">Cea mai \u00eenalt\u0103 calitate oferit\u0103 clien\u021bilor este modalitatea de implementare a strategiei noastre de cre\u0219tere.<\/p>\n<p>Dinamica de cre\u0219tere a Grupului CHESPA reflect\u0103 dezvoltarea tehnologiilor moderne. Timp de 30 de ani, o mic\u0103 companie local\u0103 a evoluat \u00eentr-un Grup cu o arie de acoperire interna\u021bional\u0103, prezent prin filiale \u0219i reprezentan\u021be \u00een majoritatea \u021b\u0103rilor din Europa \u0219i din lume. Datorit\u0103 calit\u0103\u021bii \u0219i fiabilit\u0103\u021bii sale, compania Chespa a c\u00e2\u0219tigat \u00eencrederea marilor concerne multina\u021bionale \u0219i a devenit principalul furnizor al acestora \u00een multe fabrici din \u00eentreaga lume.<\/p>\n<p>&nbsp;<\/p>\n<p>Gama de bunuri \u0219i servicii oferite de Chespa include <strong>cerneluri grafice, cli\u0219ee fotopolimerice, \u0219tan\u021be plane \u0219i rotative, precum \u0219i servicii de preg\u0103tire grafic\u0103 \u0219i procesare reprografic\u0103<\/strong>.<\/p>\n<p>Gama larg\u0103 de vopsele grafice \u0219i cerneluri, inclusiv vopsele pe baz\u0103 de ap\u0103 \u0219i pe baz\u0103 de solven\u021bi, este conceput\u0103 pentru imprimarea flexografic\u0103, rotogravur\u0103 \u0219i cea digital\u0103 pe o varietate de substraturi: carton ondulat \u0219i plin, h\u00e2rtie acoperit\u0103 \u0219i neacoperit\u0103, substraturi tissue, plicuri, saci, pungi, etichete, folie de aluminiu, toate tipurile de folie PE, PP, PET \u0219i PVC. \u00centreaga produc\u021bie de vopsele este supravegheat\u0103 de laboratorul de cercetare \u0219i analiz\u0103. \u00cen zilele noastre, materiile prime din resurse regenerabile sunt, de asemenea, utilizate pe scar\u0103 larg\u0103 \u00een produc\u021bia de cerneluri de imprimare, care pot \u00eenlocui cu succes componentele tradi\u021bionale de cerneal\u0103, inclusiv lian\u021bi polimerici, solven\u021bi sau diver\u0219i aditivi. Rezultatul eforturilor noastre pro-ecologice sunt produse biodegradabile, precum \u0219i cerneluri produse din materii prime regenerabile.<\/p>\n<p>Av\u00e2nd la dispozi\u021bie o gam\u0103 larg\u0103 de tehnologii de ultim\u0103 genera\u021bie, Chespa produce pl\u0103ci de imprimat \u00een conformitate cu cerin\u021bele specifice individuale ale tipografiilor, \u021bin\u00e2nd cont de utilajele adecvate, de metodele de rasterizare \u0219i de tipurile de forme de tipar. Suntem pionieri \u00een ceea ce prive\u0219te implementarea tehnologiei HD-Flexo, care ne permite s\u0103 \u00eembun\u0103t\u0103\u021bim \u00een mod semnificativ calitatea imprim\u0103rii flexografice, egal\u00e2nd alte tehnici de tip\u0103rire offset sau prin rotogravur\u0103. De\u021binem un Sistem de Gestionare a Culorilor, \u00een cadrul c\u0103ruia avem la dispozi\u021bie trei tehnologii de punct plat.<\/p>\n<p>Promov\u0103m Sistemul 7C (adic\u0103 un sistem de cerneluri \u0219i matri\u021be de imprimare \u00een \u0219apte culori), care permite ob\u021binerea unei game mai mari de culori \u00een cazul imprim\u0103rii \u00een mai multe culori. Acesta este utilizat pe scar\u0103 larg\u0103 \u00een produc\u021bia de serii mari de produse cu un design grafic similar, \u00een diferite versiuni. Datorit\u0103 tehnologiei MULTICOLOR, imprim\u0103m totul cu un singur set de cerneluri cu o palet\u0103 extins\u0103 de culori, ceea ce face ca \u00eentregul proces s\u0103 fie mai economic pentru tipografii dec\u00e2t cel tradi\u021bional.<\/p>\n<p>&nbsp;<\/p>\n<p>Oferta companiei Chespa \u00een ceea ce prive\u0219te produc\u021bia de ma\u0219ini de t\u0103iat plate (formatul maxim al unui panou de placaj 3000x1500mm sau formate mai mari ob\u021binute prin combinarea placajelor) \u0219i ma\u0219ini de t\u0103iat rotative (cu diametre cuprinse \u00eentre 174mm \u0219i 690mm). Ma\u0219inile de t\u0103iat cu sta\u021bii de cur\u0103\u021bare pot fi realizate \u00een sistem conven\u021bional sau dinamic, StripClip, Tele-Spring, FLY, av\u00e2nd, de asemenea, posibilitatea de a le combina. Oferim, de asemenea: Pertinaxuri metalice \u0219i din resotex, pl\u0103ci frezate, sec\u021biuni de separare a utilit\u0103\u021bilor (\u00een sistem conven\u021bional sau Angle Lock), piese Accubraille, piese de \u0219tan\u021bare, garnituri pentru camere.<\/p>\n<p>Departamentul Chespa Repro Studio (CRS) a fost creat cu scopul de a extinde gama de servicii oferite de Grupul Chespa \u0219i, astfel, de a ajunge la un grup complet nou de clien\u021bi &#8211; a\u0219a-numi\u021bii de\u021bin\u0103tori de branduri, produc\u0103tori din industria alimentar\u0103 care \u00ee\u0219i v\u00e2nd produsele nu numai la nivel local, care acord\u0103 importan\u021b\u0103 consisten\u021bei culorilor ambalajelor, care a\u0219teapt\u0103 asisten\u021b\u0103 \u00een gestionarea unui num\u0103r mare de modele, care au nevoie de suportul sistemelor informatice interne. \u00cen activitatea noastr\u0103 folosim, ca \u0219i \u00een cadrul Grupului Chespa, tehnologie de ultim\u0103 genera\u021bie.<\/p>\n<p>Beneficiarii apreciaz\u0103 foarte mult angajamentul \u0219i profesionalismul nostru. Datorit\u0103 \u00eencrederii Clien\u021bilor no\u0219tri, particip\u0103m \u00een mod activ la toate etapele, de la \u00eentocmirea unei oferte, p\u00e2n\u0103 la tip\u0103rirea ambalajului, oferind asisten\u021b\u0103 tehnologic\u0103 \u0219i servicii de \u00eencredere \u00een vederea ob\u021binerii unei imprim\u0103ri de \u00eenalt\u0103 calitate.<\/p>\n<p>Munca noastr\u0103 a avut ca rezultat numeroase realiz\u0103ri \u0219i premii \u00een industrie, ob\u021binute pentru preg\u0103tirea graficii \u0219i a formelor de imprimare flexografic\u0103 folosind tehnologia High Quality Flexo. Printre acestea se num\u0103r\u0103 premiul de aur \u0219i de argint \u00een cadrul Concursului interna\u021bional de flexografie EFIA &#8220;Print Awards&#8221; la categoria &#8220;Corrugated Post-Print&#8221;, precum \u0219i MEDALIA DE ARGINT \u00een cadrul concursului FTA &#8220;Excellence in Flexography Award&#8221; la categoria &#8220;Mid Web &#8211; Process &#8211; Uncoated&#8221;, precum \u0219i <a href=\"https:\/\/www.chespa.eu\/ro\/nagrody\/\">multe altele<\/a>.<\/p>\n<p>&nbsp;<\/p>\n","protected":false},"excerpt":{"rendered":"<p>Cea mai \u00eenalt\u0103 calitate oferit\u0103 clien\u021bilor este modalitatea de implementare a strategiei noastre de cre\u0219tere. Dinamica de cre\u0219tere a Grupului CHESPA reflect\u0103 dezvoltarea tehnologiilor moderne. Timp de 30 de ani, o mic\u0103 companie local\u0103 a evoluat \u00eentr-un Grup cu o arie de acoperire interna\u021bional\u0103, prezent prin filiale \u0219i reprezentan\u021be \u00een majoritatea \u021b\u0103rilor din Europa \u0219i [&hellip;]<\/p>\n","protected":false},"author":6,"featured_media":15293,"parent":0,"menu_order":0,"comment_status":"closed","ping_status":"closed","template":"","meta":{"_acf_changed":false,"footnotes":""},"class_list":["post-1961","page","type-page","status-publish","has-post-thumbnail","hentry"],"acf":[],"yoast_head":"<!-- This site is optimized with the Yoast SEO plugin v27.3 - https:\/\/yoast.com\/product\/yoast-seo-wordpress\/ -->\n<title>Cine suntem - Chespa - printing inks, clichees, cutting dies<\/title>\n<meta name=\"robots\" content=\"index, follow, max-snippet:-1, max-image-preview:large, max-video-preview:-1\" \/>\n<link rel=\"canonical\" href=\"https:\/\/www.chespa.eu\/ro\/kim-jestesmy\/\" \/>\n<meta property=\"og:locale\" content=\"ro_RO\" \/>\n<meta property=\"og:type\" content=\"article\" \/>\n<meta property=\"og:title\" content=\"Cine suntem - Chespa - printing inks, clichees, cutting dies\" \/>\n<meta property=\"og:description\" content=\"Cea mai \u00eenalt\u0103 calitate oferit\u0103 clien\u021bilor este modalitatea de implementare a strategiei noastre de cre\u0219tere. Dinamica de cre\u0219tere a Grupului CHESPA reflect\u0103 dezvoltarea tehnologiilor moderne. Timp de 30 de ani, o mic\u0103 companie local\u0103 a evoluat \u00eentr-un Grup cu o arie de acoperire interna\u021bional\u0103, prezent prin filiale \u0219i reprezentan\u021be \u00een majoritatea \u021b\u0103rilor din Europa \u0219i [&hellip;]\" \/>\n<meta property=\"og:url\" content=\"https:\/\/www.chespa.eu\/ro\/kim-jestesmy\/\" \/>\n<meta property=\"og:site_name\" content=\"Chespa - printing inks, clichees, cutting dies\" \/>\n<meta property=\"article:modified_time\" content=\"2022-11-08T13:43:32+00:00\" \/>\n<meta property=\"og:image\" content=\"https:\/\/www.chespa.eu\/wp-content\/uploads\/2021\/03\/budynek.jpg\" \/>\n\t<meta property=\"og:image:width\" content=\"1920\" \/>\n\t<meta property=\"og:image:height\" content=\"295\" \/>\n\t<meta property=\"og:image:type\" content=\"image\/jpeg\" \/>\n<meta name=\"twitter:card\" content=\"summary_large_image\" \/>\n<meta name=\"twitter:label1\" content=\"Est. reading time\" \/>\n\t<meta name=\"twitter:data1\" content=\"5 minutes\" \/>\n<script type=\"application\/ld+json\" class=\"yoast-schema-graph\">{\"@context\":\"https:\\\/\\\/schema.org\",\"@graph\":[{\"@type\":\"WebPage\",\"@id\":\"https:\\\/\\\/www.chespa.eu\\\/ro\\\/kim-jestesmy\\\/\",\"url\":\"https:\\\/\\\/www.chespa.eu\\\/ro\\\/kim-jestesmy\\\/\",\"name\":\"Cine suntem - Chespa - printing inks, clichees, cutting dies\",\"isPartOf\":{\"@id\":\"https:\\\/\\\/www.chespa.eu\\\/#website\"},\"primaryImageOfPage\":{\"@id\":\"https:\\\/\\\/www.chespa.eu\\\/ro\\\/kim-jestesmy\\\/#primaryimage\"},\"image\":{\"@id\":\"https:\\\/\\\/www.chespa.eu\\\/ro\\\/kim-jestesmy\\\/#primaryimage\"},\"thumbnailUrl\":\"https:\\\/\\\/www.chespa.eu\\\/wp-content\\\/uploads\\\/2021\\\/03\\\/budynek.jpg\",\"datePublished\":\"2016-05-19T08:33:50+00:00\",\"dateModified\":\"2022-11-08T13:43:32+00:00\",\"breadcrumb\":{\"@id\":\"https:\\\/\\\/www.chespa.eu\\\/ro\\\/kim-jestesmy\\\/#breadcrumb\"},\"inLanguage\":\"ro-RO\",\"potentialAction\":[{\"@type\":\"ReadAction\",\"target\":[\"https:\\\/\\\/www.chespa.eu\\\/ro\\\/kim-jestesmy\\\/\"]}]},{\"@type\":\"ImageObject\",\"inLanguage\":\"ro-RO\",\"@id\":\"https:\\\/\\\/www.chespa.eu\\\/ro\\\/kim-jestesmy\\\/#primaryimage\",\"url\":\"https:\\\/\\\/www.chespa.eu\\\/wp-content\\\/uploads\\\/2021\\\/03\\\/budynek.jpg\",\"contentUrl\":\"https:\\\/\\\/www.chespa.eu\\\/wp-content\\\/uploads\\\/2021\\\/03\\\/budynek.jpg\",\"width\":1920,\"height\":295},{\"@type\":\"BreadcrumbList\",\"@id\":\"https:\\\/\\\/www.chespa.eu\\\/ro\\\/kim-jestesmy\\\/#breadcrumb\",\"itemListElement\":[{\"@type\":\"ListItem\",\"position\":1,\"name\":\"Strona g\u0142\u00f3wna\",\"item\":\"https:\\\/\\\/www.chespa.eu\\\/\"},{\"@type\":\"ListItem\",\"position\":2,\"name\":\"Cine suntem\"}]},{\"@type\":\"WebSite\",\"@id\":\"https:\\\/\\\/www.chespa.eu\\\/#website\",\"url\":\"https:\\\/\\\/www.chespa.eu\\\/\",\"name\":\"Chespa - printing inks, clichees, cutting dies\",\"description\":\"\",\"potentialAction\":[{\"@type\":\"SearchAction\",\"target\":{\"@type\":\"EntryPoint\",\"urlTemplate\":\"https:\\\/\\\/www.chespa.eu\\\/?s={search_term_string}\"},\"query-input\":{\"@type\":\"PropertyValueSpecification\",\"valueRequired\":true,\"valueName\":\"search_term_string\"}}],\"inLanguage\":\"ro-RO\"}]}<\/script>\n<!-- \/ Yoast SEO plugin. -->","yoast_head_json":{"title":"Cine suntem - Chespa - printing inks, clichees, cutting dies","robots":{"index":"index","follow":"follow","max-snippet":"max-snippet:-1","max-image-preview":"max-image-preview:large","max-video-preview":"max-video-preview:-1"},"canonical":"https:\/\/www.chespa.eu\/ro\/kim-jestesmy\/","og_locale":"ro_RO","og_type":"article","og_title":"Cine suntem - Chespa - printing inks, clichees, cutting dies","og_description":"Cea mai \u00eenalt\u0103 calitate oferit\u0103 clien\u021bilor este modalitatea de implementare a strategiei noastre de cre\u0219tere. Dinamica de cre\u0219tere a Grupului CHESPA reflect\u0103 dezvoltarea tehnologiilor moderne. Timp de 30 de ani, o mic\u0103 companie local\u0103 a evoluat \u00eentr-un Grup cu o arie de acoperire interna\u021bional\u0103, prezent prin filiale \u0219i reprezentan\u021be \u00een majoritatea \u021b\u0103rilor din Europa \u0219i [&hellip;]","og_url":"https:\/\/www.chespa.eu\/ro\/kim-jestesmy\/","og_site_name":"Chespa - printing inks, clichees, cutting dies","article_modified_time":"2022-11-08T13:43:32+00:00","og_image":[{"width":1920,"height":295,"url":"https:\/\/www.chespa.eu\/wp-content\/uploads\/2021\/03\/budynek.jpg","type":"image\/jpeg"}],"twitter_card":"summary_large_image","twitter_misc":{"Est. reading time":"5 minutes"},"schema":{"@context":"https:\/\/schema.org","@graph":[{"@type":"WebPage","@id":"https:\/\/www.chespa.eu\/ro\/kim-jestesmy\/","url":"https:\/\/www.chespa.eu\/ro\/kim-jestesmy\/","name":"Cine suntem - Chespa - printing inks, clichees, cutting dies","isPartOf":{"@id":"https:\/\/www.chespa.eu\/#website"},"primaryImageOfPage":{"@id":"https:\/\/www.chespa.eu\/ro\/kim-jestesmy\/#primaryimage"},"image":{"@id":"https:\/\/www.chespa.eu\/ro\/kim-jestesmy\/#primaryimage"},"thumbnailUrl":"https:\/\/www.chespa.eu\/wp-content\/uploads\/2021\/03\/budynek.jpg","datePublished":"2016-05-19T08:33:50+00:00","dateModified":"2022-11-08T13:43:32+00:00","breadcrumb":{"@id":"https:\/\/www.chespa.eu\/ro\/kim-jestesmy\/#breadcrumb"},"inLanguage":"ro-RO","potentialAction":[{"@type":"ReadAction","target":["https:\/\/www.chespa.eu\/ro\/kim-jestesmy\/"]}]},{"@type":"ImageObject","inLanguage":"ro-RO","@id":"https:\/\/www.chespa.eu\/ro\/kim-jestesmy\/#primaryimage","url":"https:\/\/www.chespa.eu\/wp-content\/uploads\/2021\/03\/budynek.jpg","contentUrl":"https:\/\/www.chespa.eu\/wp-content\/uploads\/2021\/03\/budynek.jpg","width":1920,"height":295},{"@type":"BreadcrumbList","@id":"https:\/\/www.chespa.eu\/ro\/kim-jestesmy\/#breadcrumb","itemListElement":[{"@type":"ListItem","position":1,"name":"Strona g\u0142\u00f3wna","item":"https:\/\/www.chespa.eu\/"},{"@type":"ListItem","position":2,"name":"Cine suntem"}]},{"@type":"WebSite","@id":"https:\/\/www.chespa.eu\/#website","url":"https:\/\/www.chespa.eu\/","name":"Chespa - printing inks, clichees, cutting dies","description":"","potentialAction":[{"@type":"SearchAction","target":{"@type":"EntryPoint","urlTemplate":"https:\/\/www.chespa.eu\/?s={search_term_string}"},"query-input":{"@type":"PropertyValueSpecification","valueRequired":true,"valueName":"search_term_string"}}],"inLanguage":"ro-RO"}]}},"_links":{"self":[{"href":"https:\/\/www.chespa.eu\/ro\/wp-json\/wp\/v2\/pages\/1961","targetHints":{"allow":["GET"]}}],"collection":[{"href":"https:\/\/www.chespa.eu\/ro\/wp-json\/wp\/v2\/pages"}],"about":[{"href":"https:\/\/www.chespa.eu\/ro\/wp-json\/wp\/v2\/types\/page"}],"author":[{"embeddable":true,"href":"https:\/\/www.chespa.eu\/ro\/wp-json\/wp\/v2\/users\/6"}],"replies":[{"embeddable":true,"href":"https:\/\/www.chespa.eu\/ro\/wp-json\/wp\/v2\/comments?post=1961"}],"version-history":[{"count":13,"href":"https:\/\/www.chespa.eu\/ro\/wp-json\/wp\/v2\/pages\/1961\/revisions"}],"predecessor-version":[{"id":16741,"href":"https:\/\/www.chespa.eu\/ro\/wp-json\/wp\/v2\/pages\/1961\/revisions\/16741"}],"wp:featuredmedia":[{"embeddable":true,"href":"https:\/\/www.chespa.eu\/ro\/wp-json\/wp\/v2\/media\/15293"}],"wp:attachment":[{"href":"https:\/\/www.chespa.eu\/ro\/wp-json\/wp\/v2\/media?parent=1961"}],"curies":[{"name":"wp","href":"https:\/\/api.w.org\/{rel}","templated":true}]}}