{"id":19301,"date":"2025-12-01T09:15:42","date_gmt":"2025-12-01T08:15:42","guid":{"rendered":"https:\/\/www.chespa.eu\/produse\/servicii\/innowacje\/deinking\/"},"modified":"2026-02-09T14:05:30","modified_gmt":"2026-02-09T13:05:30","slug":"deinking","status":"publish","type":"page","link":"https:\/\/www.chespa.eu\/ro\/produse\/servicii\/innowacje\/deinking\/","title":{"rendered":"Deinking"},"content":{"rendered":"<p><a href=\"https:\/\/www.chespa.eu\/wp-content\/uploads\/2025\/11\/deinking.png\" rel=\"lightbox[19301]\"><img loading=\"lazy\" decoding=\"async\" class=\"alignnone size-full wp-image-19247\" src=\"https:\/\/www.chespa.eu\/wp-content\/uploads\/2025\/11\/deinking.png\" alt=\"\" width=\"358\" height=\"123\" srcset=\"https:\/\/www.chespa.eu\/wp-content\/uploads\/2025\/11\/deinking.png 358w, https:\/\/www.chespa.eu\/wp-content\/uploads\/2025\/11\/deinking-300x103.png 300w\" sizes=\"auto, (max-width: 358px) 100vw, 358px\" \/><\/a><\/p>\n<p><em>Decernificarea implic\u0103 \u00eendep\u0103rtarea cernelii de pe un substrat imprimat.<\/em><\/p>\n<p><em>Acest proces este posibil prin utilizarea primerului de decernificare Chespa.<\/em><\/p>\n<p>&nbsp;<\/p>\n<h2><em>Diagram\u0103 proces<\/em><\/h2>\n<h2><a href=\"https:\/\/www.chespa.eu\/wp-content\/uploads\/2026\/02\/Bez-tytulu.png\" rel=\"lightbox[19301]\"><img loading=\"lazy\" decoding=\"async\" class=\"alignnone wp-image-19356 size-full\" src=\"https:\/\/www.chespa.eu\/wp-content\/uploads\/2026\/02\/Bez-tytulu.png\" alt=\"\" width=\"600\" height=\"94\" srcset=\"https:\/\/www.chespa.eu\/wp-content\/uploads\/2026\/02\/Bez-tytulu.png 600w, https:\/\/www.chespa.eu\/wp-content\/uploads\/2026\/02\/Bez-tytulu-300x47.png 300w\" sizes=\"auto, (max-width: 600px) 100vw, 600px\" \/><\/a><\/h2>\n<p>&nbsp;<\/p>\n<p>&nbsp;<\/p>\n<h2><\/h2>\n<h2><em>Aplica\u021bie<\/em><\/h2>\n<h2><\/h2>\n<h2><em><a href=\"https:\/\/www.chespa.eu\/wp-content\/uploads\/2025\/11\/reklamowka.png\" rel=\"lightbox[19301]\"><img loading=\"lazy\" decoding=\"async\" class=\"alignnone size-full wp-image-19235\" src=\"https:\/\/www.chespa.eu\/wp-content\/uploads\/2025\/11\/reklamowka.png\" alt=\"\" width=\"794\" height=\"526\" srcset=\"https:\/\/www.chespa.eu\/wp-content\/uploads\/2025\/11\/reklamowka.png 794w, https:\/\/www.chespa.eu\/wp-content\/uploads\/2025\/11\/reklamowka-300x199.png 300w, https:\/\/www.chespa.eu\/wp-content\/uploads\/2025\/11\/reklamowka-768x509.png 768w\" sizes=\"auto, (max-width: 794px) 100vw, 794px\" \/><\/a><\/em><\/h2>\n<h3><em>Propriet\u0103\u021bi primer de decernalizare Chespa<\/em><\/h3>\n<h3><em>Descrierea produsului:<\/em><\/h3>\n<p><em>Primer pe baz\u0103 de solvent care permite \u00eendep\u0103rtarea cernelurilor imprimate pentru a restabili un substrat curat.<\/em><\/p>\n<p><em>Aplica\u021bii:<\/em><\/p>\n<ul>\n<li><em> PE<\/em><\/li>\n<li><em> OPP, BOPP, CPP<\/em><\/li>\n<\/ul>\n<p><em>Caracteristici:<\/em><\/p>\n<ul>\n<li><em> Produs monocomponent pe baz\u0103 de alcool<\/em><\/li>\n<li><em> Gata de utilizare<\/em><\/li>\n<li><em> Potrivit pentru imprimare flexografic\u0103 \u0219i rotogravur\u0103<\/em><\/li>\n<li><em> Necesit\u0103 aplicare pe toat\u0103 suprafa\u021ba, cu gramaj ridicat<\/em><\/li>\n<\/ul>\n<p>&nbsp;<\/p>\n<div style=\"width: 1920px;\" class=\"wp-video\"><video class=\"wp-video-shortcode\" id=\"video-19301-1\" width=\"1920\" height=\"1080\" preload=\"metadata\" controls=\"controls\"><source type=\"video\/mp4\" src=\"https:\/\/www.chespa.eu\/wp-content\/uploads\/2025\/11\/Deinking-2.mp4?_=1\" \/><a href=\"https:\/\/www.chespa.eu\/wp-content\/uploads\/2025\/11\/Deinking-2.mp4\">https:\/\/www.chespa.eu\/wp-content\/uploads\/2025\/11\/Deinking-2.mp4<\/a><\/video><\/div>\n","protected":false},"excerpt":{"rendered":"<p>Decernificarea implic\u0103 \u00eendep\u0103rtarea cernelii de pe un substrat imprimat. Acest proces este posibil prin utilizarea primerului de decernificare Chespa. &nbsp; Diagram\u0103 proces &nbsp; &nbsp; Aplica\u021bie Propriet\u0103\u021bi primer de decernalizare Chespa Descrierea produsului: Primer pe baz\u0103 de solvent care permite \u00eendep\u0103rtarea cernelurilor imprimate pentru a restabili un substrat curat. Aplica\u021bii: PE OPP, BOPP, CPP Caracteristici: Produs [&hellip;]<\/p>\n","protected":false},"author":6,"featured_media":0,"parent":15180,"menu_order":0,"comment_status":"closed","ping_status":"closed","template":"","meta":{"_acf_changed":false,"footnotes":""},"class_list":["post-19301","page","type-page","status-publish","hentry"],"acf":[],"yoast_head":"<!-- This site is optimized with the Yoast SEO plugin v27.4 - https:\/\/yoast.com\/product\/yoast-seo-wordpress\/ -->\n<title>Deinking - Chespa - printing inks, clichees, cutting dies<\/title>\n<meta name=\"robots\" content=\"index, follow, max-snippet:-1, max-image-preview:large, max-video-preview:-1\" \/>\n<link rel=\"canonical\" href=\"https:\/\/www.chespa.eu\/ro\/produse\/servicii\/innowacje\/deinking\/\" \/>\n<meta property=\"og:locale\" content=\"ro_RO\" \/>\n<meta property=\"og:type\" content=\"article\" \/>\n<meta property=\"og:title\" content=\"Deinking - Chespa - printing inks, clichees, cutting dies\" \/>\n<meta property=\"og:description\" content=\"Decernificarea implic\u0103 \u00eendep\u0103rtarea cernelii de pe un substrat imprimat. Acest proces este posibil prin utilizarea primerului de decernificare Chespa. &nbsp; Diagram\u0103 proces &nbsp; &nbsp; Aplica\u021bie Propriet\u0103\u021bi primer de decernalizare Chespa Descrierea produsului: Primer pe baz\u0103 de solvent care permite \u00eendep\u0103rtarea cernelurilor imprimate pentru a restabili un substrat curat. Aplica\u021bii: PE OPP, BOPP, CPP Caracteristici: Produs [&hellip;]\" \/>\n<meta property=\"og:url\" content=\"https:\/\/www.chespa.eu\/ro\/produse\/servicii\/innowacje\/deinking\/\" \/>\n<meta property=\"og:site_name\" content=\"Chespa - printing inks, clichees, cutting dies\" \/>\n<meta property=\"article:modified_time\" content=\"2026-02-09T13:05:30+00:00\" \/>\n<meta property=\"og:image\" content=\"https:\/\/www.chespa.eu\/wp-content\/uploads\/2025\/11\/deinking.png\" \/>\n\t<meta property=\"og:image:width\" content=\"358\" \/>\n\t<meta property=\"og:image:height\" content=\"123\" \/>\n\t<meta property=\"og:image:type\" content=\"image\/png\" \/>\n<meta name=\"twitter:card\" content=\"summary_large_image\" \/>\n<meta name=\"twitter:label1\" content=\"Est. reading time\" \/>\n\t<meta name=\"twitter:data1\" content=\"2 minutes\" \/>\n<script type=\"application\/ld+json\" class=\"yoast-schema-graph\">{\"@context\":\"https:\\\/\\\/schema.org\",\"@graph\":[{\"@type\":\"WebPage\",\"@id\":\"https:\\\/\\\/www.chespa.eu\\\/ro\\\/produse\\\/servicii\\\/innowacje\\\/deinking\\\/\",\"url\":\"https:\\\/\\\/www.chespa.eu\\\/ro\\\/produse\\\/servicii\\\/innowacje\\\/deinking\\\/\",\"name\":\"Deinking - Chespa - printing inks, clichees, cutting dies\",\"isPartOf\":{\"@id\":\"https:\\\/\\\/www.chespa.eu\\\/#website\"},\"primaryImageOfPage\":{\"@id\":\"https:\\\/\\\/www.chespa.eu\\\/ro\\\/produse\\\/servicii\\\/innowacje\\\/deinking\\\/#primaryimage\"},\"image\":{\"@id\":\"https:\\\/\\\/www.chespa.eu\\\/ro\\\/produse\\\/servicii\\\/innowacje\\\/deinking\\\/#primaryimage\"},\"thumbnailUrl\":\"https:\\\/\\\/www.chespa.eu\\\/wp-content\\\/uploads\\\/2025\\\/11\\\/deinking.png\",\"datePublished\":\"2025-12-01T08:15:42+00:00\",\"dateModified\":\"2026-02-09T13:05:30+00:00\",\"breadcrumb\":{\"@id\":\"https:\\\/\\\/www.chespa.eu\\\/ro\\\/produse\\\/servicii\\\/innowacje\\\/deinking\\\/#breadcrumb\"},\"inLanguage\":\"ro-RO\",\"potentialAction\":[{\"@type\":\"ReadAction\",\"target\":[\"https:\\\/\\\/www.chespa.eu\\\/ro\\\/produse\\\/servicii\\\/innowacje\\\/deinking\\\/\"]}]},{\"@type\":\"ImageObject\",\"inLanguage\":\"ro-RO\",\"@id\":\"https:\\\/\\\/www.chespa.eu\\\/ro\\\/produse\\\/servicii\\\/innowacje\\\/deinking\\\/#primaryimage\",\"url\":\"https:\\\/\\\/www.chespa.eu\\\/wp-content\\\/uploads\\\/2025\\\/11\\\/deinking.png\",\"contentUrl\":\"https:\\\/\\\/www.chespa.eu\\\/wp-content\\\/uploads\\\/2025\\\/11\\\/deinking.png\"},{\"@type\":\"BreadcrumbList\",\"@id\":\"https:\\\/\\\/www.chespa.eu\\\/ro\\\/produse\\\/servicii\\\/innowacje\\\/deinking\\\/#breadcrumb\",\"itemListElement\":[{\"@type\":\"ListItem\",\"position\":1,\"name\":\"Strona g\u0142\u00f3wna\",\"item\":\"https:\\\/\\\/www.chespa.eu\\\/\"},{\"@type\":\"ListItem\",\"position\":2,\"name\":\"Produse\",\"item\":\"https:\\\/\\\/www.chespa.eu\\\/produkty\\\/\"},{\"@type\":\"ListItem\",\"position\":3,\"name\":\"Servicii\",\"item\":\"https:\\\/\\\/www.chespa.eu\\\/produkty\\\/uslugi\\\/\"},{\"@type\":\"ListItem\",\"position\":4,\"name\":\"Inova\u021bii\",\"item\":\"https:\\\/\\\/www.chespa.eu\\\/ro\\\/produse\\\/servicii\\\/innowacje\\\/\"},{\"@type\":\"ListItem\",\"position\":5,\"name\":\"Deinking\"}]},{\"@type\":\"WebSite\",\"@id\":\"https:\\\/\\\/www.chespa.eu\\\/#website\",\"url\":\"https:\\\/\\\/www.chespa.eu\\\/\",\"name\":\"Chespa - printing inks, clichees, cutting dies\",\"description\":\"\",\"potentialAction\":[{\"@type\":\"SearchAction\",\"target\":{\"@type\":\"EntryPoint\",\"urlTemplate\":\"https:\\\/\\\/www.chespa.eu\\\/?s={search_term_string}\"},\"query-input\":{\"@type\":\"PropertyValueSpecification\",\"valueRequired\":true,\"valueName\":\"search_term_string\"}}],\"inLanguage\":\"ro-RO\"}]}<\/script>\n<!-- \/ Yoast SEO plugin. -->","yoast_head_json":{"title":"Deinking - Chespa - printing inks, clichees, cutting dies","robots":{"index":"index","follow":"follow","max-snippet":"max-snippet:-1","max-image-preview":"max-image-preview:large","max-video-preview":"max-video-preview:-1"},"canonical":"https:\/\/www.chespa.eu\/ro\/produse\/servicii\/innowacje\/deinking\/","og_locale":"ro_RO","og_type":"article","og_title":"Deinking - Chespa - printing inks, clichees, cutting dies","og_description":"Decernificarea implic\u0103 \u00eendep\u0103rtarea cernelii de pe un substrat imprimat. Acest proces este posibil prin utilizarea primerului de decernificare Chespa. &nbsp; Diagram\u0103 proces &nbsp; &nbsp; Aplica\u021bie Propriet\u0103\u021bi primer de decernalizare Chespa Descrierea produsului: Primer pe baz\u0103 de solvent care permite \u00eendep\u0103rtarea cernelurilor imprimate pentru a restabili un substrat curat. Aplica\u021bii: PE OPP, BOPP, CPP Caracteristici: Produs [&hellip;]","og_url":"https:\/\/www.chespa.eu\/ro\/produse\/servicii\/innowacje\/deinking\/","og_site_name":"Chespa - printing inks, clichees, cutting dies","article_modified_time":"2026-02-09T13:05:30+00:00","og_image":[{"width":358,"height":123,"url":"https:\/\/www.chespa.eu\/wp-content\/uploads\/2025\/11\/deinking.png","type":"image\/png"}],"twitter_card":"summary_large_image","twitter_misc":{"Est. reading time":"2 minutes"},"schema":{"@context":"https:\/\/schema.org","@graph":[{"@type":"WebPage","@id":"https:\/\/www.chespa.eu\/ro\/produse\/servicii\/innowacje\/deinking\/","url":"https:\/\/www.chespa.eu\/ro\/produse\/servicii\/innowacje\/deinking\/","name":"Deinking - Chespa - printing inks, clichees, cutting dies","isPartOf":{"@id":"https:\/\/www.chespa.eu\/#website"},"primaryImageOfPage":{"@id":"https:\/\/www.chespa.eu\/ro\/produse\/servicii\/innowacje\/deinking\/#primaryimage"},"image":{"@id":"https:\/\/www.chespa.eu\/ro\/produse\/servicii\/innowacje\/deinking\/#primaryimage"},"thumbnailUrl":"https:\/\/www.chespa.eu\/wp-content\/uploads\/2025\/11\/deinking.png","datePublished":"2025-12-01T08:15:42+00:00","dateModified":"2026-02-09T13:05:30+00:00","breadcrumb":{"@id":"https:\/\/www.chespa.eu\/ro\/produse\/servicii\/innowacje\/deinking\/#breadcrumb"},"inLanguage":"ro-RO","potentialAction":[{"@type":"ReadAction","target":["https:\/\/www.chespa.eu\/ro\/produse\/servicii\/innowacje\/deinking\/"]}]},{"@type":"ImageObject","inLanguage":"ro-RO","@id":"https:\/\/www.chespa.eu\/ro\/produse\/servicii\/innowacje\/deinking\/#primaryimage","url":"https:\/\/www.chespa.eu\/wp-content\/uploads\/2025\/11\/deinking.png","contentUrl":"https:\/\/www.chespa.eu\/wp-content\/uploads\/2025\/11\/deinking.png"},{"@type":"BreadcrumbList","@id":"https:\/\/www.chespa.eu\/ro\/produse\/servicii\/innowacje\/deinking\/#breadcrumb","itemListElement":[{"@type":"ListItem","position":1,"name":"Strona g\u0142\u00f3wna","item":"https:\/\/www.chespa.eu\/"},{"@type":"ListItem","position":2,"name":"Produse","item":"https:\/\/www.chespa.eu\/produkty\/"},{"@type":"ListItem","position":3,"name":"Servicii","item":"https:\/\/www.chespa.eu\/produkty\/uslugi\/"},{"@type":"ListItem","position":4,"name":"Inova\u021bii","item":"https:\/\/www.chespa.eu\/ro\/produse\/servicii\/innowacje\/"},{"@type":"ListItem","position":5,"name":"Deinking"}]},{"@type":"WebSite","@id":"https:\/\/www.chespa.eu\/#website","url":"https:\/\/www.chespa.eu\/","name":"Chespa - printing inks, clichees, cutting dies","description":"","potentialAction":[{"@type":"SearchAction","target":{"@type":"EntryPoint","urlTemplate":"https:\/\/www.chespa.eu\/?s={search_term_string}"},"query-input":{"@type":"PropertyValueSpecification","valueRequired":true,"valueName":"search_term_string"}}],"inLanguage":"ro-RO"}]}},"_links":{"self":[{"href":"https:\/\/www.chespa.eu\/ro\/wp-json\/wp\/v2\/pages\/19301","targetHints":{"allow":["GET"]}}],"collection":[{"href":"https:\/\/www.chespa.eu\/ro\/wp-json\/wp\/v2\/pages"}],"about":[{"href":"https:\/\/www.chespa.eu\/ro\/wp-json\/wp\/v2\/types\/page"}],"author":[{"embeddable":true,"href":"https:\/\/www.chespa.eu\/ro\/wp-json\/wp\/v2\/users\/6"}],"replies":[{"embeddable":true,"href":"https:\/\/www.chespa.eu\/ro\/wp-json\/wp\/v2\/comments?post=19301"}],"version-history":[{"count":3,"href":"https:\/\/www.chespa.eu\/ro\/wp-json\/wp\/v2\/pages\/19301\/revisions"}],"predecessor-version":[{"id":19361,"href":"https:\/\/www.chespa.eu\/ro\/wp-json\/wp\/v2\/pages\/19301\/revisions\/19361"}],"up":[{"embeddable":true,"href":"https:\/\/www.chespa.eu\/ro\/wp-json\/wp\/v2\/pages\/15180"}],"wp:attachment":[{"href":"https:\/\/www.chespa.eu\/ro\/wp-json\/wp\/v2\/media?parent=19301"}],"curies":[{"name":"wp","href":"https:\/\/api.w.org\/{rel}","templated":true}]}}