{"id":19296,"date":"2025-12-01T08:59:48","date_gmt":"2025-12-01T07:59:48","guid":{"rendered":"https:\/\/www.chespa.eu\/produse\/servicii\/innowacje\/plant-based-plastic-free\/"},"modified":"2026-02-10T12:15:17","modified_gmt":"2026-02-10T11:15:17","slug":"plant-based-plastic-free","status":"publish","type":"page","link":"https:\/\/www.chespa.eu\/ro\/produse\/servicii\/innowacje\/plant-based-plastic-free\/","title":{"rendered":"Pe baz\u0103 de plante \u0219i f\u0103r\u0103 plastic"},"content":{"rendered":"<p><a href=\"https:\/\/www.chespa.eu\/wp-content\/uploads\/2024\/05\/chocolate.png\" rel=\"lightbox[19296]\"><img loading=\"lazy\" decoding=\"async\" class=\"alignnone size-medium wp-image-17820\" src=\"https:\/\/www.chespa.eu\/wp-content\/uploads\/2024\/05\/chocolate-300x123.png\" alt=\"\" width=\"300\" height=\"123\" srcset=\"https:\/\/www.chespa.eu\/wp-content\/uploads\/2024\/05\/chocolate-300x123.png 300w, https:\/\/www.chespa.eu\/wp-content\/uploads\/2024\/05\/chocolate-1024x421.png 1024w, https:\/\/www.chespa.eu\/wp-content\/uploads\/2024\/05\/chocolate-768x315.png 768w, https:\/\/www.chespa.eu\/wp-content\/uploads\/2024\/05\/chocolate.png 1417w\" sizes=\"auto, (max-width: 300px) 100vw, 300px\" \/><\/a><\/p>\n<p><a href=\"https:\/\/www.chespa.eu\/wp-content\/uploads\/2024\/05\/choco-Eco-pack-Metallised-compostable-film.png\" rel=\"lightbox[19296]\"><img loading=\"lazy\" decoding=\"async\" class=\"alignnone size-medium wp-image-17930\" src=\"https:\/\/www.chespa.eu\/wp-content\/uploads\/2024\/05\/choco-Eco-pack-Metallised-compostable-film-265x300.png\" alt=\"\" width=\"265\" height=\"300\" srcset=\"https:\/\/www.chespa.eu\/wp-content\/uploads\/2024\/05\/choco-Eco-pack-Metallised-compostable-film-265x300.png 265w, https:\/\/www.chespa.eu\/wp-content\/uploads\/2024\/05\/choco-Eco-pack-Metallised-compostable-film-904x1024.png 904w, https:\/\/www.chespa.eu\/wp-content\/uploads\/2024\/05\/choco-Eco-pack-Metallised-compostable-film-768x870.png 768w, https:\/\/www.chespa.eu\/wp-content\/uploads\/2024\/05\/choco-Eco-pack-Metallised-compostable-film.png 1141w\" sizes=\"auto, (max-width: 265px) 100vw, 265px\" \/><\/a><\/p>\n<p>Ambalajele din celuloz\u0103 sunt fabricate din materii prime compostabile, inclusiv \u021bes\u0103turi \u0219i cerneluri.<\/p>\n<p>Folia de celuloz\u0103 metalizat\u0103 cu propriet\u0103\u021bi de barier\u0103 \u00eembun\u0103t\u0103\u021bit\u0103 este imprimat\u0103 cu cerneluri <strong>FlexiBio<\/strong> pe baz\u0103 de ap\u0103, certificate pentru compostabilitate.<\/p>\n<p>Substratul foliei de celuloz\u0103 este o materie prim\u0103 regenerabil\u0103 cu propriet\u0103\u021bi de termosudare, oferind propriet\u0103\u021bi de barier\u0103 \u00eempotriva umezelii, vaporilor \u0219i aromelor, precum \u0219i rezisten\u021b\u0103 la uleiuri \u0219i gr\u0103simi.<\/p>\n<p>Pl\u0103cile de imprimare utilizate pentru imprimarea pe celuloz\u0103 sunt certificate Carbon Neutral \u0219i au fost fabricate de Asahi Kasei folosind tehnologia de lavare cu ap\u0103 <strong>AWP\u2122-DEW<\/strong>, care reduce impactul asupra mediului.<\/p>\n<p>Beneficiile de mediu ale ambalajelor din celuloz\u0103 includ o amprent\u0103 de carbon redus\u0103 \u00een compara\u021bie cu ambalajele produse conven\u021bional, folosind cerneluri pe baz\u0103 de alcool \u0219i pl\u0103ci fotopolimerice lavabile cu solvent. Utilizarea cernelurilor certificate Carbon Neutral \u0219i a pl\u0103cilor fotopolimerice \u00een produc\u021bia ambalajelor noastre ne-a permis s\u0103 reducem amprenta de carbon a ambalajelor noastre cu <strong>12%<\/strong> \u00een compara\u021bie cu ambalajele conven\u021bionale.<\/p>\n<p>&nbsp;<\/p>\n<p>&nbsp;<\/p>\n<p><a href=\"https:\/\/www.chespa.eu\/wp-content\/uploads\/2024\/05\/choco_3w.jpg\" rel=\"lightbox[19296]\"><img loading=\"lazy\" decoding=\"async\" class=\"alignnone size-medium wp-image-17827\" src=\"https:\/\/www.chespa.eu\/wp-content\/uploads\/2024\/05\/choco_3w-300x179.jpg\" alt=\"\" width=\"300\" height=\"179\" srcset=\"https:\/\/www.chespa.eu\/wp-content\/uploads\/2024\/05\/choco_3w-300x179.jpg 300w, https:\/\/www.chespa.eu\/wp-content\/uploads\/2024\/05\/choco_3w-1024x613.jpg 1024w, https:\/\/www.chespa.eu\/wp-content\/uploads\/2024\/05\/choco_3w-768x459.jpg 768w, https:\/\/www.chespa.eu\/wp-content\/uploads\/2024\/05\/choco_3w.jpg 1294w\" sizes=\"auto, (max-width: 300px) 100vw, 300px\" \/><\/a><\/p>\n<h4><em>\u00a0Diagrama ambalajului (\u00eencep\u00e2nd cu stratul exterior):<\/em><\/h4>\n<ol>\n<li><strong> FlexiLack FX Protect \u2013 un strat de barier\u0103 \u00eempotriva apei \u0219i vaporilor de ap\u0103<\/strong><\/li>\n<li><strong> FlexiBio \u2013 cerneluri compostabile pe baz\u0103 de ap\u0103<\/strong><\/li>\n<li><strong> Folie metalizat\u0103 produs\u0103 din resurse regenerabile, compostabil\u0103, rezistent\u0103 la c\u0103ldur\u0103, cu o barier\u0103 \u00eempotriva umezelii, gazelor \u0219i aromelor, rezistent\u0103 la uleiuri \u0219i gr\u0103simi.<\/strong><\/li>\n<\/ol>\n<p><strong>Avantajele ambal\u0103rii:<\/strong><\/p>\n<ul>\n<li><strong> Eliminarea laminatului OPP multistrat<\/strong><\/li>\n<li><strong> Reducerea impactului negativ asupra mediului<\/strong><\/li>\n<li><strong> Sisteme pe baz\u0103 de ap\u0103<\/strong><\/li>\n<li><strong> Compostabilitatea cernelurilor \u0219i a substratului de folie de celuloz\u0103<\/strong><\/li>\n<li><strong> Utilizarea pl\u0103cilor fotopolimerice lavabile cu ap\u0103<\/strong><\/li>\n<li><strong> Gestionarea \u0219i eliminarea de\u0219eurilor \u00een \u021b\u0103ri cu rate sc\u0103zute de reciclare a de\u0219eurilor.<\/strong><\/li>\n<\/ul>\n<p>&nbsp;<\/p>\n<p>&nbsp;<\/p>\n<p>Pentru a analiza impactul mai larg asupra mediului al ambalajelor noastre, cercetarea a fost extins\u0103 pentru a include impactul toxicologic asupra oamenilor \u0219i mediului. Cercetarea arat\u0103 c\u0103 ambalajele din celuloz\u0103 folosind materii prime compostabile certificate reduc toxicitatea, comparativ cu ambalajele produse folosind materii prime conven\u021bionale, cu 11% \u00een ceea ce prive\u0219te toxicitatea uman\u0103, cu 93% \u00een ceea ce prive\u0219te ecotoxicitatea, cu 25% \u00een ceea ce prive\u0219te ecotoxicitatea marin\u0103 \u0219i cu 45% \u00een ceea ce prive\u0219te ecotoxicitatea apei dulci.<\/p>\n<p>&nbsp;<\/p>\n<p><a href=\"https:\/\/www.chespa.eu\/wp-content\/uploads\/2024\/05\/choco-Eco-pack.jpg\" rel=\"lightbox[19296]\"><img loading=\"lazy\" decoding=\"async\" class=\"alignnone size-medium wp-image-17936\" src=\"https:\/\/www.chespa.eu\/wp-content\/uploads\/2024\/05\/choco-Eco-pack-300x169.jpg\" alt=\"\" width=\"300\" height=\"169\" srcset=\"https:\/\/www.chespa.eu\/wp-content\/uploads\/2024\/05\/choco-Eco-pack-300x169.jpg 300w, https:\/\/www.chespa.eu\/wp-content\/uploads\/2024\/05\/choco-Eco-pack-1024x576.jpg 1024w, https:\/\/www.chespa.eu\/wp-content\/uploads\/2024\/05\/choco-Eco-pack-768x432.jpg 768w, https:\/\/www.chespa.eu\/wp-content\/uploads\/2024\/05\/choco-Eco-pack.jpg 1280w\" sizes=\"auto, (max-width: 300px) 100vw, 300px\" \/><\/a> \u00a0 <a href=\"https:\/\/www.chespa.eu\/wp-content\/uploads\/2024\/05\/choco-Eco-pack-Barrier-coating.jpg\" rel=\"lightbox[19296]\"><img loading=\"lazy\" decoding=\"async\" class=\"alignnone size-medium wp-image-17924\" src=\"https:\/\/www.chespa.eu\/wp-content\/uploads\/2024\/05\/choco-Eco-pack-Barrier-coating-300x169.jpg\" alt=\"\" width=\"300\" height=\"169\" srcset=\"https:\/\/www.chespa.eu\/wp-content\/uploads\/2024\/05\/choco-Eco-pack-Barrier-coating-300x169.jpg 300w, https:\/\/www.chespa.eu\/wp-content\/uploads\/2024\/05\/choco-Eco-pack-Barrier-coating-1024x576.jpg 1024w, https:\/\/www.chespa.eu\/wp-content\/uploads\/2024\/05\/choco-Eco-pack-Barrier-coating-768x432.jpg 768w, https:\/\/www.chespa.eu\/wp-content\/uploads\/2024\/05\/choco-Eco-pack-Barrier-coating.jpg 1280w\" sizes=\"auto, (max-width: 300px) 100vw, 300px\" \/><\/a><\/p>\n","protected":false},"excerpt":{"rendered":"<p>Ambalajele din celuloz\u0103 sunt fabricate din materii prime compostabile, inclusiv \u021bes\u0103turi \u0219i cerneluri. Folia de celuloz\u0103 metalizat\u0103 cu propriet\u0103\u021bi de barier\u0103 \u00eembun\u0103t\u0103\u021bit\u0103 este imprimat\u0103 cu cerneluri FlexiBio pe baz\u0103 de ap\u0103, certificate pentru compostabilitate. Substratul foliei de celuloz\u0103 este o materie prim\u0103 regenerabil\u0103 cu propriet\u0103\u021bi de termosudare, oferind propriet\u0103\u021bi de barier\u0103 \u00eempotriva umezelii, vaporilor \u0219i [&hellip;]<\/p>\n","protected":false},"author":6,"featured_media":0,"parent":15180,"menu_order":0,"comment_status":"closed","ping_status":"closed","template":"","meta":{"_acf_changed":false,"footnotes":""},"class_list":["post-19296","page","type-page","status-publish","hentry"],"acf":[],"yoast_head":"<!-- This site is optimized with the Yoast SEO plugin v27.4 - https:\/\/yoast.com\/product\/yoast-seo-wordpress\/ -->\n<title>Pe baz\u0103 de plante \u0219i f\u0103r\u0103 plastic - Chespa - printing inks, clichees, cutting dies<\/title>\n<meta name=\"robots\" content=\"index, follow, max-snippet:-1, max-image-preview:large, max-video-preview:-1\" \/>\n<link rel=\"canonical\" href=\"https:\/\/www.chespa.eu\/ro\/produse\/servicii\/innowacje\/plant-based-plastic-free\/\" \/>\n<meta property=\"og:locale\" content=\"ro_RO\" \/>\n<meta property=\"og:type\" content=\"article\" \/>\n<meta property=\"og:title\" content=\"Pe baz\u0103 de plante \u0219i f\u0103r\u0103 plastic - Chespa - printing inks, clichees, cutting dies\" \/>\n<meta property=\"og:description\" content=\"Ambalajele din celuloz\u0103 sunt fabricate din materii prime compostabile, inclusiv \u021bes\u0103turi \u0219i cerneluri. Folia de celuloz\u0103 metalizat\u0103 cu propriet\u0103\u021bi de barier\u0103 \u00eembun\u0103t\u0103\u021bit\u0103 este imprimat\u0103 cu cerneluri FlexiBio pe baz\u0103 de ap\u0103, certificate pentru compostabilitate. Substratul foliei de celuloz\u0103 este o materie prim\u0103 regenerabil\u0103 cu propriet\u0103\u021bi de termosudare, oferind propriet\u0103\u021bi de barier\u0103 \u00eempotriva umezelii, vaporilor \u0219i [&hellip;]\" \/>\n<meta property=\"og:url\" content=\"https:\/\/www.chespa.eu\/ro\/produse\/servicii\/innowacje\/plant-based-plastic-free\/\" \/>\n<meta property=\"og:site_name\" content=\"Chespa - printing inks, clichees, cutting dies\" \/>\n<meta property=\"article:modified_time\" content=\"2026-02-10T11:15:17+00:00\" \/>\n<meta property=\"og:image\" content=\"https:\/\/www.chespa.eu\/wp-content\/uploads\/2024\/05\/chocolate.png\" \/>\n\t<meta property=\"og:image:width\" content=\"1417\" \/>\n\t<meta property=\"og:image:height\" content=\"582\" \/>\n\t<meta property=\"og:image:type\" content=\"image\/png\" \/>\n<meta name=\"twitter:card\" content=\"summary_large_image\" \/>\n<meta name=\"twitter:label1\" content=\"Est. reading time\" \/>\n\t<meta name=\"twitter:data1\" content=\"3 minutes\" \/>\n<script type=\"application\/ld+json\" class=\"yoast-schema-graph\">{\"@context\":\"https:\\\/\\\/schema.org\",\"@graph\":[{\"@type\":\"WebPage\",\"@id\":\"https:\\\/\\\/www.chespa.eu\\\/ro\\\/produse\\\/servicii\\\/innowacje\\\/plant-based-plastic-free\\\/\",\"url\":\"https:\\\/\\\/www.chespa.eu\\\/ro\\\/produse\\\/servicii\\\/innowacje\\\/plant-based-plastic-free\\\/\",\"name\":\"Pe baz\u0103 de plante \u0219i f\u0103r\u0103 plastic - Chespa - printing inks, clichees, cutting dies\",\"isPartOf\":{\"@id\":\"https:\\\/\\\/www.chespa.eu\\\/#website\"},\"primaryImageOfPage\":{\"@id\":\"https:\\\/\\\/www.chespa.eu\\\/ro\\\/produse\\\/servicii\\\/innowacje\\\/plant-based-plastic-free\\\/#primaryimage\"},\"image\":{\"@id\":\"https:\\\/\\\/www.chespa.eu\\\/ro\\\/produse\\\/servicii\\\/innowacje\\\/plant-based-plastic-free\\\/#primaryimage\"},\"thumbnailUrl\":\"https:\\\/\\\/www.chespa.eu\\\/wp-content\\\/uploads\\\/2024\\\/05\\\/chocolate-300x123.png\",\"datePublished\":\"2025-12-01T07:59:48+00:00\",\"dateModified\":\"2026-02-10T11:15:17+00:00\",\"breadcrumb\":{\"@id\":\"https:\\\/\\\/www.chespa.eu\\\/ro\\\/produse\\\/servicii\\\/innowacje\\\/plant-based-plastic-free\\\/#breadcrumb\"},\"inLanguage\":\"ro-RO\",\"potentialAction\":[{\"@type\":\"ReadAction\",\"target\":[\"https:\\\/\\\/www.chespa.eu\\\/ro\\\/produse\\\/servicii\\\/innowacje\\\/plant-based-plastic-free\\\/\"]}]},{\"@type\":\"ImageObject\",\"inLanguage\":\"ro-RO\",\"@id\":\"https:\\\/\\\/www.chespa.eu\\\/ro\\\/produse\\\/servicii\\\/innowacje\\\/plant-based-plastic-free\\\/#primaryimage\",\"url\":\"https:\\\/\\\/www.chespa.eu\\\/wp-content\\\/uploads\\\/2024\\\/05\\\/chocolate-300x123.png\",\"contentUrl\":\"https:\\\/\\\/www.chespa.eu\\\/wp-content\\\/uploads\\\/2024\\\/05\\\/chocolate-300x123.png\"},{\"@type\":\"BreadcrumbList\",\"@id\":\"https:\\\/\\\/www.chespa.eu\\\/ro\\\/produse\\\/servicii\\\/innowacje\\\/plant-based-plastic-free\\\/#breadcrumb\",\"itemListElement\":[{\"@type\":\"ListItem\",\"position\":1,\"name\":\"Strona g\u0142\u00f3wna\",\"item\":\"https:\\\/\\\/www.chespa.eu\\\/\"},{\"@type\":\"ListItem\",\"position\":2,\"name\":\"Produse\",\"item\":\"https:\\\/\\\/www.chespa.eu\\\/produkty\\\/\"},{\"@type\":\"ListItem\",\"position\":3,\"name\":\"Servicii\",\"item\":\"https:\\\/\\\/www.chespa.eu\\\/produkty\\\/uslugi\\\/\"},{\"@type\":\"ListItem\",\"position\":4,\"name\":\"Inova\u021bii\",\"item\":\"https:\\\/\\\/www.chespa.eu\\\/ro\\\/produse\\\/servicii\\\/innowacje\\\/\"},{\"@type\":\"ListItem\",\"position\":5,\"name\":\"Pe baz\u0103 de plante \u0219i f\u0103r\u0103 plastic\"}]},{\"@type\":\"WebSite\",\"@id\":\"https:\\\/\\\/www.chespa.eu\\\/#website\",\"url\":\"https:\\\/\\\/www.chespa.eu\\\/\",\"name\":\"Chespa - printing inks, clichees, cutting dies\",\"description\":\"\",\"potentialAction\":[{\"@type\":\"SearchAction\",\"target\":{\"@type\":\"EntryPoint\",\"urlTemplate\":\"https:\\\/\\\/www.chespa.eu\\\/?s={search_term_string}\"},\"query-input\":{\"@type\":\"PropertyValueSpecification\",\"valueRequired\":true,\"valueName\":\"search_term_string\"}}],\"inLanguage\":\"ro-RO\"}]}<\/script>\n<!-- \/ Yoast SEO plugin. -->","yoast_head_json":{"title":"Pe baz\u0103 de plante \u0219i f\u0103r\u0103 plastic - Chespa - printing inks, clichees, cutting dies","robots":{"index":"index","follow":"follow","max-snippet":"max-snippet:-1","max-image-preview":"max-image-preview:large","max-video-preview":"max-video-preview:-1"},"canonical":"https:\/\/www.chespa.eu\/ro\/produse\/servicii\/innowacje\/plant-based-plastic-free\/","og_locale":"ro_RO","og_type":"article","og_title":"Pe baz\u0103 de plante \u0219i f\u0103r\u0103 plastic - Chespa - printing inks, clichees, cutting dies","og_description":"Ambalajele din celuloz\u0103 sunt fabricate din materii prime compostabile, inclusiv \u021bes\u0103turi \u0219i cerneluri. Folia de celuloz\u0103 metalizat\u0103 cu propriet\u0103\u021bi de barier\u0103 \u00eembun\u0103t\u0103\u021bit\u0103 este imprimat\u0103 cu cerneluri FlexiBio pe baz\u0103 de ap\u0103, certificate pentru compostabilitate. Substratul foliei de celuloz\u0103 este o materie prim\u0103 regenerabil\u0103 cu propriet\u0103\u021bi de termosudare, oferind propriet\u0103\u021bi de barier\u0103 \u00eempotriva umezelii, vaporilor \u0219i [&hellip;]","og_url":"https:\/\/www.chespa.eu\/ro\/produse\/servicii\/innowacje\/plant-based-plastic-free\/","og_site_name":"Chespa - printing inks, clichees, cutting dies","article_modified_time":"2026-02-10T11:15:17+00:00","og_image":[{"width":1417,"height":582,"url":"https:\/\/www.chespa.eu\/wp-content\/uploads\/2024\/05\/chocolate.png","type":"image\/png"}],"twitter_card":"summary_large_image","twitter_misc":{"Est. reading time":"3 minutes"},"schema":{"@context":"https:\/\/schema.org","@graph":[{"@type":"WebPage","@id":"https:\/\/www.chespa.eu\/ro\/produse\/servicii\/innowacje\/plant-based-plastic-free\/","url":"https:\/\/www.chespa.eu\/ro\/produse\/servicii\/innowacje\/plant-based-plastic-free\/","name":"Pe baz\u0103 de plante \u0219i f\u0103r\u0103 plastic - Chespa - printing inks, clichees, cutting dies","isPartOf":{"@id":"https:\/\/www.chespa.eu\/#website"},"primaryImageOfPage":{"@id":"https:\/\/www.chespa.eu\/ro\/produse\/servicii\/innowacje\/plant-based-plastic-free\/#primaryimage"},"image":{"@id":"https:\/\/www.chespa.eu\/ro\/produse\/servicii\/innowacje\/plant-based-plastic-free\/#primaryimage"},"thumbnailUrl":"https:\/\/www.chespa.eu\/wp-content\/uploads\/2024\/05\/chocolate-300x123.png","datePublished":"2025-12-01T07:59:48+00:00","dateModified":"2026-02-10T11:15:17+00:00","breadcrumb":{"@id":"https:\/\/www.chespa.eu\/ro\/produse\/servicii\/innowacje\/plant-based-plastic-free\/#breadcrumb"},"inLanguage":"ro-RO","potentialAction":[{"@type":"ReadAction","target":["https:\/\/www.chespa.eu\/ro\/produse\/servicii\/innowacje\/plant-based-plastic-free\/"]}]},{"@type":"ImageObject","inLanguage":"ro-RO","@id":"https:\/\/www.chespa.eu\/ro\/produse\/servicii\/innowacje\/plant-based-plastic-free\/#primaryimage","url":"https:\/\/www.chespa.eu\/wp-content\/uploads\/2024\/05\/chocolate-300x123.png","contentUrl":"https:\/\/www.chespa.eu\/wp-content\/uploads\/2024\/05\/chocolate-300x123.png"},{"@type":"BreadcrumbList","@id":"https:\/\/www.chespa.eu\/ro\/produse\/servicii\/innowacje\/plant-based-plastic-free\/#breadcrumb","itemListElement":[{"@type":"ListItem","position":1,"name":"Strona g\u0142\u00f3wna","item":"https:\/\/www.chespa.eu\/"},{"@type":"ListItem","position":2,"name":"Produse","item":"https:\/\/www.chespa.eu\/produkty\/"},{"@type":"ListItem","position":3,"name":"Servicii","item":"https:\/\/www.chespa.eu\/produkty\/uslugi\/"},{"@type":"ListItem","position":4,"name":"Inova\u021bii","item":"https:\/\/www.chespa.eu\/ro\/produse\/servicii\/innowacje\/"},{"@type":"ListItem","position":5,"name":"Pe baz\u0103 de plante \u0219i f\u0103r\u0103 plastic"}]},{"@type":"WebSite","@id":"https:\/\/www.chespa.eu\/#website","url":"https:\/\/www.chespa.eu\/","name":"Chespa - printing inks, clichees, cutting dies","description":"","potentialAction":[{"@type":"SearchAction","target":{"@type":"EntryPoint","urlTemplate":"https:\/\/www.chespa.eu\/?s={search_term_string}"},"query-input":{"@type":"PropertyValueSpecification","valueRequired":true,"valueName":"search_term_string"}}],"inLanguage":"ro-RO"}]}},"_links":{"self":[{"href":"https:\/\/www.chespa.eu\/ro\/wp-json\/wp\/v2\/pages\/19296","targetHints":{"allow":["GET"]}}],"collection":[{"href":"https:\/\/www.chespa.eu\/ro\/wp-json\/wp\/v2\/pages"}],"about":[{"href":"https:\/\/www.chespa.eu\/ro\/wp-json\/wp\/v2\/types\/page"}],"author":[{"embeddable":true,"href":"https:\/\/www.chespa.eu\/ro\/wp-json\/wp\/v2\/users\/6"}],"replies":[{"embeddable":true,"href":"https:\/\/www.chespa.eu\/ro\/wp-json\/wp\/v2\/comments?post=19296"}],"version-history":[{"count":4,"href":"https:\/\/www.chespa.eu\/ro\/wp-json\/wp\/v2\/pages\/19296\/revisions"}],"predecessor-version":[{"id":19401,"href":"https:\/\/www.chespa.eu\/ro\/wp-json\/wp\/v2\/pages\/19296\/revisions\/19401"}],"up":[{"embeddable":true,"href":"https:\/\/www.chespa.eu\/ro\/wp-json\/wp\/v2\/pages\/15180"}],"wp:attachment":[{"href":"https:\/\/www.chespa.eu\/ro\/wp-json\/wp\/v2\/media?parent=19296"}],"curies":[{"name":"wp","href":"https:\/\/api.w.org\/{rel}","templated":true}]}}