{"id":18313,"date":"2024-09-26T08:34:17","date_gmt":"2024-09-26T06:34:17","guid":{"rendered":"https:\/\/www.chespa.eu\/formular-de-raportare-a-neregulilor\/"},"modified":"2024-09-26T08:34:17","modified_gmt":"2024-09-26T06:34:17","slug":"formular-de-raportare-a-neregulilor","status":"publish","type":"page","link":"https:\/\/www.chespa.eu\/ro\/formular-de-raportare-a-neregulilor\/","title":{"rendered":"Formular de raportare a neregulilor"},"content":{"rendered":"\n<div class=\"wpcf7 no-js\" id=\"wpcf7-f18312-o1\" lang=\"pl-PL\" dir=\"ltr\" data-wpcf7-id=\"18312\">\n<div class=\"screen-reader-response\"><p role=\"status\" aria-live=\"polite\" aria-atomic=\"true\"><\/p> <ul><\/ul><\/div>\n<form action=\"\/ro\/wp-json\/wp\/v2\/pages\/18313#wpcf7-f18312-o1\" method=\"post\" class=\"wpcf7-form init\" aria-label=\"Contact form\" novalidate=\"novalidate\" data-status=\"init\">\n<fieldset class=\"hidden-fields-container\"><input type=\"hidden\" name=\"_wpcf7\" value=\"18312\" \/><input type=\"hidden\" name=\"_wpcf7_version\" value=\"6.1.5\" \/><input type=\"hidden\" name=\"_wpcf7_locale\" value=\"pl_PL\" \/><input type=\"hidden\" name=\"_wpcf7_unit_tag\" value=\"wpcf7-f18312-o1\" \/><input type=\"hidden\" name=\"_wpcf7_container_post\" value=\"0\" \/><input type=\"hidden\" name=\"_wpcf7_posted_data_hash\" value=\"\" \/><input type=\"hidden\" name=\"_wpcf7_recaptcha_response\" value=\"\" \/>\n<\/fieldset>\n<div class=\"form-group\">\n\t<p><label for=\"opis-zgloszenia\">Descrierea raportului *<\/label><br \/>\n<span class=\"wpcf7-form-control-wrap\" data-name=\"opis-zgloszenia\"><textarea cols=\"40\" rows=\"10\" maxlength=\"2000\" class=\"wpcf7-form-control wpcf7-textarea wpcf7-validates-as-required form-control\" id=\"opis-zgloszenia\" aria-required=\"true\" aria-invalid=\"false\" placeholder=\"Descrierea raportului *\" name=\"opis-zgloszenia\"><\/textarea><\/span>\n\t<\/p>\n<\/div>\n<div class=\"form-group\">\n\t<p><label for=\"osoba-dotyczy\">Persoana la care se refer\u0103 raportul<\/label><br \/>\n<span class=\"wpcf7-form-control-wrap\" data-name=\"osoba-dotyczy\"><input size=\"40\" maxlength=\"400\" class=\"wpcf7-form-control wpcf7-text form-control\" id=\"osoba-dotyczy\" aria-invalid=\"false\" placeholder=\"Persoana la care se refer\u0103 raportul\" value=\"\" type=\"text\" name=\"osoba-dotyczy\" \/><\/span>\n\t<\/p>\n<\/div>\n<div class=\"form-group\">\n\t<p><label for=\"miejscowosc-wypelnienia\">Locul complet\u0103rii<\/label><br \/>\n<span class=\"wpcf7-form-control-wrap\" data-name=\"miejscowosc-wypelnienia\"><input size=\"40\" maxlength=\"400\" class=\"wpcf7-form-control wpcf7-text form-control\" id=\"miejscowosc-wypelnienia\" aria-invalid=\"false\" placeholder=\"Locul complet\u0103rii\" value=\"\" type=\"text\" name=\"miejscowosc-wypelnienia\" \/><\/span>\n\t<\/p>\n<\/div>\n<div class=\"form-group\">\n\t<p><label for=\"data-naruszenia\">Data \u00eenc\u0103lc\u0103rii<\/label><br \/>\n<span class=\"wpcf7-form-control-wrap\" data-name=\"data-naruszenia\"><input size=\"40\" maxlength=\"400\" class=\"wpcf7-form-control wpcf7-text form-control\" id=\"data-naruszenia\" aria-invalid=\"false\" placeholder=\"Data \u00eenc\u0103lc\u0103rii\" value=\"\" type=\"text\" name=\"data-naruszenia\" \/><\/span>\n\t<\/p>\n<\/div>\n<div class=\"form-group\">\n\t<p><label for=\"miejsce-naruszenia\">Locul \u00eenc\u0103lc\u0103rii<\/label><br \/>\n<span class=\"wpcf7-form-control-wrap\" data-name=\"miejsce-naruszenia\"><input size=\"40\" maxlength=\"400\" class=\"wpcf7-form-control wpcf7-text form-control\" id=\"miejsce-naruszenia\" aria-invalid=\"false\" placeholder=\"Locul \u00eenc\u0103lc\u0103rii\" value=\"\" type=\"text\" name=\"miejsce-naruszenia\" \/><\/span>\n\t<\/p>\n<\/div>\n<div class=\"form-group\">\n\t<p><label for=\"swiadkowie-naruszenia\">Martori poten\u021biali ai \u00eenc\u0103lc\u0103rii (nume, pozi\u021bie)<\/label><br \/>\n<span class=\"wpcf7-form-control-wrap\" data-name=\"swiadkowie-naruszenia\"><input size=\"40\" maxlength=\"400\" class=\"wpcf7-form-control wpcf7-text form-control\" id=\"swiadkowie-naruszenia\" aria-invalid=\"false\" placeholder=\"Martori poten\u021biali ai \u00eenc\u0103lc\u0103rii (nume, pozi\u021bie)\" value=\"\" type=\"text\" name=\"swiadkowie-naruszenia\" \/><\/span>\n\t<\/p>\n<\/div>\n<div class=\"form-group\">\n\t<p><label for=\"dowody\">Dovezi poten\u021bial relevante \u00een caz<\/label><br \/>\n<span class=\"wpcf7-form-control-wrap\" data-name=\"dowody\"><textarea cols=\"40\" rows=\"10\" maxlength=\"2000\" class=\"wpcf7-form-control wpcf7-textarea form-control\" id=\"dowody\" aria-invalid=\"false\" placeholder=\"Dovezi poten\u021bial relevante \u00een caz\" name=\"dowody\"><\/textarea><\/span>\n\t<\/p>\n<\/div>\n<div class=\"form-group\">\n\t<p><label for=\"charakter-naruszenia\">Natura \u00eenc\u0103lc\u0103rii<\/label><br \/>\n<span class=\"wpcf7-form-control-wrap\" data-name=\"charakter-naruszenia\"><textarea cols=\"40\" rows=\"10\" maxlength=\"2000\" class=\"wpcf7-form-control wpcf7-textarea form-control\" id=\"charakter-naruszenia\" aria-invalid=\"false\" placeholder=\"Natura \u00eenc\u0103lc\u0103rii\" name=\"charakter-naruszenia\"><\/textarea><\/span>\n\t<\/p>\n<\/div>\n<div class=\"form-group\">\n\t<p>Operatorul de date este compania care prime\u0219te\/trateaz\u0103 rapoartele avertizorilor de integritate, adic\u0103 companiile cu privire la aspectele care le privesc:\n\t<\/p>\n\t<ul>\n\t\t<li>\n\t\t\t<p>1. Chespa Sp. z o.o. pentru aspectele ce privesc Chespa Sp. z o.o.\n\t\t\t<\/p>\n\t\t<\/li>\n\t\t<li>\n\t\t\t<p>2. Chespa Wykrojniki Sp. z o.o. pentru aspectele ce privesc Chespa Wykrojniki Sp. z o.o.\n\t\t\t<\/p>\n\t\t<\/li>\n\t\t<li>\n\t\t\t<p>3. Chespa Klisze Sp. z o.o. pentru aspectele ce privesc Chespa Klisze Sp. z o.o.\n\t\t\t<\/p>\n\t\t<\/li>\n\t\t<li>\n\t\t\t<p>4. Chespa Farby Graficzne Sp. z o.o. pentru aspectele ce privesc Chespa Farby Graficzne Sp. z o.o.\n\t\t\t<\/p>\n\t\t<\/li>\n\t<\/ul>\n\t<p>Contact: rodo@chespa.eu\n\t<\/p>\n\t<p>Datele vor fi prelucrate exclusiv \u00een scopul \u0219i pentru perioada necesar\u0103 pentru \u00eendeplinirea obliga\u021biilor legate de primirea \u0219i gestionarea rapoartelor avertizorilor de integritate, inclusiv termenul de prescrip\u021bie legat de legisla\u021bia na\u021bional\u0103 relevant\u0103, respectiv Legea din 14 iunie 2024 privind protec\u021bia avertizorilor de integritate.<br \/>\nFurnizarea de date de c\u0103tre avertizor nu este obligatorie \u2013 raportul poate fi depus anonim.\n\t<\/p>\n\t<p>Destinatari \u2013 entit\u0103\u021bi care prelucreaz\u0103 date \u00een numele companiei: entit\u0103\u021bi care furnizeaz\u0103 servicii de suport \u00een ceea ce prive\u0219te primirea sau gestionarea rapoartelor (conform articolului 28 din Legea privind protec\u021bia avertizorilor de integritate). Datele pot fi, de asemenea, partajate cu operatori independen\u021bi de date, adic\u0103 autorit\u0103\u021bi publice \u00een cazurile prev\u0103zute de lege.\n\t<\/p>\n\t<p>Persoana ale c\u0103rei date sunt prelucrate are dreptul de a accesa datele personale, de a le rectifica, \u0219terge sau restric\u021biona prelucrarea, dreptul de a se opune prelucr\u0103rii \u0219i dreptul de a depune o pl\u00e2ngere la Pre\u0219edintele Oficiului pentru Protec\u021bia Datelor cu Caracter Personal.\n\t<\/p>\n<\/div>\n<div class=\"form-group\">\n\t<p><input class=\"wpcf7-form-control wpcf7-submit has-spinner btn btn-primary\" type=\"submit\" value=\"Trimite\" \/>\n\t<\/p>\n<\/div><div class=\"wpcf7-response-output\" aria-hidden=\"true\"><\/div>\n<\/form>\n<\/div>\n\n","protected":false},"excerpt":{"rendered":"","protected":false},"author":6,"featured_media":0,"parent":0,"menu_order":0,"comment_status":"closed","ping_status":"closed","template":"","meta":{"_acf_changed":false,"footnotes":""},"class_list":["post-18313","page","type-page","status-publish","hentry"],"acf":[],"yoast_head":"<!-- This site is optimized with the Yoast SEO plugin v27.3 - https:\/\/yoast.com\/product\/yoast-seo-wordpress\/ -->\n<title>Formular de raportare a neregulilor - Chespa - printing inks, clichees, cutting dies<\/title>\n<meta name=\"robots\" content=\"index, follow, max-snippet:-1, max-image-preview:large, max-video-preview:-1\" \/>\n<link rel=\"canonical\" href=\"https:\/\/www.chespa.eu\/formular-de-raportare-a-neregulilor\/\" \/>\n<meta property=\"og:locale\" content=\"ro_RO\" \/>\n<meta property=\"og:type\" content=\"article\" \/>\n<meta property=\"og:title\" content=\"Formular de raportare a neregulilor - Chespa - printing inks, clichees, cutting dies\" \/>\n<meta property=\"og:url\" content=\"https:\/\/www.chespa.eu\/formular-de-raportare-a-neregulilor\/\" \/>\n<meta property=\"og:site_name\" content=\"Chespa - printing inks, clichees, cutting dies\" \/>\n<meta name=\"twitter:card\" content=\"summary_large_image\" \/>\n<script type=\"application\/ld+json\" class=\"yoast-schema-graph\">{\"@context\":\"https:\\\/\\\/schema.org\",\"@graph\":[{\"@type\":\"WebPage\",\"@id\":\"https:\\\/\\\/www.chespa.eu\\\/formular-de-raportare-a-neregulilor\\\/\",\"url\":\"https:\\\/\\\/www.chespa.eu\\\/formular-de-raportare-a-neregulilor\\\/\",\"name\":\"Formular de raportare a neregulilor - Chespa - printing inks, clichees, cutting dies\",\"isPartOf\":{\"@id\":\"https:\\\/\\\/www.chespa.eu\\\/#website\"},\"datePublished\":\"2024-09-26T06:34:17+00:00\",\"breadcrumb\":{\"@id\":\"https:\\\/\\\/www.chespa.eu\\\/formular-de-raportare-a-neregulilor\\\/#breadcrumb\"},\"inLanguage\":\"ro-RO\",\"potentialAction\":[{\"@type\":\"ReadAction\",\"target\":[\"https:\\\/\\\/www.chespa.eu\\\/formular-de-raportare-a-neregulilor\\\/\"]}]},{\"@type\":\"BreadcrumbList\",\"@id\":\"https:\\\/\\\/www.chespa.eu\\\/formular-de-raportare-a-neregulilor\\\/#breadcrumb\",\"itemListElement\":[{\"@type\":\"ListItem\",\"position\":1,\"name\":\"Strona g\u0142\u00f3wna\",\"item\":\"https:\\\/\\\/www.chespa.eu\\\/\"},{\"@type\":\"ListItem\",\"position\":2,\"name\":\"Formular de raportare a neregulilor\"}]},{\"@type\":\"WebSite\",\"@id\":\"https:\\\/\\\/www.chespa.eu\\\/#website\",\"url\":\"https:\\\/\\\/www.chespa.eu\\\/\",\"name\":\"Chespa - printing inks, clichees, cutting dies\",\"description\":\"\",\"potentialAction\":[{\"@type\":\"SearchAction\",\"target\":{\"@type\":\"EntryPoint\",\"urlTemplate\":\"https:\\\/\\\/www.chespa.eu\\\/?s={search_term_string}\"},\"query-input\":{\"@type\":\"PropertyValueSpecification\",\"valueRequired\":true,\"valueName\":\"search_term_string\"}}],\"inLanguage\":\"ro-RO\"}]}<\/script>\n<!-- \/ Yoast SEO plugin. -->","yoast_head_json":{"title":"Formular de raportare a neregulilor - Chespa - printing inks, clichees, cutting dies","robots":{"index":"index","follow":"follow","max-snippet":"max-snippet:-1","max-image-preview":"max-image-preview:large","max-video-preview":"max-video-preview:-1"},"canonical":"https:\/\/www.chespa.eu\/formular-de-raportare-a-neregulilor\/","og_locale":"ro_RO","og_type":"article","og_title":"Formular de raportare a neregulilor - Chespa - printing inks, clichees, cutting dies","og_url":"https:\/\/www.chespa.eu\/formular-de-raportare-a-neregulilor\/","og_site_name":"Chespa - printing inks, clichees, cutting dies","twitter_card":"summary_large_image","schema":{"@context":"https:\/\/schema.org","@graph":[{"@type":"WebPage","@id":"https:\/\/www.chespa.eu\/formular-de-raportare-a-neregulilor\/","url":"https:\/\/www.chespa.eu\/formular-de-raportare-a-neregulilor\/","name":"Formular de raportare a neregulilor - Chespa - printing inks, clichees, cutting dies","isPartOf":{"@id":"https:\/\/www.chespa.eu\/#website"},"datePublished":"2024-09-26T06:34:17+00:00","breadcrumb":{"@id":"https:\/\/www.chespa.eu\/formular-de-raportare-a-neregulilor\/#breadcrumb"},"inLanguage":"ro-RO","potentialAction":[{"@type":"ReadAction","target":["https:\/\/www.chespa.eu\/formular-de-raportare-a-neregulilor\/"]}]},{"@type":"BreadcrumbList","@id":"https:\/\/www.chespa.eu\/formular-de-raportare-a-neregulilor\/#breadcrumb","itemListElement":[{"@type":"ListItem","position":1,"name":"Strona g\u0142\u00f3wna","item":"https:\/\/www.chespa.eu\/"},{"@type":"ListItem","position":2,"name":"Formular de raportare a neregulilor"}]},{"@type":"WebSite","@id":"https:\/\/www.chespa.eu\/#website","url":"https:\/\/www.chespa.eu\/","name":"Chespa - printing inks, clichees, cutting dies","description":"","potentialAction":[{"@type":"SearchAction","target":{"@type":"EntryPoint","urlTemplate":"https:\/\/www.chespa.eu\/?s={search_term_string}"},"query-input":{"@type":"PropertyValueSpecification","valueRequired":true,"valueName":"search_term_string"}}],"inLanguage":"ro-RO"}]}},"_links":{"self":[{"href":"https:\/\/www.chespa.eu\/ro\/wp-json\/wp\/v2\/pages\/18313","targetHints":{"allow":["GET"]}}],"collection":[{"href":"https:\/\/www.chespa.eu\/ro\/wp-json\/wp\/v2\/pages"}],"about":[{"href":"https:\/\/www.chespa.eu\/ro\/wp-json\/wp\/v2\/types\/page"}],"author":[{"embeddable":true,"href":"https:\/\/www.chespa.eu\/ro\/wp-json\/wp\/v2\/users\/6"}],"replies":[{"embeddable":true,"href":"https:\/\/www.chespa.eu\/ro\/wp-json\/wp\/v2\/comments?post=18313"}],"version-history":[{"count":0,"href":"https:\/\/www.chespa.eu\/ro\/wp-json\/wp\/v2\/pages\/18313\/revisions"}],"wp:attachment":[{"href":"https:\/\/www.chespa.eu\/ro\/wp-json\/wp\/v2\/media?parent=18313"}],"curies":[{"name":"wp","href":"https:\/\/api.w.org\/{rel}","templated":true}]}}