{"id":17859,"date":"2024-03-26T10:54:26","date_gmt":"2024-03-26T09:54:26","guid":{"rendered":"https:\/\/www.chespa.eu\/peanuts\/"},"modified":"2026-02-09T14:12:29","modified_gmt":"2026-02-09T13:12:29","slug":"peanuts","status":"publish","type":"page","link":"https:\/\/www.chespa.eu\/ro\/produse\/servicii\/innowacje\/peanuts\/","title":{"rendered":"ARAHIDE"},"content":{"rendered":"<p><a href=\"https:\/\/www.chespa.eu\/wp-content\/uploads\/2024\/05\/peanuts_beige.png\" rel=\"lightbox[17859]\"><img loading=\"lazy\" decoding=\"async\" class=\"alignnone wp-image-17848\" src=\"https:\/\/www.chespa.eu\/wp-content\/uploads\/2024\/05\/peanuts_beige-264x300.png\" alt=\"\" width=\"250\" height=\"284\" srcset=\"https:\/\/www.chespa.eu\/wp-content\/uploads\/2024\/05\/peanuts_beige-264x300.png 264w, https:\/\/www.chespa.eu\/wp-content\/uploads\/2024\/05\/peanuts_beige-768x873.png 768w, https:\/\/www.chespa.eu\/wp-content\/uploads\/2024\/05\/peanuts_beige.png 860w\" sizes=\"auto, (max-width: 250px) 100vw, 250px\" \/><\/a><\/p>\n<p>&nbsp;<\/p>\n<p><em>Un ambalaj din h\u00e2rtie pentru arahide complet reciclabil, realizat cu grija pentru mediu \u0219i cu o amprent\u0103 de carbon redus\u0103.<\/em><\/p>\n<p><em>Substratul de h\u00e2rtie este protejat \u00een interiorul ambalajului cu acoperiri de barier\u0103 (\u00eempotriva apei, gr\u0103simii, vaporilor de ap\u0103, oxigenului \u0219i cu propriet\u0103\u021bi de sigilare termic\u0103) pentru a asigura o etan\u0219are bun\u0103 \u0219i o protec\u021bie complet\u0103 a produsului.<\/em><\/p>\n<p><em>Imprimarea a fost realizat\u0103 folosind cerneluri FlexiEco &#8211; o serie de cerneluri pe baz\u0103 de ap\u0103 produse din materii prime regenerabile.<\/em><\/p>\n<p><em>Pl\u0103cile de imprimare utilizate pentru imprimarea pe celuloz\u0103 sunt certificate Carbon Neutral \u0219i au fost fabricate de Asahi Kasei folosind tehnologia de lavare cu ap\u0103 AWP\u2122-DEW, care are un impact mult mai mic asupra mediului.<\/em><\/p>\n<p><em>Temperatura de sigilare a ambalajului (aproximativ 150 de grade Celsius) a permis o etan\u0219are bun\u0103 \u0219i o protec\u021bie complet\u0103 a produsului.<\/em><\/p>\n<p>&nbsp;<\/p>\n<p><a href=\"https:\/\/www.chespa.eu\/wp-content\/uploads\/2024\/05\/peanuts.png\" rel=\"lightbox[17859]\"><img loading=\"lazy\" decoding=\"async\" class=\"alignnone size-medium wp-image-17814\" src=\"https:\/\/www.chespa.eu\/wp-content\/uploads\/2024\/05\/peanuts-120x300.png\" alt=\"\" width=\"120\" height=\"300\" srcset=\"https:\/\/www.chespa.eu\/wp-content\/uploads\/2024\/05\/peanuts-120x300.png 120w, https:\/\/www.chespa.eu\/wp-content\/uploads\/2024\/05\/peanuts-410x1024.png 410w, https:\/\/www.chespa.eu\/wp-content\/uploads\/2024\/05\/peanuts.png 567w\" sizes=\"auto, (max-width: 120px) 100vw, 120px\" \/><\/a><\/p>\n<p><em>Ambalajele din h\u00e2rtie au avantajul ecologic de a reduce amprenta de carbon a procesului de imprimare \u00een compara\u021bie cu ambalajele produse conven\u021bional, care utilizeaz\u0103 substraturi tradi\u021bionale din folie\/plastic, cerneluri pe baz\u0103 de alcool \u0219i pl\u0103ci fotopolimerice lavabile cu solvent. Utilizarea cernelurilor noastre certificate neutru din punct de vedere al emisiilor de carbon \u0219i a pl\u0103cilor fotopolimerice \u00een produc\u021bie ne-a permis s\u0103 reducem amprenta de carbon a ambalajelor noastre cu 41% \u00een compara\u021bie cu ambalajele conven\u021bionale.\u00a0<\/em><\/p>\n<p>&nbsp;<\/p>\n<p>&nbsp;<\/p>\n<p><a href=\"https:\/\/www.chespa.eu\/wp-content\/uploads\/2024\/05\/peanuts_6w.jpg\" rel=\"lightbox[17859]\"><img loading=\"lazy\" decoding=\"async\" class=\"alignnone size-medium wp-image-17790\" src=\"https:\/\/www.chespa.eu\/wp-content\/uploads\/2024\/05\/peanuts_6w-300x243.jpg\" alt=\"\" width=\"300\" height=\"243\" srcset=\"https:\/\/www.chespa.eu\/wp-content\/uploads\/2024\/05\/peanuts_6w-300x243.jpg 300w, https:\/\/www.chespa.eu\/wp-content\/uploads\/2024\/05\/peanuts_6w-1024x830.jpg 1024w, https:\/\/www.chespa.eu\/wp-content\/uploads\/2024\/05\/peanuts_6w-768x622.jpg 768w, https:\/\/www.chespa.eu\/wp-content\/uploads\/2024\/05\/peanuts_6w.jpg 1177w\" sizes=\"auto, (max-width: 300px) 100vw, 300px\" \/><\/a><\/p>\n<p><em>Diagrama ambal\u0103rii (\u00eencep\u00e2nd cu stratul exterior):<\/em><\/p>\n<ol>\n<li><em> FlexiLack FX Barrier WOG 08 \u2013 strat de barier\u0103 \u00eempotriva apei, gr\u0103simii \u0219i vaporilor de ap\u0103<\/em><\/li>\n<li><em> FlexiEco \u2013 vopsele pe baz\u0103 de ap\u0103 produse din materii prime regenerabile<\/em><\/li>\n<li><em> Substrat de h\u00e2rtie (alb)<\/em><\/li>\n<li><em> FlexiLack FX Barrier WO 03 FC \u2013 strat de barier\u0103 \u00eempotriva apei \u0219i gr\u0103similor<\/em><\/li>\n<li><em> FlexiLack FX Barrier GA 08 FC \u2013 strat de barier\u0103 \u00eempotriva oxigenului<\/em><\/li>\n<li><em> FlexiLack FX Barrier WO 07 FC \u2013 strat de barier\u0103 \u00eempotriva apei \u0219i gr\u0103similor, cu propriet\u0103\u021bi de termosudare<\/em><\/li>\n<\/ol>\n<p><em>\u00a0<\/em><\/p>\n<p><em>Avantajele ambal\u0103rii:<\/em><\/p>\n<ul>\n<li style=\"list-style-type: none;\">\n<ul>\n<li><em> Nu este nevoie s\u0103 lamina\u021bi h\u00e2rtia cu folie de polietilen\u0103 \/ nu este nevoie s\u0103 lamina\u021bi h\u00e2rtia cu folie de PE<\/em><\/li>\n<li><em> Reciclabilitate sporit\u0103 a ambalajelor<\/em><\/li>\n<li><em> Impact redus asupra mediului<\/em><\/li>\n<li><em> Sisteme pe baz\u0103 de ap\u0103<\/em><\/li>\n<li><em> Gam\u0103 larg\u0103 de func\u021bionalit\u0103\u021bi ale sistemului de barier\u0103 \u2013 barier\u0103 \u00eempotriva apei, gr\u0103simii, oxigenului \u0219i vaporilor de<\/em><em>\u00a0Combina\u021bie de propriet\u0103\u021bi de barier\u0103 \u0219i termosudare ale stratului interior<\/em><\/li>\n<\/ul>\n<\/li>\n<\/ul>\n<p><em>Ambalajele sunt \u00een prezent subiectul unei intense dezbateri publice datorit\u0103 ponderii tot mai mari a ambalajelor \u00een fluxul de de\u0219euri municipale. Cantitatea constant\u0103 de de\u0219euri provenite din diverse materiale de ambalare, cum ar fi materialele plastice, h\u00e2rtia, sticla etc., prezint\u0103 numeroase provoc\u0103ri de mediu. Durata de via\u021b\u0103 a ambalajelor devine din ce \u00een ce mai scurt\u0103 datorit\u0103 dinamicii rota\u021biei designului grafic \u0219i a scurt\u0103rii seriilor de design al ambalajelor. Prin urmare, dup\u0103 utilizare, ambalajul devine de\u0219eu, ajung\u00e2nd \u00eentr-o instala\u021bie de reciclare a de\u0219eurilor sau la o groap\u0103 de gunoi.<\/em><\/p>\n<p><em>Scopul cre\u0103rii unui ambalaj complet pe baz\u0103 de h\u00e2rtie pentru arahide a fost de a oferi pie\u021bei ambalaje care pot fi reciclate sau eliminate rapid \u0219i u\u0219or prin procese de compostare a de\u0219eurilor, devenind un rezervor de nutrien\u021bi \u0219i materie organic\u0103 \u00een sol.<\/em><\/p>\n<p><em>Datorit\u0103 componentelor utilizate; prin utilizarea h\u00e2rtiei neacoperite, a straturilor de acoperire \u0219i a cernelurilor fabricate din materii prime regenerabile \u0219i prin imprimarea cu pl\u0103ci fotopolimerice certificate Carbon Neutral, am ob\u021binut un succes incontestabil prin reducerea amprentei de carbon a ambalajului cu 41% \u00een compara\u021bie cu ambalajele fabricate din materii prime tradi\u021bionale. \u00cen plus, pe baza experien\u021bei \u0219i cuno\u0219tin\u021belor noastre, am decis s\u0103 calcul\u0103m impactul ambalajelor nu doar asupra atmosferei, ci \u0219i asupra pedosferei, hidrosferei \u0219i biosferei. Datele empirice confirm\u0103 c\u0103, \u00een compara\u021bie cu ambalajele preparate conven\u021bional, ambalajele din h\u00e2rtie pentru arahide au un indice de toxicitate pentru oameni cu 55% mai mic, o reducere cu aproape 35% a impactului toxicit\u0103\u021bii asupra mediului marin \u0219i o reducere cu 49% a ecotoxicit\u0103\u021bii apei dulci. Reducerea ecotoxicit\u0103\u021bii este, de asemenea, spectaculoas\u0103, ajung\u00e2nd la aproape 73%. Ambalajele din h\u00e2rtie sunt printre cele mai ecologice; biodegradabilitatea lor este ridicat\u0103, iar descompunerea biologic\u0103 a h\u00e2rtiei (celulozei), printre alte materiale, reface mediul natural cu nutrien\u021bi. \u00cen plus, ambalajele din h\u00e2rtie reprezint\u0103 un r\u0103spuns la poluarea tot mai mare a apelor interioare, a apei de mare \u0219i a oceanelor cu materiale plastice \u0219i microplastice. Procesul de dizolvare a ambalajelor din h\u00e2rtie \u00een mediul acvatic este semnificativ mai rapid dec\u00e2t cel al materialelor plastice, a\u0219a c\u0103, chiar dac\u0103 ambalajele din h\u00e2rtie ajung \u00een ap\u0103, se vor dizolva rapid \u0219i u\u0219or. Chespa promoveaz\u0103 ambalajele ecologice ca solu\u021bie la fluxul de de\u0219euri \u00een continu\u0103 cre\u0219tere, \u00een special cele provenite din materiale plastice.<\/em><\/p>\n<p><em>\u00a0<\/em><\/p>\n<h6><em>\u00b9 F. Domka, B. Kwiatkowska Biodeteriorarea materialelor de ambalare<\/em><\/h6>\n<h6><em>\u00b2 Czaja N., Domka F., Biodegradarea foliilor pe baz\u0103 de PVA folosind bacterii denitrificatoare mezofile, \u201eEcologie \u0219i tehnologie\u201d 2006, nr. XIV(1), pp. 3\u20139.<\/em><\/h6>\n<p><a href=\"https:\/\/www.chespa.eu\/wp-content\/uploads\/2024\/05\/peanuts-Paper-bag.jpg\" rel=\"lightbox[17859]\"><img loading=\"lazy\" decoding=\"async\" class=\"alignnone size-medium wp-image-18008\" src=\"https:\/\/www.chespa.eu\/wp-content\/uploads\/2024\/05\/peanuts-Paper-bag-300x169.jpg\" alt=\"\" width=\"300\" height=\"169\" srcset=\"https:\/\/www.chespa.eu\/wp-content\/uploads\/2024\/05\/peanuts-Paper-bag-300x169.jpg 300w, https:\/\/www.chespa.eu\/wp-content\/uploads\/2024\/05\/peanuts-Paper-bag-1024x576.jpg 1024w, https:\/\/www.chespa.eu\/wp-content\/uploads\/2024\/05\/peanuts-Paper-bag-768x432.jpg 768w, https:\/\/www.chespa.eu\/wp-content\/uploads\/2024\/05\/peanuts-Paper-bag.jpg 1280w\" sizes=\"auto, (max-width: 300px) 100vw, 300px\" \/><\/a>\u00a0 <a href=\"https:\/\/www.chespa.eu\/wp-content\/uploads\/2024\/05\/peanuts-Barrier-coating.jpg\" rel=\"lightbox[17859]\"><img loading=\"lazy\" decoding=\"async\" class=\"alignnone size-medium wp-image-18002\" src=\"https:\/\/www.chespa.eu\/wp-content\/uploads\/2024\/05\/peanuts-Barrier-coating-300x169.jpg\" alt=\"\" width=\"300\" height=\"169\" srcset=\"https:\/\/www.chespa.eu\/wp-content\/uploads\/2024\/05\/peanuts-Barrier-coating-300x169.jpg 300w, https:\/\/www.chespa.eu\/wp-content\/uploads\/2024\/05\/peanuts-Barrier-coating-1024x576.jpg 1024w, https:\/\/www.chespa.eu\/wp-content\/uploads\/2024\/05\/peanuts-Barrier-coating-768x432.jpg 768w, https:\/\/www.chespa.eu\/wp-content\/uploads\/2024\/05\/peanuts-Barrier-coating.jpg 1280w\" sizes=\"auto, (max-width: 300px) 100vw, 300px\" \/><\/a><\/p>\n","protected":false},"excerpt":{"rendered":"<p>&nbsp; Un ambalaj din h\u00e2rtie pentru arahide complet reciclabil, realizat cu grija pentru mediu \u0219i cu o amprent\u0103 de carbon redus\u0103. Substratul de h\u00e2rtie este protejat \u00een interiorul ambalajului cu acoperiri de barier\u0103 (\u00eempotriva apei, gr\u0103simii, vaporilor de ap\u0103, oxigenului \u0219i cu propriet\u0103\u021bi de sigilare termic\u0103) pentru a asigura o etan\u0219are bun\u0103 \u0219i o protec\u021bie [&hellip;]<\/p>\n","protected":false},"author":2,"featured_media":15996,"parent":15180,"menu_order":0,"comment_status":"closed","ping_status":"closed","template":"","meta":{"_acf_changed":false,"footnotes":""},"class_list":["post-17859","page","type-page","status-publish","has-post-thumbnail","hentry"],"acf":[],"yoast_head":"<!-- This site is optimized with the Yoast SEO plugin v27.4 - https:\/\/yoast.com\/product\/yoast-seo-wordpress\/ -->\n<title>ARAHIDE - Chespa - printing inks, clichees, cutting dies<\/title>\n<meta name=\"robots\" content=\"index, follow, max-snippet:-1, max-image-preview:large, max-video-preview:-1\" \/>\n<link rel=\"canonical\" href=\"https:\/\/www.chespa.eu\/ro\/produse\/servicii\/innowacje\/peanuts\/\" \/>\n<meta property=\"og:locale\" content=\"ro_RO\" \/>\n<meta property=\"og:type\" content=\"article\" \/>\n<meta property=\"og:title\" content=\"ARAHIDE - Chespa - printing inks, clichees, cutting dies\" \/>\n<meta property=\"og:description\" content=\"&nbsp; Un ambalaj din h\u00e2rtie pentru arahide complet reciclabil, realizat cu grija pentru mediu \u0219i cu o amprent\u0103 de carbon redus\u0103. Substratul de h\u00e2rtie este protejat \u00een interiorul ambalajului cu acoperiri de barier\u0103 (\u00eempotriva apei, gr\u0103simii, vaporilor de ap\u0103, oxigenului \u0219i cu propriet\u0103\u021bi de sigilare termic\u0103) pentru a asigura o etan\u0219are bun\u0103 \u0219i o protec\u021bie [&hellip;]\" \/>\n<meta property=\"og:url\" content=\"https:\/\/www.chespa.eu\/ro\/produse\/servicii\/innowacje\/peanuts\/\" \/>\n<meta property=\"og:site_name\" content=\"Chespa - printing inks, clichees, cutting dies\" \/>\n<meta property=\"article:modified_time\" content=\"2026-02-09T13:12:29+00:00\" \/>\n<meta property=\"og:image\" content=\"https:\/\/www.chespa.eu\/wp-content\/uploads\/2022\/04\/nature-and-technology-.jpg\" \/>\n\t<meta property=\"og:image:width\" content=\"1920\" \/>\n\t<meta property=\"og:image:height\" content=\"295\" \/>\n\t<meta property=\"og:image:type\" content=\"image\/jpeg\" \/>\n<meta name=\"twitter:card\" content=\"summary_large_image\" \/>\n<meta name=\"twitter:label1\" content=\"Est. reading time\" \/>\n\t<meta name=\"twitter:data1\" content=\"6 minutes\" \/>\n<script type=\"application\/ld+json\" class=\"yoast-schema-graph\">{\"@context\":\"https:\\\/\\\/schema.org\",\"@graph\":[{\"@type\":\"WebPage\",\"@id\":\"https:\\\/\\\/www.chespa.eu\\\/ro\\\/produse\\\/servicii\\\/innowacje\\\/peanuts\\\/\",\"url\":\"https:\\\/\\\/www.chespa.eu\\\/ro\\\/produse\\\/servicii\\\/innowacje\\\/peanuts\\\/\",\"name\":\"ARAHIDE - Chespa - printing inks, clichees, cutting dies\",\"isPartOf\":{\"@id\":\"https:\\\/\\\/www.chespa.eu\\\/#website\"},\"primaryImageOfPage\":{\"@id\":\"https:\\\/\\\/www.chespa.eu\\\/ro\\\/produse\\\/servicii\\\/innowacje\\\/peanuts\\\/#primaryimage\"},\"image\":{\"@id\":\"https:\\\/\\\/www.chespa.eu\\\/ro\\\/produse\\\/servicii\\\/innowacje\\\/peanuts\\\/#primaryimage\"},\"thumbnailUrl\":\"https:\\\/\\\/www.chespa.eu\\\/wp-content\\\/uploads\\\/2022\\\/04\\\/nature-and-technology-.jpg\",\"datePublished\":\"2024-03-26T09:54:26+00:00\",\"dateModified\":\"2026-02-09T13:12:29+00:00\",\"breadcrumb\":{\"@id\":\"https:\\\/\\\/www.chespa.eu\\\/ro\\\/produse\\\/servicii\\\/innowacje\\\/peanuts\\\/#breadcrumb\"},\"inLanguage\":\"ro-RO\",\"potentialAction\":[{\"@type\":\"ReadAction\",\"target\":[\"https:\\\/\\\/www.chespa.eu\\\/ro\\\/produse\\\/servicii\\\/innowacje\\\/peanuts\\\/\"]}]},{\"@type\":\"ImageObject\",\"inLanguage\":\"ro-RO\",\"@id\":\"https:\\\/\\\/www.chespa.eu\\\/ro\\\/produse\\\/servicii\\\/innowacje\\\/peanuts\\\/#primaryimage\",\"url\":\"https:\\\/\\\/www.chespa.eu\\\/wp-content\\\/uploads\\\/2022\\\/04\\\/nature-and-technology-.jpg\",\"contentUrl\":\"https:\\\/\\\/www.chespa.eu\\\/wp-content\\\/uploads\\\/2022\\\/04\\\/nature-and-technology-.jpg\",\"width\":1920,\"height\":295},{\"@type\":\"BreadcrumbList\",\"@id\":\"https:\\\/\\\/www.chespa.eu\\\/ro\\\/produse\\\/servicii\\\/innowacje\\\/peanuts\\\/#breadcrumb\",\"itemListElement\":[{\"@type\":\"ListItem\",\"position\":1,\"name\":\"Strona g\u0142\u00f3wna\",\"item\":\"https:\\\/\\\/www.chespa.eu\\\/\"},{\"@type\":\"ListItem\",\"position\":2,\"name\":\"Produse\",\"item\":\"https:\\\/\\\/www.chespa.eu\\\/produkty\\\/\"},{\"@type\":\"ListItem\",\"position\":3,\"name\":\"Servicii\",\"item\":\"https:\\\/\\\/www.chespa.eu\\\/produkty\\\/uslugi\\\/\"},{\"@type\":\"ListItem\",\"position\":4,\"name\":\"Inova\u021bii\",\"item\":\"https:\\\/\\\/www.chespa.eu\\\/ro\\\/produse\\\/servicii\\\/innowacje\\\/\"},{\"@type\":\"ListItem\",\"position\":5,\"name\":\"ARAHIDE\"}]},{\"@type\":\"WebSite\",\"@id\":\"https:\\\/\\\/www.chespa.eu\\\/#website\",\"url\":\"https:\\\/\\\/www.chespa.eu\\\/\",\"name\":\"Chespa - printing inks, clichees, cutting dies\",\"description\":\"\",\"potentialAction\":[{\"@type\":\"SearchAction\",\"target\":{\"@type\":\"EntryPoint\",\"urlTemplate\":\"https:\\\/\\\/www.chespa.eu\\\/?s={search_term_string}\"},\"query-input\":{\"@type\":\"PropertyValueSpecification\",\"valueRequired\":true,\"valueName\":\"search_term_string\"}}],\"inLanguage\":\"ro-RO\"}]}<\/script>\n<!-- \/ Yoast SEO plugin. -->","yoast_head_json":{"title":"ARAHIDE - Chespa - printing inks, clichees, cutting dies","robots":{"index":"index","follow":"follow","max-snippet":"max-snippet:-1","max-image-preview":"max-image-preview:large","max-video-preview":"max-video-preview:-1"},"canonical":"https:\/\/www.chespa.eu\/ro\/produse\/servicii\/innowacje\/peanuts\/","og_locale":"ro_RO","og_type":"article","og_title":"ARAHIDE - Chespa - printing inks, clichees, cutting dies","og_description":"&nbsp; Un ambalaj din h\u00e2rtie pentru arahide complet reciclabil, realizat cu grija pentru mediu \u0219i cu o amprent\u0103 de carbon redus\u0103. Substratul de h\u00e2rtie este protejat \u00een interiorul ambalajului cu acoperiri de barier\u0103 (\u00eempotriva apei, gr\u0103simii, vaporilor de ap\u0103, oxigenului \u0219i cu propriet\u0103\u021bi de sigilare termic\u0103) pentru a asigura o etan\u0219are bun\u0103 \u0219i o protec\u021bie [&hellip;]","og_url":"https:\/\/www.chespa.eu\/ro\/produse\/servicii\/innowacje\/peanuts\/","og_site_name":"Chespa - printing inks, clichees, cutting dies","article_modified_time":"2026-02-09T13:12:29+00:00","og_image":[{"width":1920,"height":295,"url":"https:\/\/www.chespa.eu\/wp-content\/uploads\/2022\/04\/nature-and-technology-.jpg","type":"image\/jpeg"}],"twitter_card":"summary_large_image","twitter_misc":{"Est. reading time":"6 minutes"},"schema":{"@context":"https:\/\/schema.org","@graph":[{"@type":"WebPage","@id":"https:\/\/www.chespa.eu\/ro\/produse\/servicii\/innowacje\/peanuts\/","url":"https:\/\/www.chespa.eu\/ro\/produse\/servicii\/innowacje\/peanuts\/","name":"ARAHIDE - Chespa - printing inks, clichees, cutting dies","isPartOf":{"@id":"https:\/\/www.chespa.eu\/#website"},"primaryImageOfPage":{"@id":"https:\/\/www.chespa.eu\/ro\/produse\/servicii\/innowacje\/peanuts\/#primaryimage"},"image":{"@id":"https:\/\/www.chespa.eu\/ro\/produse\/servicii\/innowacje\/peanuts\/#primaryimage"},"thumbnailUrl":"https:\/\/www.chespa.eu\/wp-content\/uploads\/2022\/04\/nature-and-technology-.jpg","datePublished":"2024-03-26T09:54:26+00:00","dateModified":"2026-02-09T13:12:29+00:00","breadcrumb":{"@id":"https:\/\/www.chespa.eu\/ro\/produse\/servicii\/innowacje\/peanuts\/#breadcrumb"},"inLanguage":"ro-RO","potentialAction":[{"@type":"ReadAction","target":["https:\/\/www.chespa.eu\/ro\/produse\/servicii\/innowacje\/peanuts\/"]}]},{"@type":"ImageObject","inLanguage":"ro-RO","@id":"https:\/\/www.chespa.eu\/ro\/produse\/servicii\/innowacje\/peanuts\/#primaryimage","url":"https:\/\/www.chespa.eu\/wp-content\/uploads\/2022\/04\/nature-and-technology-.jpg","contentUrl":"https:\/\/www.chespa.eu\/wp-content\/uploads\/2022\/04\/nature-and-technology-.jpg","width":1920,"height":295},{"@type":"BreadcrumbList","@id":"https:\/\/www.chespa.eu\/ro\/produse\/servicii\/innowacje\/peanuts\/#breadcrumb","itemListElement":[{"@type":"ListItem","position":1,"name":"Strona g\u0142\u00f3wna","item":"https:\/\/www.chespa.eu\/"},{"@type":"ListItem","position":2,"name":"Produse","item":"https:\/\/www.chespa.eu\/produkty\/"},{"@type":"ListItem","position":3,"name":"Servicii","item":"https:\/\/www.chespa.eu\/produkty\/uslugi\/"},{"@type":"ListItem","position":4,"name":"Inova\u021bii","item":"https:\/\/www.chespa.eu\/ro\/produse\/servicii\/innowacje\/"},{"@type":"ListItem","position":5,"name":"ARAHIDE"}]},{"@type":"WebSite","@id":"https:\/\/www.chespa.eu\/#website","url":"https:\/\/www.chespa.eu\/","name":"Chespa - printing inks, clichees, cutting dies","description":"","potentialAction":[{"@type":"SearchAction","target":{"@type":"EntryPoint","urlTemplate":"https:\/\/www.chespa.eu\/?s={search_term_string}"},"query-input":{"@type":"PropertyValueSpecification","valueRequired":true,"valueName":"search_term_string"}}],"inLanguage":"ro-RO"}]}},"_links":{"self":[{"href":"https:\/\/www.chespa.eu\/ro\/wp-json\/wp\/v2\/pages\/17859","targetHints":{"allow":["GET"]}}],"collection":[{"href":"https:\/\/www.chespa.eu\/ro\/wp-json\/wp\/v2\/pages"}],"about":[{"href":"https:\/\/www.chespa.eu\/ro\/wp-json\/wp\/v2\/types\/page"}],"author":[{"embeddable":true,"href":"https:\/\/www.chespa.eu\/ro\/wp-json\/wp\/v2\/users\/2"}],"replies":[{"embeddable":true,"href":"https:\/\/www.chespa.eu\/ro\/wp-json\/wp\/v2\/comments?post=17859"}],"version-history":[{"count":7,"href":"https:\/\/www.chespa.eu\/ro\/wp-json\/wp\/v2\/pages\/17859\/revisions"}],"predecessor-version":[{"id":19365,"href":"https:\/\/www.chespa.eu\/ro\/wp-json\/wp\/v2\/pages\/17859\/revisions\/19365"}],"up":[{"embeddable":true,"href":"https:\/\/www.chespa.eu\/ro\/wp-json\/wp\/v2\/pages\/15180"}],"wp:featuredmedia":[{"embeddable":true,"href":"https:\/\/www.chespa.eu\/ro\/wp-json\/wp\/v2\/media\/15996"}],"wp:attachment":[{"href":"https:\/\/www.chespa.eu\/ro\/wp-json\/wp\/v2\/media?parent=17859"}],"curies":[{"name":"wp","href":"https:\/\/api.w.org\/{rel}","templated":true}]}}