{"id":17166,"date":"2021-03-15T12:10:36","date_gmt":"2021-03-15T11:10:36","guid":{"rendered":"https:\/\/www.chespa.eu\/rodo-klauzula-rekrutacja\/"},"modified":"2023-03-29T15:04:38","modified_gmt":"2023-03-29T13:04:38","slug":"rodo-klauzula-rekrutacja","status":"publish","type":"page","link":"https:\/\/www.chespa.eu\/ro\/rodo-klauzula-rekrutacja\/","title":{"rendered":"GDPR &#8211; Clauza de informare pentru procesul de recrutare"},"content":{"rendered":"<p>\u00cen conformitate cu articolul 13 alineatele (1) \u0219i (2) din Regulamentul general privind protec\u021bia datelor cu caracter personal din data de 27 aprilie 2016 (GDPR), v\u0103 inform\u0103m c\u0103:<\/p>\n<p>1. Administratorul\/Co-administratorul datelor dumneavoastr\u0103 cu caracter personal este <a href=\"https:\/\/www.chespa.eu\/ro\/kontakt\/\">Grupul Chespa<\/a>.<\/p>\n<p>2. Pentru informa\u021bii cu privire la datele dumneavoastr\u0103 cu caracter personal \u0219i la toate celelalte informa\u021bii referitoare la GDPR, v\u0103 rug\u0103m s\u0103 ne contacta\u021bi prin intermediul: <a href=\"https:\/\/www.chespa.eu\/ro\/formularz-kontaktowy\/\">formularului de contact<\/a> \u0219i dup\u0103 alegerea destinatarului: GDPR.<\/p>\n<p>3. Datele dumneavoastr\u0103 cu caracter personal vor fi prelucrate \u00een scopul procesului de recrutare:<br \/>\n\u2022 pentru contractele de munc\u0103 \u00een temeiul:<br \/>\n&#8211; \u00eendeplinirea unei obliga\u021bii legale care \u00eei revine operatorului [articolul 6 alineatul (1) litera (c) din GDPR] care decurge din articolul 22 din Codul muncii,<br \/>\n&#8211; consim\u021b\u0103m\u00e2ntul dumneavoastr\u0103 [articolul 6 alineatul (1) litera (a) din GDPR] pentru prelucrarea datelor din afara domeniului de aplicare din catalogul stabilit \u00een Codul muncii,<br \/>\n&#8211; interesul legitim al administratorului de a se ap\u0103ra \u00eempotriva reclama\u021biilor [articolul 6 alineatul (1) litera (f) din GDPR],<br \/>\n\u2022 pentru contractele de drept civil \u00een temeiul:<br \/>\n&#8211; execut\u0103rii contractelor [articolul 6 alineatul (1) litera (b) din GDPR],<br \/>\n&#8211; interesul legitim al administratorului de a se ap\u0103ra \u00eempotriva reclama\u021biilor [articolul 6 alineatul (1) litera (f) din GDPR].<br \/>\nDatele dumneavoastr\u0103 cu caracter personal pot fi prelucrate \u00een vederea unei viitoare recrut\u0103ri \u00een cazul \u00een care v-a\u021bi dat consim\u021b\u0103m\u00e2ntul separat pentru o astfel de prelucrare \u00een conformitate cu articolul 6 alineatul (1) litera (a) din GDPR.<\/p>\n<p>4. Datele dumneavoastr\u0103 cu caracter personal pot fi transmise operatorilor de servere \u0219i operatorilor de servere de internet care ac\u021bioneaz\u0103 \u00een numele Administratorului \u0219i altor entit\u0103\u021bi atunci c\u00e2nd acest lucru este cerut de lege.<\/p>\n<p>5. Datele dumneavoastr\u0103 cu caracter personal nu vor fi transferate c\u0103tre ter\u021be \u021b\u0103ri.<\/p>\n<p>6. Datele dumneavoastr\u0103 cu caracter personal vor fi prelucrate:<br \/>\n&#8211; \u00een cazul \u00een care v\u0103 da\u021bi consim\u021b\u0103m\u00e2ntul pentru o viitoare recrutare \u00een scopul unor proceduri ulterioare, p\u00e2n\u0103 la revocarea consim\u021b\u0103m\u00e2ntului, dar nu mai mult de 6 luni,<br \/>\n&#8211; \u00een scopul ap\u0103r\u0103rii \u00eempotriva revendic\u0103rilor, pentru o perioad\u0103 de 3 ani.<\/p>\n<p>7. Ave\u021bi dreptul de acces la con\u021binutul datelor dumneavoastr\u0103 \u0219i dreptul la rectificare, \u0219tergere, restric\u021bionarea prelucr\u0103rii, dreptul la portabilitatea datelor \u0219i dreptul de a v\u0103 revoca consim\u021b\u0103m\u00e2ntul \u00een orice moment, f\u0103r\u0103 a afecta legalitatea prelucr\u0103rii efectuate pe baza consim\u021b\u0103m\u00e2ntului dumneavoastr\u0103 \u00eenainte de revocarea acestuia.<\/p>\n<p>8. Furnizarea de c\u0103tre dumneavoastr\u0103 a datelor cu caracter personal este voluntar\u0103, dar necesar\u0103 pentru a participa \u00een cadrul procesului de recrutare.<\/p>\n<p>9. Ave\u021bi dreptul de a depune o pl\u00e2ngere la Pre\u0219edintele Oficiului pentru protec\u021bia datelor cu caracter personal (ul. Stawki 2, 00-193 Var\u0219ovia) \u00een cazul \u00een care considera\u021bi c\u0103 prelucrarea datelor dumneavoastr\u0103 cu caracter personal \u00eencalc\u0103 prevederile legale.<\/p>\n<p>10. Datele dumneavoastr\u0103 nu vor fi prelucrate prin mijloace automate sau prin crearea de profiluri.<\/p>\n<p>&nbsp;<\/p>\n<p>&nbsp;<\/p>\n","protected":false},"excerpt":{"rendered":"<p>\u00cen conformitate cu articolul 13 alineatele (1) \u0219i (2) din Regulamentul general privind protec\u021bia datelor cu caracter personal din data de 27 aprilie 2016 (GDPR), v\u0103 inform\u0103m c\u0103: 1. Administratorul\/Co-administratorul datelor dumneavoastr\u0103 cu caracter personal este Grupul Chespa. 2. Pentru informa\u021bii cu privire la datele dumneavoastr\u0103 cu caracter personal \u0219i la toate celelalte informa\u021bii referitoare [&hellip;]<\/p>\n","protected":false},"author":2,"featured_media":12655,"parent":0,"menu_order":0,"comment_status":"closed","ping_status":"closed","template":"","meta":{"_acf_changed":false,"footnotes":""},"class_list":["post-17166","page","type-page","status-publish","has-post-thumbnail","hentry"],"acf":[],"yoast_head":"<!-- This site is optimized with the Yoast SEO plugin v27.4 - https:\/\/yoast.com\/product\/yoast-seo-wordpress\/ -->\n<title>GDPR - Clauza de informare pentru procesul de recrutare - Chespa - printing inks, clichees, cutting dies<\/title>\n<meta name=\"robots\" content=\"index, follow, max-snippet:-1, max-image-preview:large, max-video-preview:-1\" \/>\n<link rel=\"canonical\" href=\"https:\/\/www.chespa.eu\/ro\/rodo-klauzula-rekrutacja\/\" \/>\n<meta property=\"og:locale\" content=\"ro_RO\" \/>\n<meta property=\"og:type\" content=\"article\" \/>\n<meta property=\"og:title\" content=\"GDPR - Clauza de informare pentru procesul de recrutare - Chespa - printing inks, clichees, cutting dies\" \/>\n<meta property=\"og:description\" content=\"\u00cen conformitate cu articolul 13 alineatele (1) \u0219i (2) din Regulamentul general privind protec\u021bia datelor cu caracter personal din data de 27 aprilie 2016 (GDPR), v\u0103 inform\u0103m c\u0103: 1. Administratorul\/Co-administratorul datelor dumneavoastr\u0103 cu caracter personal este Grupul Chespa. 2. Pentru informa\u021bii cu privire la datele dumneavoastr\u0103 cu caracter personal \u0219i la toate celelalte informa\u021bii referitoare [&hellip;]\" \/>\n<meta property=\"og:url\" content=\"https:\/\/www.chespa.eu\/ro\/rodo-klauzula-rekrutacja\/\" \/>\n<meta property=\"og:site_name\" content=\"Chespa - printing inks, clichees, cutting dies\" \/>\n<meta property=\"article:modified_time\" content=\"2023-03-29T13:04:38+00:00\" \/>\n<meta property=\"og:image\" content=\"https:\/\/www.chespa.eu\/wp-content\/uploads\/2019\/03\/formularz-2.png\" \/>\n\t<meta property=\"og:image:width\" content=\"1920\" \/>\n\t<meta property=\"og:image:height\" content=\"295\" \/>\n\t<meta property=\"og:image:type\" content=\"image\/png\" \/>\n<meta name=\"twitter:card\" content=\"summary_large_image\" \/>\n<meta name=\"twitter:label1\" content=\"Est. reading time\" \/>\n\t<meta name=\"twitter:data1\" content=\"3 minutes\" \/>\n<script type=\"application\/ld+json\" class=\"yoast-schema-graph\">{\"@context\":\"https:\\\/\\\/schema.org\",\"@graph\":[{\"@type\":\"WebPage\",\"@id\":\"https:\\\/\\\/www.chespa.eu\\\/ro\\\/rodo-klauzula-rekrutacja\\\/\",\"url\":\"https:\\\/\\\/www.chespa.eu\\\/ro\\\/rodo-klauzula-rekrutacja\\\/\",\"name\":\"GDPR - Clauza de informare pentru procesul de recrutare - Chespa - printing inks, clichees, cutting dies\",\"isPartOf\":{\"@id\":\"https:\\\/\\\/www.chespa.eu\\\/#website\"},\"primaryImageOfPage\":{\"@id\":\"https:\\\/\\\/www.chespa.eu\\\/ro\\\/rodo-klauzula-rekrutacja\\\/#primaryimage\"},\"image\":{\"@id\":\"https:\\\/\\\/www.chespa.eu\\\/ro\\\/rodo-klauzula-rekrutacja\\\/#primaryimage\"},\"thumbnailUrl\":\"https:\\\/\\\/www.chespa.eu\\\/wp-content\\\/uploads\\\/2019\\\/03\\\/formularz-2.png\",\"datePublished\":\"2021-03-15T11:10:36+00:00\",\"dateModified\":\"2023-03-29T13:04:38+00:00\",\"breadcrumb\":{\"@id\":\"https:\\\/\\\/www.chespa.eu\\\/ro\\\/rodo-klauzula-rekrutacja\\\/#breadcrumb\"},\"inLanguage\":\"ro-RO\",\"potentialAction\":[{\"@type\":\"ReadAction\",\"target\":[\"https:\\\/\\\/www.chespa.eu\\\/ro\\\/rodo-klauzula-rekrutacja\\\/\"]}]},{\"@type\":\"ImageObject\",\"inLanguage\":\"ro-RO\",\"@id\":\"https:\\\/\\\/www.chespa.eu\\\/ro\\\/rodo-klauzula-rekrutacja\\\/#primaryimage\",\"url\":\"https:\\\/\\\/www.chespa.eu\\\/wp-content\\\/uploads\\\/2019\\\/03\\\/formularz-2.png\",\"contentUrl\":\"https:\\\/\\\/www.chespa.eu\\\/wp-content\\\/uploads\\\/2019\\\/03\\\/formularz-2.png\",\"width\":1920,\"height\":295,\"caption\":\"Formularz\"},{\"@type\":\"BreadcrumbList\",\"@id\":\"https:\\\/\\\/www.chespa.eu\\\/ro\\\/rodo-klauzula-rekrutacja\\\/#breadcrumb\",\"itemListElement\":[{\"@type\":\"ListItem\",\"position\":1,\"name\":\"Strona g\u0142\u00f3wna\",\"item\":\"https:\\\/\\\/www.chespa.eu\\\/\"},{\"@type\":\"ListItem\",\"position\":2,\"name\":\"GDPR &#8211; Clauza de informare pentru procesul de recrutare\"}]},{\"@type\":\"WebSite\",\"@id\":\"https:\\\/\\\/www.chespa.eu\\\/#website\",\"url\":\"https:\\\/\\\/www.chespa.eu\\\/\",\"name\":\"Chespa - printing inks, clichees, cutting dies\",\"description\":\"\",\"potentialAction\":[{\"@type\":\"SearchAction\",\"target\":{\"@type\":\"EntryPoint\",\"urlTemplate\":\"https:\\\/\\\/www.chespa.eu\\\/?s={search_term_string}\"},\"query-input\":{\"@type\":\"PropertyValueSpecification\",\"valueRequired\":true,\"valueName\":\"search_term_string\"}}],\"inLanguage\":\"ro-RO\"}]}<\/script>\n<!-- \/ Yoast SEO plugin. -->","yoast_head_json":{"title":"GDPR - Clauza de informare pentru procesul de recrutare - Chespa - printing inks, clichees, cutting dies","robots":{"index":"index","follow":"follow","max-snippet":"max-snippet:-1","max-image-preview":"max-image-preview:large","max-video-preview":"max-video-preview:-1"},"canonical":"https:\/\/www.chespa.eu\/ro\/rodo-klauzula-rekrutacja\/","og_locale":"ro_RO","og_type":"article","og_title":"GDPR - Clauza de informare pentru procesul de recrutare - Chespa - printing inks, clichees, cutting dies","og_description":"\u00cen conformitate cu articolul 13 alineatele (1) \u0219i (2) din Regulamentul general privind protec\u021bia datelor cu caracter personal din data de 27 aprilie 2016 (GDPR), v\u0103 inform\u0103m c\u0103: 1. Administratorul\/Co-administratorul datelor dumneavoastr\u0103 cu caracter personal este Grupul Chespa. 2. Pentru informa\u021bii cu privire la datele dumneavoastr\u0103 cu caracter personal \u0219i la toate celelalte informa\u021bii referitoare [&hellip;]","og_url":"https:\/\/www.chespa.eu\/ro\/rodo-klauzula-rekrutacja\/","og_site_name":"Chespa - printing inks, clichees, cutting dies","article_modified_time":"2023-03-29T13:04:38+00:00","og_image":[{"width":1920,"height":295,"url":"https:\/\/www.chespa.eu\/wp-content\/uploads\/2019\/03\/formularz-2.png","type":"image\/png"}],"twitter_card":"summary_large_image","twitter_misc":{"Est. reading time":"3 minutes"},"schema":{"@context":"https:\/\/schema.org","@graph":[{"@type":"WebPage","@id":"https:\/\/www.chespa.eu\/ro\/rodo-klauzula-rekrutacja\/","url":"https:\/\/www.chespa.eu\/ro\/rodo-klauzula-rekrutacja\/","name":"GDPR - Clauza de informare pentru procesul de recrutare - Chespa - printing inks, clichees, cutting dies","isPartOf":{"@id":"https:\/\/www.chespa.eu\/#website"},"primaryImageOfPage":{"@id":"https:\/\/www.chespa.eu\/ro\/rodo-klauzula-rekrutacja\/#primaryimage"},"image":{"@id":"https:\/\/www.chespa.eu\/ro\/rodo-klauzula-rekrutacja\/#primaryimage"},"thumbnailUrl":"https:\/\/www.chespa.eu\/wp-content\/uploads\/2019\/03\/formularz-2.png","datePublished":"2021-03-15T11:10:36+00:00","dateModified":"2023-03-29T13:04:38+00:00","breadcrumb":{"@id":"https:\/\/www.chespa.eu\/ro\/rodo-klauzula-rekrutacja\/#breadcrumb"},"inLanguage":"ro-RO","potentialAction":[{"@type":"ReadAction","target":["https:\/\/www.chespa.eu\/ro\/rodo-klauzula-rekrutacja\/"]}]},{"@type":"ImageObject","inLanguage":"ro-RO","@id":"https:\/\/www.chespa.eu\/ro\/rodo-klauzula-rekrutacja\/#primaryimage","url":"https:\/\/www.chespa.eu\/wp-content\/uploads\/2019\/03\/formularz-2.png","contentUrl":"https:\/\/www.chespa.eu\/wp-content\/uploads\/2019\/03\/formularz-2.png","width":1920,"height":295,"caption":"Formularz"},{"@type":"BreadcrumbList","@id":"https:\/\/www.chespa.eu\/ro\/rodo-klauzula-rekrutacja\/#breadcrumb","itemListElement":[{"@type":"ListItem","position":1,"name":"Strona g\u0142\u00f3wna","item":"https:\/\/www.chespa.eu\/"},{"@type":"ListItem","position":2,"name":"GDPR &#8211; Clauza de informare pentru procesul de recrutare"}]},{"@type":"WebSite","@id":"https:\/\/www.chespa.eu\/#website","url":"https:\/\/www.chespa.eu\/","name":"Chespa - printing inks, clichees, cutting dies","description":"","potentialAction":[{"@type":"SearchAction","target":{"@type":"EntryPoint","urlTemplate":"https:\/\/www.chespa.eu\/?s={search_term_string}"},"query-input":{"@type":"PropertyValueSpecification","valueRequired":true,"valueName":"search_term_string"}}],"inLanguage":"ro-RO"}]}},"_links":{"self":[{"href":"https:\/\/www.chespa.eu\/ro\/wp-json\/wp\/v2\/pages\/17166","targetHints":{"allow":["GET"]}}],"collection":[{"href":"https:\/\/www.chespa.eu\/ro\/wp-json\/wp\/v2\/pages"}],"about":[{"href":"https:\/\/www.chespa.eu\/ro\/wp-json\/wp\/v2\/types\/page"}],"author":[{"embeddable":true,"href":"https:\/\/www.chespa.eu\/ro\/wp-json\/wp\/v2\/users\/2"}],"replies":[{"embeddable":true,"href":"https:\/\/www.chespa.eu\/ro\/wp-json\/wp\/v2\/comments?post=17166"}],"version-history":[{"count":4,"href":"https:\/\/www.chespa.eu\/ro\/wp-json\/wp\/v2\/pages\/17166\/revisions"}],"predecessor-version":[{"id":17176,"href":"https:\/\/www.chespa.eu\/ro\/wp-json\/wp\/v2\/pages\/17166\/revisions\/17176"}],"wp:featuredmedia":[{"embeddable":true,"href":"https:\/\/www.chespa.eu\/ro\/wp-json\/wp\/v2\/media\/12655"}],"wp:attachment":[{"href":"https:\/\/www.chespa.eu\/ro\/wp-json\/wp\/v2\/media?parent=17166"}],"curies":[{"name":"wp","href":"https:\/\/api.w.org\/{rel}","templated":true}]}}