{"id":17161,"date":"2023-03-29T14:33:45","date_gmt":"2023-03-29T12:33:45","guid":{"rendered":"https:\/\/www.chespa.eu\/?page_id=17161"},"modified":"2023-03-29T14:33:45","modified_gmt":"2023-03-29T12:33:45","slug":"gdpr-clauza-pentru-procesul-de-reclamatii","status":"publish","type":"page","link":"https:\/\/www.chespa.eu\/ro\/gdpr-clauza-pentru-procesul-de-reclamatii\/","title":{"rendered":"GDPR &#8211; Clauza pentru procesul de reclama\u021bii"},"content":{"rendered":"<p>\u00cen conformitate cu articolul 13 alineatele (1) \u0219i (2) din Regulamentul general privind protec\u021bia datelor cu caracter personal din data de 27 aprilie 2016 (GDPR), v\u0103 inform\u0103m c\u0103:<\/p>\n<p>1. Administratorul\/Co-administratorul datelor dumneavoastr\u0103 cu caracter personal este <a href=\"https:\/\/www.chespa.eu\/ro\/kontakt\/\">Grupul Chespa<\/a>.<\/p>\n<p>2. Pentru informa\u021bii cu privire la datele dumneavoastr\u0103 cu caracter personal \u0219i la toate celelalte informa\u021bii referitoare la GDPR, v\u0103 rug\u0103m s\u0103 ne contacta\u021bi prin intermediul: <a href=\"https:\/\/www.chespa.eu\/ro\/formularz-kontaktowy\/\">formularului de contact<\/a> \u0219i dup\u0103 alegerea destinatarului: GDPR.<\/p>\n<p>3. Datele dumneavoastr\u0103 cu caracter personal vor fi prelucrate \u00een scopul solu\u021bion\u0103rii reclama\u021biei \u00een baza temeiului juridic \u2013 articolul (6) alineatul (1) litera (c) GDPR &#8211; pentru a \u00eendeplini obliga\u021bia legal\u0103 care \u00eei revine administratorului.<\/p>\n<p>4. Datele dumneavoastr\u0103 cu caracter personal pot fi transferate operatorilor de servere \u0219i operatorilor de servere de internet care ac\u021bioneaz\u0103 \u00een numele Administratorului, precum \u0219i furnizorilor de programe de software.<\/p>\n<p>5. Datele dumneavoastr\u0103 cu caracter personal pot fi transferate c\u0103tre ter\u021be \u021b\u0103ri.<\/p>\n<p>6. Datele dumneavoastr\u0103 cu caracter personal vor fi prelucrate p\u00e2n\u0103 la data specificat\u0103 \u00een legisla\u021bie.<\/p>\n<p>7. Ave\u021bi dreptul de acces la con\u021binutul datelor dumneavoastr\u0103, precum \u0219i dreptul de rectificare, \u0219tergere, restric\u021bionare a prelucr\u0103rii.<\/p>\n<p>8. Furnizarea de c\u0103tre dumneavoastr\u0103 a datelor cu caracter personal este voluntar\u0103 \u0219i contractual\u0103.<\/p>\n<p>9. Ave\u021bi dreptul de a depune o pl\u00e2ngere la Pre\u0219edintele Oficiului pentru protec\u021bia datelor cu caracter personal (ul. Stawki 2, 00-193 Var\u0219ovia) \u00een cazul \u00een care considera\u021bi c\u0103 prelucrarea datelor dumneavoastr\u0103 cu caracter personal \u00eencalc\u0103 prevederile legale.<\/p>\n<p>10. Datele dumneavoastr\u0103 nu vor fi prelucrate prin mijloace automate sau prin crearea de profiluri.<\/p>\n<p>&nbsp;<\/p>\n","protected":false},"excerpt":{"rendered":"<p>\u00cen conformitate cu articolul 13 alineatele (1) \u0219i (2) din Regulamentul general privind protec\u021bia datelor cu caracter personal din data de 27 aprilie 2016 (GDPR), v\u0103 inform\u0103m c\u0103: 1. Administratorul\/Co-administratorul datelor dumneavoastr\u0103 cu caracter personal este Grupul Chespa. 2. Pentru informa\u021bii cu privire la datele dumneavoastr\u0103 cu caracter personal \u0219i la toate celelalte informa\u021bii referitoare [&hellip;]<\/p>\n","protected":false},"author":2,"featured_media":12655,"parent":0,"menu_order":0,"comment_status":"closed","ping_status":"closed","template":"","meta":{"_acf_changed":false,"footnotes":""},"class_list":["post-17161","page","type-page","status-publish","has-post-thumbnail","hentry"],"acf":[],"yoast_head":"<!-- This site is optimized with the Yoast SEO plugin v27.4 - https:\/\/yoast.com\/product\/yoast-seo-wordpress\/ -->\n<title>GDPR - Clauza pentru procesul de reclama\u021bii - Chespa - printing inks, clichees, cutting dies<\/title>\n<meta name=\"robots\" content=\"index, follow, max-snippet:-1, max-image-preview:large, max-video-preview:-1\" \/>\n<link rel=\"canonical\" href=\"https:\/\/www.chespa.eu\/ro\/gdpr-clauza-pentru-procesul-de-reclamatii\/\" \/>\n<meta property=\"og:locale\" content=\"ro_RO\" \/>\n<meta property=\"og:type\" content=\"article\" \/>\n<meta property=\"og:title\" content=\"GDPR - Clauza pentru procesul de reclama\u021bii - Chespa - printing inks, clichees, cutting dies\" \/>\n<meta property=\"og:description\" content=\"\u00cen conformitate cu articolul 13 alineatele (1) \u0219i (2) din Regulamentul general privind protec\u021bia datelor cu caracter personal din data de 27 aprilie 2016 (GDPR), v\u0103 inform\u0103m c\u0103: 1. Administratorul\/Co-administratorul datelor dumneavoastr\u0103 cu caracter personal este Grupul Chespa. 2. Pentru informa\u021bii cu privire la datele dumneavoastr\u0103 cu caracter personal \u0219i la toate celelalte informa\u021bii referitoare [&hellip;]\" \/>\n<meta property=\"og:url\" content=\"https:\/\/www.chespa.eu\/ro\/gdpr-clauza-pentru-procesul-de-reclamatii\/\" \/>\n<meta property=\"og:site_name\" content=\"Chespa - printing inks, clichees, cutting dies\" \/>\n<meta property=\"og:image\" content=\"https:\/\/www.chespa.eu\/wp-content\/uploads\/2019\/03\/formularz-2.png\" \/>\n\t<meta property=\"og:image:width\" content=\"1920\" \/>\n\t<meta property=\"og:image:height\" content=\"295\" \/>\n\t<meta property=\"og:image:type\" content=\"image\/png\" \/>\n<meta name=\"twitter:card\" content=\"summary_large_image\" \/>\n<meta name=\"twitter:label1\" content=\"Est. reading time\" \/>\n\t<meta name=\"twitter:data1\" content=\"2 minutes\" \/>\n<script type=\"application\/ld+json\" class=\"yoast-schema-graph\">{\"@context\":\"https:\\\/\\\/schema.org\",\"@graph\":[{\"@type\":\"WebPage\",\"@id\":\"https:\\\/\\\/www.chespa.eu\\\/ro\\\/gdpr-clauza-pentru-procesul-de-reclamatii\\\/\",\"url\":\"https:\\\/\\\/www.chespa.eu\\\/ro\\\/gdpr-clauza-pentru-procesul-de-reclamatii\\\/\",\"name\":\"GDPR - Clauza pentru procesul de reclama\u021bii - Chespa - printing inks, clichees, cutting dies\",\"isPartOf\":{\"@id\":\"https:\\\/\\\/www.chespa.eu\\\/#website\"},\"primaryImageOfPage\":{\"@id\":\"https:\\\/\\\/www.chespa.eu\\\/ro\\\/gdpr-clauza-pentru-procesul-de-reclamatii\\\/#primaryimage\"},\"image\":{\"@id\":\"https:\\\/\\\/www.chespa.eu\\\/ro\\\/gdpr-clauza-pentru-procesul-de-reclamatii\\\/#primaryimage\"},\"thumbnailUrl\":\"https:\\\/\\\/www.chespa.eu\\\/wp-content\\\/uploads\\\/2019\\\/03\\\/formularz-2.png\",\"datePublished\":\"2023-03-29T12:33:45+00:00\",\"breadcrumb\":{\"@id\":\"https:\\\/\\\/www.chespa.eu\\\/ro\\\/gdpr-clauza-pentru-procesul-de-reclamatii\\\/#breadcrumb\"},\"inLanguage\":\"ro-RO\",\"potentialAction\":[{\"@type\":\"ReadAction\",\"target\":[\"https:\\\/\\\/www.chespa.eu\\\/ro\\\/gdpr-clauza-pentru-procesul-de-reclamatii\\\/\"]}]},{\"@type\":\"ImageObject\",\"inLanguage\":\"ro-RO\",\"@id\":\"https:\\\/\\\/www.chespa.eu\\\/ro\\\/gdpr-clauza-pentru-procesul-de-reclamatii\\\/#primaryimage\",\"url\":\"https:\\\/\\\/www.chespa.eu\\\/wp-content\\\/uploads\\\/2019\\\/03\\\/formularz-2.png\",\"contentUrl\":\"https:\\\/\\\/www.chespa.eu\\\/wp-content\\\/uploads\\\/2019\\\/03\\\/formularz-2.png\",\"width\":1920,\"height\":295,\"caption\":\"Formularz\"},{\"@type\":\"BreadcrumbList\",\"@id\":\"https:\\\/\\\/www.chespa.eu\\\/ro\\\/gdpr-clauza-pentru-procesul-de-reclamatii\\\/#breadcrumb\",\"itemListElement\":[{\"@type\":\"ListItem\",\"position\":1,\"name\":\"Strona g\u0142\u00f3wna\",\"item\":\"https:\\\/\\\/www.chespa.eu\\\/\"},{\"@type\":\"ListItem\",\"position\":2,\"name\":\"GDPR &#8211; Clauza pentru procesul de reclama\u021bii\"}]},{\"@type\":\"WebSite\",\"@id\":\"https:\\\/\\\/www.chespa.eu\\\/#website\",\"url\":\"https:\\\/\\\/www.chespa.eu\\\/\",\"name\":\"Chespa - printing inks, clichees, cutting dies\",\"description\":\"\",\"potentialAction\":[{\"@type\":\"SearchAction\",\"target\":{\"@type\":\"EntryPoint\",\"urlTemplate\":\"https:\\\/\\\/www.chespa.eu\\\/?s={search_term_string}\"},\"query-input\":{\"@type\":\"PropertyValueSpecification\",\"valueRequired\":true,\"valueName\":\"search_term_string\"}}],\"inLanguage\":\"ro-RO\"}]}<\/script>\n<!-- \/ Yoast SEO plugin. -->","yoast_head_json":{"title":"GDPR - Clauza pentru procesul de reclama\u021bii - Chespa - printing inks, clichees, cutting dies","robots":{"index":"index","follow":"follow","max-snippet":"max-snippet:-1","max-image-preview":"max-image-preview:large","max-video-preview":"max-video-preview:-1"},"canonical":"https:\/\/www.chespa.eu\/ro\/gdpr-clauza-pentru-procesul-de-reclamatii\/","og_locale":"ro_RO","og_type":"article","og_title":"GDPR - Clauza pentru procesul de reclama\u021bii - Chespa - printing inks, clichees, cutting dies","og_description":"\u00cen conformitate cu articolul 13 alineatele (1) \u0219i (2) din Regulamentul general privind protec\u021bia datelor cu caracter personal din data de 27 aprilie 2016 (GDPR), v\u0103 inform\u0103m c\u0103: 1. Administratorul\/Co-administratorul datelor dumneavoastr\u0103 cu caracter personal este Grupul Chespa. 2. Pentru informa\u021bii cu privire la datele dumneavoastr\u0103 cu caracter personal \u0219i la toate celelalte informa\u021bii referitoare [&hellip;]","og_url":"https:\/\/www.chespa.eu\/ro\/gdpr-clauza-pentru-procesul-de-reclamatii\/","og_site_name":"Chespa - printing inks, clichees, cutting dies","og_image":[{"width":1920,"height":295,"url":"https:\/\/www.chespa.eu\/wp-content\/uploads\/2019\/03\/formularz-2.png","type":"image\/png"}],"twitter_card":"summary_large_image","twitter_misc":{"Est. reading time":"2 minutes"},"schema":{"@context":"https:\/\/schema.org","@graph":[{"@type":"WebPage","@id":"https:\/\/www.chespa.eu\/ro\/gdpr-clauza-pentru-procesul-de-reclamatii\/","url":"https:\/\/www.chespa.eu\/ro\/gdpr-clauza-pentru-procesul-de-reclamatii\/","name":"GDPR - Clauza pentru procesul de reclama\u021bii - Chespa - printing inks, clichees, cutting dies","isPartOf":{"@id":"https:\/\/www.chespa.eu\/#website"},"primaryImageOfPage":{"@id":"https:\/\/www.chespa.eu\/ro\/gdpr-clauza-pentru-procesul-de-reclamatii\/#primaryimage"},"image":{"@id":"https:\/\/www.chespa.eu\/ro\/gdpr-clauza-pentru-procesul-de-reclamatii\/#primaryimage"},"thumbnailUrl":"https:\/\/www.chespa.eu\/wp-content\/uploads\/2019\/03\/formularz-2.png","datePublished":"2023-03-29T12:33:45+00:00","breadcrumb":{"@id":"https:\/\/www.chespa.eu\/ro\/gdpr-clauza-pentru-procesul-de-reclamatii\/#breadcrumb"},"inLanguage":"ro-RO","potentialAction":[{"@type":"ReadAction","target":["https:\/\/www.chespa.eu\/ro\/gdpr-clauza-pentru-procesul-de-reclamatii\/"]}]},{"@type":"ImageObject","inLanguage":"ro-RO","@id":"https:\/\/www.chespa.eu\/ro\/gdpr-clauza-pentru-procesul-de-reclamatii\/#primaryimage","url":"https:\/\/www.chespa.eu\/wp-content\/uploads\/2019\/03\/formularz-2.png","contentUrl":"https:\/\/www.chespa.eu\/wp-content\/uploads\/2019\/03\/formularz-2.png","width":1920,"height":295,"caption":"Formularz"},{"@type":"BreadcrumbList","@id":"https:\/\/www.chespa.eu\/ro\/gdpr-clauza-pentru-procesul-de-reclamatii\/#breadcrumb","itemListElement":[{"@type":"ListItem","position":1,"name":"Strona g\u0142\u00f3wna","item":"https:\/\/www.chespa.eu\/"},{"@type":"ListItem","position":2,"name":"GDPR &#8211; Clauza pentru procesul de reclama\u021bii"}]},{"@type":"WebSite","@id":"https:\/\/www.chespa.eu\/#website","url":"https:\/\/www.chespa.eu\/","name":"Chespa - printing inks, clichees, cutting dies","description":"","potentialAction":[{"@type":"SearchAction","target":{"@type":"EntryPoint","urlTemplate":"https:\/\/www.chespa.eu\/?s={search_term_string}"},"query-input":{"@type":"PropertyValueSpecification","valueRequired":true,"valueName":"search_term_string"}}],"inLanguage":"ro-RO"}]}},"_links":{"self":[{"href":"https:\/\/www.chespa.eu\/ro\/wp-json\/wp\/v2\/pages\/17161","targetHints":{"allow":["GET"]}}],"collection":[{"href":"https:\/\/www.chespa.eu\/ro\/wp-json\/wp\/v2\/pages"}],"about":[{"href":"https:\/\/www.chespa.eu\/ro\/wp-json\/wp\/v2\/types\/page"}],"author":[{"embeddable":true,"href":"https:\/\/www.chespa.eu\/ro\/wp-json\/wp\/v2\/users\/2"}],"replies":[{"embeddable":true,"href":"https:\/\/www.chespa.eu\/ro\/wp-json\/wp\/v2\/comments?post=17161"}],"version-history":[{"count":1,"href":"https:\/\/www.chespa.eu\/ro\/wp-json\/wp\/v2\/pages\/17161\/revisions"}],"predecessor-version":[{"id":17162,"href":"https:\/\/www.chespa.eu\/ro\/wp-json\/wp\/v2\/pages\/17161\/revisions\/17162"}],"wp:featuredmedia":[{"embeddable":true,"href":"https:\/\/www.chespa.eu\/ro\/wp-json\/wp\/v2\/media\/12655"}],"wp:attachment":[{"href":"https:\/\/www.chespa.eu\/ro\/wp-json\/wp\/v2\/media?parent=17161"}],"curies":[{"name":"wp","href":"https:\/\/api.w.org\/{rel}","templated":true}]}}