{"id":17154,"date":"2021-03-15T12:38:07","date_gmt":"2021-03-15T11:38:07","guid":{"rendered":"https:\/\/www.chespa.eu\/rodo-klauzula-szkolenia-sympozja-akademia\/"},"modified":"2023-03-29T14:22:47","modified_gmt":"2023-03-29T12:22:47","slug":"rodo-klauzula-szkolenia-sympozja-akademia","status":"publish","type":"page","link":"https:\/\/www.chespa.eu\/ro\/rodo-klauzula-szkolenia-sympozja-akademia\/","title":{"rendered":"GDPR &#8211; Clauza de informare pentru participan\u021bii \u00een cadrul cursurilor de formare, Simpozioanelor \u0219i Academiilor"},"content":{"rendered":"<p>\u00cen conformitate cu articolul 13 alineatele (1) \u0219i (2) din Regulamentul general privind protec\u021bia datelor cu caracter personal din data de 27 aprilie 2016 (GDPR), v\u0103 inform\u0103m c\u0103:<\/p>\n<p>1. Administratorul\/Co-administratorul datelor dumneavoastr\u0103 cu caracter personal este <a href=\"https:\/\/www.chespa.eu\/ro\/kontakt\/\">Grupul Chespa<\/a>.<\/p>\n<p>2. Pentru informa\u021bii cu privire la datele dumneavoastr\u0103 cu caracter personal \u0219i la toate celelalte informa\u021bii referitoare la GDPR, v\u0103 rug\u0103m s\u0103 ne contacta\u021bi prin intermediul: <a href=\"https:\/\/www.chespa.eu\/ro\/formularz-kontaktowy\/\">formularului de contact<\/a> \u0219i dup\u0103 alegerea destinatarului: GDPR.<\/p>\n<p>3. Datele dumneavoastr\u0103 cu caracter personal vor fi prelucrate \u00een scopul execut\u0103rii contractului \u00eencheiat &#8211; articolul 6 alineatul (1) litera (b) din GDPR.<\/p>\n<p>4. Datele dumneavoastr\u0103 cu caracter personal pot fi transferate operatorilor de servere \u0219i operatorilor de servere de internet care ac\u021bioneaz\u0103 \u00een numele Administratorului, precum \u0219i hotelurilor \u0219i altor entit\u0103\u021bi atunci c\u00e2nd acest lucru este cerut de lege.<\/p>\n<p>5. Datele dumneavoastr\u0103 cu caracter personal nu vor fi transferate c\u0103tre ter\u021be \u021b\u0103ri.<\/p>\n<p>6. Datele dumneavoastr\u0103 cu caracter personal vor fi prelucrate p\u00e2n\u0103 \u00een momentul revoc\u0103rii consim\u021b\u0103m\u00e2ntului dumneavoastr\u0103 sau p\u00e2n\u0103 \u00een momentul finaliz\u0103rii cursurilor de formare, dup\u0103 \u00eendeplinirea ac\u021biunilor legate de facturarea cursurilor , pentru perioada de timp prev\u0103zut\u0103 de legisla\u021bia aplicabil\u0103, inclusiv de Legea contabilit\u0103\u021bii.<\/p>\n<p>7. Ave\u021bi dreptul de acces la con\u021binutul datelor dumneavoastr\u0103 \u0219i dreptul de rectificare, \u0219tergere, restric\u021bionare a prelucr\u0103rii, precum \u0219i portabilitate a datelor.<\/p>\n<p>8. Furnizarea de c\u0103tre dumneavoastr\u0103 a datelor cu caracter personal este voluntar\u0103.<\/p>\n<p>9. Ave\u021bi dreptul de a depune o pl\u00e2ngere la Pre\u0219edintele Oficiului pentru protec\u021bia datelor cu caracter personal (ul. Stawki 2, 00-193 Var\u0219ovia) \u00een cazul \u00een care considera\u021bi c\u0103 prelucrarea datelor dumneavoastr\u0103 cu caracter personal \u00eencalc\u0103 prevederile legale.<\/p>\n<p>10. Datele dumneavoastr\u0103 nu vor fi prelucrate prin mijloace automate sau prin crearea de profiluri.<\/p>\n<p>&nbsp;<\/p>\n","protected":false},"excerpt":{"rendered":"<p>\u00cen conformitate cu articolul 13 alineatele (1) \u0219i (2) din Regulamentul general privind protec\u021bia datelor cu caracter personal din data de 27 aprilie 2016 (GDPR), v\u0103 inform\u0103m c\u0103: 1. Administratorul\/Co-administratorul datelor dumneavoastr\u0103 cu caracter personal este Grupul Chespa. 2. Pentru informa\u021bii cu privire la datele dumneavoastr\u0103 cu caracter personal \u0219i la toate celelalte informa\u021bii referitoare [&hellip;]<\/p>\n","protected":false},"author":2,"featured_media":12655,"parent":0,"menu_order":0,"comment_status":"closed","ping_status":"closed","template":"","meta":{"_acf_changed":false,"footnotes":""},"class_list":["post-17154","page","type-page","status-publish","has-post-thumbnail","hentry"],"acf":[],"yoast_head":"<!-- This site is optimized with the Yoast SEO plugin v27.4 - https:\/\/yoast.com\/product\/yoast-seo-wordpress\/ -->\n<title>GDPR - Clauza de informare pentru participan\u021bii \u00een cadrul cursurilor de formare, Simpozioanelor \u0219i Academiilor - Chespa - printing inks, clichees, cutting dies<\/title>\n<meta name=\"robots\" content=\"index, follow, max-snippet:-1, max-image-preview:large, max-video-preview:-1\" \/>\n<link rel=\"canonical\" href=\"https:\/\/www.chespa.eu\/ro\/rodo-klauzula-szkolenia-sympozja-akademia\/\" \/>\n<meta property=\"og:locale\" content=\"ro_RO\" \/>\n<meta property=\"og:type\" content=\"article\" \/>\n<meta property=\"og:title\" content=\"GDPR - Clauza de informare pentru participan\u021bii \u00een cadrul cursurilor de formare, Simpozioanelor \u0219i Academiilor - Chespa - printing inks, clichees, cutting dies\" \/>\n<meta property=\"og:description\" content=\"\u00cen conformitate cu articolul 13 alineatele (1) \u0219i (2) din Regulamentul general privind protec\u021bia datelor cu caracter personal din data de 27 aprilie 2016 (GDPR), v\u0103 inform\u0103m c\u0103: 1. Administratorul\/Co-administratorul datelor dumneavoastr\u0103 cu caracter personal este Grupul Chespa. 2. Pentru informa\u021bii cu privire la datele dumneavoastr\u0103 cu caracter personal \u0219i la toate celelalte informa\u021bii referitoare [&hellip;]\" \/>\n<meta property=\"og:url\" content=\"https:\/\/www.chespa.eu\/ro\/rodo-klauzula-szkolenia-sympozja-akademia\/\" \/>\n<meta property=\"og:site_name\" content=\"Chespa - printing inks, clichees, cutting dies\" \/>\n<meta property=\"article:modified_time\" content=\"2023-03-29T12:22:47+00:00\" \/>\n<meta property=\"og:image\" content=\"https:\/\/www.chespa.eu\/wp-content\/uploads\/2019\/03\/formularz-2.png\" \/>\n\t<meta property=\"og:image:width\" content=\"1920\" \/>\n\t<meta property=\"og:image:height\" content=\"295\" \/>\n\t<meta property=\"og:image:type\" content=\"image\/png\" \/>\n<meta name=\"twitter:card\" content=\"summary_large_image\" \/>\n<meta name=\"twitter:label1\" content=\"Est. reading time\" \/>\n\t<meta name=\"twitter:data1\" content=\"2 minutes\" \/>\n<script type=\"application\/ld+json\" class=\"yoast-schema-graph\">{\"@context\":\"https:\\\/\\\/schema.org\",\"@graph\":[{\"@type\":\"WebPage\",\"@id\":\"https:\\\/\\\/www.chespa.eu\\\/ro\\\/rodo-klauzula-szkolenia-sympozja-akademia\\\/\",\"url\":\"https:\\\/\\\/www.chespa.eu\\\/ro\\\/rodo-klauzula-szkolenia-sympozja-akademia\\\/\",\"name\":\"GDPR - Clauza de informare pentru participan\u021bii \u00een cadrul cursurilor de formare, Simpozioanelor \u0219i Academiilor - Chespa - printing inks, clichees, cutting dies\",\"isPartOf\":{\"@id\":\"https:\\\/\\\/www.chespa.eu\\\/#website\"},\"primaryImageOfPage\":{\"@id\":\"https:\\\/\\\/www.chespa.eu\\\/ro\\\/rodo-klauzula-szkolenia-sympozja-akademia\\\/#primaryimage\"},\"image\":{\"@id\":\"https:\\\/\\\/www.chespa.eu\\\/ro\\\/rodo-klauzula-szkolenia-sympozja-akademia\\\/#primaryimage\"},\"thumbnailUrl\":\"https:\\\/\\\/www.chespa.eu\\\/wp-content\\\/uploads\\\/2019\\\/03\\\/formularz-2.png\",\"datePublished\":\"2021-03-15T11:38:07+00:00\",\"dateModified\":\"2023-03-29T12:22:47+00:00\",\"breadcrumb\":{\"@id\":\"https:\\\/\\\/www.chespa.eu\\\/ro\\\/rodo-klauzula-szkolenia-sympozja-akademia\\\/#breadcrumb\"},\"inLanguage\":\"ro-RO\",\"potentialAction\":[{\"@type\":\"ReadAction\",\"target\":[\"https:\\\/\\\/www.chespa.eu\\\/ro\\\/rodo-klauzula-szkolenia-sympozja-akademia\\\/\"]}]},{\"@type\":\"ImageObject\",\"inLanguage\":\"ro-RO\",\"@id\":\"https:\\\/\\\/www.chespa.eu\\\/ro\\\/rodo-klauzula-szkolenia-sympozja-akademia\\\/#primaryimage\",\"url\":\"https:\\\/\\\/www.chespa.eu\\\/wp-content\\\/uploads\\\/2019\\\/03\\\/formularz-2.png\",\"contentUrl\":\"https:\\\/\\\/www.chespa.eu\\\/wp-content\\\/uploads\\\/2019\\\/03\\\/formularz-2.png\",\"width\":1920,\"height\":295,\"caption\":\"Formularz\"},{\"@type\":\"BreadcrumbList\",\"@id\":\"https:\\\/\\\/www.chespa.eu\\\/ro\\\/rodo-klauzula-szkolenia-sympozja-akademia\\\/#breadcrumb\",\"itemListElement\":[{\"@type\":\"ListItem\",\"position\":1,\"name\":\"Strona g\u0142\u00f3wna\",\"item\":\"https:\\\/\\\/www.chespa.eu\\\/\"},{\"@type\":\"ListItem\",\"position\":2,\"name\":\"GDPR &#8211; Clauza de informare pentru participan\u021bii \u00een cadrul cursurilor de formare, Simpozioanelor \u0219i Academiilor\"}]},{\"@type\":\"WebSite\",\"@id\":\"https:\\\/\\\/www.chespa.eu\\\/#website\",\"url\":\"https:\\\/\\\/www.chespa.eu\\\/\",\"name\":\"Chespa - printing inks, clichees, cutting dies\",\"description\":\"\",\"potentialAction\":[{\"@type\":\"SearchAction\",\"target\":{\"@type\":\"EntryPoint\",\"urlTemplate\":\"https:\\\/\\\/www.chespa.eu\\\/?s={search_term_string}\"},\"query-input\":{\"@type\":\"PropertyValueSpecification\",\"valueRequired\":true,\"valueName\":\"search_term_string\"}}],\"inLanguage\":\"ro-RO\"}]}<\/script>\n<!-- \/ Yoast SEO plugin. -->","yoast_head_json":{"title":"GDPR - Clauza de informare pentru participan\u021bii \u00een cadrul cursurilor de formare, Simpozioanelor \u0219i Academiilor - Chespa - printing inks, clichees, cutting dies","robots":{"index":"index","follow":"follow","max-snippet":"max-snippet:-1","max-image-preview":"max-image-preview:large","max-video-preview":"max-video-preview:-1"},"canonical":"https:\/\/www.chespa.eu\/ro\/rodo-klauzula-szkolenia-sympozja-akademia\/","og_locale":"ro_RO","og_type":"article","og_title":"GDPR - Clauza de informare pentru participan\u021bii \u00een cadrul cursurilor de formare, Simpozioanelor \u0219i Academiilor - Chespa - printing inks, clichees, cutting dies","og_description":"\u00cen conformitate cu articolul 13 alineatele (1) \u0219i (2) din Regulamentul general privind protec\u021bia datelor cu caracter personal din data de 27 aprilie 2016 (GDPR), v\u0103 inform\u0103m c\u0103: 1. Administratorul\/Co-administratorul datelor dumneavoastr\u0103 cu caracter personal este Grupul Chespa. 2. Pentru informa\u021bii cu privire la datele dumneavoastr\u0103 cu caracter personal \u0219i la toate celelalte informa\u021bii referitoare [&hellip;]","og_url":"https:\/\/www.chespa.eu\/ro\/rodo-klauzula-szkolenia-sympozja-akademia\/","og_site_name":"Chespa - printing inks, clichees, cutting dies","article_modified_time":"2023-03-29T12:22:47+00:00","og_image":[{"width":1920,"height":295,"url":"https:\/\/www.chespa.eu\/wp-content\/uploads\/2019\/03\/formularz-2.png","type":"image\/png"}],"twitter_card":"summary_large_image","twitter_misc":{"Est. reading time":"2 minutes"},"schema":{"@context":"https:\/\/schema.org","@graph":[{"@type":"WebPage","@id":"https:\/\/www.chespa.eu\/ro\/rodo-klauzula-szkolenia-sympozja-akademia\/","url":"https:\/\/www.chespa.eu\/ro\/rodo-klauzula-szkolenia-sympozja-akademia\/","name":"GDPR - Clauza de informare pentru participan\u021bii \u00een cadrul cursurilor de formare, Simpozioanelor \u0219i Academiilor - Chespa - printing inks, clichees, cutting dies","isPartOf":{"@id":"https:\/\/www.chespa.eu\/#website"},"primaryImageOfPage":{"@id":"https:\/\/www.chespa.eu\/ro\/rodo-klauzula-szkolenia-sympozja-akademia\/#primaryimage"},"image":{"@id":"https:\/\/www.chespa.eu\/ro\/rodo-klauzula-szkolenia-sympozja-akademia\/#primaryimage"},"thumbnailUrl":"https:\/\/www.chespa.eu\/wp-content\/uploads\/2019\/03\/formularz-2.png","datePublished":"2021-03-15T11:38:07+00:00","dateModified":"2023-03-29T12:22:47+00:00","breadcrumb":{"@id":"https:\/\/www.chespa.eu\/ro\/rodo-klauzula-szkolenia-sympozja-akademia\/#breadcrumb"},"inLanguage":"ro-RO","potentialAction":[{"@type":"ReadAction","target":["https:\/\/www.chespa.eu\/ro\/rodo-klauzula-szkolenia-sympozja-akademia\/"]}]},{"@type":"ImageObject","inLanguage":"ro-RO","@id":"https:\/\/www.chespa.eu\/ro\/rodo-klauzula-szkolenia-sympozja-akademia\/#primaryimage","url":"https:\/\/www.chespa.eu\/wp-content\/uploads\/2019\/03\/formularz-2.png","contentUrl":"https:\/\/www.chespa.eu\/wp-content\/uploads\/2019\/03\/formularz-2.png","width":1920,"height":295,"caption":"Formularz"},{"@type":"BreadcrumbList","@id":"https:\/\/www.chespa.eu\/ro\/rodo-klauzula-szkolenia-sympozja-akademia\/#breadcrumb","itemListElement":[{"@type":"ListItem","position":1,"name":"Strona g\u0142\u00f3wna","item":"https:\/\/www.chespa.eu\/"},{"@type":"ListItem","position":2,"name":"GDPR &#8211; Clauza de informare pentru participan\u021bii \u00een cadrul cursurilor de formare, Simpozioanelor \u0219i Academiilor"}]},{"@type":"WebSite","@id":"https:\/\/www.chespa.eu\/#website","url":"https:\/\/www.chespa.eu\/","name":"Chespa - printing inks, clichees, cutting dies","description":"","potentialAction":[{"@type":"SearchAction","target":{"@type":"EntryPoint","urlTemplate":"https:\/\/www.chespa.eu\/?s={search_term_string}"},"query-input":{"@type":"PropertyValueSpecification","valueRequired":true,"valueName":"search_term_string"}}],"inLanguage":"ro-RO"}]}},"_links":{"self":[{"href":"https:\/\/www.chespa.eu\/ro\/wp-json\/wp\/v2\/pages\/17154","targetHints":{"allow":["GET"]}}],"collection":[{"href":"https:\/\/www.chespa.eu\/ro\/wp-json\/wp\/v2\/pages"}],"about":[{"href":"https:\/\/www.chespa.eu\/ro\/wp-json\/wp\/v2\/types\/page"}],"author":[{"embeddable":true,"href":"https:\/\/www.chespa.eu\/ro\/wp-json\/wp\/v2\/users\/2"}],"replies":[{"embeddable":true,"href":"https:\/\/www.chespa.eu\/ro\/wp-json\/wp\/v2\/comments?post=17154"}],"version-history":[{"count":2,"href":"https:\/\/www.chespa.eu\/ro\/wp-json\/wp\/v2\/pages\/17154\/revisions"}],"predecessor-version":[{"id":17156,"href":"https:\/\/www.chespa.eu\/ro\/wp-json\/wp\/v2\/pages\/17154\/revisions\/17156"}],"wp:featuredmedia":[{"embeddable":true,"href":"https:\/\/www.chespa.eu\/ro\/wp-json\/wp\/v2\/media\/12655"}],"wp:attachment":[{"href":"https:\/\/www.chespa.eu\/ro\/wp-json\/wp\/v2\/media?parent=17154"}],"curies":[{"name":"wp","href":"https:\/\/api.w.org\/{rel}","templated":true}]}}