{"id":17136,"date":"2021-03-15T12:26:08","date_gmt":"2021-03-15T11:26:08","guid":{"rendered":"https:\/\/www.chespa.eu\/rodo-klauzula-klient\/"},"modified":"2023-03-29T12:54:53","modified_gmt":"2023-03-29T10:54:53","slug":"rodo-klauzula-klient","status":"publish","type":"page","link":"https:\/\/www.chespa.eu\/ro\/rodo-klauzula-klient\/","title":{"rendered":"GDPR &#8211; Clauza de informare pentru Client"},"content":{"rendered":"<p>\u00cen conformitate cu articolul 13 alineatele (1) \u0219i (2) din Regulamentul general privind protec\u021bia datelor cu caracter personal din data de 27 aprilie 2016 (GDPR), v\u0103 inform\u0103m c\u0103:<\/p>\n<p>1. Administratorul\/Co-administratorul datelor dumneavoastr\u0103 cu caracter personal este <a href=\"https:\/\/www.chespa.eu\/ro\/kontakt\/\">Grupul Chespa<\/a>.<\/p>\n<p>2. Pentru informa\u021bii cu privire la datele dumneavoastr\u0103 cu caracter personal \u0219i la toate celelalte informa\u021bii referitoare la GDPR, v\u0103 rug\u0103m s\u0103 ne contacta\u021bi prin intermediul: <a href=\"https:\/\/www.chespa.eu\/ro\/formularz-kontaktowy\/\">formularului de contact<\/a> \u0219i dup\u0103 alegerea destinatarului: GDPR.<\/p>\n<p>3. Datele dumneavoastr\u0103 cu caracter personal vor fi prelucrate de c\u0103tre companiile din Grupul Chespa, \u00een scopul comunic\u0103rii aferente execut\u0103rii unui contract sau realiz\u0103rii unei comenzi (produse \u0219i servicii, inclusiv proiecte, comandate \u0219i prin intermediul platformei CDC \u0219i a platformei <a href=\"https:\/\/orders.chespa.eu\/ISZ\/LogIn.aspx?ReturnUrl=%2fISZ%2fWebFormMain.aspx\">Comand\u0103 Vopsele<\/a>), pe baza consim\u021b\u0103m\u00e2ntului dumneavoastr\u0103 &#8211; articolul 6 alineatul 1 litera a din GDPR.<\/p>\n<p>4. Datele dumneavoastr\u0103 cu caracter personal pot fi transferate c\u0103tre companii care au rolul de operatori de servere \u0219i operatori de pagini de internet care ac\u021bioneaz\u0103 \u00een numele Administratorului.<\/p>\n<p>5. Datele dumneavoastr\u0103 cu caracter personal nu vor fi transferate \u00een ter\u021be \u021b\u0103ri.<\/p>\n<p>6. Datele dumneavoastr\u0103 cu caracter personal vor fi prelucrate p\u00e2n\u0103 c\u00e2nd v\u0103 ve\u021bi revoca consim\u021b\u0103m\u00e2ntul sau p\u00e2n\u0103 la \u00eencheierea colabor\u0103rii.<\/p>\n<p>7. Ave\u021bi dreptul de acces la con\u021binutul datelor dumneavoastr\u0103 cu caracter personal \u0219i dreptul la rectificare, \u0219tergere, restric\u021bionarea prelucr\u0103rii, dreptul la portabilitatea datelor \u0219i dreptul de a v\u0103 revoca consim\u021b\u0103m\u00e2ntul \u00een orice moment, f\u0103r\u0103 a afecta legalitatea prelucr\u0103rii efectuate pe baza consim\u021b\u0103m\u00e2ntului dumneavoastr\u0103 \u00eenainte de revocarea acestuia.<\/p>\n<p>8. Furnizarea de c\u0103tre dumneavoastr\u0103 a datelor cu caracter personal este voluntar\u0103.<\/p>\n<p>9. Ave\u021bi dreptul de a depune o pl\u00e2ngere la Pre\u0219edintele Oficiului pentru protec\u021bia datelor cu caracter personal (ul. Stawki 2, 00-193 Var\u0219ovia) \u00een cazul \u00een care considera\u021bi c\u0103 prelucrarea datelor dumneavoastr\u0103 cu caracter personal \u00eencalc\u0103 prevederile legale.<\/p>\n<p>10. Datele dumneavoastr\u0103 nu vor fi prelucrate \u00een mod automat sau prin crearea de profiluri.<\/p>\n<p>&nbsp;<\/p>\n<p>&nbsp;<\/p>\n","protected":false},"excerpt":{"rendered":"<p>\u00cen conformitate cu articolul 13 alineatele (1) \u0219i (2) din Regulamentul general privind protec\u021bia datelor cu caracter personal din data de 27 aprilie 2016 (GDPR), v\u0103 inform\u0103m c\u0103: 1. Administratorul\/Co-administratorul datelor dumneavoastr\u0103 cu caracter personal este Grupul Chespa. 2. Pentru informa\u021bii cu privire la datele dumneavoastr\u0103 cu caracter personal \u0219i la toate celelalte informa\u021bii referitoare [&hellip;]<\/p>\n","protected":false},"author":2,"featured_media":12655,"parent":0,"menu_order":0,"comment_status":"closed","ping_status":"closed","template":"","meta":{"_acf_changed":false,"footnotes":""},"class_list":["post-17136","page","type-page","status-publish","has-post-thumbnail","hentry"],"acf":[],"yoast_head":"<!-- This site is optimized with the Yoast SEO plugin v27.3 - https:\/\/yoast.com\/product\/yoast-seo-wordpress\/ -->\n<title>GDPR - Clauza de informare pentru Client - Chespa - printing inks, clichees, cutting dies<\/title>\n<meta name=\"robots\" content=\"index, follow, max-snippet:-1, max-image-preview:large, max-video-preview:-1\" \/>\n<link rel=\"canonical\" href=\"https:\/\/www.chespa.eu\/ro\/rodo-klauzula-klient\/\" \/>\n<meta property=\"og:locale\" content=\"ro_RO\" \/>\n<meta property=\"og:type\" content=\"article\" \/>\n<meta property=\"og:title\" content=\"GDPR - Clauza de informare pentru Client - Chespa - printing inks, clichees, cutting dies\" \/>\n<meta property=\"og:description\" content=\"\u00cen conformitate cu articolul 13 alineatele (1) \u0219i (2) din Regulamentul general privind protec\u021bia datelor cu caracter personal din data de 27 aprilie 2016 (GDPR), v\u0103 inform\u0103m c\u0103: 1. Administratorul\/Co-administratorul datelor dumneavoastr\u0103 cu caracter personal este Grupul Chespa. 2. Pentru informa\u021bii cu privire la datele dumneavoastr\u0103 cu caracter personal \u0219i la toate celelalte informa\u021bii referitoare [&hellip;]\" \/>\n<meta property=\"og:url\" content=\"https:\/\/www.chespa.eu\/ro\/rodo-klauzula-klient\/\" \/>\n<meta property=\"og:site_name\" content=\"Chespa - printing inks, clichees, cutting dies\" \/>\n<meta property=\"article:modified_time\" content=\"2023-03-29T10:54:53+00:00\" \/>\n<meta property=\"og:image\" content=\"https:\/\/www.chespa.eu\/wp-content\/uploads\/2019\/03\/formularz-2.png\" \/>\n\t<meta property=\"og:image:width\" content=\"1920\" \/>\n\t<meta property=\"og:image:height\" content=\"295\" \/>\n\t<meta property=\"og:image:type\" content=\"image\/png\" \/>\n<meta name=\"twitter:card\" content=\"summary_large_image\" \/>\n<meta name=\"twitter:label1\" content=\"Est. reading time\" \/>\n\t<meta name=\"twitter:data1\" content=\"2 minutes\" \/>\n<script type=\"application\/ld+json\" class=\"yoast-schema-graph\">{\"@context\":\"https:\\\/\\\/schema.org\",\"@graph\":[{\"@type\":\"WebPage\",\"@id\":\"https:\\\/\\\/www.chespa.eu\\\/ro\\\/rodo-klauzula-klient\\\/\",\"url\":\"https:\\\/\\\/www.chespa.eu\\\/ro\\\/rodo-klauzula-klient\\\/\",\"name\":\"GDPR - Clauza de informare pentru Client - Chespa - printing inks, clichees, cutting dies\",\"isPartOf\":{\"@id\":\"https:\\\/\\\/www.chespa.eu\\\/#website\"},\"primaryImageOfPage\":{\"@id\":\"https:\\\/\\\/www.chespa.eu\\\/ro\\\/rodo-klauzula-klient\\\/#primaryimage\"},\"image\":{\"@id\":\"https:\\\/\\\/www.chespa.eu\\\/ro\\\/rodo-klauzula-klient\\\/#primaryimage\"},\"thumbnailUrl\":\"https:\\\/\\\/www.chespa.eu\\\/wp-content\\\/uploads\\\/2019\\\/03\\\/formularz-2.png\",\"datePublished\":\"2021-03-15T11:26:08+00:00\",\"dateModified\":\"2023-03-29T10:54:53+00:00\",\"breadcrumb\":{\"@id\":\"https:\\\/\\\/www.chespa.eu\\\/ro\\\/rodo-klauzula-klient\\\/#breadcrumb\"},\"inLanguage\":\"ro-RO\",\"potentialAction\":[{\"@type\":\"ReadAction\",\"target\":[\"https:\\\/\\\/www.chespa.eu\\\/ro\\\/rodo-klauzula-klient\\\/\"]}]},{\"@type\":\"ImageObject\",\"inLanguage\":\"ro-RO\",\"@id\":\"https:\\\/\\\/www.chespa.eu\\\/ro\\\/rodo-klauzula-klient\\\/#primaryimage\",\"url\":\"https:\\\/\\\/www.chespa.eu\\\/wp-content\\\/uploads\\\/2019\\\/03\\\/formularz-2.png\",\"contentUrl\":\"https:\\\/\\\/www.chespa.eu\\\/wp-content\\\/uploads\\\/2019\\\/03\\\/formularz-2.png\",\"width\":1920,\"height\":295,\"caption\":\"Formularz\"},{\"@type\":\"BreadcrumbList\",\"@id\":\"https:\\\/\\\/www.chespa.eu\\\/ro\\\/rodo-klauzula-klient\\\/#breadcrumb\",\"itemListElement\":[{\"@type\":\"ListItem\",\"position\":1,\"name\":\"Strona g\u0142\u00f3wna\",\"item\":\"https:\\\/\\\/www.chespa.eu\\\/\"},{\"@type\":\"ListItem\",\"position\":2,\"name\":\"GDPR &#8211; Clauza de informare pentru Client\"}]},{\"@type\":\"WebSite\",\"@id\":\"https:\\\/\\\/www.chespa.eu\\\/#website\",\"url\":\"https:\\\/\\\/www.chespa.eu\\\/\",\"name\":\"Chespa - printing inks, clichees, cutting dies\",\"description\":\"\",\"potentialAction\":[{\"@type\":\"SearchAction\",\"target\":{\"@type\":\"EntryPoint\",\"urlTemplate\":\"https:\\\/\\\/www.chespa.eu\\\/?s={search_term_string}\"},\"query-input\":{\"@type\":\"PropertyValueSpecification\",\"valueRequired\":true,\"valueName\":\"search_term_string\"}}],\"inLanguage\":\"ro-RO\"}]}<\/script>\n<!-- \/ Yoast SEO plugin. -->","yoast_head_json":{"title":"GDPR - Clauza de informare pentru Client - Chespa - printing inks, clichees, cutting dies","robots":{"index":"index","follow":"follow","max-snippet":"max-snippet:-1","max-image-preview":"max-image-preview:large","max-video-preview":"max-video-preview:-1"},"canonical":"https:\/\/www.chespa.eu\/ro\/rodo-klauzula-klient\/","og_locale":"ro_RO","og_type":"article","og_title":"GDPR - Clauza de informare pentru Client - Chespa - printing inks, clichees, cutting dies","og_description":"\u00cen conformitate cu articolul 13 alineatele (1) \u0219i (2) din Regulamentul general privind protec\u021bia datelor cu caracter personal din data de 27 aprilie 2016 (GDPR), v\u0103 inform\u0103m c\u0103: 1. Administratorul\/Co-administratorul datelor dumneavoastr\u0103 cu caracter personal este Grupul Chespa. 2. Pentru informa\u021bii cu privire la datele dumneavoastr\u0103 cu caracter personal \u0219i la toate celelalte informa\u021bii referitoare [&hellip;]","og_url":"https:\/\/www.chespa.eu\/ro\/rodo-klauzula-klient\/","og_site_name":"Chespa - printing inks, clichees, cutting dies","article_modified_time":"2023-03-29T10:54:53+00:00","og_image":[{"width":1920,"height":295,"url":"https:\/\/www.chespa.eu\/wp-content\/uploads\/2019\/03\/formularz-2.png","type":"image\/png"}],"twitter_card":"summary_large_image","twitter_misc":{"Est. reading time":"2 minutes"},"schema":{"@context":"https:\/\/schema.org","@graph":[{"@type":"WebPage","@id":"https:\/\/www.chespa.eu\/ro\/rodo-klauzula-klient\/","url":"https:\/\/www.chespa.eu\/ro\/rodo-klauzula-klient\/","name":"GDPR - Clauza de informare pentru Client - Chespa - printing inks, clichees, cutting dies","isPartOf":{"@id":"https:\/\/www.chespa.eu\/#website"},"primaryImageOfPage":{"@id":"https:\/\/www.chespa.eu\/ro\/rodo-klauzula-klient\/#primaryimage"},"image":{"@id":"https:\/\/www.chespa.eu\/ro\/rodo-klauzula-klient\/#primaryimage"},"thumbnailUrl":"https:\/\/www.chespa.eu\/wp-content\/uploads\/2019\/03\/formularz-2.png","datePublished":"2021-03-15T11:26:08+00:00","dateModified":"2023-03-29T10:54:53+00:00","breadcrumb":{"@id":"https:\/\/www.chespa.eu\/ro\/rodo-klauzula-klient\/#breadcrumb"},"inLanguage":"ro-RO","potentialAction":[{"@type":"ReadAction","target":["https:\/\/www.chespa.eu\/ro\/rodo-klauzula-klient\/"]}]},{"@type":"ImageObject","inLanguage":"ro-RO","@id":"https:\/\/www.chespa.eu\/ro\/rodo-klauzula-klient\/#primaryimage","url":"https:\/\/www.chespa.eu\/wp-content\/uploads\/2019\/03\/formularz-2.png","contentUrl":"https:\/\/www.chespa.eu\/wp-content\/uploads\/2019\/03\/formularz-2.png","width":1920,"height":295,"caption":"Formularz"},{"@type":"BreadcrumbList","@id":"https:\/\/www.chespa.eu\/ro\/rodo-klauzula-klient\/#breadcrumb","itemListElement":[{"@type":"ListItem","position":1,"name":"Strona g\u0142\u00f3wna","item":"https:\/\/www.chespa.eu\/"},{"@type":"ListItem","position":2,"name":"GDPR &#8211; Clauza de informare pentru Client"}]},{"@type":"WebSite","@id":"https:\/\/www.chespa.eu\/#website","url":"https:\/\/www.chespa.eu\/","name":"Chespa - printing inks, clichees, cutting dies","description":"","potentialAction":[{"@type":"SearchAction","target":{"@type":"EntryPoint","urlTemplate":"https:\/\/www.chespa.eu\/?s={search_term_string}"},"query-input":{"@type":"PropertyValueSpecification","valueRequired":true,"valueName":"search_term_string"}}],"inLanguage":"ro-RO"}]}},"_links":{"self":[{"href":"https:\/\/www.chespa.eu\/ro\/wp-json\/wp\/v2\/pages\/17136","targetHints":{"allow":["GET"]}}],"collection":[{"href":"https:\/\/www.chespa.eu\/ro\/wp-json\/wp\/v2\/pages"}],"about":[{"href":"https:\/\/www.chespa.eu\/ro\/wp-json\/wp\/v2\/types\/page"}],"author":[{"embeddable":true,"href":"https:\/\/www.chespa.eu\/ro\/wp-json\/wp\/v2\/users\/2"}],"replies":[{"embeddable":true,"href":"https:\/\/www.chespa.eu\/ro\/wp-json\/wp\/v2\/comments?post=17136"}],"version-history":[{"count":4,"href":"https:\/\/www.chespa.eu\/ro\/wp-json\/wp\/v2\/pages\/17136\/revisions"}],"predecessor-version":[{"id":17140,"href":"https:\/\/www.chespa.eu\/ro\/wp-json\/wp\/v2\/pages\/17136\/revisions\/17140"}],"wp:featuredmedia":[{"embeddable":true,"href":"https:\/\/www.chespa.eu\/ro\/wp-json\/wp\/v2\/media\/12655"}],"wp:attachment":[{"href":"https:\/\/www.chespa.eu\/ro\/wp-json\/wp\/v2\/media?parent=17136"}],"curies":[{"name":"wp","href":"https:\/\/api.w.org\/{rel}","templated":true}]}}