{"id":17049,"date":"2023-03-16T11:48:17","date_gmt":"2023-03-16T10:48:17","guid":{"rendered":"https:\/\/www.chespa.eu\/pliki-cyfrowe-informacja-flexo\/"},"modified":"2023-03-16T12:46:40","modified_gmt":"2023-03-16T11:46:40","slug":"pliki-cyfrowe-informacja-flexo","status":"publish","type":"page","link":"https:\/\/www.chespa.eu\/ro\/pliki-cyfrowe-informacja-flexo\/","title":{"rendered":"Specifica\u021biile &#8211; FLEXO"},"content":{"rendered":"<p>Specifica\u021biile privind preg\u0103tirea fi\u0219ierelor digitale \u00een vederea reproces\u0103rii ulterioare.<\/p>\n<p>Programe acceptabile (cele mai recente versiuni):<\/p>\n<ul>\n<li>ArtPro<\/li>\n<li>Adobe Illustrator<\/li>\n<li>Adobe Photoshop<\/li>\n<\/ul>\n<p>Fonturi:<\/p>\n<ul>\n<li>\u00cen cazul \u00een care lucrarea con\u021bine texte ca fonturi, v\u0103 rug\u0103m s\u0103 le include\u021bi.<\/li>\n<li>Fi\u0219iere \u00een dou\u0103 versiuni:<\/li>\n<\/ul>\n<ol>\n<li>&#8211; fonturi care nu sunt convertite \u00een curbe.<\/li>\n<li>&#8211; fonturi convertite \u00een curbe (outlined).<\/li>\n<\/ol>\n<ul>\n<li>Dimensiunea textelor obligatorii (litera mic\u0103 &#8220;x&#8221;) trebuie s\u0103 fie de cel pu\u021bin 0,9 mm pentru ambalajele foarte mici \u0219i de cel pu\u021bin 1,2 mm pentru restul.<\/li>\n<\/ul>\n<p>&nbsp;<\/p>\n<p>Fotografii \u0219i bitmap-uri:<\/p>\n<ul>\n<li>\u00centotdeauna (dac\u0103 este posibil), v\u0103 rug\u0103m s\u0103 include\u021bi elementele care nu sunt vectoriale ca fi\u0219iere separate. De preferin\u021b\u0103, fi\u0219iere .psd cu straturile, canalele \u0219i selec\u021biile p\u0103strate.<\/li>\n<li>Include\u021bi o descriere a efectelor utilizate \u00eempreun\u0103 cu parametrii aferen\u021bi.<\/li>\n<li>V\u0103 rug\u0103m s\u0103 furniza\u021bi fotografia \u00een rezolu\u021bie original\u0103 (de obicei 300dpi).<\/li>\n<li>V\u0103 rug\u0103m s\u0103 nu scala\u021bi bitmap-urile \u00een programele de machetare (trebuie s\u0103 fie la o scar\u0103 de 1:1).<\/li>\n<li>H\u0103r\u021bi de 1 bit &#8211; 800dpi.<\/li>\n<li>V\u0103 rug\u0103m s\u0103 nu trimite\u021bi texte \u00een Photoshop sau \u00een alte programe de tip bitmap.<\/li>\n<\/ul>\n<p>&nbsp;<\/p>\n<p>Acoperire maxim\u0103 cu cerneal\u0103:<\/p>\n<ul>\n<li>Aceasta variaz\u0103 \u00eentre 270 \u0219i 320%. \u00cen cazul culorilor calde, ave\u021bi grij\u0103 c\u00e2nd folosi\u021bi cyan (provoac\u0103 nuan\u021be vine\u021bii) iar \u00een cazul culorilor reci, magenta (ro\u0219ea\u021b\u0103).<\/li>\n<\/ul>\n<p>&nbsp;<\/p>\n<p>Alte elemente:<\/p>\n<ul>\n<li>Linii libere min. 0.17, linii negative min. 0.2-0.3 mm.<\/li>\n<li>Trebuie evitat\u0103 contrastarea textelor \u00een mai mult de o separare, dar, dac\u0103 este necesar, marginile interioare ale literelor, de cel pu\u021bin 0,1 mm, trebuie s\u0103 fie l\u0103sate \u00eentr-o singur\u0103 separare (celelalte culori vor fi retrase).<\/li>\n<li>Textul neimprimat (subliniere) necesit\u0103 o l\u0103\u021bime minim\u0103 a liniei de aproximativ 0,4 mm, litere de culoare deschis\u0103 pe un fundal \u00eenchis (ma\u0219inile precise au o toleran\u021b\u0103 de nepotrivire de 0,1-0,2 mm); \u00een cazul literelor \u00eenchise la culoare, acestea trebuie s\u0103 fie tip\u0103rite sau s\u0103 se ia \u00een considerare o suprapunere.<\/li>\n<li>Un punct de raster de 1-2% cre\u0219te optic la aproximativ 5 &#8211; 6%, acest lucru trebuie luat \u00een considerare atunci c\u00e2nd se utilizeaz\u0103, de exemplu, tranzi\u021bii tonale de la a\u0219a-numitul 0%, se va crea o margine vizibil\u0103.<\/li>\n<li>Include\u021bi grile la scara 1:1 cu descrierea laturilor (externe sau interne).<\/li>\n<li>Include\u021bi marginile \u00een fotografii.<\/li>\n<li>V\u0103 rug\u0103m s\u0103 trimite\u021bi o imagine de ansamblu a dispunerii graficii pe gril\u0103.<\/li>\n<li>V\u0103 rug\u0103m s\u0103 marca\u021bi suportul alb dac\u0103 substratul (folia) nu va fi alb.<\/li>\n<li>Distan\u021ba graficului fa\u021b\u0103 de linia de t\u0103iere a foliei: 2 mm.<\/li>\n<li>Cod de bare minim SC2 (100%).<\/li>\n<\/ul>\n","protected":false},"excerpt":{"rendered":"<p>Specifica\u021biile privind preg\u0103tirea fi\u0219ierelor digitale \u00een vederea reproces\u0103rii ulterioare. Programe acceptabile (cele mai recente versiuni): ArtPro Adobe Illustrator Adobe Photoshop Fonturi: \u00cen cazul \u00een care lucrarea con\u021bine texte ca fonturi, v\u0103 rug\u0103m s\u0103 le include\u021bi. Fi\u0219iere \u00een dou\u0103 versiuni: &#8211; fonturi care nu sunt convertite \u00een curbe. &#8211; fonturi convertite \u00een curbe (outlined). Dimensiunea textelor [&hellip;]<\/p>\n","protected":false},"author":2,"featured_media":10079,"parent":0,"menu_order":0,"comment_status":"closed","ping_status":"closed","template":"","meta":{"_acf_changed":false,"footnotes":""},"class_list":["post-17049","page","type-page","status-publish","has-post-thumbnail","hentry"],"acf":[],"yoast_head":"<!-- This site is optimized with the Yoast SEO plugin v27.3 - https:\/\/yoast.com\/product\/yoast-seo-wordpress\/ -->\n<title>Specifica\u021biile - FLEXO - Chespa - printing inks, clichees, cutting dies<\/title>\n<meta name=\"robots\" content=\"index, follow, max-snippet:-1, max-image-preview:large, max-video-preview:-1\" \/>\n<link rel=\"canonical\" href=\"https:\/\/www.chespa.eu\/ro\/pliki-cyfrowe-informacja-flexo\/\" \/>\n<meta property=\"og:locale\" content=\"ro_RO\" \/>\n<meta property=\"og:type\" content=\"article\" \/>\n<meta property=\"og:title\" content=\"Specifica\u021biile - FLEXO - Chespa - printing inks, clichees, cutting dies\" \/>\n<meta property=\"og:description\" content=\"Specifica\u021biile privind preg\u0103tirea fi\u0219ierelor digitale \u00een vederea reproces\u0103rii ulterioare. Programe acceptabile (cele mai recente versiuni): ArtPro Adobe Illustrator Adobe Photoshop Fonturi: \u00cen cazul \u00een care lucrarea con\u021bine texte ca fonturi, v\u0103 rug\u0103m s\u0103 le include\u021bi. Fi\u0219iere \u00een dou\u0103 versiuni: &#8211; fonturi care nu sunt convertite \u00een curbe. &#8211; fonturi convertite \u00een curbe (outlined). Dimensiunea textelor [&hellip;]\" \/>\n<meta property=\"og:url\" content=\"https:\/\/www.chespa.eu\/ro\/pliki-cyfrowe-informacja-flexo\/\" \/>\n<meta property=\"og:site_name\" content=\"Chespa - printing inks, clichees, cutting dies\" \/>\n<meta property=\"article:modified_time\" content=\"2023-03-16T11:46:40+00:00\" \/>\n<meta property=\"og:image\" content=\"https:\/\/www.chespa.eu\/wp-content\/uploads\/2016\/11\/crs.png\" \/>\n\t<meta property=\"og:image:width\" content=\"1920\" \/>\n\t<meta property=\"og:image:height\" content=\"295\" \/>\n\t<meta property=\"og:image:type\" content=\"image\/png\" \/>\n<meta name=\"twitter:card\" content=\"summary_large_image\" \/>\n<meta name=\"twitter:label1\" content=\"Est. reading time\" \/>\n\t<meta name=\"twitter:data1\" content=\"3 minutes\" \/>\n<script type=\"application\/ld+json\" class=\"yoast-schema-graph\">{\"@context\":\"https:\\\/\\\/schema.org\",\"@graph\":[{\"@type\":\"WebPage\",\"@id\":\"https:\\\/\\\/www.chespa.eu\\\/ro\\\/pliki-cyfrowe-informacja-flexo\\\/\",\"url\":\"https:\\\/\\\/www.chespa.eu\\\/ro\\\/pliki-cyfrowe-informacja-flexo\\\/\",\"name\":\"Specifica\u021biile - FLEXO - Chespa - printing inks, clichees, cutting dies\",\"isPartOf\":{\"@id\":\"https:\\\/\\\/www.chespa.eu\\\/#website\"},\"primaryImageOfPage\":{\"@id\":\"https:\\\/\\\/www.chespa.eu\\\/ro\\\/pliki-cyfrowe-informacja-flexo\\\/#primaryimage\"},\"image\":{\"@id\":\"https:\\\/\\\/www.chespa.eu\\\/ro\\\/pliki-cyfrowe-informacja-flexo\\\/#primaryimage\"},\"thumbnailUrl\":\"https:\\\/\\\/www.chespa.eu\\\/wp-content\\\/uploads\\\/2016\\\/11\\\/crs.png\",\"datePublished\":\"2023-03-16T10:48:17+00:00\",\"dateModified\":\"2023-03-16T11:46:40+00:00\",\"breadcrumb\":{\"@id\":\"https:\\\/\\\/www.chespa.eu\\\/ro\\\/pliki-cyfrowe-informacja-flexo\\\/#breadcrumb\"},\"inLanguage\":\"ro-RO\",\"potentialAction\":[{\"@type\":\"ReadAction\",\"target\":[\"https:\\\/\\\/www.chespa.eu\\\/ro\\\/pliki-cyfrowe-informacja-flexo\\\/\"]}]},{\"@type\":\"ImageObject\",\"inLanguage\":\"ro-RO\",\"@id\":\"https:\\\/\\\/www.chespa.eu\\\/ro\\\/pliki-cyfrowe-informacja-flexo\\\/#primaryimage\",\"url\":\"https:\\\/\\\/www.chespa.eu\\\/wp-content\\\/uploads\\\/2016\\\/11\\\/crs.png\",\"contentUrl\":\"https:\\\/\\\/www.chespa.eu\\\/wp-content\\\/uploads\\\/2016\\\/11\\\/crs.png\",\"width\":1920,\"height\":295},{\"@type\":\"BreadcrumbList\",\"@id\":\"https:\\\/\\\/www.chespa.eu\\\/ro\\\/pliki-cyfrowe-informacja-flexo\\\/#breadcrumb\",\"itemListElement\":[{\"@type\":\"ListItem\",\"position\":1,\"name\":\"Strona g\u0142\u00f3wna\",\"item\":\"https:\\\/\\\/www.chespa.eu\\\/\"},{\"@type\":\"ListItem\",\"position\":2,\"name\":\"Specifica\u021biile &#8211; FLEXO\"}]},{\"@type\":\"WebSite\",\"@id\":\"https:\\\/\\\/www.chespa.eu\\\/#website\",\"url\":\"https:\\\/\\\/www.chespa.eu\\\/\",\"name\":\"Chespa - printing inks, clichees, cutting dies\",\"description\":\"\",\"potentialAction\":[{\"@type\":\"SearchAction\",\"target\":{\"@type\":\"EntryPoint\",\"urlTemplate\":\"https:\\\/\\\/www.chespa.eu\\\/?s={search_term_string}\"},\"query-input\":{\"@type\":\"PropertyValueSpecification\",\"valueRequired\":true,\"valueName\":\"search_term_string\"}}],\"inLanguage\":\"ro-RO\"}]}<\/script>\n<!-- \/ Yoast SEO plugin. -->","yoast_head_json":{"title":"Specifica\u021biile - FLEXO - Chespa - printing inks, clichees, cutting dies","robots":{"index":"index","follow":"follow","max-snippet":"max-snippet:-1","max-image-preview":"max-image-preview:large","max-video-preview":"max-video-preview:-1"},"canonical":"https:\/\/www.chespa.eu\/ro\/pliki-cyfrowe-informacja-flexo\/","og_locale":"ro_RO","og_type":"article","og_title":"Specifica\u021biile - FLEXO - Chespa - printing inks, clichees, cutting dies","og_description":"Specifica\u021biile privind preg\u0103tirea fi\u0219ierelor digitale \u00een vederea reproces\u0103rii ulterioare. Programe acceptabile (cele mai recente versiuni): ArtPro Adobe Illustrator Adobe Photoshop Fonturi: \u00cen cazul \u00een care lucrarea con\u021bine texte ca fonturi, v\u0103 rug\u0103m s\u0103 le include\u021bi. Fi\u0219iere \u00een dou\u0103 versiuni: &#8211; fonturi care nu sunt convertite \u00een curbe. &#8211; fonturi convertite \u00een curbe (outlined). Dimensiunea textelor [&hellip;]","og_url":"https:\/\/www.chespa.eu\/ro\/pliki-cyfrowe-informacja-flexo\/","og_site_name":"Chespa - printing inks, clichees, cutting dies","article_modified_time":"2023-03-16T11:46:40+00:00","og_image":[{"width":1920,"height":295,"url":"https:\/\/www.chespa.eu\/wp-content\/uploads\/2016\/11\/crs.png","type":"image\/png"}],"twitter_card":"summary_large_image","twitter_misc":{"Est. reading time":"3 minutes"},"schema":{"@context":"https:\/\/schema.org","@graph":[{"@type":"WebPage","@id":"https:\/\/www.chespa.eu\/ro\/pliki-cyfrowe-informacja-flexo\/","url":"https:\/\/www.chespa.eu\/ro\/pliki-cyfrowe-informacja-flexo\/","name":"Specifica\u021biile - FLEXO - Chespa - printing inks, clichees, cutting dies","isPartOf":{"@id":"https:\/\/www.chespa.eu\/#website"},"primaryImageOfPage":{"@id":"https:\/\/www.chespa.eu\/ro\/pliki-cyfrowe-informacja-flexo\/#primaryimage"},"image":{"@id":"https:\/\/www.chespa.eu\/ro\/pliki-cyfrowe-informacja-flexo\/#primaryimage"},"thumbnailUrl":"https:\/\/www.chespa.eu\/wp-content\/uploads\/2016\/11\/crs.png","datePublished":"2023-03-16T10:48:17+00:00","dateModified":"2023-03-16T11:46:40+00:00","breadcrumb":{"@id":"https:\/\/www.chespa.eu\/ro\/pliki-cyfrowe-informacja-flexo\/#breadcrumb"},"inLanguage":"ro-RO","potentialAction":[{"@type":"ReadAction","target":["https:\/\/www.chespa.eu\/ro\/pliki-cyfrowe-informacja-flexo\/"]}]},{"@type":"ImageObject","inLanguage":"ro-RO","@id":"https:\/\/www.chespa.eu\/ro\/pliki-cyfrowe-informacja-flexo\/#primaryimage","url":"https:\/\/www.chespa.eu\/wp-content\/uploads\/2016\/11\/crs.png","contentUrl":"https:\/\/www.chespa.eu\/wp-content\/uploads\/2016\/11\/crs.png","width":1920,"height":295},{"@type":"BreadcrumbList","@id":"https:\/\/www.chespa.eu\/ro\/pliki-cyfrowe-informacja-flexo\/#breadcrumb","itemListElement":[{"@type":"ListItem","position":1,"name":"Strona g\u0142\u00f3wna","item":"https:\/\/www.chespa.eu\/"},{"@type":"ListItem","position":2,"name":"Specifica\u021biile &#8211; FLEXO"}]},{"@type":"WebSite","@id":"https:\/\/www.chespa.eu\/#website","url":"https:\/\/www.chespa.eu\/","name":"Chespa - printing inks, clichees, cutting dies","description":"","potentialAction":[{"@type":"SearchAction","target":{"@type":"EntryPoint","urlTemplate":"https:\/\/www.chespa.eu\/?s={search_term_string}"},"query-input":{"@type":"PropertyValueSpecification","valueRequired":true,"valueName":"search_term_string"}}],"inLanguage":"ro-RO"}]}},"_links":{"self":[{"href":"https:\/\/www.chespa.eu\/ro\/wp-json\/wp\/v2\/pages\/17049","targetHints":{"allow":["GET"]}}],"collection":[{"href":"https:\/\/www.chespa.eu\/ro\/wp-json\/wp\/v2\/pages"}],"about":[{"href":"https:\/\/www.chespa.eu\/ro\/wp-json\/wp\/v2\/types\/page"}],"author":[{"embeddable":true,"href":"https:\/\/www.chespa.eu\/ro\/wp-json\/wp\/v2\/users\/2"}],"replies":[{"embeddable":true,"href":"https:\/\/www.chespa.eu\/ro\/wp-json\/wp\/v2\/comments?post=17049"}],"version-history":[{"count":5,"href":"https:\/\/www.chespa.eu\/ro\/wp-json\/wp\/v2\/pages\/17049\/revisions"}],"predecessor-version":[{"id":17090,"href":"https:\/\/www.chespa.eu\/ro\/wp-json\/wp\/v2\/pages\/17049\/revisions\/17090"}],"wp:featuredmedia":[{"embeddable":true,"href":"https:\/\/www.chespa.eu\/ro\/wp-json\/wp\/v2\/media\/10079"}],"wp:attachment":[{"href":"https:\/\/www.chespa.eu\/ro\/wp-json\/wp\/v2\/media?parent=17049"}],"curies":[{"name":"wp","href":"https:\/\/api.w.org\/{rel}","templated":true}]}}