{"id":16779,"date":"2021-09-27T11:47:30","date_gmt":"2021-09-27T09:47:30","guid":{"rendered":"https:\/\/www.chespa.eu\/holygrail-digital-watermarks\/"},"modified":"2022-11-09T15:45:30","modified_gmt":"2022-11-09T14:45:30","slug":"holygrail-digital-watermarks","status":"publish","type":"page","link":"https:\/\/www.chespa.eu\/ro\/holygrail-digital-watermarks\/","title":{"rendered":"HolyGrail 2.0 &#038; Digital Watermarks"},"content":{"rendered":"<p>Suntem extrem de \u00eenc\u00e2nta\u021bi s\u0103 anun\u021b\u0103m c\u0103, la jum\u0103tatea anului 2021, Grupul CHESPA s-a al\u0103turat proiectului interna\u021bional &#8220;HolyGrail 2.0&#8221;, care \u00ee\u0219i propune s\u0103 dezvolte pe scar\u0103 larg\u0103 o economie cu circuit \u00eenchis prin crearea, cercetarea \u0219i dezvoltarea de tehnologii digitale pentru sortarea \u0219i reciclarea ambalajelor de-a lungul \u00eentregului lan\u021b al industriei ambalajelor.<\/p>\n<p>Aceasta este o idee nobil\u0103 \u0219i foarte ambi\u021bioas\u0103, desf\u0103\u0219urat\u0103 sub egida asocia\u021biei europene de m\u0103rci AIM (Association des Industries de Marque), la care s-au al\u0103turat deja peste 140 de organiza\u021bii \u0219i companii din industria ambalajelor.<\/p>\n<p>\u00cen calitate de membru oficial al ini\u021biativei de sustenabilitate, Grupul Chespa lucreaz\u0103 \u00een prezent la testarea unei solu\u021bii comune pentru reciclarea inteligent\u0103 a ambalajelor.<\/p>\n<p>Pentru mai multe informa\u021bii despre amploarea ideii &#8220;HolyGrail 2.0&#8221;, consulta\u021bi linkul de mai jos:<\/p>\n<p><a href=\"http:\/\/www.digitalwatermarks.eu\">www.digitalwatermarks.eu<\/a><\/p>\n<p><a href=\"http:\/\/www.digitalwatermarks.eu\"><img decoding=\"async\" src=\"https:\/\/static.wixstatic.com\/media\/0b39a1_6a42b643a7674b309dd54ebeb85dfa88~mv2.png\/v1\/fill\/w_442,h_260,al_c,q_85,usm_0.66_1.00_0.01\/AIM_DigitalWatermarks_WatReveal_Static_HolyGrail.webp\" alt=\"AIM_DigitalWatermarks_WatReveal_Static_HolyGrail.png\" \/><\/a><\/p>\n","protected":false},"excerpt":{"rendered":"<p>Suntem extrem de \u00eenc\u00e2nta\u021bi s\u0103 anun\u021b\u0103m c\u0103, la jum\u0103tatea anului 2021, Grupul CHESPA s-a al\u0103turat proiectului interna\u021bional &#8220;HolyGrail 2.0&#8221;, care \u00ee\u0219i propune s\u0103 dezvolte pe scar\u0103 larg\u0103 o economie cu circuit \u00eenchis prin crearea, cercetarea \u0219i dezvoltarea de tehnologii digitale pentru sortarea \u0219i reciclarea ambalajelor de-a lungul \u00eentregului lan\u021b al industriei ambalajelor. Aceasta este o [&hellip;]<\/p>\n","protected":false},"author":2,"featured_media":15996,"parent":0,"menu_order":0,"comment_status":"closed","ping_status":"closed","template":"","meta":{"_acf_changed":false,"footnotes":""},"class_list":["post-16779","page","type-page","status-publish","has-post-thumbnail","hentry"],"acf":[],"yoast_head":"<!-- This site is optimized with the Yoast SEO plugin v27.4 - https:\/\/yoast.com\/product\/yoast-seo-wordpress\/ -->\n<title>HolyGrail 2.0 &amp; Digital Watermarks - Chespa - printing inks, clichees, cutting dies<\/title>\n<meta name=\"description\" content=\"Suntem extrem de \u00eenc\u00e2nta\u021bi s\u0103 anun\u021b\u0103m c\u0103, la jum\u0103tatea anului 2021, Grupul CHESPA s-a al\u0103turat proiectului interna\u021bional &quot;HolyGrail 2.0&quot;, care \u00ee\u0219i propune s\u0103 dezvolte pe scar\u0103 larg\u0103 o economie cu circuit \u00eenchis prin crearea, cercetarea \u0219i dezvoltarea de tehnologii digitale pentru sortarea \u0219i reciclarea ambalajelor de-a lungul \u00eentregului lan\u021b al industriei ambalajelor. \u00cen calitate de membru oficial al ini\u021biativei de sustenabilitate, Grupul Chespa lucreaz\u0103 \u00een prezent la testarea unei solu\u021bii comune pentru reciclarea inteligent\u0103 a ambalajelor.\" \/>\n<meta name=\"robots\" content=\"index, follow, max-snippet:-1, max-image-preview:large, max-video-preview:-1\" \/>\n<link rel=\"canonical\" href=\"https:\/\/www.chespa.eu\/ro\/holygrail-digital-watermarks\/\" \/>\n<meta property=\"og:locale\" content=\"ro_RO\" \/>\n<meta property=\"og:type\" content=\"article\" \/>\n<meta property=\"og:title\" content=\"HolyGrail 2.0 &amp; Digital Watermarks - Chespa - printing inks, clichees, cutting dies\" \/>\n<meta property=\"og:description\" content=\"Suntem extrem de \u00eenc\u00e2nta\u021bi s\u0103 anun\u021b\u0103m c\u0103, la jum\u0103tatea anului 2021, Grupul CHESPA s-a al\u0103turat proiectului interna\u021bional &quot;HolyGrail 2.0&quot;, care \u00ee\u0219i propune s\u0103 dezvolte pe scar\u0103 larg\u0103 o economie cu circuit \u00eenchis prin crearea, cercetarea \u0219i dezvoltarea de tehnologii digitale pentru sortarea \u0219i reciclarea ambalajelor de-a lungul \u00eentregului lan\u021b al industriei ambalajelor. \u00cen calitate de membru oficial al ini\u021biativei de sustenabilitate, Grupul Chespa lucreaz\u0103 \u00een prezent la testarea unei solu\u021bii comune pentru reciclarea inteligent\u0103 a ambalajelor.\" \/>\n<meta property=\"og:url\" content=\"https:\/\/www.chespa.eu\/ro\/holygrail-digital-watermarks\/\" \/>\n<meta property=\"og:site_name\" content=\"Chespa - printing inks, clichees, cutting dies\" \/>\n<meta property=\"article:modified_time\" content=\"2022-11-09T14:45:30+00:00\" \/>\n<meta property=\"og:image\" content=\"https:\/\/www.chespa.eu\/wp-content\/uploads\/2022\/04\/nature-and-technology-.jpg\" \/>\n\t<meta property=\"og:image:width\" content=\"1920\" \/>\n\t<meta property=\"og:image:height\" content=\"295\" \/>\n\t<meta property=\"og:image:type\" content=\"image\/jpeg\" \/>\n<meta name=\"twitter:card\" content=\"summary_large_image\" \/>\n<meta name=\"twitter:label1\" content=\"Est. reading time\" \/>\n\t<meta name=\"twitter:data1\" content=\"1 minute\" \/>\n<script type=\"application\/ld+json\" class=\"yoast-schema-graph\">{\"@context\":\"https:\\\/\\\/schema.org\",\"@graph\":[{\"@type\":\"WebPage\",\"@id\":\"https:\\\/\\\/www.chespa.eu\\\/ro\\\/holygrail-digital-watermarks\\\/\",\"url\":\"https:\\\/\\\/www.chespa.eu\\\/ro\\\/holygrail-digital-watermarks\\\/\",\"name\":\"HolyGrail 2.0 & Digital Watermarks - Chespa - printing inks, clichees, cutting dies\",\"isPartOf\":{\"@id\":\"https:\\\/\\\/www.chespa.eu\\\/#website\"},\"primaryImageOfPage\":{\"@id\":\"https:\\\/\\\/www.chespa.eu\\\/ro\\\/holygrail-digital-watermarks\\\/#primaryimage\"},\"image\":{\"@id\":\"https:\\\/\\\/www.chespa.eu\\\/ro\\\/holygrail-digital-watermarks\\\/#primaryimage\"},\"thumbnailUrl\":\"https:\\\/\\\/www.chespa.eu\\\/wp-content\\\/uploads\\\/2022\\\/04\\\/nature-and-technology-.jpg\",\"datePublished\":\"2021-09-27T09:47:30+00:00\",\"dateModified\":\"2022-11-09T14:45:30+00:00\",\"description\":\"Suntem extrem de \u00eenc\u00e2nta\u021bi s\u0103 anun\u021b\u0103m c\u0103, la jum\u0103tatea anului 2021, Grupul CHESPA s-a al\u0103turat proiectului interna\u021bional \\\"HolyGrail 2.0\\\", care \u00ee\u0219i propune s\u0103 dezvolte pe scar\u0103 larg\u0103 o economie cu circuit \u00eenchis prin crearea, cercetarea \u0219i dezvoltarea de tehnologii digitale pentru sortarea \u0219i reciclarea ambalajelor de-a lungul \u00eentregului lan\u021b al industriei ambalajelor. \u00cen calitate de membru oficial al ini\u021biativei de sustenabilitate, Grupul Chespa lucreaz\u0103 \u00een prezent la testarea unei solu\u021bii comune pentru reciclarea inteligent\u0103 a ambalajelor.\",\"breadcrumb\":{\"@id\":\"https:\\\/\\\/www.chespa.eu\\\/ro\\\/holygrail-digital-watermarks\\\/#breadcrumb\"},\"inLanguage\":\"ro-RO\",\"potentialAction\":[{\"@type\":\"ReadAction\",\"target\":[\"https:\\\/\\\/www.chespa.eu\\\/ro\\\/holygrail-digital-watermarks\\\/\"]}]},{\"@type\":\"ImageObject\",\"inLanguage\":\"ro-RO\",\"@id\":\"https:\\\/\\\/www.chespa.eu\\\/ro\\\/holygrail-digital-watermarks\\\/#primaryimage\",\"url\":\"https:\\\/\\\/www.chespa.eu\\\/wp-content\\\/uploads\\\/2022\\\/04\\\/nature-and-technology-.jpg\",\"contentUrl\":\"https:\\\/\\\/www.chespa.eu\\\/wp-content\\\/uploads\\\/2022\\\/04\\\/nature-and-technology-.jpg\",\"width\":1920,\"height\":295},{\"@type\":\"BreadcrumbList\",\"@id\":\"https:\\\/\\\/www.chespa.eu\\\/ro\\\/holygrail-digital-watermarks\\\/#breadcrumb\",\"itemListElement\":[{\"@type\":\"ListItem\",\"position\":1,\"name\":\"Strona g\u0142\u00f3wna\",\"item\":\"https:\\\/\\\/www.chespa.eu\\\/\"},{\"@type\":\"ListItem\",\"position\":2,\"name\":\"HolyGrail 2.0 &#038; Digital Watermarks\"}]},{\"@type\":\"WebSite\",\"@id\":\"https:\\\/\\\/www.chespa.eu\\\/#website\",\"url\":\"https:\\\/\\\/www.chespa.eu\\\/\",\"name\":\"Chespa - printing inks, clichees, cutting dies\",\"description\":\"\",\"potentialAction\":[{\"@type\":\"SearchAction\",\"target\":{\"@type\":\"EntryPoint\",\"urlTemplate\":\"https:\\\/\\\/www.chespa.eu\\\/?s={search_term_string}\"},\"query-input\":{\"@type\":\"PropertyValueSpecification\",\"valueRequired\":true,\"valueName\":\"search_term_string\"}}],\"inLanguage\":\"ro-RO\"}]}<\/script>\n<!-- \/ Yoast SEO plugin. -->","yoast_head_json":{"title":"HolyGrail 2.0 & Digital Watermarks - Chespa - printing inks, clichees, cutting dies","description":"Suntem extrem de \u00eenc\u00e2nta\u021bi s\u0103 anun\u021b\u0103m c\u0103, la jum\u0103tatea anului 2021, Grupul CHESPA s-a al\u0103turat proiectului interna\u021bional \"HolyGrail 2.0\", care \u00ee\u0219i propune s\u0103 dezvolte pe scar\u0103 larg\u0103 o economie cu circuit \u00eenchis prin crearea, cercetarea \u0219i dezvoltarea de tehnologii digitale pentru sortarea \u0219i reciclarea ambalajelor de-a lungul \u00eentregului lan\u021b al industriei ambalajelor. \u00cen calitate de membru oficial al ini\u021biativei de sustenabilitate, Grupul Chespa lucreaz\u0103 \u00een prezent la testarea unei solu\u021bii comune pentru reciclarea inteligent\u0103 a ambalajelor.","robots":{"index":"index","follow":"follow","max-snippet":"max-snippet:-1","max-image-preview":"max-image-preview:large","max-video-preview":"max-video-preview:-1"},"canonical":"https:\/\/www.chespa.eu\/ro\/holygrail-digital-watermarks\/","og_locale":"ro_RO","og_type":"article","og_title":"HolyGrail 2.0 & Digital Watermarks - Chespa - printing inks, clichees, cutting dies","og_description":"Suntem extrem de \u00eenc\u00e2nta\u021bi s\u0103 anun\u021b\u0103m c\u0103, la jum\u0103tatea anului 2021, Grupul CHESPA s-a al\u0103turat proiectului interna\u021bional \"HolyGrail 2.0\", care \u00ee\u0219i propune s\u0103 dezvolte pe scar\u0103 larg\u0103 o economie cu circuit \u00eenchis prin crearea, cercetarea \u0219i dezvoltarea de tehnologii digitale pentru sortarea \u0219i reciclarea ambalajelor de-a lungul \u00eentregului lan\u021b al industriei ambalajelor. \u00cen calitate de membru oficial al ini\u021biativei de sustenabilitate, Grupul Chespa lucreaz\u0103 \u00een prezent la testarea unei solu\u021bii comune pentru reciclarea inteligent\u0103 a ambalajelor.","og_url":"https:\/\/www.chespa.eu\/ro\/holygrail-digital-watermarks\/","og_site_name":"Chespa - printing inks, clichees, cutting dies","article_modified_time":"2022-11-09T14:45:30+00:00","og_image":[{"width":1920,"height":295,"url":"https:\/\/www.chespa.eu\/wp-content\/uploads\/2022\/04\/nature-and-technology-.jpg","type":"image\/jpeg"}],"twitter_card":"summary_large_image","twitter_misc":{"Est. reading time":"1 minute"},"schema":{"@context":"https:\/\/schema.org","@graph":[{"@type":"WebPage","@id":"https:\/\/www.chespa.eu\/ro\/holygrail-digital-watermarks\/","url":"https:\/\/www.chespa.eu\/ro\/holygrail-digital-watermarks\/","name":"HolyGrail 2.0 & Digital Watermarks - Chespa - printing inks, clichees, cutting dies","isPartOf":{"@id":"https:\/\/www.chespa.eu\/#website"},"primaryImageOfPage":{"@id":"https:\/\/www.chespa.eu\/ro\/holygrail-digital-watermarks\/#primaryimage"},"image":{"@id":"https:\/\/www.chespa.eu\/ro\/holygrail-digital-watermarks\/#primaryimage"},"thumbnailUrl":"https:\/\/www.chespa.eu\/wp-content\/uploads\/2022\/04\/nature-and-technology-.jpg","datePublished":"2021-09-27T09:47:30+00:00","dateModified":"2022-11-09T14:45:30+00:00","description":"Suntem extrem de \u00eenc\u00e2nta\u021bi s\u0103 anun\u021b\u0103m c\u0103, la jum\u0103tatea anului 2021, Grupul CHESPA s-a al\u0103turat proiectului interna\u021bional \"HolyGrail 2.0\", care \u00ee\u0219i propune s\u0103 dezvolte pe scar\u0103 larg\u0103 o economie cu circuit \u00eenchis prin crearea, cercetarea \u0219i dezvoltarea de tehnologii digitale pentru sortarea \u0219i reciclarea ambalajelor de-a lungul \u00eentregului lan\u021b al industriei ambalajelor. \u00cen calitate de membru oficial al ini\u021biativei de sustenabilitate, Grupul Chespa lucreaz\u0103 \u00een prezent la testarea unei solu\u021bii comune pentru reciclarea inteligent\u0103 a ambalajelor.","breadcrumb":{"@id":"https:\/\/www.chespa.eu\/ro\/holygrail-digital-watermarks\/#breadcrumb"},"inLanguage":"ro-RO","potentialAction":[{"@type":"ReadAction","target":["https:\/\/www.chespa.eu\/ro\/holygrail-digital-watermarks\/"]}]},{"@type":"ImageObject","inLanguage":"ro-RO","@id":"https:\/\/www.chespa.eu\/ro\/holygrail-digital-watermarks\/#primaryimage","url":"https:\/\/www.chespa.eu\/wp-content\/uploads\/2022\/04\/nature-and-technology-.jpg","contentUrl":"https:\/\/www.chespa.eu\/wp-content\/uploads\/2022\/04\/nature-and-technology-.jpg","width":1920,"height":295},{"@type":"BreadcrumbList","@id":"https:\/\/www.chespa.eu\/ro\/holygrail-digital-watermarks\/#breadcrumb","itemListElement":[{"@type":"ListItem","position":1,"name":"Strona g\u0142\u00f3wna","item":"https:\/\/www.chespa.eu\/"},{"@type":"ListItem","position":2,"name":"HolyGrail 2.0 &#038; Digital Watermarks"}]},{"@type":"WebSite","@id":"https:\/\/www.chespa.eu\/#website","url":"https:\/\/www.chespa.eu\/","name":"Chespa - printing inks, clichees, cutting dies","description":"","potentialAction":[{"@type":"SearchAction","target":{"@type":"EntryPoint","urlTemplate":"https:\/\/www.chespa.eu\/?s={search_term_string}"},"query-input":{"@type":"PropertyValueSpecification","valueRequired":true,"valueName":"search_term_string"}}],"inLanguage":"ro-RO"}]}},"_links":{"self":[{"href":"https:\/\/www.chespa.eu\/ro\/wp-json\/wp\/v2\/pages\/16779","targetHints":{"allow":["GET"]}}],"collection":[{"href":"https:\/\/www.chespa.eu\/ro\/wp-json\/wp\/v2\/pages"}],"about":[{"href":"https:\/\/www.chespa.eu\/ro\/wp-json\/wp\/v2\/types\/page"}],"author":[{"embeddable":true,"href":"https:\/\/www.chespa.eu\/ro\/wp-json\/wp\/v2\/users\/2"}],"replies":[{"embeddable":true,"href":"https:\/\/www.chespa.eu\/ro\/wp-json\/wp\/v2\/comments?post=16779"}],"version-history":[{"count":2,"href":"https:\/\/www.chespa.eu\/ro\/wp-json\/wp\/v2\/pages\/16779\/revisions"}],"predecessor-version":[{"id":16782,"href":"https:\/\/www.chespa.eu\/ro\/wp-json\/wp\/v2\/pages\/16779\/revisions\/16782"}],"wp:featuredmedia":[{"embeddable":true,"href":"https:\/\/www.chespa.eu\/ro\/wp-json\/wp\/v2\/media\/15996"}],"wp:attachment":[{"href":"https:\/\/www.chespa.eu\/ro\/wp-json\/wp\/v2\/media?parent=16779"}],"curies":[{"name":"wp","href":"https:\/\/api.w.org\/{rel}","templated":true}]}}