{"id":16123,"date":"2022-04-13T16:30:31","date_gmt":"2022-04-13T14:30:31","guid":{"rendered":"https:\/\/www.chespa.eu\/kodeks-postepowania-grupy-chespa-2\/"},"modified":"2022-11-09T14:49:54","modified_gmt":"2022-11-09T13:49:54","slug":"kodeks-postepowania-grupy-chespa-2","status":"publish","type":"page","link":"https:\/\/www.chespa.eu\/ro\/kodeks-postepowania-grupy-chespa-2\/","title":{"rendered":"Codul de conduit\u0103"},"content":{"rendered":"<ol>\n<li><strong> Obiectivul principal<\/strong><\/li>\n<\/ol>\n<p>Urm\u0103rirea \u00een mod constant \u0219i consecvent a perfec\u021biunii \u00een ac\u021biunile \u00eentreprinse, cu scopul de a r\u0103spunde a\u0219tept\u0103rilor \u0219i nevoilor Clien\u021bilor printr-o ofert\u0103 de produse \u0219i servicii de cea mai \u00eenalt\u0103 calitate.<\/p>\n<ol start=\"2\">\n<li><strong> Strategia<\/strong><\/li>\n<\/ol>\n<p>Direc\u021bia strategic\u0103 a Grupului Chespa este de a deveni cel mai mare \u0219i mai fiabil furnizor din industrie \u0219i de a ob\u021bine o pozi\u021bie stabil\u0103 pe pia\u021ba european\u0103 \u0219i cea interna\u021bional\u0103. Urm\u0103rim aceast\u0103 strategie prin cre\u0219terea \u00eencrederii \u00een r\u00e2ndul clien\u021bilor existen\u021bi \u0219i prin atragerea de noi clien\u021bi \u0219i pie\u021be, pun\u00e2nd accent pe responsabilitatea social\u0103 a companiei \u00een cadrul activit\u0103\u021bii desf\u0103\u0219urate.<\/p>\n<p>Responsabilitatea social\u0103 a companiei este inclus\u0103 \u00een Politica noastr\u0103 privind Sistemul Integrat de Management. Am recunoscut aceast\u0103 responsabilitate ca fiind o valoare care contribuie \u00een mod semnificativ la dezvoltarea Grupului la fiecare nivel. Pentru noi, ac\u021biunile \u00een favoarea sa sunt permanente, pe termen lung \u0219i se bazeaz\u0103 pe investi\u021bii multiple \u00een activit\u0103\u021bi economice, sociale \u0219i de mediu. Suntem convin\u0219i c\u0103 acestea sunt extrem de relevante pentru strategia de gestionare a Grupului \u00eentr-o manier\u0103 sustenabil\u0103, \u00een vederea atingerii obiectivului.<\/p>\n<ol start=\"3\">\n<li><strong> Principiile de etic\u0103 \u00een afaceri<\/strong><\/li>\n<\/ol>\n<p>Principiile de etic\u0103 \u00een afaceri stabilesc orient\u0103ri \u0219i angajamente pentru un comportament adecvat fa\u021b\u0103 de \u0219i \u00eentre p\u0103r\u021bile interesate, \u00een conformitate cu legisla\u021bia aplicabil\u0103, cu reglement\u0103rile interne, \u021bin\u00e2nd cont de parteneriate \u0219i de echilibrul intereselor. Respectarea principiilor de etic\u0103 se aplic\u0103 tuturor filialelor Grupului Chespa. Principiile de etic\u0103 \u00een afaceri sunt concepute pentru a spori \u0219i men\u021bine o colaborare bazat\u0103 pe \u00eencredere \u0219i pentru a contracara situa\u021biile \u00een care ar putea ap\u0103rea conflicte poten\u021biale sau alte practici nedorite \u0219i interzise.<\/p>\n<p>Respectarea acestora se aplic\u0103, de asemenea, tuturor angaja\u021bilor Grupului Chespa, indiferent de func\u021bia ocupat\u0103.<\/p>\n<ol start=\"4\">\n<li><strong> Politici:<\/strong><\/li>\n<\/ol>\n<ul>\n<li><strong>guvernan\u021ba corporativ\u0103 \u0219i rela\u021biile cu p\u0103r\u021bile interesate <\/strong><\/li>\n<\/ul>\n<p>\u00cen cadrul Grupului Chespa, guvernan\u021ba corporativ\u0103 \u0219i rela\u021biile cu toate p\u0103r\u021bile interesate se bazeaz\u0103 pe echilibrarea intereselor, colaborare, sprijin, \u00eencredere, impar\u021bialitate, profesionalism, respect fa\u021b\u0103 de angaja\u021bi, parteneri de afaceri \u0219i alte entit\u0103\u021bi, precum \u0219i pe \u00eendeplinirea cu diligen\u021b\u0103 a angajamentelor asumate, pe un comportament responsabil, un sistem de management pe baza \u0219i \u00een limitele legisla\u021biei aplicabile, pe respectarea regulamentelor \u0219i normelor interne, inclusiv \u0219i a legisla\u021biei na\u021bionale \u0219i interna\u021bionale.<\/p>\n<p>Pentru noi, concuren\u021bii reprezint\u0103 un grup special, pe care \u00eel consider\u0103m o surs\u0103 de motiva\u021bie pentru dezvoltarea Grupului nostru \u0219i cu care concur\u0103m pe pia\u021b\u0103 \u00een mod etic.<\/p>\n<p>Este inacceptabil ca oricare dintre p\u0103r\u021bi s\u0103 ac\u021bioneze \u00een afara limitelor legale, s\u0103 impun\u0103 condi\u021bii nefavorabile de colaborare, s\u0103 escaladeze situa\u021bia spre conflict, s\u0103 ac\u021bioneze \u00eentr-o manier\u0103 p\u0103rtinitoare, s\u0103 divulge\/furnizeze informa\u021bii comerciale confiden\u021biale \u00eentre p\u0103r\u021bi, s\u0103 creeze \u0219i s\u0103 reproduc\u0103 informa\u021bii false, neverificate, s\u0103 ofere\/accepte\/s\u0103 a\u0219tepte cadouri\/servicii de valoare semnificativ\u0103 (dincolo de cele considerate de valoare redus\u0103 sau ca expresie a ospitalit\u0103\u021bii obi\u0219nuite), s\u0103 ofere\/utilizeze servicii discutabile din punct de vedere etic care pot pune imaginea companiei \u00eentr-o lumin\u0103 nefavorabil\u0103.<\/p>\n<ul>\n<li><strong>drepturile omului<\/strong><\/li>\n<\/ul>\n<p>\u00cen cadrul Grupului Chespa, ader\u0103m la principiul conform c\u0103ruia ansamblul de drepturi \u0219i libert\u0103\u021bi la care are dreptul fiecare persoan\u0103, indiferent de ras\u0103, sex, limb\u0103, religie, convingeri politice, origine na\u021bional\u0103 \u0219i social\u0103, proprietate etc., este inalienabil \u0219i inviolabil.<\/p>\n<p>Respect\u0103m principiul egalit\u0103\u021bii de \u0219anse \u0219i nu discrimin\u0103m pe nimeni, \u00een special pe criterii de sex, v\u00e2rst\u0103, handicap, ras\u0103, religie, na\u021bionalitate, opinie politic\u0103, apartenen\u021b\u0103 sindical\u0103, origine etnic\u0103, credin\u021b\u0103, orientare sexual\u0103 sau pe baza angaj\u0103rii pe perioad\u0103 limitat\u0103 sau nedeterminat\u0103 sau a angaj\u0103rii cu norm\u0103 \u00eentreag\u0103 sau par\u021bial\u0103. Combatem h\u0103r\u021buirea.<\/p>\n<p>Deciziile de angajare se iau pe baza cerin\u021belor de afaceri \u0219i a calific\u0103rilor candida\u021bilor individuali. \u00cen acela\u0219i timp, ne str\u0103duim s\u0103 cre\u0103m condi\u021bii care s\u0103 le permit\u0103 tinerilor \u0219i angaja\u021bilor \u00eencep\u0103tori s\u0103 \u00ee\u0219i \u00eenceap\u0103 cariera. Ne \u00eencuraj\u0103m angaja\u021bii s\u0103 urmeze cursuri de formare \u0219i calificare continu\u0103 \u0219i, \u00een acest scop, cre\u0103m condi\u021bii \u0219i oportunit\u0103\u021bi adecvate de promovare.<\/p>\n<p>Angajarea are loc \u00een cadrul \u0219i \u00een conformitate cu legile aplicabile \u00een toate \u021b\u0103rile \u00een care func\u021bioneaz\u0103 entit\u0103\u021bi apar\u021bin\u00e2nd Grupului, iar remunera\u021bia \u00een baza contractului de angajare este pl\u0103tit\u0103 \u00eentr-un mod convenabil pentru angajat \u0219i \u00een conformitate cu legisla\u021bia aplicabil\u0103.<\/p>\n<p>\u00cen cadrul Grupului Chespa nu este permis\u0103 munca prestat\u0103 de copii \u0219i adolescen\u021bi, exploatarea for\u021bei de munc\u0103, inclusiv munca silnic\u0103 \u00een \u00eenchisori \u0219i traficul de persoane. Angaja\u021bii sunt liberi s\u0103 \u00eenceteze contractul de munc\u0103 \u00een conformitate cu legisla\u021bia aplicabil\u0103 privind Dreptul muncii \u0219i s\u0103 dispun\u0103 liber de documentele lor, av\u00e2nd libertatea de asociere \u0219i de a alegere a reprezentan\u021bilor.<\/p>\n<p>Excludem contactele cu entit\u0103\u021bile care nu respect\u0103 aceste principii.<\/p>\n<ul>\n<li><strong>angajamentul social<\/strong><\/li>\n<\/ul>\n<p>Grupul Chespa sprijin\u0103 \u0219i particip\u0103 \u00een cadrul acelor activit\u0103\u021bi ale comunit\u0103\u021bii locale care au ca scop promovarea activ\u0103 a dezvolt\u0103rii economice, sociale \u0219i educa\u021bionale, precum \u0219i progresul \u00een ceea ce prive\u0219te protec\u021bia mediului \u0219i a patrimoniului cultural al regiunii. Sprijinul acordat este o manifestare a angajamentului fa\u021b\u0103 de dezvoltarea comunit\u0103\u021bilor locale \u00een care compania \u00ee\u0219i desf\u0103\u0219oar\u0103 activitatea.<\/p>\n<ul>\n<li><strong>mediul<\/strong><\/li>\n<\/ul>\n<p>\u00cen cadrul Grupului Chespa, mediul \u00eenconjur\u0103tor este un domeniu deosebit de important al sustenabilit\u0103\u021bii. Scopul este de a avea un impact con\u0219tient asupra mediului \u00eenconjur\u0103tor. Acest lucru este pus \u00een aplicare \u00een mai multe moduri, cum ar fi utilizarea energiei regenerabile, reducerea impactului asupra mediului al proceselor \u0219i investi\u021biilor, elaborarea de noi produse care s\u0103 sus\u021bin\u0103 protec\u021bia mediului \u0219i reducerea consumului de ap\u0103. Un accent \u0219i o supraveghere aparte sunt manifestate \u00een mod special de Consiliul de Administra\u021biei al Grupului asupra a dou\u0103 domenii. Primul domeniu este reprezentat de economia circular\u0103, care urm\u0103re\u0219te reducerea la minimum a cantit\u0103\u021bii de de\u0219euri (prin reutilizarea acestora) \u0219i, prin urmare, a risipei de resurse naturale. Al doilea domeniu este implementarea controlului ecologic, care va influen\u021ba deciziile de afaceri. Datorit\u0103 aten\u021biei speciale acordate acestui domeniu, Grupul Chespa a implementat \u0219i \u00eembun\u0103t\u0103\u021bit standardul ISO 14001.<\/p>\n<ul>\n<li><strong>s\u0103n\u0103tatea \u0219i securitatea la locul de munc\u0103 <\/strong><\/li>\n<\/ul>\n<p>Grupul Chespa pune un accent deosebit pe un mediu de lucru sigur \u0219i ergonomic. Facem tot posibilul pentru a evita at\u00e2t pericolele asociate cu activit\u0103\u021bile desf\u0103\u0219urate, c\u00e2t \u0219i pe cele care pot ap\u0103rea \u00een timpul \u0219ederii oaspe\u021bilor no\u0219tri. Condi\u021biile de munc\u0103 sunt monitorizate \u0219i \u00eembun\u0103t\u0103\u021bite \u00een mod constant. Punem accentul pe formarea continu\u0103 a angaja\u021bilor \u00een domeniul S\u0103n\u0103t\u0103\u021bii \u0219i Securit\u0103\u021bii, inclusiv pe comportamentul \u00een caz de pericol. Datorit\u0103 aten\u021biei speciale acordate acestui domeniu, Grupul Chespa a implementat \u0219i \u00eembun\u0103t\u0103\u021bit standardul ISO 45001.<\/p>\n<p><strong>CONSILIUL DE ADMINISTRA\u021aIE AL GRUPULUI CHESPA<\/strong><\/p>\n<p><em>Chorula, 11.04.2022<\/em><\/p>\n<p>&nbsp;<\/p>\n<p><a href=\"https:\/\/www.chespa.eu\/wp-content\/uploads\/2022\/04\/CODE-OF-CONDUCT_en.pdf\" class=\"mtli_attachment mtli_pdf\" target=\"\" rel=\"noopener\">CODE OF CONDUCT_en<\/a><\/p>\n","protected":false},"excerpt":{"rendered":"<p>Obiectivul principal Urm\u0103rirea \u00een mod constant \u0219i consecvent a perfec\u021biunii \u00een ac\u021biunile \u00eentreprinse, cu scopul de a r\u0103spunde a\u0219tept\u0103rilor \u0219i nevoilor Clien\u021bilor printr-o ofert\u0103 de produse \u0219i servicii de cea mai \u00eenalt\u0103 calitate. Strategia Direc\u021bia strategic\u0103 a Grupului Chespa este de a deveni cel mai mare \u0219i mai fiabil furnizor din industrie \u0219i de a [&hellip;]<\/p>\n","protected":false},"author":2,"featured_media":15996,"parent":0,"menu_order":0,"comment_status":"closed","ping_status":"closed","template":"","meta":{"_acf_changed":false,"footnotes":""},"class_list":["post-16123","page","type-page","status-publish","has-post-thumbnail","hentry"],"acf":[],"yoast_head":"<!-- This site is optimized with the Yoast SEO plugin v27.3 - https:\/\/yoast.com\/product\/yoast-seo-wordpress\/ -->\n<title>Codul de conduit\u0103 - Chespa - printing inks, clichees, cutting dies<\/title>\n<meta name=\"robots\" content=\"index, follow, max-snippet:-1, max-image-preview:large, max-video-preview:-1\" \/>\n<link rel=\"canonical\" href=\"https:\/\/www.chespa.eu\/ro\/kodeks-postepowania-grupy-chespa-2\/\" \/>\n<meta property=\"og:locale\" content=\"ro_RO\" \/>\n<meta property=\"og:type\" content=\"article\" \/>\n<meta property=\"og:title\" content=\"Codul de conduit\u0103 - Chespa - printing inks, clichees, cutting dies\" \/>\n<meta property=\"og:description\" content=\"Obiectivul principal Urm\u0103rirea \u00een mod constant \u0219i consecvent a perfec\u021biunii \u00een ac\u021biunile \u00eentreprinse, cu scopul de a r\u0103spunde a\u0219tept\u0103rilor \u0219i nevoilor Clien\u021bilor printr-o ofert\u0103 de produse \u0219i servicii de cea mai \u00eenalt\u0103 calitate. Strategia Direc\u021bia strategic\u0103 a Grupului Chespa este de a deveni cel mai mare \u0219i mai fiabil furnizor din industrie \u0219i de a [&hellip;]\" \/>\n<meta property=\"og:url\" content=\"https:\/\/www.chespa.eu\/ro\/kodeks-postepowania-grupy-chespa-2\/\" \/>\n<meta property=\"og:site_name\" content=\"Chespa - printing inks, clichees, cutting dies\" \/>\n<meta property=\"article:modified_time\" content=\"2022-11-09T13:49:54+00:00\" \/>\n<meta property=\"og:image\" content=\"https:\/\/www.chespa.eu\/wp-content\/uploads\/2022\/04\/nature-and-technology-.jpg\" \/>\n\t<meta property=\"og:image:width\" content=\"1920\" \/>\n\t<meta property=\"og:image:height\" content=\"295\" \/>\n\t<meta property=\"og:image:type\" content=\"image\/jpeg\" \/>\n<meta name=\"twitter:card\" content=\"summary_large_image\" \/>\n<meta name=\"twitter:label1\" content=\"Est. reading time\" \/>\n\t<meta name=\"twitter:data1\" content=\"7 minutes\" \/>\n<script type=\"application\/ld+json\" class=\"yoast-schema-graph\">{\"@context\":\"https:\\\/\\\/schema.org\",\"@graph\":[{\"@type\":\"WebPage\",\"@id\":\"https:\\\/\\\/www.chespa.eu\\\/ro\\\/kodeks-postepowania-grupy-chespa-2\\\/\",\"url\":\"https:\\\/\\\/www.chespa.eu\\\/ro\\\/kodeks-postepowania-grupy-chespa-2\\\/\",\"name\":\"Codul de conduit\u0103 - Chespa - printing inks, clichees, cutting dies\",\"isPartOf\":{\"@id\":\"https:\\\/\\\/www.chespa.eu\\\/#website\"},\"primaryImageOfPage\":{\"@id\":\"https:\\\/\\\/www.chespa.eu\\\/ro\\\/kodeks-postepowania-grupy-chespa-2\\\/#primaryimage\"},\"image\":{\"@id\":\"https:\\\/\\\/www.chespa.eu\\\/ro\\\/kodeks-postepowania-grupy-chespa-2\\\/#primaryimage\"},\"thumbnailUrl\":\"https:\\\/\\\/www.chespa.eu\\\/wp-content\\\/uploads\\\/2022\\\/04\\\/nature-and-technology-.jpg\",\"datePublished\":\"2022-04-13T14:30:31+00:00\",\"dateModified\":\"2022-11-09T13:49:54+00:00\",\"breadcrumb\":{\"@id\":\"https:\\\/\\\/www.chespa.eu\\\/ro\\\/kodeks-postepowania-grupy-chespa-2\\\/#breadcrumb\"},\"inLanguage\":\"ro-RO\",\"potentialAction\":[{\"@type\":\"ReadAction\",\"target\":[\"https:\\\/\\\/www.chespa.eu\\\/ro\\\/kodeks-postepowania-grupy-chespa-2\\\/\"]}]},{\"@type\":\"ImageObject\",\"inLanguage\":\"ro-RO\",\"@id\":\"https:\\\/\\\/www.chespa.eu\\\/ro\\\/kodeks-postepowania-grupy-chespa-2\\\/#primaryimage\",\"url\":\"https:\\\/\\\/www.chespa.eu\\\/wp-content\\\/uploads\\\/2022\\\/04\\\/nature-and-technology-.jpg\",\"contentUrl\":\"https:\\\/\\\/www.chespa.eu\\\/wp-content\\\/uploads\\\/2022\\\/04\\\/nature-and-technology-.jpg\",\"width\":1920,\"height\":295},{\"@type\":\"BreadcrumbList\",\"@id\":\"https:\\\/\\\/www.chespa.eu\\\/ro\\\/kodeks-postepowania-grupy-chespa-2\\\/#breadcrumb\",\"itemListElement\":[{\"@type\":\"ListItem\",\"position\":1,\"name\":\"Strona g\u0142\u00f3wna\",\"item\":\"https:\\\/\\\/www.chespa.eu\\\/\"},{\"@type\":\"ListItem\",\"position\":2,\"name\":\"Codul de conduit\u0103\"}]},{\"@type\":\"WebSite\",\"@id\":\"https:\\\/\\\/www.chespa.eu\\\/#website\",\"url\":\"https:\\\/\\\/www.chespa.eu\\\/\",\"name\":\"Chespa - printing inks, clichees, cutting dies\",\"description\":\"\",\"potentialAction\":[{\"@type\":\"SearchAction\",\"target\":{\"@type\":\"EntryPoint\",\"urlTemplate\":\"https:\\\/\\\/www.chespa.eu\\\/?s={search_term_string}\"},\"query-input\":{\"@type\":\"PropertyValueSpecification\",\"valueRequired\":true,\"valueName\":\"search_term_string\"}}],\"inLanguage\":\"ro-RO\"}]}<\/script>\n<!-- \/ Yoast SEO plugin. -->","yoast_head_json":{"title":"Codul de conduit\u0103 - Chespa - printing inks, clichees, cutting dies","robots":{"index":"index","follow":"follow","max-snippet":"max-snippet:-1","max-image-preview":"max-image-preview:large","max-video-preview":"max-video-preview:-1"},"canonical":"https:\/\/www.chespa.eu\/ro\/kodeks-postepowania-grupy-chespa-2\/","og_locale":"ro_RO","og_type":"article","og_title":"Codul de conduit\u0103 - Chespa - printing inks, clichees, cutting dies","og_description":"Obiectivul principal Urm\u0103rirea \u00een mod constant \u0219i consecvent a perfec\u021biunii \u00een ac\u021biunile \u00eentreprinse, cu scopul de a r\u0103spunde a\u0219tept\u0103rilor \u0219i nevoilor Clien\u021bilor printr-o ofert\u0103 de produse \u0219i servicii de cea mai \u00eenalt\u0103 calitate. Strategia Direc\u021bia strategic\u0103 a Grupului Chespa este de a deveni cel mai mare \u0219i mai fiabil furnizor din industrie \u0219i de a [&hellip;]","og_url":"https:\/\/www.chespa.eu\/ro\/kodeks-postepowania-grupy-chespa-2\/","og_site_name":"Chespa - printing inks, clichees, cutting dies","article_modified_time":"2022-11-09T13:49:54+00:00","og_image":[{"width":1920,"height":295,"url":"https:\/\/www.chespa.eu\/wp-content\/uploads\/2022\/04\/nature-and-technology-.jpg","type":"image\/jpeg"}],"twitter_card":"summary_large_image","twitter_misc":{"Est. reading time":"7 minutes"},"schema":{"@context":"https:\/\/schema.org","@graph":[{"@type":"WebPage","@id":"https:\/\/www.chespa.eu\/ro\/kodeks-postepowania-grupy-chespa-2\/","url":"https:\/\/www.chespa.eu\/ro\/kodeks-postepowania-grupy-chespa-2\/","name":"Codul de conduit\u0103 - Chespa - printing inks, clichees, cutting dies","isPartOf":{"@id":"https:\/\/www.chespa.eu\/#website"},"primaryImageOfPage":{"@id":"https:\/\/www.chespa.eu\/ro\/kodeks-postepowania-grupy-chespa-2\/#primaryimage"},"image":{"@id":"https:\/\/www.chespa.eu\/ro\/kodeks-postepowania-grupy-chespa-2\/#primaryimage"},"thumbnailUrl":"https:\/\/www.chespa.eu\/wp-content\/uploads\/2022\/04\/nature-and-technology-.jpg","datePublished":"2022-04-13T14:30:31+00:00","dateModified":"2022-11-09T13:49:54+00:00","breadcrumb":{"@id":"https:\/\/www.chespa.eu\/ro\/kodeks-postepowania-grupy-chespa-2\/#breadcrumb"},"inLanguage":"ro-RO","potentialAction":[{"@type":"ReadAction","target":["https:\/\/www.chespa.eu\/ro\/kodeks-postepowania-grupy-chespa-2\/"]}]},{"@type":"ImageObject","inLanguage":"ro-RO","@id":"https:\/\/www.chespa.eu\/ro\/kodeks-postepowania-grupy-chespa-2\/#primaryimage","url":"https:\/\/www.chespa.eu\/wp-content\/uploads\/2022\/04\/nature-and-technology-.jpg","contentUrl":"https:\/\/www.chespa.eu\/wp-content\/uploads\/2022\/04\/nature-and-technology-.jpg","width":1920,"height":295},{"@type":"BreadcrumbList","@id":"https:\/\/www.chespa.eu\/ro\/kodeks-postepowania-grupy-chespa-2\/#breadcrumb","itemListElement":[{"@type":"ListItem","position":1,"name":"Strona g\u0142\u00f3wna","item":"https:\/\/www.chespa.eu\/"},{"@type":"ListItem","position":2,"name":"Codul de conduit\u0103"}]},{"@type":"WebSite","@id":"https:\/\/www.chespa.eu\/#website","url":"https:\/\/www.chespa.eu\/","name":"Chespa - printing inks, clichees, cutting dies","description":"","potentialAction":[{"@type":"SearchAction","target":{"@type":"EntryPoint","urlTemplate":"https:\/\/www.chespa.eu\/?s={search_term_string}"},"query-input":{"@type":"PropertyValueSpecification","valueRequired":true,"valueName":"search_term_string"}}],"inLanguage":"ro-RO"}]}},"_links":{"self":[{"href":"https:\/\/www.chespa.eu\/ro\/wp-json\/wp\/v2\/pages\/16123","targetHints":{"allow":["GET"]}}],"collection":[{"href":"https:\/\/www.chespa.eu\/ro\/wp-json\/wp\/v2\/pages"}],"about":[{"href":"https:\/\/www.chespa.eu\/ro\/wp-json\/wp\/v2\/types\/page"}],"author":[{"embeddable":true,"href":"https:\/\/www.chespa.eu\/ro\/wp-json\/wp\/v2\/users\/2"}],"replies":[{"embeddable":true,"href":"https:\/\/www.chespa.eu\/ro\/wp-json\/wp\/v2\/comments?post=16123"}],"version-history":[{"count":4,"href":"https:\/\/www.chespa.eu\/ro\/wp-json\/wp\/v2\/pages\/16123\/revisions"}],"predecessor-version":[{"id":16777,"href":"https:\/\/www.chespa.eu\/ro\/wp-json\/wp\/v2\/pages\/16123\/revisions\/16777"}],"wp:featuredmedia":[{"embeddable":true,"href":"https:\/\/www.chespa.eu\/ro\/wp-json\/wp\/v2\/media\/15996"}],"wp:attachment":[{"href":"https:\/\/www.chespa.eu\/ro\/wp-json\/wp\/v2\/media?parent=16123"}],"curies":[{"name":"wp","href":"https:\/\/api.w.org\/{rel}","templated":true}]}}