{"id":16074,"date":"2022-04-04T14:26:19","date_gmt":"2022-04-04T12:26:19","guid":{"rendered":"https:\/\/www.chespa.eu\/polityka-zintegrowanego-systemu-zarzadzania\/"},"modified":"2022-11-09T09:49:30","modified_gmt":"2022-11-09T08:49:30","slug":"polityka-zintegrowanego-systemu-zarzadzania","status":"publish","type":"page","link":"https:\/\/www.chespa.eu\/ro\/polityka-zintegrowanego-systemu-zarzadzania\/","title":{"rendered":"Politica privind sistemul integrat de management"},"content":{"rendered":"<p>Grupul Chespa activeaz\u0103 \u00een industria tipografic\u0103 pe pia\u021ba na\u021bional\u0103 \u0219i interna\u021bional\u0103.\u00a0 Activit\u0103\u021bile grupului constau \u00een proiectarea, fabricarea \u0219i v\u00e2nzarea de produse \u0219i servicii pentru industria tipografic\u0103.<\/p>\n<p>Obiectivul principal al Grupului este:<\/p>\n<p><strong>Urm\u0103rirea \u00een mod constant \u0219i consecvent a perfec\u021biunii \u00een ac\u021biunile \u00eentreprinse, cu scopul de a r\u0103spunde a\u0219tept\u0103rilor \u0219i nevoilor Clien\u021bilor printr-o ofert\u0103 de produse \u0219i servicii de cea mai \u00eenalt\u0103 calitate.<\/strong><\/p>\n<p>Direc\u021bia strategic\u0103 este aceea de a deveni cel mai mare \u0219i mai fiabil furnizor din industrie \u0219i de a ob\u021bine o pozi\u021bie stabil\u0103 pe pia\u021ba european\u0103 \u0219i cea interna\u021bional\u0103. Urm\u0103rim aceast\u0103 strategie prin cre\u0219terea \u00eencrederii \u00een r\u00e2ndul clien\u021bilor existen\u021bi \u0219i prin atragerea de noi clien\u021bi \u0219i pie\u021be, pun\u00e2nd accent pe responsabilitatea social\u0103 a companiei \u00een cadrul activit\u0103\u021bii desf\u0103\u0219urate.<\/p>\n<p>Politica se angajeaz\u0103 s\u0103 asigure calitatea produselor \u0219i serviciilor oferite; condi\u021bii de munc\u0103 sigure \u0219i igienice, inclusiv eliminarea pericolelor \u0219i reducerea riscurilor; protec\u021bia mediului, inclusiv prevenirea polu\u0103rii; respectarea cerin\u021belor legale \u0219i a altor cerin\u021be; precum \u0219i asigurarea igienei produc\u021biei \u00een timpul proceselor desf\u0103\u0219urate.<\/p>\n<p>Politica reprezint\u0103, de asemenea, un angajament de \u00eembun\u0103t\u0103\u021bire continu\u0103 a sistemului de management al calit\u0103\u021bii, a sistemului de management al s\u0103n\u0103t\u0103\u021bii \u0219i siguran\u021bei, a sistemului de management de mediu \u0219i de \u00eembun\u0103t\u0103\u021bire \u00een domeniul igienei produc\u021biei.<\/p>\n<p>Respectarea cerin\u021belor de mai sus \u0219i \u00eembun\u0103t\u0103\u021birea continu\u0103 se al\u0103tur\u0103 angajamentului de participare activ\u0103 din partea conducerii \u0219i a angaja\u021bilor.<\/p>\n<p><strong>CONSILIUL DE ADMINISTRA\u021aIE AL GRUPULUI CHESPA\u00a0\u00a0\u00a0\u00a0\u00a0\u00a0\u00a0 <\/strong><\/p>\n<p><strong>\u00a0<\/strong>18.03.2022<\/p>\n<p>&nbsp;<\/p>\n<p><a href=\"https:\/\/www.chespa.eu\/wp-content\/uploads\/2022\/04\/POLICY_zsz_en.pdf\" class=\"mtli_attachment mtli_pdf\" target=\"\" rel=\"noopener\">POLICY Zsz En<\/a><\/p>\n","protected":false},"excerpt":{"rendered":"<p>Grupul Chespa activeaz\u0103 \u00een industria tipografic\u0103 pe pia\u021ba na\u021bional\u0103 \u0219i interna\u021bional\u0103.\u00a0 Activit\u0103\u021bile grupului constau \u00een proiectarea, fabricarea \u0219i v\u00e2nzarea de produse \u0219i servicii pentru industria tipografic\u0103. Obiectivul principal al Grupului este: Urm\u0103rirea \u00een mod constant \u0219i consecvent a perfec\u021biunii \u00een ac\u021biunile \u00eentreprinse, cu scopul de a r\u0103spunde a\u0219tept\u0103rilor \u0219i nevoilor Clien\u021bilor printr-o ofert\u0103 de produse [&hellip;]<\/p>\n","protected":false},"author":2,"featured_media":15996,"parent":0,"menu_order":0,"comment_status":"closed","ping_status":"closed","template":"","meta":{"_acf_changed":false,"footnotes":""},"class_list":["post-16074","page","type-page","status-publish","has-post-thumbnail","hentry"],"acf":[],"yoast_head":"<!-- This site is optimized with the Yoast SEO plugin v27.3 - https:\/\/yoast.com\/product\/yoast-seo-wordpress\/ -->\n<title>Politica privind sistemul integrat de management - Chespa - printing inks, clichees, cutting dies<\/title>\n<meta name=\"robots\" content=\"index, follow, max-snippet:-1, max-image-preview:large, max-video-preview:-1\" \/>\n<link rel=\"canonical\" href=\"https:\/\/www.chespa.eu\/ro\/polityka-zintegrowanego-systemu-zarzadzania\/\" \/>\n<meta property=\"og:locale\" content=\"ro_RO\" \/>\n<meta property=\"og:type\" content=\"article\" \/>\n<meta property=\"og:title\" content=\"Politica privind sistemul integrat de management - Chespa - printing inks, clichees, cutting dies\" \/>\n<meta property=\"og:description\" content=\"Grupul Chespa activeaz\u0103 \u00een industria tipografic\u0103 pe pia\u021ba na\u021bional\u0103 \u0219i interna\u021bional\u0103.\u00a0 Activit\u0103\u021bile grupului constau \u00een proiectarea, fabricarea \u0219i v\u00e2nzarea de produse \u0219i servicii pentru industria tipografic\u0103. Obiectivul principal al Grupului este: Urm\u0103rirea \u00een mod constant \u0219i consecvent a perfec\u021biunii \u00een ac\u021biunile \u00eentreprinse, cu scopul de a r\u0103spunde a\u0219tept\u0103rilor \u0219i nevoilor Clien\u021bilor printr-o ofert\u0103 de produse [&hellip;]\" \/>\n<meta property=\"og:url\" content=\"https:\/\/www.chespa.eu\/ro\/polityka-zintegrowanego-systemu-zarzadzania\/\" \/>\n<meta property=\"og:site_name\" content=\"Chespa - printing inks, clichees, cutting dies\" \/>\n<meta property=\"article:modified_time\" content=\"2022-11-09T08:49:30+00:00\" \/>\n<meta property=\"og:image\" content=\"https:\/\/www.chespa.eu\/wp-content\/uploads\/2022\/04\/nature-and-technology-.jpg\" \/>\n\t<meta property=\"og:image:width\" content=\"1920\" \/>\n\t<meta property=\"og:image:height\" content=\"295\" \/>\n\t<meta property=\"og:image:type\" content=\"image\/jpeg\" \/>\n<meta name=\"twitter:card\" content=\"summary_large_image\" \/>\n<meta name=\"twitter:label1\" content=\"Est. reading time\" \/>\n\t<meta name=\"twitter:data1\" content=\"2 minutes\" \/>\n<script type=\"application\/ld+json\" class=\"yoast-schema-graph\">{\"@context\":\"https:\\\/\\\/schema.org\",\"@graph\":[{\"@type\":\"WebPage\",\"@id\":\"https:\\\/\\\/www.chespa.eu\\\/ro\\\/polityka-zintegrowanego-systemu-zarzadzania\\\/\",\"url\":\"https:\\\/\\\/www.chespa.eu\\\/ro\\\/polityka-zintegrowanego-systemu-zarzadzania\\\/\",\"name\":\"Politica privind sistemul integrat de management - Chespa - printing inks, clichees, cutting dies\",\"isPartOf\":{\"@id\":\"https:\\\/\\\/www.chespa.eu\\\/#website\"},\"primaryImageOfPage\":{\"@id\":\"https:\\\/\\\/www.chespa.eu\\\/ro\\\/polityka-zintegrowanego-systemu-zarzadzania\\\/#primaryimage\"},\"image\":{\"@id\":\"https:\\\/\\\/www.chespa.eu\\\/ro\\\/polityka-zintegrowanego-systemu-zarzadzania\\\/#primaryimage\"},\"thumbnailUrl\":\"https:\\\/\\\/www.chespa.eu\\\/wp-content\\\/uploads\\\/2022\\\/04\\\/nature-and-technology-.jpg\",\"datePublished\":\"2022-04-04T12:26:19+00:00\",\"dateModified\":\"2022-11-09T08:49:30+00:00\",\"breadcrumb\":{\"@id\":\"https:\\\/\\\/www.chespa.eu\\\/ro\\\/polityka-zintegrowanego-systemu-zarzadzania\\\/#breadcrumb\"},\"inLanguage\":\"ro-RO\",\"potentialAction\":[{\"@type\":\"ReadAction\",\"target\":[\"https:\\\/\\\/www.chespa.eu\\\/ro\\\/polityka-zintegrowanego-systemu-zarzadzania\\\/\"]}]},{\"@type\":\"ImageObject\",\"inLanguage\":\"ro-RO\",\"@id\":\"https:\\\/\\\/www.chespa.eu\\\/ro\\\/polityka-zintegrowanego-systemu-zarzadzania\\\/#primaryimage\",\"url\":\"https:\\\/\\\/www.chespa.eu\\\/wp-content\\\/uploads\\\/2022\\\/04\\\/nature-and-technology-.jpg\",\"contentUrl\":\"https:\\\/\\\/www.chespa.eu\\\/wp-content\\\/uploads\\\/2022\\\/04\\\/nature-and-technology-.jpg\",\"width\":1920,\"height\":295},{\"@type\":\"BreadcrumbList\",\"@id\":\"https:\\\/\\\/www.chespa.eu\\\/ro\\\/polityka-zintegrowanego-systemu-zarzadzania\\\/#breadcrumb\",\"itemListElement\":[{\"@type\":\"ListItem\",\"position\":1,\"name\":\"Strona g\u0142\u00f3wna\",\"item\":\"https:\\\/\\\/www.chespa.eu\\\/\"},{\"@type\":\"ListItem\",\"position\":2,\"name\":\"Politica privind sistemul integrat de management\"}]},{\"@type\":\"WebSite\",\"@id\":\"https:\\\/\\\/www.chespa.eu\\\/#website\",\"url\":\"https:\\\/\\\/www.chespa.eu\\\/\",\"name\":\"Chespa - printing inks, clichees, cutting dies\",\"description\":\"\",\"potentialAction\":[{\"@type\":\"SearchAction\",\"target\":{\"@type\":\"EntryPoint\",\"urlTemplate\":\"https:\\\/\\\/www.chespa.eu\\\/?s={search_term_string}\"},\"query-input\":{\"@type\":\"PropertyValueSpecification\",\"valueRequired\":true,\"valueName\":\"search_term_string\"}}],\"inLanguage\":\"ro-RO\"}]}<\/script>\n<!-- \/ Yoast SEO plugin. -->","yoast_head_json":{"title":"Politica privind sistemul integrat de management - Chespa - printing inks, clichees, cutting dies","robots":{"index":"index","follow":"follow","max-snippet":"max-snippet:-1","max-image-preview":"max-image-preview:large","max-video-preview":"max-video-preview:-1"},"canonical":"https:\/\/www.chespa.eu\/ro\/polityka-zintegrowanego-systemu-zarzadzania\/","og_locale":"ro_RO","og_type":"article","og_title":"Politica privind sistemul integrat de management - Chespa - printing inks, clichees, cutting dies","og_description":"Grupul Chespa activeaz\u0103 \u00een industria tipografic\u0103 pe pia\u021ba na\u021bional\u0103 \u0219i interna\u021bional\u0103.\u00a0 Activit\u0103\u021bile grupului constau \u00een proiectarea, fabricarea \u0219i v\u00e2nzarea de produse \u0219i servicii pentru industria tipografic\u0103. Obiectivul principal al Grupului este: Urm\u0103rirea \u00een mod constant \u0219i consecvent a perfec\u021biunii \u00een ac\u021biunile \u00eentreprinse, cu scopul de a r\u0103spunde a\u0219tept\u0103rilor \u0219i nevoilor Clien\u021bilor printr-o ofert\u0103 de produse [&hellip;]","og_url":"https:\/\/www.chespa.eu\/ro\/polityka-zintegrowanego-systemu-zarzadzania\/","og_site_name":"Chespa - printing inks, clichees, cutting dies","article_modified_time":"2022-11-09T08:49:30+00:00","og_image":[{"width":1920,"height":295,"url":"https:\/\/www.chespa.eu\/wp-content\/uploads\/2022\/04\/nature-and-technology-.jpg","type":"image\/jpeg"}],"twitter_card":"summary_large_image","twitter_misc":{"Est. reading time":"2 minutes"},"schema":{"@context":"https:\/\/schema.org","@graph":[{"@type":"WebPage","@id":"https:\/\/www.chespa.eu\/ro\/polityka-zintegrowanego-systemu-zarzadzania\/","url":"https:\/\/www.chespa.eu\/ro\/polityka-zintegrowanego-systemu-zarzadzania\/","name":"Politica privind sistemul integrat de management - Chespa - printing inks, clichees, cutting dies","isPartOf":{"@id":"https:\/\/www.chespa.eu\/#website"},"primaryImageOfPage":{"@id":"https:\/\/www.chespa.eu\/ro\/polityka-zintegrowanego-systemu-zarzadzania\/#primaryimage"},"image":{"@id":"https:\/\/www.chespa.eu\/ro\/polityka-zintegrowanego-systemu-zarzadzania\/#primaryimage"},"thumbnailUrl":"https:\/\/www.chespa.eu\/wp-content\/uploads\/2022\/04\/nature-and-technology-.jpg","datePublished":"2022-04-04T12:26:19+00:00","dateModified":"2022-11-09T08:49:30+00:00","breadcrumb":{"@id":"https:\/\/www.chespa.eu\/ro\/polityka-zintegrowanego-systemu-zarzadzania\/#breadcrumb"},"inLanguage":"ro-RO","potentialAction":[{"@type":"ReadAction","target":["https:\/\/www.chespa.eu\/ro\/polityka-zintegrowanego-systemu-zarzadzania\/"]}]},{"@type":"ImageObject","inLanguage":"ro-RO","@id":"https:\/\/www.chespa.eu\/ro\/polityka-zintegrowanego-systemu-zarzadzania\/#primaryimage","url":"https:\/\/www.chespa.eu\/wp-content\/uploads\/2022\/04\/nature-and-technology-.jpg","contentUrl":"https:\/\/www.chespa.eu\/wp-content\/uploads\/2022\/04\/nature-and-technology-.jpg","width":1920,"height":295},{"@type":"BreadcrumbList","@id":"https:\/\/www.chespa.eu\/ro\/polityka-zintegrowanego-systemu-zarzadzania\/#breadcrumb","itemListElement":[{"@type":"ListItem","position":1,"name":"Strona g\u0142\u00f3wna","item":"https:\/\/www.chespa.eu\/"},{"@type":"ListItem","position":2,"name":"Politica privind sistemul integrat de management"}]},{"@type":"WebSite","@id":"https:\/\/www.chespa.eu\/#website","url":"https:\/\/www.chespa.eu\/","name":"Chespa - printing inks, clichees, cutting dies","description":"","potentialAction":[{"@type":"SearchAction","target":{"@type":"EntryPoint","urlTemplate":"https:\/\/www.chespa.eu\/?s={search_term_string}"},"query-input":{"@type":"PropertyValueSpecification","valueRequired":true,"valueName":"search_term_string"}}],"inLanguage":"ro-RO"}]}},"_links":{"self":[{"href":"https:\/\/www.chespa.eu\/ro\/wp-json\/wp\/v2\/pages\/16074","targetHints":{"allow":["GET"]}}],"collection":[{"href":"https:\/\/www.chespa.eu\/ro\/wp-json\/wp\/v2\/pages"}],"about":[{"href":"https:\/\/www.chespa.eu\/ro\/wp-json\/wp\/v2\/types\/page"}],"author":[{"embeddable":true,"href":"https:\/\/www.chespa.eu\/ro\/wp-json\/wp\/v2\/users\/2"}],"replies":[{"embeddable":true,"href":"https:\/\/www.chespa.eu\/ro\/wp-json\/wp\/v2\/comments?post=16074"}],"version-history":[{"count":5,"href":"https:\/\/www.chespa.eu\/ro\/wp-json\/wp\/v2\/pages\/16074\/revisions"}],"predecessor-version":[{"id":16768,"href":"https:\/\/www.chespa.eu\/ro\/wp-json\/wp\/v2\/pages\/16074\/revisions\/16768"}],"wp:featuredmedia":[{"embeddable":true,"href":"https:\/\/www.chespa.eu\/ro\/wp-json\/wp\/v2\/media\/15996"}],"wp:attachment":[{"href":"https:\/\/www.chespa.eu\/ro\/wp-json\/wp\/v2\/media?parent=16074"}],"curies":[{"name":"wp","href":"https:\/\/api.w.org\/{rel}","templated":true}]}}