{"id":15683,"date":"2021-08-26T10:22:58","date_gmt":"2021-08-26T08:22:58","guid":{"rendered":"https:\/\/www.chespa.eu\/?page_id=15683"},"modified":"2022-11-10T16:08:19","modified_gmt":"2022-11-10T15:08:19","slug":"cerneluri-pe-baza-de-solvent-pvc-vinil","status":"publish","type":"page","link":"https:\/\/www.chespa.eu\/ro\/produse\/cerneluri-grafice\/cerneluri-pe-baza-de-solvent-pvc-vinil\/","title":{"rendered":"Cerneluri pe baz\u0103 de solvent PVC &#8220;VINIL&#8221;"},"content":{"rendered":"<p>O serie de cerneluri solubile pe baz\u0103 de r\u0103\u0219in\u0103 PVC, concepute pentru imprimarea benzilor adezive din PVC \u00een tehnica flexografic\u0103 \u0219i de rotogravur\u0103. Cernelurile sunt caracterizate printr-o foarte bun\u0103 imprimabilitate \u0219i printr-o aderen\u021b\u0103 ridicat\u0103 la substrat.<\/p>\n<p>&nbsp;<\/p>\n<div><strong><a dir=\"ltr\" title=\"Portal zam\u00f3wie\u0144\" href=\"https:\/\/orders.chespa.eu\/ISZ\/LogIn.aspx?ReturnUrl=%2fISZ%2fWebFormMain.aspx\" target=\"_self\" rel=\"noopener\" name=\"Portal zam\u00f3wie\u0144\">[<\/a><a href=\"https:\/\/orders.chespa.eu\/ISZ\/LogIn.aspx?ReturnUrl=%2fISZ%2fWebFormMain.aspx\">Acceseaz\u0103<\/a><a dir=\"ltr\" title=\"Portal zam\u00f3wie\u0144\" href=\"https:\/\/orders.chespa.eu\/ISZ\/LogIn.aspx?ReturnUrl=%2fISZ%2fWebFormMain.aspx\" target=\"_self\" rel=\"noopener\" name=\"Portal zam\u00f3wie\u0144\"><u> pagina<\/u>]<\/a><\/strong><\/div>\n","protected":false},"excerpt":{"rendered":"<p>O serie de cerneluri solubile pe baz\u0103 de r\u0103\u0219in\u0103 PVC, concepute pentru imprimarea benzilor adezive din PVC \u00een tehnica flexografic\u0103 \u0219i de rotogravur\u0103. Cernelurile sunt caracterizate printr-o foarte bun\u0103 imprimabilitate \u0219i printr-o aderen\u021b\u0103 ridicat\u0103 la substrat. &nbsp; [Acceseaz\u0103 pagina]<\/p>\n","protected":false},"author":2,"featured_media":15627,"parent":18799,"menu_order":0,"comment_status":"closed","ping_status":"closed","template":"","meta":{"_acf_changed":false,"footnotes":""},"class_list":["post-15683","page","type-page","status-publish","has-post-thumbnail","hentry"],"acf":[],"yoast_head":"<!-- This site is optimized with the Yoast SEO plugin v27.4 - https:\/\/yoast.com\/product\/yoast-seo-wordpress\/ -->\n<title>Cerneluri pe baz\u0103 de solvent PVC &quot;VINIL&quot; - Chespa - printing inks, clichees, cutting dies<\/title>\n<meta name=\"description\" content=\"O serie de cerneluri solubile pe baz\u0103 de r\u0103\u0219in\u0103 PVC, concepute pentru imprimarea benzilor adezive din PVC \u00een tehnica flexografic\u0103 \u0219i de rotogravur\u0103. Cernelurile sunt caracterizate printr-o foarte bun\u0103 imprimabilitate \u0219i printr-o aderen\u021b\u0103 ridicat\u0103 la substrat.\" \/>\n<meta name=\"robots\" content=\"index, follow, max-snippet:-1, max-image-preview:large, max-video-preview:-1\" \/>\n<link rel=\"canonical\" href=\"https:\/\/www.chespa.eu\/ro\/cerneluri-pe-baza-de-solvent-pvc-vinil\/\" \/>\n<meta property=\"og:locale\" content=\"ro_RO\" \/>\n<meta property=\"og:type\" content=\"article\" \/>\n<meta property=\"og:title\" content=\"Cerneluri pe baz\u0103 de solvent PVC &quot;VINIL&quot; - Chespa - printing inks, clichees, cutting dies\" \/>\n<meta property=\"og:description\" content=\"O serie de cerneluri solubile pe baz\u0103 de r\u0103\u0219in\u0103 PVC, concepute pentru imprimarea benzilor adezive din PVC \u00een tehnica flexografic\u0103 \u0219i de rotogravur\u0103. Cernelurile sunt caracterizate printr-o foarte bun\u0103 imprimabilitate \u0219i printr-o aderen\u021b\u0103 ridicat\u0103 la substrat.\" \/>\n<meta property=\"og:url\" content=\"https:\/\/www.chespa.eu\/ro\/cerneluri-pe-baza-de-solvent-pvc-vinil\/\" \/>\n<meta property=\"og:site_name\" content=\"Chespa - printing inks, clichees, cutting dies\" \/>\n<meta property=\"article:modified_time\" content=\"2022-11-10T15:08:19+00:00\" \/>\n<meta property=\"og:image\" content=\"https:\/\/www.chespa.eu\/wp-content\/uploads\/2021\/08\/serie_vinyl.png\" \/>\n\t<meta property=\"og:image:width\" content=\"1920\" \/>\n\t<meta property=\"og:image:height\" content=\"295\" \/>\n\t<meta property=\"og:image:type\" content=\"image\/png\" \/>\n<meta name=\"twitter:card\" content=\"summary_large_image\" \/>\n<meta name=\"twitter:label1\" content=\"Est. reading time\" \/>\n\t<meta name=\"twitter:data1\" content=\"1 minute\" \/>\n<script type=\"application\/ld+json\" class=\"yoast-schema-graph\">{\"@context\":\"https:\\\/\\\/schema.org\",\"@graph\":[{\"@type\":\"WebPage\",\"@id\":\"https:\\\/\\\/www.chespa.eu\\\/ro\\\/cerneluri-pe-baza-de-solvent-pvc-vinil\\\/\",\"url\":\"https:\\\/\\\/www.chespa.eu\\\/ro\\\/cerneluri-pe-baza-de-solvent-pvc-vinil\\\/\",\"name\":\"Cerneluri pe baz\u0103 de solvent PVC \\\"VINIL\\\" - Chespa - printing inks, clichees, cutting dies\",\"isPartOf\":{\"@id\":\"https:\\\/\\\/www.chespa.eu\\\/#website\"},\"primaryImageOfPage\":{\"@id\":\"https:\\\/\\\/www.chespa.eu\\\/ro\\\/cerneluri-pe-baza-de-solvent-pvc-vinil\\\/#primaryimage\"},\"image\":{\"@id\":\"https:\\\/\\\/www.chespa.eu\\\/ro\\\/cerneluri-pe-baza-de-solvent-pvc-vinil\\\/#primaryimage\"},\"thumbnailUrl\":\"https:\\\/\\\/www.chespa.eu\\\/wp-content\\\/uploads\\\/2021\\\/08\\\/serie_vinyl.png\",\"datePublished\":\"2021-08-26T08:22:58+00:00\",\"dateModified\":\"2022-11-10T15:08:19+00:00\",\"description\":\"O serie de cerneluri solubile pe baz\u0103 de r\u0103\u0219in\u0103 PVC, concepute pentru imprimarea benzilor adezive din PVC \u00een tehnica flexografic\u0103 \u0219i de rotogravur\u0103. Cernelurile sunt caracterizate printr-o foarte bun\u0103 imprimabilitate \u0219i printr-o aderen\u021b\u0103 ridicat\u0103 la substrat.\",\"breadcrumb\":{\"@id\":\"https:\\\/\\\/www.chespa.eu\\\/ro\\\/cerneluri-pe-baza-de-solvent-pvc-vinil\\\/#breadcrumb\"},\"inLanguage\":\"ro-RO\",\"potentialAction\":[{\"@type\":\"ReadAction\",\"target\":[\"https:\\\/\\\/www.chespa.eu\\\/ro\\\/cerneluri-pe-baza-de-solvent-pvc-vinil\\\/\"]}]},{\"@type\":\"ImageObject\",\"inLanguage\":\"ro-RO\",\"@id\":\"https:\\\/\\\/www.chespa.eu\\\/ro\\\/cerneluri-pe-baza-de-solvent-pvc-vinil\\\/#primaryimage\",\"url\":\"https:\\\/\\\/www.chespa.eu\\\/wp-content\\\/uploads\\\/2021\\\/08\\\/serie_vinyl.png\",\"contentUrl\":\"https:\\\/\\\/www.chespa.eu\\\/wp-content\\\/uploads\\\/2021\\\/08\\\/serie_vinyl.png\",\"width\":1920,\"height\":295},{\"@type\":\"BreadcrumbList\",\"@id\":\"https:\\\/\\\/www.chespa.eu\\\/ro\\\/cerneluri-pe-baza-de-solvent-pvc-vinil\\\/#breadcrumb\",\"itemListElement\":[{\"@type\":\"ListItem\",\"position\":1,\"name\":\"Strona g\u0142\u00f3wna\",\"item\":\"https:\\\/\\\/www.chespa.eu\\\/\"},{\"@type\":\"ListItem\",\"position\":2,\"name\":\"Cerneluri pe baz\u0103 de solvent PVC &#8222;VINIL&#8221;\"}]},{\"@type\":\"WebSite\",\"@id\":\"https:\\\/\\\/www.chespa.eu\\\/#website\",\"url\":\"https:\\\/\\\/www.chespa.eu\\\/\",\"name\":\"Chespa - printing inks, clichees, cutting dies\",\"description\":\"\",\"potentialAction\":[{\"@type\":\"SearchAction\",\"target\":{\"@type\":\"EntryPoint\",\"urlTemplate\":\"https:\\\/\\\/www.chespa.eu\\\/?s={search_term_string}\"},\"query-input\":{\"@type\":\"PropertyValueSpecification\",\"valueRequired\":true,\"valueName\":\"search_term_string\"}}],\"inLanguage\":\"ro-RO\"}]}<\/script>\n<!-- \/ Yoast SEO plugin. -->","yoast_head_json":{"title":"Cerneluri pe baz\u0103 de solvent PVC \"VINIL\" - Chespa - printing inks, clichees, cutting dies","description":"O serie de cerneluri solubile pe baz\u0103 de r\u0103\u0219in\u0103 PVC, concepute pentru imprimarea benzilor adezive din PVC \u00een tehnica flexografic\u0103 \u0219i de rotogravur\u0103. Cernelurile sunt caracterizate printr-o foarte bun\u0103 imprimabilitate \u0219i printr-o aderen\u021b\u0103 ridicat\u0103 la substrat.","robots":{"index":"index","follow":"follow","max-snippet":"max-snippet:-1","max-image-preview":"max-image-preview:large","max-video-preview":"max-video-preview:-1"},"canonical":"https:\/\/www.chespa.eu\/ro\/cerneluri-pe-baza-de-solvent-pvc-vinil\/","og_locale":"ro_RO","og_type":"article","og_title":"Cerneluri pe baz\u0103 de solvent PVC \"VINIL\" - Chespa - printing inks, clichees, cutting dies","og_description":"O serie de cerneluri solubile pe baz\u0103 de r\u0103\u0219in\u0103 PVC, concepute pentru imprimarea benzilor adezive din PVC \u00een tehnica flexografic\u0103 \u0219i de rotogravur\u0103. Cernelurile sunt caracterizate printr-o foarte bun\u0103 imprimabilitate \u0219i printr-o aderen\u021b\u0103 ridicat\u0103 la substrat.","og_url":"https:\/\/www.chespa.eu\/ro\/cerneluri-pe-baza-de-solvent-pvc-vinil\/","og_site_name":"Chespa - printing inks, clichees, cutting dies","article_modified_time":"2022-11-10T15:08:19+00:00","og_image":[{"width":1920,"height":295,"url":"https:\/\/www.chespa.eu\/wp-content\/uploads\/2021\/08\/serie_vinyl.png","type":"image\/png"}],"twitter_card":"summary_large_image","twitter_misc":{"Est. reading time":"1 minute"},"schema":{"@context":"https:\/\/schema.org","@graph":[{"@type":"WebPage","@id":"https:\/\/www.chespa.eu\/ro\/cerneluri-pe-baza-de-solvent-pvc-vinil\/","url":"https:\/\/www.chespa.eu\/ro\/cerneluri-pe-baza-de-solvent-pvc-vinil\/","name":"Cerneluri pe baz\u0103 de solvent PVC \"VINIL\" - Chespa - printing inks, clichees, cutting dies","isPartOf":{"@id":"https:\/\/www.chespa.eu\/#website"},"primaryImageOfPage":{"@id":"https:\/\/www.chespa.eu\/ro\/cerneluri-pe-baza-de-solvent-pvc-vinil\/#primaryimage"},"image":{"@id":"https:\/\/www.chespa.eu\/ro\/cerneluri-pe-baza-de-solvent-pvc-vinil\/#primaryimage"},"thumbnailUrl":"https:\/\/www.chespa.eu\/wp-content\/uploads\/2021\/08\/serie_vinyl.png","datePublished":"2021-08-26T08:22:58+00:00","dateModified":"2022-11-10T15:08:19+00:00","description":"O serie de cerneluri solubile pe baz\u0103 de r\u0103\u0219in\u0103 PVC, concepute pentru imprimarea benzilor adezive din PVC \u00een tehnica flexografic\u0103 \u0219i de rotogravur\u0103. Cernelurile sunt caracterizate printr-o foarte bun\u0103 imprimabilitate \u0219i printr-o aderen\u021b\u0103 ridicat\u0103 la substrat.","breadcrumb":{"@id":"https:\/\/www.chespa.eu\/ro\/cerneluri-pe-baza-de-solvent-pvc-vinil\/#breadcrumb"},"inLanguage":"ro-RO","potentialAction":[{"@type":"ReadAction","target":["https:\/\/www.chespa.eu\/ro\/cerneluri-pe-baza-de-solvent-pvc-vinil\/"]}]},{"@type":"ImageObject","inLanguage":"ro-RO","@id":"https:\/\/www.chespa.eu\/ro\/cerneluri-pe-baza-de-solvent-pvc-vinil\/#primaryimage","url":"https:\/\/www.chespa.eu\/wp-content\/uploads\/2021\/08\/serie_vinyl.png","contentUrl":"https:\/\/www.chespa.eu\/wp-content\/uploads\/2021\/08\/serie_vinyl.png","width":1920,"height":295},{"@type":"BreadcrumbList","@id":"https:\/\/www.chespa.eu\/ro\/cerneluri-pe-baza-de-solvent-pvc-vinil\/#breadcrumb","itemListElement":[{"@type":"ListItem","position":1,"name":"Strona g\u0142\u00f3wna","item":"https:\/\/www.chespa.eu\/"},{"@type":"ListItem","position":2,"name":"Cerneluri pe baz\u0103 de solvent PVC &#8222;VINIL&#8221;"}]},{"@type":"WebSite","@id":"https:\/\/www.chespa.eu\/#website","url":"https:\/\/www.chespa.eu\/","name":"Chespa - printing inks, clichees, cutting dies","description":"","potentialAction":[{"@type":"SearchAction","target":{"@type":"EntryPoint","urlTemplate":"https:\/\/www.chespa.eu\/?s={search_term_string}"},"query-input":{"@type":"PropertyValueSpecification","valueRequired":true,"valueName":"search_term_string"}}],"inLanguage":"ro-RO"}]}},"_links":{"self":[{"href":"https:\/\/www.chespa.eu\/ro\/wp-json\/wp\/v2\/pages\/15683","targetHints":{"allow":["GET"]}}],"collection":[{"href":"https:\/\/www.chespa.eu\/ro\/wp-json\/wp\/v2\/pages"}],"about":[{"href":"https:\/\/www.chespa.eu\/ro\/wp-json\/wp\/v2\/types\/page"}],"author":[{"embeddable":true,"href":"https:\/\/www.chespa.eu\/ro\/wp-json\/wp\/v2\/users\/2"}],"replies":[{"embeddable":true,"href":"https:\/\/www.chespa.eu\/ro\/wp-json\/wp\/v2\/comments?post=15683"}],"version-history":[{"count":5,"href":"https:\/\/www.chespa.eu\/ro\/wp-json\/wp\/v2\/pages\/15683\/revisions"}],"predecessor-version":[{"id":16839,"href":"https:\/\/www.chespa.eu\/ro\/wp-json\/wp\/v2\/pages\/15683\/revisions\/16839"}],"up":[{"embeddable":true,"href":"https:\/\/www.chespa.eu\/ro\/wp-json\/wp\/v2\/pages\/18799"}],"wp:featuredmedia":[{"embeddable":true,"href":"https:\/\/www.chespa.eu\/ro\/wp-json\/wp\/v2\/media\/15627"}],"wp:attachment":[{"href":"https:\/\/www.chespa.eu\/ro\/wp-json\/wp\/v2\/media?parent=15683"}],"curies":[{"name":"wp","href":"https:\/\/api.w.org\/{rel}","templated":true}]}}