{"id":15681,"date":"2021-08-26T10:21:51","date_gmt":"2021-08-26T08:21:51","guid":{"rendered":"https:\/\/www.chespa.eu\/?page_id=15681"},"modified":"2022-11-10T16:07:37","modified_gmt":"2022-11-10T15:07:37","slug":"cerneluri-pe-baza-de-solvent-pvb-vario","status":"publish","type":"page","link":"https:\/\/www.chespa.eu\/ro\/produse\/cerneluri-grafice\/cerneluri-pe-baza-de-solvent-pvb-vario\/","title":{"rendered":"Cerneluri pe baz\u0103 de solvent PVB &#8220;VARIO&#8221;"},"content":{"rendered":"<p>O serie de cerneluri cu solvent pe baz\u0103 de r\u0103\u0219in\u0103 PVB. Acestea sunt concepute pentru imprimarea invers\u0103 cu laminare, \u00een tehnica rotogravurii, pe diferite tipuri de folii activate.\u00a0 Se caracterizeaz\u0103 prin rezisten\u021ba ridicat\u0103 a laminatelor la lipire. Materiile prime utilizate \u00een cernelurile cu rezisten\u021b\u0103 chimic\u0103 sporit\u0103 fac posibil\u0103 imprimarea pe ambalaje concepute s\u0103 reziste la temperaturi ridicate. Cernelurile pot fi, de asemenea, utilizate pentru a realiza laminate de baz\u0103 prin folosirea tehnicii de laminare prin extrudare.<\/p>\n<p>&nbsp;<\/p>\n<div><strong><a dir=\"ltr\" title=\"Portal zam\u00f3wie\u0144\" href=\"https:\/\/orders.chespa.eu\/ISZ\/LogIn.aspx?ReturnUrl=%2fISZ%2fWebFormMain.aspx\" target=\"_self\" rel=\"noopener\" name=\"Portal zam\u00f3wie\u0144\">[<\/a><a href=\"https:\/\/orders.chespa.eu\/ISZ\/LogIn.aspx?ReturnUrl=%2fISZ%2fWebFormMain.aspx\">Acceseaz\u0103<\/a><a dir=\"ltr\" title=\"Portal zam\u00f3wie\u0144\" href=\"https:\/\/orders.chespa.eu\/ISZ\/LogIn.aspx?ReturnUrl=%2fISZ%2fWebFormMain.aspx\" target=\"_self\" rel=\"noopener\" name=\"Portal zam\u00f3wie\u0144\"><u> pagina<\/u>]<\/a><\/strong><\/div>\n","protected":false},"excerpt":{"rendered":"<p>O serie de cerneluri cu solvent pe baz\u0103 de r\u0103\u0219in\u0103 PVB. Acestea sunt concepute pentru imprimarea invers\u0103 cu laminare, \u00een tehnica rotogravurii, pe diferite tipuri de folii activate.\u00a0 Se caracterizeaz\u0103 prin rezisten\u021ba ridicat\u0103 a laminatelor la lipire. Materiile prime utilizate \u00een cernelurile cu rezisten\u021b\u0103 chimic\u0103 sporit\u0103 fac posibil\u0103 imprimarea pe ambalaje concepute s\u0103 reziste la [&hellip;]<\/p>\n","protected":false},"author":2,"featured_media":15621,"parent":18799,"menu_order":0,"comment_status":"closed","ping_status":"closed","template":"","meta":{"_acf_changed":false,"footnotes":""},"class_list":["post-15681","page","type-page","status-publish","has-post-thumbnail","hentry"],"acf":[],"yoast_head":"<!-- This site is optimized with the Yoast SEO plugin v27.4 - https:\/\/yoast.com\/product\/yoast-seo-wordpress\/ -->\n<title>Cerneluri pe baz\u0103 de solvent PVB &quot;VARIO&quot; - Chespa - printing inks, clichees, cutting dies<\/title>\n<meta name=\"description\" content=\"O serie de cerneluri cu solvent pe baz\u0103 de r\u0103\u0219in\u0103 PVB. Acestea sunt concepute pentru imprimarea invers\u0103 cu laminare, \u00een tehnica rotogravurii, pe diferite tipuri de folii activate.\u00a0 Se caracterizeaz\u0103 prin rezisten\u021ba ridicat\u0103 a laminatelor la lipire. Materiile prime utilizate \u00een cernelurile cu rezisten\u021b\u0103 chimic\u0103 sporit\u0103 fac posibil\u0103 imprimarea pe ambalaje concepute s\u0103 reziste la temperaturi ridicate. Cernelurile pot fi, de asemenea, utilizate pentru a realiza laminate de baz\u0103 prin folosirea tehnicii de laminare prin extrudare.\" \/>\n<meta name=\"robots\" content=\"index, follow, max-snippet:-1, max-image-preview:large, max-video-preview:-1\" \/>\n<link rel=\"canonical\" href=\"https:\/\/www.chespa.eu\/ro\/cerneluri-pe-baza-de-solvent-pvb-vario\/\" \/>\n<meta property=\"og:locale\" content=\"ro_RO\" \/>\n<meta property=\"og:type\" content=\"article\" \/>\n<meta property=\"og:title\" content=\"Cerneluri pe baz\u0103 de solvent PVB &quot;VARIO&quot; - Chespa - printing inks, clichees, cutting dies\" \/>\n<meta property=\"og:description\" content=\"O serie de cerneluri cu solvent pe baz\u0103 de r\u0103\u0219in\u0103 PVB. Acestea sunt concepute pentru imprimarea invers\u0103 cu laminare, \u00een tehnica rotogravurii, pe diferite tipuri de folii activate.\u00a0 Se caracterizeaz\u0103 prin rezisten\u021ba ridicat\u0103 a laminatelor la lipire. Materiile prime utilizate \u00een cernelurile cu rezisten\u021b\u0103 chimic\u0103 sporit\u0103 fac posibil\u0103 imprimarea pe ambalaje concepute s\u0103 reziste la temperaturi ridicate. Cernelurile pot fi, de asemenea, utilizate pentru a realiza laminate de baz\u0103 prin folosirea tehnicii de laminare prin extrudare.\" \/>\n<meta property=\"og:url\" content=\"https:\/\/www.chespa.eu\/ro\/cerneluri-pe-baza-de-solvent-pvb-vario\/\" \/>\n<meta property=\"og:site_name\" content=\"Chespa - printing inks, clichees, cutting dies\" \/>\n<meta property=\"article:modified_time\" content=\"2022-11-10T15:07:37+00:00\" \/>\n<meta property=\"og:image\" content=\"https:\/\/www.chespa.eu\/wp-content\/uploads\/2021\/08\/serie_vario.png\" \/>\n\t<meta property=\"og:image:width\" content=\"1920\" \/>\n\t<meta property=\"og:image:height\" content=\"295\" \/>\n\t<meta property=\"og:image:type\" content=\"image\/png\" \/>\n<meta name=\"twitter:card\" content=\"summary_large_image\" \/>\n<meta name=\"twitter:label1\" content=\"Est. reading time\" \/>\n\t<meta name=\"twitter:data1\" content=\"1 minute\" \/>\n<script type=\"application\/ld+json\" class=\"yoast-schema-graph\">{\"@context\":\"https:\\\/\\\/schema.org\",\"@graph\":[{\"@type\":\"WebPage\",\"@id\":\"https:\\\/\\\/www.chespa.eu\\\/ro\\\/cerneluri-pe-baza-de-solvent-pvb-vario\\\/\",\"url\":\"https:\\\/\\\/www.chespa.eu\\\/ro\\\/cerneluri-pe-baza-de-solvent-pvb-vario\\\/\",\"name\":\"Cerneluri pe baz\u0103 de solvent PVB \\\"VARIO\\\" - Chespa - printing inks, clichees, cutting dies\",\"isPartOf\":{\"@id\":\"https:\\\/\\\/www.chespa.eu\\\/#website\"},\"primaryImageOfPage\":{\"@id\":\"https:\\\/\\\/www.chespa.eu\\\/ro\\\/cerneluri-pe-baza-de-solvent-pvb-vario\\\/#primaryimage\"},\"image\":{\"@id\":\"https:\\\/\\\/www.chespa.eu\\\/ro\\\/cerneluri-pe-baza-de-solvent-pvb-vario\\\/#primaryimage\"},\"thumbnailUrl\":\"https:\\\/\\\/www.chespa.eu\\\/wp-content\\\/uploads\\\/2021\\\/08\\\/serie_vario.png\",\"datePublished\":\"2021-08-26T08:21:51+00:00\",\"dateModified\":\"2022-11-10T15:07:37+00:00\",\"description\":\"O serie de cerneluri cu solvent pe baz\u0103 de r\u0103\u0219in\u0103 PVB. Acestea sunt concepute pentru imprimarea invers\u0103 cu laminare, \u00een tehnica rotogravurii, pe diferite tipuri de folii activate.\u00a0 Se caracterizeaz\u0103 prin rezisten\u021ba ridicat\u0103 a laminatelor la lipire. Materiile prime utilizate \u00een cernelurile cu rezisten\u021b\u0103 chimic\u0103 sporit\u0103 fac posibil\u0103 imprimarea pe ambalaje concepute s\u0103 reziste la temperaturi ridicate. Cernelurile pot fi, de asemenea, utilizate pentru a realiza laminate de baz\u0103 prin folosirea tehnicii de laminare prin extrudare.\",\"breadcrumb\":{\"@id\":\"https:\\\/\\\/www.chespa.eu\\\/ro\\\/cerneluri-pe-baza-de-solvent-pvb-vario\\\/#breadcrumb\"},\"inLanguage\":\"ro-RO\",\"potentialAction\":[{\"@type\":\"ReadAction\",\"target\":[\"https:\\\/\\\/www.chespa.eu\\\/ro\\\/cerneluri-pe-baza-de-solvent-pvb-vario\\\/\"]}]},{\"@type\":\"ImageObject\",\"inLanguage\":\"ro-RO\",\"@id\":\"https:\\\/\\\/www.chespa.eu\\\/ro\\\/cerneluri-pe-baza-de-solvent-pvb-vario\\\/#primaryimage\",\"url\":\"https:\\\/\\\/www.chespa.eu\\\/wp-content\\\/uploads\\\/2021\\\/08\\\/serie_vario.png\",\"contentUrl\":\"https:\\\/\\\/www.chespa.eu\\\/wp-content\\\/uploads\\\/2021\\\/08\\\/serie_vario.png\",\"width\":1920,\"height\":295},{\"@type\":\"BreadcrumbList\",\"@id\":\"https:\\\/\\\/www.chespa.eu\\\/ro\\\/cerneluri-pe-baza-de-solvent-pvb-vario\\\/#breadcrumb\",\"itemListElement\":[{\"@type\":\"ListItem\",\"position\":1,\"name\":\"Strona g\u0142\u00f3wna\",\"item\":\"https:\\\/\\\/www.chespa.eu\\\/\"},{\"@type\":\"ListItem\",\"position\":2,\"name\":\"Cerneluri pe baz\u0103 de solvent PVB &#8222;VARIO&#8221;\"}]},{\"@type\":\"WebSite\",\"@id\":\"https:\\\/\\\/www.chespa.eu\\\/#website\",\"url\":\"https:\\\/\\\/www.chespa.eu\\\/\",\"name\":\"Chespa - printing inks, clichees, cutting dies\",\"description\":\"\",\"potentialAction\":[{\"@type\":\"SearchAction\",\"target\":{\"@type\":\"EntryPoint\",\"urlTemplate\":\"https:\\\/\\\/www.chespa.eu\\\/?s={search_term_string}\"},\"query-input\":{\"@type\":\"PropertyValueSpecification\",\"valueRequired\":true,\"valueName\":\"search_term_string\"}}],\"inLanguage\":\"ro-RO\"}]}<\/script>\n<!-- \/ Yoast SEO plugin. -->","yoast_head_json":{"title":"Cerneluri pe baz\u0103 de solvent PVB \"VARIO\" - Chespa - printing inks, clichees, cutting dies","description":"O serie de cerneluri cu solvent pe baz\u0103 de r\u0103\u0219in\u0103 PVB. Acestea sunt concepute pentru imprimarea invers\u0103 cu laminare, \u00een tehnica rotogravurii, pe diferite tipuri de folii activate.\u00a0 Se caracterizeaz\u0103 prin rezisten\u021ba ridicat\u0103 a laminatelor la lipire. Materiile prime utilizate \u00een cernelurile cu rezisten\u021b\u0103 chimic\u0103 sporit\u0103 fac posibil\u0103 imprimarea pe ambalaje concepute s\u0103 reziste la temperaturi ridicate. Cernelurile pot fi, de asemenea, utilizate pentru a realiza laminate de baz\u0103 prin folosirea tehnicii de laminare prin extrudare.","robots":{"index":"index","follow":"follow","max-snippet":"max-snippet:-1","max-image-preview":"max-image-preview:large","max-video-preview":"max-video-preview:-1"},"canonical":"https:\/\/www.chespa.eu\/ro\/cerneluri-pe-baza-de-solvent-pvb-vario\/","og_locale":"ro_RO","og_type":"article","og_title":"Cerneluri pe baz\u0103 de solvent PVB \"VARIO\" - Chespa - printing inks, clichees, cutting dies","og_description":"O serie de cerneluri cu solvent pe baz\u0103 de r\u0103\u0219in\u0103 PVB. Acestea sunt concepute pentru imprimarea invers\u0103 cu laminare, \u00een tehnica rotogravurii, pe diferite tipuri de folii activate.\u00a0 Se caracterizeaz\u0103 prin rezisten\u021ba ridicat\u0103 a laminatelor la lipire. Materiile prime utilizate \u00een cernelurile cu rezisten\u021b\u0103 chimic\u0103 sporit\u0103 fac posibil\u0103 imprimarea pe ambalaje concepute s\u0103 reziste la temperaturi ridicate. Cernelurile pot fi, de asemenea, utilizate pentru a realiza laminate de baz\u0103 prin folosirea tehnicii de laminare prin extrudare.","og_url":"https:\/\/www.chespa.eu\/ro\/cerneluri-pe-baza-de-solvent-pvb-vario\/","og_site_name":"Chespa - printing inks, clichees, cutting dies","article_modified_time":"2022-11-10T15:07:37+00:00","og_image":[{"width":1920,"height":295,"url":"https:\/\/www.chespa.eu\/wp-content\/uploads\/2021\/08\/serie_vario.png","type":"image\/png"}],"twitter_card":"summary_large_image","twitter_misc":{"Est. reading time":"1 minute"},"schema":{"@context":"https:\/\/schema.org","@graph":[{"@type":"WebPage","@id":"https:\/\/www.chespa.eu\/ro\/cerneluri-pe-baza-de-solvent-pvb-vario\/","url":"https:\/\/www.chespa.eu\/ro\/cerneluri-pe-baza-de-solvent-pvb-vario\/","name":"Cerneluri pe baz\u0103 de solvent PVB \"VARIO\" - Chespa - printing inks, clichees, cutting dies","isPartOf":{"@id":"https:\/\/www.chespa.eu\/#website"},"primaryImageOfPage":{"@id":"https:\/\/www.chespa.eu\/ro\/cerneluri-pe-baza-de-solvent-pvb-vario\/#primaryimage"},"image":{"@id":"https:\/\/www.chespa.eu\/ro\/cerneluri-pe-baza-de-solvent-pvb-vario\/#primaryimage"},"thumbnailUrl":"https:\/\/www.chespa.eu\/wp-content\/uploads\/2021\/08\/serie_vario.png","datePublished":"2021-08-26T08:21:51+00:00","dateModified":"2022-11-10T15:07:37+00:00","description":"O serie de cerneluri cu solvent pe baz\u0103 de r\u0103\u0219in\u0103 PVB. Acestea sunt concepute pentru imprimarea invers\u0103 cu laminare, \u00een tehnica rotogravurii, pe diferite tipuri de folii activate.\u00a0 Se caracterizeaz\u0103 prin rezisten\u021ba ridicat\u0103 a laminatelor la lipire. Materiile prime utilizate \u00een cernelurile cu rezisten\u021b\u0103 chimic\u0103 sporit\u0103 fac posibil\u0103 imprimarea pe ambalaje concepute s\u0103 reziste la temperaturi ridicate. Cernelurile pot fi, de asemenea, utilizate pentru a realiza laminate de baz\u0103 prin folosirea tehnicii de laminare prin extrudare.","breadcrumb":{"@id":"https:\/\/www.chespa.eu\/ro\/cerneluri-pe-baza-de-solvent-pvb-vario\/#breadcrumb"},"inLanguage":"ro-RO","potentialAction":[{"@type":"ReadAction","target":["https:\/\/www.chespa.eu\/ro\/cerneluri-pe-baza-de-solvent-pvb-vario\/"]}]},{"@type":"ImageObject","inLanguage":"ro-RO","@id":"https:\/\/www.chespa.eu\/ro\/cerneluri-pe-baza-de-solvent-pvb-vario\/#primaryimage","url":"https:\/\/www.chespa.eu\/wp-content\/uploads\/2021\/08\/serie_vario.png","contentUrl":"https:\/\/www.chespa.eu\/wp-content\/uploads\/2021\/08\/serie_vario.png","width":1920,"height":295},{"@type":"BreadcrumbList","@id":"https:\/\/www.chespa.eu\/ro\/cerneluri-pe-baza-de-solvent-pvb-vario\/#breadcrumb","itemListElement":[{"@type":"ListItem","position":1,"name":"Strona g\u0142\u00f3wna","item":"https:\/\/www.chespa.eu\/"},{"@type":"ListItem","position":2,"name":"Cerneluri pe baz\u0103 de solvent PVB &#8222;VARIO&#8221;"}]},{"@type":"WebSite","@id":"https:\/\/www.chespa.eu\/#website","url":"https:\/\/www.chespa.eu\/","name":"Chespa - printing inks, clichees, cutting dies","description":"","potentialAction":[{"@type":"SearchAction","target":{"@type":"EntryPoint","urlTemplate":"https:\/\/www.chespa.eu\/?s={search_term_string}"},"query-input":{"@type":"PropertyValueSpecification","valueRequired":true,"valueName":"search_term_string"}}],"inLanguage":"ro-RO"}]}},"_links":{"self":[{"href":"https:\/\/www.chespa.eu\/ro\/wp-json\/wp\/v2\/pages\/15681","targetHints":{"allow":["GET"]}}],"collection":[{"href":"https:\/\/www.chespa.eu\/ro\/wp-json\/wp\/v2\/pages"}],"about":[{"href":"https:\/\/www.chespa.eu\/ro\/wp-json\/wp\/v2\/types\/page"}],"author":[{"embeddable":true,"href":"https:\/\/www.chespa.eu\/ro\/wp-json\/wp\/v2\/users\/2"}],"replies":[{"embeddable":true,"href":"https:\/\/www.chespa.eu\/ro\/wp-json\/wp\/v2\/comments?post=15681"}],"version-history":[{"count":5,"href":"https:\/\/www.chespa.eu\/ro\/wp-json\/wp\/v2\/pages\/15681\/revisions"}],"predecessor-version":[{"id":16838,"href":"https:\/\/www.chespa.eu\/ro\/wp-json\/wp\/v2\/pages\/15681\/revisions\/16838"}],"up":[{"embeddable":true,"href":"https:\/\/www.chespa.eu\/ro\/wp-json\/wp\/v2\/pages\/18799"}],"wp:featuredmedia":[{"embeddable":true,"href":"https:\/\/www.chespa.eu\/ro\/wp-json\/wp\/v2\/media\/15621"}],"wp:attachment":[{"href":"https:\/\/www.chespa.eu\/ro\/wp-json\/wp\/v2\/media?parent=15681"}],"curies":[{"name":"wp","href":"https:\/\/api.w.org\/{rel}","templated":true}]}}