{"id":15679,"date":"2021-08-26T10:20:43","date_gmt":"2021-08-26T08:20:43","guid":{"rendered":"https:\/\/www.chespa.eu\/?page_id=15679"},"modified":"2026-05-08T10:41:52","modified_gmt":"2026-05-08T08:41:52","slug":"cerneluri-pe-baza-de-solvent-pu-pure","status":"publish","type":"page","link":"https:\/\/www.chespa.eu\/ro\/produse\/cerneluri-grafice\/cerneluri-pe-baza-de-solvent-pu-pure\/","title":{"rendered":"Cerneluri pe baz\u0103 de solvent PU \u201cPURE\u201d"},"content":{"rendered":"<div id=\"pl-15679\"  class=\"panel-layout\" ><div id=\"pg-15679-0\"  class=\"panel-grid panel-no-style\" ><div id=\"pgc-15679-0-0\"  class=\"panel-grid-cell\" ><div id=\"panel-15679-0-0-0\" class=\"so-panel widget widget_sow-editor panel-first-child panel-last-child\" data-index=\"0\" ><div\n\t\t\t\n\t\t\tclass=\"so-widget-sow-editor so-widget-sow-editor-base\"\n\t\t\t\n\t\t>\n<div class=\"siteorigin-widget-tinymce textwidget\">\n\t<p>O serie de cerneluri poliuretanice pe baz\u0103 de solven\u021bi pentru imprimarea prin laminare invers\u0103. \u00cen combina\u021bie cu adezivi de laminare adecva\u021bi, acestea sunt potrivite pentru imprimarea ambalajelor supuse proceselor de sterilizare \u0219i pasteurizare, at\u00e2t \u00een imprimare flexografic\u0103, c\u00e2t \u0219i \u00een rotogravur\u0103. Acestea asigur\u0103 o for\u021b\u0103 ridicat\u0103 de laminare \u00eentr-o varietate de structuri de laminare, inclusiv poliesteri cu aluminiu.<\/p>\n<p><strong>Vede\u021bi cele mai recente solu\u021bii ale noastre:<\/strong><\/p>\n<div><\/div>\n<\/div>\n<\/div><\/div><\/div><\/div><div id=\"pg-15679-1\"  class=\"panel-grid panel-no-style\" ><div id=\"pgc-15679-1-0\"  class=\"panel-grid-cell\" ><div id=\"panel-15679-1-0-0\" class=\"so-panel widget widget_text panel-first-child panel-last-child\" data-index=\"1\" ><div class=\"product-box-img panel-widget-style panel-widget-style-for-15679-1-0-0\" >\t\t\t<div class=\"textwidget\"><p data-wp-editing=\"1\"><a href=\"https:\/\/www.chespa.eu\/ro\/produse\/cerneluri-grafice\/cerneluri-pe-baza-de-solvent-pu-pure\/pet\/\"><img loading=\"lazy\" decoding=\"async\" class=\"alignnone size-full \" src=\"https:\/\/www.chespa.eu\/wp-content\/uploads\/2026\/05\/pet.png\" alt=\"\" width=\"378\" height=\"378\" \/>\u00a0PET <\/a><\/p>\n<\/div>\n\t\t<\/div><\/div><\/div><div id=\"pgc-15679-1-1\"  class=\"panel-grid-cell panel-grid-cell-empty\" ><\/div><div id=\"pgc-15679-1-2\"  class=\"panel-grid-cell panel-grid-cell-empty\" ><\/div><div id=\"pgc-15679-1-3\"  class=\"panel-grid-cell panel-grid-cell-empty panel-grid-cell-mobile-last\" ><\/div><div id=\"pgc-15679-1-4\"  class=\"panel-grid-cell panel-grid-cell-empty\" ><\/div><\/div><div id=\"pg-15679-2\"  class=\"panel-grid panel-no-style\" ><div id=\"pgc-15679-2-0\"  class=\"panel-grid-cell\" ><div id=\"panel-15679-2-0-0\" class=\"so-panel widget widget_sow-editor panel-first-child panel-last-child\" data-index=\"2\" ><div\n\t\t\t\n\t\t\tclass=\"so-widget-sow-editor so-widget-sow-editor-base\"\n\t\t\t\n\t\t>\n<div class=\"siteorigin-widget-tinymce textwidget\">\n\t<div><strong><a dir=\"ltr\" title=\"Portal zam\u00f3wie\u0144\" href=\"https:\/\/orders.chespa.eu\/ISZ\/LogIn.aspx?ReturnUrl=%2fISZ%2fWebFormMain.aspx\" target=\"_self\" rel=\"noopener\" name=\"Portal zam\u00f3wie\u0144\">[<\/a><a href=\"https:\/\/orders.chespa.eu\/ISZ\/LogIn.aspx?ReturnUrl=%2fISZ%2fWebFormMain.aspx\">Acceseaz\u0103<\/a><a dir=\"ltr\" title=\"Portal zam\u00f3wie\u0144\" href=\"https:\/\/orders.chespa.eu\/ISZ\/LogIn.aspx?ReturnUrl=%2fISZ%2fWebFormMain.aspx\" target=\"_self\" rel=\"noopener\" name=\"Portal zam\u00f3wie\u0144\"><u> pagina<\/u>]<\/a><\/strong><\/div>\n<\/div>\n<\/div><\/div><\/div><\/div><\/div>","protected":false},"excerpt":{"rendered":"<p>O serie de cerneluri poliuretanice pe baz\u0103 de solven\u021bi pentru imprimarea prin laminare invers\u0103. \u00cen combina\u021bie cu adezivi de laminare adecva\u021bi, acestea sunt potrivite pentru imprimarea ambalajelor supuse proceselor de sterilizare \u0219i pasteurizare, at\u00e2t \u00een imprimare flexografic\u0103, c\u00e2t \u0219i \u00een rotogravur\u0103. Acestea asigur\u0103 o for\u021b\u0103 ridicat\u0103 de laminare \u00eentr-o varietate de structuri de laminare, inclusiv [&hellip;]<\/p>\n","protected":false},"author":2,"featured_media":15609,"parent":18799,"menu_order":0,"comment_status":"closed","ping_status":"closed","template":"","meta":{"_acf_changed":false,"footnotes":""},"class_list":["post-15679","page","type-page","status-publish","has-post-thumbnail","hentry"],"acf":[],"yoast_head":"<!-- This site is optimized with the Yoast SEO plugin v27.5 - https:\/\/yoast.com\/product\/yoast-seo-wordpress\/ -->\n<title>Cerneluri pe baz\u0103 de solvent PU \u201cPURE\u201d - Chespa - printing inks, clichees, cutting dies<\/title>\n<meta name=\"description\" content=\"O serie de cerneluri poliuretanice pe baz\u0103 de solven\u021bi pentru imprimarea prin laminare invers\u0103. \u00cen combina\u021bie cu adezivi de laminare adecva\u021bi, acestea sunt potrivite pentru imprimarea ambalajelor supuse proceselor de sterilizare \u0219i pasteurizare, at\u00e2t \u00een imprimare flexografic\u0103, c\u00e2t \u0219i \u00een rotogravur\u0103. Acestea asigur\u0103 o for\u021b\u0103 ridicat\u0103 de laminare \u00eentr-o varietate de structuri de laminare, inclusiv poliesteri cu aluminiu.\" \/>\n<meta name=\"robots\" content=\"index, follow, max-snippet:-1, max-image-preview:large, max-video-preview:-1\" \/>\n<link rel=\"canonical\" href=\"https:\/\/www.chespa.eu\/ro\/produse\/cerneluri-grafice\/cerneluri-pe-baza-de-solvent-pu-pure\/\" \/>\n<meta property=\"og:locale\" content=\"ro_RO\" \/>\n<meta property=\"og:type\" content=\"article\" \/>\n<meta property=\"og:title\" content=\"Cerneluri pe baz\u0103 de solvent PU \u201cPURE\u201d - Chespa - printing inks, clichees, cutting dies\" \/>\n<meta property=\"og:description\" content=\"O serie de cerneluri poliuretanice pe baz\u0103 de solven\u021bi pentru imprimarea prin laminare invers\u0103. \u00cen combina\u021bie cu adezivi de laminare adecva\u021bi, acestea sunt potrivite pentru imprimarea ambalajelor supuse proceselor de sterilizare \u0219i pasteurizare, at\u00e2t \u00een imprimare flexografic\u0103, c\u00e2t \u0219i \u00een rotogravur\u0103. Acestea asigur\u0103 o for\u021b\u0103 ridicat\u0103 de laminare \u00eentr-o varietate de structuri de laminare, inclusiv poliesteri cu aluminiu.\" \/>\n<meta property=\"og:url\" content=\"https:\/\/www.chespa.eu\/ro\/produse\/cerneluri-grafice\/cerneluri-pe-baza-de-solvent-pu-pure\/\" \/>\n<meta property=\"og:site_name\" content=\"Chespa - printing inks, clichees, cutting dies\" \/>\n<meta property=\"article:modified_time\" content=\"2026-05-08T08:41:52+00:00\" \/>\n<meta property=\"og:image\" content=\"https:\/\/www.chespa.eu\/wp-content\/uploads\/2021\/08\/serie_pure.png\" \/>\n\t<meta property=\"og:image:width\" content=\"1920\" \/>\n\t<meta property=\"og:image:height\" content=\"295\" \/>\n\t<meta property=\"og:image:type\" content=\"image\/png\" \/>\n<meta name=\"twitter:card\" content=\"summary_large_image\" \/>\n<meta name=\"twitter:label1\" content=\"Est. reading time\" \/>\n\t<meta name=\"twitter:data1\" content=\"1 minute\" \/>\n<script type=\"application\/ld+json\" class=\"yoast-schema-graph\">{\"@context\":\"https:\\\/\\\/schema.org\",\"@graph\":[{\"@type\":\"WebPage\",\"@id\":\"https:\\\/\\\/www.chespa.eu\\\/ro\\\/produse\\\/cerneluri-grafice\\\/cerneluri-pe-baza-de-solvent-pu-pure\\\/\",\"url\":\"https:\\\/\\\/www.chespa.eu\\\/ro\\\/produse\\\/cerneluri-grafice\\\/cerneluri-pe-baza-de-solvent-pu-pure\\\/\",\"name\":\"Cerneluri pe baz\u0103 de solvent PU \u201cPURE\u201d - Chespa - printing inks, clichees, cutting dies\",\"isPartOf\":{\"@id\":\"https:\\\/\\\/www.chespa.eu\\\/#website\"},\"primaryImageOfPage\":{\"@id\":\"https:\\\/\\\/www.chespa.eu\\\/ro\\\/produse\\\/cerneluri-grafice\\\/cerneluri-pe-baza-de-solvent-pu-pure\\\/#primaryimage\"},\"image\":{\"@id\":\"https:\\\/\\\/www.chespa.eu\\\/ro\\\/produse\\\/cerneluri-grafice\\\/cerneluri-pe-baza-de-solvent-pu-pure\\\/#primaryimage\"},\"thumbnailUrl\":\"https:\\\/\\\/www.chespa.eu\\\/wp-content\\\/uploads\\\/2021\\\/08\\\/serie_pure.png\",\"datePublished\":\"2021-08-26T08:20:43+00:00\",\"dateModified\":\"2026-05-08T08:41:52+00:00\",\"description\":\"O serie de cerneluri poliuretanice pe baz\u0103 de solven\u021bi pentru imprimarea prin laminare invers\u0103. \u00cen combina\u021bie cu adezivi de laminare adecva\u021bi, acestea sunt potrivite pentru imprimarea ambalajelor supuse proceselor de sterilizare \u0219i pasteurizare, at\u00e2t \u00een imprimare flexografic\u0103, c\u00e2t \u0219i \u00een rotogravur\u0103. Acestea asigur\u0103 o for\u021b\u0103 ridicat\u0103 de laminare \u00eentr-o varietate de structuri de laminare, inclusiv poliesteri cu aluminiu.\",\"breadcrumb\":{\"@id\":\"https:\\\/\\\/www.chespa.eu\\\/ro\\\/produse\\\/cerneluri-grafice\\\/cerneluri-pe-baza-de-solvent-pu-pure\\\/#breadcrumb\"},\"inLanguage\":\"ro-RO\",\"potentialAction\":[{\"@type\":\"ReadAction\",\"target\":[\"https:\\\/\\\/www.chespa.eu\\\/ro\\\/produse\\\/cerneluri-grafice\\\/cerneluri-pe-baza-de-solvent-pu-pure\\\/\"]}]},{\"@type\":\"ImageObject\",\"inLanguage\":\"ro-RO\",\"@id\":\"https:\\\/\\\/www.chespa.eu\\\/ro\\\/produse\\\/cerneluri-grafice\\\/cerneluri-pe-baza-de-solvent-pu-pure\\\/#primaryimage\",\"url\":\"https:\\\/\\\/www.chespa.eu\\\/wp-content\\\/uploads\\\/2021\\\/08\\\/serie_pure.png\",\"contentUrl\":\"https:\\\/\\\/www.chespa.eu\\\/wp-content\\\/uploads\\\/2021\\\/08\\\/serie_pure.png\",\"width\":1920,\"height\":295},{\"@type\":\"BreadcrumbList\",\"@id\":\"https:\\\/\\\/www.chespa.eu\\\/ro\\\/produse\\\/cerneluri-grafice\\\/cerneluri-pe-baza-de-solvent-pu-pure\\\/#breadcrumb\",\"itemListElement\":[{\"@type\":\"ListItem\",\"position\":1,\"name\":\"Strona g\u0142\u00f3wna\",\"item\":\"https:\\\/\\\/www.chespa.eu\\\/\"},{\"@type\":\"ListItem\",\"position\":2,\"name\":\"Produse\",\"item\":\"https:\\\/\\\/www.chespa.eu\\\/produkty\\\/\"},{\"@type\":\"ListItem\",\"position\":3,\"name\":\"Cerneluri grafice\",\"item\":\"https:\\\/\\\/www.chespa.eu\\\/produkty\\\/farby-graficzne\\\/\"},{\"@type\":\"ListItem\",\"position\":4,\"name\":\"Cerneluri pe baz\u0103 de solvent PU \u201cPURE\u201d\"}]},{\"@type\":\"WebSite\",\"@id\":\"https:\\\/\\\/www.chespa.eu\\\/#website\",\"url\":\"https:\\\/\\\/www.chespa.eu\\\/\",\"name\":\"Chespa - printing inks, clichees, cutting dies\",\"description\":\"\",\"potentialAction\":[{\"@type\":\"SearchAction\",\"target\":{\"@type\":\"EntryPoint\",\"urlTemplate\":\"https:\\\/\\\/www.chespa.eu\\\/?s={search_term_string}\"},\"query-input\":{\"@type\":\"PropertyValueSpecification\",\"valueRequired\":true,\"valueName\":\"search_term_string\"}}],\"inLanguage\":\"ro-RO\"}]}<\/script>\n<!-- \/ Yoast SEO plugin. -->","yoast_head_json":{"title":"Cerneluri pe baz\u0103 de solvent PU \u201cPURE\u201d - Chespa - printing inks, clichees, cutting dies","description":"O serie de cerneluri poliuretanice pe baz\u0103 de solven\u021bi pentru imprimarea prin laminare invers\u0103. \u00cen combina\u021bie cu adezivi de laminare adecva\u021bi, acestea sunt potrivite pentru imprimarea ambalajelor supuse proceselor de sterilizare \u0219i pasteurizare, at\u00e2t \u00een imprimare flexografic\u0103, c\u00e2t \u0219i \u00een rotogravur\u0103. Acestea asigur\u0103 o for\u021b\u0103 ridicat\u0103 de laminare \u00eentr-o varietate de structuri de laminare, inclusiv poliesteri cu aluminiu.","robots":{"index":"index","follow":"follow","max-snippet":"max-snippet:-1","max-image-preview":"max-image-preview:large","max-video-preview":"max-video-preview:-1"},"canonical":"https:\/\/www.chespa.eu\/ro\/produse\/cerneluri-grafice\/cerneluri-pe-baza-de-solvent-pu-pure\/","og_locale":"ro_RO","og_type":"article","og_title":"Cerneluri pe baz\u0103 de solvent PU \u201cPURE\u201d - Chespa - printing inks, clichees, cutting dies","og_description":"O serie de cerneluri poliuretanice pe baz\u0103 de solven\u021bi pentru imprimarea prin laminare invers\u0103. \u00cen combina\u021bie cu adezivi de laminare adecva\u021bi, acestea sunt potrivite pentru imprimarea ambalajelor supuse proceselor de sterilizare \u0219i pasteurizare, at\u00e2t \u00een imprimare flexografic\u0103, c\u00e2t \u0219i \u00een rotogravur\u0103. Acestea asigur\u0103 o for\u021b\u0103 ridicat\u0103 de laminare \u00eentr-o varietate de structuri de laminare, inclusiv poliesteri cu aluminiu.","og_url":"https:\/\/www.chespa.eu\/ro\/produse\/cerneluri-grafice\/cerneluri-pe-baza-de-solvent-pu-pure\/","og_site_name":"Chespa - printing inks, clichees, cutting dies","article_modified_time":"2026-05-08T08:41:52+00:00","og_image":[{"width":1920,"height":295,"url":"https:\/\/www.chespa.eu\/wp-content\/uploads\/2021\/08\/serie_pure.png","type":"image\/png"}],"twitter_card":"summary_large_image","twitter_misc":{"Est. reading time":"1 minute"},"schema":{"@context":"https:\/\/schema.org","@graph":[{"@type":"WebPage","@id":"https:\/\/www.chespa.eu\/ro\/produse\/cerneluri-grafice\/cerneluri-pe-baza-de-solvent-pu-pure\/","url":"https:\/\/www.chespa.eu\/ro\/produse\/cerneluri-grafice\/cerneluri-pe-baza-de-solvent-pu-pure\/","name":"Cerneluri pe baz\u0103 de solvent PU \u201cPURE\u201d - Chespa - printing inks, clichees, cutting dies","isPartOf":{"@id":"https:\/\/www.chespa.eu\/#website"},"primaryImageOfPage":{"@id":"https:\/\/www.chespa.eu\/ro\/produse\/cerneluri-grafice\/cerneluri-pe-baza-de-solvent-pu-pure\/#primaryimage"},"image":{"@id":"https:\/\/www.chespa.eu\/ro\/produse\/cerneluri-grafice\/cerneluri-pe-baza-de-solvent-pu-pure\/#primaryimage"},"thumbnailUrl":"https:\/\/www.chespa.eu\/wp-content\/uploads\/2021\/08\/serie_pure.png","datePublished":"2021-08-26T08:20:43+00:00","dateModified":"2026-05-08T08:41:52+00:00","description":"O serie de cerneluri poliuretanice pe baz\u0103 de solven\u021bi pentru imprimarea prin laminare invers\u0103. \u00cen combina\u021bie cu adezivi de laminare adecva\u021bi, acestea sunt potrivite pentru imprimarea ambalajelor supuse proceselor de sterilizare \u0219i pasteurizare, at\u00e2t \u00een imprimare flexografic\u0103, c\u00e2t \u0219i \u00een rotogravur\u0103. Acestea asigur\u0103 o for\u021b\u0103 ridicat\u0103 de laminare \u00eentr-o varietate de structuri de laminare, inclusiv poliesteri cu aluminiu.","breadcrumb":{"@id":"https:\/\/www.chespa.eu\/ro\/produse\/cerneluri-grafice\/cerneluri-pe-baza-de-solvent-pu-pure\/#breadcrumb"},"inLanguage":"ro-RO","potentialAction":[{"@type":"ReadAction","target":["https:\/\/www.chespa.eu\/ro\/produse\/cerneluri-grafice\/cerneluri-pe-baza-de-solvent-pu-pure\/"]}]},{"@type":"ImageObject","inLanguage":"ro-RO","@id":"https:\/\/www.chespa.eu\/ro\/produse\/cerneluri-grafice\/cerneluri-pe-baza-de-solvent-pu-pure\/#primaryimage","url":"https:\/\/www.chespa.eu\/wp-content\/uploads\/2021\/08\/serie_pure.png","contentUrl":"https:\/\/www.chespa.eu\/wp-content\/uploads\/2021\/08\/serie_pure.png","width":1920,"height":295},{"@type":"BreadcrumbList","@id":"https:\/\/www.chespa.eu\/ro\/produse\/cerneluri-grafice\/cerneluri-pe-baza-de-solvent-pu-pure\/#breadcrumb","itemListElement":[{"@type":"ListItem","position":1,"name":"Strona g\u0142\u00f3wna","item":"https:\/\/www.chespa.eu\/"},{"@type":"ListItem","position":2,"name":"Produse","item":"https:\/\/www.chespa.eu\/produkty\/"},{"@type":"ListItem","position":3,"name":"Cerneluri grafice","item":"https:\/\/www.chespa.eu\/produkty\/farby-graficzne\/"},{"@type":"ListItem","position":4,"name":"Cerneluri pe baz\u0103 de solvent PU \u201cPURE\u201d"}]},{"@type":"WebSite","@id":"https:\/\/www.chespa.eu\/#website","url":"https:\/\/www.chespa.eu\/","name":"Chespa - printing inks, clichees, cutting dies","description":"","potentialAction":[{"@type":"SearchAction","target":{"@type":"EntryPoint","urlTemplate":"https:\/\/www.chespa.eu\/?s={search_term_string}"},"query-input":{"@type":"PropertyValueSpecification","valueRequired":true,"valueName":"search_term_string"}}],"inLanguage":"ro-RO"}]}},"_links":{"self":[{"href":"https:\/\/www.chespa.eu\/ro\/wp-json\/wp\/v2\/pages\/15679","targetHints":{"allow":["GET"]}}],"collection":[{"href":"https:\/\/www.chespa.eu\/ro\/wp-json\/wp\/v2\/pages"}],"about":[{"href":"https:\/\/www.chespa.eu\/ro\/wp-json\/wp\/v2\/types\/page"}],"author":[{"embeddable":true,"href":"https:\/\/www.chespa.eu\/ro\/wp-json\/wp\/v2\/users\/2"}],"replies":[{"embeddable":true,"href":"https:\/\/www.chespa.eu\/ro\/wp-json\/wp\/v2\/comments?post=15679"}],"version-history":[{"count":6,"href":"https:\/\/www.chespa.eu\/ro\/wp-json\/wp\/v2\/pages\/15679\/revisions"}],"predecessor-version":[{"id":19499,"href":"https:\/\/www.chespa.eu\/ro\/wp-json\/wp\/v2\/pages\/15679\/revisions\/19499"}],"up":[{"embeddable":true,"href":"https:\/\/www.chespa.eu\/ro\/wp-json\/wp\/v2\/pages\/18799"}],"wp:featuredmedia":[{"embeddable":true,"href":"https:\/\/www.chespa.eu\/ro\/wp-json\/wp\/v2\/media\/15609"}],"wp:attachment":[{"href":"https:\/\/www.chespa.eu\/ro\/wp-json\/wp\/v2\/media?parent=15679"}],"curies":[{"name":"wp","href":"https:\/\/api.w.org\/{rel}","templated":true}]}}