{"id":14612,"date":"2020-12-10T09:30:32","date_gmt":"2020-12-10T08:30:32","guid":{"rendered":"https:\/\/www.chespa.eu\/spice-up-your-print\/"},"modified":"2026-02-09T14:26:42","modified_gmt":"2026-02-09T13:26:42","slug":"spice-up-your-print","status":"publish","type":"page","link":"https:\/\/www.chespa.eu\/ro\/spice-up-your-print\/","title":{"rendered":"CONDIMENTEAZ\u0102-\u021aI IMPRIMAREA"},"content":{"rendered":"<p><a href=\"https:\/\/www.chespa.eu\/wp-content\/uploads\/2020\/12\/mlnk.png\" rel=\"lightbox[14612]\"><img loading=\"lazy\" decoding=\"async\" class=\"alignnone wp-image-14396\" src=\"https:\/\/www.chespa.eu\/wp-content\/uploads\/2020\/12\/mlnk.png\" alt=\"\" width=\"334\" height=\"296\" \/><\/a><\/p>\n<p><em>&gt;&gt; Etichete termocontractabile \u2013 Produse pentru Chespa<\/em><\/p>\n<p><em>&gt;&gt; Ambalaje autentice \u2013 Simpozion 2020<\/em><\/p>\n<p><em>&gt;&gt; Polonia, decembrie 2020<\/em><\/p>\n<p><em>Pentru imprimare au fost utilizate produsele CHESPA:<\/em><\/p>\n<p><em>cerneluri \u201eQiuvi Food ELM\u201d, precum \u0219i pl\u0103ci fotopolimerice produse folosind tehnologia \u201eElastic K\u201d.<\/em><\/p>\n<p>&nbsp;<\/p>\n<p><a href=\"https:\/\/www.chespa.eu\/wp-content\/uploads\/2020\/12\/qiuvi.png\" rel=\"lightbox[14612]\"><img loading=\"lazy\" decoding=\"async\" class=\"alignnone size-full wp-image-14424\" src=\"https:\/\/www.chespa.eu\/wp-content\/uploads\/2020\/12\/qiuvi.png\" alt=\"\" width=\"247\" height=\"60\" \/><\/a><\/p>\n<p><button class=\"btn btn-primary\" type=\"button\" data-toggle=\"collapse\" data-target=\"#collapseExample\" aria-expanded=\"false\" aria-controls=\"collapseExample\">Arata detaliile<\/button><\/p>\n<p><em>Pl\u0103ci fotopolimerice: Chespa Elastic K<\/em><\/p>\n<p><em>Linia<\/em><em>tur\u0103: 70 lpc<\/em><\/p>\n<p><em>Tipografie: BG<\/em><\/p>\n<p><em>Echipament imprimare: Mark Andy<\/em><\/p>\n<p><em>Cerneal\u0103: Chespa Qiuvi Food ELM<\/em><\/p>\n<p><em>Qiuvi Food ELM Negru \u2013 500 lpc \/ 2.5 cm\u00b3\/m\u00b2<\/em><\/p>\n<p><em>Qiuvi Food ELM Cyan \u2013 500 lpc \/ 2.5 cm\u00b3\/m\u00b2<\/em><\/p>\n<p><em>Qiuvi Food ELM Magenta \u2013 500 lpc \/ 2.8 cm\u00b3\/m\u00b2<\/em><\/p>\n<p><em>Qiuvi Food ELM Galben \u2013 500 lpc \/ 2.8 cm\u00b3\/m\u00b2<\/em><\/p>\n<p><em>Qiuvi Food ELM PMS Verde \u2013 240 lpc \/ 7 cm\u00b3\/m\u00b2<\/em><\/p>\n<p><em>Qiuvi Food ELM PMS Albastru \u2013 240 lpc \/ 7 cm\u00b3\/m\u00b2<\/em><\/p>\n<p><em>Qiuvi Food ELM PMS Violet \u2013 240 lpc \/ 7 cm\u00b3\/m\u00b2<\/em><\/p>\n<p><em>Qiuvi Food ELM Alb \u2013 160 lpc \/ 7 cm\u00b3\/m\u00b2<\/em><\/p>\n<p><em>\u00a0<\/em><\/p>\n<p><em>Suport imprimare: PET 45<\/em><\/p>\n<p>&nbsp;<\/p>\n<p>&nbsp;<\/p>\n<p><a href=\"https:\/\/www.chespa.eu\/wp-content\/uploads\/2020\/12\/IndiaSpices_corr.png\" rel=\"lightbox[14612]\"><img loading=\"lazy\" decoding=\"async\" class=\"alignnone wp-image-14389\" src=\"https:\/\/www.chespa.eu\/wp-content\/uploads\/2020\/12\/IndiaSpices_corr.png\" alt=\"\" width=\"417\" height=\"361\" \/><\/a><\/p>\n<p><em>&gt;&gt; Ambalaje pentru condimente din India \u2013 Produse pentru Chespa<\/em><\/p>\n<p><em>&gt;&gt; Ambalaje autentice \u2013 Simpozion 2020<\/em><\/p>\n<p><em>&gt;&gt; Polonia, decembrie 2020<\/em><\/p>\n<p><em>Pentru imprimare au fost utilizate produsele CHESPA:<\/em><\/p>\n<p><em>cerneluri din cea mai recent\u0103 serie \u201eFlexi Eco\u201d, fabricate din materii prime regenerabile, \u0219i pl\u0103ci fotopolimerice produse folosind tehnologia \u201eChespa Uni Corr\u201d.<\/em><\/p>\n<p>&nbsp;<\/p>\n<p><a href=\"https:\/\/www.chespa.eu\/wp-content\/uploads\/2020\/12\/flexi_eco.png\" rel=\"lightbox[14612]\"><img loading=\"lazy\" decoding=\"async\" class=\"alignnone size-full wp-image-14418\" src=\"https:\/\/www.chespa.eu\/wp-content\/uploads\/2020\/12\/flexi_eco.png\" alt=\"\" width=\"210\" height=\"57\" \/><\/a><\/p>\n<p><button class=\"btn btn-primary\" type=\"button\" data-toggle=\"collapse\" data-target=\"#collapseExample1\" aria-expanded=\"false\" aria-controls=\"collapseExample1\">Arata detaliile<\/button><\/p>\n<div id=\"collapseExample1\" class=\"collapse\">\n<div class=\"well\">\n<p><em>Pl\u0103ci fotopolimerice: Chespa Uni Corr,<\/em><\/p>\n<p><em>Liniatur\u0103: 32 lpc<\/em><\/p>\n<p><em>Tipografie: DAKO<\/em><\/p>\n<p><em>Echipament imprimare: Bobst Materflex HD<\/em><\/p>\n<p><em>Cerneluri: Chespa Flexi Eco<\/em><\/p>\n<p><em>Flexi Eco Extreme White \u2013 anilox XL<\/em><\/p>\n<p><em>Flexi Eco Cyan \u2013 anilox M<\/em><\/p>\n<p><em>Flexi Eco Magenta \u2013 anilox M<\/em><\/p>\n<p><em>Flexi Eco Yellow \u2013 anilox M<\/em><\/p>\n<p><em>Flexi Eco PMS Brown \u2013 anilox L<\/em><\/p>\n<p><em>Flexi Eco PMS Green \u2013 anilox L<\/em><\/p>\n<p><em>\u00a0<\/em><\/p>\n<p><em>Suport: carton necretat, kraft, ondul\u0103 tip E<\/em><\/p>\n<\/div>\n<\/div>\n<p>&nbsp;<\/p>\n<p><em>Codul DIGIMARC se afl\u0103 at\u00e2t pe ambalajul din carton ondulat, c\u00e2t \u0219i pe man\u0219oanele termocontractabile flexibile de pe r\u00e2\u0219ni\u021b\u0103 \u0219i sprinklere. V\u0103 \u00eencuraj\u0103m s\u0103 utiliza\u021bi aplica\u021bia.<\/em><\/p>\n<p>&nbsp;<\/p>\n<p><a href=\"https:\/\/www.chespa.eu\/wp-content\/uploads\/2020\/12\/digimarc.jpg\" rel=\"lightbox[14612]\"><img loading=\"lazy\" decoding=\"async\" class=\"alignnone size-full wp-image-14473\" src=\"https:\/\/www.chespa.eu\/wp-content\/uploads\/2020\/12\/digimarc.jpg\" alt=\"\" width=\"373\" height=\"43\" \/><\/a><\/p>\n<p>&nbsp;<\/p>\n","protected":false},"excerpt":{"rendered":"<p>&gt;&gt; Etichete termocontractabile \u2013 Produse pentru Chespa &gt;&gt; Ambalaje autentice \u2013 Simpozion 2020 &gt;&gt; Polonia, decembrie 2020 Pentru imprimare au fost utilizate produsele CHESPA: cerneluri \u201eQiuvi Food ELM\u201d, precum \u0219i pl\u0103ci fotopolimerice produse folosind tehnologia \u201eElastic K\u201d. &nbsp; Arata detaliile Pl\u0103ci fotopolimerice: Chespa Elastic K Liniatur\u0103: 70 lpc Tipografie: BG Echipament imprimare: Mark Andy Cerneal\u0103: [&hellip;]<\/p>\n","protected":false},"author":2,"featured_media":14487,"parent":0,"menu_order":0,"comment_status":"closed","ping_status":"closed","template":"","meta":{"_acf_changed":false,"footnotes":""},"class_list":["post-14612","page","type-page","status-publish","has-post-thumbnail","hentry"],"acf":[],"yoast_head":"<!-- This site is optimized with the Yoast SEO plugin v27.4 - https:\/\/yoast.com\/product\/yoast-seo-wordpress\/ -->\n<title>CONDIMENTEAZ\u0102-\u021aI IMPRIMAREA - Chespa - printing inks, clichees, cutting dies<\/title>\n<meta name=\"robots\" content=\"index, follow, max-snippet:-1, max-image-preview:large, max-video-preview:-1\" \/>\n<link rel=\"canonical\" href=\"https:\/\/www.chespa.eu\/ro\/spice-up-your-print\/\" \/>\n<meta property=\"og:locale\" content=\"ro_RO\" \/>\n<meta property=\"og:type\" content=\"article\" \/>\n<meta property=\"og:title\" content=\"CONDIMENTEAZ\u0102-\u021aI IMPRIMAREA - Chespa - printing inks, clichees, cutting dies\" \/>\n<meta property=\"og:description\" content=\"&gt;&gt; Etichete termocontractabile \u2013 Produse pentru Chespa &gt;&gt; Ambalaje autentice \u2013 Simpozion 2020 &gt;&gt; Polonia, decembrie 2020 Pentru imprimare au fost utilizate produsele CHESPA: cerneluri \u201eQiuvi Food ELM\u201d, precum \u0219i pl\u0103ci fotopolimerice produse folosind tehnologia \u201eElastic K\u201d. &nbsp; Arata detaliile Pl\u0103ci fotopolimerice: Chespa Elastic K Liniatur\u0103: 70 lpc Tipografie: BG Echipament imprimare: Mark Andy Cerneal\u0103: [&hellip;]\" \/>\n<meta property=\"og:url\" content=\"https:\/\/www.chespa.eu\/ro\/spice-up-your-print\/\" \/>\n<meta property=\"og:site_name\" content=\"Chespa - printing inks, clichees, cutting dies\" \/>\n<meta property=\"article:modified_time\" content=\"2026-02-09T13:26:42+00:00\" \/>\n<meta property=\"og:image\" content=\"https:\/\/www.chespa.eu\/wp-content\/uploads\/2020\/12\/okno_gorne2.jpg\" \/>\n\t<meta property=\"og:image:width\" content=\"1920\" \/>\n\t<meta property=\"og:image:height\" content=\"295\" \/>\n\t<meta property=\"og:image:type\" content=\"image\/jpeg\" \/>\n<meta name=\"twitter:card\" content=\"summary_large_image\" \/>\n<meta name=\"twitter:label1\" content=\"Est. reading time\" \/>\n\t<meta name=\"twitter:data1\" content=\"3 minutes\" \/>\n<script type=\"application\/ld+json\" class=\"yoast-schema-graph\">{\"@context\":\"https:\\\/\\\/schema.org\",\"@graph\":[{\"@type\":\"WebPage\",\"@id\":\"https:\\\/\\\/www.chespa.eu\\\/ro\\\/spice-up-your-print\\\/\",\"url\":\"https:\\\/\\\/www.chespa.eu\\\/ro\\\/spice-up-your-print\\\/\",\"name\":\"CONDIMENTEAZ\u0102-\u021aI IMPRIMAREA - Chespa - printing inks, clichees, cutting dies\",\"isPartOf\":{\"@id\":\"https:\\\/\\\/www.chespa.eu\\\/#website\"},\"primaryImageOfPage\":{\"@id\":\"https:\\\/\\\/www.chespa.eu\\\/ro\\\/spice-up-your-print\\\/#primaryimage\"},\"image\":{\"@id\":\"https:\\\/\\\/www.chespa.eu\\\/ro\\\/spice-up-your-print\\\/#primaryimage\"},\"thumbnailUrl\":\"https:\\\/\\\/www.chespa.eu\\\/wp-content\\\/uploads\\\/2020\\\/12\\\/okno_gorne2.jpg\",\"datePublished\":\"2020-12-10T08:30:32+00:00\",\"dateModified\":\"2026-02-09T13:26:42+00:00\",\"breadcrumb\":{\"@id\":\"https:\\\/\\\/www.chespa.eu\\\/ro\\\/spice-up-your-print\\\/#breadcrumb\"},\"inLanguage\":\"ro-RO\",\"potentialAction\":[{\"@type\":\"ReadAction\",\"target\":[\"https:\\\/\\\/www.chespa.eu\\\/ro\\\/spice-up-your-print\\\/\"]}]},{\"@type\":\"ImageObject\",\"inLanguage\":\"ro-RO\",\"@id\":\"https:\\\/\\\/www.chespa.eu\\\/ro\\\/spice-up-your-print\\\/#primaryimage\",\"url\":\"https:\\\/\\\/www.chespa.eu\\\/wp-content\\\/uploads\\\/2020\\\/12\\\/okno_gorne2.jpg\",\"contentUrl\":\"https:\\\/\\\/www.chespa.eu\\\/wp-content\\\/uploads\\\/2020\\\/12\\\/okno_gorne2.jpg\",\"width\":1920,\"height\":295},{\"@type\":\"BreadcrumbList\",\"@id\":\"https:\\\/\\\/www.chespa.eu\\\/ro\\\/spice-up-your-print\\\/#breadcrumb\",\"itemListElement\":[{\"@type\":\"ListItem\",\"position\":1,\"name\":\"Strona g\u0142\u00f3wna\",\"item\":\"https:\\\/\\\/www.chespa.eu\\\/\"},{\"@type\":\"ListItem\",\"position\":2,\"name\":\"CONDIMENTEAZ\u0102-\u021aI IMPRIMAREA\"}]},{\"@type\":\"WebSite\",\"@id\":\"https:\\\/\\\/www.chespa.eu\\\/#website\",\"url\":\"https:\\\/\\\/www.chespa.eu\\\/\",\"name\":\"Chespa - printing inks, clichees, cutting dies\",\"description\":\"\",\"potentialAction\":[{\"@type\":\"SearchAction\",\"target\":{\"@type\":\"EntryPoint\",\"urlTemplate\":\"https:\\\/\\\/www.chespa.eu\\\/?s={search_term_string}\"},\"query-input\":{\"@type\":\"PropertyValueSpecification\",\"valueRequired\":true,\"valueName\":\"search_term_string\"}}],\"inLanguage\":\"ro-RO\"}]}<\/script>\n<!-- \/ Yoast SEO plugin. -->","yoast_head_json":{"title":"CONDIMENTEAZ\u0102-\u021aI IMPRIMAREA - Chespa - printing inks, clichees, cutting dies","robots":{"index":"index","follow":"follow","max-snippet":"max-snippet:-1","max-image-preview":"max-image-preview:large","max-video-preview":"max-video-preview:-1"},"canonical":"https:\/\/www.chespa.eu\/ro\/spice-up-your-print\/","og_locale":"ro_RO","og_type":"article","og_title":"CONDIMENTEAZ\u0102-\u021aI IMPRIMAREA - Chespa - printing inks, clichees, cutting dies","og_description":"&gt;&gt; Etichete termocontractabile \u2013 Produse pentru Chespa &gt;&gt; Ambalaje autentice \u2013 Simpozion 2020 &gt;&gt; Polonia, decembrie 2020 Pentru imprimare au fost utilizate produsele CHESPA: cerneluri \u201eQiuvi Food ELM\u201d, precum \u0219i pl\u0103ci fotopolimerice produse folosind tehnologia \u201eElastic K\u201d. &nbsp; Arata detaliile Pl\u0103ci fotopolimerice: Chespa Elastic K Liniatur\u0103: 70 lpc Tipografie: BG Echipament imprimare: Mark Andy Cerneal\u0103: [&hellip;]","og_url":"https:\/\/www.chespa.eu\/ro\/spice-up-your-print\/","og_site_name":"Chespa - printing inks, clichees, cutting dies","article_modified_time":"2026-02-09T13:26:42+00:00","og_image":[{"width":1920,"height":295,"url":"https:\/\/www.chespa.eu\/wp-content\/uploads\/2020\/12\/okno_gorne2.jpg","type":"image\/jpeg"}],"twitter_card":"summary_large_image","twitter_misc":{"Est. reading time":"3 minutes"},"schema":{"@context":"https:\/\/schema.org","@graph":[{"@type":"WebPage","@id":"https:\/\/www.chespa.eu\/ro\/spice-up-your-print\/","url":"https:\/\/www.chespa.eu\/ro\/spice-up-your-print\/","name":"CONDIMENTEAZ\u0102-\u021aI IMPRIMAREA - Chespa - printing inks, clichees, cutting dies","isPartOf":{"@id":"https:\/\/www.chespa.eu\/#website"},"primaryImageOfPage":{"@id":"https:\/\/www.chespa.eu\/ro\/spice-up-your-print\/#primaryimage"},"image":{"@id":"https:\/\/www.chespa.eu\/ro\/spice-up-your-print\/#primaryimage"},"thumbnailUrl":"https:\/\/www.chespa.eu\/wp-content\/uploads\/2020\/12\/okno_gorne2.jpg","datePublished":"2020-12-10T08:30:32+00:00","dateModified":"2026-02-09T13:26:42+00:00","breadcrumb":{"@id":"https:\/\/www.chespa.eu\/ro\/spice-up-your-print\/#breadcrumb"},"inLanguage":"ro-RO","potentialAction":[{"@type":"ReadAction","target":["https:\/\/www.chespa.eu\/ro\/spice-up-your-print\/"]}]},{"@type":"ImageObject","inLanguage":"ro-RO","@id":"https:\/\/www.chespa.eu\/ro\/spice-up-your-print\/#primaryimage","url":"https:\/\/www.chespa.eu\/wp-content\/uploads\/2020\/12\/okno_gorne2.jpg","contentUrl":"https:\/\/www.chespa.eu\/wp-content\/uploads\/2020\/12\/okno_gorne2.jpg","width":1920,"height":295},{"@type":"BreadcrumbList","@id":"https:\/\/www.chespa.eu\/ro\/spice-up-your-print\/#breadcrumb","itemListElement":[{"@type":"ListItem","position":1,"name":"Strona g\u0142\u00f3wna","item":"https:\/\/www.chespa.eu\/"},{"@type":"ListItem","position":2,"name":"CONDIMENTEAZ\u0102-\u021aI IMPRIMAREA"}]},{"@type":"WebSite","@id":"https:\/\/www.chespa.eu\/#website","url":"https:\/\/www.chespa.eu\/","name":"Chespa - printing inks, clichees, cutting dies","description":"","potentialAction":[{"@type":"SearchAction","target":{"@type":"EntryPoint","urlTemplate":"https:\/\/www.chespa.eu\/?s={search_term_string}"},"query-input":{"@type":"PropertyValueSpecification","valueRequired":true,"valueName":"search_term_string"}}],"inLanguage":"ro-RO"}]}},"_links":{"self":[{"href":"https:\/\/www.chespa.eu\/ro\/wp-json\/wp\/v2\/pages\/14612","targetHints":{"allow":["GET"]}}],"collection":[{"href":"https:\/\/www.chespa.eu\/ro\/wp-json\/wp\/v2\/pages"}],"about":[{"href":"https:\/\/www.chespa.eu\/ro\/wp-json\/wp\/v2\/types\/page"}],"author":[{"embeddable":true,"href":"https:\/\/www.chespa.eu\/ro\/wp-json\/wp\/v2\/users\/2"}],"replies":[{"embeddable":true,"href":"https:\/\/www.chespa.eu\/ro\/wp-json\/wp\/v2\/comments?post=14612"}],"version-history":[{"count":4,"href":"https:\/\/www.chespa.eu\/ro\/wp-json\/wp\/v2\/pages\/14612\/revisions"}],"predecessor-version":[{"id":19368,"href":"https:\/\/www.chespa.eu\/ro\/wp-json\/wp\/v2\/pages\/14612\/revisions\/19368"}],"wp:featuredmedia":[{"embeddable":true,"href":"https:\/\/www.chespa.eu\/ro\/wp-json\/wp\/v2\/media\/14487"}],"wp:attachment":[{"href":"https:\/\/www.chespa.eu\/ro\/wp-json\/wp\/v2\/media?parent=14612"}],"curies":[{"name":"wp","href":"https:\/\/api.w.org\/{rel}","templated":true}]}}