{"id":1269,"date":"2016-02-15T13:41:40","date_gmt":"2016-02-15T12:41:40","guid":{"rendered":"http:\/\/chespa.eu\/ro\/zasady-etyki-biznesowej\/"},"modified":"2022-04-04T15:20:31","modified_gmt":"2022-04-04T13:20:31","slug":"zasady-etyki-biznesowej","status":"publish","type":"page","link":"https:\/\/www.chespa.eu\/ro\/zasady-etyki-biznesowej\/","title":{"rendered":"Principiile de etic\u0103 \u00een afaceri"},"content":{"rendered":"<p>Principiile de etic\u0103 \u00een afaceri se bazeaz\u0103 pe performan\u021ba fiabil\u0103 a taxelor, respectarea angaja\u021bilor, partenerilor, clien\u021bilor \u0219i respectarea legii \u0219i a normelor sociale. Ele sunt destinate s\u0103 arate valorile de baz\u0103 ale afacerii companiei Chespa. Conformitatea se aplic\u0103 tuturor angaja\u021bilor din companie, indiferent de pozi\u021bia. Principiile de etic\u0103 \u00een afaceri cre\u0219te \u00eencrederea \u00een companie \u0219i, de asemenea, reduce num\u0103rul de situa\u021bii del conflict de interese sau alte practici nedorite.<\/p>\n","protected":false},"excerpt":{"rendered":"<p>Principiile de etic\u0103 \u00een afaceri se bazeaz\u0103 pe performan\u021ba fiabil\u0103 a taxelor, respectarea angaja\u021bilor, partenerilor, clien\u021bilor \u0219i respectarea legii \u0219i a normelor sociale. Ele sunt destinate s\u0103 arate valorile de baz\u0103 ale afacerii companiei Chespa. Conformitatea se aplic\u0103 tuturor angaja\u021bilor din companie, indiferent de pozi\u021bia. Principiile de etic\u0103 \u00een afaceri cre\u0219te \u00eencrederea \u00een companie \u0219i, [&hellip;]<\/p>\n","protected":false},"author":6,"featured_media":15996,"parent":0,"menu_order":0,"comment_status":"closed","ping_status":"closed","template":"","meta":{"_acf_changed":false,"footnotes":""},"class_list":["post-1269","page","type-page","status-publish","has-post-thumbnail","hentry"],"acf":[],"yoast_head":"<!-- This site is optimized with the Yoast SEO plugin v27.6 - https:\/\/yoast.com\/product\/yoast-seo-wordpress\/ -->\n<title>Principiile de etic\u0103 \u00een afaceri - Chespa - printing inks, clichees, cutting dies<\/title>\n<meta name=\"robots\" content=\"index, follow, max-snippet:-1, max-image-preview:large, max-video-preview:-1\" \/>\n<link rel=\"canonical\" href=\"https:\/\/www.chespa.eu\/ro\/zasady-etyki-biznesowej\/\" \/>\n<meta property=\"og:locale\" content=\"ro_RO\" \/>\n<meta property=\"og:type\" content=\"article\" \/>\n<meta property=\"og:title\" content=\"Principiile de etic\u0103 \u00een afaceri - Chespa - printing inks, clichees, cutting dies\" \/>\n<meta property=\"og:description\" content=\"Principiile de etic\u0103 \u00een afaceri se bazeaz\u0103 pe performan\u021ba fiabil\u0103 a taxelor, respectarea angaja\u021bilor, partenerilor, clien\u021bilor \u0219i respectarea legii \u0219i a normelor sociale. Ele sunt destinate s\u0103 arate valorile de baz\u0103 ale afacerii companiei Chespa. Conformitatea se aplic\u0103 tuturor angaja\u021bilor din companie, indiferent de pozi\u021bia. Principiile de etic\u0103 \u00een afaceri cre\u0219te \u00eencrederea \u00een companie \u0219i, [&hellip;]\" \/>\n<meta property=\"og:url\" content=\"https:\/\/www.chespa.eu\/ro\/zasady-etyki-biznesowej\/\" \/>\n<meta property=\"og:site_name\" content=\"Chespa - printing inks, clichees, cutting dies\" \/>\n<meta property=\"article:modified_time\" content=\"2022-04-04T13:20:31+00:00\" \/>\n<meta property=\"og:image\" content=\"https:\/\/www.chespa.eu\/wp-content\/uploads\/2022\/04\/nature-and-technology-.jpg\" \/>\n\t<meta property=\"og:image:width\" content=\"1920\" \/>\n\t<meta property=\"og:image:height\" content=\"295\" \/>\n\t<meta property=\"og:image:type\" content=\"image\/jpeg\" \/>\n<meta name=\"twitter:card\" content=\"summary_large_image\" \/>\n<script type=\"application\/ld+json\" class=\"yoast-schema-graph\">{\"@context\":\"https:\\\/\\\/schema.org\",\"@graph\":[{\"@type\":\"WebPage\",\"@id\":\"https:\\\/\\\/www.chespa.eu\\\/ro\\\/zasady-etyki-biznesowej\\\/\",\"url\":\"https:\\\/\\\/www.chespa.eu\\\/ro\\\/zasady-etyki-biznesowej\\\/\",\"name\":\"Principiile de etic\u0103 \u00een afaceri - Chespa - printing inks, clichees, cutting dies\",\"isPartOf\":{\"@id\":\"https:\\\/\\\/www.chespa.eu\\\/#website\"},\"primaryImageOfPage\":{\"@id\":\"https:\\\/\\\/www.chespa.eu\\\/ro\\\/zasady-etyki-biznesowej\\\/#primaryimage\"},\"image\":{\"@id\":\"https:\\\/\\\/www.chespa.eu\\\/ro\\\/zasady-etyki-biznesowej\\\/#primaryimage\"},\"thumbnailUrl\":\"https:\\\/\\\/www.chespa.eu\\\/wp-content\\\/uploads\\\/2022\\\/04\\\/nature-and-technology-.jpg\",\"datePublished\":\"2016-02-15T12:41:40+00:00\",\"dateModified\":\"2022-04-04T13:20:31+00:00\",\"breadcrumb\":{\"@id\":\"https:\\\/\\\/www.chespa.eu\\\/ro\\\/zasady-etyki-biznesowej\\\/#breadcrumb\"},\"inLanguage\":\"ro-RO\",\"potentialAction\":[{\"@type\":\"ReadAction\",\"target\":[\"https:\\\/\\\/www.chespa.eu\\\/ro\\\/zasady-etyki-biznesowej\\\/\"]}]},{\"@type\":\"ImageObject\",\"inLanguage\":\"ro-RO\",\"@id\":\"https:\\\/\\\/www.chespa.eu\\\/ro\\\/zasady-etyki-biznesowej\\\/#primaryimage\",\"url\":\"https:\\\/\\\/www.chespa.eu\\\/wp-content\\\/uploads\\\/2022\\\/04\\\/nature-and-technology-.jpg\",\"contentUrl\":\"https:\\\/\\\/www.chespa.eu\\\/wp-content\\\/uploads\\\/2022\\\/04\\\/nature-and-technology-.jpg\",\"width\":1920,\"height\":295},{\"@type\":\"BreadcrumbList\",\"@id\":\"https:\\\/\\\/www.chespa.eu\\\/ro\\\/zasady-etyki-biznesowej\\\/#breadcrumb\",\"itemListElement\":[{\"@type\":\"ListItem\",\"position\":1,\"name\":\"Strona g\u0142\u00f3wna\",\"item\":\"https:\\\/\\\/www.chespa.eu\\\/\"},{\"@type\":\"ListItem\",\"position\":2,\"name\":\"Principiile de etic\u0103 \u00een afaceri\"}]},{\"@type\":\"WebSite\",\"@id\":\"https:\\\/\\\/www.chespa.eu\\\/#website\",\"url\":\"https:\\\/\\\/www.chespa.eu\\\/\",\"name\":\"Chespa - printing inks, clichees, cutting dies\",\"description\":\"\",\"potentialAction\":[{\"@type\":\"SearchAction\",\"target\":{\"@type\":\"EntryPoint\",\"urlTemplate\":\"https:\\\/\\\/www.chespa.eu\\\/?s={search_term_string}\"},\"query-input\":{\"@type\":\"PropertyValueSpecification\",\"valueRequired\":true,\"valueName\":\"search_term_string\"}}],\"inLanguage\":\"ro-RO\"}]}<\/script>\n<!-- \/ Yoast SEO plugin. -->","yoast_head_json":{"title":"Principiile de etic\u0103 \u00een afaceri - Chespa - printing inks, clichees, cutting dies","robots":{"index":"index","follow":"follow","max-snippet":"max-snippet:-1","max-image-preview":"max-image-preview:large","max-video-preview":"max-video-preview:-1"},"canonical":"https:\/\/www.chespa.eu\/ro\/zasady-etyki-biznesowej\/","og_locale":"ro_RO","og_type":"article","og_title":"Principiile de etic\u0103 \u00een afaceri - Chespa - printing inks, clichees, cutting dies","og_description":"Principiile de etic\u0103 \u00een afaceri se bazeaz\u0103 pe performan\u021ba fiabil\u0103 a taxelor, respectarea angaja\u021bilor, partenerilor, clien\u021bilor \u0219i respectarea legii \u0219i a normelor sociale. Ele sunt destinate s\u0103 arate valorile de baz\u0103 ale afacerii companiei Chespa. Conformitatea se aplic\u0103 tuturor angaja\u021bilor din companie, indiferent de pozi\u021bia. Principiile de etic\u0103 \u00een afaceri cre\u0219te \u00eencrederea \u00een companie \u0219i, [&hellip;]","og_url":"https:\/\/www.chespa.eu\/ro\/zasady-etyki-biznesowej\/","og_site_name":"Chespa - printing inks, clichees, cutting dies","article_modified_time":"2022-04-04T13:20:31+00:00","og_image":[{"width":1920,"height":295,"url":"https:\/\/www.chespa.eu\/wp-content\/uploads\/2022\/04\/nature-and-technology-.jpg","type":"image\/jpeg"}],"twitter_card":"summary_large_image","schema":{"@context":"https:\/\/schema.org","@graph":[{"@type":"WebPage","@id":"https:\/\/www.chespa.eu\/ro\/zasady-etyki-biznesowej\/","url":"https:\/\/www.chespa.eu\/ro\/zasady-etyki-biznesowej\/","name":"Principiile de etic\u0103 \u00een afaceri - Chespa - printing inks, clichees, cutting dies","isPartOf":{"@id":"https:\/\/www.chespa.eu\/#website"},"primaryImageOfPage":{"@id":"https:\/\/www.chespa.eu\/ro\/zasady-etyki-biznesowej\/#primaryimage"},"image":{"@id":"https:\/\/www.chespa.eu\/ro\/zasady-etyki-biznesowej\/#primaryimage"},"thumbnailUrl":"https:\/\/www.chespa.eu\/wp-content\/uploads\/2022\/04\/nature-and-technology-.jpg","datePublished":"2016-02-15T12:41:40+00:00","dateModified":"2022-04-04T13:20:31+00:00","breadcrumb":{"@id":"https:\/\/www.chespa.eu\/ro\/zasady-etyki-biznesowej\/#breadcrumb"},"inLanguage":"ro-RO","potentialAction":[{"@type":"ReadAction","target":["https:\/\/www.chespa.eu\/ro\/zasady-etyki-biznesowej\/"]}]},{"@type":"ImageObject","inLanguage":"ro-RO","@id":"https:\/\/www.chespa.eu\/ro\/zasady-etyki-biznesowej\/#primaryimage","url":"https:\/\/www.chespa.eu\/wp-content\/uploads\/2022\/04\/nature-and-technology-.jpg","contentUrl":"https:\/\/www.chespa.eu\/wp-content\/uploads\/2022\/04\/nature-and-technology-.jpg","width":1920,"height":295},{"@type":"BreadcrumbList","@id":"https:\/\/www.chespa.eu\/ro\/zasady-etyki-biznesowej\/#breadcrumb","itemListElement":[{"@type":"ListItem","position":1,"name":"Strona g\u0142\u00f3wna","item":"https:\/\/www.chespa.eu\/"},{"@type":"ListItem","position":2,"name":"Principiile de etic\u0103 \u00een afaceri"}]},{"@type":"WebSite","@id":"https:\/\/www.chespa.eu\/#website","url":"https:\/\/www.chespa.eu\/","name":"Chespa - printing inks, clichees, cutting dies","description":"","potentialAction":[{"@type":"SearchAction","target":{"@type":"EntryPoint","urlTemplate":"https:\/\/www.chespa.eu\/?s={search_term_string}"},"query-input":{"@type":"PropertyValueSpecification","valueRequired":true,"valueName":"search_term_string"}}],"inLanguage":"ro-RO"}]}},"_links":{"self":[{"href":"https:\/\/www.chespa.eu\/ro\/wp-json\/wp\/v2\/pages\/1269","targetHints":{"allow":["GET"]}}],"collection":[{"href":"https:\/\/www.chespa.eu\/ro\/wp-json\/wp\/v2\/pages"}],"about":[{"href":"https:\/\/www.chespa.eu\/ro\/wp-json\/wp\/v2\/types\/page"}],"author":[{"embeddable":true,"href":"https:\/\/www.chespa.eu\/ro\/wp-json\/wp\/v2\/users\/6"}],"replies":[{"embeddable":true,"href":"https:\/\/www.chespa.eu\/ro\/wp-json\/wp\/v2\/comments?post=1269"}],"version-history":[{"count":5,"href":"https:\/\/www.chespa.eu\/ro\/wp-json\/wp\/v2\/pages\/1269\/revisions"}],"predecessor-version":[{"id":16012,"href":"https:\/\/www.chespa.eu\/ro\/wp-json\/wp\/v2\/pages\/1269\/revisions\/16012"}],"wp:featuredmedia":[{"embeddable":true,"href":"https:\/\/www.chespa.eu\/ro\/wp-json\/wp\/v2\/media\/15996"}],"wp:attachment":[{"href":"https:\/\/www.chespa.eu\/ro\/wp-json\/wp\/v2\/media?parent=1269"}],"curies":[{"name":"wp","href":"https:\/\/api.w.org\/{rel}","templated":true}]}}