{"id":1255,"date":"2016-02-15T11:38:55","date_gmt":"2016-02-15T10:38:55","guid":{"rendered":"http:\/\/chespa.eu\/ro\/wykrojniki-rotacyjne\/"},"modified":"2021-11-18T07:37:08","modified_gmt":"2021-11-18T06:37:08","slug":"wykrojniki-rotacyjne","status":"publish","type":"page","link":"https:\/\/www.chespa.eu\/ro\/produse\/wykrojniki\/wykrojniki-rotacyjne\/","title":{"rendered":"Matri\u021be rotative"},"content":{"rendered":"<p>Este un instrument folosit pentru a t\u0103ia ambalaje \u00een principal, din carton ondulat pe ma\u0219inile rotative. Noi producem matri\u021be de t\u0103iat de cea mai \u00eenalt\u0103 calitate, folosind un laser CNC.<\/p>\n<p>Oferim:<\/p>\n<p><strong>Matri\u021be rotative par\u021biale<\/strong> &#8211; (ex. perfora\u021bie s\u0103 se rup\u0103) sunt folosite pentru a t\u0103ia un fragment (o parte) a ambalajului, acestea sunt adesea complementare pentru ambalajele t\u0103iate de pe slotter. Diametrele de la fi 174mm la 800mm FI. Pentru a arde moare de t\u0103iere, vom folosi cu laser \u00een impulsuri, \u00een scopul de a asigura o mai bun\u0103 stabilitate a liniilor. Moare de t\u0103iere sunt realizate \u00een toate sistemele de montare.<br \/>\n<strong>Matri\u021be rotative complet<\/strong> &#8211; se las\u0103 s\u0103 se taie ambalaje complet de carton ondulat. \u00cen principal utilizate pentru ambalarea \u00een vrac. Diametrele de la 174 mm la fi 690 mm Fi. Pentru a arde moare de t\u0103iere, vom folosi cu laser \u00een impulsuri, \u00een scopul de a asigura o mai bun\u0103 stabilitate a liniilor. Moare de t\u0103iere sunt realizate \u00een toate sistemele de montare.<\/p>\n","protected":false},"excerpt":{"rendered":"<p>Este un instrument folosit pentru a t\u0103ia ambalaje \u00een principal, din carton ondulat pe ma\u0219inile rotative. Noi producem matri\u021be de t\u0103iat de cea mai \u00eenalt\u0103 calitate, folosind un laser CNC. Oferim: Matri\u021be rotative par\u021biale &#8211; (ex. perfora\u021bie s\u0103 se rup\u0103) sunt folosite pentru a t\u0103ia un fragment (o parte) a ambalajului, acestea sunt adesea complementare [&hellip;]<\/p>\n","protected":false},"author":6,"featured_media":9557,"parent":1229,"menu_order":0,"comment_status":"closed","ping_status":"closed","template":"","meta":{"_acf_changed":false,"footnotes":""},"class_list":["post-1255","page","type-page","status-publish","has-post-thumbnail","hentry"],"acf":[],"yoast_head":"<!-- This site is optimized with the Yoast SEO plugin v27.4 - https:\/\/yoast.com\/product\/yoast-seo-wordpress\/ -->\n<title>Matri\u021be rotative - Chespa - printing inks, clichees, cutting dies<\/title>\n<meta name=\"robots\" content=\"index, follow, max-snippet:-1, max-image-preview:large, max-video-preview:-1\" \/>\n<link rel=\"canonical\" href=\"https:\/\/www.chespa.eu\/ro\/wykrojniki-rotacyjne\/\" \/>\n<meta property=\"og:locale\" content=\"ro_RO\" \/>\n<meta property=\"og:type\" content=\"article\" \/>\n<meta property=\"og:title\" content=\"Matri\u021be rotative - Chespa - printing inks, clichees, cutting dies\" \/>\n<meta property=\"og:description\" content=\"Este un instrument folosit pentru a t\u0103ia ambalaje \u00een principal, din carton ondulat pe ma\u0219inile rotative. Noi producem matri\u021be de t\u0103iat de cea mai \u00eenalt\u0103 calitate, folosind un laser CNC. Oferim: Matri\u021be rotative par\u021biale &#8211; (ex. perfora\u021bie s\u0103 se rup\u0103) sunt folosite pentru a t\u0103ia un fragment (o parte) a ambalajului, acestea sunt adesea complementare [&hellip;]\" \/>\n<meta property=\"og:url\" content=\"https:\/\/www.chespa.eu\/ro\/wykrojniki-rotacyjne\/\" \/>\n<meta property=\"og:site_name\" content=\"Chespa - printing inks, clichees, cutting dies\" \/>\n<meta property=\"article:modified_time\" content=\"2021-11-18T06:37:08+00:00\" \/>\n<meta property=\"og:image\" content=\"https:\/\/www.chespa.eu\/wp-content\/uploads\/2016\/09\/wykrojniki_rotacja.jpg\" \/>\n\t<meta property=\"og:image:width\" content=\"1920\" \/>\n\t<meta property=\"og:image:height\" content=\"295\" \/>\n\t<meta property=\"og:image:type\" content=\"image\/jpeg\" \/>\n<meta name=\"twitter:card\" content=\"summary_large_image\" \/>\n<meta name=\"twitter:label1\" content=\"Est. reading time\" \/>\n\t<meta name=\"twitter:data1\" content=\"1 minute\" \/>\n<script type=\"application\/ld+json\" class=\"yoast-schema-graph\">{\"@context\":\"https:\\\/\\\/schema.org\",\"@graph\":[{\"@type\":\"WebPage\",\"@id\":\"https:\\\/\\\/www.chespa.eu\\\/ro\\\/wykrojniki-rotacyjne\\\/\",\"url\":\"https:\\\/\\\/www.chespa.eu\\\/ro\\\/wykrojniki-rotacyjne\\\/\",\"name\":\"Matri\u021be rotative - Chespa - printing inks, clichees, cutting dies\",\"isPartOf\":{\"@id\":\"https:\\\/\\\/www.chespa.eu\\\/#website\"},\"primaryImageOfPage\":{\"@id\":\"https:\\\/\\\/www.chespa.eu\\\/ro\\\/wykrojniki-rotacyjne\\\/#primaryimage\"},\"image\":{\"@id\":\"https:\\\/\\\/www.chespa.eu\\\/ro\\\/wykrojniki-rotacyjne\\\/#primaryimage\"},\"thumbnailUrl\":\"https:\\\/\\\/www.chespa.eu\\\/wp-content\\\/uploads\\\/2016\\\/09\\\/wykrojniki_rotacja.jpg\",\"datePublished\":\"2016-02-15T10:38:55+00:00\",\"dateModified\":\"2021-11-18T06:37:08+00:00\",\"breadcrumb\":{\"@id\":\"https:\\\/\\\/www.chespa.eu\\\/ro\\\/wykrojniki-rotacyjne\\\/#breadcrumb\"},\"inLanguage\":\"ro-RO\",\"potentialAction\":[{\"@type\":\"ReadAction\",\"target\":[\"https:\\\/\\\/www.chespa.eu\\\/ro\\\/wykrojniki-rotacyjne\\\/\"]}]},{\"@type\":\"ImageObject\",\"inLanguage\":\"ro-RO\",\"@id\":\"https:\\\/\\\/www.chespa.eu\\\/ro\\\/wykrojniki-rotacyjne\\\/#primaryimage\",\"url\":\"https:\\\/\\\/www.chespa.eu\\\/wp-content\\\/uploads\\\/2016\\\/09\\\/wykrojniki_rotacja.jpg\",\"contentUrl\":\"https:\\\/\\\/www.chespa.eu\\\/wp-content\\\/uploads\\\/2016\\\/09\\\/wykrojniki_rotacja.jpg\",\"width\":1920,\"height\":295},{\"@type\":\"BreadcrumbList\",\"@id\":\"https:\\\/\\\/www.chespa.eu\\\/ro\\\/wykrojniki-rotacyjne\\\/#breadcrumb\",\"itemListElement\":[{\"@type\":\"ListItem\",\"position\":1,\"name\":\"Strona g\u0142\u00f3wna\",\"item\":\"https:\\\/\\\/www.chespa.eu\\\/\"},{\"@type\":\"ListItem\",\"position\":2,\"name\":\"Matri\u021be rotative\"}]},{\"@type\":\"WebSite\",\"@id\":\"https:\\\/\\\/www.chespa.eu\\\/#website\",\"url\":\"https:\\\/\\\/www.chespa.eu\\\/\",\"name\":\"Chespa - printing inks, clichees, cutting dies\",\"description\":\"\",\"potentialAction\":[{\"@type\":\"SearchAction\",\"target\":{\"@type\":\"EntryPoint\",\"urlTemplate\":\"https:\\\/\\\/www.chespa.eu\\\/?s={search_term_string}\"},\"query-input\":{\"@type\":\"PropertyValueSpecification\",\"valueRequired\":true,\"valueName\":\"search_term_string\"}}],\"inLanguage\":\"ro-RO\"}]}<\/script>\n<!-- \/ Yoast SEO plugin. -->","yoast_head_json":{"title":"Matri\u021be rotative - Chespa - printing inks, clichees, cutting dies","robots":{"index":"index","follow":"follow","max-snippet":"max-snippet:-1","max-image-preview":"max-image-preview:large","max-video-preview":"max-video-preview:-1"},"canonical":"https:\/\/www.chespa.eu\/ro\/wykrojniki-rotacyjne\/","og_locale":"ro_RO","og_type":"article","og_title":"Matri\u021be rotative - Chespa - printing inks, clichees, cutting dies","og_description":"Este un instrument folosit pentru a t\u0103ia ambalaje \u00een principal, din carton ondulat pe ma\u0219inile rotative. Noi producem matri\u021be de t\u0103iat de cea mai \u00eenalt\u0103 calitate, folosind un laser CNC. Oferim: Matri\u021be rotative par\u021biale &#8211; (ex. perfora\u021bie s\u0103 se rup\u0103) sunt folosite pentru a t\u0103ia un fragment (o parte) a ambalajului, acestea sunt adesea complementare [&hellip;]","og_url":"https:\/\/www.chespa.eu\/ro\/wykrojniki-rotacyjne\/","og_site_name":"Chespa - printing inks, clichees, cutting dies","article_modified_time":"2021-11-18T06:37:08+00:00","og_image":[{"width":1920,"height":295,"url":"https:\/\/www.chespa.eu\/wp-content\/uploads\/2016\/09\/wykrojniki_rotacja.jpg","type":"image\/jpeg"}],"twitter_card":"summary_large_image","twitter_misc":{"Est. reading time":"1 minute"},"schema":{"@context":"https:\/\/schema.org","@graph":[{"@type":"WebPage","@id":"https:\/\/www.chespa.eu\/ro\/wykrojniki-rotacyjne\/","url":"https:\/\/www.chespa.eu\/ro\/wykrojniki-rotacyjne\/","name":"Matri\u021be rotative - Chespa - printing inks, clichees, cutting dies","isPartOf":{"@id":"https:\/\/www.chespa.eu\/#website"},"primaryImageOfPage":{"@id":"https:\/\/www.chespa.eu\/ro\/wykrojniki-rotacyjne\/#primaryimage"},"image":{"@id":"https:\/\/www.chespa.eu\/ro\/wykrojniki-rotacyjne\/#primaryimage"},"thumbnailUrl":"https:\/\/www.chespa.eu\/wp-content\/uploads\/2016\/09\/wykrojniki_rotacja.jpg","datePublished":"2016-02-15T10:38:55+00:00","dateModified":"2021-11-18T06:37:08+00:00","breadcrumb":{"@id":"https:\/\/www.chespa.eu\/ro\/wykrojniki-rotacyjne\/#breadcrumb"},"inLanguage":"ro-RO","potentialAction":[{"@type":"ReadAction","target":["https:\/\/www.chespa.eu\/ro\/wykrojniki-rotacyjne\/"]}]},{"@type":"ImageObject","inLanguage":"ro-RO","@id":"https:\/\/www.chespa.eu\/ro\/wykrojniki-rotacyjne\/#primaryimage","url":"https:\/\/www.chespa.eu\/wp-content\/uploads\/2016\/09\/wykrojniki_rotacja.jpg","contentUrl":"https:\/\/www.chespa.eu\/wp-content\/uploads\/2016\/09\/wykrojniki_rotacja.jpg","width":1920,"height":295},{"@type":"BreadcrumbList","@id":"https:\/\/www.chespa.eu\/ro\/wykrojniki-rotacyjne\/#breadcrumb","itemListElement":[{"@type":"ListItem","position":1,"name":"Strona g\u0142\u00f3wna","item":"https:\/\/www.chespa.eu\/"},{"@type":"ListItem","position":2,"name":"Matri\u021be rotative"}]},{"@type":"WebSite","@id":"https:\/\/www.chespa.eu\/#website","url":"https:\/\/www.chespa.eu\/","name":"Chespa - printing inks, clichees, cutting dies","description":"","potentialAction":[{"@type":"SearchAction","target":{"@type":"EntryPoint","urlTemplate":"https:\/\/www.chespa.eu\/?s={search_term_string}"},"query-input":{"@type":"PropertyValueSpecification","valueRequired":true,"valueName":"search_term_string"}}],"inLanguage":"ro-RO"}]}},"_links":{"self":[{"href":"https:\/\/www.chespa.eu\/ro\/wp-json\/wp\/v2\/pages\/1255","targetHints":{"allow":["GET"]}}],"collection":[{"href":"https:\/\/www.chespa.eu\/ro\/wp-json\/wp\/v2\/pages"}],"about":[{"href":"https:\/\/www.chespa.eu\/ro\/wp-json\/wp\/v2\/types\/page"}],"author":[{"embeddable":true,"href":"https:\/\/www.chespa.eu\/ro\/wp-json\/wp\/v2\/users\/6"}],"replies":[{"embeddable":true,"href":"https:\/\/www.chespa.eu\/ro\/wp-json\/wp\/v2\/comments?post=1255"}],"version-history":[{"count":8,"href":"https:\/\/www.chespa.eu\/ro\/wp-json\/wp\/v2\/pages\/1255\/revisions"}],"predecessor-version":[{"id":15801,"href":"https:\/\/www.chespa.eu\/ro\/wp-json\/wp\/v2\/pages\/1255\/revisions\/15801"}],"up":[{"embeddable":true,"href":"https:\/\/www.chespa.eu\/ro\/wp-json\/wp\/v2\/pages\/1229"}],"wp:featuredmedia":[{"embeddable":true,"href":"https:\/\/www.chespa.eu\/ro\/wp-json\/wp\/v2\/media\/9557"}],"wp:attachment":[{"href":"https:\/\/www.chespa.eu\/ro\/wp-json\/wp\/v2\/media?parent=1255"}],"curies":[{"name":"wp","href":"https:\/\/api.w.org\/{rel}","templated":true}]}}