{"id":1241,"date":"2016-02-15T11:34:47","date_gmt":"2016-02-15T10:34:47","guid":{"rendered":"http:\/\/chespa.eu\/ro\/wykrojniki-plaskie\/"},"modified":"2016-10-14T13:46:52","modified_gmt":"2016-10-14T11:46:52","slug":"wykrojniki-plaskie","status":"publish","type":"page","link":"https:\/\/www.chespa.eu\/ro\/produse\/wykrojniki\/wykrojniki-plaskie\/","title":{"rendered":"Stante plane"},"content":{"rendered":"<p>Este un instrument folosit pentru a t\u0103ia ambalaje din carton ondulat \u0219i solide, precum \u0219i alte materiale. Chespa produce t\u0103iere plat moale cu 3000x1500mm maxim\u0103 de m\u0103rime (dimensiuni mai mari, ob\u021binute prin combinarea placaj).<\/p>\n<p><strong>Oferim:<\/strong><\/p>\n<p><strong>1. Ma\u0219ina de tip Bobst<\/strong> \u2013 poate consta \u00een punch, sta\u021bie de epurare de jos, sta\u021bie de cur\u0103\u021bare bord superior reflectorizant, \u00een func\u021bie de tipul ma\u0219inii. Statii de epurare pot fi realizate \u00een diverse sisteme de cur\u0103\u021bare:<\/p>\n<ul>\n<li>conven\u021bional<\/li>\n<li>dinamic<\/li>\n<li>benzi clip<\/li>\n<li>Cu carton solid \u00een plus, este posibil de a utiliza broachingu pentru cu\u021bite care leag\u0103 mai detaliate.<\/li>\n<\/ul>\n<p><strong>2. Numai pumn<\/strong> \u2013 tipul aparatului Crucibile rol. Avantajele pumni noastre sunt corecte si profesionale de asamblare \u0219i de cauciuc t\u0103iat pe ap\u0103 de cu\u021bit care garanteaz\u0103 cea mai mare precizie.<\/p>\n<p>&nbsp;<\/p>\n","protected":false},"excerpt":{"rendered":"<p>Este un instrument folosit pentru a t\u0103ia ambalaje din carton ondulat \u0219i solide, precum \u0219i alte materiale. Chespa produce t\u0103iere plat moale cu 3000x1500mm maxim\u0103 de m\u0103rime (dimensiuni mai mari, ob\u021binute prin combinarea placaj). Oferim: 1. Ma\u0219ina de tip Bobst \u2013 poate consta \u00een punch, sta\u021bie de epurare de jos, sta\u021bie de cur\u0103\u021bare bord superior [&hellip;]<\/p>\n","protected":false},"author":6,"featured_media":9569,"parent":1229,"menu_order":0,"comment_status":"closed","ping_status":"closed","template":"","meta":{"_acf_changed":false,"footnotes":""},"class_list":["post-1241","page","type-page","status-publish","has-post-thumbnail","hentry"],"acf":[],"yoast_head":"<!-- This site is optimized with the Yoast SEO plugin v27.4 - https:\/\/yoast.com\/product\/yoast-seo-wordpress\/ -->\n<title>Stante plane - Chespa - printing inks, clichees, cutting dies<\/title>\n<meta name=\"robots\" content=\"index, follow, max-snippet:-1, max-image-preview:large, max-video-preview:-1\" \/>\n<link rel=\"canonical\" href=\"https:\/\/www.chespa.eu\/ro\/wykrojniki-plaskie\/\" \/>\n<meta property=\"og:locale\" content=\"ro_RO\" \/>\n<meta property=\"og:type\" content=\"article\" \/>\n<meta property=\"og:title\" content=\"Stante plane - Chespa - printing inks, clichees, cutting dies\" \/>\n<meta property=\"og:description\" content=\"Este un instrument folosit pentru a t\u0103ia ambalaje din carton ondulat \u0219i solide, precum \u0219i alte materiale. Chespa produce t\u0103iere plat moale cu 3000x1500mm maxim\u0103 de m\u0103rime (dimensiuni mai mari, ob\u021binute prin combinarea placaj). Oferim: 1. Ma\u0219ina de tip Bobst \u2013 poate consta \u00een punch, sta\u021bie de epurare de jos, sta\u021bie de cur\u0103\u021bare bord superior [&hellip;]\" \/>\n<meta property=\"og:url\" content=\"https:\/\/www.chespa.eu\/ro\/wykrojniki-plaskie\/\" \/>\n<meta property=\"og:site_name\" content=\"Chespa - printing inks, clichees, cutting dies\" \/>\n<meta property=\"article:modified_time\" content=\"2016-10-14T11:46:52+00:00\" \/>\n<meta property=\"og:image\" content=\"https:\/\/www.chespa.eu\/wp-content\/uploads\/2016\/09\/wykrojniki_plaskie.jpg\" \/>\n\t<meta property=\"og:image:width\" content=\"1920\" \/>\n\t<meta property=\"og:image:height\" content=\"295\" \/>\n\t<meta property=\"og:image:type\" content=\"image\/jpeg\" \/>\n<meta name=\"twitter:card\" content=\"summary_large_image\" \/>\n<meta name=\"twitter:label1\" content=\"Est. reading time\" \/>\n\t<meta name=\"twitter:data1\" content=\"1 minute\" \/>\n<script type=\"application\/ld+json\" class=\"yoast-schema-graph\">{\"@context\":\"https:\\\/\\\/schema.org\",\"@graph\":[{\"@type\":\"WebPage\",\"@id\":\"https:\\\/\\\/www.chespa.eu\\\/ro\\\/wykrojniki-plaskie\\\/\",\"url\":\"https:\\\/\\\/www.chespa.eu\\\/ro\\\/wykrojniki-plaskie\\\/\",\"name\":\"Stante plane - Chespa - printing inks, clichees, cutting dies\",\"isPartOf\":{\"@id\":\"https:\\\/\\\/www.chespa.eu\\\/#website\"},\"primaryImageOfPage\":{\"@id\":\"https:\\\/\\\/www.chespa.eu\\\/ro\\\/wykrojniki-plaskie\\\/#primaryimage\"},\"image\":{\"@id\":\"https:\\\/\\\/www.chespa.eu\\\/ro\\\/wykrojniki-plaskie\\\/#primaryimage\"},\"thumbnailUrl\":\"https:\\\/\\\/www.chespa.eu\\\/wp-content\\\/uploads\\\/2016\\\/09\\\/wykrojniki_plaskie.jpg\",\"datePublished\":\"2016-02-15T10:34:47+00:00\",\"dateModified\":\"2016-10-14T11:46:52+00:00\",\"breadcrumb\":{\"@id\":\"https:\\\/\\\/www.chespa.eu\\\/ro\\\/wykrojniki-plaskie\\\/#breadcrumb\"},\"inLanguage\":\"ro-RO\",\"potentialAction\":[{\"@type\":\"ReadAction\",\"target\":[\"https:\\\/\\\/www.chespa.eu\\\/ro\\\/wykrojniki-plaskie\\\/\"]}]},{\"@type\":\"ImageObject\",\"inLanguage\":\"ro-RO\",\"@id\":\"https:\\\/\\\/www.chespa.eu\\\/ro\\\/wykrojniki-plaskie\\\/#primaryimage\",\"url\":\"https:\\\/\\\/www.chespa.eu\\\/wp-content\\\/uploads\\\/2016\\\/09\\\/wykrojniki_plaskie.jpg\",\"contentUrl\":\"https:\\\/\\\/www.chespa.eu\\\/wp-content\\\/uploads\\\/2016\\\/09\\\/wykrojniki_plaskie.jpg\",\"width\":1920,\"height\":295},{\"@type\":\"BreadcrumbList\",\"@id\":\"https:\\\/\\\/www.chespa.eu\\\/ro\\\/wykrojniki-plaskie\\\/#breadcrumb\",\"itemListElement\":[{\"@type\":\"ListItem\",\"position\":1,\"name\":\"Strona g\u0142\u00f3wna\",\"item\":\"https:\\\/\\\/www.chespa.eu\\\/\"},{\"@type\":\"ListItem\",\"position\":2,\"name\":\"Stante plane\"}]},{\"@type\":\"WebSite\",\"@id\":\"https:\\\/\\\/www.chespa.eu\\\/#website\",\"url\":\"https:\\\/\\\/www.chespa.eu\\\/\",\"name\":\"Chespa - printing inks, clichees, cutting dies\",\"description\":\"\",\"potentialAction\":[{\"@type\":\"SearchAction\",\"target\":{\"@type\":\"EntryPoint\",\"urlTemplate\":\"https:\\\/\\\/www.chespa.eu\\\/?s={search_term_string}\"},\"query-input\":{\"@type\":\"PropertyValueSpecification\",\"valueRequired\":true,\"valueName\":\"search_term_string\"}}],\"inLanguage\":\"ro-RO\"}]}<\/script>\n<!-- \/ Yoast SEO plugin. -->","yoast_head_json":{"title":"Stante plane - Chespa - printing inks, clichees, cutting dies","robots":{"index":"index","follow":"follow","max-snippet":"max-snippet:-1","max-image-preview":"max-image-preview:large","max-video-preview":"max-video-preview:-1"},"canonical":"https:\/\/www.chespa.eu\/ro\/wykrojniki-plaskie\/","og_locale":"ro_RO","og_type":"article","og_title":"Stante plane - Chespa - printing inks, clichees, cutting dies","og_description":"Este un instrument folosit pentru a t\u0103ia ambalaje din carton ondulat \u0219i solide, precum \u0219i alte materiale. Chespa produce t\u0103iere plat moale cu 3000x1500mm maxim\u0103 de m\u0103rime (dimensiuni mai mari, ob\u021binute prin combinarea placaj). Oferim: 1. Ma\u0219ina de tip Bobst \u2013 poate consta \u00een punch, sta\u021bie de epurare de jos, sta\u021bie de cur\u0103\u021bare bord superior [&hellip;]","og_url":"https:\/\/www.chespa.eu\/ro\/wykrojniki-plaskie\/","og_site_name":"Chespa - printing inks, clichees, cutting dies","article_modified_time":"2016-10-14T11:46:52+00:00","og_image":[{"width":1920,"height":295,"url":"https:\/\/www.chespa.eu\/wp-content\/uploads\/2016\/09\/wykrojniki_plaskie.jpg","type":"image\/jpeg"}],"twitter_card":"summary_large_image","twitter_misc":{"Est. reading time":"1 minute"},"schema":{"@context":"https:\/\/schema.org","@graph":[{"@type":"WebPage","@id":"https:\/\/www.chespa.eu\/ro\/wykrojniki-plaskie\/","url":"https:\/\/www.chespa.eu\/ro\/wykrojniki-plaskie\/","name":"Stante plane - Chespa - printing inks, clichees, cutting dies","isPartOf":{"@id":"https:\/\/www.chespa.eu\/#website"},"primaryImageOfPage":{"@id":"https:\/\/www.chespa.eu\/ro\/wykrojniki-plaskie\/#primaryimage"},"image":{"@id":"https:\/\/www.chespa.eu\/ro\/wykrojniki-plaskie\/#primaryimage"},"thumbnailUrl":"https:\/\/www.chespa.eu\/wp-content\/uploads\/2016\/09\/wykrojniki_plaskie.jpg","datePublished":"2016-02-15T10:34:47+00:00","dateModified":"2016-10-14T11:46:52+00:00","breadcrumb":{"@id":"https:\/\/www.chespa.eu\/ro\/wykrojniki-plaskie\/#breadcrumb"},"inLanguage":"ro-RO","potentialAction":[{"@type":"ReadAction","target":["https:\/\/www.chespa.eu\/ro\/wykrojniki-plaskie\/"]}]},{"@type":"ImageObject","inLanguage":"ro-RO","@id":"https:\/\/www.chespa.eu\/ro\/wykrojniki-plaskie\/#primaryimage","url":"https:\/\/www.chespa.eu\/wp-content\/uploads\/2016\/09\/wykrojniki_plaskie.jpg","contentUrl":"https:\/\/www.chespa.eu\/wp-content\/uploads\/2016\/09\/wykrojniki_plaskie.jpg","width":1920,"height":295},{"@type":"BreadcrumbList","@id":"https:\/\/www.chespa.eu\/ro\/wykrojniki-plaskie\/#breadcrumb","itemListElement":[{"@type":"ListItem","position":1,"name":"Strona g\u0142\u00f3wna","item":"https:\/\/www.chespa.eu\/"},{"@type":"ListItem","position":2,"name":"Stante plane"}]},{"@type":"WebSite","@id":"https:\/\/www.chespa.eu\/#website","url":"https:\/\/www.chespa.eu\/","name":"Chespa - printing inks, clichees, cutting dies","description":"","potentialAction":[{"@type":"SearchAction","target":{"@type":"EntryPoint","urlTemplate":"https:\/\/www.chespa.eu\/?s={search_term_string}"},"query-input":{"@type":"PropertyValueSpecification","valueRequired":true,"valueName":"search_term_string"}}],"inLanguage":"ro-RO"}]}},"_links":{"self":[{"href":"https:\/\/www.chespa.eu\/ro\/wp-json\/wp\/v2\/pages\/1241","targetHints":{"allow":["GET"]}}],"collection":[{"href":"https:\/\/www.chespa.eu\/ro\/wp-json\/wp\/v2\/pages"}],"about":[{"href":"https:\/\/www.chespa.eu\/ro\/wp-json\/wp\/v2\/types\/page"}],"author":[{"embeddable":true,"href":"https:\/\/www.chespa.eu\/ro\/wp-json\/wp\/v2\/users\/6"}],"replies":[{"embeddable":true,"href":"https:\/\/www.chespa.eu\/ro\/wp-json\/wp\/v2\/comments?post=1241"}],"version-history":[{"count":9,"href":"https:\/\/www.chespa.eu\/ro\/wp-json\/wp\/v2\/pages\/1241\/revisions"}],"predecessor-version":[{"id":4996,"href":"https:\/\/www.chespa.eu\/ro\/wp-json\/wp\/v2\/pages\/1241\/revisions\/4996"}],"up":[{"embeddable":true,"href":"https:\/\/www.chespa.eu\/ro\/wp-json\/wp\/v2\/pages\/1229"}],"wp:featuredmedia":[{"embeddable":true,"href":"https:\/\/www.chespa.eu\/ro\/wp-json\/wp\/v2\/media\/9569"}],"wp:attachment":[{"href":"https:\/\/www.chespa.eu\/ro\/wp-json\/wp\/v2\/media?parent=1241"}],"curies":[{"name":"wp","href":"https:\/\/api.w.org\/{rel}","templated":true}]}}