{"id":1216,"date":"2016-02-15T10:53:17","date_gmt":"2016-02-15T09:53:17","guid":{"rendered":"http:\/\/chespa.eu\/ro\/weryfikatory-kodow\/"},"modified":"2023-03-16T11:38:29","modified_gmt":"2023-03-16T10:38:29","slug":"weryfikatory-kodow","status":"publish","type":"page","link":"https:\/\/www.chespa.eu\/ro\/produse\/placi-de-imprimare\/weryfikatory-kodow\/","title":{"rendered":"Verificarea codurilor"},"content":{"rendered":"<p><a href=\"http:\/\/chespa.eu\/wp-content\/uploads\/2016\/02\/weryfikator.png\" rel=\"lightbox[1216]\"><img loading=\"lazy\" decoding=\"async\" class=\"wp-image-430 size-full alignleft\" src=\"https:\/\/chespa.eu\/wp-content\/uploads\/2016\/02\/weryfikator.png\" alt=\"weryfikator\" width=\"247\" height=\"252\" \/><\/a><\/p>\n<p>&nbsp;<\/p>\n<div>\n<p>&nbsp;<\/p>\n<p>&nbsp;<\/p>\n<p>&nbsp;<\/p>\n<p>&nbsp;<\/p>\n<p>&nbsp;<\/p>\n<p>&nbsp;<\/p>\n<p>&nbsp;<\/p>\n<p>&nbsp;<\/p>\n<p>\u00cen prezent, criteriile de calitate pentru imprimarea tuturor tipurilor de coduri pe ambalaje devin din ce \u00een ce mai stricte, iar acest lucru este valabil \u00een special pentru tehnica flexografic\u0103. Acest lucru se datoreaz\u0103 faptului c\u0103 aici exist\u0103 factori necunoscu\u021bi \u00een alte procese de imprimare care pot afecta citirea corect\u0103 a codurilor. Prin urmare, departamentul tehnologic Cli\u0219ee Chespa a fost dotat cu cele mai noi echipamente pentru verificarea codurilor tip\u0103rite.<\/p>\n<p>Rea Scan Check 3 permite analizarea codurilor de bare de toate tipurile \u00een conformitate cu cerin\u021bele standardului GS 1.<\/p>\n<p>\u00cen schimb, al doilea verificator Rea MLV-2 este utilizat pentru evaluarea codurilor de tip 2 D, cum ar fi codurile QR, din ce \u00een ce mai populare.<\/p>\n<\/div>\n<div><\/div>\n<p>&nbsp;<\/p>\n","protected":false},"excerpt":{"rendered":"<p>&nbsp; &nbsp; &nbsp; &nbsp; &nbsp; &nbsp; &nbsp; &nbsp; &nbsp; \u00cen prezent, criteriile de calitate pentru imprimarea tuturor tipurilor de coduri pe ambalaje devin din ce \u00een ce mai stricte, iar acest lucru este valabil \u00een special pentru tehnica flexografic\u0103. Acest lucru se datoreaz\u0103 faptului c\u0103 aici exist\u0103 factori necunoscu\u021bi \u00een alte procese de imprimare care [&hellip;]<\/p>\n","protected":false},"author":6,"featured_media":12620,"parent":18800,"menu_order":0,"comment_status":"closed","ping_status":"closed","template":"","meta":{"_acf_changed":false,"footnotes":""},"class_list":["post-1216","page","type-page","status-publish","has-post-thumbnail","hentry"],"acf":[],"yoast_head":"<!-- This site is optimized with the Yoast SEO plugin v27.3 - https:\/\/yoast.com\/product\/yoast-seo-wordpress\/ -->\n<title>Verificarea codurilor - Chespa - printing inks, clichees, cutting dies<\/title>\n<meta name=\"robots\" content=\"index, follow, max-snippet:-1, max-image-preview:large, max-video-preview:-1\" \/>\n<link rel=\"canonical\" href=\"https:\/\/www.chespa.eu\/ro\/weryfikatory-kodow\/\" \/>\n<meta property=\"og:locale\" content=\"ro_RO\" \/>\n<meta property=\"og:type\" content=\"article\" \/>\n<meta property=\"og:title\" content=\"Verificarea codurilor - Chespa - printing inks, clichees, cutting dies\" \/>\n<meta property=\"og:description\" content=\"&nbsp; &nbsp; &nbsp; &nbsp; &nbsp; &nbsp; &nbsp; &nbsp; &nbsp; \u00cen prezent, criteriile de calitate pentru imprimarea tuturor tipurilor de coduri pe ambalaje devin din ce \u00een ce mai stricte, iar acest lucru este valabil \u00een special pentru tehnica flexografic\u0103. Acest lucru se datoreaz\u0103 faptului c\u0103 aici exist\u0103 factori necunoscu\u021bi \u00een alte procese de imprimare care [&hellip;]\" \/>\n<meta property=\"og:url\" content=\"https:\/\/www.chespa.eu\/ro\/weryfikatory-kodow\/\" \/>\n<meta property=\"og:site_name\" content=\"Chespa - printing inks, clichees, cutting dies\" \/>\n<meta property=\"article:modified_time\" content=\"2023-03-16T10:38:29+00:00\" \/>\n<meta property=\"og:image\" content=\"https:\/\/www.chespa.eu\/wp-content\/uploads\/2019\/03\/kod_kres.png\" \/>\n\t<meta property=\"og:image:width\" content=\"1920\" \/>\n\t<meta property=\"og:image:height\" content=\"295\" \/>\n\t<meta property=\"og:image:type\" content=\"image\/png\" \/>\n<meta name=\"twitter:card\" content=\"summary_large_image\" \/>\n<meta name=\"twitter:label1\" content=\"Est. reading time\" \/>\n\t<meta name=\"twitter:data1\" content=\"1 minute\" \/>\n<script type=\"application\/ld+json\" class=\"yoast-schema-graph\">{\"@context\":\"https:\\\/\\\/schema.org\",\"@graph\":[{\"@type\":\"WebPage\",\"@id\":\"https:\\\/\\\/www.chespa.eu\\\/ro\\\/weryfikatory-kodow\\\/\",\"url\":\"https:\\\/\\\/www.chespa.eu\\\/ro\\\/weryfikatory-kodow\\\/\",\"name\":\"Verificarea codurilor - Chespa - printing inks, clichees, cutting dies\",\"isPartOf\":{\"@id\":\"https:\\\/\\\/www.chespa.eu\\\/#website\"},\"primaryImageOfPage\":{\"@id\":\"https:\\\/\\\/www.chespa.eu\\\/ro\\\/weryfikatory-kodow\\\/#primaryimage\"},\"image\":{\"@id\":\"https:\\\/\\\/www.chespa.eu\\\/ro\\\/weryfikatory-kodow\\\/#primaryimage\"},\"thumbnailUrl\":\"https:\\\/\\\/www.chespa.eu\\\/wp-content\\\/uploads\\\/2019\\\/03\\\/kod_kres.png\",\"datePublished\":\"2016-02-15T09:53:17+00:00\",\"dateModified\":\"2023-03-16T10:38:29+00:00\",\"breadcrumb\":{\"@id\":\"https:\\\/\\\/www.chespa.eu\\\/ro\\\/weryfikatory-kodow\\\/#breadcrumb\"},\"inLanguage\":\"ro-RO\",\"potentialAction\":[{\"@type\":\"ReadAction\",\"target\":[\"https:\\\/\\\/www.chespa.eu\\\/ro\\\/weryfikatory-kodow\\\/\"]}]},{\"@type\":\"ImageObject\",\"inLanguage\":\"ro-RO\",\"@id\":\"https:\\\/\\\/www.chespa.eu\\\/ro\\\/weryfikatory-kodow\\\/#primaryimage\",\"url\":\"https:\\\/\\\/www.chespa.eu\\\/wp-content\\\/uploads\\\/2019\\\/03\\\/kod_kres.png\",\"contentUrl\":\"https:\\\/\\\/www.chespa.eu\\\/wp-content\\\/uploads\\\/2019\\\/03\\\/kod_kres.png\",\"width\":1920,\"height\":295},{\"@type\":\"BreadcrumbList\",\"@id\":\"https:\\\/\\\/www.chespa.eu\\\/ro\\\/weryfikatory-kodow\\\/#breadcrumb\",\"itemListElement\":[{\"@type\":\"ListItem\",\"position\":1,\"name\":\"Strona g\u0142\u00f3wna\",\"item\":\"https:\\\/\\\/www.chespa.eu\\\/\"},{\"@type\":\"ListItem\",\"position\":2,\"name\":\"Verificarea codurilor\"}]},{\"@type\":\"WebSite\",\"@id\":\"https:\\\/\\\/www.chespa.eu\\\/#website\",\"url\":\"https:\\\/\\\/www.chespa.eu\\\/\",\"name\":\"Chespa - printing inks, clichees, cutting dies\",\"description\":\"\",\"potentialAction\":[{\"@type\":\"SearchAction\",\"target\":{\"@type\":\"EntryPoint\",\"urlTemplate\":\"https:\\\/\\\/www.chespa.eu\\\/?s={search_term_string}\"},\"query-input\":{\"@type\":\"PropertyValueSpecification\",\"valueRequired\":true,\"valueName\":\"search_term_string\"}}],\"inLanguage\":\"ro-RO\"}]}<\/script>\n<!-- \/ Yoast SEO plugin. -->","yoast_head_json":{"title":"Verificarea codurilor - Chespa - printing inks, clichees, cutting dies","robots":{"index":"index","follow":"follow","max-snippet":"max-snippet:-1","max-image-preview":"max-image-preview:large","max-video-preview":"max-video-preview:-1"},"canonical":"https:\/\/www.chespa.eu\/ro\/weryfikatory-kodow\/","og_locale":"ro_RO","og_type":"article","og_title":"Verificarea codurilor - Chespa - printing inks, clichees, cutting dies","og_description":"&nbsp; &nbsp; &nbsp; &nbsp; &nbsp; &nbsp; &nbsp; &nbsp; &nbsp; \u00cen prezent, criteriile de calitate pentru imprimarea tuturor tipurilor de coduri pe ambalaje devin din ce \u00een ce mai stricte, iar acest lucru este valabil \u00een special pentru tehnica flexografic\u0103. Acest lucru se datoreaz\u0103 faptului c\u0103 aici exist\u0103 factori necunoscu\u021bi \u00een alte procese de imprimare care [&hellip;]","og_url":"https:\/\/www.chespa.eu\/ro\/weryfikatory-kodow\/","og_site_name":"Chespa - printing inks, clichees, cutting dies","article_modified_time":"2023-03-16T10:38:29+00:00","og_image":[{"width":1920,"height":295,"url":"https:\/\/www.chespa.eu\/wp-content\/uploads\/2019\/03\/kod_kres.png","type":"image\/png"}],"twitter_card":"summary_large_image","twitter_misc":{"Est. reading time":"1 minute"},"schema":{"@context":"https:\/\/schema.org","@graph":[{"@type":"WebPage","@id":"https:\/\/www.chespa.eu\/ro\/weryfikatory-kodow\/","url":"https:\/\/www.chespa.eu\/ro\/weryfikatory-kodow\/","name":"Verificarea codurilor - Chespa - printing inks, clichees, cutting dies","isPartOf":{"@id":"https:\/\/www.chespa.eu\/#website"},"primaryImageOfPage":{"@id":"https:\/\/www.chespa.eu\/ro\/weryfikatory-kodow\/#primaryimage"},"image":{"@id":"https:\/\/www.chespa.eu\/ro\/weryfikatory-kodow\/#primaryimage"},"thumbnailUrl":"https:\/\/www.chespa.eu\/wp-content\/uploads\/2019\/03\/kod_kres.png","datePublished":"2016-02-15T09:53:17+00:00","dateModified":"2023-03-16T10:38:29+00:00","breadcrumb":{"@id":"https:\/\/www.chespa.eu\/ro\/weryfikatory-kodow\/#breadcrumb"},"inLanguage":"ro-RO","potentialAction":[{"@type":"ReadAction","target":["https:\/\/www.chespa.eu\/ro\/weryfikatory-kodow\/"]}]},{"@type":"ImageObject","inLanguage":"ro-RO","@id":"https:\/\/www.chespa.eu\/ro\/weryfikatory-kodow\/#primaryimage","url":"https:\/\/www.chespa.eu\/wp-content\/uploads\/2019\/03\/kod_kres.png","contentUrl":"https:\/\/www.chespa.eu\/wp-content\/uploads\/2019\/03\/kod_kres.png","width":1920,"height":295},{"@type":"BreadcrumbList","@id":"https:\/\/www.chespa.eu\/ro\/weryfikatory-kodow\/#breadcrumb","itemListElement":[{"@type":"ListItem","position":1,"name":"Strona g\u0142\u00f3wna","item":"https:\/\/www.chespa.eu\/"},{"@type":"ListItem","position":2,"name":"Verificarea codurilor"}]},{"@type":"WebSite","@id":"https:\/\/www.chespa.eu\/#website","url":"https:\/\/www.chespa.eu\/","name":"Chespa - printing inks, clichees, cutting dies","description":"","potentialAction":[{"@type":"SearchAction","target":{"@type":"EntryPoint","urlTemplate":"https:\/\/www.chespa.eu\/?s={search_term_string}"},"query-input":{"@type":"PropertyValueSpecification","valueRequired":true,"valueName":"search_term_string"}}],"inLanguage":"ro-RO"}]}},"_links":{"self":[{"href":"https:\/\/www.chespa.eu\/ro\/wp-json\/wp\/v2\/pages\/1216","targetHints":{"allow":["GET"]}}],"collection":[{"href":"https:\/\/www.chespa.eu\/ro\/wp-json\/wp\/v2\/pages"}],"about":[{"href":"https:\/\/www.chespa.eu\/ro\/wp-json\/wp\/v2\/types\/page"}],"author":[{"embeddable":true,"href":"https:\/\/www.chespa.eu\/ro\/wp-json\/wp\/v2\/users\/6"}],"replies":[{"embeddable":true,"href":"https:\/\/www.chespa.eu\/ro\/wp-json\/wp\/v2\/comments?post=1216"}],"version-history":[{"count":7,"href":"https:\/\/www.chespa.eu\/ro\/wp-json\/wp\/v2\/pages\/1216\/revisions"}],"predecessor-version":[{"id":17043,"href":"https:\/\/www.chespa.eu\/ro\/wp-json\/wp\/v2\/pages\/1216\/revisions\/17043"}],"up":[{"embeddable":true,"href":"https:\/\/www.chespa.eu\/ro\/wp-json\/wp\/v2\/pages\/18800"}],"wp:featuredmedia":[{"embeddable":true,"href":"https:\/\/www.chespa.eu\/ro\/wp-json\/wp\/v2\/media\/12620"}],"wp:attachment":[{"href":"https:\/\/www.chespa.eu\/ro\/wp-json\/wp\/v2\/media?parent=1216"}],"curies":[{"name":"wp","href":"https:\/\/api.w.org\/{rel}","templated":true}]}}