{"id":1189,"date":"2016-02-15T10:29:38","date_gmt":"2016-02-15T09:29:38","guid":{"rendered":"http:\/\/chespa.eu\/ro\/tuleje-inround\/"},"modified":"2023-03-03T10:34:15","modified_gmt":"2023-03-03T09:34:15","slug":"tuleje-inround","status":"publish","type":"page","link":"https:\/\/www.chespa.eu\/ro\/produse\/placi-de-imprimare\/tuleje-inround\/","title":{"rendered":"Man\u0219oane InRound"},"content":{"rendered":"<p>Man\u0219oanele InRound sunt matri\u021be din fotopolimer pentru imprimarea nesf\u00e2r\u0219it\u0103 a ambalajelor, utilizate \u00een cazul \u00een care marginea \u00eembin\u0103rii nu poate fi vizibil\u0103.<\/p>\n<p>De asemenea, acestea \u00eembun\u0103t\u0103\u021besc semnificativ confortul \u0219i calitatea imprim\u0103rii &#8211; mai pu\u021bine de\u0219euri, \u00eenregistr\u0103ri perfecte, viteze mai mari de imprimare.<\/p>\n<p>Deoarece man\u0219oanele InRound sunt mai elastice dec\u00e2t matri\u021bele tradi\u021bionale, acest lucru permite realizarea unor tiraje \u0219i repeti\u021bii mai mari.<\/p>\n<p>Acestea sunt disponibile \u00een rapoarte de la 250 la 1200 mm \u0219i lungimi de p\u00e2n\u0103 la 1750 mm.<\/p>\n<p>Man\u0219oanele pot fi utilizate cu cerneluri pe baz\u0103 de ap\u0103, pe baz\u0103 de alcool \u0219i UV, pentru imprimarea:<br \/>\n\u2022 ambalajelor flexibile,<br \/>\n\u2022 etichetelor,<br \/>\n\u2022 ambalajelor din folie de aluminiu,<br \/>\n\u2022 ambalaje cu folie retractabil\u0103 (sleeves),<br \/>\n\u2022 cartonului plin,<br \/>\n\u2022 h\u00e2rtiilor decorative,<br \/>\n\u2022 \u0219erve\u021belelor.<\/p>\n","protected":false},"excerpt":{"rendered":"<p>Man\u0219oanele InRound sunt matri\u021be din fotopolimer pentru imprimarea nesf\u00e2r\u0219it\u0103 a ambalajelor, utilizate \u00een cazul \u00een care marginea \u00eembin\u0103rii nu poate fi vizibil\u0103. De asemenea, acestea \u00eembun\u0103t\u0103\u021besc semnificativ confortul \u0219i calitatea imprim\u0103rii &#8211; mai pu\u021bine de\u0219euri, \u00eenregistr\u0103ri perfecte, viteze mai mari de imprimare. Deoarece man\u0219oanele InRound sunt mai elastice dec\u00e2t matri\u021bele tradi\u021bionale, acest lucru permite realizarea [&hellip;]<\/p>\n","protected":false},"author":6,"featured_media":9551,"parent":18800,"menu_order":0,"comment_status":"closed","ping_status":"closed","template":"","meta":{"_acf_changed":false,"footnotes":""},"class_list":["post-1189","page","type-page","status-publish","has-post-thumbnail","hentry"],"acf":[],"yoast_head":"<!-- This site is optimized with the Yoast SEO plugin v27.3 - https:\/\/yoast.com\/product\/yoast-seo-wordpress\/ -->\n<title>Man\u0219oane InRound - Chespa - printing inks, clichees, cutting dies<\/title>\n<meta name=\"robots\" content=\"index, follow, max-snippet:-1, max-image-preview:large, max-video-preview:-1\" \/>\n<link rel=\"canonical\" href=\"https:\/\/www.chespa.eu\/ro\/tuleje-inround\/\" \/>\n<meta property=\"og:locale\" content=\"ro_RO\" \/>\n<meta property=\"og:type\" content=\"article\" \/>\n<meta property=\"og:title\" content=\"Man\u0219oane InRound - Chespa - printing inks, clichees, cutting dies\" \/>\n<meta property=\"og:description\" content=\"Man\u0219oanele InRound sunt matri\u021be din fotopolimer pentru imprimarea nesf\u00e2r\u0219it\u0103 a ambalajelor, utilizate \u00een cazul \u00een care marginea \u00eembin\u0103rii nu poate fi vizibil\u0103. De asemenea, acestea \u00eembun\u0103t\u0103\u021besc semnificativ confortul \u0219i calitatea imprim\u0103rii &#8211; mai pu\u021bine de\u0219euri, \u00eenregistr\u0103ri perfecte, viteze mai mari de imprimare. Deoarece man\u0219oanele InRound sunt mai elastice dec\u00e2t matri\u021bele tradi\u021bionale, acest lucru permite realizarea [&hellip;]\" \/>\n<meta property=\"og:url\" content=\"https:\/\/www.chespa.eu\/ro\/tuleje-inround\/\" \/>\n<meta property=\"og:site_name\" content=\"Chespa - printing inks, clichees, cutting dies\" \/>\n<meta property=\"article:modified_time\" content=\"2023-03-03T09:34:15+00:00\" \/>\n<meta property=\"og:image\" content=\"https:\/\/www.chespa.eu\/wp-content\/uploads\/2016\/08\/klisze.jpg\" \/>\n\t<meta property=\"og:image:width\" content=\"1920\" \/>\n\t<meta property=\"og:image:height\" content=\"295\" \/>\n\t<meta property=\"og:image:type\" content=\"image\/jpeg\" \/>\n<meta name=\"twitter:card\" content=\"summary_large_image\" \/>\n<meta name=\"twitter:label1\" content=\"Est. reading time\" \/>\n\t<meta name=\"twitter:data1\" content=\"1 minute\" \/>\n<script type=\"application\/ld+json\" class=\"yoast-schema-graph\">{\"@context\":\"https:\\\/\\\/schema.org\",\"@graph\":[{\"@type\":\"WebPage\",\"@id\":\"https:\\\/\\\/www.chespa.eu\\\/ro\\\/tuleje-inround\\\/\",\"url\":\"https:\\\/\\\/www.chespa.eu\\\/ro\\\/tuleje-inround\\\/\",\"name\":\"Man\u0219oane InRound - Chespa - printing inks, clichees, cutting dies\",\"isPartOf\":{\"@id\":\"https:\\\/\\\/www.chespa.eu\\\/#website\"},\"primaryImageOfPage\":{\"@id\":\"https:\\\/\\\/www.chespa.eu\\\/ro\\\/tuleje-inround\\\/#primaryimage\"},\"image\":{\"@id\":\"https:\\\/\\\/www.chespa.eu\\\/ro\\\/tuleje-inround\\\/#primaryimage\"},\"thumbnailUrl\":\"https:\\\/\\\/www.chespa.eu\\\/wp-content\\\/uploads\\\/2016\\\/08\\\/klisze.jpg\",\"datePublished\":\"2016-02-15T09:29:38+00:00\",\"dateModified\":\"2023-03-03T09:34:15+00:00\",\"breadcrumb\":{\"@id\":\"https:\\\/\\\/www.chespa.eu\\\/ro\\\/tuleje-inround\\\/#breadcrumb\"},\"inLanguage\":\"ro-RO\",\"potentialAction\":[{\"@type\":\"ReadAction\",\"target\":[\"https:\\\/\\\/www.chespa.eu\\\/ro\\\/tuleje-inround\\\/\"]}]},{\"@type\":\"ImageObject\",\"inLanguage\":\"ro-RO\",\"@id\":\"https:\\\/\\\/www.chespa.eu\\\/ro\\\/tuleje-inround\\\/#primaryimage\",\"url\":\"https:\\\/\\\/www.chespa.eu\\\/wp-content\\\/uploads\\\/2016\\\/08\\\/klisze.jpg\",\"contentUrl\":\"https:\\\/\\\/www.chespa.eu\\\/wp-content\\\/uploads\\\/2016\\\/08\\\/klisze.jpg\",\"width\":1920,\"height\":295,\"caption\":\"klisze fotopolimerowe Chespa\"},{\"@type\":\"BreadcrumbList\",\"@id\":\"https:\\\/\\\/www.chespa.eu\\\/ro\\\/tuleje-inround\\\/#breadcrumb\",\"itemListElement\":[{\"@type\":\"ListItem\",\"position\":1,\"name\":\"Strona g\u0142\u00f3wna\",\"item\":\"https:\\\/\\\/www.chespa.eu\\\/\"},{\"@type\":\"ListItem\",\"position\":2,\"name\":\"Man\u0219oane InRound\"}]},{\"@type\":\"WebSite\",\"@id\":\"https:\\\/\\\/www.chespa.eu\\\/#website\",\"url\":\"https:\\\/\\\/www.chespa.eu\\\/\",\"name\":\"Chespa - printing inks, clichees, cutting dies\",\"description\":\"\",\"potentialAction\":[{\"@type\":\"SearchAction\",\"target\":{\"@type\":\"EntryPoint\",\"urlTemplate\":\"https:\\\/\\\/www.chespa.eu\\\/?s={search_term_string}\"},\"query-input\":{\"@type\":\"PropertyValueSpecification\",\"valueRequired\":true,\"valueName\":\"search_term_string\"}}],\"inLanguage\":\"ro-RO\"}]}<\/script>\n<!-- \/ Yoast SEO plugin. -->","yoast_head_json":{"title":"Man\u0219oane InRound - Chespa - printing inks, clichees, cutting dies","robots":{"index":"index","follow":"follow","max-snippet":"max-snippet:-1","max-image-preview":"max-image-preview:large","max-video-preview":"max-video-preview:-1"},"canonical":"https:\/\/www.chespa.eu\/ro\/tuleje-inround\/","og_locale":"ro_RO","og_type":"article","og_title":"Man\u0219oane InRound - Chespa - printing inks, clichees, cutting dies","og_description":"Man\u0219oanele InRound sunt matri\u021be din fotopolimer pentru imprimarea nesf\u00e2r\u0219it\u0103 a ambalajelor, utilizate \u00een cazul \u00een care marginea \u00eembin\u0103rii nu poate fi vizibil\u0103. De asemenea, acestea \u00eembun\u0103t\u0103\u021besc semnificativ confortul \u0219i calitatea imprim\u0103rii &#8211; mai pu\u021bine de\u0219euri, \u00eenregistr\u0103ri perfecte, viteze mai mari de imprimare. Deoarece man\u0219oanele InRound sunt mai elastice dec\u00e2t matri\u021bele tradi\u021bionale, acest lucru permite realizarea [&hellip;]","og_url":"https:\/\/www.chespa.eu\/ro\/tuleje-inround\/","og_site_name":"Chespa - printing inks, clichees, cutting dies","article_modified_time":"2023-03-03T09:34:15+00:00","og_image":[{"width":1920,"height":295,"url":"https:\/\/www.chespa.eu\/wp-content\/uploads\/2016\/08\/klisze.jpg","type":"image\/jpeg"}],"twitter_card":"summary_large_image","twitter_misc":{"Est. reading time":"1 minute"},"schema":{"@context":"https:\/\/schema.org","@graph":[{"@type":"WebPage","@id":"https:\/\/www.chespa.eu\/ro\/tuleje-inround\/","url":"https:\/\/www.chespa.eu\/ro\/tuleje-inround\/","name":"Man\u0219oane InRound - Chespa - printing inks, clichees, cutting dies","isPartOf":{"@id":"https:\/\/www.chespa.eu\/#website"},"primaryImageOfPage":{"@id":"https:\/\/www.chespa.eu\/ro\/tuleje-inround\/#primaryimage"},"image":{"@id":"https:\/\/www.chespa.eu\/ro\/tuleje-inround\/#primaryimage"},"thumbnailUrl":"https:\/\/www.chespa.eu\/wp-content\/uploads\/2016\/08\/klisze.jpg","datePublished":"2016-02-15T09:29:38+00:00","dateModified":"2023-03-03T09:34:15+00:00","breadcrumb":{"@id":"https:\/\/www.chespa.eu\/ro\/tuleje-inround\/#breadcrumb"},"inLanguage":"ro-RO","potentialAction":[{"@type":"ReadAction","target":["https:\/\/www.chespa.eu\/ro\/tuleje-inround\/"]}]},{"@type":"ImageObject","inLanguage":"ro-RO","@id":"https:\/\/www.chespa.eu\/ro\/tuleje-inround\/#primaryimage","url":"https:\/\/www.chespa.eu\/wp-content\/uploads\/2016\/08\/klisze.jpg","contentUrl":"https:\/\/www.chespa.eu\/wp-content\/uploads\/2016\/08\/klisze.jpg","width":1920,"height":295,"caption":"klisze fotopolimerowe Chespa"},{"@type":"BreadcrumbList","@id":"https:\/\/www.chespa.eu\/ro\/tuleje-inround\/#breadcrumb","itemListElement":[{"@type":"ListItem","position":1,"name":"Strona g\u0142\u00f3wna","item":"https:\/\/www.chespa.eu\/"},{"@type":"ListItem","position":2,"name":"Man\u0219oane InRound"}]},{"@type":"WebSite","@id":"https:\/\/www.chespa.eu\/#website","url":"https:\/\/www.chespa.eu\/","name":"Chespa - printing inks, clichees, cutting dies","description":"","potentialAction":[{"@type":"SearchAction","target":{"@type":"EntryPoint","urlTemplate":"https:\/\/www.chespa.eu\/?s={search_term_string}"},"query-input":{"@type":"PropertyValueSpecification","valueRequired":true,"valueName":"search_term_string"}}],"inLanguage":"ro-RO"}]}},"_links":{"self":[{"href":"https:\/\/www.chespa.eu\/ro\/wp-json\/wp\/v2\/pages\/1189","targetHints":{"allow":["GET"]}}],"collection":[{"href":"https:\/\/www.chespa.eu\/ro\/wp-json\/wp\/v2\/pages"}],"about":[{"href":"https:\/\/www.chespa.eu\/ro\/wp-json\/wp\/v2\/types\/page"}],"author":[{"embeddable":true,"href":"https:\/\/www.chespa.eu\/ro\/wp-json\/wp\/v2\/users\/6"}],"replies":[{"embeddable":true,"href":"https:\/\/www.chespa.eu\/ro\/wp-json\/wp\/v2\/comments?post=1189"}],"version-history":[{"count":9,"href":"https:\/\/www.chespa.eu\/ro\/wp-json\/wp\/v2\/pages\/1189\/revisions"}],"predecessor-version":[{"id":17029,"href":"https:\/\/www.chespa.eu\/ro\/wp-json\/wp\/v2\/pages\/1189\/revisions\/17029"}],"up":[{"embeddable":true,"href":"https:\/\/www.chespa.eu\/ro\/wp-json\/wp\/v2\/pages\/18800"}],"wp:featuredmedia":[{"embeddable":true,"href":"https:\/\/www.chespa.eu\/ro\/wp-json\/wp\/v2\/media\/9551"}],"wp:attachment":[{"href":"https:\/\/www.chespa.eu\/ro\/wp-json\/wp\/v2\/media?parent=1189"}],"curies":[{"name":"wp","href":"https:\/\/api.w.org\/{rel}","templated":true}]}}