{"id":1176,"date":"2016-02-15T10:49:59","date_gmt":"2016-02-15T09:49:59","guid":{"rendered":"http:\/\/chespa.eu\/ro\/testy-plate-cell-patterning\/"},"modified":"2016-06-01T06:50:29","modified_gmt":"2016-06-01T04:50:29","slug":"testy-plate-cell-patterning","status":"publish","type":"page","link":"https:\/\/www.chespa.eu\/ro\/testy-plate-cell-patterning\/","title":{"rendered":"Teste patterning placa de celule"},"content":{"rendered":"<div><strong>Plac\u0103 de celule patterning &#8211; role anilox pe placa de imprimare.<\/strong><\/div>\n<div><\/div>\n<div>Problema eterna a flexo este solide s\u0103race imprimabilitate (100% tonale acoperire), \u00een special \u00een separa\u021bii aplowo-raster<br \/>\natunci c\u00e2nd exist\u0103 posibilit\u0103\u021bi limitate de comutare aniloksa. Ele apar atunci c\u00e2nd marginea de iluminare din spate (efectul de halo) de umplere de cereale, probleme cu text \u00eentr-un contraatac.<\/p>\n<p>Pentru a \u00eembun\u0103t\u0103\u021bi imprimabilitate acestor elemente are opere de art\u0103 aplicat\u0103 \u00een posibilitatea lui Ripa de expunere la o gam\u0103 larg\u0103 de &#8220;modele&#8221; polimer care corespunde aproximativ<br \/>\nstructura cilindrului distribuitor (aniloksu). Structura este selectat\u0103 pe baza unui test de bord, cu o separare a diferitelor anilox \u0219i de a salva parametrii de analiz\u0103<br \/>\n&#8220;Rapaiala&#8221; asociat cu aniloksem.<\/p>\n<p>Vom realiza o distribu\u021bie uniform\u0103 a vopselei pe suprafe\u021be solide, reduce &#8220;efectul de halo&#8221; \u0219i \u00eembun\u0103t\u0103\u021be\u0219te lizibilitatea textului \u00een at\u00e2t pozitive, c\u00e2t \u0219i negative.<br \/>\nDin p\u0103cate, dup\u0103 aplicarea Paterningu pe placa de celule sub forma de imprimare este schimbarea aniloxu limitat\u0103; aceasta poate duce la Moira.<\/p><\/div>\n","protected":false},"excerpt":{"rendered":"<p>Plac\u0103 de celule patterning &#8211; role anilox pe placa de imprimare. Problema eterna a flexo este solide s\u0103race imprimabilitate (100% tonale acoperire), \u00een special \u00een separa\u021bii aplowo-raster atunci c\u00e2nd exist\u0103 posibilit\u0103\u021bi limitate de comutare aniloksa. Ele apar atunci c\u00e2nd marginea de iluminare din spate (efectul de halo) de umplere de cereale, probleme cu text \u00eentr-un [&hellip;]<\/p>\n","protected":false},"author":6,"featured_media":0,"parent":0,"menu_order":0,"comment_status":"closed","ping_status":"closed","template":"","meta":{"_acf_changed":false,"footnotes":""},"class_list":["post-1176","page","type-page","status-publish","hentry"],"acf":[],"yoast_head":"<!-- This site is optimized with the Yoast SEO plugin v27.3 - https:\/\/yoast.com\/product\/yoast-seo-wordpress\/ -->\n<title>Teste patterning placa de celule - Chespa - printing inks, clichees, cutting dies<\/title>\n<meta name=\"robots\" content=\"index, follow, max-snippet:-1, max-image-preview:large, max-video-preview:-1\" \/>\n<link rel=\"canonical\" href=\"https:\/\/www.chespa.eu\/ro\/testy-plate-cell-patterning\/\" \/>\n<meta property=\"og:locale\" content=\"ro_RO\" \/>\n<meta property=\"og:type\" content=\"article\" \/>\n<meta property=\"og:title\" content=\"Teste patterning placa de celule - Chespa - printing inks, clichees, cutting dies\" \/>\n<meta property=\"og:description\" content=\"Plac\u0103 de celule patterning &#8211; role anilox pe placa de imprimare. Problema eterna a flexo este solide s\u0103race imprimabilitate (100% tonale acoperire), \u00een special \u00een separa\u021bii aplowo-raster atunci c\u00e2nd exist\u0103 posibilit\u0103\u021bi limitate de comutare aniloksa. Ele apar atunci c\u00e2nd marginea de iluminare din spate (efectul de halo) de umplere de cereale, probleme cu text \u00eentr-un [&hellip;]\" \/>\n<meta property=\"og:url\" content=\"https:\/\/www.chespa.eu\/ro\/testy-plate-cell-patterning\/\" \/>\n<meta property=\"og:site_name\" content=\"Chespa - printing inks, clichees, cutting dies\" \/>\n<meta property=\"article:modified_time\" content=\"2016-06-01T04:50:29+00:00\" \/>\n<meta name=\"twitter:card\" content=\"summary_large_image\" \/>\n<meta name=\"twitter:label1\" content=\"Est. reading time\" \/>\n\t<meta name=\"twitter:data1\" content=\"1 minute\" \/>\n<script type=\"application\/ld+json\" class=\"yoast-schema-graph\">{\"@context\":\"https:\\\/\\\/schema.org\",\"@graph\":[{\"@type\":\"WebPage\",\"@id\":\"https:\\\/\\\/www.chespa.eu\\\/ro\\\/testy-plate-cell-patterning\\\/\",\"url\":\"https:\\\/\\\/www.chespa.eu\\\/ro\\\/testy-plate-cell-patterning\\\/\",\"name\":\"Teste patterning placa de celule - Chespa - printing inks, clichees, cutting dies\",\"isPartOf\":{\"@id\":\"https:\\\/\\\/www.chespa.eu\\\/#website\"},\"datePublished\":\"2016-02-15T09:49:59+00:00\",\"dateModified\":\"2016-06-01T04:50:29+00:00\",\"breadcrumb\":{\"@id\":\"https:\\\/\\\/www.chespa.eu\\\/ro\\\/testy-plate-cell-patterning\\\/#breadcrumb\"},\"inLanguage\":\"ro-RO\",\"potentialAction\":[{\"@type\":\"ReadAction\",\"target\":[\"https:\\\/\\\/www.chespa.eu\\\/ro\\\/testy-plate-cell-patterning\\\/\"]}]},{\"@type\":\"BreadcrumbList\",\"@id\":\"https:\\\/\\\/www.chespa.eu\\\/ro\\\/testy-plate-cell-patterning\\\/#breadcrumb\",\"itemListElement\":[{\"@type\":\"ListItem\",\"position\":1,\"name\":\"Strona g\u0142\u00f3wna\",\"item\":\"https:\\\/\\\/www.chespa.eu\\\/\"},{\"@type\":\"ListItem\",\"position\":2,\"name\":\"Teste patterning placa de celule\"}]},{\"@type\":\"WebSite\",\"@id\":\"https:\\\/\\\/www.chespa.eu\\\/#website\",\"url\":\"https:\\\/\\\/www.chespa.eu\\\/\",\"name\":\"Chespa - printing inks, clichees, cutting dies\",\"description\":\"\",\"potentialAction\":[{\"@type\":\"SearchAction\",\"target\":{\"@type\":\"EntryPoint\",\"urlTemplate\":\"https:\\\/\\\/www.chespa.eu\\\/?s={search_term_string}\"},\"query-input\":{\"@type\":\"PropertyValueSpecification\",\"valueRequired\":true,\"valueName\":\"search_term_string\"}}],\"inLanguage\":\"ro-RO\"}]}<\/script>\n<!-- \/ Yoast SEO plugin. -->","yoast_head_json":{"title":"Teste patterning placa de celule - Chespa - printing inks, clichees, cutting dies","robots":{"index":"index","follow":"follow","max-snippet":"max-snippet:-1","max-image-preview":"max-image-preview:large","max-video-preview":"max-video-preview:-1"},"canonical":"https:\/\/www.chespa.eu\/ro\/testy-plate-cell-patterning\/","og_locale":"ro_RO","og_type":"article","og_title":"Teste patterning placa de celule - Chespa - printing inks, clichees, cutting dies","og_description":"Plac\u0103 de celule patterning &#8211; role anilox pe placa de imprimare. Problema eterna a flexo este solide s\u0103race imprimabilitate (100% tonale acoperire), \u00een special \u00een separa\u021bii aplowo-raster atunci c\u00e2nd exist\u0103 posibilit\u0103\u021bi limitate de comutare aniloksa. Ele apar atunci c\u00e2nd marginea de iluminare din spate (efectul de halo) de umplere de cereale, probleme cu text \u00eentr-un [&hellip;]","og_url":"https:\/\/www.chespa.eu\/ro\/testy-plate-cell-patterning\/","og_site_name":"Chespa - printing inks, clichees, cutting dies","article_modified_time":"2016-06-01T04:50:29+00:00","twitter_card":"summary_large_image","twitter_misc":{"Est. reading time":"1 minute"},"schema":{"@context":"https:\/\/schema.org","@graph":[{"@type":"WebPage","@id":"https:\/\/www.chespa.eu\/ro\/testy-plate-cell-patterning\/","url":"https:\/\/www.chespa.eu\/ro\/testy-plate-cell-patterning\/","name":"Teste patterning placa de celule - Chespa - printing inks, clichees, cutting dies","isPartOf":{"@id":"https:\/\/www.chespa.eu\/#website"},"datePublished":"2016-02-15T09:49:59+00:00","dateModified":"2016-06-01T04:50:29+00:00","breadcrumb":{"@id":"https:\/\/www.chespa.eu\/ro\/testy-plate-cell-patterning\/#breadcrumb"},"inLanguage":"ro-RO","potentialAction":[{"@type":"ReadAction","target":["https:\/\/www.chespa.eu\/ro\/testy-plate-cell-patterning\/"]}]},{"@type":"BreadcrumbList","@id":"https:\/\/www.chespa.eu\/ro\/testy-plate-cell-patterning\/#breadcrumb","itemListElement":[{"@type":"ListItem","position":1,"name":"Strona g\u0142\u00f3wna","item":"https:\/\/www.chespa.eu\/"},{"@type":"ListItem","position":2,"name":"Teste patterning placa de celule"}]},{"@type":"WebSite","@id":"https:\/\/www.chespa.eu\/#website","url":"https:\/\/www.chespa.eu\/","name":"Chespa - printing inks, clichees, cutting dies","description":"","potentialAction":[{"@type":"SearchAction","target":{"@type":"EntryPoint","urlTemplate":"https:\/\/www.chespa.eu\/?s={search_term_string}"},"query-input":{"@type":"PropertyValueSpecification","valueRequired":true,"valueName":"search_term_string"}}],"inLanguage":"ro-RO"}]}},"_links":{"self":[{"href":"https:\/\/www.chespa.eu\/ro\/wp-json\/wp\/v2\/pages\/1176","targetHints":{"allow":["GET"]}}],"collection":[{"href":"https:\/\/www.chespa.eu\/ro\/wp-json\/wp\/v2\/pages"}],"about":[{"href":"https:\/\/www.chespa.eu\/ro\/wp-json\/wp\/v2\/types\/page"}],"author":[{"embeddable":true,"href":"https:\/\/www.chespa.eu\/ro\/wp-json\/wp\/v2\/users\/6"}],"replies":[{"embeddable":true,"href":"https:\/\/www.chespa.eu\/ro\/wp-json\/wp\/v2\/comments?post=1176"}],"version-history":[{"count":5,"href":"https:\/\/www.chespa.eu\/ro\/wp-json\/wp\/v2\/pages\/1176\/revisions"}],"predecessor-version":[{"id":3051,"href":"https:\/\/www.chespa.eu\/ro\/wp-json\/wp\/v2\/pages\/1176\/revisions\/3051"}],"wp:attachment":[{"href":"https:\/\/www.chespa.eu\/ro\/wp-json\/wp\/v2\/media?parent=1176"}],"curies":[{"name":"wp","href":"https:\/\/api.w.org\/{rel}","templated":true}]}}