{"id":1162,"date":"2016-02-15T10:19:00","date_gmt":"2016-02-15T09:19:00","guid":{"rendered":"http:\/\/chespa.eu\/ro\/tektura-falista\/"},"modified":"2023-03-03T10:13:29","modified_gmt":"2023-03-03T09:13:29","slug":"tektura-falista","status":"publish","type":"page","link":"https:\/\/www.chespa.eu\/ro\/produse\/placi-de-imprimare\/tektura-falista\/","title":{"rendered":"CARTON ONDULAT"},"content":{"rendered":"<p>Caracteristicile imprim\u0103rii pe <strong>carton ondulat<\/strong> necesit\u0103, \u00een primul r\u00e2nd, utilizarea de matri\u021be cu un raport de compresie adecvat, iar acest lucru depinde de grosimea acestora.<\/p>\n<p>Acesta este motivul pentru care gama noastr\u0103 include pl\u0103ci de la 2,84 mm la 6,35 mm. \u00cen prezent, toate cli\u0219eele pentru cartonaje sunt livrate cu suport de folie, benzi, nituri, c\u00e2rlige (pentru fiecare sistem) \u0219i o imprimare de control a preciziei de potrivire a culorilor. Asamblarea matri\u021belor se realizeaz\u0103 pe echipamente <strong>Macroflex<\/strong>, iar sistemul de camere \u0219i imaginile marcajelor de potrivire de pe monitor asigur\u0103 o precizie \u00eentre culori de p\u00e2n\u0103 la 0,03 mm.\u00a0Cu toate acestea, datorit\u0103 cerin\u021belor din ce \u00een ce mai stricte privind calitatea imprim\u0103rii &#8211; acurate\u021bea potrivirii, dimensiunea pieselor mici, linia de raster &#8211; se folosesc grosimi mai mici (2,84 mm, 3,18 mm, 3,94 mm) lipite pe folie cu ajutorul spumei de compresie pentru a ob\u021bine grosimea total\u0103 corespunz\u0103toare<\/p>\n","protected":false},"excerpt":{"rendered":"<p>Caracteristicile imprim\u0103rii pe carton ondulat necesit\u0103, \u00een primul r\u00e2nd, utilizarea de matri\u021be cu un raport de compresie adecvat, iar acest lucru depinde de grosimea acestora. Acesta este motivul pentru care gama noastr\u0103 include pl\u0103ci de la 2,84 mm la 6,35 mm. \u00cen prezent, toate cli\u0219eele pentru cartonaje sunt livrate cu suport de folie, benzi, nituri, [&hellip;]<\/p>\n","protected":false},"author":6,"featured_media":9551,"parent":18800,"menu_order":0,"comment_status":"closed","ping_status":"closed","template":"","meta":{"_acf_changed":false,"footnotes":""},"class_list":["post-1162","page","type-page","status-publish","has-post-thumbnail","hentry"],"acf":[],"yoast_head":"<!-- This site is optimized with the Yoast SEO plugin v27.3 - https:\/\/yoast.com\/product\/yoast-seo-wordpress\/ -->\n<title>CARTON ONDULAT - Chespa - printing inks, clichees, cutting dies<\/title>\n<meta name=\"robots\" content=\"index, follow, max-snippet:-1, max-image-preview:large, max-video-preview:-1\" \/>\n<link rel=\"canonical\" href=\"https:\/\/www.chespa.eu\/ro\/tektura-falista\/\" \/>\n<meta property=\"og:locale\" content=\"ro_RO\" \/>\n<meta property=\"og:type\" content=\"article\" \/>\n<meta property=\"og:title\" content=\"CARTON ONDULAT - Chespa - printing inks, clichees, cutting dies\" \/>\n<meta property=\"og:description\" content=\"Caracteristicile imprim\u0103rii pe carton ondulat necesit\u0103, \u00een primul r\u00e2nd, utilizarea de matri\u021be cu un raport de compresie adecvat, iar acest lucru depinde de grosimea acestora. Acesta este motivul pentru care gama noastr\u0103 include pl\u0103ci de la 2,84 mm la 6,35 mm. \u00cen prezent, toate cli\u0219eele pentru cartonaje sunt livrate cu suport de folie, benzi, nituri, [&hellip;]\" \/>\n<meta property=\"og:url\" content=\"https:\/\/www.chespa.eu\/ro\/tektura-falista\/\" \/>\n<meta property=\"og:site_name\" content=\"Chespa - printing inks, clichees, cutting dies\" \/>\n<meta property=\"article:modified_time\" content=\"2023-03-03T09:13:29+00:00\" \/>\n<meta property=\"og:image\" content=\"https:\/\/www.chespa.eu\/wp-content\/uploads\/2016\/08\/klisze.jpg\" \/>\n\t<meta property=\"og:image:width\" content=\"1920\" \/>\n\t<meta property=\"og:image:height\" content=\"295\" \/>\n\t<meta property=\"og:image:type\" content=\"image\/jpeg\" \/>\n<meta name=\"twitter:card\" content=\"summary_large_image\" \/>\n<meta name=\"twitter:label1\" content=\"Est. reading time\" \/>\n\t<meta name=\"twitter:data1\" content=\"1 minute\" \/>\n<script type=\"application\/ld+json\" class=\"yoast-schema-graph\">{\"@context\":\"https:\\\/\\\/schema.org\",\"@graph\":[{\"@type\":\"WebPage\",\"@id\":\"https:\\\/\\\/www.chespa.eu\\\/ro\\\/tektura-falista\\\/\",\"url\":\"https:\\\/\\\/www.chespa.eu\\\/ro\\\/tektura-falista\\\/\",\"name\":\"CARTON ONDULAT - Chespa - printing inks, clichees, cutting dies\",\"isPartOf\":{\"@id\":\"https:\\\/\\\/www.chespa.eu\\\/#website\"},\"primaryImageOfPage\":{\"@id\":\"https:\\\/\\\/www.chespa.eu\\\/ro\\\/tektura-falista\\\/#primaryimage\"},\"image\":{\"@id\":\"https:\\\/\\\/www.chespa.eu\\\/ro\\\/tektura-falista\\\/#primaryimage\"},\"thumbnailUrl\":\"https:\\\/\\\/www.chespa.eu\\\/wp-content\\\/uploads\\\/2016\\\/08\\\/klisze.jpg\",\"datePublished\":\"2016-02-15T09:19:00+00:00\",\"dateModified\":\"2023-03-03T09:13:29+00:00\",\"breadcrumb\":{\"@id\":\"https:\\\/\\\/www.chespa.eu\\\/ro\\\/tektura-falista\\\/#breadcrumb\"},\"inLanguage\":\"ro-RO\",\"potentialAction\":[{\"@type\":\"ReadAction\",\"target\":[\"https:\\\/\\\/www.chespa.eu\\\/ro\\\/tektura-falista\\\/\"]}]},{\"@type\":\"ImageObject\",\"inLanguage\":\"ro-RO\",\"@id\":\"https:\\\/\\\/www.chespa.eu\\\/ro\\\/tektura-falista\\\/#primaryimage\",\"url\":\"https:\\\/\\\/www.chespa.eu\\\/wp-content\\\/uploads\\\/2016\\\/08\\\/klisze.jpg\",\"contentUrl\":\"https:\\\/\\\/www.chespa.eu\\\/wp-content\\\/uploads\\\/2016\\\/08\\\/klisze.jpg\",\"width\":1920,\"height\":295,\"caption\":\"klisze fotopolimerowe Chespa\"},{\"@type\":\"BreadcrumbList\",\"@id\":\"https:\\\/\\\/www.chespa.eu\\\/ro\\\/tektura-falista\\\/#breadcrumb\",\"itemListElement\":[{\"@type\":\"ListItem\",\"position\":1,\"name\":\"Strona g\u0142\u00f3wna\",\"item\":\"https:\\\/\\\/www.chespa.eu\\\/\"},{\"@type\":\"ListItem\",\"position\":2,\"name\":\"CARTON ONDULAT\"}]},{\"@type\":\"WebSite\",\"@id\":\"https:\\\/\\\/www.chespa.eu\\\/#website\",\"url\":\"https:\\\/\\\/www.chespa.eu\\\/\",\"name\":\"Chespa - printing inks, clichees, cutting dies\",\"description\":\"\",\"potentialAction\":[{\"@type\":\"SearchAction\",\"target\":{\"@type\":\"EntryPoint\",\"urlTemplate\":\"https:\\\/\\\/www.chespa.eu\\\/?s={search_term_string}\"},\"query-input\":{\"@type\":\"PropertyValueSpecification\",\"valueRequired\":true,\"valueName\":\"search_term_string\"}}],\"inLanguage\":\"ro-RO\"}]}<\/script>\n<!-- \/ Yoast SEO plugin. -->","yoast_head_json":{"title":"CARTON ONDULAT - Chespa - printing inks, clichees, cutting dies","robots":{"index":"index","follow":"follow","max-snippet":"max-snippet:-1","max-image-preview":"max-image-preview:large","max-video-preview":"max-video-preview:-1"},"canonical":"https:\/\/www.chespa.eu\/ro\/tektura-falista\/","og_locale":"ro_RO","og_type":"article","og_title":"CARTON ONDULAT - Chespa - printing inks, clichees, cutting dies","og_description":"Caracteristicile imprim\u0103rii pe carton ondulat necesit\u0103, \u00een primul r\u00e2nd, utilizarea de matri\u021be cu un raport de compresie adecvat, iar acest lucru depinde de grosimea acestora. Acesta este motivul pentru care gama noastr\u0103 include pl\u0103ci de la 2,84 mm la 6,35 mm. \u00cen prezent, toate cli\u0219eele pentru cartonaje sunt livrate cu suport de folie, benzi, nituri, [&hellip;]","og_url":"https:\/\/www.chespa.eu\/ro\/tektura-falista\/","og_site_name":"Chespa - printing inks, clichees, cutting dies","article_modified_time":"2023-03-03T09:13:29+00:00","og_image":[{"width":1920,"height":295,"url":"https:\/\/www.chespa.eu\/wp-content\/uploads\/2016\/08\/klisze.jpg","type":"image\/jpeg"}],"twitter_card":"summary_large_image","twitter_misc":{"Est. reading time":"1 minute"},"schema":{"@context":"https:\/\/schema.org","@graph":[{"@type":"WebPage","@id":"https:\/\/www.chespa.eu\/ro\/tektura-falista\/","url":"https:\/\/www.chespa.eu\/ro\/tektura-falista\/","name":"CARTON ONDULAT - Chespa - printing inks, clichees, cutting dies","isPartOf":{"@id":"https:\/\/www.chespa.eu\/#website"},"primaryImageOfPage":{"@id":"https:\/\/www.chespa.eu\/ro\/tektura-falista\/#primaryimage"},"image":{"@id":"https:\/\/www.chespa.eu\/ro\/tektura-falista\/#primaryimage"},"thumbnailUrl":"https:\/\/www.chespa.eu\/wp-content\/uploads\/2016\/08\/klisze.jpg","datePublished":"2016-02-15T09:19:00+00:00","dateModified":"2023-03-03T09:13:29+00:00","breadcrumb":{"@id":"https:\/\/www.chespa.eu\/ro\/tektura-falista\/#breadcrumb"},"inLanguage":"ro-RO","potentialAction":[{"@type":"ReadAction","target":["https:\/\/www.chespa.eu\/ro\/tektura-falista\/"]}]},{"@type":"ImageObject","inLanguage":"ro-RO","@id":"https:\/\/www.chespa.eu\/ro\/tektura-falista\/#primaryimage","url":"https:\/\/www.chespa.eu\/wp-content\/uploads\/2016\/08\/klisze.jpg","contentUrl":"https:\/\/www.chespa.eu\/wp-content\/uploads\/2016\/08\/klisze.jpg","width":1920,"height":295,"caption":"klisze fotopolimerowe Chespa"},{"@type":"BreadcrumbList","@id":"https:\/\/www.chespa.eu\/ro\/tektura-falista\/#breadcrumb","itemListElement":[{"@type":"ListItem","position":1,"name":"Strona g\u0142\u00f3wna","item":"https:\/\/www.chespa.eu\/"},{"@type":"ListItem","position":2,"name":"CARTON ONDULAT"}]},{"@type":"WebSite","@id":"https:\/\/www.chespa.eu\/#website","url":"https:\/\/www.chespa.eu\/","name":"Chespa - printing inks, clichees, cutting dies","description":"","potentialAction":[{"@type":"SearchAction","target":{"@type":"EntryPoint","urlTemplate":"https:\/\/www.chespa.eu\/?s={search_term_string}"},"query-input":{"@type":"PropertyValueSpecification","valueRequired":true,"valueName":"search_term_string"}}],"inLanguage":"ro-RO"}]}},"_links":{"self":[{"href":"https:\/\/www.chespa.eu\/ro\/wp-json\/wp\/v2\/pages\/1162","targetHints":{"allow":["GET"]}}],"collection":[{"href":"https:\/\/www.chespa.eu\/ro\/wp-json\/wp\/v2\/pages"}],"about":[{"href":"https:\/\/www.chespa.eu\/ro\/wp-json\/wp\/v2\/types\/page"}],"author":[{"embeddable":true,"href":"https:\/\/www.chespa.eu\/ro\/wp-json\/wp\/v2\/users\/6"}],"replies":[{"embeddable":true,"href":"https:\/\/www.chespa.eu\/ro\/wp-json\/wp\/v2\/comments?post=1162"}],"version-history":[{"count":9,"href":"https:\/\/www.chespa.eu\/ro\/wp-json\/wp\/v2\/pages\/1162\/revisions"}],"predecessor-version":[{"id":17018,"href":"https:\/\/www.chespa.eu\/ro\/wp-json\/wp\/v2\/pages\/1162\/revisions\/17018"}],"up":[{"embeddable":true,"href":"https:\/\/www.chespa.eu\/ro\/wp-json\/wp\/v2\/pages\/18800"}],"wp:featuredmedia":[{"embeddable":true,"href":"https:\/\/www.chespa.eu\/ro\/wp-json\/wp\/v2\/media\/9551"}],"wp:attachment":[{"href":"https:\/\/www.chespa.eu\/ro\/wp-json\/wp\/v2\/media?parent=1162"}],"curies":[{"name":"wp","href":"https:\/\/api.w.org\/{rel}","templated":true}]}}