{"id":1149,"date":"2016-02-15T11:16:49","date_gmt":"2016-02-15T10:16:49","guid":{"rendered":"http:\/\/chespa.eu\/ro\/technologia-plaskiego-punktu\/"},"modified":"2023-03-16T12:25:46","modified_gmt":"2023-03-16T11:25:46","slug":"technologia-plaskiego-punktu","status":"publish","type":"page","link":"https:\/\/www.chespa.eu\/ro\/produse\/placi-de-imprimare\/technologia-plaskiego-punktu\/","title":{"rendered":"Tehnologie punct plat"},"content":{"rendered":"<p><strong><a href=\"http:\/\/chespa.eu\/wp-content\/uploads\/2016\/02\/punkt.png\" rel=\"lightbox[1149]\"><img loading=\"lazy\" decoding=\"async\" class=\"size-medium wp-image-257 alignleft\" src=\"https:\/\/chespa.eu\/wp-content\/uploads\/2016\/02\/punkt-263x300.png\" alt=\"punkt\" width=\"263\" height=\"300\" srcset=\"https:\/\/www.chespa.eu\/wp-content\/uploads\/2016\/02\/punkt-263x300.png 263w, https:\/\/www.chespa.eu\/wp-content\/uploads\/2016\/02\/punkt.png 342w\" sizes=\"auto, (max-width: 263px) 100vw, 263px\" \/><\/a><\/strong><\/p>\n<p>&nbsp;<\/p>\n<p>&nbsp;<\/p>\n<p>&nbsp;<\/p>\n<p>&nbsp;<\/p>\n<p>&nbsp;<\/p>\n<p>&nbsp;<\/p>\n<p>&nbsp;<\/p>\n<p>&nbsp;<\/p>\n<p>&nbsp;<\/p>\n<p><strong>Tehnologia punctului plat LUX (FTD \u2013 flat top dot)<\/strong><\/p>\n<p>presupune \u00eentreruperea aliment\u0103rii cu oxigen \u00een timpul iradierii cu UV pentru a evita fenomenul de inhibi\u021bie a oxigenului.<\/p>\n<p>\u00cen timp ce \u00een cazul DigiFlow, cli\u0219eul este plasat \u00eentr-un mediu de gaz inert \u00een timpul expunerii la UV, tehnologia LUX presupune laminarea cli\u0219eului cu o membran\u0103 special\u0103.<\/p>\n<p>Oferim dou\u0103 tipuri de membrane: M100 (transparent\u0103) \u0219i M200 (mat\u0103).<\/p>\n<p>M100 \u00eentrerupe alimentarea cu oxigen \u0219i creeaz\u0103 suprafe\u021be netede pe aplica\u021biile \u0219i punctele de raster. M200 \u00eentrerupe alimentarea cu oxigen, dar, datorit\u0103 structurii sale, creeaz\u0103 o structur\u0103 poroas\u0103 pe suprafa\u021ba reliefului (pe puncte, liniu\u021be \u0219i aplica\u021bii), \u00eembun\u0103t\u0103\u021bind reologia vopselei.<\/p>\n<p>Prin combinarea cu tipurile speciale de raster HD (pentru puncte \u0219i aplica\u021bii) pe care le folosim \u00een timpul procesului de ripping \u0219i cu gravarea filmului la 4000 dpi cu ajutorul opticii Pixel+, se ob\u021bin oportunit\u0103\u021bi suplimentare de extindere a ofertei noastre HD Flexo.<\/p>\n<p>Imaginea la microscop prezint\u0103 o compara\u021bie \u00eentre un cli\u0219eu expus cu membran\u0103 200 (sus) \u0219i unul expus cu membran\u0103 100 (jos).<\/p>\n<p>&nbsp;<\/p>\n<p>&nbsp;<\/p>\n","protected":false},"excerpt":{"rendered":"<p>&nbsp; &nbsp; &nbsp; &nbsp; &nbsp; &nbsp; &nbsp; &nbsp; &nbsp; Tehnologia punctului plat LUX (FTD \u2013 flat top dot) presupune \u00eentreruperea aliment\u0103rii cu oxigen \u00een timpul iradierii cu UV pentru a evita fenomenul de inhibi\u021bie a oxigenului. \u00cen timp ce \u00een cazul DigiFlow, cli\u0219eul este plasat \u00eentr-un mediu de gaz inert \u00een timpul expunerii la UV, [&hellip;]<\/p>\n","protected":false},"author":6,"featured_media":9551,"parent":18800,"menu_order":0,"comment_status":"closed","ping_status":"closed","template":"","meta":{"_acf_changed":false,"footnotes":""},"class_list":["post-1149","page","type-page","status-publish","has-post-thumbnail","hentry"],"acf":[],"yoast_head":"<!-- This site is optimized with the Yoast SEO plugin v27.3 - https:\/\/yoast.com\/product\/yoast-seo-wordpress\/ -->\n<title>Tehnologie punct plat - Chespa - printing inks, clichees, cutting dies<\/title>\n<meta name=\"robots\" content=\"index, follow, max-snippet:-1, max-image-preview:large, max-video-preview:-1\" \/>\n<link rel=\"canonical\" href=\"https:\/\/www.chespa.eu\/ro\/technologia-plaskiego-punktu\/\" \/>\n<meta property=\"og:locale\" content=\"ro_RO\" \/>\n<meta property=\"og:type\" content=\"article\" \/>\n<meta property=\"og:title\" content=\"Tehnologie punct plat - Chespa - printing inks, clichees, cutting dies\" \/>\n<meta property=\"og:description\" content=\"&nbsp; &nbsp; &nbsp; &nbsp; &nbsp; &nbsp; &nbsp; &nbsp; &nbsp; Tehnologia punctului plat LUX (FTD \u2013 flat top dot) presupune \u00eentreruperea aliment\u0103rii cu oxigen \u00een timpul iradierii cu UV pentru a evita fenomenul de inhibi\u021bie a oxigenului. \u00cen timp ce \u00een cazul DigiFlow, cli\u0219eul este plasat \u00eentr-un mediu de gaz inert \u00een timpul expunerii la UV, [&hellip;]\" \/>\n<meta property=\"og:url\" content=\"https:\/\/www.chespa.eu\/ro\/technologia-plaskiego-punktu\/\" \/>\n<meta property=\"og:site_name\" content=\"Chespa - printing inks, clichees, cutting dies\" \/>\n<meta property=\"article:modified_time\" content=\"2023-03-16T11:25:46+00:00\" \/>\n<meta property=\"og:image\" content=\"https:\/\/www.chespa.eu\/wp-content\/uploads\/2016\/08\/klisze.jpg\" \/>\n\t<meta property=\"og:image:width\" content=\"1920\" \/>\n\t<meta property=\"og:image:height\" content=\"295\" \/>\n\t<meta property=\"og:image:type\" content=\"image\/jpeg\" \/>\n<meta name=\"twitter:card\" content=\"summary_large_image\" \/>\n<meta name=\"twitter:label1\" content=\"Est. reading time\" \/>\n\t<meta name=\"twitter:data1\" content=\"2 minutes\" \/>\n<script type=\"application\/ld+json\" class=\"yoast-schema-graph\">{\"@context\":\"https:\\\/\\\/schema.org\",\"@graph\":[{\"@type\":\"WebPage\",\"@id\":\"https:\\\/\\\/www.chespa.eu\\\/ro\\\/technologia-plaskiego-punktu\\\/\",\"url\":\"https:\\\/\\\/www.chespa.eu\\\/ro\\\/technologia-plaskiego-punktu\\\/\",\"name\":\"Tehnologie punct plat - Chespa - printing inks, clichees, cutting dies\",\"isPartOf\":{\"@id\":\"https:\\\/\\\/www.chespa.eu\\\/#website\"},\"primaryImageOfPage\":{\"@id\":\"https:\\\/\\\/www.chespa.eu\\\/ro\\\/technologia-plaskiego-punktu\\\/#primaryimage\"},\"image\":{\"@id\":\"https:\\\/\\\/www.chespa.eu\\\/ro\\\/technologia-plaskiego-punktu\\\/#primaryimage\"},\"thumbnailUrl\":\"https:\\\/\\\/www.chespa.eu\\\/wp-content\\\/uploads\\\/2016\\\/08\\\/klisze.jpg\",\"datePublished\":\"2016-02-15T10:16:49+00:00\",\"dateModified\":\"2023-03-16T11:25:46+00:00\",\"breadcrumb\":{\"@id\":\"https:\\\/\\\/www.chespa.eu\\\/ro\\\/technologia-plaskiego-punktu\\\/#breadcrumb\"},\"inLanguage\":\"ro-RO\",\"potentialAction\":[{\"@type\":\"ReadAction\",\"target\":[\"https:\\\/\\\/www.chespa.eu\\\/ro\\\/technologia-plaskiego-punktu\\\/\"]}]},{\"@type\":\"ImageObject\",\"inLanguage\":\"ro-RO\",\"@id\":\"https:\\\/\\\/www.chespa.eu\\\/ro\\\/technologia-plaskiego-punktu\\\/#primaryimage\",\"url\":\"https:\\\/\\\/www.chespa.eu\\\/wp-content\\\/uploads\\\/2016\\\/08\\\/klisze.jpg\",\"contentUrl\":\"https:\\\/\\\/www.chespa.eu\\\/wp-content\\\/uploads\\\/2016\\\/08\\\/klisze.jpg\",\"width\":1920,\"height\":295,\"caption\":\"klisze fotopolimerowe Chespa\"},{\"@type\":\"BreadcrumbList\",\"@id\":\"https:\\\/\\\/www.chespa.eu\\\/ro\\\/technologia-plaskiego-punktu\\\/#breadcrumb\",\"itemListElement\":[{\"@type\":\"ListItem\",\"position\":1,\"name\":\"Strona g\u0142\u00f3wna\",\"item\":\"https:\\\/\\\/www.chespa.eu\\\/\"},{\"@type\":\"ListItem\",\"position\":2,\"name\":\"Tehnologie punct plat\"}]},{\"@type\":\"WebSite\",\"@id\":\"https:\\\/\\\/www.chespa.eu\\\/#website\",\"url\":\"https:\\\/\\\/www.chespa.eu\\\/\",\"name\":\"Chespa - printing inks, clichees, cutting dies\",\"description\":\"\",\"potentialAction\":[{\"@type\":\"SearchAction\",\"target\":{\"@type\":\"EntryPoint\",\"urlTemplate\":\"https:\\\/\\\/www.chespa.eu\\\/?s={search_term_string}\"},\"query-input\":{\"@type\":\"PropertyValueSpecification\",\"valueRequired\":true,\"valueName\":\"search_term_string\"}}],\"inLanguage\":\"ro-RO\"}]}<\/script>\n<!-- \/ Yoast SEO plugin. -->","yoast_head_json":{"title":"Tehnologie punct plat - Chespa - printing inks, clichees, cutting dies","robots":{"index":"index","follow":"follow","max-snippet":"max-snippet:-1","max-image-preview":"max-image-preview:large","max-video-preview":"max-video-preview:-1"},"canonical":"https:\/\/www.chespa.eu\/ro\/technologia-plaskiego-punktu\/","og_locale":"ro_RO","og_type":"article","og_title":"Tehnologie punct plat - Chespa - printing inks, clichees, cutting dies","og_description":"&nbsp; &nbsp; &nbsp; &nbsp; &nbsp; &nbsp; &nbsp; &nbsp; &nbsp; Tehnologia punctului plat LUX (FTD \u2013 flat top dot) presupune \u00eentreruperea aliment\u0103rii cu oxigen \u00een timpul iradierii cu UV pentru a evita fenomenul de inhibi\u021bie a oxigenului. \u00cen timp ce \u00een cazul DigiFlow, cli\u0219eul este plasat \u00eentr-un mediu de gaz inert \u00een timpul expunerii la UV, [&hellip;]","og_url":"https:\/\/www.chespa.eu\/ro\/technologia-plaskiego-punktu\/","og_site_name":"Chespa - printing inks, clichees, cutting dies","article_modified_time":"2023-03-16T11:25:46+00:00","og_image":[{"width":1920,"height":295,"url":"https:\/\/www.chespa.eu\/wp-content\/uploads\/2016\/08\/klisze.jpg","type":"image\/jpeg"}],"twitter_card":"summary_large_image","twitter_misc":{"Est. reading time":"2 minutes"},"schema":{"@context":"https:\/\/schema.org","@graph":[{"@type":"WebPage","@id":"https:\/\/www.chespa.eu\/ro\/technologia-plaskiego-punktu\/","url":"https:\/\/www.chespa.eu\/ro\/technologia-plaskiego-punktu\/","name":"Tehnologie punct plat - Chespa - printing inks, clichees, cutting dies","isPartOf":{"@id":"https:\/\/www.chespa.eu\/#website"},"primaryImageOfPage":{"@id":"https:\/\/www.chespa.eu\/ro\/technologia-plaskiego-punktu\/#primaryimage"},"image":{"@id":"https:\/\/www.chespa.eu\/ro\/technologia-plaskiego-punktu\/#primaryimage"},"thumbnailUrl":"https:\/\/www.chespa.eu\/wp-content\/uploads\/2016\/08\/klisze.jpg","datePublished":"2016-02-15T10:16:49+00:00","dateModified":"2023-03-16T11:25:46+00:00","breadcrumb":{"@id":"https:\/\/www.chespa.eu\/ro\/technologia-plaskiego-punktu\/#breadcrumb"},"inLanguage":"ro-RO","potentialAction":[{"@type":"ReadAction","target":["https:\/\/www.chespa.eu\/ro\/technologia-plaskiego-punktu\/"]}]},{"@type":"ImageObject","inLanguage":"ro-RO","@id":"https:\/\/www.chespa.eu\/ro\/technologia-plaskiego-punktu\/#primaryimage","url":"https:\/\/www.chespa.eu\/wp-content\/uploads\/2016\/08\/klisze.jpg","contentUrl":"https:\/\/www.chespa.eu\/wp-content\/uploads\/2016\/08\/klisze.jpg","width":1920,"height":295,"caption":"klisze fotopolimerowe Chespa"},{"@type":"BreadcrumbList","@id":"https:\/\/www.chespa.eu\/ro\/technologia-plaskiego-punktu\/#breadcrumb","itemListElement":[{"@type":"ListItem","position":1,"name":"Strona g\u0142\u00f3wna","item":"https:\/\/www.chespa.eu\/"},{"@type":"ListItem","position":2,"name":"Tehnologie punct plat"}]},{"@type":"WebSite","@id":"https:\/\/www.chespa.eu\/#website","url":"https:\/\/www.chespa.eu\/","name":"Chespa - printing inks, clichees, cutting dies","description":"","potentialAction":[{"@type":"SearchAction","target":{"@type":"EntryPoint","urlTemplate":"https:\/\/www.chespa.eu\/?s={search_term_string}"},"query-input":{"@type":"PropertyValueSpecification","valueRequired":true,"valueName":"search_term_string"}}],"inLanguage":"ro-RO"}]}},"_links":{"self":[{"href":"https:\/\/www.chespa.eu\/ro\/wp-json\/wp\/v2\/pages\/1149","targetHints":{"allow":["GET"]}}],"collection":[{"href":"https:\/\/www.chespa.eu\/ro\/wp-json\/wp\/v2\/pages"}],"about":[{"href":"https:\/\/www.chespa.eu\/ro\/wp-json\/wp\/v2\/types\/page"}],"author":[{"embeddable":true,"href":"https:\/\/www.chespa.eu\/ro\/wp-json\/wp\/v2\/users\/6"}],"replies":[{"embeddable":true,"href":"https:\/\/www.chespa.eu\/ro\/wp-json\/wp\/v2\/comments?post=1149"}],"version-history":[{"count":10,"href":"https:\/\/www.chespa.eu\/ro\/wp-json\/wp\/v2\/pages\/1149\/revisions"}],"predecessor-version":[{"id":17082,"href":"https:\/\/www.chespa.eu\/ro\/wp-json\/wp\/v2\/pages\/1149\/revisions\/17082"}],"up":[{"embeddable":true,"href":"https:\/\/www.chespa.eu\/ro\/wp-json\/wp\/v2\/pages\/18800"}],"wp:featuredmedia":[{"embeddable":true,"href":"https:\/\/www.chespa.eu\/ro\/wp-json\/wp\/v2\/media\/9551"}],"wp:attachment":[{"href":"https:\/\/www.chespa.eu\/ro\/wp-json\/wp\/v2\/media?parent=1149"}],"curies":[{"name":"wp","href":"https:\/\/api.w.org\/{rel}","templated":true}]}}