{"id":1073,"date":"2015-12-04T13:39:21","date_gmt":"2015-12-04T12:39:21","guid":{"rendered":"http:\/\/chespa.eu\/ro\/sympozjum\/"},"modified":"2018-06-05T07:17:35","modified_gmt":"2018-06-05T05:17:35","slug":"sympozjum","status":"publish","type":"page","link":"https:\/\/www.chespa.eu\/ro\/sympozjum\/","title":{"rendered":"Simpozionul-2016"},"content":{"rendered":"<p><a href=\"http:\/\/chespa.eu\/wp-content\/uploads\/2015\/12\/924.png\"  rel=\"lightbox[1073] attachment wp-att-1081\"><img loading=\"lazy\" decoding=\"async\" class=\"alignnone size-medium wp-image-1081\" src=\"https:\/\/chespa.eu\/wp-content\/uploads\/2015\/12\/924-300x68.png\" alt=\"924\" width=\"300\" height=\"68\" srcset=\"https:\/\/www.chespa.eu\/wp-content\/uploads\/2015\/12\/924-300x68.png 300w, https:\/\/www.chespa.eu\/wp-content\/uploads\/2015\/12\/924.png 358w\" sizes=\"auto, (max-width: 300px) 100vw, 300px\" \/><\/a><\/p>\n<p>&nbsp;<\/p>\n<p>Simpozionul de imprimare XIX a avut loc pe 16-17.06.2016 \u00een s\u0103lile \u0219i gr\u0103dinile Hotelului Karolinka din Gogolin.<\/p>\n<p>A fost o \u00eent\u00e2lnire unic\u0103 din cauza a 25-a aniversare a companiei. Programul a reflectat aceast\u0103 natur\u0103 foarte special\u0103 a evenimentului. Seria de conferin\u021be a \u00eenceput cu rezumatul ultimilor 25 de ani, realizat de Joachim Siekiera (Pre\u0219edinte al Consiliului de Supraveghere).El a ar\u0103tat cele mai importante evenimente ale ultimului sfert de secol \u0219i a indicat celor care vor afecta viitorul companiei.Apoi Marek Siekiera (Pre\u0219edintele) a discutat inova\u021biile tehnologice cu privire la exemple de lucr\u0103ri tip\u0103rite. Au fost prezentate demonstra\u021bii de ambalare preg\u0103tite pentru ocazia Drupa targului. Toate acestea au fost realizate folosind produse \u0219i instrumente dezvoltate de compania noastra folosind cele mai noi tehnologii. Rezumat al Drupa 2016 a fost f\u0103cut\u0103 de Miros\u0142aw Pawli\u0144ski (redactor-\u0219ef al &#8220;\u015awiat Poligrafii&#8221;). El a comentat \u00eentr-un mod foarte interesant despre cele cruciale \u0219i cele mai inovatoare produse noi pe care le-ar putea vedea \u00een D\u00fcsseldorf.<\/p>\n<p>Dupa pauza, ne-am \u00eent\u00e2lnit cu doi entuzia\u0219ti. Primul, Krzysztof Kras de la compania Kras, prezentate \u00eentr-un mod colorat aspectele managementului modern de emo\u021bie, intui\u021bie \u0219i motiva\u021bie. Al doilea, Krzysztof Ho\u0142owczyc (pilot de raliu, polonez \u0219i campion european), prin povestea carierei sale, ne-a ar\u0103tat modul \u00een care pasiunea poate deveni un succes, dar, de asemenea, c\u00e2t de mult munca grea si determinarea de care are nevoie. \u00cen mod tradi\u021bional, a existat, de asemenea, o prelegere despre problemele economice. Jan Krzysztof Bielecki (prim-ministru, economist) a vorbit despre Polonia, Europa \u0219i rolul lor \u00een economia global\u0103 modern\u0103. El a fost fericit s\u0103 r\u0103spund\u0103 la \u00eentreb\u0103rile clien\u021bilor dup\u0103 curs. Seria de prelegeri terminat cu prezentarea rezultatelor a 3-a edi\u021bie a concursului Chespa Design de ambalaj de Micha\u0142 D\u0119becki (Chespa Repro Studio Director). El a ar\u0103tat cele mai bune lucr\u0103ri \u0219i c\u00e2\u0219tig\u0103torii fiec\u0103rei categorii \u0219i c\u00e2\u0219tig\u0103torii premiului principal a primit trofeele lor.<\/p>\n<p>Partea artistic\u0103 a serii a \u00eenceput cu concertul de vioar\u0103 \u0219i harp\u0103. Artistii au prezentat muzica clasic\u0103 \u00een versiunea contemporan\u0103 \u0219i aranjamentul. Apoi Baletul Art Color \u00eentr-un spectacol dinamic \u0219i atractiv vizual ne mutat \u00een lumea de mi\u0219care, dans \u0219i culoare. La sfarsitul serii a jucat trupa Rebelianci. Repertoriul de blues-rock introdus pe scen\u0103 o mul\u021bime de energie pozitiva. A fost o pregustare a Festivalului Rock Chespa de la St.Anne Mountain \u00een luna iulie.<\/p>\n<p>&nbsp;<\/p>\n<p>&nbsp;<\/p>\n","protected":false},"excerpt":{"rendered":"<p>&nbsp; Simpozionul de imprimare XIX a avut loc pe 16-17.06.2016 \u00een s\u0103lile \u0219i gr\u0103dinile Hotelului Karolinka din Gogolin. A fost o \u00eent\u00e2lnire unic\u0103 din cauza a 25-a aniversare a companiei. Programul a reflectat aceast\u0103 natur\u0103 foarte special\u0103 a evenimentului. Seria de conferin\u021be a \u00eenceput cu rezumatul ultimilor 25 de ani, realizat de Joachim Siekiera (Pre\u0219edinte [&hellip;]<\/p>\n","protected":false},"author":6,"featured_media":0,"parent":0,"menu_order":0,"comment_status":"closed","ping_status":"closed","template":"","meta":{"_acf_changed":false,"footnotes":""},"class_list":["post-1073","page","type-page","status-publish","hentry"],"acf":[],"yoast_head":"<!-- This site is optimized with the Yoast SEO plugin v27.3 - https:\/\/yoast.com\/product\/yoast-seo-wordpress\/ -->\n<title>Simpozionul-2016 - Chespa - printing inks, clichees, cutting dies<\/title>\n<meta name=\"robots\" content=\"index, follow, max-snippet:-1, max-image-preview:large, max-video-preview:-1\" \/>\n<link rel=\"canonical\" href=\"https:\/\/www.chespa.eu\/ro\/sympozjum\/\" \/>\n<meta property=\"og:locale\" content=\"ro_RO\" \/>\n<meta property=\"og:type\" content=\"article\" \/>\n<meta property=\"og:title\" content=\"Simpozionul-2016 - Chespa - printing inks, clichees, cutting dies\" \/>\n<meta property=\"og:description\" content=\"&nbsp; Simpozionul de imprimare XIX a avut loc pe 16-17.06.2016 \u00een s\u0103lile \u0219i gr\u0103dinile Hotelului Karolinka din Gogolin. A fost o \u00eent\u00e2lnire unic\u0103 din cauza a 25-a aniversare a companiei. Programul a reflectat aceast\u0103 natur\u0103 foarte special\u0103 a evenimentului. Seria de conferin\u021be a \u00eenceput cu rezumatul ultimilor 25 de ani, realizat de Joachim Siekiera (Pre\u0219edinte [&hellip;]\" \/>\n<meta property=\"og:url\" content=\"https:\/\/www.chespa.eu\/ro\/sympozjum\/\" \/>\n<meta property=\"og:site_name\" content=\"Chespa - printing inks, clichees, cutting dies\" \/>\n<meta property=\"article:modified_time\" content=\"2018-06-05T05:17:35+00:00\" \/>\n<meta property=\"og:image\" content=\"http:\/\/chespa.eu\/wp-content\/uploads\/2015\/12\/924-300x68.png\" \/>\n<meta name=\"twitter:card\" content=\"summary_large_image\" \/>\n<meta name=\"twitter:label1\" content=\"Est. reading time\" \/>\n\t<meta name=\"twitter:data1\" content=\"2 minutes\" \/>\n<script type=\"application\/ld+json\" class=\"yoast-schema-graph\">{\"@context\":\"https:\\\/\\\/schema.org\",\"@graph\":[{\"@type\":\"WebPage\",\"@id\":\"https:\\\/\\\/www.chespa.eu\\\/ro\\\/sympozjum\\\/\",\"url\":\"https:\\\/\\\/www.chespa.eu\\\/ro\\\/sympozjum\\\/\",\"name\":\"Simpozionul-2016 - Chespa - printing inks, clichees, cutting dies\",\"isPartOf\":{\"@id\":\"https:\\\/\\\/www.chespa.eu\\\/#website\"},\"primaryImageOfPage\":{\"@id\":\"https:\\\/\\\/www.chespa.eu\\\/ro\\\/sympozjum\\\/#primaryimage\"},\"image\":{\"@id\":\"https:\\\/\\\/www.chespa.eu\\\/ro\\\/sympozjum\\\/#primaryimage\"},\"thumbnailUrl\":\"http:\\\/\\\/chespa.eu\\\/wp-content\\\/uploads\\\/2015\\\/12\\\/924-300x68.png\",\"datePublished\":\"2015-12-04T12:39:21+00:00\",\"dateModified\":\"2018-06-05T05:17:35+00:00\",\"breadcrumb\":{\"@id\":\"https:\\\/\\\/www.chespa.eu\\\/ro\\\/sympozjum\\\/#breadcrumb\"},\"inLanguage\":\"ro-RO\",\"potentialAction\":[{\"@type\":\"ReadAction\",\"target\":[\"https:\\\/\\\/www.chespa.eu\\\/ro\\\/sympozjum\\\/\"]}]},{\"@type\":\"ImageObject\",\"inLanguage\":\"ro-RO\",\"@id\":\"https:\\\/\\\/www.chespa.eu\\\/ro\\\/sympozjum\\\/#primaryimage\",\"url\":\"http:\\\/\\\/chespa.eu\\\/wp-content\\\/uploads\\\/2015\\\/12\\\/924-300x68.png\",\"contentUrl\":\"http:\\\/\\\/chespa.eu\\\/wp-content\\\/uploads\\\/2015\\\/12\\\/924-300x68.png\"},{\"@type\":\"BreadcrumbList\",\"@id\":\"https:\\\/\\\/www.chespa.eu\\\/ro\\\/sympozjum\\\/#breadcrumb\",\"itemListElement\":[{\"@type\":\"ListItem\",\"position\":1,\"name\":\"Strona g\u0142\u00f3wna\",\"item\":\"https:\\\/\\\/www.chespa.eu\\\/\"},{\"@type\":\"ListItem\",\"position\":2,\"name\":\"Simpozionul-2016\"}]},{\"@type\":\"WebSite\",\"@id\":\"https:\\\/\\\/www.chespa.eu\\\/#website\",\"url\":\"https:\\\/\\\/www.chespa.eu\\\/\",\"name\":\"Chespa - printing inks, clichees, cutting dies\",\"description\":\"\",\"potentialAction\":[{\"@type\":\"SearchAction\",\"target\":{\"@type\":\"EntryPoint\",\"urlTemplate\":\"https:\\\/\\\/www.chespa.eu\\\/?s={search_term_string}\"},\"query-input\":{\"@type\":\"PropertyValueSpecification\",\"valueRequired\":true,\"valueName\":\"search_term_string\"}}],\"inLanguage\":\"ro-RO\"}]}<\/script>\n<!-- \/ Yoast SEO plugin. -->","yoast_head_json":{"title":"Simpozionul-2016 - Chespa - printing inks, clichees, cutting dies","robots":{"index":"index","follow":"follow","max-snippet":"max-snippet:-1","max-image-preview":"max-image-preview:large","max-video-preview":"max-video-preview:-1"},"canonical":"https:\/\/www.chespa.eu\/ro\/sympozjum\/","og_locale":"ro_RO","og_type":"article","og_title":"Simpozionul-2016 - Chespa - printing inks, clichees, cutting dies","og_description":"&nbsp; Simpozionul de imprimare XIX a avut loc pe 16-17.06.2016 \u00een s\u0103lile \u0219i gr\u0103dinile Hotelului Karolinka din Gogolin. A fost o \u00eent\u00e2lnire unic\u0103 din cauza a 25-a aniversare a companiei. Programul a reflectat aceast\u0103 natur\u0103 foarte special\u0103 a evenimentului. Seria de conferin\u021be a \u00eenceput cu rezumatul ultimilor 25 de ani, realizat de Joachim Siekiera (Pre\u0219edinte [&hellip;]","og_url":"https:\/\/www.chespa.eu\/ro\/sympozjum\/","og_site_name":"Chespa - printing inks, clichees, cutting dies","article_modified_time":"2018-06-05T05:17:35+00:00","og_image":[{"url":"http:\/\/chespa.eu\/wp-content\/uploads\/2015\/12\/924-300x68.png","type":"","width":"","height":""}],"twitter_card":"summary_large_image","twitter_misc":{"Est. reading time":"2 minutes"},"schema":{"@context":"https:\/\/schema.org","@graph":[{"@type":"WebPage","@id":"https:\/\/www.chespa.eu\/ro\/sympozjum\/","url":"https:\/\/www.chespa.eu\/ro\/sympozjum\/","name":"Simpozionul-2016 - Chespa - printing inks, clichees, cutting dies","isPartOf":{"@id":"https:\/\/www.chespa.eu\/#website"},"primaryImageOfPage":{"@id":"https:\/\/www.chespa.eu\/ro\/sympozjum\/#primaryimage"},"image":{"@id":"https:\/\/www.chespa.eu\/ro\/sympozjum\/#primaryimage"},"thumbnailUrl":"http:\/\/chespa.eu\/wp-content\/uploads\/2015\/12\/924-300x68.png","datePublished":"2015-12-04T12:39:21+00:00","dateModified":"2018-06-05T05:17:35+00:00","breadcrumb":{"@id":"https:\/\/www.chespa.eu\/ro\/sympozjum\/#breadcrumb"},"inLanguage":"ro-RO","potentialAction":[{"@type":"ReadAction","target":["https:\/\/www.chespa.eu\/ro\/sympozjum\/"]}]},{"@type":"ImageObject","inLanguage":"ro-RO","@id":"https:\/\/www.chespa.eu\/ro\/sympozjum\/#primaryimage","url":"http:\/\/chespa.eu\/wp-content\/uploads\/2015\/12\/924-300x68.png","contentUrl":"http:\/\/chespa.eu\/wp-content\/uploads\/2015\/12\/924-300x68.png"},{"@type":"BreadcrumbList","@id":"https:\/\/www.chespa.eu\/ro\/sympozjum\/#breadcrumb","itemListElement":[{"@type":"ListItem","position":1,"name":"Strona g\u0142\u00f3wna","item":"https:\/\/www.chespa.eu\/"},{"@type":"ListItem","position":2,"name":"Simpozionul-2016"}]},{"@type":"WebSite","@id":"https:\/\/www.chespa.eu\/#website","url":"https:\/\/www.chespa.eu\/","name":"Chespa - printing inks, clichees, cutting dies","description":"","potentialAction":[{"@type":"SearchAction","target":{"@type":"EntryPoint","urlTemplate":"https:\/\/www.chespa.eu\/?s={search_term_string}"},"query-input":{"@type":"PropertyValueSpecification","valueRequired":true,"valueName":"search_term_string"}}],"inLanguage":"ro-RO"}]}},"_links":{"self":[{"href":"https:\/\/www.chespa.eu\/ro\/wp-json\/wp\/v2\/pages\/1073","targetHints":{"allow":["GET"]}}],"collection":[{"href":"https:\/\/www.chespa.eu\/ro\/wp-json\/wp\/v2\/pages"}],"about":[{"href":"https:\/\/www.chespa.eu\/ro\/wp-json\/wp\/v2\/types\/page"}],"author":[{"embeddable":true,"href":"https:\/\/www.chespa.eu\/ro\/wp-json\/wp\/v2\/users\/6"}],"replies":[{"embeddable":true,"href":"https:\/\/www.chespa.eu\/ro\/wp-json\/wp\/v2\/comments?post=1073"}],"version-history":[{"count":12,"href":"https:\/\/www.chespa.eu\/ro\/wp-json\/wp\/v2\/pages\/1073\/revisions"}],"predecessor-version":[{"id":8219,"href":"https:\/\/www.chespa.eu\/ro\/wp-json\/wp\/v2\/pages\/1073\/revisions\/8219"}],"wp:attachment":[{"href":"https:\/\/www.chespa.eu\/ro\/wp-json\/wp\/v2\/media?parent=1073"}],"curies":[{"name":"wp","href":"https:\/\/api.w.org\/{rel}","templated":true}]}}