{"id":1036,"date":"2016-02-15T13:07:52","date_gmt":"2016-02-15T12:07:52","guid":{"rendered":"http:\/\/chespa.eu\/ro\/projektowanie-opakowan-i-projektowanie-graficzne\/"},"modified":"2016-06-01T06:43:32","modified_gmt":"2016-06-01T04:43:32","slug":"projektowanie-opakowan-i-projektowanie-graficzne","status":"publish","type":"page","link":"https:\/\/www.chespa.eu\/ro\/projektowanie-opakowan-i-projektowanie-graficzne\/","title":{"rendered":"Design de ambalaj \u0219i de design grafic"},"content":{"rendered":"<p><strong>Chespa Repro Studio<\/strong><\/p>\n<p>Va oferim modele originale \u0219i grafic\u0103 \u00een crearea de noi ambalaje pentru at\u00e2t cartonului ondulat \u0219i solid\u0103 \u0219i h\u00e2rtie sau materiale flexibile: PP, PE, produse laminate \u0219i alte &#8230;.<\/p>\n<p>Modele de ambalare &#8211; oferite \u00een \u00eentregime de noi sau de sugestiile clien\u021bilor &#8211; sunt \u00eentotdeauna preg\u0103tite, \u021bin\u00e2nd cont de specificul imprim\u0103rii pe diferite substraturi. Modelul dezvoltat este transferat acceptarea formei c\u00e2t mai aproape posibil de rezultatul final: un punct digital de simulare probei \u0219i substrat.<\/p>\n<p>Dup\u0103 acceptarea proiectului sunt preg\u0103tite pl\u0103ci fotopolimeri dedicate imprim\u0103rii specificate. Sper\u0103m c\u0103 dorin\u021ba de a vedea calitatea muncii noastre.<\/p>\n<p>&nbsp;<\/p>\n<p><a href=\"http:\/\/chespa.eu\/wp-content\/uploads\/2016\/02\/795.png\" rel=\"lightbox[1036]\"><img loading=\"lazy\" decoding=\"async\" class=\"aligncenter size-full wp-image-346\" src=\"https:\/\/chespa.eu\/wp-content\/uploads\/2016\/02\/795.png\" alt=\"795\" width=\"96\" height=\"88\" \/><\/a><\/p>\n<p><a href=\"http:\/\/chespa.eu\/wp-content\/uploads\/2016\/02\/523.jpeg\" rel=\"lightbox[1036]\"><img loading=\"lazy\" decoding=\"async\" class=\"aligncenter size-full wp-image-345\" src=\"https:\/\/chespa.eu\/wp-content\/uploads\/2016\/02\/523.jpeg\" alt=\"523\" width=\"350\" height=\"427\" srcset=\"https:\/\/www.chespa.eu\/wp-content\/uploads\/2016\/02\/523.jpeg 350w, https:\/\/www.chespa.eu\/wp-content\/uploads\/2016\/02\/523-246x300.jpeg 246w\" sizes=\"auto, (max-width: 350px) 100vw, 350px\" \/><\/a><\/p>\n","protected":false},"excerpt":{"rendered":"<p>Chespa Repro Studio Va oferim modele originale \u0219i grafic\u0103 \u00een crearea de noi ambalaje pentru at\u00e2t cartonului ondulat \u0219i solid\u0103 \u0219i h\u00e2rtie sau materiale flexibile: PP, PE, produse laminate \u0219i alte &#8230;. Modele de ambalare &#8211; oferite \u00een \u00eentregime de noi sau de sugestiile clien\u021bilor &#8211; sunt \u00eentotdeauna preg\u0103tite, \u021bin\u00e2nd cont de specificul imprim\u0103rii pe [&hellip;]<\/p>\n","protected":false},"author":6,"featured_media":0,"parent":0,"menu_order":0,"comment_status":"closed","ping_status":"closed","template":"","meta":{"_acf_changed":false,"footnotes":""},"class_list":["post-1036","page","type-page","status-publish","hentry"],"acf":[],"yoast_head":"<!-- This site is optimized with the Yoast SEO plugin v27.4 - https:\/\/yoast.com\/product\/yoast-seo-wordpress\/ -->\n<title>Design de ambalaj \u0219i de design grafic - Chespa - printing inks, clichees, cutting dies<\/title>\n<meta name=\"robots\" content=\"index, follow, max-snippet:-1, max-image-preview:large, max-video-preview:-1\" \/>\n<link rel=\"canonical\" href=\"https:\/\/www.chespa.eu\/ro\/projektowanie-opakowan-i-projektowanie-graficzne\/\" \/>\n<meta property=\"og:locale\" content=\"ro_RO\" \/>\n<meta property=\"og:type\" content=\"article\" \/>\n<meta property=\"og:title\" content=\"Design de ambalaj \u0219i de design grafic - Chespa - printing inks, clichees, cutting dies\" \/>\n<meta property=\"og:description\" content=\"Chespa Repro Studio Va oferim modele originale \u0219i grafic\u0103 \u00een crearea de noi ambalaje pentru at\u00e2t cartonului ondulat \u0219i solid\u0103 \u0219i h\u00e2rtie sau materiale flexibile: PP, PE, produse laminate \u0219i alte &#8230;. Modele de ambalare &#8211; oferite \u00een \u00eentregime de noi sau de sugestiile clien\u021bilor &#8211; sunt \u00eentotdeauna preg\u0103tite, \u021bin\u00e2nd cont de specificul imprim\u0103rii pe [&hellip;]\" \/>\n<meta property=\"og:url\" content=\"https:\/\/www.chespa.eu\/ro\/projektowanie-opakowan-i-projektowanie-graficzne\/\" \/>\n<meta property=\"og:site_name\" content=\"Chespa - printing inks, clichees, cutting dies\" \/>\n<meta property=\"article:modified_time\" content=\"2016-06-01T04:43:32+00:00\" \/>\n<meta property=\"og:image\" content=\"http:\/\/chespa.eu\/wp-content\/uploads\/2016\/02\/795.png\" \/>\n<meta name=\"twitter:card\" content=\"summary_large_image\" \/>\n<meta name=\"twitter:label1\" content=\"Est. reading time\" \/>\n\t<meta name=\"twitter:data1\" content=\"1 minute\" \/>\n<script type=\"application\/ld+json\" class=\"yoast-schema-graph\">{\"@context\":\"https:\\\/\\\/schema.org\",\"@graph\":[{\"@type\":\"WebPage\",\"@id\":\"https:\\\/\\\/www.chespa.eu\\\/ro\\\/projektowanie-opakowan-i-projektowanie-graficzne\\\/\",\"url\":\"https:\\\/\\\/www.chespa.eu\\\/ro\\\/projektowanie-opakowan-i-projektowanie-graficzne\\\/\",\"name\":\"Design de ambalaj \u0219i de design grafic - Chespa - printing inks, clichees, cutting dies\",\"isPartOf\":{\"@id\":\"https:\\\/\\\/www.chespa.eu\\\/#website\"},\"primaryImageOfPage\":{\"@id\":\"https:\\\/\\\/www.chespa.eu\\\/ro\\\/projektowanie-opakowan-i-projektowanie-graficzne\\\/#primaryimage\"},\"image\":{\"@id\":\"https:\\\/\\\/www.chespa.eu\\\/ro\\\/projektowanie-opakowan-i-projektowanie-graficzne\\\/#primaryimage\"},\"thumbnailUrl\":\"http:\\\/\\\/chespa.eu\\\/wp-content\\\/uploads\\\/2016\\\/02\\\/795.png\",\"datePublished\":\"2016-02-15T12:07:52+00:00\",\"dateModified\":\"2016-06-01T04:43:32+00:00\",\"breadcrumb\":{\"@id\":\"https:\\\/\\\/www.chespa.eu\\\/ro\\\/projektowanie-opakowan-i-projektowanie-graficzne\\\/#breadcrumb\"},\"inLanguage\":\"ro-RO\",\"potentialAction\":[{\"@type\":\"ReadAction\",\"target\":[\"https:\\\/\\\/www.chespa.eu\\\/ro\\\/projektowanie-opakowan-i-projektowanie-graficzne\\\/\"]}]},{\"@type\":\"ImageObject\",\"inLanguage\":\"ro-RO\",\"@id\":\"https:\\\/\\\/www.chespa.eu\\\/ro\\\/projektowanie-opakowan-i-projektowanie-graficzne\\\/#primaryimage\",\"url\":\"http:\\\/\\\/chespa.eu\\\/wp-content\\\/uploads\\\/2016\\\/02\\\/795.png\",\"contentUrl\":\"http:\\\/\\\/chespa.eu\\\/wp-content\\\/uploads\\\/2016\\\/02\\\/795.png\"},{\"@type\":\"BreadcrumbList\",\"@id\":\"https:\\\/\\\/www.chespa.eu\\\/ro\\\/projektowanie-opakowan-i-projektowanie-graficzne\\\/#breadcrumb\",\"itemListElement\":[{\"@type\":\"ListItem\",\"position\":1,\"name\":\"Strona g\u0142\u00f3wna\",\"item\":\"https:\\\/\\\/www.chespa.eu\\\/\"},{\"@type\":\"ListItem\",\"position\":2,\"name\":\"Design de ambalaj \u0219i de design grafic\"}]},{\"@type\":\"WebSite\",\"@id\":\"https:\\\/\\\/www.chespa.eu\\\/#website\",\"url\":\"https:\\\/\\\/www.chespa.eu\\\/\",\"name\":\"Chespa - printing inks, clichees, cutting dies\",\"description\":\"\",\"potentialAction\":[{\"@type\":\"SearchAction\",\"target\":{\"@type\":\"EntryPoint\",\"urlTemplate\":\"https:\\\/\\\/www.chespa.eu\\\/?s={search_term_string}\"},\"query-input\":{\"@type\":\"PropertyValueSpecification\",\"valueRequired\":true,\"valueName\":\"search_term_string\"}}],\"inLanguage\":\"ro-RO\"}]}<\/script>\n<!-- \/ Yoast SEO plugin. -->","yoast_head_json":{"title":"Design de ambalaj \u0219i de design grafic - Chespa - printing inks, clichees, cutting dies","robots":{"index":"index","follow":"follow","max-snippet":"max-snippet:-1","max-image-preview":"max-image-preview:large","max-video-preview":"max-video-preview:-1"},"canonical":"https:\/\/www.chespa.eu\/ro\/projektowanie-opakowan-i-projektowanie-graficzne\/","og_locale":"ro_RO","og_type":"article","og_title":"Design de ambalaj \u0219i de design grafic - Chespa - printing inks, clichees, cutting dies","og_description":"Chespa Repro Studio Va oferim modele originale \u0219i grafic\u0103 \u00een crearea de noi ambalaje pentru at\u00e2t cartonului ondulat \u0219i solid\u0103 \u0219i h\u00e2rtie sau materiale flexibile: PP, PE, produse laminate \u0219i alte &#8230;. Modele de ambalare &#8211; oferite \u00een \u00eentregime de noi sau de sugestiile clien\u021bilor &#8211; sunt \u00eentotdeauna preg\u0103tite, \u021bin\u00e2nd cont de specificul imprim\u0103rii pe [&hellip;]","og_url":"https:\/\/www.chespa.eu\/ro\/projektowanie-opakowan-i-projektowanie-graficzne\/","og_site_name":"Chespa - printing inks, clichees, cutting dies","article_modified_time":"2016-06-01T04:43:32+00:00","og_image":[{"url":"http:\/\/chespa.eu\/wp-content\/uploads\/2016\/02\/795.png","type":"","width":"","height":""}],"twitter_card":"summary_large_image","twitter_misc":{"Est. reading time":"1 minute"},"schema":{"@context":"https:\/\/schema.org","@graph":[{"@type":"WebPage","@id":"https:\/\/www.chespa.eu\/ro\/projektowanie-opakowan-i-projektowanie-graficzne\/","url":"https:\/\/www.chespa.eu\/ro\/projektowanie-opakowan-i-projektowanie-graficzne\/","name":"Design de ambalaj \u0219i de design grafic - Chespa - printing inks, clichees, cutting dies","isPartOf":{"@id":"https:\/\/www.chespa.eu\/#website"},"primaryImageOfPage":{"@id":"https:\/\/www.chespa.eu\/ro\/projektowanie-opakowan-i-projektowanie-graficzne\/#primaryimage"},"image":{"@id":"https:\/\/www.chespa.eu\/ro\/projektowanie-opakowan-i-projektowanie-graficzne\/#primaryimage"},"thumbnailUrl":"http:\/\/chespa.eu\/wp-content\/uploads\/2016\/02\/795.png","datePublished":"2016-02-15T12:07:52+00:00","dateModified":"2016-06-01T04:43:32+00:00","breadcrumb":{"@id":"https:\/\/www.chespa.eu\/ro\/projektowanie-opakowan-i-projektowanie-graficzne\/#breadcrumb"},"inLanguage":"ro-RO","potentialAction":[{"@type":"ReadAction","target":["https:\/\/www.chespa.eu\/ro\/projektowanie-opakowan-i-projektowanie-graficzne\/"]}]},{"@type":"ImageObject","inLanguage":"ro-RO","@id":"https:\/\/www.chespa.eu\/ro\/projektowanie-opakowan-i-projektowanie-graficzne\/#primaryimage","url":"http:\/\/chespa.eu\/wp-content\/uploads\/2016\/02\/795.png","contentUrl":"http:\/\/chespa.eu\/wp-content\/uploads\/2016\/02\/795.png"},{"@type":"BreadcrumbList","@id":"https:\/\/www.chespa.eu\/ro\/projektowanie-opakowan-i-projektowanie-graficzne\/#breadcrumb","itemListElement":[{"@type":"ListItem","position":1,"name":"Strona g\u0142\u00f3wna","item":"https:\/\/www.chespa.eu\/"},{"@type":"ListItem","position":2,"name":"Design de ambalaj \u0219i de design grafic"}]},{"@type":"WebSite","@id":"https:\/\/www.chespa.eu\/#website","url":"https:\/\/www.chespa.eu\/","name":"Chespa - printing inks, clichees, cutting dies","description":"","potentialAction":[{"@type":"SearchAction","target":{"@type":"EntryPoint","urlTemplate":"https:\/\/www.chespa.eu\/?s={search_term_string}"},"query-input":{"@type":"PropertyValueSpecification","valueRequired":true,"valueName":"search_term_string"}}],"inLanguage":"ro-RO"}]}},"_links":{"self":[{"href":"https:\/\/www.chespa.eu\/ro\/wp-json\/wp\/v2\/pages\/1036","targetHints":{"allow":["GET"]}}],"collection":[{"href":"https:\/\/www.chespa.eu\/ro\/wp-json\/wp\/v2\/pages"}],"about":[{"href":"https:\/\/www.chespa.eu\/ro\/wp-json\/wp\/v2\/types\/page"}],"author":[{"embeddable":true,"href":"https:\/\/www.chespa.eu\/ro\/wp-json\/wp\/v2\/users\/6"}],"replies":[{"embeddable":true,"href":"https:\/\/www.chespa.eu\/ro\/wp-json\/wp\/v2\/comments?post=1036"}],"version-history":[{"count":5,"href":"https:\/\/www.chespa.eu\/ro\/wp-json\/wp\/v2\/pages\/1036\/revisions"}],"predecessor-version":[{"id":3030,"href":"https:\/\/www.chespa.eu\/ro\/wp-json\/wp\/v2\/pages\/1036\/revisions\/3030"}],"wp:attachment":[{"href":"https:\/\/www.chespa.eu\/ro\/wp-json\/wp\/v2\/media?parent=1036"}],"curies":[{"name":"wp","href":"https:\/\/api.w.org\/{rel}","templated":true}]}}