{"id":1023,"date":"2016-02-15T10:44:36","date_gmt":"2016-02-15T09:44:36","guid":{"rendered":"http:\/\/chespa.eu\/ro\/profile-maszyn-drukarskich\/"},"modified":"2023-03-16T10:54:10","modified_gmt":"2023-03-16T09:54:10","slug":"profile-maszyn-drukarskich","status":"publish","type":"page","link":"https:\/\/www.chespa.eu\/ro\/produse\/placi-de-imprimare\/profile-maszyn-drukarskich\/","title":{"rendered":"Profile \u0219i teste ale ma\u0219inilor de tip\u0103rire"},"content":{"rendered":"<p>Test de imprimare \u201e<strong>fingerprint<\/strong>\u201c<\/p>\n<p>Testele constau \u00een diferite elemente care permit determinarea capacit\u0103\u021bilor de culoare ale ma\u0219inii, calitatea imprim\u0103rii, echilibrul de gri, etc.<\/p>\n<p>Tip\u0103riturile trebuie s\u0103 fie produse la standarde de produc\u021bie, pe o varietate de materiale, inclusiv finisaje (l\u0103cuire, laminare).<\/p>\n<p>Dup\u0103 analiz\u0103, se creeaz\u0103 profiluri \u00een vederea asigur\u0103rii c\u0103 proba de imprimare (proof-ul) corespunde imprim\u0103rii finale pe ma\u0219in\u0103.<\/p>\n<p>Utiliz\u0103m un proof GMG cu simulare de puncte de raster. Celelalte elemente ale testului ne permit s\u0103 determin\u0103m, de exemplu, intensitatea maxim\u0103 a culorilor, reducerea l\u0103\u021bimii liniilor \u00een codurile EAN, dimensiunea minim\u0103 a textului, grosimea liniilor etc. Cel mai important element al \u00eentregului proces este men\u021binerea reproductibilit\u0103\u021bii, \u0219i anume asigurarea faptului c\u0103 parametrii de imprimare &#8221; fingerprint&#8221;, cum ar fi: densitatea optic\u0103 a cernelii, culoarea, varia\u021bia punctului, secven\u021ba de culori, sunt comparabili cu parametrii de imprimare de produc\u021bie \u00een viitor. \u00cen cazul \u00een care orice element semnificativ al procesului s-a modificat, testul trebuie repetat. Se recomand\u0103 repetarea testelor la fiecare 6-8 luni pentru autocontrolul repetabilit\u0103\u021bii produc\u021biei.<\/p>\n<p>&nbsp;<\/p>\n<p>&nbsp;<\/p>\n","protected":false},"excerpt":{"rendered":"<p>Test de imprimare \u201efingerprint\u201c Testele constau \u00een diferite elemente care permit determinarea capacit\u0103\u021bilor de culoare ale ma\u0219inii, calitatea imprim\u0103rii, echilibrul de gri, etc. Tip\u0103riturile trebuie s\u0103 fie produse la standarde de produc\u021bie, pe o varietate de materiale, inclusiv finisaje (l\u0103cuire, laminare). Dup\u0103 analiz\u0103, se creeaz\u0103 profiluri \u00een vederea asigur\u0103rii c\u0103 proba de imprimare (proof-ul) corespunde [&hellip;]<\/p>\n","protected":false},"author":6,"featured_media":12613,"parent":18800,"menu_order":0,"comment_status":"closed","ping_status":"closed","template":"","meta":{"_acf_changed":false,"footnotes":""},"class_list":["post-1023","page","type-page","status-publish","has-post-thumbnail","hentry"],"acf":[],"yoast_head":"<!-- This site is optimized with the Yoast SEO plugin v27.3 - https:\/\/yoast.com\/product\/yoast-seo-wordpress\/ -->\n<title>Profile \u0219i teste ale ma\u0219inilor de tip\u0103rire - Chespa - printing inks, clichees, cutting dies<\/title>\n<meta name=\"robots\" content=\"index, follow, max-snippet:-1, max-image-preview:large, max-video-preview:-1\" \/>\n<link rel=\"canonical\" href=\"https:\/\/www.chespa.eu\/ro\/profile-maszyn-drukarskich\/\" \/>\n<meta property=\"og:locale\" content=\"ro_RO\" \/>\n<meta property=\"og:type\" content=\"article\" \/>\n<meta property=\"og:title\" content=\"Profile \u0219i teste ale ma\u0219inilor de tip\u0103rire - Chespa - printing inks, clichees, cutting dies\" \/>\n<meta property=\"og:description\" content=\"Test de imprimare \u201efingerprint\u201c Testele constau \u00een diferite elemente care permit determinarea capacit\u0103\u021bilor de culoare ale ma\u0219inii, calitatea imprim\u0103rii, echilibrul de gri, etc. Tip\u0103riturile trebuie s\u0103 fie produse la standarde de produc\u021bie, pe o varietate de materiale, inclusiv finisaje (l\u0103cuire, laminare). Dup\u0103 analiz\u0103, se creeaz\u0103 profiluri \u00een vederea asigur\u0103rii c\u0103 proba de imprimare (proof-ul) corespunde [&hellip;]\" \/>\n<meta property=\"og:url\" content=\"https:\/\/www.chespa.eu\/ro\/profile-maszyn-drukarskich\/\" \/>\n<meta property=\"og:site_name\" content=\"Chespa - printing inks, clichees, cutting dies\" \/>\n<meta property=\"article:modified_time\" content=\"2023-03-16T09:54:10+00:00\" \/>\n<meta property=\"og:image\" content=\"https:\/\/www.chespa.eu\/wp-content\/uploads\/2019\/03\/profile.png\" \/>\n\t<meta property=\"og:image:width\" content=\"1920\" \/>\n\t<meta property=\"og:image:height\" content=\"295\" \/>\n\t<meta property=\"og:image:type\" content=\"image\/png\" \/>\n<meta name=\"twitter:card\" content=\"summary_large_image\" \/>\n<meta name=\"twitter:label1\" content=\"Est. reading time\" \/>\n\t<meta name=\"twitter:data1\" content=\"1 minute\" \/>\n<script type=\"application\/ld+json\" class=\"yoast-schema-graph\">{\"@context\":\"https:\\\/\\\/schema.org\",\"@graph\":[{\"@type\":\"WebPage\",\"@id\":\"https:\\\/\\\/www.chespa.eu\\\/ro\\\/profile-maszyn-drukarskich\\\/\",\"url\":\"https:\\\/\\\/www.chespa.eu\\\/ro\\\/profile-maszyn-drukarskich\\\/\",\"name\":\"Profile \u0219i teste ale ma\u0219inilor de tip\u0103rire - Chespa - printing inks, clichees, cutting dies\",\"isPartOf\":{\"@id\":\"https:\\\/\\\/www.chespa.eu\\\/#website\"},\"primaryImageOfPage\":{\"@id\":\"https:\\\/\\\/www.chespa.eu\\\/ro\\\/profile-maszyn-drukarskich\\\/#primaryimage\"},\"image\":{\"@id\":\"https:\\\/\\\/www.chespa.eu\\\/ro\\\/profile-maszyn-drukarskich\\\/#primaryimage\"},\"thumbnailUrl\":\"https:\\\/\\\/www.chespa.eu\\\/wp-content\\\/uploads\\\/2019\\\/03\\\/profile.png\",\"datePublished\":\"2016-02-15T09:44:36+00:00\",\"dateModified\":\"2023-03-16T09:54:10+00:00\",\"breadcrumb\":{\"@id\":\"https:\\\/\\\/www.chespa.eu\\\/ro\\\/profile-maszyn-drukarskich\\\/#breadcrumb\"},\"inLanguage\":\"ro-RO\",\"potentialAction\":[{\"@type\":\"ReadAction\",\"target\":[\"https:\\\/\\\/www.chespa.eu\\\/ro\\\/profile-maszyn-drukarskich\\\/\"]}]},{\"@type\":\"ImageObject\",\"inLanguage\":\"ro-RO\",\"@id\":\"https:\\\/\\\/www.chespa.eu\\\/ro\\\/profile-maszyn-drukarskich\\\/#primaryimage\",\"url\":\"https:\\\/\\\/www.chespa.eu\\\/wp-content\\\/uploads\\\/2019\\\/03\\\/profile.png\",\"contentUrl\":\"https:\\\/\\\/www.chespa.eu\\\/wp-content\\\/uploads\\\/2019\\\/03\\\/profile.png\",\"width\":1920,\"height\":295},{\"@type\":\"BreadcrumbList\",\"@id\":\"https:\\\/\\\/www.chespa.eu\\\/ro\\\/profile-maszyn-drukarskich\\\/#breadcrumb\",\"itemListElement\":[{\"@type\":\"ListItem\",\"position\":1,\"name\":\"Strona g\u0142\u00f3wna\",\"item\":\"https:\\\/\\\/www.chespa.eu\\\/\"},{\"@type\":\"ListItem\",\"position\":2,\"name\":\"Profile \u0219i teste ale ma\u0219inilor de tip\u0103rire\"}]},{\"@type\":\"WebSite\",\"@id\":\"https:\\\/\\\/www.chespa.eu\\\/#website\",\"url\":\"https:\\\/\\\/www.chespa.eu\\\/\",\"name\":\"Chespa - printing inks, clichees, cutting dies\",\"description\":\"\",\"potentialAction\":[{\"@type\":\"SearchAction\",\"target\":{\"@type\":\"EntryPoint\",\"urlTemplate\":\"https:\\\/\\\/www.chespa.eu\\\/?s={search_term_string}\"},\"query-input\":{\"@type\":\"PropertyValueSpecification\",\"valueRequired\":true,\"valueName\":\"search_term_string\"}}],\"inLanguage\":\"ro-RO\"}]}<\/script>\n<!-- \/ Yoast SEO plugin. -->","yoast_head_json":{"title":"Profile \u0219i teste ale ma\u0219inilor de tip\u0103rire - Chespa - printing inks, clichees, cutting dies","robots":{"index":"index","follow":"follow","max-snippet":"max-snippet:-1","max-image-preview":"max-image-preview:large","max-video-preview":"max-video-preview:-1"},"canonical":"https:\/\/www.chespa.eu\/ro\/profile-maszyn-drukarskich\/","og_locale":"ro_RO","og_type":"article","og_title":"Profile \u0219i teste ale ma\u0219inilor de tip\u0103rire - Chespa - printing inks, clichees, cutting dies","og_description":"Test de imprimare \u201efingerprint\u201c Testele constau \u00een diferite elemente care permit determinarea capacit\u0103\u021bilor de culoare ale ma\u0219inii, calitatea imprim\u0103rii, echilibrul de gri, etc. Tip\u0103riturile trebuie s\u0103 fie produse la standarde de produc\u021bie, pe o varietate de materiale, inclusiv finisaje (l\u0103cuire, laminare). Dup\u0103 analiz\u0103, se creeaz\u0103 profiluri \u00een vederea asigur\u0103rii c\u0103 proba de imprimare (proof-ul) corespunde [&hellip;]","og_url":"https:\/\/www.chespa.eu\/ro\/profile-maszyn-drukarskich\/","og_site_name":"Chespa - printing inks, clichees, cutting dies","article_modified_time":"2023-03-16T09:54:10+00:00","og_image":[{"width":1920,"height":295,"url":"https:\/\/www.chespa.eu\/wp-content\/uploads\/2019\/03\/profile.png","type":"image\/png"}],"twitter_card":"summary_large_image","twitter_misc":{"Est. reading time":"1 minute"},"schema":{"@context":"https:\/\/schema.org","@graph":[{"@type":"WebPage","@id":"https:\/\/www.chespa.eu\/ro\/profile-maszyn-drukarskich\/","url":"https:\/\/www.chespa.eu\/ro\/profile-maszyn-drukarskich\/","name":"Profile \u0219i teste ale ma\u0219inilor de tip\u0103rire - Chespa - printing inks, clichees, cutting dies","isPartOf":{"@id":"https:\/\/www.chespa.eu\/#website"},"primaryImageOfPage":{"@id":"https:\/\/www.chespa.eu\/ro\/profile-maszyn-drukarskich\/#primaryimage"},"image":{"@id":"https:\/\/www.chespa.eu\/ro\/profile-maszyn-drukarskich\/#primaryimage"},"thumbnailUrl":"https:\/\/www.chespa.eu\/wp-content\/uploads\/2019\/03\/profile.png","datePublished":"2016-02-15T09:44:36+00:00","dateModified":"2023-03-16T09:54:10+00:00","breadcrumb":{"@id":"https:\/\/www.chespa.eu\/ro\/profile-maszyn-drukarskich\/#breadcrumb"},"inLanguage":"ro-RO","potentialAction":[{"@type":"ReadAction","target":["https:\/\/www.chespa.eu\/ro\/profile-maszyn-drukarskich\/"]}]},{"@type":"ImageObject","inLanguage":"ro-RO","@id":"https:\/\/www.chespa.eu\/ro\/profile-maszyn-drukarskich\/#primaryimage","url":"https:\/\/www.chespa.eu\/wp-content\/uploads\/2019\/03\/profile.png","contentUrl":"https:\/\/www.chespa.eu\/wp-content\/uploads\/2019\/03\/profile.png","width":1920,"height":295},{"@type":"BreadcrumbList","@id":"https:\/\/www.chespa.eu\/ro\/profile-maszyn-drukarskich\/#breadcrumb","itemListElement":[{"@type":"ListItem","position":1,"name":"Strona g\u0142\u00f3wna","item":"https:\/\/www.chespa.eu\/"},{"@type":"ListItem","position":2,"name":"Profile \u0219i teste ale ma\u0219inilor de tip\u0103rire"}]},{"@type":"WebSite","@id":"https:\/\/www.chespa.eu\/#website","url":"https:\/\/www.chespa.eu\/","name":"Chespa - printing inks, clichees, cutting dies","description":"","potentialAction":[{"@type":"SearchAction","target":{"@type":"EntryPoint","urlTemplate":"https:\/\/www.chespa.eu\/?s={search_term_string}"},"query-input":{"@type":"PropertyValueSpecification","valueRequired":true,"valueName":"search_term_string"}}],"inLanguage":"ro-RO"}]}},"_links":{"self":[{"href":"https:\/\/www.chespa.eu\/ro\/wp-json\/wp\/v2\/pages\/1023","targetHints":{"allow":["GET"]}}],"collection":[{"href":"https:\/\/www.chespa.eu\/ro\/wp-json\/wp\/v2\/pages"}],"about":[{"href":"https:\/\/www.chespa.eu\/ro\/wp-json\/wp\/v2\/types\/page"}],"author":[{"embeddable":true,"href":"https:\/\/www.chespa.eu\/ro\/wp-json\/wp\/v2\/users\/6"}],"replies":[{"embeddable":true,"href":"https:\/\/www.chespa.eu\/ro\/wp-json\/wp\/v2\/comments?post=1023"}],"version-history":[{"count":9,"href":"https:\/\/www.chespa.eu\/ro\/wp-json\/wp\/v2\/pages\/1023\/revisions"}],"predecessor-version":[{"id":17041,"href":"https:\/\/www.chespa.eu\/ro\/wp-json\/wp\/v2\/pages\/1023\/revisions\/17041"}],"up":[{"embeddable":true,"href":"https:\/\/www.chespa.eu\/ro\/wp-json\/wp\/v2\/pages\/18800"}],"wp:featuredmedia":[{"embeddable":true,"href":"https:\/\/www.chespa.eu\/ro\/wp-json\/wp\/v2\/media\/12613"}],"wp:attachment":[{"href":"https:\/\/www.chespa.eu\/ro\/wp-json\/wp\/v2\/media?parent=1023"}],"curies":[{"name":"wp","href":"https:\/\/api.w.org\/{rel}","templated":true}]}}