{"id":1009,"date":"2016-02-15T13:27:39","date_gmt":"2016-02-15T12:27:39","guid":{"rendered":"http:\/\/chespa.eu\/ro\/polityka-zrownowazonego-rozwoju\/"},"modified":"2022-11-09T14:53:51","modified_gmt":"2022-11-09T13:53:51","slug":"raport-zrownowazonego-rozwoju","status":"publish","type":"page","link":"https:\/\/www.chespa.eu\/ro\/raport-zrownowazonego-rozwoju\/","title":{"rendered":"Raport de sustenabilitate"},"content":{"rendered":"<p>Sustenabilitatea, a\u0219a cum este v\u0103zut\u0103 prin ochii Chespa, \u00eenseamn\u0103 posibilitatea de dezvoltare economic\u0103 \u0219i social\u0103 prin gestionarea ra\u021bional\u0103 a resurselor naturale limitate ale planetei noastre. Intensitatea exploat\u0103rii resurselor P\u0103m\u00e2ntului este enorm\u0103 \u0219i adesea f\u0103r\u0103 limit\u0103, iar \u00een multe \u021b\u0103ri natura \u0219i-a dep\u0103\u0219it deja capacitatea de regenerare. Popula\u021bia este \u00een cre\u0219tere rapid\u0103, iar cre\u0219terea bog\u0103\u021biei societ\u0103\u021bilor se traduce printr-o cre\u0219tere a consumului. \u00cen consecin\u021b\u0103, problema disponibilit\u0103\u021bii resurselor naturale va cre\u0219te \u00een urm\u0103torii ani. Schimb\u0103rile care au loc nu reprezint\u0103 doar o provocare pentru viitor, ci \u0219i o mare oportunitate. Con\u0219tientizarea acestor procese va fi cheia unei dezvolt\u0103ri durabile, care s\u0103 aib\u0103 loc f\u0103r\u0103 a afecta calitatea vie\u021bii oamenilor. Companiile trebuie s\u0103 g\u0103seasc\u0103 o modalitate de a se dezvolta \u0219i de a \u00eembun\u0103t\u0103\u021bi calitatea vie\u021bii f\u0103r\u0103 a consuma \u0219i mai multe resurse \u0219i f\u0103r\u0103 a cre\u0219te emisiile. V\u0103 prezent\u0103m un raport cu privire la ac\u021biunile pe care Grupul Chespa le \u00eentreprinde cu deplin\u0103 con\u0219tientizare \u0219i grij\u0103 fa\u021b\u0103 de realitatea din jurul nostru.<\/p>\n<p><a class=\"mtli_attachment mtli_pdf mtli_attachment mtli_pdf\" href=\"http:\/\/chespa.eu\/wp-content\/uploads\/2016\/02\/Raport-2013.pdf\">Raport 2013<\/a><\/p>\n<p><a class=\"mtli_attachment mtli_pdf mtli_attachment mtli_pdf\" href=\"https:\/\/www.chespa.eu\/wp-content\/uploads\/2019\/09\/Raport-2014-2018-1.pdf\" target=\"\" rel=\"noopener\">Raport 2014 2018<\/a><\/p>\n","protected":false},"excerpt":{"rendered":"<p>Sustenabilitatea, a\u0219a cum este v\u0103zut\u0103 prin ochii Chespa, \u00eenseamn\u0103 posibilitatea de dezvoltare economic\u0103 \u0219i social\u0103 prin gestionarea ra\u021bional\u0103 a resurselor naturale limitate ale planetei noastre. Intensitatea exploat\u0103rii resurselor P\u0103m\u00e2ntului este enorm\u0103 \u0219i adesea f\u0103r\u0103 limit\u0103, iar \u00een multe \u021b\u0103ri natura \u0219i-a dep\u0103\u0219it deja capacitatea de regenerare. Popula\u021bia este \u00een cre\u0219tere rapid\u0103, iar cre\u0219terea bog\u0103\u021biei societ\u0103\u021bilor [&hellip;]<\/p>\n","protected":false},"author":6,"featured_media":15996,"parent":0,"menu_order":0,"comment_status":"closed","ping_status":"closed","template":"","meta":{"_acf_changed":false,"footnotes":""},"class_list":["post-1009","page","type-page","status-publish","has-post-thumbnail","hentry"],"acf":[],"yoast_head":"<!-- This site is optimized with the Yoast SEO plugin v27.3 - https:\/\/yoast.com\/product\/yoast-seo-wordpress\/ -->\n<title>Raport de sustenabilitate - Chespa - printing inks, clichees, cutting dies<\/title>\n<meta name=\"robots\" content=\"index, follow, max-snippet:-1, max-image-preview:large, max-video-preview:-1\" \/>\n<link rel=\"canonical\" href=\"https:\/\/www.chespa.eu\/ro\/raport-zrownowazonego-rozwoju\/\" \/>\n<meta property=\"og:locale\" content=\"ro_RO\" \/>\n<meta property=\"og:type\" content=\"article\" \/>\n<meta property=\"og:title\" content=\"Raport de sustenabilitate - Chespa - printing inks, clichees, cutting dies\" \/>\n<meta property=\"og:description\" content=\"Sustenabilitatea, a\u0219a cum este v\u0103zut\u0103 prin ochii Chespa, \u00eenseamn\u0103 posibilitatea de dezvoltare economic\u0103 \u0219i social\u0103 prin gestionarea ra\u021bional\u0103 a resurselor naturale limitate ale planetei noastre. Intensitatea exploat\u0103rii resurselor P\u0103m\u00e2ntului este enorm\u0103 \u0219i adesea f\u0103r\u0103 limit\u0103, iar \u00een multe \u021b\u0103ri natura \u0219i-a dep\u0103\u0219it deja capacitatea de regenerare. Popula\u021bia este \u00een cre\u0219tere rapid\u0103, iar cre\u0219terea bog\u0103\u021biei societ\u0103\u021bilor [&hellip;]\" \/>\n<meta property=\"og:url\" content=\"https:\/\/www.chespa.eu\/ro\/raport-zrownowazonego-rozwoju\/\" \/>\n<meta property=\"og:site_name\" content=\"Chespa - printing inks, clichees, cutting dies\" \/>\n<meta property=\"article:modified_time\" content=\"2022-11-09T13:53:51+00:00\" \/>\n<meta property=\"og:image\" content=\"https:\/\/www.chespa.eu\/wp-content\/uploads\/2022\/04\/nature-and-technology-.jpg\" \/>\n\t<meta property=\"og:image:width\" content=\"1920\" \/>\n\t<meta property=\"og:image:height\" content=\"295\" \/>\n\t<meta property=\"og:image:type\" content=\"image\/jpeg\" \/>\n<meta name=\"twitter:card\" content=\"summary_large_image\" \/>\n<meta name=\"twitter:label1\" content=\"Est. reading time\" \/>\n\t<meta name=\"twitter:data1\" content=\"1 minute\" \/>\n<script type=\"application\/ld+json\" class=\"yoast-schema-graph\">{\"@context\":\"https:\\\/\\\/schema.org\",\"@graph\":[{\"@type\":\"WebPage\",\"@id\":\"https:\\\/\\\/www.chespa.eu\\\/ro\\\/raport-zrownowazonego-rozwoju\\\/\",\"url\":\"https:\\\/\\\/www.chespa.eu\\\/ro\\\/raport-zrownowazonego-rozwoju\\\/\",\"name\":\"Raport de sustenabilitate - Chespa - printing inks, clichees, cutting dies\",\"isPartOf\":{\"@id\":\"https:\\\/\\\/www.chespa.eu\\\/#website\"},\"primaryImageOfPage\":{\"@id\":\"https:\\\/\\\/www.chespa.eu\\\/ro\\\/raport-zrownowazonego-rozwoju\\\/#primaryimage\"},\"image\":{\"@id\":\"https:\\\/\\\/www.chespa.eu\\\/ro\\\/raport-zrownowazonego-rozwoju\\\/#primaryimage\"},\"thumbnailUrl\":\"https:\\\/\\\/www.chespa.eu\\\/wp-content\\\/uploads\\\/2022\\\/04\\\/nature-and-technology-.jpg\",\"datePublished\":\"2016-02-15T12:27:39+00:00\",\"dateModified\":\"2022-11-09T13:53:51+00:00\",\"breadcrumb\":{\"@id\":\"https:\\\/\\\/www.chespa.eu\\\/ro\\\/raport-zrownowazonego-rozwoju\\\/#breadcrumb\"},\"inLanguage\":\"ro-RO\",\"potentialAction\":[{\"@type\":\"ReadAction\",\"target\":[\"https:\\\/\\\/www.chespa.eu\\\/ro\\\/raport-zrownowazonego-rozwoju\\\/\"]}]},{\"@type\":\"ImageObject\",\"inLanguage\":\"ro-RO\",\"@id\":\"https:\\\/\\\/www.chespa.eu\\\/ro\\\/raport-zrownowazonego-rozwoju\\\/#primaryimage\",\"url\":\"https:\\\/\\\/www.chespa.eu\\\/wp-content\\\/uploads\\\/2022\\\/04\\\/nature-and-technology-.jpg\",\"contentUrl\":\"https:\\\/\\\/www.chespa.eu\\\/wp-content\\\/uploads\\\/2022\\\/04\\\/nature-and-technology-.jpg\",\"width\":1920,\"height\":295},{\"@type\":\"BreadcrumbList\",\"@id\":\"https:\\\/\\\/www.chespa.eu\\\/ro\\\/raport-zrownowazonego-rozwoju\\\/#breadcrumb\",\"itemListElement\":[{\"@type\":\"ListItem\",\"position\":1,\"name\":\"Strona g\u0142\u00f3wna\",\"item\":\"https:\\\/\\\/www.chespa.eu\\\/\"},{\"@type\":\"ListItem\",\"position\":2,\"name\":\"Raport de sustenabilitate\"}]},{\"@type\":\"WebSite\",\"@id\":\"https:\\\/\\\/www.chespa.eu\\\/#website\",\"url\":\"https:\\\/\\\/www.chespa.eu\\\/\",\"name\":\"Chespa - printing inks, clichees, cutting dies\",\"description\":\"\",\"potentialAction\":[{\"@type\":\"SearchAction\",\"target\":{\"@type\":\"EntryPoint\",\"urlTemplate\":\"https:\\\/\\\/www.chespa.eu\\\/?s={search_term_string}\"},\"query-input\":{\"@type\":\"PropertyValueSpecification\",\"valueRequired\":true,\"valueName\":\"search_term_string\"}}],\"inLanguage\":\"ro-RO\"}]}<\/script>\n<!-- \/ Yoast SEO plugin. -->","yoast_head_json":{"title":"Raport de sustenabilitate - Chespa - printing inks, clichees, cutting dies","robots":{"index":"index","follow":"follow","max-snippet":"max-snippet:-1","max-image-preview":"max-image-preview:large","max-video-preview":"max-video-preview:-1"},"canonical":"https:\/\/www.chespa.eu\/ro\/raport-zrownowazonego-rozwoju\/","og_locale":"ro_RO","og_type":"article","og_title":"Raport de sustenabilitate - Chespa - printing inks, clichees, cutting dies","og_description":"Sustenabilitatea, a\u0219a cum este v\u0103zut\u0103 prin ochii Chespa, \u00eenseamn\u0103 posibilitatea de dezvoltare economic\u0103 \u0219i social\u0103 prin gestionarea ra\u021bional\u0103 a resurselor naturale limitate ale planetei noastre. Intensitatea exploat\u0103rii resurselor P\u0103m\u00e2ntului este enorm\u0103 \u0219i adesea f\u0103r\u0103 limit\u0103, iar \u00een multe \u021b\u0103ri natura \u0219i-a dep\u0103\u0219it deja capacitatea de regenerare. Popula\u021bia este \u00een cre\u0219tere rapid\u0103, iar cre\u0219terea bog\u0103\u021biei societ\u0103\u021bilor [&hellip;]","og_url":"https:\/\/www.chespa.eu\/ro\/raport-zrownowazonego-rozwoju\/","og_site_name":"Chespa - printing inks, clichees, cutting dies","article_modified_time":"2022-11-09T13:53:51+00:00","og_image":[{"width":1920,"height":295,"url":"https:\/\/www.chespa.eu\/wp-content\/uploads\/2022\/04\/nature-and-technology-.jpg","type":"image\/jpeg"}],"twitter_card":"summary_large_image","twitter_misc":{"Est. reading time":"1 minute"},"schema":{"@context":"https:\/\/schema.org","@graph":[{"@type":"WebPage","@id":"https:\/\/www.chespa.eu\/ro\/raport-zrownowazonego-rozwoju\/","url":"https:\/\/www.chespa.eu\/ro\/raport-zrownowazonego-rozwoju\/","name":"Raport de sustenabilitate - Chespa - printing inks, clichees, cutting dies","isPartOf":{"@id":"https:\/\/www.chespa.eu\/#website"},"primaryImageOfPage":{"@id":"https:\/\/www.chespa.eu\/ro\/raport-zrownowazonego-rozwoju\/#primaryimage"},"image":{"@id":"https:\/\/www.chespa.eu\/ro\/raport-zrownowazonego-rozwoju\/#primaryimage"},"thumbnailUrl":"https:\/\/www.chespa.eu\/wp-content\/uploads\/2022\/04\/nature-and-technology-.jpg","datePublished":"2016-02-15T12:27:39+00:00","dateModified":"2022-11-09T13:53:51+00:00","breadcrumb":{"@id":"https:\/\/www.chespa.eu\/ro\/raport-zrownowazonego-rozwoju\/#breadcrumb"},"inLanguage":"ro-RO","potentialAction":[{"@type":"ReadAction","target":["https:\/\/www.chespa.eu\/ro\/raport-zrownowazonego-rozwoju\/"]}]},{"@type":"ImageObject","inLanguage":"ro-RO","@id":"https:\/\/www.chespa.eu\/ro\/raport-zrownowazonego-rozwoju\/#primaryimage","url":"https:\/\/www.chespa.eu\/wp-content\/uploads\/2022\/04\/nature-and-technology-.jpg","contentUrl":"https:\/\/www.chespa.eu\/wp-content\/uploads\/2022\/04\/nature-and-technology-.jpg","width":1920,"height":295},{"@type":"BreadcrumbList","@id":"https:\/\/www.chespa.eu\/ro\/raport-zrownowazonego-rozwoju\/#breadcrumb","itemListElement":[{"@type":"ListItem","position":1,"name":"Strona g\u0142\u00f3wna","item":"https:\/\/www.chespa.eu\/"},{"@type":"ListItem","position":2,"name":"Raport de sustenabilitate"}]},{"@type":"WebSite","@id":"https:\/\/www.chespa.eu\/#website","url":"https:\/\/www.chespa.eu\/","name":"Chespa - printing inks, clichees, cutting dies","description":"","potentialAction":[{"@type":"SearchAction","target":{"@type":"EntryPoint","urlTemplate":"https:\/\/www.chespa.eu\/?s={search_term_string}"},"query-input":{"@type":"PropertyValueSpecification","valueRequired":true,"valueName":"search_term_string"}}],"inLanguage":"ro-RO"}]}},"_links":{"self":[{"href":"https:\/\/www.chespa.eu\/ro\/wp-json\/wp\/v2\/pages\/1009","targetHints":{"allow":["GET"]}}],"collection":[{"href":"https:\/\/www.chespa.eu\/ro\/wp-json\/wp\/v2\/pages"}],"about":[{"href":"https:\/\/www.chespa.eu\/ro\/wp-json\/wp\/v2\/types\/page"}],"author":[{"embeddable":true,"href":"https:\/\/www.chespa.eu\/ro\/wp-json\/wp\/v2\/users\/6"}],"replies":[{"embeddable":true,"href":"https:\/\/www.chespa.eu\/ro\/wp-json\/wp\/v2\/comments?post=1009"}],"version-history":[{"count":9,"href":"https:\/\/www.chespa.eu\/ro\/wp-json\/wp\/v2\/pages\/1009\/revisions"}],"predecessor-version":[{"id":16778,"href":"https:\/\/www.chespa.eu\/ro\/wp-json\/wp\/v2\/pages\/1009\/revisions\/16778"}],"wp:featuredmedia":[{"embeddable":true,"href":"https:\/\/www.chespa.eu\/ro\/wp-json\/wp\/v2\/media\/15996"}],"wp:attachment":[{"href":"https:\/\/www.chespa.eu\/ro\/wp-json\/wp\/v2\/media?parent=1009"}],"curies":[{"name":"wp","href":"https:\/\/api.w.org\/{rel}","templated":true}]}}